{"id":118250,"date":"2022-03-09T09:07:05","date_gmt":"2022-03-09T09:07:05","guid":{"rendered":"https:\/\/all-car-news.com\/trouveur-de-voiture\/volkswagen\/kia-ceed\/"},"modified":"2022-03-09T09:07:10","modified_gmt":"2022-03-09T09:07:10","slug":"kia-ceed","status":"publish","type":"page","link":"https:\/\/all-car-news.com\/fr\/trouveur-de-voiture\/volkswagen\/kia-ceed\/","title":{"rendered":"Kia Ceed"},"content":{"rendered":"\n<p>En 2006, le successeur de Kia pour le Cerato est apparu. C&rsquo;\u00e9tait la premi\u00e8re voiture enti\u00e8rement d\u00e9velopp\u00e9e de la marque en Europe et le mod\u00e8le n&rsquo;est \u00e9galement vendu que sur notre continent. La voiture portait le nom distinctif de Cee&rsquo;d. Comment est n\u00e9 ce nom ? Kia a donn\u00e9 \u00e0 la voiture le nom de son march\u00e9 : la Communaut\u00e9 \u00e9conomique europ\u00e9enne, \u00e9galement appel\u00e9e CEE ou CEE. Le design europ\u00e9en a \u00e9t\u00e9 ajout\u00e9 \u00e0 cela, ce qui a donn\u00e9 le CEEED. Parce qu&rsquo;il y avait beaucoup de E, Kia a remplac\u00e9 l&rsquo;un d&rsquo;eux par une apostrophe. Alors. La variante \u00e0 trois portes a travers\u00e9 la vie sous le nom de Pro_Cee&rsquo;d et le break \u00ab\u00a0juste\u00a0\u00bb sous le nom de Cee&rsquo;d SW.<\/p>\n\n<p>En 2006, le successeur de Kia pour le Cerato est apparu. C&rsquo;\u00e9tait la premi\u00e8re voiture enti\u00e8rement d\u00e9velopp\u00e9e de la marque en Europe et le mod\u00e8le n&rsquo;est \u00e9galement vendu que sur notre continent. La voiture portait le nom distinctif de Cee&rsquo;d. Comment est n\u00e9 ce nom ? Kia a donn\u00e9 \u00e0 la voiture le nom de son march\u00e9 : la Communaut\u00e9 \u00e9conomique europ\u00e9enne, \u00e9galement appel\u00e9e CEE ou CEE. Le design europ\u00e9en a \u00e9t\u00e9 ajout\u00e9 \u00e0 cela, ce qui a donn\u00e9 le CEEED. Parce qu&rsquo;il y avait beaucoup de E, Kia a remplac\u00e9 l&rsquo;un d&rsquo;eux par une apostrophe. Alors. La variante \u00e0 trois portes a travers\u00e9 la vie sous le nom de Pro_Cee&rsquo;d et le break \u00ab\u00a0juste\u00a0\u00bb sous le nom de Cee&rsquo;d SW.<\/p>\n\n<h2 class=\"wp-block-heading\"><strong>en haut<\/strong><br\/><\/h2>\n\n<p>Avec la deuxi\u00e8me g\u00e9n\u00e9ration de 2012, Kia a positionn\u00e9 la Cee&rsquo;d l\u00e9g\u00e8rement plus haut. Pour le prix plus \u00e9lev\u00e9, un \u00e9quipement un peu plus riche et des caract\u00e9ristiques de maniabilit\u00e9 am\u00e9lior\u00e9es. Une nouvelle version \u00e9tait la GT pour la Pro_Cee&rsquo;d \u00e0 trois portes, avec laquelle Kia esp\u00e9rait rivaliser dans le segment des berlines sportives.<\/p>\n\n<h2 class=\"wp-block-heading\"><strong>changement de nom<\/strong><br\/><\/h2>\n\n<p>En 2018, nous avons d\u00e9couvert le mod\u00e8le actuel. \u00c0 bien des \u00e9gards, ils ont continu\u00e9 sur la m\u00eame voie, mais un certain nombre de choses ont chang\u00e9. Le nom de la voiture, par exemple, ou du moins son orthographe. L&rsquo;apostrophe a maintenant \u00e9t\u00e9 supprim\u00e9e du nom et Pro_Cee&rsquo;d s&rsquo;\u00e9crira simplement comme Proc\u00e9der. De tous les mod\u00e8les, le Proceed est le plus modifi\u00e9, car il ne s&rsquo;agit plus d&rsquo;une berline trois portes. D\u00e9sormais, le Proceed est \u00e9galement une variante de break, mais contrairement au SW r\u00e9gulier, le Proceed a une ligne de toit de type coup\u00e9 \u00e0 la Mercedes-Benz CLA Shooting Brake.<\/p>\n\n<h2 class=\"wp-block-heading\">Technique<\/h2>\n\n<figure class=\"wp-block-table is-style-stripes\"><table class=\"has-fixed-layout\"><tbody><tr><td>Type de moteur<\/td><td>essence, ligne 3 cylindres<\/td><\/tr><tr><td>D\u00e9placement<\/td><td>998cm<\/td><\/tr><tr><td>max. les atouts<\/td><td>88 kW (120 ch)<\/td><\/tr><tr><td>abeille<\/td><td>6 000 tr\/min<\/td><\/tr><tr><td>max. coupler<\/td><td>172 Nm<\/td><\/tr><tr><td>abeille<\/td><td>1\u00a0500 tr\/min<\/td><\/tr><tr><td>Conduire<\/td><td>roues avant<\/td><\/tr><tr><td>Freins de\/a<\/td><td>\u00e9tant donn\u00e9 disques\/disques<\/td><\/tr><tr><td>Cercle de braquage<\/td><td>10,6 m<\/td><\/tr><tr><td>Plage de puissance<\/td><td>88 \u00e0 150kW<\/td><\/tr><\/tbody><\/table><\/figure>\n\n<h2 class=\"wp-block-heading\">G\u00e9n\u00e9ral<\/h2>\n\n<figure class=\"wp-block-table is-style-stripes\"><table class=\"has-fixed-layout\"><tbody><tr><td>Transmission<\/td><td>6MT (option : 7AT)<\/td><\/tr><tr><td>Type de corps<\/td><td>5-dr. hayon<\/td><\/tr><tr><td>EuroNCAP<\/td><td>5 \u00e9toiles<\/td><\/tr><tr><td>Lancement sur le march\u00e9<\/td><td>juillet 2018<\/td><\/tr><tr><td>Dernier lifting<\/td><td>Octobre 2021<\/td><\/tr><tr><td>Garantie<\/td><td>7 ans<\/td><\/tr><tr><td>A partir du prix<\/td><td>24 095 \u20ac<\/td><\/tr><tr><td>Les particularit\u00e9s<\/td><td>L&rsquo;apostrophe a disparu du nom de type de la Kia Ceed.<\/td><\/tr><\/tbody><\/table><\/figure>\n\n<h2 class=\"wp-block-heading\">Dimensions\/poids<\/h2>\n\n<figure class=\"wp-block-table is-style-stripes\"><table class=\"has-fixed-layout\"><tbody><tr><td>La taille des pneus<\/td><td>205\/55R16<\/td><\/tr><tr><td>L xlxh<\/td><td>4 315 x 1 800 x 1 447 mm<\/td><\/tr><tr><td>Empattement<\/td><td>2 650 mm<\/td><\/tr><tr><td>Masse vide<\/td><td>1 198 kilogrammes<\/td><\/tr><tr><td>max. selon poids<\/td><td>1 000 kilogrammes<\/td><\/tr><tr><td>suite sac. salle.<\/td><td>395 litres<\/td><\/tr><tr><td>Capacit\u00e9 du r\u00e9servoir<\/td><td>50 litres<\/td><\/tr><\/tbody><\/table><\/figure>\n\n<h2 class=\"wp-block-heading\">Consommation<\/h2>\n\n<figure class=\"wp-block-table is-style-stripes\"><table class=\"has-fixed-layout\"><tbody><tr><td>Connecticut. combin\u00e9<\/td><td>5,3 l\/100 km<\/td><\/tr><tr><td>\u00c9missions de CO\u2082<\/td><td>120g\/km<\/td><\/tr><tr><td>Etiquette \u00e9nerg\u00e9tique<\/td><td>une<\/td><\/tr><\/tbody><\/table><\/figure>\n\n<h2 class=\"wp-block-heading\">Performance<\/h2>\n\n<figure class=\"wp-block-table is-style-stripes\"><table class=\"has-fixed-layout\"><tbody><tr><td>Acc. 0-100km\/h<\/td><td>11,2 s<\/td><\/tr><tr><td>vitesse de pointe<\/td><td>190km\/h<\/td><\/tr><\/tbody><\/table><\/figure>\n","protected":false},"excerpt":{"rendered":"<p>En 2006, le successeur de Kia pour le Cerato est apparu. C&rsquo;\u00e9tait la premi\u00e8re voiture enti\u00e8rement d\u00e9velopp\u00e9e de la marque [&hellip;]<\/p>\n","protected":false},"author":4,"featured_media":118135,"parent":117698,"menu_order":0,"comment_status":"closed","ping_status":"closed","template":"","meta":{"footnotes":""},"class_list":["post-118250","page","type-page","status-publish","has-post-thumbnail","hentry"],"acf":[],"yoast_head":"<!-- This site is optimized with the Yoast SEO plugin v21.2 - https:\/\/yoast.com\/wordpress\/plugins\/seo\/ -->\n<title>Kia Ceed - All cars news<\/title>\n<meta name=\"robots\" content=\"index, follow, max-snippet:-1, max-image-preview:large, max-video-preview:-1\" \/>\n<link rel=\"canonical\" href=\"https:\/\/all-car-news.com\/fr\/trouveur-de-voiture\/volkswagen\/kia-ceed\/\" \/>\n<meta property=\"og:locale\" content=\"fr_FR\" \/>\n<meta property=\"og:type\" content=\"article\" \/>\n<meta property=\"og:title\" content=\"Kia Ceed - All cars news\" \/>\n<meta property=\"og:description\" content=\"En 2006, le successeur de Kia pour le Cerato est apparu. C&rsquo;\u00e9tait la premi\u00e8re voiture enti\u00e8rement d\u00e9velopp\u00e9e de la marque [&hellip;]\" \/>\n<meta property=\"og:url\" content=\"https:\/\/all-car-news.com\/fr\/trouveur-de-voiture\/volkswagen\/kia-ceed\/\" \/>\n<meta property=\"og:site_name\" content=\"All cars news\" \/>\n<meta property=\"article:modified_time\" content=\"2022-03-09T09:07:10+00:00\" \/>\n<meta property=\"og:image\" content=\"https:\/\/all-car-news.com\/wp-content\/uploads\/2022\/03\/Kia-Ceed-1.jpg\" \/>\n\t<meta property=\"og:image:width\" content=\"1599\" \/>\n\t<meta property=\"og:image:height\" content=\"1164\" \/>\n\t<meta property=\"og:image:type\" content=\"image\/jpeg\" \/>\n<meta name=\"twitter:card\" content=\"summary_large_image\" \/>\n<meta name=\"twitter:label1\" content=\"Dur\u00e9e de lecture estim\u00e9e\" \/>\n\t<meta name=\"twitter:data1\" content=\"3 minutes\" \/>\n<script type=\"application\/ld+json\" class=\"yoast-schema-graph\">{\"@context\":\"https:\/\/schema.org\",\"@graph\":[{\"@type\":\"WebPage\",\"@id\":\"https:\/\/all-car-news.com\/fr\/trouveur-de-voiture\/volkswagen\/kia-ceed\/\",\"url\":\"https:\/\/all-car-news.com\/fr\/trouveur-de-voiture\/volkswagen\/kia-ceed\/\",\"name\":\"Kia Ceed - All cars news\",\"isPartOf\":{\"@id\":\"https:\/\/all-car-news.com\/fr\/#website\"},\"datePublished\":\"2022-03-09T09:07:05+00:00\",\"dateModified\":\"2022-03-09T09:07:10+00:00\",\"breadcrumb\":{\"@id\":\"https:\/\/all-car-news.com\/fr\/trouveur-de-voiture\/volkswagen\/kia-ceed\/#breadcrumb\"},\"inLanguage\":\"fr-FR\",\"potentialAction\":[{\"@type\":\"ReadAction\",\"target\":[\"https:\/\/all-car-news.com\/fr\/trouveur-de-voiture\/volkswagen\/kia-ceed\/\"]}]},{\"@type\":\"BreadcrumbList\",\"@id\":\"https:\/\/all-car-news.com\/fr\/trouveur-de-voiture\/volkswagen\/kia-ceed\/#breadcrumb\",\"itemListElement\":[{\"@type\":\"ListItem\",\"position\":1,\"name\":\"Home\",\"item\":\"https:\/\/all-car-news.com\/fr\/\"},{\"@type\":\"ListItem\",\"position\":2,\"name\":\"trouveur de voiture\",\"item\":\"https:\/\/all-car-news.com\/fr\/trouveur-de-voiture\/\"},{\"@type\":\"ListItem\",\"position\":3,\"name\":\"Volkswagen\",\"item\":\"https:\/\/all-car-news.com\/fr\/trouveur-de-voiture\/volkswagen\/\"},{\"@type\":\"ListItem\",\"position\":4,\"name\":\"Kia Ceed\"}]},{\"@type\":\"WebSite\",\"@id\":\"https:\/\/all-car-news.com\/fr\/#website\",\"url\":\"https:\/\/all-car-news.com\/fr\/\",\"name\":\"All cars news\",\"description\":\"\",\"publisher\":{\"@id\":\"https:\/\/all-car-news.com\/fr\/#organization\"},\"potentialAction\":[{\"@type\":\"SearchAction\",\"target\":{\"@type\":\"EntryPoint\",\"urlTemplate\":\"https:\/\/all-car-news.com\/fr\/?s={search_term_string}\"},\"query-input\":\"required name=search_term_string\"}],\"inLanguage\":\"fr-FR\"},{\"@type\":\"Organization\",\"@id\":\"https:\/\/all-car-news.com\/fr\/#organization\",\"name\":\"All cars news\",\"url\":\"https:\/\/all-car-news.com\/fr\/\",\"logo\":{\"@type\":\"ImageObject\",\"inLanguage\":\"fr-FR\",\"@id\":\"https:\/\/all-car-news.com\/fr\/#\/schema\/logo\/image\/\",\"url\":\"https:\/\/all-car-news.com\/wp-content\/uploads\/2022\/02\/CMYK-AllCarNews_LANDSCAPE_300px-1.png\",\"contentUrl\":\"https:\/\/all-car-news.com\/wp-content\/uploads\/2022\/02\/CMYK-AllCarNews_LANDSCAPE_300px-1.png\",\"width\":300,\"height\":100,\"caption\":\"All cars news\"},\"image\":{\"@id\":\"https:\/\/all-car-news.com\/fr\/#\/schema\/logo\/image\/\"}}]}<\/script>\n<!-- \/ Yoast SEO plugin. -->","yoast_head_json":{"title":"Kia Ceed - All cars news","robots":{"index":"index","follow":"follow","max-snippet":"max-snippet:-1","max-image-preview":"max-image-preview:large","max-video-preview":"max-video-preview:-1"},"canonical":"https:\/\/all-car-news.com\/fr\/trouveur-de-voiture\/volkswagen\/kia-ceed\/","og_locale":"fr_FR","og_type":"article","og_title":"Kia Ceed - All cars news","og_description":"En 2006, le successeur de Kia pour le Cerato est apparu. C&rsquo;\u00e9tait la premi\u00e8re voiture enti\u00e8rement d\u00e9velopp\u00e9e de la marque [&hellip;]","og_url":"https:\/\/all-car-news.com\/fr\/trouveur-de-voiture\/volkswagen\/kia-ceed\/","og_site_name":"All cars news","article_modified_time":"2022-03-09T09:07:10+00:00","og_image":[{"width":1599,"height":1164,"url":"https:\/\/all-car-news.com\/wp-content\/uploads\/2022\/03\/Kia-Ceed-1.jpg","type":"image\/jpeg"}],"twitter_card":"summary_large_image","twitter_misc":{"Dur\u00e9e de lecture estim\u00e9e":"3 minutes"},"schema":{"@context":"https:\/\/schema.org","@graph":[{"@type":"WebPage","@id":"https:\/\/all-car-news.com\/fr\/trouveur-de-voiture\/volkswagen\/kia-ceed\/","url":"https:\/\/all-car-news.com\/fr\/trouveur-de-voiture\/volkswagen\/kia-ceed\/","name":"Kia Ceed - All cars news","isPartOf":{"@id":"https:\/\/all-car-news.com\/fr\/#website"},"datePublished":"2022-03-09T09:07:05+00:00","dateModified":"2022-03-09T09:07:10+00:00","breadcrumb":{"@id":"https:\/\/all-car-news.com\/fr\/trouveur-de-voiture\/volkswagen\/kia-ceed\/#breadcrumb"},"inLanguage":"fr-FR","potentialAction":[{"@type":"ReadAction","target":["https:\/\/all-car-news.com\/fr\/trouveur-de-voiture\/volkswagen\/kia-ceed\/"]}]},{"@type":"BreadcrumbList","@id":"https:\/\/all-car-news.com\/fr\/trouveur-de-voiture\/volkswagen\/kia-ceed\/#breadcrumb","itemListElement":[{"@type":"ListItem","position":1,"name":"Home","item":"https:\/\/all-car-news.com\/fr\/"},{"@type":"ListItem","position":2,"name":"trouveur de voiture","item":"https:\/\/all-car-news.com\/fr\/trouveur-de-voiture\/"},{"@type":"ListItem","position":3,"name":"Volkswagen","item":"https:\/\/all-car-news.com\/fr\/trouveur-de-voiture\/volkswagen\/"},{"@type":"ListItem","position":4,"name":"Kia Ceed"}]},{"@type":"WebSite","@id":"https:\/\/all-car-news.com\/fr\/#website","url":"https:\/\/all-car-news.com\/fr\/","name":"All cars news","description":"","publisher":{"@id":"https:\/\/all-car-news.com\/fr\/#organization"},"potentialAction":[{"@type":"SearchAction","target":{"@type":"EntryPoint","urlTemplate":"https:\/\/all-car-news.com\/fr\/?s={search_term_string}"},"query-input":"required name=search_term_string"}],"inLanguage":"fr-FR"},{"@type":"Organization","@id":"https:\/\/all-car-news.com\/fr\/#organization","name":"All cars news","url":"https:\/\/all-car-news.com\/fr\/","logo":{"@type":"ImageObject","inLanguage":"fr-FR","@id":"https:\/\/all-car-news.com\/fr\/#\/schema\/logo\/image\/","url":"https:\/\/all-car-news.com\/wp-content\/uploads\/2022\/02\/CMYK-AllCarNews_LANDSCAPE_300px-1.png","contentUrl":"https:\/\/all-car-news.com\/wp-content\/uploads\/2022\/02\/CMYK-AllCarNews_LANDSCAPE_300px-1.png","width":300,"height":100,"caption":"All cars news"},"image":{"@id":"https:\/\/all-car-news.com\/fr\/#\/schema\/logo\/image\/"}}]}},"_links":{"self":[{"href":"https:\/\/all-car-news.com\/fr\/wp-json\/wp\/v2\/pages\/118250","targetHints":{"allow":["GET"]}}],"collection":[{"href":"https:\/\/all-car-news.com\/fr\/wp-json\/wp\/v2\/pages"}],"about":[{"href":"https:\/\/all-car-news.com\/fr\/wp-json\/wp\/v2\/types\/page"}],"author":[{"embeddable":true,"href":"https:\/\/all-car-news.com\/fr\/wp-json\/wp\/v2\/users\/4"}],"replies":[{"embeddable":true,"href":"https:\/\/all-car-news.com\/fr\/wp-json\/wp\/v2\/comments?post=118250"}],"version-history":[{"count":0,"href":"https:\/\/all-car-news.com\/fr\/wp-json\/wp\/v2\/pages\/118250\/revisions"}],"up":[{"embeddable":true,"href":"https:\/\/all-car-news.com\/fr\/wp-json\/wp\/v2\/pages\/117698"}],"wp:featuredmedia":[{"embeddable":true,"href":"https:\/\/all-car-news.com\/fr\/wp-json\/wp\/v2\/media\/118135"}],"wp:attachment":[{"href":"https:\/\/all-car-news.com\/fr\/wp-json\/wp\/v2\/media?parent=118250"}],"curies":[{"name":"wp","href":"https:\/\/api.w.org\/{rel}","templated":true}]}}