{"id":118237,"date":"2022-03-09T09:07:00","date_gmt":"2022-03-09T09:07:00","guid":{"rendered":"https:\/\/all-car-news.com\/trouveur-de-voiture\/volkswagen\/kia-picanto\/"},"modified":"2022-03-09T09:07:11","modified_gmt":"2022-03-09T09:07:11","slug":"kia-picanto","status":"publish","type":"page","link":"https:\/\/all-car-news.com\/fr\/trouveur-de-voiture\/volkswagen\/kia-picanto\/","title":{"rendered":"Kia Picanto"},"content":{"rendered":"\n<p>En 2004, Kia fait son entr\u00e9e sur le march\u00e9 europ\u00e9en des voitures compactes avec la Picanto. La voiture a \u00e9t\u00e9 construite sur une version raccourcie de la plate-forme Hyundai Getz et a \u00e9galement partag\u00e9 de nombreuses pi\u00e8ces avec la Hyundai Atos. Pour le march\u00e9 europ\u00e9en, la Picanto \u00e9tait d\u00e9cor\u00e9e de s\u00e9rie par rapport \u00e0 la version asiatique de la voiture. La voiture s&rsquo;est av\u00e9r\u00e9e \u00eatre une voiturette de ville populaire, qui a \u00e9t\u00e9 encore am\u00e9lior\u00e9e par la deuxi\u00e8me g\u00e9n\u00e9ration introduite en 2011.<\/p>\n\n<p>En 2004, Kia fait son entr\u00e9e sur le march\u00e9 europ\u00e9en des voitures compactes avec la Picanto. La voiture a \u00e9t\u00e9 construite sur une version raccourcie de la plate-forme Hyundai Getz et a \u00e9galement partag\u00e9 de nombreuses pi\u00e8ces avec la Hyundai Atos. Pour le march\u00e9 europ\u00e9en, la Picanto \u00e9tait d\u00e9cor\u00e9e de s\u00e9rie par rapport \u00e0 la version asiatique de la voiture. La voiture s&rsquo;est av\u00e9r\u00e9e \u00eatre une voiturette de ville populaire, qui a \u00e9t\u00e9 encore am\u00e9lior\u00e9e par la deuxi\u00e8me g\u00e9n\u00e9ration introduite en 2011.<\/p>\n\n<h2 class=\"wp-block-heading\"><strong>Le courant<\/strong><br\/><\/h2>\n\n<p>Le mod\u00e8le actuel est dans le showroom depuis 2017. Bien que le concept de base soit rest\u00e9 le m\u00eame, la voiture a encore fait quelques pas en avant et a compl\u00e8tement secou\u00e9 les blagues du snack-bar (presque). La voiture est bien accueillie. La nouveaut\u00e9 est la GT-Line, une version au d\u00e9cor sportif.<\/p>\n\n<h2 class=\"wp-block-heading\"><strong>Exclusivit\u00e9 R-Sport<\/strong><br\/><\/h2>\n\n<p>Cela peut \u00e9voquer des souvenirs du R-Sport. C&rsquo;\u00e9tait une version sp\u00e9ciale, qui a \u00e9t\u00e9 pr\u00e9sent\u00e9e en 2010 comme un mod\u00e8le d&rsquo;adieu pour la premi\u00e8re g\u00e9n\u00e9ration de Picanto. Comme son nom l&rsquo;indique, la voiture a re\u00e7u des d\u00e9corations sportives, mais ce n&rsquo;est pas la particularit\u00e9 du mod\u00e8le. Le R-Sport a \u00e9t\u00e9 vendu exclusivement via Internet, via la eCollectionbyKia. Encore plus sp\u00e9ciale est l&rsquo;\u00e9dition du mod\u00e8le : seulement 130 pi\u00e8ces. Cela rend la Picanto R-Sport plus exclusive que la plupart des supercars&#8230;<\/p>\n\n<h2 class=\"wp-block-heading\">Technique<\/h2>\n\n<figure class=\"wp-block-table is-style-stripes\"><table class=\"has-fixed-layout\"><tbody><tr><td>Type de moteur<\/td><td>essence, ligne 3 cylindres<\/td><\/tr><tr><td>D\u00e9placement<\/td><td>998cm<\/td><\/tr><tr><td>max. les atouts<\/td><td>49 kW (67 ch)<\/td><\/tr><tr><td>abeille<\/td><td>5 500 tr\/min<\/td><\/tr><tr><td>max. coupler<\/td><td>96 Nm<\/td><\/tr><tr><td>abeille<\/td><td>3\u00a0500 tr\/min<\/td><\/tr><tr><td>Conduire<\/td><td>roues avant<\/td><\/tr><tr><td>Freins de\/a<\/td><td>\u00e9tant donn\u00e9 disques\/tambours<\/td><\/tr><tr><td>Cercle de braquage<\/td><td>9,2 m<\/td><\/tr><tr><td>Plage de puissance<\/td><td>49 \u00e0 74kW<\/td><\/tr><\/tbody><\/table><\/figure>\n\n<h2 class=\"wp-block-heading\">G\u00e9n\u00e9ral<\/h2>\n\n<figure class=\"wp-block-table is-style-stripes\"><table class=\"has-fixed-layout\"><tbody><tr><td>Transmission<\/td><td>5MT<\/td><\/tr><tr><td>Type de corps<\/td><td>5-dr. hayon<\/td><\/tr><tr><td>EuroNCAP<\/td><td>3 \u00e9toiles<\/td><\/tr><tr><td>Lancement sur le march\u00e9<\/td><td>avril 2017<\/td><\/tr><tr><td>Dernier lifting<\/td><td>N \/ A<\/td><\/tr><tr><td>Garantie<\/td><td>7 ans<\/td><\/tr><tr><td>A partir du prix<\/td><td>13 495 \u20ac<\/td><\/tr><tr><td>Les particularit\u00e9s<\/td><td>La Picanto figure invariablement dans le top 5 des voitures les plus vendues aux Pays-Bas.<\/td><\/tr><\/tbody><\/table><\/figure>\n\n<h2 class=\"wp-block-heading\">Dimensions\/poids<\/h2>\n\n<figure class=\"wp-block-table is-style-stripes\"><table class=\"has-fixed-layout\"><tbody><tr><td>La taille des pneus<\/td><td>175\/65R14<\/td><\/tr><tr><td>L xlxh<\/td><td>3 595 x 1 595 x 1 485 mm<\/td><\/tr><tr><td>Empattement<\/td><td>2 400 mm<\/td><\/tr><tr><td>Masse vide<\/td><td>830 kilogrammes<\/td><\/tr><tr><td>max. selon poids<\/td><td>s\/o kg<\/td><\/tr><tr><td>suite sac. salle.<\/td><td>255 litres<\/td><\/tr><tr><td>Capacit\u00e9 du r\u00e9servoir<\/td><td>35 litres<\/td><\/tr><\/tbody><\/table><\/figure>\n\n<h2 class=\"wp-block-heading\">Consommation<\/h2>\n\n<figure class=\"wp-block-table is-style-stripes\"><table class=\"has-fixed-layout\"><tbody><tr><td>Connecticut. combin\u00e9<\/td><td>4,4 l\/100 km<\/td><\/tr><tr><td>\u00c9missions de CO\u2082<\/td><td>101g\/km<\/td><\/tr><tr><td>Etiquette \u00e9nerg\u00e9tique<\/td><td>C<\/td><\/tr><\/tbody><\/table><\/figure>\n\n<h2 class=\"wp-block-heading\">Performance<\/h2>\n\n<figure class=\"wp-block-table is-style-stripes\"><table class=\"has-fixed-layout\"><tbody><tr><td>Acc. 0-100km\/h<\/td><td>14,5 s<\/td><\/tr><tr><td>vitesse de pointe<\/td><td>158 km\/h<\/td><\/tr><\/tbody><\/table><\/figure>\n","protected":false},"excerpt":{"rendered":"<p>En 2004, Kia fait son entr\u00e9e sur le march\u00e9 europ\u00e9en des voitures compactes avec la Picanto. La voiture a \u00e9t\u00e9 [&hellip;]<\/p>\n","protected":false},"author":4,"featured_media":118107,"parent":117698,"menu_order":0,"comment_status":"closed","ping_status":"closed","template":"","meta":{"footnotes":""},"class_list":["post-118237","page","type-page","status-publish","has-post-thumbnail","hentry"],"acf":[],"yoast_head":"<!-- This site is optimized with the Yoast SEO plugin v21.2 - https:\/\/yoast.com\/wordpress\/plugins\/seo\/ -->\n<title>Kia Picanto - All cars news<\/title>\n<meta name=\"robots\" content=\"index, follow, max-snippet:-1, max-image-preview:large, max-video-preview:-1\" \/>\n<link rel=\"canonical\" href=\"https:\/\/all-car-news.com\/fr\/trouveur-de-voiture\/volkswagen\/kia-picanto\/\" \/>\n<meta property=\"og:locale\" content=\"fr_FR\" \/>\n<meta property=\"og:type\" content=\"article\" \/>\n<meta property=\"og:title\" content=\"Kia Picanto - All cars news\" \/>\n<meta property=\"og:description\" content=\"En 2004, Kia fait son entr\u00e9e sur le march\u00e9 europ\u00e9en des voitures compactes avec la Picanto. La voiture a \u00e9t\u00e9 [&hellip;]\" \/>\n<meta property=\"og:url\" content=\"https:\/\/all-car-news.com\/fr\/trouveur-de-voiture\/volkswagen\/kia-picanto\/\" \/>\n<meta property=\"og:site_name\" content=\"All cars news\" \/>\n<meta property=\"article:modified_time\" content=\"2022-03-09T09:07:11+00:00\" \/>\n<meta property=\"og:image\" content=\"https:\/\/all-car-news.com\/wp-content\/uploads\/2022\/03\/Kia-Picanto-1.jpg\" \/>\n\t<meta property=\"og:image:width\" content=\"1280\" \/>\n\t<meta property=\"og:image:height\" content=\"924\" \/>\n\t<meta property=\"og:image:type\" content=\"image\/jpeg\" \/>\n<meta name=\"twitter:card\" content=\"summary_large_image\" \/>\n<meta name=\"twitter:label1\" content=\"Dur\u00e9e de lecture estim\u00e9e\" \/>\n\t<meta name=\"twitter:data1\" content=\"2 minutes\" \/>\n<script type=\"application\/ld+json\" class=\"yoast-schema-graph\">{\"@context\":\"https:\/\/schema.org\",\"@graph\":[{\"@type\":\"WebPage\",\"@id\":\"https:\/\/all-car-news.com\/fr\/trouveur-de-voiture\/volkswagen\/kia-picanto\/\",\"url\":\"https:\/\/all-car-news.com\/fr\/trouveur-de-voiture\/volkswagen\/kia-picanto\/\",\"name\":\"Kia Picanto - All cars news\",\"isPartOf\":{\"@id\":\"https:\/\/all-car-news.com\/fr\/#website\"},\"datePublished\":\"2022-03-09T09:07:00+00:00\",\"dateModified\":\"2022-03-09T09:07:11+00:00\",\"breadcrumb\":{\"@id\":\"https:\/\/all-car-news.com\/fr\/trouveur-de-voiture\/volkswagen\/kia-picanto\/#breadcrumb\"},\"inLanguage\":\"fr-FR\",\"potentialAction\":[{\"@type\":\"ReadAction\",\"target\":[\"https:\/\/all-car-news.com\/fr\/trouveur-de-voiture\/volkswagen\/kia-picanto\/\"]}]},{\"@type\":\"BreadcrumbList\",\"@id\":\"https:\/\/all-car-news.com\/fr\/trouveur-de-voiture\/volkswagen\/kia-picanto\/#breadcrumb\",\"itemListElement\":[{\"@type\":\"ListItem\",\"position\":1,\"name\":\"Home\",\"item\":\"https:\/\/all-car-news.com\/fr\/\"},{\"@type\":\"ListItem\",\"position\":2,\"name\":\"trouveur de voiture\",\"item\":\"https:\/\/all-car-news.com\/fr\/trouveur-de-voiture\/\"},{\"@type\":\"ListItem\",\"position\":3,\"name\":\"Volkswagen\",\"item\":\"https:\/\/all-car-news.com\/fr\/trouveur-de-voiture\/volkswagen\/\"},{\"@type\":\"ListItem\",\"position\":4,\"name\":\"Kia Picanto\"}]},{\"@type\":\"WebSite\",\"@id\":\"https:\/\/all-car-news.com\/fr\/#website\",\"url\":\"https:\/\/all-car-news.com\/fr\/\",\"name\":\"All cars news\",\"description\":\"\",\"publisher\":{\"@id\":\"https:\/\/all-car-news.com\/fr\/#organization\"},\"potentialAction\":[{\"@type\":\"SearchAction\",\"target\":{\"@type\":\"EntryPoint\",\"urlTemplate\":\"https:\/\/all-car-news.com\/fr\/?s={search_term_string}\"},\"query-input\":\"required name=search_term_string\"}],\"inLanguage\":\"fr-FR\"},{\"@type\":\"Organization\",\"@id\":\"https:\/\/all-car-news.com\/fr\/#organization\",\"name\":\"All cars news\",\"url\":\"https:\/\/all-car-news.com\/fr\/\",\"logo\":{\"@type\":\"ImageObject\",\"inLanguage\":\"fr-FR\",\"@id\":\"https:\/\/all-car-news.com\/fr\/#\/schema\/logo\/image\/\",\"url\":\"https:\/\/all-car-news.com\/wp-content\/uploads\/2022\/02\/CMYK-AllCarNews_LANDSCAPE_300px-1.png\",\"contentUrl\":\"https:\/\/all-car-news.com\/wp-content\/uploads\/2022\/02\/CMYK-AllCarNews_LANDSCAPE_300px-1.png\",\"width\":300,\"height\":100,\"caption\":\"All cars news\"},\"image\":{\"@id\":\"https:\/\/all-car-news.com\/fr\/#\/schema\/logo\/image\/\"}}]}<\/script>\n<!-- \/ Yoast SEO plugin. -->","yoast_head_json":{"title":"Kia Picanto - All cars news","robots":{"index":"index","follow":"follow","max-snippet":"max-snippet:-1","max-image-preview":"max-image-preview:large","max-video-preview":"max-video-preview:-1"},"canonical":"https:\/\/all-car-news.com\/fr\/trouveur-de-voiture\/volkswagen\/kia-picanto\/","og_locale":"fr_FR","og_type":"article","og_title":"Kia Picanto - All cars news","og_description":"En 2004, Kia fait son entr\u00e9e sur le march\u00e9 europ\u00e9en des voitures compactes avec la Picanto. La voiture a \u00e9t\u00e9 [&hellip;]","og_url":"https:\/\/all-car-news.com\/fr\/trouveur-de-voiture\/volkswagen\/kia-picanto\/","og_site_name":"All cars news","article_modified_time":"2022-03-09T09:07:11+00:00","og_image":[{"width":1280,"height":924,"url":"https:\/\/all-car-news.com\/wp-content\/uploads\/2022\/03\/Kia-Picanto-1.jpg","type":"image\/jpeg"}],"twitter_card":"summary_large_image","twitter_misc":{"Dur\u00e9e de lecture estim\u00e9e":"2 minutes"},"schema":{"@context":"https:\/\/schema.org","@graph":[{"@type":"WebPage","@id":"https:\/\/all-car-news.com\/fr\/trouveur-de-voiture\/volkswagen\/kia-picanto\/","url":"https:\/\/all-car-news.com\/fr\/trouveur-de-voiture\/volkswagen\/kia-picanto\/","name":"Kia Picanto - All cars news","isPartOf":{"@id":"https:\/\/all-car-news.com\/fr\/#website"},"datePublished":"2022-03-09T09:07:00+00:00","dateModified":"2022-03-09T09:07:11+00:00","breadcrumb":{"@id":"https:\/\/all-car-news.com\/fr\/trouveur-de-voiture\/volkswagen\/kia-picanto\/#breadcrumb"},"inLanguage":"fr-FR","potentialAction":[{"@type":"ReadAction","target":["https:\/\/all-car-news.com\/fr\/trouveur-de-voiture\/volkswagen\/kia-picanto\/"]}]},{"@type":"BreadcrumbList","@id":"https:\/\/all-car-news.com\/fr\/trouveur-de-voiture\/volkswagen\/kia-picanto\/#breadcrumb","itemListElement":[{"@type":"ListItem","position":1,"name":"Home","item":"https:\/\/all-car-news.com\/fr\/"},{"@type":"ListItem","position":2,"name":"trouveur de voiture","item":"https:\/\/all-car-news.com\/fr\/trouveur-de-voiture\/"},{"@type":"ListItem","position":3,"name":"Volkswagen","item":"https:\/\/all-car-news.com\/fr\/trouveur-de-voiture\/volkswagen\/"},{"@type":"ListItem","position":4,"name":"Kia Picanto"}]},{"@type":"WebSite","@id":"https:\/\/all-car-news.com\/fr\/#website","url":"https:\/\/all-car-news.com\/fr\/","name":"All cars news","description":"","publisher":{"@id":"https:\/\/all-car-news.com\/fr\/#organization"},"potentialAction":[{"@type":"SearchAction","target":{"@type":"EntryPoint","urlTemplate":"https:\/\/all-car-news.com\/fr\/?s={search_term_string}"},"query-input":"required name=search_term_string"}],"inLanguage":"fr-FR"},{"@type":"Organization","@id":"https:\/\/all-car-news.com\/fr\/#organization","name":"All cars news","url":"https:\/\/all-car-news.com\/fr\/","logo":{"@type":"ImageObject","inLanguage":"fr-FR","@id":"https:\/\/all-car-news.com\/fr\/#\/schema\/logo\/image\/","url":"https:\/\/all-car-news.com\/wp-content\/uploads\/2022\/02\/CMYK-AllCarNews_LANDSCAPE_300px-1.png","contentUrl":"https:\/\/all-car-news.com\/wp-content\/uploads\/2022\/02\/CMYK-AllCarNews_LANDSCAPE_300px-1.png","width":300,"height":100,"caption":"All cars news"},"image":{"@id":"https:\/\/all-car-news.com\/fr\/#\/schema\/logo\/image\/"}}]}},"_links":{"self":[{"href":"https:\/\/all-car-news.com\/fr\/wp-json\/wp\/v2\/pages\/118237","targetHints":{"allow":["GET"]}}],"collection":[{"href":"https:\/\/all-car-news.com\/fr\/wp-json\/wp\/v2\/pages"}],"about":[{"href":"https:\/\/all-car-news.com\/fr\/wp-json\/wp\/v2\/types\/page"}],"author":[{"embeddable":true,"href":"https:\/\/all-car-news.com\/fr\/wp-json\/wp\/v2\/users\/4"}],"replies":[{"embeddable":true,"href":"https:\/\/all-car-news.com\/fr\/wp-json\/wp\/v2\/comments?post=118237"}],"version-history":[{"count":0,"href":"https:\/\/all-car-news.com\/fr\/wp-json\/wp\/v2\/pages\/118237\/revisions"}],"up":[{"embeddable":true,"href":"https:\/\/all-car-news.com\/fr\/wp-json\/wp\/v2\/pages\/117698"}],"wp:featuredmedia":[{"embeddable":true,"href":"https:\/\/all-car-news.com\/fr\/wp-json\/wp\/v2\/media\/118107"}],"wp:attachment":[{"href":"https:\/\/all-car-news.com\/fr\/wp-json\/wp\/v2\/media?parent=118237"}],"curies":[{"name":"wp","href":"https:\/\/api.w.org\/{rel}","templated":true}]}}