{"id":118198,"date":"2022-03-09T09:06:47","date_gmt":"2022-03-09T09:06:47","guid":{"rendered":"https:\/\/all-car-news.com\/trouveur-de-voiture\/volkswagen\/volkswagen-sharan\/"},"modified":"2022-03-09T09:07:12","modified_gmt":"2022-03-09T09:07:12","slug":"volkswagen-sharan","status":"publish","type":"page","link":"https:\/\/all-car-news.com\/fr\/trouveur-de-voiture\/volkswagen\/volkswagen-sharan\/","title":{"rendered":"Volkswagen Sharan"},"content":{"rendered":"\n<p>En 1995, le grand monospace est toujours tr\u00e8s populaire. C&rsquo;est un segment \u00e2prement disput\u00e9 avec des voitures telles que Renault Espace, Citro\u00ebn Evasion et Peugeot 806. Il est temps pour Volkswagen de r\u00e9agir. Le groupe Volkswagen le fait en collaboration avec Ford. La voiture a \u00e9t\u00e9 commercialis\u00e9e sous les noms de Ford Galaxy, Volkswagen Sharan et en 1996 \u00e9galement sous le nom de SEAT Alhambra. Au d\u00e9part, les logos et la calandre \u00e9taient \u00e0 peu pr\u00e8s la seule diff\u00e9rence entre les trois voitures, mais un lifting interm\u00e9diaire en 2000 a apport\u00e9 plus de diversit\u00e9. Le nom Sharan est d\u00e9riv\u00e9 d&rsquo;un mot persan signifiant \u00ab porteur de rois \u00bb.<\/p>\n\n<p>En 1995, le grand monospace est toujours tr\u00e8s populaire. C&rsquo;est un segment \u00e2prement disput\u00e9 avec des voitures telles que Renault Espace, Citro\u00ebn Evasion et Peugeot 806. Il est temps pour Volkswagen de r\u00e9agir. Le groupe Volkswagen le fait en collaboration avec Ford. La voiture a \u00e9t\u00e9 commercialis\u00e9e sous les noms de Ford Galaxy, Volkswagen Sharan et en 1996 \u00e9galement sous le nom de SEAT Alhambra. Au d\u00e9part, les logos et la calandre \u00e9taient \u00e0 peu pr\u00e8s la seule diff\u00e9rence entre les trois voitures, mais un lifting interm\u00e9diaire en 2000 a apport\u00e9 plus de diversit\u00e9. Le nom Sharan est d\u00e9riv\u00e9 d&rsquo;un mot persan signifiant \u00ab porteur de rois \u00bb.<\/p>\n\n<h2 class=\"wp-block-heading\"><strong>Intensifier<\/strong><br\/><\/h2>\n\n<p>Ce n&rsquo;est qu&rsquo;en 2010 que la deuxi\u00e8me et actuelle g\u00e9n\u00e9ration est apparue. Pendant ce temps, Ford avait son propre Galaxy, de sorte que les tripl\u00e9s MPV \u00e9taient d\u00e9sormais jumeaux. Le nouveau Sharan\/Alhambra \u00e9tait non seulement plus grand que le premier mod\u00e8le, mais aussi beaucoup plus luxueux. Les portes arri\u00e8re coulissantes \u00e9taient nouvelles, l\u00e0 o\u00f9 la premi\u00e8re g\u00e9n\u00e9ration avait encore des portes conventionnelles.<\/p>\n\n<h2 class=\"wp-block-heading\"><strong>Fin (pas) en vue<\/strong><br\/><\/h2>\n\n<p>Apr\u00e8s un subtil lifting interm\u00e9diaire, cette Alhambra un peu vieillissante est toujours dans les showrooms, bien que le mod\u00e8le ait disparu du march\u00e9 n\u00e9erlandais en 2019. Le march\u00e9 automobile est d\u00e9sormais tr\u00e8s diff\u00e9rent et il y a relativement peu de demande pour ces grands monospaces. Pourtant, il n&rsquo;y a pas eu un mot sur un \u00e9ventuel arr\u00eat de la production du mod\u00e8le. Si cela arrive, alors un successeur n&rsquo;est pas \u00e9vident. Volkswagen propose d\u00e9sormais suffisamment d&rsquo;alternatives pour ceux qui doivent sortir avec beaucoup de monde.<\/p>\n\n<h2 class=\"wp-block-heading\">Technique<\/h2>\n\n<figure class=\"wp-block-table is-style-stripes\"><table class=\"has-fixed-layout\"><tbody><tr><td>Type de moteur<\/td><td>essence, ligne 4 cylindres<\/td><\/tr><tr><td>D\u00e9placement<\/td><td>1 395 cm\u00b3<\/td><\/tr><tr><td>max. les atouts<\/td><td>110 kW (150 ch)<\/td><\/tr><tr><td>abeille<\/td><td>5 000 tr\/min<\/td><\/tr><tr><td>max. coupler<\/td><td>250 Nm<\/td><\/tr><tr><td>abeille<\/td><td>1\u00a0500 tr\/min<\/td><\/tr><tr><td>Conduire<\/td><td>roues avant<\/td><\/tr><tr><td>Freins de\/a<\/td><td>\u00e9tant donn\u00e9 disques\/disques<\/td><\/tr><tr><td>Cercle de braquage<\/td><td>11,9 m<\/td><\/tr><tr><td>Plage de puissance<\/td><td>seulement 110kW<\/td><\/tr><\/tbody><\/table><\/figure>\n\n<h2 class=\"wp-block-heading\">G\u00e9n\u00e9ral<\/h2>\n\n<figure class=\"wp-block-table is-style-stripes\"><table><tbody><tr><td>Transmission<\/td><td>6MT (option 6AT)<\/td><\/tr><tr><td>Type de corps<\/td><td>5-dr. Monospace<\/td><\/tr><tr><td>EuroNCAP<\/td><td>5 \u00e9toiles<\/td><\/tr><tr><td>Lancement sur le march\u00e9<\/td><td>juin 2010<\/td><\/tr><tr><td>Dernier lifting<\/td><td>juin 2015<\/td><\/tr><tr><td>Garantie<\/td><td>2 ans<\/td><\/tr><tr><td>A partir du prix<\/td><td>49 730 \u20ac<\/td><\/tr><tr><td>Les particularit\u00e9s<\/td><td>La Volkswagen Sharan peut accueillir sept personnes et poss\u00e8de des portes coulissantes.<\/td><\/tr><\/tbody><\/table><\/figure>\n\n<h2 class=\"wp-block-heading\">Dimensions\/poids<\/h2>\n\n<figure class=\"wp-block-table is-style-stripes\"><table class=\"has-fixed-layout\"><tbody><tr><td>La taille des pneus<\/td><td>205\/60R16<\/td><\/tr><tr><td>L xlxh<\/td><td>4 854 x 1 904 x 1 720 mm<\/td><\/tr><tr><td>Empattement<\/td><td>2 919 mm<\/td><\/tr><tr><td>Masse vide<\/td><td>1 655 kilogrammes<\/td><\/tr><tr><td>max. selon poids<\/td><td>1 800 kilogrammes<\/td><\/tr><tr><td>suite sac. salle.<\/td><td>809 litres<\/td><\/tr><tr><td>Capacit\u00e9 du r\u00e9servoir<\/td><td>70 litres<\/td><\/tr><\/tbody><\/table><\/figure>\n\n<h2 class=\"wp-block-heading\">Consommation<\/h2>\n\n<figure class=\"wp-block-table is-style-stripes\"><table class=\"has-fixed-layout\"><tbody><tr><td>Connecticut. combin\u00e9<\/td><td>6,5 l\/100 km<\/td><\/tr><tr><td>\u00c9missions de CO\u2082<\/td><td>150g\/km<\/td><\/tr><tr><td>Etiquette \u00e9nerg\u00e9tique<\/td><td>C<\/td><\/tr><\/tbody><\/table><\/figure>\n\n<h2 class=\"wp-block-heading\">Performance<\/h2>\n\n<figure class=\"wp-block-table is-style-stripes\"><table class=\"has-fixed-layout\"><tbody><tr><td>Acc. 0-100km\/h<\/td><td>9,9 s<\/td><\/tr><tr><td>vitesse de pointe<\/td><td>200km\/h<\/td><\/tr><\/tbody><\/table><\/figure>\n","protected":false},"excerpt":{"rendered":"<p>En 1995, le grand monospace est toujours tr\u00e8s populaire. C&rsquo;est un segment \u00e2prement disput\u00e9 avec des voitures telles que Renault [&hellip;]<\/p>\n","protected":false},"author":4,"featured_media":118085,"parent":117698,"menu_order":0,"comment_status":"closed","ping_status":"closed","template":"","meta":{"footnotes":""},"class_list":["post-118198","page","type-page","status-publish","has-post-thumbnail","hentry"],"acf":[],"yoast_head":"<!-- This site is optimized with the Yoast SEO plugin v21.2 - https:\/\/yoast.com\/wordpress\/plugins\/seo\/ -->\n<title>Volkswagen Sharan - All cars news<\/title>\n<meta name=\"robots\" content=\"index, follow, max-snippet:-1, max-image-preview:large, max-video-preview:-1\" \/>\n<link rel=\"canonical\" href=\"https:\/\/all-car-news.com\/fr\/trouveur-de-voiture\/volkswagen\/volkswagen-sharan\/\" \/>\n<meta property=\"og:locale\" content=\"fr_FR\" \/>\n<meta property=\"og:type\" content=\"article\" \/>\n<meta property=\"og:title\" content=\"Volkswagen Sharan - All cars news\" \/>\n<meta property=\"og:description\" content=\"En 1995, le grand monospace est toujours tr\u00e8s populaire. C&rsquo;est un segment \u00e2prement disput\u00e9 avec des voitures telles que Renault [&hellip;]\" \/>\n<meta property=\"og:url\" content=\"https:\/\/all-car-news.com\/fr\/trouveur-de-voiture\/volkswagen\/volkswagen-sharan\/\" \/>\n<meta property=\"og:site_name\" content=\"All cars news\" \/>\n<meta property=\"article:modified_time\" content=\"2022-03-09T09:07:12+00:00\" \/>\n<meta property=\"og:image\" content=\"https:\/\/all-car-news.com\/wp-content\/uploads\/2022\/03\/Volkswagen-Sharan.jpg\" \/>\n\t<meta property=\"og:image:width\" content=\"1279\" \/>\n\t<meta property=\"og:image:height\" content=\"925\" \/>\n\t<meta property=\"og:image:type\" content=\"image\/jpeg\" \/>\n<meta name=\"twitter:card\" content=\"summary_large_image\" \/>\n<meta name=\"twitter:label1\" content=\"Dur\u00e9e de lecture estim\u00e9e\" \/>\n\t<meta name=\"twitter:data1\" content=\"3 minutes\" \/>\n<script type=\"application\/ld+json\" class=\"yoast-schema-graph\">{\"@context\":\"https:\/\/schema.org\",\"@graph\":[{\"@type\":\"WebPage\",\"@id\":\"https:\/\/all-car-news.com\/fr\/trouveur-de-voiture\/volkswagen\/volkswagen-sharan\/\",\"url\":\"https:\/\/all-car-news.com\/fr\/trouveur-de-voiture\/volkswagen\/volkswagen-sharan\/\",\"name\":\"Volkswagen Sharan - All cars news\",\"isPartOf\":{\"@id\":\"https:\/\/all-car-news.com\/fr\/#website\"},\"datePublished\":\"2022-03-09T09:06:47+00:00\",\"dateModified\":\"2022-03-09T09:07:12+00:00\",\"breadcrumb\":{\"@id\":\"https:\/\/all-car-news.com\/fr\/trouveur-de-voiture\/volkswagen\/volkswagen-sharan\/#breadcrumb\"},\"inLanguage\":\"fr-FR\",\"potentialAction\":[{\"@type\":\"ReadAction\",\"target\":[\"https:\/\/all-car-news.com\/fr\/trouveur-de-voiture\/volkswagen\/volkswagen-sharan\/\"]}]},{\"@type\":\"BreadcrumbList\",\"@id\":\"https:\/\/all-car-news.com\/fr\/trouveur-de-voiture\/volkswagen\/volkswagen-sharan\/#breadcrumb\",\"itemListElement\":[{\"@type\":\"ListItem\",\"position\":1,\"name\":\"Home\",\"item\":\"https:\/\/all-car-news.com\/fr\/\"},{\"@type\":\"ListItem\",\"position\":2,\"name\":\"trouveur de voiture\",\"item\":\"https:\/\/all-car-news.com\/fr\/trouveur-de-voiture\/\"},{\"@type\":\"ListItem\",\"position\":3,\"name\":\"Volkswagen\",\"item\":\"https:\/\/all-car-news.com\/fr\/trouveur-de-voiture\/volkswagen\/\"},{\"@type\":\"ListItem\",\"position\":4,\"name\":\"Volkswagen Sharan\"}]},{\"@type\":\"WebSite\",\"@id\":\"https:\/\/all-car-news.com\/fr\/#website\",\"url\":\"https:\/\/all-car-news.com\/fr\/\",\"name\":\"All cars news\",\"description\":\"\",\"publisher\":{\"@id\":\"https:\/\/all-car-news.com\/fr\/#organization\"},\"potentialAction\":[{\"@type\":\"SearchAction\",\"target\":{\"@type\":\"EntryPoint\",\"urlTemplate\":\"https:\/\/all-car-news.com\/fr\/?s={search_term_string}\"},\"query-input\":\"required name=search_term_string\"}],\"inLanguage\":\"fr-FR\"},{\"@type\":\"Organization\",\"@id\":\"https:\/\/all-car-news.com\/fr\/#organization\",\"name\":\"All cars news\",\"url\":\"https:\/\/all-car-news.com\/fr\/\",\"logo\":{\"@type\":\"ImageObject\",\"inLanguage\":\"fr-FR\",\"@id\":\"https:\/\/all-car-news.com\/fr\/#\/schema\/logo\/image\/\",\"url\":\"https:\/\/all-car-news.com\/wp-content\/uploads\/2022\/02\/CMYK-AllCarNews_LANDSCAPE_300px-1.png\",\"contentUrl\":\"https:\/\/all-car-news.com\/wp-content\/uploads\/2022\/02\/CMYK-AllCarNews_LANDSCAPE_300px-1.png\",\"width\":300,\"height\":100,\"caption\":\"All cars news\"},\"image\":{\"@id\":\"https:\/\/all-car-news.com\/fr\/#\/schema\/logo\/image\/\"}}]}<\/script>\n<!-- \/ Yoast SEO plugin. -->","yoast_head_json":{"title":"Volkswagen Sharan - All cars news","robots":{"index":"index","follow":"follow","max-snippet":"max-snippet:-1","max-image-preview":"max-image-preview:large","max-video-preview":"max-video-preview:-1"},"canonical":"https:\/\/all-car-news.com\/fr\/trouveur-de-voiture\/volkswagen\/volkswagen-sharan\/","og_locale":"fr_FR","og_type":"article","og_title":"Volkswagen Sharan - All cars news","og_description":"En 1995, le grand monospace est toujours tr\u00e8s populaire. C&rsquo;est un segment \u00e2prement disput\u00e9 avec des voitures telles que Renault [&hellip;]","og_url":"https:\/\/all-car-news.com\/fr\/trouveur-de-voiture\/volkswagen\/volkswagen-sharan\/","og_site_name":"All cars news","article_modified_time":"2022-03-09T09:07:12+00:00","og_image":[{"width":1279,"height":925,"url":"https:\/\/all-car-news.com\/wp-content\/uploads\/2022\/03\/Volkswagen-Sharan.jpg","type":"image\/jpeg"}],"twitter_card":"summary_large_image","twitter_misc":{"Dur\u00e9e de lecture estim\u00e9e":"3 minutes"},"schema":{"@context":"https:\/\/schema.org","@graph":[{"@type":"WebPage","@id":"https:\/\/all-car-news.com\/fr\/trouveur-de-voiture\/volkswagen\/volkswagen-sharan\/","url":"https:\/\/all-car-news.com\/fr\/trouveur-de-voiture\/volkswagen\/volkswagen-sharan\/","name":"Volkswagen Sharan - All cars news","isPartOf":{"@id":"https:\/\/all-car-news.com\/fr\/#website"},"datePublished":"2022-03-09T09:06:47+00:00","dateModified":"2022-03-09T09:07:12+00:00","breadcrumb":{"@id":"https:\/\/all-car-news.com\/fr\/trouveur-de-voiture\/volkswagen\/volkswagen-sharan\/#breadcrumb"},"inLanguage":"fr-FR","potentialAction":[{"@type":"ReadAction","target":["https:\/\/all-car-news.com\/fr\/trouveur-de-voiture\/volkswagen\/volkswagen-sharan\/"]}]},{"@type":"BreadcrumbList","@id":"https:\/\/all-car-news.com\/fr\/trouveur-de-voiture\/volkswagen\/volkswagen-sharan\/#breadcrumb","itemListElement":[{"@type":"ListItem","position":1,"name":"Home","item":"https:\/\/all-car-news.com\/fr\/"},{"@type":"ListItem","position":2,"name":"trouveur de voiture","item":"https:\/\/all-car-news.com\/fr\/trouveur-de-voiture\/"},{"@type":"ListItem","position":3,"name":"Volkswagen","item":"https:\/\/all-car-news.com\/fr\/trouveur-de-voiture\/volkswagen\/"},{"@type":"ListItem","position":4,"name":"Volkswagen Sharan"}]},{"@type":"WebSite","@id":"https:\/\/all-car-news.com\/fr\/#website","url":"https:\/\/all-car-news.com\/fr\/","name":"All cars news","description":"","publisher":{"@id":"https:\/\/all-car-news.com\/fr\/#organization"},"potentialAction":[{"@type":"SearchAction","target":{"@type":"EntryPoint","urlTemplate":"https:\/\/all-car-news.com\/fr\/?s={search_term_string}"},"query-input":"required name=search_term_string"}],"inLanguage":"fr-FR"},{"@type":"Organization","@id":"https:\/\/all-car-news.com\/fr\/#organization","name":"All cars news","url":"https:\/\/all-car-news.com\/fr\/","logo":{"@type":"ImageObject","inLanguage":"fr-FR","@id":"https:\/\/all-car-news.com\/fr\/#\/schema\/logo\/image\/","url":"https:\/\/all-car-news.com\/wp-content\/uploads\/2022\/02\/CMYK-AllCarNews_LANDSCAPE_300px-1.png","contentUrl":"https:\/\/all-car-news.com\/wp-content\/uploads\/2022\/02\/CMYK-AllCarNews_LANDSCAPE_300px-1.png","width":300,"height":100,"caption":"All cars news"},"image":{"@id":"https:\/\/all-car-news.com\/fr\/#\/schema\/logo\/image\/"}}]}},"_links":{"self":[{"href":"https:\/\/all-car-news.com\/fr\/wp-json\/wp\/v2\/pages\/118198","targetHints":{"allow":["GET"]}}],"collection":[{"href":"https:\/\/all-car-news.com\/fr\/wp-json\/wp\/v2\/pages"}],"about":[{"href":"https:\/\/all-car-news.com\/fr\/wp-json\/wp\/v2\/types\/page"}],"author":[{"embeddable":true,"href":"https:\/\/all-car-news.com\/fr\/wp-json\/wp\/v2\/users\/4"}],"replies":[{"embeddable":true,"href":"https:\/\/all-car-news.com\/fr\/wp-json\/wp\/v2\/comments?post=118198"}],"version-history":[{"count":0,"href":"https:\/\/all-car-news.com\/fr\/wp-json\/wp\/v2\/pages\/118198\/revisions"}],"up":[{"embeddable":true,"href":"https:\/\/all-car-news.com\/fr\/wp-json\/wp\/v2\/pages\/117698"}],"wp:featuredmedia":[{"embeddable":true,"href":"https:\/\/all-car-news.com\/fr\/wp-json\/wp\/v2\/media\/118085"}],"wp:attachment":[{"href":"https:\/\/all-car-news.com\/fr\/wp-json\/wp\/v2\/media?parent=118198"}],"curies":[{"name":"wp","href":"https:\/\/api.w.org\/{rel}","templated":true}]}}