{"id":118172,"date":"2022-03-09T09:06:41","date_gmt":"2022-03-09T09:06:41","guid":{"rendered":"https:\/\/all-car-news.com\/trouveur-de-voiture\/volkswagen\/volkswagen-multivan\/"},"modified":"2022-03-09T09:07:09","modified_gmt":"2022-03-09T09:07:09","slug":"volkswagen-multivan","status":"publish","type":"page","link":"https:\/\/all-car-news.com\/fr\/trouveur-de-voiture\/volkswagen\/volkswagen-multivan\/","title":{"rendered":"Volkswagen Multivan"},"content":{"rendered":"\n<p>Le premier Volkswagen Multivan est arriv\u00e9 sur le march\u00e9 en 1990 et \u00e9tait bas\u00e9 sur la quatri\u00e8me g\u00e9n\u00e9ration de Volkswagen Transporter (T4). Aux \u00c9tats-Unis, le nom Multivan \u00e9tait \u00e9galement d\u00e9j\u00e0 utilis\u00e9 pour une version sp\u00e9cifique du Transporter T3. Compar\u00e9 \u00e0 la version passager r\u00e9guli\u00e8re du Transporter, le Multivan offrait plus de luxe et une meilleure d\u00e9coration de l&rsquo;int\u00e9rieur. En ce sens, le Multivan se positionnait plus comme un gros monospace que comme une fourgonnette. \u00c0 partir du lifting, certains si\u00e8ges peuvent m\u00eame \u00eatre pivot\u00e9s, de sorte que l&rsquo;int\u00e9rieur peut \u00eatre agenc\u00e9 diff\u00e9remment \u00e0 volont\u00e9.<\/p>\n\n<p>Le premier Volkswagen Multivan est arriv\u00e9 sur le march\u00e9 en 1990 et \u00e9tait bas\u00e9 sur la quatri\u00e8me g\u00e9n\u00e9ration de Volkswagen Transporter (T4). Aux \u00c9tats-Unis, le nom Multivan \u00e9tait \u00e9galement d\u00e9j\u00e0 utilis\u00e9 pour une version sp\u00e9cifique du Transporter T3. Compar\u00e9 \u00e0 la version passager r\u00e9guli\u00e8re du Transporter, le Multivan offrait plus de luxe et une meilleure d\u00e9coration de l&rsquo;int\u00e9rieur. En ce sens, le Multivan se positionnait plus comme un gros monospace que comme une fourgonnette. \u00c0 partir du lifting, certains si\u00e8ges peuvent m\u00eame \u00eatre pivot\u00e9s, de sorte que l&rsquo;int\u00e9rieur peut \u00eatre agenc\u00e9 diff\u00e9remment \u00e0 volont\u00e9.<\/p>\n\n<h2 class=\"wp-block-heading\"><strong>Top mod\u00e8le permanente<\/strong><br\/><\/h2>\n\n<p>Le Multivan de deuxi\u00e8me g\u00e9n\u00e9ration, bas\u00e9 sur le Transporter T5, est \u00e0 nouveau le mod\u00e8le haut de gamme de la gamme Transporter et est \u00e0 nouveau (dans une certaine mesure) commercialis\u00e9 comme un mod\u00e8le \u00e0 part enti\u00e8re. Il offre un espace pour six ou sept personnes. Les si\u00e8ges arri\u00e8re sont d\u00e9sormais non seulement rotatifs, mais \u00e9galement plac\u00e9s sur des rails, de sorte que l&rsquo;int\u00e9rieur peut \u00eatre agenc\u00e9 encore plus \u00e0 volont\u00e9. Des accessoires tels que des tables et un r\u00e9frig\u00e9rateur sont \u00e9galement possibles, ce qui signifie que le Multivan est souvent pris comme mod\u00e8le de base pour les versions de camping-car (simples) de rechange.<\/p>\n\n<h2 class=\"wp-block-heading\"><strong>Multivan devient un mod\u00e8le en soi<\/strong><br\/><\/h2>\n\n<p>Fin 2021, Volkswagen a pr\u00e9sent\u00e9 un Multivan de toute nouvelle g\u00e9n\u00e9ration. Plus que jamais, la voiture ressemble plus \u00e0 un gros monospace qu&rsquo;\u00e0 une fourgonnette. En fait, le nouveau mod\u00e8le ne partage m\u00eame plus sa base avec le Transporter, mais est vraiment un mod\u00e8le en soi. Le nouveau Multivan sera construit sur la plate-forme des voitures particuli\u00e8res de Volkswagen. Volkswagen l&rsquo;appelle \u00ab\u00a0une navette d&rsquo;affaires, un monospace familial et une voiture de loisirs en un\u00a0\u00bb. On ne sait pas encore s&rsquo;il y aura un nouveau Transporter bas\u00e9 sur le Multivan plus tard, maintenant dans l&rsquo;autre sens, au moment de la r\u00e9daction.<\/p>\n\n<h2 class=\"wp-block-heading\">Technique<\/h2>\n\n<figure class=\"wp-block-table is-style-stripes\"><table class=\"has-fixed-layout\"><tbody><tr><td>Type de moteur<\/td><td>essence-\u00e9lectrique, 4 cylindres en ligne<\/td><\/tr><tr><td>D\u00e9placement<\/td><td>1 395 cm\u00b3<\/td><\/tr><tr><td>abeille<\/td><td>5 000 tr\/min<\/td><\/tr><tr><td>abeille<\/td><td>1\u00a0550 tr\/min<\/td><\/tr><tr><td>La batterie<\/td><td>lithium-ion<\/td><\/tr><tr><td>Conduire<\/td><td>roues avant<\/td><\/tr><tr><td>Freins de\/a<\/td><td>\u00e9tant donn\u00e9 disques\/disques<\/td><\/tr><tr><td>Cercle de braquage<\/td><td>12,1 m<\/td><\/tr><tr><td>Plage de puissance<\/td><td>seulement 160kW<\/td><\/tr><\/tbody><\/table><\/figure>\n\n<h2 class=\"wp-block-heading\">Performance<\/h2>\n\n<figure class=\"wp-block-table is-style-stripes\"><table class=\"has-fixed-layout\"><tbody><tr><td>Alimentation du syst\u00e8me<\/td><td>160 kW (218 ch)<\/td><\/tr><tr><td>Paire syst\u00e8me<\/td><td>350 Nm<\/td><\/tr><tr><td>Acc. 0-100km\/h<\/td><td>11,6 s<\/td><\/tr><tr><td>vitesse de pointe<\/td><td>190km\/h<\/td><\/tr><\/tbody><\/table><\/figure>\n\n<h2 class=\"wp-block-heading\">G\u00e9n\u00e9ral<\/h2>\n\n<figure class=\"wp-block-table is-style-stripes\"><table class=\"has-fixed-layout\"><tbody><tr><td>Transmission<\/td><td>6AT<\/td><\/tr><tr><td>Type de corps<\/td><td>5-dr. Monospace<\/td><\/tr><tr><td>EuroNCAP<\/td><td>pas test\u00e9<\/td><\/tr><tr><td>Lancement sur le march\u00e9<\/td><td>novembre 2021<\/td><\/tr><tr><td>Dernier lifting<\/td><td>N \/ A<\/td><\/tr><tr><td>Garantie<\/td><td>4 ann\u00e9es<\/td><\/tr><tr><td>A partir du prix<\/td><td>54 400 \u20ac<\/td><\/tr><\/tbody><\/table><\/figure>\n\n<h2 class=\"wp-block-heading\">Dimensions\/poids<\/h2>\n\n<figure class=\"wp-block-table is-style-stripes\"><table class=\"has-fixed-layout\"><tbody><tr><td>La taille des pneus<\/td><td>235\/55 R17<\/td><\/tr><tr><td>L xlxh<\/td><td>4 973 x 1 941 x 1 907 mm<\/td><\/tr><tr><td>Empattement<\/td><td>3 124 mm<\/td><\/tr><tr><td>Masse vide<\/td><td>2.122 kilogrammes<\/td><\/tr><tr><td>max. selon poids<\/td><td>1 600 kilogrammes<\/td><\/tr><tr><td>Capacit\u00e9 du r\u00e9servoir<\/td><td>70 litres<\/td><\/tr><\/tbody><\/table><\/figure>\n\n<h2 class=\"wp-block-heading\">Consommation<\/h2>\n\n<figure class=\"wp-block-table is-style-stripes\"><table class=\"has-fixed-layout\"><tbody><tr><td>Connecticut. combin\u00e9<\/td><td>1,7 l\/100 km<\/td><\/tr><tr><td>\u00c9missions de CO\u2082<\/td><td>39g\/km<\/td><\/tr><tr><td>Etiquette \u00e9nerg\u00e9tique<\/td><td>une<\/td><\/tr><\/tbody><\/table><\/figure>\n","protected":false},"excerpt":{"rendered":"<p>Le premier Volkswagen Multivan est arriv\u00e9 sur le march\u00e9 en 1990 et \u00e9tait bas\u00e9 sur la quatri\u00e8me g\u00e9n\u00e9ration de Volkswagen [&hellip;]<\/p>\n","protected":false},"author":4,"featured_media":118092,"parent":117698,"menu_order":0,"comment_status":"closed","ping_status":"closed","template":"","meta":{"footnotes":""},"class_list":["post-118172","page","type-page","status-publish","has-post-thumbnail","hentry"],"acf":[],"yoast_head":"<!-- This site is optimized with the Yoast SEO plugin v21.2 - https:\/\/yoast.com\/wordpress\/plugins\/seo\/ -->\n<title>Volkswagen Multivan - All cars news<\/title>\n<meta name=\"robots\" content=\"index, follow, max-snippet:-1, max-image-preview:large, max-video-preview:-1\" \/>\n<link rel=\"canonical\" href=\"https:\/\/all-car-news.com\/fr\/trouveur-de-voiture\/volkswagen\/volkswagen-multivan\/\" \/>\n<meta property=\"og:locale\" content=\"fr_FR\" \/>\n<meta property=\"og:type\" content=\"article\" \/>\n<meta property=\"og:title\" content=\"Volkswagen Multivan - All cars news\" \/>\n<meta property=\"og:description\" content=\"Le premier Volkswagen Multivan est arriv\u00e9 sur le march\u00e9 en 1990 et \u00e9tait bas\u00e9 sur la quatri\u00e8me g\u00e9n\u00e9ration de Volkswagen [&hellip;]\" \/>\n<meta property=\"og:url\" content=\"https:\/\/all-car-news.com\/fr\/trouveur-de-voiture\/volkswagen\/volkswagen-multivan\/\" \/>\n<meta property=\"og:site_name\" content=\"All cars news\" \/>\n<meta property=\"article:modified_time\" content=\"2022-03-09T09:07:09+00:00\" \/>\n<meta property=\"og:image\" content=\"https:\/\/all-car-news.com\/wp-content\/uploads\/2022\/03\/Volkswagen-Multivan-1.jpg\" \/>\n\t<meta property=\"og:image:width\" content=\"1597\" \/>\n\t<meta property=\"og:image:height\" content=\"1162\" \/>\n\t<meta property=\"og:image:type\" content=\"image\/jpeg\" \/>\n<meta name=\"twitter:card\" content=\"summary_large_image\" \/>\n<meta name=\"twitter:label1\" content=\"Dur\u00e9e de lecture estim\u00e9e\" \/>\n\t<meta name=\"twitter:data1\" content=\"3 minutes\" \/>\n<script type=\"application\/ld+json\" class=\"yoast-schema-graph\">{\"@context\":\"https:\/\/schema.org\",\"@graph\":[{\"@type\":\"WebPage\",\"@id\":\"https:\/\/all-car-news.com\/fr\/trouveur-de-voiture\/volkswagen\/volkswagen-multivan\/\",\"url\":\"https:\/\/all-car-news.com\/fr\/trouveur-de-voiture\/volkswagen\/volkswagen-multivan\/\",\"name\":\"Volkswagen Multivan - All cars news\",\"isPartOf\":{\"@id\":\"https:\/\/all-car-news.com\/fr\/#website\"},\"datePublished\":\"2022-03-09T09:06:41+00:00\",\"dateModified\":\"2022-03-09T09:07:09+00:00\",\"breadcrumb\":{\"@id\":\"https:\/\/all-car-news.com\/fr\/trouveur-de-voiture\/volkswagen\/volkswagen-multivan\/#breadcrumb\"},\"inLanguage\":\"fr-FR\",\"potentialAction\":[{\"@type\":\"ReadAction\",\"target\":[\"https:\/\/all-car-news.com\/fr\/trouveur-de-voiture\/volkswagen\/volkswagen-multivan\/\"]}]},{\"@type\":\"BreadcrumbList\",\"@id\":\"https:\/\/all-car-news.com\/fr\/trouveur-de-voiture\/volkswagen\/volkswagen-multivan\/#breadcrumb\",\"itemListElement\":[{\"@type\":\"ListItem\",\"position\":1,\"name\":\"Home\",\"item\":\"https:\/\/all-car-news.com\/fr\/\"},{\"@type\":\"ListItem\",\"position\":2,\"name\":\"trouveur de voiture\",\"item\":\"https:\/\/all-car-news.com\/fr\/trouveur-de-voiture\/\"},{\"@type\":\"ListItem\",\"position\":3,\"name\":\"Volkswagen\",\"item\":\"https:\/\/all-car-news.com\/fr\/trouveur-de-voiture\/volkswagen\/\"},{\"@type\":\"ListItem\",\"position\":4,\"name\":\"Volkswagen Multivan\"}]},{\"@type\":\"WebSite\",\"@id\":\"https:\/\/all-car-news.com\/fr\/#website\",\"url\":\"https:\/\/all-car-news.com\/fr\/\",\"name\":\"All cars news\",\"description\":\"\",\"publisher\":{\"@id\":\"https:\/\/all-car-news.com\/fr\/#organization\"},\"potentialAction\":[{\"@type\":\"SearchAction\",\"target\":{\"@type\":\"EntryPoint\",\"urlTemplate\":\"https:\/\/all-car-news.com\/fr\/?s={search_term_string}\"},\"query-input\":\"required name=search_term_string\"}],\"inLanguage\":\"fr-FR\"},{\"@type\":\"Organization\",\"@id\":\"https:\/\/all-car-news.com\/fr\/#organization\",\"name\":\"All cars news\",\"url\":\"https:\/\/all-car-news.com\/fr\/\",\"logo\":{\"@type\":\"ImageObject\",\"inLanguage\":\"fr-FR\",\"@id\":\"https:\/\/all-car-news.com\/fr\/#\/schema\/logo\/image\/\",\"url\":\"https:\/\/all-car-news.com\/wp-content\/uploads\/2022\/02\/CMYK-AllCarNews_LANDSCAPE_300px-1.png\",\"contentUrl\":\"https:\/\/all-car-news.com\/wp-content\/uploads\/2022\/02\/CMYK-AllCarNews_LANDSCAPE_300px-1.png\",\"width\":300,\"height\":100,\"caption\":\"All cars news\"},\"image\":{\"@id\":\"https:\/\/all-car-news.com\/fr\/#\/schema\/logo\/image\/\"}}]}<\/script>\n<!-- \/ Yoast SEO plugin. -->","yoast_head_json":{"title":"Volkswagen Multivan - All cars news","robots":{"index":"index","follow":"follow","max-snippet":"max-snippet:-1","max-image-preview":"max-image-preview:large","max-video-preview":"max-video-preview:-1"},"canonical":"https:\/\/all-car-news.com\/fr\/trouveur-de-voiture\/volkswagen\/volkswagen-multivan\/","og_locale":"fr_FR","og_type":"article","og_title":"Volkswagen Multivan - All cars news","og_description":"Le premier Volkswagen Multivan est arriv\u00e9 sur le march\u00e9 en 1990 et \u00e9tait bas\u00e9 sur la quatri\u00e8me g\u00e9n\u00e9ration de Volkswagen [&hellip;]","og_url":"https:\/\/all-car-news.com\/fr\/trouveur-de-voiture\/volkswagen\/volkswagen-multivan\/","og_site_name":"All cars news","article_modified_time":"2022-03-09T09:07:09+00:00","og_image":[{"width":1597,"height":1162,"url":"https:\/\/all-car-news.com\/wp-content\/uploads\/2022\/03\/Volkswagen-Multivan-1.jpg","type":"image\/jpeg"}],"twitter_card":"summary_large_image","twitter_misc":{"Dur\u00e9e de lecture estim\u00e9e":"3 minutes"},"schema":{"@context":"https:\/\/schema.org","@graph":[{"@type":"WebPage","@id":"https:\/\/all-car-news.com\/fr\/trouveur-de-voiture\/volkswagen\/volkswagen-multivan\/","url":"https:\/\/all-car-news.com\/fr\/trouveur-de-voiture\/volkswagen\/volkswagen-multivan\/","name":"Volkswagen Multivan - All cars news","isPartOf":{"@id":"https:\/\/all-car-news.com\/fr\/#website"},"datePublished":"2022-03-09T09:06:41+00:00","dateModified":"2022-03-09T09:07:09+00:00","breadcrumb":{"@id":"https:\/\/all-car-news.com\/fr\/trouveur-de-voiture\/volkswagen\/volkswagen-multivan\/#breadcrumb"},"inLanguage":"fr-FR","potentialAction":[{"@type":"ReadAction","target":["https:\/\/all-car-news.com\/fr\/trouveur-de-voiture\/volkswagen\/volkswagen-multivan\/"]}]},{"@type":"BreadcrumbList","@id":"https:\/\/all-car-news.com\/fr\/trouveur-de-voiture\/volkswagen\/volkswagen-multivan\/#breadcrumb","itemListElement":[{"@type":"ListItem","position":1,"name":"Home","item":"https:\/\/all-car-news.com\/fr\/"},{"@type":"ListItem","position":2,"name":"trouveur de voiture","item":"https:\/\/all-car-news.com\/fr\/trouveur-de-voiture\/"},{"@type":"ListItem","position":3,"name":"Volkswagen","item":"https:\/\/all-car-news.com\/fr\/trouveur-de-voiture\/volkswagen\/"},{"@type":"ListItem","position":4,"name":"Volkswagen Multivan"}]},{"@type":"WebSite","@id":"https:\/\/all-car-news.com\/fr\/#website","url":"https:\/\/all-car-news.com\/fr\/","name":"All cars news","description":"","publisher":{"@id":"https:\/\/all-car-news.com\/fr\/#organization"},"potentialAction":[{"@type":"SearchAction","target":{"@type":"EntryPoint","urlTemplate":"https:\/\/all-car-news.com\/fr\/?s={search_term_string}"},"query-input":"required name=search_term_string"}],"inLanguage":"fr-FR"},{"@type":"Organization","@id":"https:\/\/all-car-news.com\/fr\/#organization","name":"All cars news","url":"https:\/\/all-car-news.com\/fr\/","logo":{"@type":"ImageObject","inLanguage":"fr-FR","@id":"https:\/\/all-car-news.com\/fr\/#\/schema\/logo\/image\/","url":"https:\/\/all-car-news.com\/wp-content\/uploads\/2022\/02\/CMYK-AllCarNews_LANDSCAPE_300px-1.png","contentUrl":"https:\/\/all-car-news.com\/wp-content\/uploads\/2022\/02\/CMYK-AllCarNews_LANDSCAPE_300px-1.png","width":300,"height":100,"caption":"All cars news"},"image":{"@id":"https:\/\/all-car-news.com\/fr\/#\/schema\/logo\/image\/"}}]}},"_links":{"self":[{"href":"https:\/\/all-car-news.com\/fr\/wp-json\/wp\/v2\/pages\/118172","targetHints":{"allow":["GET"]}}],"collection":[{"href":"https:\/\/all-car-news.com\/fr\/wp-json\/wp\/v2\/pages"}],"about":[{"href":"https:\/\/all-car-news.com\/fr\/wp-json\/wp\/v2\/types\/page"}],"author":[{"embeddable":true,"href":"https:\/\/all-car-news.com\/fr\/wp-json\/wp\/v2\/users\/4"}],"replies":[{"embeddable":true,"href":"https:\/\/all-car-news.com\/fr\/wp-json\/wp\/v2\/comments?post=118172"}],"version-history":[{"count":0,"href":"https:\/\/all-car-news.com\/fr\/wp-json\/wp\/v2\/pages\/118172\/revisions"}],"up":[{"embeddable":true,"href":"https:\/\/all-car-news.com\/fr\/wp-json\/wp\/v2\/pages\/117698"}],"wp:featuredmedia":[{"embeddable":true,"href":"https:\/\/all-car-news.com\/fr\/wp-json\/wp\/v2\/media\/118092"}],"wp:attachment":[{"href":"https:\/\/all-car-news.com\/fr\/wp-json\/wp\/v2\/media?parent=118172"}],"curies":[{"name":"wp","href":"https:\/\/api.w.org\/{rel}","templated":true}]}}