{"id":118039,"date":"2022-03-08T12:47:32","date_gmt":"2022-03-08T12:47:32","guid":{"rendered":"https:\/\/all-car-news.com\/trouveur-de-voiture\/volkswagen\/volkswagen-touareg\/"},"modified":"2022-03-08T12:47:48","modified_gmt":"2022-03-08T12:47:48","slug":"volkswagen-touareg","status":"publish","type":"page","link":"https:\/\/all-car-news.com\/fr\/trouveur-de-voiture\/volkswagen\/volkswagen-touareg\/","title":{"rendered":"Volkswagen Touareg"},"content":{"rendered":"\n<p>Le projet qui a conduit \u00e0 la premi\u00e8re Porsche Cayenne \u00e9tait une collaboration entre les marques Porsche, Volkswagen et Audi. L&rsquo;objectif \u00e9tait de cr\u00e9er un v\u00e9hicule tout-terrain offrant les caract\u00e9ristiques de conduite d&rsquo;une voiture de sport sur asphalte. En 2003, le projet de d\u00e9veloppement a \u00e9t\u00e9 achev\u00e9. Porsche a pr\u00e9sent\u00e9 le Cayenne, Volkswagen le Touareg. En 2005, Audi avait son Q7 pr\u00eat. Le Touareg porte le nom d&rsquo;une tribu nomade du Sahara.<\/p>\n\n<p>Le projet qui a conduit \u00e0 la premi\u00e8re Porsche Cayenne \u00e9tait une collaboration entre les marques Porsche, Volkswagen et Audi. L&rsquo;objectif \u00e9tait de cr\u00e9er un v\u00e9hicule tout-terrain offrant les caract\u00e9ristiques de conduite d&rsquo;une voiture de sport sur asphalte. En 2003, le projet de d\u00e9veloppement a \u00e9t\u00e9 achev\u00e9. Porsche a pr\u00e9sent\u00e9 le Cayenne, Volkswagen le Touareg. En 2005, Audi avait son Q7 pr\u00eat. Le Touareg porte le nom d&rsquo;une tribu nomade du Sahara.<\/p>\n\n<h2 class=\"wp-block-heading\"><strong>Choix<\/strong><br\/><\/h2>\n\n<p>Le Touareg \u00e9tait disponible avec une gamme de moteurs remarquablement vari\u00e9e. D&rsquo;un cinq cylindres en ligne, en passant par les V6 et VR6 \u00e0 un V8, V10 ou encore un V12. Ce dernier a r\u00e9ussi \u00e0 cracher une puissance de 450 ch. En 2007, une v\u00e9ritable version sportive a \u00e9galement \u00e9t\u00e9 introduite : la R50 bas\u00e9e sur le mod\u00e8le V10. Le Touareg a fait ses preuves pour la marque, raison suffisante pour introduire une deuxi\u00e8me g\u00e9n\u00e9ration en 2010.<\/p>\n\n<h2 class=\"wp-block-heading\"><strong>troisi\u00e8me g\u00e9n\u00e9ration<\/strong><br\/><\/h2>\n\n<p>Nous sommes maintenant pr\u00eats pour la troisi\u00e8me g\u00e9n\u00e9ration, qui est arriv\u00e9e sur le march\u00e9 fin 2018. Malgr\u00e9 l&rsquo;augmentation des dimensions et du luxe, la voiture est devenue plus l\u00e9g\u00e8re et plus \u00e9conomique que les deux premi\u00e8res g\u00e9n\u00e9rations. Sous la peau, la voiture est toujours \u00e9troitement li\u00e9e \u00e0 l&rsquo;Audi Q7 et au Volkswagen Touareg, mais des parents ont \u00e9t\u00e9 ajout\u00e9s avec l&rsquo;Audi Q8, la Bentley Bentayga et la Lamborghini Urus.<\/p>\n\n<h2 class=\"wp-block-heading\"><strong>&lsquo;disparu&rsquo;<\/strong><br\/><\/h2>\n\n<p>Fin 2020, le Touareg a silencieusement disparu du march\u00e9 n\u00e9erlandais. Il ne fait aucun doute que notre syst\u00e8me fiscal a rendu la voiture trop ch\u00e8re.<\/p>\n\n<h2 class=\"wp-block-heading\">Technique<\/h2>\n\n<figure class=\"wp-block-table is-style-stripes\"><table class=\"has-fixed-layout\"><tbody><tr><td>Type de moteur<\/td><td>essence, V6<\/td><\/tr><tr><td>D\u00e9placement<\/td><td>2 995 cm\u00b3<\/td><\/tr><tr><td>max. les atouts<\/td><td>250 kW (340 ch)<\/td><\/tr><tr><td>max. coupler<\/td><td>450 Nm<\/td><\/tr><tr><td>abeille<\/td><td>1\u00a0340 tr\/min<\/td><\/tr><tr><td>Conduire<\/td><td>4&#215;4<\/td><\/tr><tr><td>Freins de\/a<\/td><td>\u00e9tant donn\u00e9 disques\/disques<\/td><\/tr><tr><td>Cercle de braquage<\/td><td>12,2 m<\/td><\/tr><tr><td>Plage de puissance<\/td><td>170 \u00e0 310 kW<\/td><\/tr><\/tbody><\/table><\/figure>\n\n<h2 class=\"wp-block-heading\">G\u00e9n\u00e9ral<\/h2>\n\n<figure class=\"wp-block-table is-style-stripes\"><table class=\"has-fixed-layout\"><tbody><tr><td>Transmission<\/td><td>8AT<\/td><\/tr><tr><td>Type de corps<\/td><td>5-dr. VUS<\/td><\/tr><tr><td>EuroNCAP<\/td><td>5 \u00e9toiles<\/td><\/tr><tr><td>Lancement sur le march\u00e9<\/td><td>Juin 2018<\/td><\/tr><tr><td>Dernier lifting<\/td><td>N \/ A<\/td><\/tr><tr><td>Garantie<\/td><td>2 ans<\/td><\/tr><tr><td>A partir du prix<\/td><td>98 895 \u20ac<\/td><\/tr><tr><td>Les particularit\u00e9s<\/td><td>En 2019, la gamme de moteurs a \u00e9t\u00e9 \u00e9largie avec un V8 de 4,0 litres, qui n&rsquo;\u00e9tait disponible que pendant quelques mois.<\/td><\/tr><\/tbody><\/table><\/figure>\n\n<h2 class=\"wp-block-heading\">Dimensions\/poids<\/h2>\n\n<figure class=\"wp-block-table is-style-stripes\"><table class=\"has-fixed-layout\"><tbody><tr><td>L xlxh<\/td><td>4 878 x 1 984 x 1 717 mm<\/td><\/tr><tr><td>Empattement<\/td><td>2 904 mm<\/td><\/tr><tr><td>Masse vide<\/td><td>2.020 kilogrammes<\/td><\/tr><tr><td>max. selon poids<\/td><td>3 500 kilogrammes<\/td><\/tr><tr><td>suite sac. salle.<\/td><td>810 litres<\/td><\/tr><tr><td>Capacit\u00e9 du r\u00e9servoir<\/td><td>75 litres<\/td><\/tr><\/tbody><\/table><\/figure>\n\n<h2 class=\"wp-block-heading\">Consommation<\/h2>\n\n<figure class=\"wp-block-table is-style-stripes\"><table class=\"has-fixed-layout\"><tbody><tr><td>Connecticut. combin\u00e9<\/td><td>8,9 l\/100 km<\/td><\/tr><tr><td>\u00c9missions de CO\u2082<\/td><td>203g\/km<\/td><\/tr><tr><td>Etiquette \u00e9nerg\u00e9tique<\/td><td>E<\/td><\/tr><\/tbody><\/table><\/figure>\n\n<h2 class=\"wp-block-heading\">Performance<\/h2>\n\n<figure class=\"wp-block-table is-style-stripes\"><table class=\"has-fixed-layout\"><tbody><tr><td>Acc. 0-100km\/h<\/td><td>5,9 s<\/td><\/tr><tr><td>vitesse de pointe<\/td><td>250 km\/h<\/td><\/tr><\/tbody><\/table><\/figure>\n","protected":false},"excerpt":{"rendered":"<p>Le projet qui a conduit \u00e0 la premi\u00e8re Porsche Cayenne \u00e9tait une collaboration entre les marques Porsche, Volkswagen et Audi. [&hellip;]<\/p>\n","protected":false},"author":4,"featured_media":117936,"parent":117698,"menu_order":0,"comment_status":"closed","ping_status":"closed","template":"","meta":{"footnotes":""},"class_list":["post-118039","page","type-page","status-publish","has-post-thumbnail","hentry"],"acf":[],"yoast_head":"<!-- This site is optimized with the Yoast SEO plugin v21.2 - https:\/\/yoast.com\/wordpress\/plugins\/seo\/ -->\n<title>Volkswagen Touareg - All cars news<\/title>\n<meta name=\"robots\" content=\"index, follow, max-snippet:-1, max-image-preview:large, max-video-preview:-1\" \/>\n<link rel=\"canonical\" href=\"https:\/\/all-car-news.com\/fr\/trouveur-de-voiture\/volkswagen\/volkswagen-touareg\/\" \/>\n<meta property=\"og:locale\" content=\"fr_FR\" \/>\n<meta property=\"og:type\" content=\"article\" \/>\n<meta property=\"og:title\" content=\"Volkswagen Touareg - All cars news\" \/>\n<meta property=\"og:description\" content=\"Le projet qui a conduit \u00e0 la premi\u00e8re Porsche Cayenne \u00e9tait une collaboration entre les marques Porsche, Volkswagen et Audi. [&hellip;]\" \/>\n<meta property=\"og:url\" content=\"https:\/\/all-car-news.com\/fr\/trouveur-de-voiture\/volkswagen\/volkswagen-touareg\/\" \/>\n<meta property=\"og:site_name\" content=\"All cars news\" \/>\n<meta property=\"article:modified_time\" content=\"2022-03-08T12:47:48+00:00\" \/>\n<meta property=\"og:image\" content=\"https:\/\/all-car-news.com\/wp-content\/uploads\/2022\/03\/Volkswagen-Touareg-1.jpg\" \/>\n\t<meta property=\"og:image:width\" content=\"1280\" \/>\n\t<meta property=\"og:image:height\" content=\"925\" \/>\n\t<meta property=\"og:image:type\" content=\"image\/jpeg\" \/>\n<meta name=\"twitter:card\" content=\"summary_large_image\" \/>\n<meta name=\"twitter:label1\" content=\"Dur\u00e9e de lecture estim\u00e9e\" \/>\n\t<meta name=\"twitter:data1\" content=\"2 minutes\" \/>\n<script type=\"application\/ld+json\" class=\"yoast-schema-graph\">{\"@context\":\"https:\/\/schema.org\",\"@graph\":[{\"@type\":\"WebPage\",\"@id\":\"https:\/\/all-car-news.com\/fr\/trouveur-de-voiture\/volkswagen\/volkswagen-touareg\/\",\"url\":\"https:\/\/all-car-news.com\/fr\/trouveur-de-voiture\/volkswagen\/volkswagen-touareg\/\",\"name\":\"Volkswagen Touareg - All cars news\",\"isPartOf\":{\"@id\":\"https:\/\/all-car-news.com\/fr\/#website\"},\"datePublished\":\"2022-03-08T12:47:32+00:00\",\"dateModified\":\"2022-03-08T12:47:48+00:00\",\"breadcrumb\":{\"@id\":\"https:\/\/all-car-news.com\/fr\/trouveur-de-voiture\/volkswagen\/volkswagen-touareg\/#breadcrumb\"},\"inLanguage\":\"fr-FR\",\"potentialAction\":[{\"@type\":\"ReadAction\",\"target\":[\"https:\/\/all-car-news.com\/fr\/trouveur-de-voiture\/volkswagen\/volkswagen-touareg\/\"]}]},{\"@type\":\"BreadcrumbList\",\"@id\":\"https:\/\/all-car-news.com\/fr\/trouveur-de-voiture\/volkswagen\/volkswagen-touareg\/#breadcrumb\",\"itemListElement\":[{\"@type\":\"ListItem\",\"position\":1,\"name\":\"Home\",\"item\":\"https:\/\/all-car-news.com\/fr\/\"},{\"@type\":\"ListItem\",\"position\":2,\"name\":\"trouveur de voiture\",\"item\":\"https:\/\/all-car-news.com\/fr\/trouveur-de-voiture\/\"},{\"@type\":\"ListItem\",\"position\":3,\"name\":\"Volkswagen\",\"item\":\"https:\/\/all-car-news.com\/fr\/trouveur-de-voiture\/volkswagen\/\"},{\"@type\":\"ListItem\",\"position\":4,\"name\":\"Volkswagen Touareg\"}]},{\"@type\":\"WebSite\",\"@id\":\"https:\/\/all-car-news.com\/fr\/#website\",\"url\":\"https:\/\/all-car-news.com\/fr\/\",\"name\":\"All cars news\",\"description\":\"\",\"publisher\":{\"@id\":\"https:\/\/all-car-news.com\/fr\/#organization\"},\"potentialAction\":[{\"@type\":\"SearchAction\",\"target\":{\"@type\":\"EntryPoint\",\"urlTemplate\":\"https:\/\/all-car-news.com\/fr\/?s={search_term_string}\"},\"query-input\":\"required name=search_term_string\"}],\"inLanguage\":\"fr-FR\"},{\"@type\":\"Organization\",\"@id\":\"https:\/\/all-car-news.com\/fr\/#organization\",\"name\":\"All cars news\",\"url\":\"https:\/\/all-car-news.com\/fr\/\",\"logo\":{\"@type\":\"ImageObject\",\"inLanguage\":\"fr-FR\",\"@id\":\"https:\/\/all-car-news.com\/fr\/#\/schema\/logo\/image\/\",\"url\":\"https:\/\/all-car-news.com\/wp-content\/uploads\/2022\/02\/CMYK-AllCarNews_LANDSCAPE_300px-1.png\",\"contentUrl\":\"https:\/\/all-car-news.com\/wp-content\/uploads\/2022\/02\/CMYK-AllCarNews_LANDSCAPE_300px-1.png\",\"width\":300,\"height\":100,\"caption\":\"All cars news\"},\"image\":{\"@id\":\"https:\/\/all-car-news.com\/fr\/#\/schema\/logo\/image\/\"}}]}<\/script>\n<!-- \/ Yoast SEO plugin. -->","yoast_head_json":{"title":"Volkswagen Touareg - All cars news","robots":{"index":"index","follow":"follow","max-snippet":"max-snippet:-1","max-image-preview":"max-image-preview:large","max-video-preview":"max-video-preview:-1"},"canonical":"https:\/\/all-car-news.com\/fr\/trouveur-de-voiture\/volkswagen\/volkswagen-touareg\/","og_locale":"fr_FR","og_type":"article","og_title":"Volkswagen Touareg - All cars news","og_description":"Le projet qui a conduit \u00e0 la premi\u00e8re Porsche Cayenne \u00e9tait une collaboration entre les marques Porsche, Volkswagen et Audi. [&hellip;]","og_url":"https:\/\/all-car-news.com\/fr\/trouveur-de-voiture\/volkswagen\/volkswagen-touareg\/","og_site_name":"All cars news","article_modified_time":"2022-03-08T12:47:48+00:00","og_image":[{"width":1280,"height":925,"url":"https:\/\/all-car-news.com\/wp-content\/uploads\/2022\/03\/Volkswagen-Touareg-1.jpg","type":"image\/jpeg"}],"twitter_card":"summary_large_image","twitter_misc":{"Dur\u00e9e de lecture estim\u00e9e":"2 minutes"},"schema":{"@context":"https:\/\/schema.org","@graph":[{"@type":"WebPage","@id":"https:\/\/all-car-news.com\/fr\/trouveur-de-voiture\/volkswagen\/volkswagen-touareg\/","url":"https:\/\/all-car-news.com\/fr\/trouveur-de-voiture\/volkswagen\/volkswagen-touareg\/","name":"Volkswagen Touareg - All cars news","isPartOf":{"@id":"https:\/\/all-car-news.com\/fr\/#website"},"datePublished":"2022-03-08T12:47:32+00:00","dateModified":"2022-03-08T12:47:48+00:00","breadcrumb":{"@id":"https:\/\/all-car-news.com\/fr\/trouveur-de-voiture\/volkswagen\/volkswagen-touareg\/#breadcrumb"},"inLanguage":"fr-FR","potentialAction":[{"@type":"ReadAction","target":["https:\/\/all-car-news.com\/fr\/trouveur-de-voiture\/volkswagen\/volkswagen-touareg\/"]}]},{"@type":"BreadcrumbList","@id":"https:\/\/all-car-news.com\/fr\/trouveur-de-voiture\/volkswagen\/volkswagen-touareg\/#breadcrumb","itemListElement":[{"@type":"ListItem","position":1,"name":"Home","item":"https:\/\/all-car-news.com\/fr\/"},{"@type":"ListItem","position":2,"name":"trouveur de voiture","item":"https:\/\/all-car-news.com\/fr\/trouveur-de-voiture\/"},{"@type":"ListItem","position":3,"name":"Volkswagen","item":"https:\/\/all-car-news.com\/fr\/trouveur-de-voiture\/volkswagen\/"},{"@type":"ListItem","position":4,"name":"Volkswagen Touareg"}]},{"@type":"WebSite","@id":"https:\/\/all-car-news.com\/fr\/#website","url":"https:\/\/all-car-news.com\/fr\/","name":"All cars news","description":"","publisher":{"@id":"https:\/\/all-car-news.com\/fr\/#organization"},"potentialAction":[{"@type":"SearchAction","target":{"@type":"EntryPoint","urlTemplate":"https:\/\/all-car-news.com\/fr\/?s={search_term_string}"},"query-input":"required name=search_term_string"}],"inLanguage":"fr-FR"},{"@type":"Organization","@id":"https:\/\/all-car-news.com\/fr\/#organization","name":"All cars news","url":"https:\/\/all-car-news.com\/fr\/","logo":{"@type":"ImageObject","inLanguage":"fr-FR","@id":"https:\/\/all-car-news.com\/fr\/#\/schema\/logo\/image\/","url":"https:\/\/all-car-news.com\/wp-content\/uploads\/2022\/02\/CMYK-AllCarNews_LANDSCAPE_300px-1.png","contentUrl":"https:\/\/all-car-news.com\/wp-content\/uploads\/2022\/02\/CMYK-AllCarNews_LANDSCAPE_300px-1.png","width":300,"height":100,"caption":"All cars news"},"image":{"@id":"https:\/\/all-car-news.com\/fr\/#\/schema\/logo\/image\/"}}]}},"_links":{"self":[{"href":"https:\/\/all-car-news.com\/fr\/wp-json\/wp\/v2\/pages\/118039","targetHints":{"allow":["GET"]}}],"collection":[{"href":"https:\/\/all-car-news.com\/fr\/wp-json\/wp\/v2\/pages"}],"about":[{"href":"https:\/\/all-car-news.com\/fr\/wp-json\/wp\/v2\/types\/page"}],"author":[{"embeddable":true,"href":"https:\/\/all-car-news.com\/fr\/wp-json\/wp\/v2\/users\/4"}],"replies":[{"embeddable":true,"href":"https:\/\/all-car-news.com\/fr\/wp-json\/wp\/v2\/comments?post=118039"}],"version-history":[{"count":0,"href":"https:\/\/all-car-news.com\/fr\/wp-json\/wp\/v2\/pages\/118039\/revisions"}],"up":[{"embeddable":true,"href":"https:\/\/all-car-news.com\/fr\/wp-json\/wp\/v2\/pages\/117698"}],"wp:featuredmedia":[{"embeddable":true,"href":"https:\/\/all-car-news.com\/fr\/wp-json\/wp\/v2\/media\/117936"}],"wp:attachment":[{"href":"https:\/\/all-car-news.com\/fr\/wp-json\/wp\/v2\/media?parent=118039"}],"curies":[{"name":"wp","href":"https:\/\/api.w.org\/{rel}","templated":true}]}}