{"id":118008,"date":"2022-03-08T12:46:55","date_gmt":"2022-03-08T12:46:55","guid":{"rendered":"https:\/\/all-car-news.com\/trouveur-de-voiture\/volkswagen\/volkswagen-troc\/"},"modified":"2022-03-08T12:47:04","modified_gmt":"2022-03-08T12:47:04","slug":"volkswagen-troc","status":"publish","type":"page","link":"https:\/\/all-car-news.com\/fr\/trouveur-de-voiture\/volkswagen\/volkswagen-troc\/","title":{"rendered":"Volkswagen Troc"},"content":{"rendered":"\n<p>En 2017, il \u00e9tait temps pour l&rsquo;expansion du mod\u00e8le. En 2017, Volkswagen a pr\u00e9sent\u00e9 la version de production du T-Roc, une voiture qui peut \u00eatre consid\u00e9r\u00e9e comme l&rsquo;alternative multisegment \u00e0 la Golf. Malheureusement, la voiture n&rsquo;\u00e9tait pas une version de production individuelle du concept T-Roc 2014, mais elle reste une voiture bien con\u00e7ue.<\/p>\n\n<p>En 2017, il \u00e9tait temps pour l&rsquo;expansion du mod\u00e8le. En 2017, Volkswagen a pr\u00e9sent\u00e9 la version de production du T-Roc, une voiture qui peut \u00eatre consid\u00e9r\u00e9e comme l&rsquo;alternative multisegment \u00e0 la Golf. Malheureusement, la voiture n&rsquo;\u00e9tait pas une version de production individuelle du concept T-Roc 2014, mais elle reste une voiture bien con\u00e7ue.<\/p>\n\n<h2 class=\"wp-block-heading\"><strong>Offensive crois\u00e9e<\/strong><br\/><\/h2>\n\n<p>Le T-Roc fait partie de toute une offensive mod\u00e8le dans le domaine des crossovers principalement compacts. Dans la gamme actuelle, le mod\u00e8le s&rsquo;int\u00e8gre parfaitement entre le plus grand Tiguan et le plus petit T-Cross introduit plus tard. S&rsquo;il peut s&rsquo;agir d&rsquo;une taille plus grande, l&rsquo;Atlas et l&rsquo;Atlas Cross Sport sont toujours disponibles hors Europe.<\/p>\n\n<h2 class=\"wp-block-heading\"><strong>convertible<\/strong><br\/><\/h2>\n\n<p>Il y a de la place pour encore plus de mod\u00e8les, car Volkswagen a de s\u00e9rieux projets pour une version cabriolet du T-Roc. On pouvait se demander si le mod\u00e8le entrerait r\u00e9ellement en production, mais cela arrivera vraiment. La version ouverte du T-Roc est dans le showroom depuis d\u00e9but 2020.<\/p>\n\n<h2 class=\"wp-block-heading\">Technique<\/h2>\n\n<figure class=\"wp-block-table is-style-stripes\"><table class=\"has-fixed-layout\"><tbody><tr><td>Type de moteur<\/td><td>essence, ligne 3 cylindres<\/td><\/tr><tr><td>D\u00e9placement<\/td><td>999 cm\u00b3<\/td><\/tr><tr><td>max. les atouts<\/td><td>85 kW (115 ch)<\/td><\/tr><tr><td>max. coupler<\/td><td>200 Nm<\/td><\/tr><tr><td>abeille<\/td><td>2 000 tr\/min<\/td><\/tr><tr><td>Conduire<\/td><td>roues avant<\/td><\/tr><tr><td>Freins de\/a<\/td><td>\u00e9tant donn\u00e9 disques\/disques<\/td><\/tr><tr><td>Cercle de braquage<\/td><td>11,1 m<\/td><\/tr><tr><td>Plage de puissance<\/td><td>85 \u00e0 140kW<\/td><\/tr><\/tbody><\/table><\/figure>\n\n<h2 class=\"wp-block-heading\">G\u00e9n\u00e9ral<\/h2>\n\n<figure class=\"wp-block-table is-style-stripes\"><table class=\"has-fixed-layout\"><tbody><tr><td>Transmission<\/td><td>6MT<\/td><\/tr><tr><td>Type de corps<\/td><td>5-dr. VUS<\/td><\/tr><tr><td>EuroNCAP<\/td><td>5 \u00e9toiles<\/td><\/tr><tr><td>Lancement sur le march\u00e9<\/td><td>D\u00e9c 2017<\/td><\/tr><tr><td>Dernier lifting<\/td><td>N \/ A<\/td><\/tr><tr><td>Garantie<\/td><td>4 ann\u00e9es<\/td><\/tr><tr><td>A partir du prix<\/td><td>29 505 \u20ac<\/td><\/tr><tr><td>Les particularit\u00e9s<\/td><td>Au printemps 2020, le T-Roc sera \u00e9galement disponible en cabriolet.<\/td><\/tr><\/tbody><\/table><\/figure>\n\n<h2 class=\"wp-block-heading\">Dimensions\/poids<\/h2>\n\n<figure class=\"wp-block-table is-style-stripes\"><table class=\"has-fixed-layout\"><tbody><tr><td>L xlxh<\/td><td>4 234 x 1 819 x 1 573 mm<\/td><\/tr><tr><td>Empattement<\/td><td>2 590 mm<\/td><\/tr><tr><td>Masse vide<\/td><td>1 170 kilogrammes<\/td><\/tr><tr><td>max. selon poids<\/td><td>1 300 kilogrammes<\/td><\/tr><tr><td>suite sac. salle.<\/td><td>445 litres<\/td><\/tr><tr><td>Capacit\u00e9 du r\u00e9servoir<\/td><td>50 litres<\/td><\/tr><\/tbody><\/table><\/figure>\n\n<h2 class=\"wp-block-heading\">Consommation<\/h2>\n\n<figure class=\"wp-block-table is-style-stripes\"><table class=\"has-fixed-layout\"><tbody><tr><td>Connecticut. combin\u00e9<\/td><td>5,2 l\/100 km<\/td><\/tr><tr><td>\u00c9missions de CO\u2082<\/td><td>119g\/km<\/td><\/tr><tr><td>Etiquette \u00e9nerg\u00e9tique<\/td><td>C<\/td><\/tr><\/tbody><\/table><\/figure>\n\n<h2 class=\"wp-block-heading\">Performance<\/h2>\n\n<figure class=\"wp-block-table is-style-stripes\"><table class=\"has-fixed-layout\"><tbody><tr><td>Acc. 0-100km\/h<\/td><td>10,1 s<\/td><\/tr><tr><td>vitesse de pointe<\/td><td>187 km\/h<\/td><\/tr><\/tbody><\/table><\/figure>\n","protected":false},"excerpt":{"rendered":"<p>En 2017, il \u00e9tait temps pour l&rsquo;expansion du mod\u00e8le. En 2017, Volkswagen a pr\u00e9sent\u00e9 la version de production du T-Roc, [&hellip;]<\/p>\n","protected":false},"author":4,"featured_media":117888,"parent":117698,"menu_order":0,"comment_status":"closed","ping_status":"closed","template":"","meta":{"footnotes":""},"class_list":["post-118008","page","type-page","status-publish","has-post-thumbnail","hentry"],"acf":[],"yoast_head":"<!-- This site is optimized with the Yoast SEO plugin v21.2 - https:\/\/yoast.com\/wordpress\/plugins\/seo\/ -->\n<title>Volkswagen Troc - All cars news<\/title>\n<meta name=\"robots\" content=\"index, follow, max-snippet:-1, max-image-preview:large, max-video-preview:-1\" \/>\n<link rel=\"canonical\" href=\"https:\/\/all-car-news.com\/fr\/trouveur-de-voiture\/volkswagen\/volkswagen-troc\/\" \/>\n<meta property=\"og:locale\" content=\"fr_FR\" \/>\n<meta property=\"og:type\" content=\"article\" \/>\n<meta property=\"og:title\" content=\"Volkswagen Troc - All cars news\" \/>\n<meta property=\"og:description\" content=\"En 2017, il \u00e9tait temps pour l&rsquo;expansion du mod\u00e8le. En 2017, Volkswagen a pr\u00e9sent\u00e9 la version de production du T-Roc, [&hellip;]\" \/>\n<meta property=\"og:url\" content=\"https:\/\/all-car-news.com\/fr\/trouveur-de-voiture\/volkswagen\/volkswagen-troc\/\" \/>\n<meta property=\"og:site_name\" content=\"All cars news\" \/>\n<meta property=\"article:modified_time\" content=\"2022-03-08T12:47:04+00:00\" \/>\n<meta property=\"og:image\" content=\"https:\/\/all-car-news.com\/wp-content\/uploads\/2022\/03\/Volkswagen-T-Roc-1.jpg\" \/>\n\t<meta property=\"og:image:width\" content=\"1280\" \/>\n\t<meta property=\"og:image:height\" content=\"922\" \/>\n\t<meta property=\"og:image:type\" content=\"image\/jpeg\" \/>\n<meta name=\"twitter:card\" content=\"summary_large_image\" \/>\n<meta name=\"twitter:label1\" content=\"Dur\u00e9e de lecture estim\u00e9e\" \/>\n\t<meta name=\"twitter:data1\" content=\"2 minutes\" \/>\n<script type=\"application\/ld+json\" class=\"yoast-schema-graph\">{\"@context\":\"https:\/\/schema.org\",\"@graph\":[{\"@type\":\"WebPage\",\"@id\":\"https:\/\/all-car-news.com\/fr\/trouveur-de-voiture\/volkswagen\/volkswagen-troc\/\",\"url\":\"https:\/\/all-car-news.com\/fr\/trouveur-de-voiture\/volkswagen\/volkswagen-troc\/\",\"name\":\"Volkswagen Troc - All cars news\",\"isPartOf\":{\"@id\":\"https:\/\/all-car-news.com\/fr\/#website\"},\"datePublished\":\"2022-03-08T12:46:55+00:00\",\"dateModified\":\"2022-03-08T12:47:04+00:00\",\"breadcrumb\":{\"@id\":\"https:\/\/all-car-news.com\/fr\/trouveur-de-voiture\/volkswagen\/volkswagen-troc\/#breadcrumb\"},\"inLanguage\":\"fr-FR\",\"potentialAction\":[{\"@type\":\"ReadAction\",\"target\":[\"https:\/\/all-car-news.com\/fr\/trouveur-de-voiture\/volkswagen\/volkswagen-troc\/\"]}]},{\"@type\":\"BreadcrumbList\",\"@id\":\"https:\/\/all-car-news.com\/fr\/trouveur-de-voiture\/volkswagen\/volkswagen-troc\/#breadcrumb\",\"itemListElement\":[{\"@type\":\"ListItem\",\"position\":1,\"name\":\"Home\",\"item\":\"https:\/\/all-car-news.com\/fr\/\"},{\"@type\":\"ListItem\",\"position\":2,\"name\":\"trouveur de voiture\",\"item\":\"https:\/\/all-car-news.com\/fr\/trouveur-de-voiture\/\"},{\"@type\":\"ListItem\",\"position\":3,\"name\":\"Volkswagen\",\"item\":\"https:\/\/all-car-news.com\/fr\/trouveur-de-voiture\/volkswagen\/\"},{\"@type\":\"ListItem\",\"position\":4,\"name\":\"Volkswagen Troc\"}]},{\"@type\":\"WebSite\",\"@id\":\"https:\/\/all-car-news.com\/fr\/#website\",\"url\":\"https:\/\/all-car-news.com\/fr\/\",\"name\":\"All cars news\",\"description\":\"\",\"publisher\":{\"@id\":\"https:\/\/all-car-news.com\/fr\/#organization\"},\"potentialAction\":[{\"@type\":\"SearchAction\",\"target\":{\"@type\":\"EntryPoint\",\"urlTemplate\":\"https:\/\/all-car-news.com\/fr\/?s={search_term_string}\"},\"query-input\":\"required name=search_term_string\"}],\"inLanguage\":\"fr-FR\"},{\"@type\":\"Organization\",\"@id\":\"https:\/\/all-car-news.com\/fr\/#organization\",\"name\":\"All cars news\",\"url\":\"https:\/\/all-car-news.com\/fr\/\",\"logo\":{\"@type\":\"ImageObject\",\"inLanguage\":\"fr-FR\",\"@id\":\"https:\/\/all-car-news.com\/fr\/#\/schema\/logo\/image\/\",\"url\":\"https:\/\/all-car-news.com\/wp-content\/uploads\/2022\/02\/CMYK-AllCarNews_LANDSCAPE_300px-1.png\",\"contentUrl\":\"https:\/\/all-car-news.com\/wp-content\/uploads\/2022\/02\/CMYK-AllCarNews_LANDSCAPE_300px-1.png\",\"width\":300,\"height\":100,\"caption\":\"All cars news\"},\"image\":{\"@id\":\"https:\/\/all-car-news.com\/fr\/#\/schema\/logo\/image\/\"}}]}<\/script>\n<!-- \/ Yoast SEO plugin. -->","yoast_head_json":{"title":"Volkswagen Troc - All cars news","robots":{"index":"index","follow":"follow","max-snippet":"max-snippet:-1","max-image-preview":"max-image-preview:large","max-video-preview":"max-video-preview:-1"},"canonical":"https:\/\/all-car-news.com\/fr\/trouveur-de-voiture\/volkswagen\/volkswagen-troc\/","og_locale":"fr_FR","og_type":"article","og_title":"Volkswagen Troc - All cars news","og_description":"En 2017, il \u00e9tait temps pour l&rsquo;expansion du mod\u00e8le. En 2017, Volkswagen a pr\u00e9sent\u00e9 la version de production du T-Roc, [&hellip;]","og_url":"https:\/\/all-car-news.com\/fr\/trouveur-de-voiture\/volkswagen\/volkswagen-troc\/","og_site_name":"All cars news","article_modified_time":"2022-03-08T12:47:04+00:00","og_image":[{"width":1280,"height":922,"url":"https:\/\/all-car-news.com\/wp-content\/uploads\/2022\/03\/Volkswagen-T-Roc-1.jpg","type":"image\/jpeg"}],"twitter_card":"summary_large_image","twitter_misc":{"Dur\u00e9e de lecture estim\u00e9e":"2 minutes"},"schema":{"@context":"https:\/\/schema.org","@graph":[{"@type":"WebPage","@id":"https:\/\/all-car-news.com\/fr\/trouveur-de-voiture\/volkswagen\/volkswagen-troc\/","url":"https:\/\/all-car-news.com\/fr\/trouveur-de-voiture\/volkswagen\/volkswagen-troc\/","name":"Volkswagen Troc - All cars news","isPartOf":{"@id":"https:\/\/all-car-news.com\/fr\/#website"},"datePublished":"2022-03-08T12:46:55+00:00","dateModified":"2022-03-08T12:47:04+00:00","breadcrumb":{"@id":"https:\/\/all-car-news.com\/fr\/trouveur-de-voiture\/volkswagen\/volkswagen-troc\/#breadcrumb"},"inLanguage":"fr-FR","potentialAction":[{"@type":"ReadAction","target":["https:\/\/all-car-news.com\/fr\/trouveur-de-voiture\/volkswagen\/volkswagen-troc\/"]}]},{"@type":"BreadcrumbList","@id":"https:\/\/all-car-news.com\/fr\/trouveur-de-voiture\/volkswagen\/volkswagen-troc\/#breadcrumb","itemListElement":[{"@type":"ListItem","position":1,"name":"Home","item":"https:\/\/all-car-news.com\/fr\/"},{"@type":"ListItem","position":2,"name":"trouveur de voiture","item":"https:\/\/all-car-news.com\/fr\/trouveur-de-voiture\/"},{"@type":"ListItem","position":3,"name":"Volkswagen","item":"https:\/\/all-car-news.com\/fr\/trouveur-de-voiture\/volkswagen\/"},{"@type":"ListItem","position":4,"name":"Volkswagen Troc"}]},{"@type":"WebSite","@id":"https:\/\/all-car-news.com\/fr\/#website","url":"https:\/\/all-car-news.com\/fr\/","name":"All cars news","description":"","publisher":{"@id":"https:\/\/all-car-news.com\/fr\/#organization"},"potentialAction":[{"@type":"SearchAction","target":{"@type":"EntryPoint","urlTemplate":"https:\/\/all-car-news.com\/fr\/?s={search_term_string}"},"query-input":"required name=search_term_string"}],"inLanguage":"fr-FR"},{"@type":"Organization","@id":"https:\/\/all-car-news.com\/fr\/#organization","name":"All cars news","url":"https:\/\/all-car-news.com\/fr\/","logo":{"@type":"ImageObject","inLanguage":"fr-FR","@id":"https:\/\/all-car-news.com\/fr\/#\/schema\/logo\/image\/","url":"https:\/\/all-car-news.com\/wp-content\/uploads\/2022\/02\/CMYK-AllCarNews_LANDSCAPE_300px-1.png","contentUrl":"https:\/\/all-car-news.com\/wp-content\/uploads\/2022\/02\/CMYK-AllCarNews_LANDSCAPE_300px-1.png","width":300,"height":100,"caption":"All cars news"},"image":{"@id":"https:\/\/all-car-news.com\/fr\/#\/schema\/logo\/image\/"}}]}},"_links":{"self":[{"href":"https:\/\/all-car-news.com\/fr\/wp-json\/wp\/v2\/pages\/118008","targetHints":{"allow":["GET"]}}],"collection":[{"href":"https:\/\/all-car-news.com\/fr\/wp-json\/wp\/v2\/pages"}],"about":[{"href":"https:\/\/all-car-news.com\/fr\/wp-json\/wp\/v2\/types\/page"}],"author":[{"embeddable":true,"href":"https:\/\/all-car-news.com\/fr\/wp-json\/wp\/v2\/users\/4"}],"replies":[{"embeddable":true,"href":"https:\/\/all-car-news.com\/fr\/wp-json\/wp\/v2\/comments?post=118008"}],"version-history":[{"count":0,"href":"https:\/\/all-car-news.com\/fr\/wp-json\/wp\/v2\/pages\/118008\/revisions"}],"up":[{"embeddable":true,"href":"https:\/\/all-car-news.com\/fr\/wp-json\/wp\/v2\/pages\/117698"}],"wp:featuredmedia":[{"embeddable":true,"href":"https:\/\/all-car-news.com\/fr\/wp-json\/wp\/v2\/media\/117888"}],"wp:attachment":[{"href":"https:\/\/all-car-news.com\/fr\/wp-json\/wp\/v2\/media?parent=118008"}],"curies":[{"name":"wp","href":"https:\/\/api.w.org\/{rel}","templated":true}]}}