{"id":117829,"date":"2022-03-08T10:51:51","date_gmt":"2022-03-08T10:51:51","guid":{"rendered":"https:\/\/all-car-news.com\/trouveur-de-voiture\/volkswagen\/frein-de-tir-volkswagen-arteon\/"},"modified":"2022-03-08T10:51:56","modified_gmt":"2022-03-08T10:51:56","slug":"frein-de-tir-volkswagen-arteon","status":"publish","type":"page","link":"https:\/\/all-car-news.com\/fr\/trouveur-de-voiture\/volkswagen\/frein-de-tir-volkswagen-arteon\/","title":{"rendered":"Frein de tir Volkswagen Arteon"},"content":{"rendered":"\n<p>L&rsquo;histoire de la Volkswagen Arteon commence en 2008. La premi\u00e8re Mercedes-Benz CLS de 2004 a lanc\u00e9 une nouvelle tendance : la berline aux allures de coup\u00e9. Volkswagen a pris ce niveau inf\u00e9rieur en 2008 avec l&rsquo;introduction de la Passat CC. En effet : une berline aux lignes fluides de type coup\u00e9 sur la base technique de la populaire Passat.<\/p>\n\n<p>L&rsquo;histoire de la Volkswagen Arteon commence en 2008. La premi\u00e8re Mercedes-Benz CLS de 2004 a lanc\u00e9 une nouvelle tendance : la berline aux allures de coup\u00e9. Volkswagen a pris ce niveau inf\u00e9rieur en 2008 avec l&rsquo;introduction de la Passat CC. En effet : une berline aux lignes fluides de type coup\u00e9 sur la base technique de la populaire Passat.<\/p>\n\n<h2 class=\"wp-block-heading\"><strong>lifting<\/strong><br\/><\/h2>\n\n<p>Apr\u00e8s la modernisation en profondeur de la Passat en 2010, il \u00e9tait temps de faire peau neuve pour la CC en 2012. La voiture a re\u00e7u un nouvel avant et un nouvel arri\u00e8re pour correspondre au reste de la gamme Volkswagen. De plus, le nom du type a \u00e9t\u00e9 raccourci \u00e0 juste \u00abCC\u00bb, afin de cr\u00e9er plus de distance avec la Passat. Cependant, le CC n&rsquo;a jamais r\u00e9ussi \u00e0 atteindre les chiffres de vente attendus. Lorsque les ventes ont encore chut\u00e9, il \u00e9tait temps de faire quelque chose de diff\u00e9rent, avec un nouveau mod\u00e8le : l&rsquo;Arteon.<\/p>\n\n<h2 class=\"wp-block-heading\"><strong>en haut<\/strong><br\/><\/h2>\n\n<p>L&rsquo;Arteon est arriv\u00e9e sur le march\u00e9 en 2017. La voiture avait toujours une forme de carrosserie similaire, mais \u00e9tait d\u00e9sormais positionn\u00e9e plus haut sur le march\u00e9, avec force comme un mod\u00e8le au-dessus de la Passat. L&rsquo;Arteon est le nouveau vaisseau amiral de la marque dans la gamme de mod\u00e8les europ\u00e9ens. Volkswagen semble sur la bonne voie avec l&rsquo;Arteon : la voiture se vend nettement mieux que la CC. En 2020, l&rsquo;Arteon fait peau neuve et un nouveau style de carrosserie fait son apparition : le Shooting Brake.<\/p>\n\n<h2 class=\"wp-block-heading\">Technique<\/h2>\n\n<figure class=\"wp-block-table is-style-stripes\"><table class=\"has-fixed-layout\"><tbody><tr><td>Type de moteur<\/td><td>essence, ligne 4 cylindres<\/td><\/tr><tr><td>D\u00e9placement<\/td><td>1 984 cm\u00b3<\/td><\/tr><tr><td>max. les atouts<\/td><td>140 kW (190 ch)<\/td><\/tr><tr><td>abeille<\/td><td>5\u00a0100 tr\/min<\/td><\/tr><tr><td>max. coupler<\/td><td>320 Nm<\/td><\/tr><tr><td>abeille<\/td><td>1\u00a0500 tr\/min<\/td><\/tr><tr><td>Conduire<\/td><td>roues avant<\/td><\/tr><tr><td>Freins de\/a<\/td><td>\u00e9tant donn\u00e9 disques\/disques<\/td><\/tr><tr><td>Cercle de braquage<\/td><td>11,9 m<\/td><\/tr><tr><td>Plage de puissance<\/td><td>140 \u00e0 160kW<\/td><\/tr><\/tbody><\/table><\/figure>\n\n<h2 class=\"wp-block-heading\">G\u00e9n\u00e9ral<\/h2>\n\n<figure class=\"wp-block-table is-style-stripes\"><table class=\"has-fixed-layout\"><tbody><tr><td>Transmission<\/td><td>7AT<\/td><\/tr><tr><td>Type de corps<\/td><td>5-dr. break<\/td><\/tr><tr><td>EuroNCAP<\/td><td>5 \u00e9toiles<\/td><\/tr><tr><td>Lancement sur le march\u00e9<\/td><td>Septembre 2020<\/td><\/tr><tr><td>Dernier lifting<\/td><td>N \/ A<\/td><\/tr><tr><td>Garantie<\/td><td>4 ann\u00e9es<\/td><\/tr><tr><td>A partir du prix<\/td><td>51 690 \u20ac<\/td><\/tr><\/tbody><\/table><\/figure>\n\n<h2 class=\"wp-block-heading\">Dimensions\/poids<\/h2>\n\n<figure class=\"wp-block-table is-style-stripes\"><table class=\"has-fixed-layout\"><tbody><tr><td>La taille des pneus<\/td><td>245\/45R18<\/td><\/tr><tr><td>L xlxh<\/td><td>4 866 x 1 871 x 1 462 mm<\/td><\/tr><tr><td>Empattement<\/td><td>2 837 mm<\/td><\/tr><tr><td>Masse vide<\/td><td>1 625 kilogrammes<\/td><\/tr><tr><td>max. selon poids<\/td><td>1 800 kilogrammes<\/td><\/tr><tr><td>suite sac. salle.<\/td><td>565 litres<\/td><\/tr><tr><td>Capacit\u00e9 du r\u00e9servoir<\/td><td>66 litres<\/td><\/tr><\/tbody><\/table><\/figure>\n\n<h2 class=\"wp-block-heading\">Consommation<\/h2>\n\n<figure class=\"wp-block-table is-style-stripes\"><table class=\"has-fixed-layout\"><tbody><tr><td>Connecticut. combin\u00e9<\/td><td>7,0 l\/100 km<\/td><\/tr><tr><td>\u00c9missions de CO\u2082<\/td><td>160g\/km<\/td><\/tr><\/tbody><\/table><\/figure>\n\n<h2 class=\"wp-block-heading\">Performance<\/h2>\n\n<figure class=\"wp-block-table is-style-stripes\"><table class=\"has-fixed-layout\"><tbody><tr><td>Acc. 0-100km\/h<\/td><td>7,9 s<\/td><\/tr><tr><td>vitesse de pointe<\/td><td>233 km\/h<\/td><\/tr><\/tbody><\/table><\/figure>\n","protected":false},"excerpt":{"rendered":"<p>L&rsquo;histoire de la Volkswagen Arteon commence en 2008. La premi\u00e8re Mercedes-Benz CLS de 2004 a lanc\u00e9 une nouvelle tendance : [&hellip;]<\/p>\n","protected":false},"author":4,"featured_media":117793,"parent":117698,"menu_order":0,"comment_status":"closed","ping_status":"closed","template":"","meta":{"footnotes":""},"class_list":["post-117829","page","type-page","status-publish","has-post-thumbnail","hentry"],"acf":[],"yoast_head":"<!-- This site is optimized with the Yoast SEO plugin v21.2 - https:\/\/yoast.com\/wordpress\/plugins\/seo\/ -->\n<title>Frein de tir Volkswagen Arteon - All cars news<\/title>\n<meta name=\"robots\" content=\"index, follow, max-snippet:-1, max-image-preview:large, max-video-preview:-1\" \/>\n<link rel=\"canonical\" href=\"https:\/\/all-car-news.com\/fr\/trouveur-de-voiture\/volkswagen\/frein-de-tir-volkswagen-arteon\/\" \/>\n<meta property=\"og:locale\" content=\"fr_FR\" \/>\n<meta property=\"og:type\" content=\"article\" \/>\n<meta property=\"og:title\" content=\"Frein de tir Volkswagen Arteon - All cars news\" \/>\n<meta property=\"og:description\" content=\"L&rsquo;histoire de la Volkswagen Arteon commence en 2008. La premi\u00e8re Mercedes-Benz CLS de 2004 a lanc\u00e9 une nouvelle tendance : [&hellip;]\" \/>\n<meta property=\"og:url\" content=\"https:\/\/all-car-news.com\/fr\/trouveur-de-voiture\/volkswagen\/frein-de-tir-volkswagen-arteon\/\" \/>\n<meta property=\"og:site_name\" content=\"All cars news\" \/>\n<meta property=\"article:modified_time\" content=\"2022-03-08T10:51:56+00:00\" \/>\n<meta property=\"og:image\" content=\"https:\/\/all-car-news.com\/wp-content\/uploads\/2022\/03\/Volkswagen-Arteon-Shooting-Brake-2.jpg\" \/>\n\t<meta property=\"og:image:width\" content=\"1021\" \/>\n\t<meta property=\"og:image:height\" content=\"736\" \/>\n\t<meta property=\"og:image:type\" content=\"image\/jpeg\" \/>\n<meta name=\"twitter:card\" content=\"summary_large_image\" \/>\n<meta name=\"twitter:label1\" content=\"Dur\u00e9e de lecture estim\u00e9e\" \/>\n\t<meta name=\"twitter:data1\" content=\"2 minutes\" \/>\n<script type=\"application\/ld+json\" class=\"yoast-schema-graph\">{\"@context\":\"https:\/\/schema.org\",\"@graph\":[{\"@type\":\"WebPage\",\"@id\":\"https:\/\/all-car-news.com\/fr\/trouveur-de-voiture\/volkswagen\/frein-de-tir-volkswagen-arteon\/\",\"url\":\"https:\/\/all-car-news.com\/fr\/trouveur-de-voiture\/volkswagen\/frein-de-tir-volkswagen-arteon\/\",\"name\":\"Frein de tir Volkswagen Arteon - All cars news\",\"isPartOf\":{\"@id\":\"https:\/\/all-car-news.com\/fr\/#website\"},\"datePublished\":\"2022-03-08T10:51:51+00:00\",\"dateModified\":\"2022-03-08T10:51:56+00:00\",\"breadcrumb\":{\"@id\":\"https:\/\/all-car-news.com\/fr\/trouveur-de-voiture\/volkswagen\/frein-de-tir-volkswagen-arteon\/#breadcrumb\"},\"inLanguage\":\"fr-FR\",\"potentialAction\":[{\"@type\":\"ReadAction\",\"target\":[\"https:\/\/all-car-news.com\/fr\/trouveur-de-voiture\/volkswagen\/frein-de-tir-volkswagen-arteon\/\"]}]},{\"@type\":\"BreadcrumbList\",\"@id\":\"https:\/\/all-car-news.com\/fr\/trouveur-de-voiture\/volkswagen\/frein-de-tir-volkswagen-arteon\/#breadcrumb\",\"itemListElement\":[{\"@type\":\"ListItem\",\"position\":1,\"name\":\"Home\",\"item\":\"https:\/\/all-car-news.com\/fr\/\"},{\"@type\":\"ListItem\",\"position\":2,\"name\":\"trouveur de voiture\",\"item\":\"https:\/\/all-car-news.com\/fr\/trouveur-de-voiture\/\"},{\"@type\":\"ListItem\",\"position\":3,\"name\":\"Volkswagen\",\"item\":\"https:\/\/all-car-news.com\/fr\/trouveur-de-voiture\/volkswagen\/\"},{\"@type\":\"ListItem\",\"position\":4,\"name\":\"Frein de tir Volkswagen Arteon\"}]},{\"@type\":\"WebSite\",\"@id\":\"https:\/\/all-car-news.com\/fr\/#website\",\"url\":\"https:\/\/all-car-news.com\/fr\/\",\"name\":\"All cars news\",\"description\":\"\",\"publisher\":{\"@id\":\"https:\/\/all-car-news.com\/fr\/#organization\"},\"potentialAction\":[{\"@type\":\"SearchAction\",\"target\":{\"@type\":\"EntryPoint\",\"urlTemplate\":\"https:\/\/all-car-news.com\/fr\/?s={search_term_string}\"},\"query-input\":\"required name=search_term_string\"}],\"inLanguage\":\"fr-FR\"},{\"@type\":\"Organization\",\"@id\":\"https:\/\/all-car-news.com\/fr\/#organization\",\"name\":\"All cars news\",\"url\":\"https:\/\/all-car-news.com\/fr\/\",\"logo\":{\"@type\":\"ImageObject\",\"inLanguage\":\"fr-FR\",\"@id\":\"https:\/\/all-car-news.com\/fr\/#\/schema\/logo\/image\/\",\"url\":\"https:\/\/all-car-news.com\/wp-content\/uploads\/2022\/02\/CMYK-AllCarNews_LANDSCAPE_300px-1.png\",\"contentUrl\":\"https:\/\/all-car-news.com\/wp-content\/uploads\/2022\/02\/CMYK-AllCarNews_LANDSCAPE_300px-1.png\",\"width\":300,\"height\":100,\"caption\":\"All cars news\"},\"image\":{\"@id\":\"https:\/\/all-car-news.com\/fr\/#\/schema\/logo\/image\/\"}}]}<\/script>\n<!-- \/ Yoast SEO plugin. -->","yoast_head_json":{"title":"Frein de tir Volkswagen Arteon - All cars news","robots":{"index":"index","follow":"follow","max-snippet":"max-snippet:-1","max-image-preview":"max-image-preview:large","max-video-preview":"max-video-preview:-1"},"canonical":"https:\/\/all-car-news.com\/fr\/trouveur-de-voiture\/volkswagen\/frein-de-tir-volkswagen-arteon\/","og_locale":"fr_FR","og_type":"article","og_title":"Frein de tir Volkswagen Arteon - All cars news","og_description":"L&rsquo;histoire de la Volkswagen Arteon commence en 2008. La premi\u00e8re Mercedes-Benz CLS de 2004 a lanc\u00e9 une nouvelle tendance : [&hellip;]","og_url":"https:\/\/all-car-news.com\/fr\/trouveur-de-voiture\/volkswagen\/frein-de-tir-volkswagen-arteon\/","og_site_name":"All cars news","article_modified_time":"2022-03-08T10:51:56+00:00","og_image":[{"width":1021,"height":736,"url":"https:\/\/all-car-news.com\/wp-content\/uploads\/2022\/03\/Volkswagen-Arteon-Shooting-Brake-2.jpg","type":"image\/jpeg"}],"twitter_card":"summary_large_image","twitter_misc":{"Dur\u00e9e de lecture estim\u00e9e":"2 minutes"},"schema":{"@context":"https:\/\/schema.org","@graph":[{"@type":"WebPage","@id":"https:\/\/all-car-news.com\/fr\/trouveur-de-voiture\/volkswagen\/frein-de-tir-volkswagen-arteon\/","url":"https:\/\/all-car-news.com\/fr\/trouveur-de-voiture\/volkswagen\/frein-de-tir-volkswagen-arteon\/","name":"Frein de tir Volkswagen Arteon - All cars news","isPartOf":{"@id":"https:\/\/all-car-news.com\/fr\/#website"},"datePublished":"2022-03-08T10:51:51+00:00","dateModified":"2022-03-08T10:51:56+00:00","breadcrumb":{"@id":"https:\/\/all-car-news.com\/fr\/trouveur-de-voiture\/volkswagen\/frein-de-tir-volkswagen-arteon\/#breadcrumb"},"inLanguage":"fr-FR","potentialAction":[{"@type":"ReadAction","target":["https:\/\/all-car-news.com\/fr\/trouveur-de-voiture\/volkswagen\/frein-de-tir-volkswagen-arteon\/"]}]},{"@type":"BreadcrumbList","@id":"https:\/\/all-car-news.com\/fr\/trouveur-de-voiture\/volkswagen\/frein-de-tir-volkswagen-arteon\/#breadcrumb","itemListElement":[{"@type":"ListItem","position":1,"name":"Home","item":"https:\/\/all-car-news.com\/fr\/"},{"@type":"ListItem","position":2,"name":"trouveur de voiture","item":"https:\/\/all-car-news.com\/fr\/trouveur-de-voiture\/"},{"@type":"ListItem","position":3,"name":"Volkswagen","item":"https:\/\/all-car-news.com\/fr\/trouveur-de-voiture\/volkswagen\/"},{"@type":"ListItem","position":4,"name":"Frein de tir Volkswagen Arteon"}]},{"@type":"WebSite","@id":"https:\/\/all-car-news.com\/fr\/#website","url":"https:\/\/all-car-news.com\/fr\/","name":"All cars news","description":"","publisher":{"@id":"https:\/\/all-car-news.com\/fr\/#organization"},"potentialAction":[{"@type":"SearchAction","target":{"@type":"EntryPoint","urlTemplate":"https:\/\/all-car-news.com\/fr\/?s={search_term_string}"},"query-input":"required name=search_term_string"}],"inLanguage":"fr-FR"},{"@type":"Organization","@id":"https:\/\/all-car-news.com\/fr\/#organization","name":"All cars news","url":"https:\/\/all-car-news.com\/fr\/","logo":{"@type":"ImageObject","inLanguage":"fr-FR","@id":"https:\/\/all-car-news.com\/fr\/#\/schema\/logo\/image\/","url":"https:\/\/all-car-news.com\/wp-content\/uploads\/2022\/02\/CMYK-AllCarNews_LANDSCAPE_300px-1.png","contentUrl":"https:\/\/all-car-news.com\/wp-content\/uploads\/2022\/02\/CMYK-AllCarNews_LANDSCAPE_300px-1.png","width":300,"height":100,"caption":"All cars news"},"image":{"@id":"https:\/\/all-car-news.com\/fr\/#\/schema\/logo\/image\/"}}]}},"_links":{"self":[{"href":"https:\/\/all-car-news.com\/fr\/wp-json\/wp\/v2\/pages\/117829","targetHints":{"allow":["GET"]}}],"collection":[{"href":"https:\/\/all-car-news.com\/fr\/wp-json\/wp\/v2\/pages"}],"about":[{"href":"https:\/\/all-car-news.com\/fr\/wp-json\/wp\/v2\/types\/page"}],"author":[{"embeddable":true,"href":"https:\/\/all-car-news.com\/fr\/wp-json\/wp\/v2\/users\/4"}],"replies":[{"embeddable":true,"href":"https:\/\/all-car-news.com\/fr\/wp-json\/wp\/v2\/comments?post=117829"}],"version-history":[{"count":0,"href":"https:\/\/all-car-news.com\/fr\/wp-json\/wp\/v2\/pages\/117829\/revisions"}],"up":[{"embeddable":true,"href":"https:\/\/all-car-news.com\/fr\/wp-json\/wp\/v2\/pages\/117698"}],"wp:featuredmedia":[{"embeddable":true,"href":"https:\/\/all-car-news.com\/fr\/wp-json\/wp\/v2\/media\/117793"}],"wp:attachment":[{"href":"https:\/\/all-car-news.com\/fr\/wp-json\/wp\/v2\/media?parent=117829"}],"curies":[{"name":"wp","href":"https:\/\/api.w.org\/{rel}","templated":true}]}}