{"id":117825,"date":"2022-03-08T10:51:47","date_gmt":"2022-03-08T10:51:47","guid":{"rendered":"https:\/\/all-car-news.com\/trouveur-de-voiture\/volkswagen\/volkswagen-t-cross\/"},"modified":"2022-03-08T10:51:57","modified_gmt":"2022-03-08T10:51:57","slug":"volkswagen-t-cross","status":"publish","type":"page","link":"https:\/\/all-car-news.com\/fr\/trouveur-de-voiture\/volkswagen\/volkswagen-t-cross\/","title":{"rendered":"Volkswagen T cross"},"content":{"rendered":"\n<p>Les VUS compacts deviennent de plus en plus populaires, c&rsquo;est pourquoi diff\u00e9rents fabricants r\u00e9pondent \u00e0 cette demande. Une alternative de type SUV est propos\u00e9e pour chaque mod\u00e8le \u00ab normal \u00bb, comme c&rsquo;est le cas avec Volkswagen. Il n&rsquo;y avait pas encore de SUV bas\u00e9 sur la Polo, jusqu&rsquo;\u00e0 pr\u00e9sent. En 2018, nous avons d\u00e9couvert le T-Cross, le plus petit SUV de la gamme de mod\u00e8les Volkswagen. Le mod\u00e8le sera disponible chez les concessionnaires courant 2019.<\/p>\n\n<p>Les VUS compacts deviennent de plus en plus populaires, c&rsquo;est pourquoi diff\u00e9rents fabricants r\u00e9pondent \u00e0 cette demande. Une alternative de type SUV est propos\u00e9e pour chaque mod\u00e8le \u00ab normal \u00bb, comme c&rsquo;est le cas avec Volkswagen. Il n&rsquo;y avait pas encore de SUV bas\u00e9 sur la Polo, jusqu&rsquo;\u00e0 pr\u00e9sent. En 2018, nous avons d\u00e9couvert le T-Cross, le plus petit SUV de la gamme de mod\u00e8les Volkswagen. Le mod\u00e8le sera disponible chez les concessionnaires courant 2019.<\/p>\n\n<h2 class=\"wp-block-heading\"><strong>Brouillon<\/strong><br\/><\/h2>\n\n<p>Apr\u00e8s que la voiture a \u00e9t\u00e9 pr\u00e9sent\u00e9e pour la premi\u00e8re fois en 2016 en tant que crossover d\u00e9capotable, qui s&rsquo;est ass\u00e9ch\u00e9e en une version de production en 2018 en tant que voiture ferm\u00e9e \u00e0 cinq portes. Une caract\u00e9ristique de conception frappante sont les feux arri\u00e8re, qui sont reli\u00e9s par un grand faisceau qui s&rsquo;\u00e9tend sur toute la largeur. Comme mentionn\u00e9, le T-Cross partage sa base technique avec la Polo, ce qui signifie qu&rsquo;il est \u00e9galement \u00e9troitement li\u00e9 \u00e0 la SEAT Arona comparable.<\/p>\n\n<h2 class=\"wp-block-heading\"><strong>Pratique et personnel<\/strong><br\/><\/h2>\n\n<p>Volkswagen promet beaucoup de facilit\u00e9 d&rsquo;utilisation pour le T-Cross. Gr\u00e2ce \u00e0 l&#8217;empattement relativement long, la voiture devrait offrir le plus grand espace de bagages de sa cat\u00e9gorie. Toujours selon les derni\u00e8res tendances : le T-Cross peut \u00e9galement \u00eatre adapt\u00e9 assez largement aux go\u00fbts personnels.<\/p>\n\n<h2 class=\"wp-block-heading\">Technique<\/h2>\n\n<figure class=\"wp-block-table is-style-stripes\"><table class=\"has-fixed-layout\"><tbody><tr><td>Type de moteur<\/td><td>essence, ligne 3 cylindres<\/td><\/tr><tr><td>D\u00e9placement<\/td><td>999 cm\u00b3<\/td><\/tr><tr><td>max. les atouts<\/td><td>70 kW (95 ch)<\/td><\/tr><tr><td>abeille<\/td><td>5 000 tr\/min<\/td><\/tr><tr><td>max. coupler<\/td><td>175 Nm<\/td><\/tr><tr><td>abeille<\/td><td>2 000 tr\/min<\/td><\/tr><tr><td>Conduire<\/td><td>roues avant<\/td><\/tr><tr><td>Freins de\/a<\/td><td>\u00e9tant donn\u00e9 disques\/disques<\/td><\/tr><tr><td>Cercle de braquage<\/td><td>10,6 m<\/td><\/tr><tr><td>Plage de puissance<\/td><td>70 \u00e0 85kW<\/td><\/tr><\/tbody><\/table><\/figure>\n\n<h2 class=\"wp-block-heading\">G\u00e9n\u00e9ral<\/h2>\n\n<figure class=\"wp-block-table is-style-stripes\"><table class=\"has-fixed-layout\"><tbody><tr><td>Transmission<\/td><td>5MT<\/td><\/tr><tr><td>Type de corps<\/td><td>5-dr. VUS<\/td><\/tr><tr><td>EuroNCAP<\/td><td>5 \u00e9toiles<\/td><\/tr><tr><td>Lancement sur le march\u00e9<\/td><td>Avr 2019<\/td><\/tr><tr><td>Dernier lifting<\/td><td>N \/ A<\/td><\/tr><tr><td>Garantie<\/td><td>4 ann\u00e9es<\/td><\/tr><tr><td>A partir du prix<\/td><td>22 620 \u20ac<\/td><\/tr><tr><td>Les particularit\u00e9s<\/td><td>Le T-Cross bas\u00e9 sur la Polo compl\u00e8te la gamme SUV\/crossover de Volkswagen en bas.<\/td><\/tr><\/tbody><\/table><\/figure>\n\n<h2 class=\"wp-block-heading\">Dimensions\/poids<\/h2>\n\n<figure class=\"wp-block-table is-style-stripes\"><table class=\"has-fixed-layout\"><tbody><tr><td>La taille des pneus<\/td><td>205\/60R16<\/td><\/tr><tr><td>L xlxh<\/td><td>4 108 x 1 760 x 1 584 mm<\/td><\/tr><tr><td>Empattement<\/td><td>2 551 mm<\/td><\/tr><tr><td>Masse vide<\/td><td>1 245 kilogrammes<\/td><\/tr><tr><td>max. selon poids<\/td><td>1 000 kilogrammes<\/td><\/tr><tr><td>suite sac. salle.<\/td><td>455 litres<\/td><\/tr><tr><td>Capacit\u00e9 du r\u00e9servoir<\/td><td>40 litres<\/td><\/tr><\/tbody><\/table><\/figure>\n\n<h2 class=\"wp-block-heading\">Consommation<\/h2>\n\n<figure class=\"wp-block-table is-style-stripes\"><table class=\"has-fixed-layout\"><tbody><tr><td>Connecticut. combin\u00e9<\/td><td>4,9 l\/100 km<\/td><\/tr><tr><td>\u00c9missions de CO\u2082<\/td><td>112g\/km<\/td><\/tr><tr><td>Etiquette \u00e9nerg\u00e9tique<\/td><td>C<\/td><\/tr><\/tbody><\/table><\/figure>\n\n<h2 class=\"wp-block-heading\">Performance<\/h2>\n\n<figure class=\"wp-block-table is-style-stripes\"><table class=\"has-fixed-layout\"><tbody><tr><td>Acc. 0-100km\/h<\/td><td>11,5 s<\/td><\/tr><tr><td>vitesse de pointe<\/td><td>180 km\/h<\/td><\/tr><\/tbody><\/table><\/figure>\n","protected":false},"excerpt":{"rendered":"<p>Les VUS compacts deviennent de plus en plus populaires, c&rsquo;est pourquoi diff\u00e9rents fabricants r\u00e9pondent \u00e0 cette demande. Une alternative de [&hellip;]<\/p>\n","protected":false},"author":4,"featured_media":117800,"parent":117698,"menu_order":0,"comment_status":"closed","ping_status":"closed","template":"","meta":{"footnotes":""},"class_list":["post-117825","page","type-page","status-publish","has-post-thumbnail","hentry"],"acf":[],"yoast_head":"<!-- This site is optimized with the Yoast SEO plugin v21.2 - https:\/\/yoast.com\/wordpress\/plugins\/seo\/ -->\n<title>Volkswagen T cross - All cars news<\/title>\n<meta name=\"robots\" content=\"index, follow, max-snippet:-1, max-image-preview:large, max-video-preview:-1\" \/>\n<link rel=\"canonical\" href=\"https:\/\/all-car-news.com\/fr\/trouveur-de-voiture\/volkswagen\/volkswagen-t-cross\/\" \/>\n<meta property=\"og:locale\" content=\"fr_FR\" \/>\n<meta property=\"og:type\" content=\"article\" \/>\n<meta property=\"og:title\" content=\"Volkswagen T cross - All cars news\" \/>\n<meta property=\"og:description\" content=\"Les VUS compacts deviennent de plus en plus populaires, c&rsquo;est pourquoi diff\u00e9rents fabricants r\u00e9pondent \u00e0 cette demande. Une alternative de [&hellip;]\" \/>\n<meta property=\"og:url\" content=\"https:\/\/all-car-news.com\/fr\/trouveur-de-voiture\/volkswagen\/volkswagen-t-cross\/\" \/>\n<meta property=\"og:site_name\" content=\"All cars news\" \/>\n<meta property=\"article:modified_time\" content=\"2022-03-08T10:51:57+00:00\" \/>\n<meta property=\"og:image\" content=\"https:\/\/all-car-news.com\/wp-content\/uploads\/2022\/03\/Volkswagen-T-Cross-1.jpg\" \/>\n\t<meta property=\"og:image:width\" content=\"1279\" \/>\n\t<meta property=\"og:image:height\" content=\"924\" \/>\n\t<meta property=\"og:image:type\" content=\"image\/jpeg\" \/>\n<meta name=\"twitter:card\" content=\"summary_large_image\" \/>\n<meta name=\"twitter:label1\" content=\"Dur\u00e9e de lecture estim\u00e9e\" \/>\n\t<meta name=\"twitter:data1\" content=\"2 minutes\" \/>\n<script type=\"application\/ld+json\" class=\"yoast-schema-graph\">{\"@context\":\"https:\/\/schema.org\",\"@graph\":[{\"@type\":\"WebPage\",\"@id\":\"https:\/\/all-car-news.com\/fr\/trouveur-de-voiture\/volkswagen\/volkswagen-t-cross\/\",\"url\":\"https:\/\/all-car-news.com\/fr\/trouveur-de-voiture\/volkswagen\/volkswagen-t-cross\/\",\"name\":\"Volkswagen T cross - All cars news\",\"isPartOf\":{\"@id\":\"https:\/\/all-car-news.com\/fr\/#website\"},\"datePublished\":\"2022-03-08T10:51:47+00:00\",\"dateModified\":\"2022-03-08T10:51:57+00:00\",\"breadcrumb\":{\"@id\":\"https:\/\/all-car-news.com\/fr\/trouveur-de-voiture\/volkswagen\/volkswagen-t-cross\/#breadcrumb\"},\"inLanguage\":\"fr-FR\",\"potentialAction\":[{\"@type\":\"ReadAction\",\"target\":[\"https:\/\/all-car-news.com\/fr\/trouveur-de-voiture\/volkswagen\/volkswagen-t-cross\/\"]}]},{\"@type\":\"BreadcrumbList\",\"@id\":\"https:\/\/all-car-news.com\/fr\/trouveur-de-voiture\/volkswagen\/volkswagen-t-cross\/#breadcrumb\",\"itemListElement\":[{\"@type\":\"ListItem\",\"position\":1,\"name\":\"Home\",\"item\":\"https:\/\/all-car-news.com\/fr\/\"},{\"@type\":\"ListItem\",\"position\":2,\"name\":\"trouveur de voiture\",\"item\":\"https:\/\/all-car-news.com\/fr\/trouveur-de-voiture\/\"},{\"@type\":\"ListItem\",\"position\":3,\"name\":\"Volkswagen\",\"item\":\"https:\/\/all-car-news.com\/fr\/trouveur-de-voiture\/volkswagen\/\"},{\"@type\":\"ListItem\",\"position\":4,\"name\":\"Volkswagen T cross\"}]},{\"@type\":\"WebSite\",\"@id\":\"https:\/\/all-car-news.com\/fr\/#website\",\"url\":\"https:\/\/all-car-news.com\/fr\/\",\"name\":\"All cars news\",\"description\":\"\",\"publisher\":{\"@id\":\"https:\/\/all-car-news.com\/fr\/#organization\"},\"potentialAction\":[{\"@type\":\"SearchAction\",\"target\":{\"@type\":\"EntryPoint\",\"urlTemplate\":\"https:\/\/all-car-news.com\/fr\/?s={search_term_string}\"},\"query-input\":\"required name=search_term_string\"}],\"inLanguage\":\"fr-FR\"},{\"@type\":\"Organization\",\"@id\":\"https:\/\/all-car-news.com\/fr\/#organization\",\"name\":\"All cars news\",\"url\":\"https:\/\/all-car-news.com\/fr\/\",\"logo\":{\"@type\":\"ImageObject\",\"inLanguage\":\"fr-FR\",\"@id\":\"https:\/\/all-car-news.com\/fr\/#\/schema\/logo\/image\/\",\"url\":\"https:\/\/all-car-news.com\/wp-content\/uploads\/2022\/02\/CMYK-AllCarNews_LANDSCAPE_300px-1.png\",\"contentUrl\":\"https:\/\/all-car-news.com\/wp-content\/uploads\/2022\/02\/CMYK-AllCarNews_LANDSCAPE_300px-1.png\",\"width\":300,\"height\":100,\"caption\":\"All cars news\"},\"image\":{\"@id\":\"https:\/\/all-car-news.com\/fr\/#\/schema\/logo\/image\/\"}}]}<\/script>\n<!-- \/ Yoast SEO plugin. -->","yoast_head_json":{"title":"Volkswagen T cross - All cars news","robots":{"index":"index","follow":"follow","max-snippet":"max-snippet:-1","max-image-preview":"max-image-preview:large","max-video-preview":"max-video-preview:-1"},"canonical":"https:\/\/all-car-news.com\/fr\/trouveur-de-voiture\/volkswagen\/volkswagen-t-cross\/","og_locale":"fr_FR","og_type":"article","og_title":"Volkswagen T cross - All cars news","og_description":"Les VUS compacts deviennent de plus en plus populaires, c&rsquo;est pourquoi diff\u00e9rents fabricants r\u00e9pondent \u00e0 cette demande. Une alternative de [&hellip;]","og_url":"https:\/\/all-car-news.com\/fr\/trouveur-de-voiture\/volkswagen\/volkswagen-t-cross\/","og_site_name":"All cars news","article_modified_time":"2022-03-08T10:51:57+00:00","og_image":[{"width":1279,"height":924,"url":"https:\/\/all-car-news.com\/wp-content\/uploads\/2022\/03\/Volkswagen-T-Cross-1.jpg","type":"image\/jpeg"}],"twitter_card":"summary_large_image","twitter_misc":{"Dur\u00e9e de lecture estim\u00e9e":"2 minutes"},"schema":{"@context":"https:\/\/schema.org","@graph":[{"@type":"WebPage","@id":"https:\/\/all-car-news.com\/fr\/trouveur-de-voiture\/volkswagen\/volkswagen-t-cross\/","url":"https:\/\/all-car-news.com\/fr\/trouveur-de-voiture\/volkswagen\/volkswagen-t-cross\/","name":"Volkswagen T cross - All cars news","isPartOf":{"@id":"https:\/\/all-car-news.com\/fr\/#website"},"datePublished":"2022-03-08T10:51:47+00:00","dateModified":"2022-03-08T10:51:57+00:00","breadcrumb":{"@id":"https:\/\/all-car-news.com\/fr\/trouveur-de-voiture\/volkswagen\/volkswagen-t-cross\/#breadcrumb"},"inLanguage":"fr-FR","potentialAction":[{"@type":"ReadAction","target":["https:\/\/all-car-news.com\/fr\/trouveur-de-voiture\/volkswagen\/volkswagen-t-cross\/"]}]},{"@type":"BreadcrumbList","@id":"https:\/\/all-car-news.com\/fr\/trouveur-de-voiture\/volkswagen\/volkswagen-t-cross\/#breadcrumb","itemListElement":[{"@type":"ListItem","position":1,"name":"Home","item":"https:\/\/all-car-news.com\/fr\/"},{"@type":"ListItem","position":2,"name":"trouveur de voiture","item":"https:\/\/all-car-news.com\/fr\/trouveur-de-voiture\/"},{"@type":"ListItem","position":3,"name":"Volkswagen","item":"https:\/\/all-car-news.com\/fr\/trouveur-de-voiture\/volkswagen\/"},{"@type":"ListItem","position":4,"name":"Volkswagen T cross"}]},{"@type":"WebSite","@id":"https:\/\/all-car-news.com\/fr\/#website","url":"https:\/\/all-car-news.com\/fr\/","name":"All cars news","description":"","publisher":{"@id":"https:\/\/all-car-news.com\/fr\/#organization"},"potentialAction":[{"@type":"SearchAction","target":{"@type":"EntryPoint","urlTemplate":"https:\/\/all-car-news.com\/fr\/?s={search_term_string}"},"query-input":"required name=search_term_string"}],"inLanguage":"fr-FR"},{"@type":"Organization","@id":"https:\/\/all-car-news.com\/fr\/#organization","name":"All cars news","url":"https:\/\/all-car-news.com\/fr\/","logo":{"@type":"ImageObject","inLanguage":"fr-FR","@id":"https:\/\/all-car-news.com\/fr\/#\/schema\/logo\/image\/","url":"https:\/\/all-car-news.com\/wp-content\/uploads\/2022\/02\/CMYK-AllCarNews_LANDSCAPE_300px-1.png","contentUrl":"https:\/\/all-car-news.com\/wp-content\/uploads\/2022\/02\/CMYK-AllCarNews_LANDSCAPE_300px-1.png","width":300,"height":100,"caption":"All cars news"},"image":{"@id":"https:\/\/all-car-news.com\/fr\/#\/schema\/logo\/image\/"}}]}},"_links":{"self":[{"href":"https:\/\/all-car-news.com\/fr\/wp-json\/wp\/v2\/pages\/117825","targetHints":{"allow":["GET"]}}],"collection":[{"href":"https:\/\/all-car-news.com\/fr\/wp-json\/wp\/v2\/pages"}],"about":[{"href":"https:\/\/all-car-news.com\/fr\/wp-json\/wp\/v2\/types\/page"}],"author":[{"embeddable":true,"href":"https:\/\/all-car-news.com\/fr\/wp-json\/wp\/v2\/users\/4"}],"replies":[{"embeddable":true,"href":"https:\/\/all-car-news.com\/fr\/wp-json\/wp\/v2\/comments?post=117825"}],"version-history":[{"count":0,"href":"https:\/\/all-car-news.com\/fr\/wp-json\/wp\/v2\/pages\/117825\/revisions"}],"up":[{"embeddable":true,"href":"https:\/\/all-car-news.com\/fr\/wp-json\/wp\/v2\/pages\/117698"}],"wp:featuredmedia":[{"embeddable":true,"href":"https:\/\/all-car-news.com\/fr\/wp-json\/wp\/v2\/media\/117800"}],"wp:attachment":[{"href":"https:\/\/all-car-news.com\/fr\/wp-json\/wp\/v2\/media?parent=117825"}],"curies":[{"name":"wp","href":"https:\/\/api.w.org\/{rel}","templated":true}]}}