{"id":117814,"date":"2022-03-08T10:51:39","date_gmt":"2022-03-08T10:51:39","guid":{"rendered":"https:\/\/all-car-news.com\/trouveur-de-voiture\/volkswagen\/variante-volkswagen-passat\/"},"modified":"2022-03-08T10:51:59","modified_gmt":"2022-03-08T10:51:59","slug":"variante-volkswagen-passat","status":"publish","type":"page","link":"https:\/\/all-car-news.com\/fr\/trouveur-de-voiture\/volkswagen\/variante-volkswagen-passat\/","title":{"rendered":"Variante Volkswagen Passat"},"content":{"rendered":"\n<p>La Passat est un mod\u00e8le qui fait partie de la gamme de mod\u00e8les Volkswagen depuis longtemps. La premi\u00e8re g\u00e9n\u00e9ration est arriv\u00e9e sur le march\u00e9 en 1972 et le nom du mod\u00e8le est donc plus ancien que la Golf. Le premier mod\u00e8le \u00e9tait disponible dans de nombreux styles de carrosserie. Une berline trois ou cinq portes, une fastback deux ou quatre portes et un break cinq portes. La Passat succ\u00e8de aux Type 3, Type 4 et K70 et offre ainsi \u00e0 Volkswagen pour la premi\u00e8re fois depuis longtemps une toute nouvelle voiture familiale.<\/p>\n\n<p>La Passat est un mod\u00e8le qui fait partie de la gamme de mod\u00e8les Volkswagen depuis longtemps. La premi\u00e8re g\u00e9n\u00e9ration est arriv\u00e9e sur le march\u00e9 en 1972 et le nom du mod\u00e8le est donc plus ancien que la Golf. Le premier mod\u00e8le \u00e9tait disponible dans de nombreux styles de carrosserie. Une berline trois ou cinq portes, une fastback deux ou quatre portes et un break cinq portes. La Passat succ\u00e8de aux Type 3, Type 4 et K70 et offre ainsi \u00e0 Volkswagen pour la premi\u00e8re fois depuis longtemps une toute nouvelle voiture familiale.<\/p>\n\n<h2 class=\"wp-block-heading\"><strong>Variantes<\/strong><br\/><\/h2>\n\n<p>Divis\u00e9e en huit g\u00e9n\u00e9rations de mod\u00e8les officiels (certains liftings majeurs \u00e9taient officiellement consid\u00e9r\u00e9s comme une nouvelle g\u00e9n\u00e9ration), la Passat est pass\u00e9e d&rsquo;une voiture familiale \u00e0 une berline ou un break de plus en plus professionnel. Le nombre de styles de carrosserie a \u00e9galement chang\u00e9. Avec la g\u00e9n\u00e9ration B2, une version berline traditionnelle a \u00e9t\u00e9 ajout\u00e9e. Avec l&rsquo;arriv\u00e9e de la g\u00e9n\u00e9ration B3 en 1988, la variante liftback a \u00e9t\u00e9 abandonn\u00e9e, apr\u00e8s quoi seuls la berline et le break sont rest\u00e9s longtemps. Cela a chang\u00e9 en 2008, lorsque la Passat CC \u00e9troitement apparent\u00e9e est arriv\u00e9e sur le march\u00e9.<\/p>\n\n<h2 class=\"wp-block-heading\"><strong>Prime?<\/strong><br\/><\/h2>\n\n<p>La g\u00e9n\u00e9ration actuelle est apparue en 2015. Maintenant que la CC s&rsquo;est positionn\u00e9e comme un mod\u00e8le \u00e0 part enti\u00e8re (et a depuis \u00e9t\u00e9 remplac\u00e9e par l&rsquo;Arteon), la Passat n&rsquo;est \u00e0 nouveau disponible qu&rsquo;en version berline et break. Avec le mod\u00e8le actuel, la Passat passe plus que jamais de la voiture familiale \u00e0 la voiture d&rsquo;affaires, mais selon Volkswagen, la Passat est \u00ab une voiture premium sans prix premium \u00bb. En 2019, la Passat a subi un lifting et c&rsquo;est le mod\u00e8le qui est maintenant dans les salles d&rsquo;exposition.<\/p>\n\n<h2 class=\"wp-block-heading\"><strong>Passat NMS<\/strong><br\/><\/h2>\n\n<p>La Passat est \u00e9galement livr\u00e9e aux \u00c9tats-Unis depuis la premi\u00e8re g\u00e9n\u00e9ration. En 2011, cela a chang\u00e9 dans une certaine mesure. En Am\u00e9rique du Nord (et en Chine, par souci d&rsquo;exhaustivit\u00e9), Volkswagen fournissait d\u00e9sormais son propre mod\u00e8le sp\u00e9cifique au march\u00e9, appel\u00e9 en interne la Passat NMS (New Midsize Sedan). Cette Passat n&rsquo;est disponible qu&rsquo;en berline et est plus grande que le mod\u00e8le europ\u00e9en \u00ab\u00a0mondial\u00a0\u00bb. Sous la peau, la \u00abPassat NMS\u00bb partage la technologie avec le mod\u00e8le europ\u00e9en, mais la voiture est par ailleurs un d\u00e9veloppement ind\u00e9pendant.<\/p>\n\n<h2 class=\"wp-block-heading\">Technique<\/h2>\n\n<figure class=\"wp-block-table is-style-stripes\"><table class=\"has-fixed-layout\"><tbody><tr><td>Type de moteur<\/td><td>essence, ligne 4 cylindres<\/td><\/tr><tr><td>D\u00e9placement<\/td><td>1 395 cm\u00b3<\/td><\/tr><tr><td>max. les atouts<\/td><td>92 kW (125 ch)<\/td><\/tr><tr><td>abeille<\/td><td>5 000 tr\/min<\/td><\/tr><tr><td>max. coupler<\/td><td>200 Nm<\/td><\/tr><tr><td>abeille<\/td><td>1 400 tr\/min<\/td><\/tr><tr><td>Conduire<\/td><td>roues avant<\/td><\/tr><tr><td>Freins de\/a<\/td><td>\u00e9tant donn\u00e9 disques\/disques<\/td><\/tr><tr><td>Cercle de braquage<\/td><td>11,7 m<\/td><\/tr><tr><td>Plage de puissance<\/td><td>88 \u00e0 200kW<\/td><\/tr><\/tbody><\/table><\/figure>\n\n<h2 class=\"wp-block-heading\">G\u00e9n\u00e9ral<\/h2>\n\n<figure class=\"wp-block-table is-style-stripes\"><table class=\"has-fixed-layout\"><tbody><tr><td>Transmission<\/td><td>6MT (option 7AT)<\/td><\/tr><tr><td>Type de corps<\/td><td>4 portes break<\/td><\/tr><tr><td>EuroNCAP<\/td><td>5 \u00e9toiles<\/td><\/tr><tr><td>Lancement sur le march\u00e9<\/td><td>D\u00e9c 2014<\/td><\/tr><tr><td>Dernier lifting<\/td><td>juillet 2019<\/td><\/tr><tr><td>Discontinu\u00e9<\/td><td>depuis juillet 2019<\/td><\/tr><tr><td>Garantie<\/td><td>2 ans<\/td><\/tr><tr><td>A partir du prix<\/td><td>35 290 \u20ac<\/td><\/tr><tr><td>Les particularit\u00e9s<\/td><td>La Passat Limousine et Variant sont \u00e9galement disponibles en version hybride rechargeable GTE<\/td><\/tr><\/tbody><\/table><\/figure>\n\n<h2 class=\"wp-block-heading\">Dimensions\/poids<\/h2>\n\n<figure class=\"wp-block-table is-style-stripes\"><table class=\"has-fixed-layout\"><tbody><tr><td>La taille des pneus<\/td><td>215\/55 R17<\/td><\/tr><tr><td>L xlxh<\/td><td>4 767 x 1 832 x 1 477 mm<\/td><\/tr><tr><td>Empattement<\/td><td>2 791 mm<\/td><\/tr><tr><td>Masse vide<\/td><td>1 294 kilogrammes<\/td><\/tr><tr><td>max. selon poids<\/td><td>1 500 kilogrammes<\/td><\/tr><tr><td>suite sac. salle.<\/td><td>650 litres<\/td><\/tr><tr><td>Capacit\u00e9 du r\u00e9servoir<\/td><td>66 litres<\/td><\/tr><\/tbody><\/table><\/figure>\n\n<h2 class=\"wp-block-heading\">Consommation<\/h2>\n\n<figure class=\"wp-block-table is-style-stripes\"><table class=\"has-fixed-layout\"><tbody><tr><td>Connecticut. combin\u00e9<\/td><td>5,3 l\/100 km<\/td><\/tr><tr><td>\u00c9missions de CO\u2082<\/td><td>123g\/km<\/td><\/tr><tr><td>Etiquette \u00e9nerg\u00e9tique<\/td><td>B<\/td><\/tr><\/tbody><\/table><\/figure>\n\n<h2 class=\"wp-block-heading\">Performance<\/h2>\n\n<figure class=\"wp-block-table is-style-stripes\"><table class=\"has-fixed-layout\"><tbody><tr><td>Acc. 0-100km\/h<\/td><td>9,9 s<\/td><\/tr><tr><td>vitesse de pointe<\/td><td>206 km\/h<\/td><\/tr><\/tbody><\/table><\/figure>\n","protected":false},"excerpt":{"rendered":"<p>La Passat est un mod\u00e8le qui fait partie de la gamme de mod\u00e8les Volkswagen depuis longtemps. La premi\u00e8re g\u00e9n\u00e9ration est [&hellip;]<\/p>\n","protected":false},"author":4,"featured_media":117778,"parent":117698,"menu_order":0,"comment_status":"closed","ping_status":"closed","template":"","meta":{"footnotes":""},"class_list":["post-117814","page","type-page","status-publish","has-post-thumbnail","hentry"],"acf":[],"yoast_head":"<!-- This site is optimized with the Yoast SEO plugin v21.2 - https:\/\/yoast.com\/wordpress\/plugins\/seo\/ -->\n<title>Variante Volkswagen Passat - All cars news<\/title>\n<meta name=\"robots\" content=\"index, follow, max-snippet:-1, max-image-preview:large, max-video-preview:-1\" \/>\n<link rel=\"canonical\" href=\"https:\/\/all-car-news.com\/fr\/trouveur-de-voiture\/volkswagen\/variante-volkswagen-passat\/\" \/>\n<meta property=\"og:locale\" content=\"fr_FR\" \/>\n<meta property=\"og:type\" content=\"article\" \/>\n<meta property=\"og:title\" content=\"Variante Volkswagen Passat - All cars news\" \/>\n<meta property=\"og:description\" content=\"La Passat est un mod\u00e8le qui fait partie de la gamme de mod\u00e8les Volkswagen depuis longtemps. La premi\u00e8re g\u00e9n\u00e9ration est [&hellip;]\" \/>\n<meta property=\"og:url\" content=\"https:\/\/all-car-news.com\/fr\/trouveur-de-voiture\/volkswagen\/variante-volkswagen-passat\/\" \/>\n<meta property=\"og:site_name\" content=\"All cars news\" \/>\n<meta property=\"article:modified_time\" content=\"2022-03-08T10:51:59+00:00\" \/>\n<meta property=\"og:image\" content=\"https:\/\/all-car-news.com\/wp-content\/uploads\/2022\/03\/Volkswagen-Passat-Variant-4.jpg\" \/>\n\t<meta property=\"og:image:width\" content=\"1280\" \/>\n\t<meta property=\"og:image:height\" content=\"923\" \/>\n\t<meta property=\"og:image:type\" content=\"image\/jpeg\" \/>\n<meta name=\"twitter:card\" content=\"summary_large_image\" \/>\n<meta name=\"twitter:label1\" content=\"Dur\u00e9e de lecture estim\u00e9e\" \/>\n\t<meta name=\"twitter:data1\" content=\"3 minutes\" \/>\n<script type=\"application\/ld+json\" class=\"yoast-schema-graph\">{\"@context\":\"https:\/\/schema.org\",\"@graph\":[{\"@type\":\"WebPage\",\"@id\":\"https:\/\/all-car-news.com\/fr\/trouveur-de-voiture\/volkswagen\/variante-volkswagen-passat\/\",\"url\":\"https:\/\/all-car-news.com\/fr\/trouveur-de-voiture\/volkswagen\/variante-volkswagen-passat\/\",\"name\":\"Variante Volkswagen Passat - All cars news\",\"isPartOf\":{\"@id\":\"https:\/\/all-car-news.com\/fr\/#website\"},\"datePublished\":\"2022-03-08T10:51:39+00:00\",\"dateModified\":\"2022-03-08T10:51:59+00:00\",\"breadcrumb\":{\"@id\":\"https:\/\/all-car-news.com\/fr\/trouveur-de-voiture\/volkswagen\/variante-volkswagen-passat\/#breadcrumb\"},\"inLanguage\":\"fr-FR\",\"potentialAction\":[{\"@type\":\"ReadAction\",\"target\":[\"https:\/\/all-car-news.com\/fr\/trouveur-de-voiture\/volkswagen\/variante-volkswagen-passat\/\"]}]},{\"@type\":\"BreadcrumbList\",\"@id\":\"https:\/\/all-car-news.com\/fr\/trouveur-de-voiture\/volkswagen\/variante-volkswagen-passat\/#breadcrumb\",\"itemListElement\":[{\"@type\":\"ListItem\",\"position\":1,\"name\":\"Home\",\"item\":\"https:\/\/all-car-news.com\/fr\/\"},{\"@type\":\"ListItem\",\"position\":2,\"name\":\"trouveur de voiture\",\"item\":\"https:\/\/all-car-news.com\/fr\/trouveur-de-voiture\/\"},{\"@type\":\"ListItem\",\"position\":3,\"name\":\"Volkswagen\",\"item\":\"https:\/\/all-car-news.com\/fr\/trouveur-de-voiture\/volkswagen\/\"},{\"@type\":\"ListItem\",\"position\":4,\"name\":\"Variante Volkswagen Passat\"}]},{\"@type\":\"WebSite\",\"@id\":\"https:\/\/all-car-news.com\/fr\/#website\",\"url\":\"https:\/\/all-car-news.com\/fr\/\",\"name\":\"All cars news\",\"description\":\"\",\"publisher\":{\"@id\":\"https:\/\/all-car-news.com\/fr\/#organization\"},\"potentialAction\":[{\"@type\":\"SearchAction\",\"target\":{\"@type\":\"EntryPoint\",\"urlTemplate\":\"https:\/\/all-car-news.com\/fr\/?s={search_term_string}\"},\"query-input\":\"required name=search_term_string\"}],\"inLanguage\":\"fr-FR\"},{\"@type\":\"Organization\",\"@id\":\"https:\/\/all-car-news.com\/fr\/#organization\",\"name\":\"All cars news\",\"url\":\"https:\/\/all-car-news.com\/fr\/\",\"logo\":{\"@type\":\"ImageObject\",\"inLanguage\":\"fr-FR\",\"@id\":\"https:\/\/all-car-news.com\/fr\/#\/schema\/logo\/image\/\",\"url\":\"https:\/\/all-car-news.com\/wp-content\/uploads\/2022\/02\/CMYK-AllCarNews_LANDSCAPE_300px-1.png\",\"contentUrl\":\"https:\/\/all-car-news.com\/wp-content\/uploads\/2022\/02\/CMYK-AllCarNews_LANDSCAPE_300px-1.png\",\"width\":300,\"height\":100,\"caption\":\"All cars news\"},\"image\":{\"@id\":\"https:\/\/all-car-news.com\/fr\/#\/schema\/logo\/image\/\"}}]}<\/script>\n<!-- \/ Yoast SEO plugin. -->","yoast_head_json":{"title":"Variante Volkswagen Passat - All cars news","robots":{"index":"index","follow":"follow","max-snippet":"max-snippet:-1","max-image-preview":"max-image-preview:large","max-video-preview":"max-video-preview:-1"},"canonical":"https:\/\/all-car-news.com\/fr\/trouveur-de-voiture\/volkswagen\/variante-volkswagen-passat\/","og_locale":"fr_FR","og_type":"article","og_title":"Variante Volkswagen Passat - All cars news","og_description":"La Passat est un mod\u00e8le qui fait partie de la gamme de mod\u00e8les Volkswagen depuis longtemps. La premi\u00e8re g\u00e9n\u00e9ration est [&hellip;]","og_url":"https:\/\/all-car-news.com\/fr\/trouveur-de-voiture\/volkswagen\/variante-volkswagen-passat\/","og_site_name":"All cars news","article_modified_time":"2022-03-08T10:51:59+00:00","og_image":[{"width":1280,"height":923,"url":"https:\/\/all-car-news.com\/wp-content\/uploads\/2022\/03\/Volkswagen-Passat-Variant-4.jpg","type":"image\/jpeg"}],"twitter_card":"summary_large_image","twitter_misc":{"Dur\u00e9e de lecture estim\u00e9e":"3 minutes"},"schema":{"@context":"https:\/\/schema.org","@graph":[{"@type":"WebPage","@id":"https:\/\/all-car-news.com\/fr\/trouveur-de-voiture\/volkswagen\/variante-volkswagen-passat\/","url":"https:\/\/all-car-news.com\/fr\/trouveur-de-voiture\/volkswagen\/variante-volkswagen-passat\/","name":"Variante Volkswagen Passat - All cars news","isPartOf":{"@id":"https:\/\/all-car-news.com\/fr\/#website"},"datePublished":"2022-03-08T10:51:39+00:00","dateModified":"2022-03-08T10:51:59+00:00","breadcrumb":{"@id":"https:\/\/all-car-news.com\/fr\/trouveur-de-voiture\/volkswagen\/variante-volkswagen-passat\/#breadcrumb"},"inLanguage":"fr-FR","potentialAction":[{"@type":"ReadAction","target":["https:\/\/all-car-news.com\/fr\/trouveur-de-voiture\/volkswagen\/variante-volkswagen-passat\/"]}]},{"@type":"BreadcrumbList","@id":"https:\/\/all-car-news.com\/fr\/trouveur-de-voiture\/volkswagen\/variante-volkswagen-passat\/#breadcrumb","itemListElement":[{"@type":"ListItem","position":1,"name":"Home","item":"https:\/\/all-car-news.com\/fr\/"},{"@type":"ListItem","position":2,"name":"trouveur de voiture","item":"https:\/\/all-car-news.com\/fr\/trouveur-de-voiture\/"},{"@type":"ListItem","position":3,"name":"Volkswagen","item":"https:\/\/all-car-news.com\/fr\/trouveur-de-voiture\/volkswagen\/"},{"@type":"ListItem","position":4,"name":"Variante Volkswagen Passat"}]},{"@type":"WebSite","@id":"https:\/\/all-car-news.com\/fr\/#website","url":"https:\/\/all-car-news.com\/fr\/","name":"All cars news","description":"","publisher":{"@id":"https:\/\/all-car-news.com\/fr\/#organization"},"potentialAction":[{"@type":"SearchAction","target":{"@type":"EntryPoint","urlTemplate":"https:\/\/all-car-news.com\/fr\/?s={search_term_string}"},"query-input":"required name=search_term_string"}],"inLanguage":"fr-FR"},{"@type":"Organization","@id":"https:\/\/all-car-news.com\/fr\/#organization","name":"All cars news","url":"https:\/\/all-car-news.com\/fr\/","logo":{"@type":"ImageObject","inLanguage":"fr-FR","@id":"https:\/\/all-car-news.com\/fr\/#\/schema\/logo\/image\/","url":"https:\/\/all-car-news.com\/wp-content\/uploads\/2022\/02\/CMYK-AllCarNews_LANDSCAPE_300px-1.png","contentUrl":"https:\/\/all-car-news.com\/wp-content\/uploads\/2022\/02\/CMYK-AllCarNews_LANDSCAPE_300px-1.png","width":300,"height":100,"caption":"All cars news"},"image":{"@id":"https:\/\/all-car-news.com\/fr\/#\/schema\/logo\/image\/"}}]}},"_links":{"self":[{"href":"https:\/\/all-car-news.com\/fr\/wp-json\/wp\/v2\/pages\/117814","targetHints":{"allow":["GET"]}}],"collection":[{"href":"https:\/\/all-car-news.com\/fr\/wp-json\/wp\/v2\/pages"}],"about":[{"href":"https:\/\/all-car-news.com\/fr\/wp-json\/wp\/v2\/types\/page"}],"author":[{"embeddable":true,"href":"https:\/\/all-car-news.com\/fr\/wp-json\/wp\/v2\/users\/4"}],"replies":[{"embeddable":true,"href":"https:\/\/all-car-news.com\/fr\/wp-json\/wp\/v2\/comments?post=117814"}],"version-history":[{"count":0,"href":"https:\/\/all-car-news.com\/fr\/wp-json\/wp\/v2\/pages\/117814\/revisions"}],"up":[{"embeddable":true,"href":"https:\/\/all-car-news.com\/fr\/wp-json\/wp\/v2\/pages\/117698"}],"wp:featuredmedia":[{"embeddable":true,"href":"https:\/\/all-car-news.com\/fr\/wp-json\/wp\/v2\/media\/117778"}],"wp:attachment":[{"href":"https:\/\/all-car-news.com\/fr\/wp-json\/wp\/v2\/media?parent=117814"}],"curies":[{"name":"wp","href":"https:\/\/api.w.org\/{rel}","templated":true}]}}