{"id":117753,"date":"2022-03-08T09:46:11","date_gmt":"2022-03-08T09:46:11","guid":{"rendered":"https:\/\/all-car-news.com\/trouveur-de-voiture\/volkswagen\/volkswagen-coccinelle-cabriolet\/"},"modified":"2022-03-08T09:46:13","modified_gmt":"2022-03-08T09:46:13","slug":"volkswagen-coccinelle-cabriolet","status":"publish","type":"page","link":"https:\/\/all-car-news.com\/fr\/trouveur-de-voiture\/volkswagen\/volkswagen-coccinelle-cabriolet\/","title":{"rendered":"Volkswagen Coccinelle cabriolet"},"content":{"rendered":"\n<p>\u00c0 la fin des ann\u00e9es 1990, \u00e0 l&rsquo;approche du tournant du si\u00e8cle, le r\u00e9tro est un th\u00e8me populaire. Divers constructeurs automobiles r\u00e9agissent \u00e0 cela en proposant des mod\u00e8les r\u00e9tro. Pensez au Chrysler PT Cruiser, au Ford Thunderbird et au retour de Mini. Volkswagen a \u00e9galement particip\u00e9 \u00e0 la tendance et a pr\u00e9sent\u00e9 la New Beetle. La r\u00e9incarnation moderne de la Volkswagen Beetle classique a \u00e9t\u00e9 construite sur la plate-forme de la Golf et est \u00e9galement apparue en tant que cabriolet.<\/p>\n\n<p>\u00c0 la fin des ann\u00e9es 1990, \u00e0 l&rsquo;approche du tournant du si\u00e8cle, le r\u00e9tro est un th\u00e8me populaire. Divers constructeurs automobiles r\u00e9agissent \u00e0 cela en proposant des mod\u00e8les r\u00e9tro. Pensez au Chrysler PT Cruiser, au Ford Thunderbird et au retour de Mini. Volkswagen a \u00e9galement particip\u00e9 \u00e0 la tendance et a pr\u00e9sent\u00e9 la New Beetle. La r\u00e9incarnation moderne de la Volkswagen Beetle classique a \u00e9t\u00e9 construite sur la plate-forme de la Golf et est \u00e9galement apparue en tant que cabriolet.<\/p>\n\n<h2 class=\"wp-block-heading\"><strong>plus dur<\/strong><br\/><\/h2>\n\n<p>Apr\u00e8s un lifting interm\u00e9diaire en 2005 et de nombreuses \u00e9ditions sp\u00e9ciales, la New Beetle est rest\u00e9e en production jusqu&rsquo;en 2011. Cette ann\u00e9e-l\u00e0, la deuxi\u00e8me g\u00e9n\u00e9ration est apparue, mais avant cela, Volkswagen a fait un certain nombre de choses diff\u00e9remment. Par exemple, le nom a \u00e9t\u00e9 chang\u00e9 en \u00ab\u00a0Beetle\u00a0\u00bb et la voiture a eu un style un peu plus dur avec une ligne de toit l\u00e9g\u00e8rement plus basse. Par exemple, Volkswagen esp\u00e9rait obtenir plus de succ\u00e8s avec la Beetle qu&rsquo;avec la New Beetle, qui n&rsquo;avait en fait r\u00e9ussi qu&rsquo;aux \u00c9tats-Unis.<\/p>\n\n<h2 class=\"wp-block-heading\"><strong>Fin d&rsquo;une \u00e9poque<\/strong><br\/><\/h2>\n\n<p>La Coccinelle \u00e9tait en effet mieux valoris\u00e9e que la New Beetle, mais son succ\u00e8s n&rsquo;a pas \u00e9t\u00e9 \u00e0 la hauteur des esp\u00e9rances. L&rsquo;introduction de versions sp\u00e9ciales et de la version Dune robuste avec des \u00abv\u00eatements tout-terrain\u00bb a peu chang\u00e9. En 2018, l&rsquo;importateur n\u00e9erlandais a d\u00e9j\u00e0 d\u00e9cid\u00e9 d&rsquo;arr\u00eater de fournir le mod\u00e8le et en 2019, la Coccinelle a \u00e9galement cess\u00e9 sa production dans le monde entier. D&rsquo;une certaine mani\u00e8re, cela met fin \u00e0 une \u00e9poque, car pour la premi\u00e8re fois, Volkswagen ne fournit plus de \u00ab\u00a0mod\u00e8le Coccinelle\u00a0\u00bb.<\/p>\n\n<h2 class=\"wp-block-heading\">Technique<\/h2>\n\n<figure class=\"wp-block-table is-style-stripes\"><table class=\"has-fixed-layout\"><tbody><tr><td>Type de moteur<\/td><td>essence, ligne 4 cylindres<\/td><\/tr><tr><td>D\u00e9placement<\/td><td>1 197 cm\u00b3<\/td><\/tr><tr><td>max. les atouts<\/td><td>77 kW (105 ch)<\/td><\/tr><tr><td>abeille<\/td><td>4 500 tr\/min<\/td><\/tr><tr><td>max. coupler<\/td><td>175 Nm<\/td><\/tr><tr><td>abeille<\/td><td>1 400 tr\/min<\/td><\/tr><tr><td>Conduire<\/td><td>roues avant<\/td><\/tr><tr><td>Freins de\/a<\/td><td>\u00e9tant donn\u00e9 disques\/disques<\/td><\/tr><tr><td>Cercle de braquage<\/td><td>10,8 m<\/td><\/tr><tr><td>Plage de puissance<\/td><td>77 \u00e0 162kW<\/td><\/tr><\/tbody><\/table><\/figure>\n\n<h2 class=\"wp-block-heading\">G\u00e9n\u00e9ral<\/h2>\n\n<figure class=\"wp-block-table is-style-stripes\"><table class=\"has-fixed-layout\"><tbody><tr><td>Transmission<\/td><td>6MT<\/td><\/tr><tr><td>Type de corps<\/td><td>3 p. convertible<\/td><\/tr><tr><td>EuroNCAP<\/td><td>5 \u00e9toiles<\/td><\/tr><tr><td>Lancement sur le march\u00e9<\/td><td>novembre 2011<\/td><\/tr><tr><td>Dernier lifting<\/td><td>juillet 2016<\/td><\/tr><tr><td>Garantie<\/td><td>2 ans<\/td><\/tr><tr><td>A partir du prix<\/td><td>31 890 \u20ac<\/td><\/tr><tr><td>Les particularit\u00e9s<\/td><td>Les Beetle Coup\u00e9 et Cabriolet sont disponibles en Dune et Exclusive Series.<\/td><\/tr><\/tbody><\/table><\/figure>\n\n<h2 class=\"wp-block-heading\">Dimensions\/poids<\/h2>\n\n<figure class=\"wp-block-table is-style-stripes\"><table class=\"has-fixed-layout\"><tbody><tr><td>La taille des pneus<\/td><td>215\/60R16<\/td><\/tr><tr><td>L xlxh<\/td><td>4 288 x 1 825 x 1 490 mm<\/td><\/tr><tr><td>Empattement<\/td><td>2 538 mm<\/td><\/tr><tr><td>Masse vide<\/td><td>1 295 kilogrammes<\/td><\/tr><tr><td>max. selon poids<\/td><td>s\/o kg<\/td><\/tr><tr><td>suite sac. salle.<\/td><td>310 litres<\/td><\/tr><tr><td>Capacit\u00e9 du r\u00e9servoir<\/td><td>55 litres<\/td><\/tr><\/tbody><\/table><\/figure>\n\n<h2 class=\"wp-block-heading\">Consommation<\/h2>\n\n<figure class=\"wp-block-table is-style-stripes\"><table><tbody><tr><td>Connecticut. combin\u00e9<\/td><td>5,5 l\/100 km<\/td><\/tr><tr><td>\u00c9missions de CO\u2082<\/td><td>127g\/km<\/td><\/tr><tr><td>Etiquette \u00e9nerg\u00e9tique<\/td><td>C<\/td><\/tr><\/tbody><\/table><\/figure>\n\n<h2 class=\"wp-block-heading\">Performance<\/h2>\n\n<figure class=\"wp-block-table is-style-stripes\"><table class=\"has-fixed-layout\"><tbody><tr><td>Acc. 0-100km\/h<\/td><td>11,7 s<\/td><\/tr><tr><td>vitesse de pointe<\/td><td>178 km\/h<\/td><\/tr><\/tbody><\/table><\/figure>\n","protected":false},"excerpt":{"rendered":"<p>\u00c0 la fin des ann\u00e9es 1990, \u00e0 l&rsquo;approche du tournant du si\u00e8cle, le r\u00e9tro est un th\u00e8me populaire. Divers constructeurs [&hellip;]<\/p>\n","protected":false},"author":4,"featured_media":117748,"parent":117698,"menu_order":0,"comment_status":"closed","ping_status":"closed","template":"","meta":{"footnotes":""},"class_list":["post-117753","page","type-page","status-publish","has-post-thumbnail","hentry"],"acf":[],"yoast_head":"<!-- This site is optimized with the Yoast SEO plugin v21.2 - https:\/\/yoast.com\/wordpress\/plugins\/seo\/ -->\n<title>Volkswagen Coccinelle cabriolet - All cars news<\/title>\n<meta name=\"robots\" content=\"index, follow, max-snippet:-1, max-image-preview:large, max-video-preview:-1\" \/>\n<link rel=\"canonical\" href=\"https:\/\/all-car-news.com\/fr\/trouveur-de-voiture\/volkswagen\/volkswagen-coccinelle-cabriolet\/\" \/>\n<meta property=\"og:locale\" content=\"fr_FR\" \/>\n<meta property=\"og:type\" content=\"article\" \/>\n<meta property=\"og:title\" content=\"Volkswagen Coccinelle cabriolet - All cars news\" \/>\n<meta property=\"og:description\" content=\"\u00c0 la fin des ann\u00e9es 1990, \u00e0 l&rsquo;approche du tournant du si\u00e8cle, le r\u00e9tro est un th\u00e8me populaire. Divers constructeurs [&hellip;]\" \/>\n<meta property=\"og:url\" content=\"https:\/\/all-car-news.com\/fr\/trouveur-de-voiture\/volkswagen\/volkswagen-coccinelle-cabriolet\/\" \/>\n<meta property=\"og:site_name\" content=\"All cars news\" \/>\n<meta property=\"article:modified_time\" content=\"2022-03-08T09:46:13+00:00\" \/>\n<meta property=\"og:image\" content=\"https:\/\/all-car-news.com\/wp-content\/uploads\/2022\/03\/Volkswagen-Beetle-5.jpg\" \/>\n\t<meta property=\"og:image:width\" content=\"1280\" \/>\n\t<meta property=\"og:image:height\" content=\"928\" \/>\n\t<meta property=\"og:image:type\" content=\"image\/jpeg\" \/>\n<meta name=\"twitter:card\" content=\"summary_large_image\" \/>\n<meta name=\"twitter:label1\" content=\"Dur\u00e9e de lecture estim\u00e9e\" \/>\n\t<meta name=\"twitter:data1\" content=\"2 minutes\" \/>\n<script type=\"application\/ld+json\" class=\"yoast-schema-graph\">{\"@context\":\"https:\/\/schema.org\",\"@graph\":[{\"@type\":\"WebPage\",\"@id\":\"https:\/\/all-car-news.com\/fr\/trouveur-de-voiture\/volkswagen\/volkswagen-coccinelle-cabriolet\/\",\"url\":\"https:\/\/all-car-news.com\/fr\/trouveur-de-voiture\/volkswagen\/volkswagen-coccinelle-cabriolet\/\",\"name\":\"Volkswagen Coccinelle cabriolet - All cars news\",\"isPartOf\":{\"@id\":\"https:\/\/all-car-news.com\/fr\/#website\"},\"datePublished\":\"2022-03-08T09:46:11+00:00\",\"dateModified\":\"2022-03-08T09:46:13+00:00\",\"breadcrumb\":{\"@id\":\"https:\/\/all-car-news.com\/fr\/trouveur-de-voiture\/volkswagen\/volkswagen-coccinelle-cabriolet\/#breadcrumb\"},\"inLanguage\":\"fr-FR\",\"potentialAction\":[{\"@type\":\"ReadAction\",\"target\":[\"https:\/\/all-car-news.com\/fr\/trouveur-de-voiture\/volkswagen\/volkswagen-coccinelle-cabriolet\/\"]}]},{\"@type\":\"BreadcrumbList\",\"@id\":\"https:\/\/all-car-news.com\/fr\/trouveur-de-voiture\/volkswagen\/volkswagen-coccinelle-cabriolet\/#breadcrumb\",\"itemListElement\":[{\"@type\":\"ListItem\",\"position\":1,\"name\":\"Home\",\"item\":\"https:\/\/all-car-news.com\/fr\/\"},{\"@type\":\"ListItem\",\"position\":2,\"name\":\"trouveur de voiture\",\"item\":\"https:\/\/all-car-news.com\/fr\/trouveur-de-voiture\/\"},{\"@type\":\"ListItem\",\"position\":3,\"name\":\"Volkswagen\",\"item\":\"https:\/\/all-car-news.com\/fr\/trouveur-de-voiture\/volkswagen\/\"},{\"@type\":\"ListItem\",\"position\":4,\"name\":\"Volkswagen Coccinelle cabriolet\"}]},{\"@type\":\"WebSite\",\"@id\":\"https:\/\/all-car-news.com\/fr\/#website\",\"url\":\"https:\/\/all-car-news.com\/fr\/\",\"name\":\"All cars news\",\"description\":\"\",\"publisher\":{\"@id\":\"https:\/\/all-car-news.com\/fr\/#organization\"},\"potentialAction\":[{\"@type\":\"SearchAction\",\"target\":{\"@type\":\"EntryPoint\",\"urlTemplate\":\"https:\/\/all-car-news.com\/fr\/?s={search_term_string}\"},\"query-input\":\"required name=search_term_string\"}],\"inLanguage\":\"fr-FR\"},{\"@type\":\"Organization\",\"@id\":\"https:\/\/all-car-news.com\/fr\/#organization\",\"name\":\"All cars news\",\"url\":\"https:\/\/all-car-news.com\/fr\/\",\"logo\":{\"@type\":\"ImageObject\",\"inLanguage\":\"fr-FR\",\"@id\":\"https:\/\/all-car-news.com\/fr\/#\/schema\/logo\/image\/\",\"url\":\"https:\/\/all-car-news.com\/wp-content\/uploads\/2022\/02\/CMYK-AllCarNews_LANDSCAPE_300px-1.png\",\"contentUrl\":\"https:\/\/all-car-news.com\/wp-content\/uploads\/2022\/02\/CMYK-AllCarNews_LANDSCAPE_300px-1.png\",\"width\":300,\"height\":100,\"caption\":\"All cars news\"},\"image\":{\"@id\":\"https:\/\/all-car-news.com\/fr\/#\/schema\/logo\/image\/\"}}]}<\/script>\n<!-- \/ Yoast SEO plugin. -->","yoast_head_json":{"title":"Volkswagen Coccinelle cabriolet - All cars news","robots":{"index":"index","follow":"follow","max-snippet":"max-snippet:-1","max-image-preview":"max-image-preview:large","max-video-preview":"max-video-preview:-1"},"canonical":"https:\/\/all-car-news.com\/fr\/trouveur-de-voiture\/volkswagen\/volkswagen-coccinelle-cabriolet\/","og_locale":"fr_FR","og_type":"article","og_title":"Volkswagen Coccinelle cabriolet - All cars news","og_description":"\u00c0 la fin des ann\u00e9es 1990, \u00e0 l&rsquo;approche du tournant du si\u00e8cle, le r\u00e9tro est un th\u00e8me populaire. Divers constructeurs [&hellip;]","og_url":"https:\/\/all-car-news.com\/fr\/trouveur-de-voiture\/volkswagen\/volkswagen-coccinelle-cabriolet\/","og_site_name":"All cars news","article_modified_time":"2022-03-08T09:46:13+00:00","og_image":[{"width":1280,"height":928,"url":"https:\/\/all-car-news.com\/wp-content\/uploads\/2022\/03\/Volkswagen-Beetle-5.jpg","type":"image\/jpeg"}],"twitter_card":"summary_large_image","twitter_misc":{"Dur\u00e9e de lecture estim\u00e9e":"2 minutes"},"schema":{"@context":"https:\/\/schema.org","@graph":[{"@type":"WebPage","@id":"https:\/\/all-car-news.com\/fr\/trouveur-de-voiture\/volkswagen\/volkswagen-coccinelle-cabriolet\/","url":"https:\/\/all-car-news.com\/fr\/trouveur-de-voiture\/volkswagen\/volkswagen-coccinelle-cabriolet\/","name":"Volkswagen Coccinelle cabriolet - All cars news","isPartOf":{"@id":"https:\/\/all-car-news.com\/fr\/#website"},"datePublished":"2022-03-08T09:46:11+00:00","dateModified":"2022-03-08T09:46:13+00:00","breadcrumb":{"@id":"https:\/\/all-car-news.com\/fr\/trouveur-de-voiture\/volkswagen\/volkswagen-coccinelle-cabriolet\/#breadcrumb"},"inLanguage":"fr-FR","potentialAction":[{"@type":"ReadAction","target":["https:\/\/all-car-news.com\/fr\/trouveur-de-voiture\/volkswagen\/volkswagen-coccinelle-cabriolet\/"]}]},{"@type":"BreadcrumbList","@id":"https:\/\/all-car-news.com\/fr\/trouveur-de-voiture\/volkswagen\/volkswagen-coccinelle-cabriolet\/#breadcrumb","itemListElement":[{"@type":"ListItem","position":1,"name":"Home","item":"https:\/\/all-car-news.com\/fr\/"},{"@type":"ListItem","position":2,"name":"trouveur de voiture","item":"https:\/\/all-car-news.com\/fr\/trouveur-de-voiture\/"},{"@type":"ListItem","position":3,"name":"Volkswagen","item":"https:\/\/all-car-news.com\/fr\/trouveur-de-voiture\/volkswagen\/"},{"@type":"ListItem","position":4,"name":"Volkswagen Coccinelle cabriolet"}]},{"@type":"WebSite","@id":"https:\/\/all-car-news.com\/fr\/#website","url":"https:\/\/all-car-news.com\/fr\/","name":"All cars news","description":"","publisher":{"@id":"https:\/\/all-car-news.com\/fr\/#organization"},"potentialAction":[{"@type":"SearchAction","target":{"@type":"EntryPoint","urlTemplate":"https:\/\/all-car-news.com\/fr\/?s={search_term_string}"},"query-input":"required name=search_term_string"}],"inLanguage":"fr-FR"},{"@type":"Organization","@id":"https:\/\/all-car-news.com\/fr\/#organization","name":"All cars news","url":"https:\/\/all-car-news.com\/fr\/","logo":{"@type":"ImageObject","inLanguage":"fr-FR","@id":"https:\/\/all-car-news.com\/fr\/#\/schema\/logo\/image\/","url":"https:\/\/all-car-news.com\/wp-content\/uploads\/2022\/02\/CMYK-AllCarNews_LANDSCAPE_300px-1.png","contentUrl":"https:\/\/all-car-news.com\/wp-content\/uploads\/2022\/02\/CMYK-AllCarNews_LANDSCAPE_300px-1.png","width":300,"height":100,"caption":"All cars news"},"image":{"@id":"https:\/\/all-car-news.com\/fr\/#\/schema\/logo\/image\/"}}]}},"_links":{"self":[{"href":"https:\/\/all-car-news.com\/fr\/wp-json\/wp\/v2\/pages\/117753","targetHints":{"allow":["GET"]}}],"collection":[{"href":"https:\/\/all-car-news.com\/fr\/wp-json\/wp\/v2\/pages"}],"about":[{"href":"https:\/\/all-car-news.com\/fr\/wp-json\/wp\/v2\/types\/page"}],"author":[{"embeddable":true,"href":"https:\/\/all-car-news.com\/fr\/wp-json\/wp\/v2\/users\/4"}],"replies":[{"embeddable":true,"href":"https:\/\/all-car-news.com\/fr\/wp-json\/wp\/v2\/comments?post=117753"}],"version-history":[{"count":0,"href":"https:\/\/all-car-news.com\/fr\/wp-json\/wp\/v2\/pages\/117753\/revisions"}],"up":[{"embeddable":true,"href":"https:\/\/all-car-news.com\/fr\/wp-json\/wp\/v2\/pages\/117698"}],"wp:featuredmedia":[{"embeddable":true,"href":"https:\/\/all-car-news.com\/fr\/wp-json\/wp\/v2\/media\/117748"}],"wp:attachment":[{"href":"https:\/\/all-car-news.com\/fr\/wp-json\/wp\/v2\/media?parent=117753"}],"curies":[{"name":"wp","href":"https:\/\/api.w.org\/{rel}","templated":true}]}}