{"id":117723,"date":"2022-03-08T09:36:44","date_gmt":"2022-03-08T09:36:44","guid":{"rendered":"https:\/\/all-car-news.com\/trouveur-de-voiture\/volkswagen\/volkswagen-id3\/"},"modified":"2022-03-08T09:36:47","modified_gmt":"2022-03-08T09:36:47","slug":"volkswagen-id3","status":"publish","type":"page","link":"https:\/\/all-car-news.com\/fr\/trouveur-de-voiture\/volkswagen\/volkswagen-id3\/","title":{"rendered":"Volkswagen ID3"},"content":{"rendered":"\n<p>Volkswagen travaille s\u00e9rieusement sur des mod\u00e8les enti\u00e8rement \u00e9lectriques. Apr\u00e8s l&rsquo;apparition des e-Up et e-Golf plus t\u00f4t, la marque a m\u00eame pr\u00e9sent\u00e9 une sous-marque enti\u00e8rement \u00e9lectrique en 2016 : la ligne de mod\u00e8les ID. En termes de design, en fait, similaire \u00e0 la marque i-sub (presque) enti\u00e8rement \u00e9lectrique de BMW. Ils ont d\u00e9but\u00e9 avec le Volkswagen ID Concept et les ID Buzz, ID Cross, ID Vizzion, la voiture de course ID R, ID Buggy et ID Roomzz ont depuis \u00e9t\u00e9 suivis. Tous sont encore des concept-cars, m\u00eame si certains fonctionnent d\u00e9j\u00e0.<\/p>\n\n<p>Volkswagen travaille s\u00e9rieusement sur des mod\u00e8les enti\u00e8rement \u00e9lectriques. Apr\u00e8s l&rsquo;apparition des e-Up et e-Golf plus t\u00f4t, la marque a m\u00eame pr\u00e9sent\u00e9 une sous-marque enti\u00e8rement \u00e9lectrique en 2016 : la ligne de mod\u00e8les ID. En termes de design, en fait, similaire \u00e0 la marque i-sub (presque) enti\u00e8rement \u00e9lectrique de BMW. Ils ont d\u00e9but\u00e9 avec le Volkswagen ID Concept et les ID Buzz, ID Cross, ID Vizzion, la voiture de course ID R, ID Buggy et ID Roomzz ont depuis \u00e9t\u00e9 suivis. Tous sont encore des concept-cars, m\u00eame si certains fonctionnent d\u00e9j\u00e0.<\/p>\n\n<h2 class=\"wp-block-heading\"><strong>En production<\/strong><br\/><\/h2>\n\n<p>La premi\u00e8re version de production \u00e9tait l&rsquo;ID.3, une version plus d\u00e9velopp\u00e9e du premier concept-car ID. Ce sera certainement une alternative tout \u00e9lectrique \u00e0 la Golf, pour un prix comparable. Volkswagen consid\u00e8re la voiture comme un nouveau venu tr\u00e8s important, ce qui se refl\u00e8te dans le nom du type. Apr\u00e8s la Coccinelle puis la Golf, l&rsquo;ID.3 devrait \u00eatre la troisi\u00e8me success story mythique de la marque. D&rsquo;o\u00f9 ce chiffre.<\/p>\n\n<h2 class=\"wp-block-heading\"><strong>Populaire?<\/strong><\/h2>\n\n<p><br\/>L&rsquo;ID.3 est apparue sur le march\u00e9 courant 2020. On ne saura si l&rsquo;ID.3 deviendra effectivement aussi l\u00e9gendaire que la Coccinelle et la Golf que dans quelques d\u00e9cennies. On peut d\u00e9j\u00e0 dire que la voiture \u00e9lectrique semble devenir populaire. La 1\u00e8re \u00e9dition a r\u00e9ussi \u00e0 atteindre plus de 10 000 r\u00e9servations en une journ\u00e9e.<\/p>\n\n<h2 class=\"wp-block-heading\">Technique<\/h2>\n\n<figure class=\"wp-block-table is-style-stripes\"><table class=\"has-fixed-layout\"><tbody><tr><td>Type de moteur<\/td><td>\u00e9lectrique<\/td><\/tr><tr><td>La batterie<\/td><td>lithium-ion<\/td><\/tr><tr><td>Capacit\u00e9<\/td><td>45kWh<\/td><\/tr><tr><td>Conduire<\/td><td>roues arri\u00e8res<\/td><\/tr><tr><td>Freins de\/a<\/td><td>\u00e9tant donn\u00e9 disques\/disques<\/td><\/tr><tr><td>Cercle de braquage<\/td><td>10,2 m<\/td><\/tr><tr><td>Varier<\/td><td>351 kilom\u00e8tres<\/td><\/tr><tr><td>Temps de charge \u00e0 220V<\/td><td>07h00<\/td><\/tr><tr><td>Plage de puissance<\/td><td>105 \u00e0 150kW<\/td><\/tr><\/tbody><\/table><\/figure>\n\n<h2 class=\"wp-block-heading\">Performance<\/h2>\n\n<figure class=\"wp-block-table is-style-stripes\"><table class=\"has-fixed-layout\"><tbody><tr><td>Alimentation du syst\u00e8me<\/td><td>110 kW (150 ch)<\/td><\/tr><tr><td>Paire syst\u00e8me<\/td><td>310 Nm<\/td><\/tr><tr><td>Acc. 0-100km\/h<\/td><td>8,9 s<\/td><\/tr><tr><td>vitesse de pointe<\/td><td>160km\/h<\/td><\/tr><\/tbody><\/table><\/figure>\n\n<h2 class=\"wp-block-heading\">G\u00e9n\u00e9ral<\/h2>\n\n<figure class=\"wp-block-table is-style-stripes\"><table class=\"has-fixed-layout\"><tbody><tr><td>Transmission<\/td><td>pignon fixe<\/td><\/tr><tr><td>Type de corps<\/td><td>5-dr. hayon<\/td><\/tr><tr><td>EuroNCAP<\/td><td>5 \u00e9toiles<\/td><\/tr><tr><td>Lancement sur le march\u00e9<\/td><td>Septembre 2020<\/td><\/tr><tr><td>Dernier lifting<\/td><td>N \/ A<\/td><\/tr><tr><td>Garantie<\/td><td>8 ann\u00e9es<\/td><\/tr><tr><td>A partir du prix<\/td><td>32 190 \u20ac<\/td><\/tr><tr><td>Les particularit\u00e9s<\/td><td>L&rsquo;ID.3 est le tout premier mod\u00e8le de production sous le nouveau label ID de Volkswagen pour les mod\u00e8les \u00e9lectriques.<\/td><\/tr><\/tbody><\/table><\/figure>\n\n<h2 class=\"wp-block-heading\">Dimensions\/poids<\/h2>\n\n<figure class=\"wp-block-table is-style-stripes\"><table class=\"has-fixed-layout\"><tbody><tr><td>La taille des pneus<\/td><td>215\/55R18<\/td><\/tr><tr><td>L xlxh<\/td><td>4 260 x 1 810 x 1 550 mm<\/td><\/tr><tr><td>Empattement<\/td><td>2 770 mm<\/td><\/tr><tr><td>Masse vide<\/td><td>1 772 kilogrammes<\/td><\/tr><tr><td>max. selon poids<\/td><td>s\/o kg<\/td><\/tr><tr><td>suite sac. salle.<\/td><td>385 litres<\/td><\/tr><\/tbody><\/table><\/figure>\n\n<h2 class=\"wp-block-heading\">Consommation<\/h2>\n\n<figure class=\"wp-block-table is-style-stripes\"><table class=\"has-fixed-layout\"><tbody><tr><td>Etiquette \u00e9nerg\u00e9tique<\/td><td>une<\/td><\/tr><\/tbody><\/table><\/figure>\n","protected":false},"excerpt":{"rendered":"<p>Volkswagen travaille s\u00e9rieusement sur des mod\u00e8les enti\u00e8rement \u00e9lectriques. Apr\u00e8s l&rsquo;apparition des e-Up et e-Golf plus t\u00f4t, la marque a m\u00eame [&hellip;]<\/p>\n","protected":false},"author":4,"featured_media":117718,"parent":117698,"menu_order":0,"comment_status":"closed","ping_status":"closed","template":"","meta":{"footnotes":""},"class_list":["post-117723","page","type-page","status-publish","has-post-thumbnail","hentry"],"acf":[],"yoast_head":"<!-- This site is optimized with the Yoast SEO plugin v21.2 - https:\/\/yoast.com\/wordpress\/plugins\/seo\/ -->\n<title>Volkswagen ID3 - All cars news<\/title>\n<meta name=\"robots\" content=\"index, follow, max-snippet:-1, max-image-preview:large, max-video-preview:-1\" \/>\n<link rel=\"canonical\" href=\"https:\/\/all-car-news.com\/fr\/trouveur-de-voiture\/volkswagen\/volkswagen-id3\/\" \/>\n<meta property=\"og:locale\" content=\"fr_FR\" \/>\n<meta property=\"og:type\" content=\"article\" \/>\n<meta property=\"og:title\" content=\"Volkswagen ID3 - All cars news\" \/>\n<meta property=\"og:description\" content=\"Volkswagen travaille s\u00e9rieusement sur des mod\u00e8les enti\u00e8rement \u00e9lectriques. Apr\u00e8s l&rsquo;apparition des e-Up et e-Golf plus t\u00f4t, la marque a m\u00eame [&hellip;]\" \/>\n<meta property=\"og:url\" content=\"https:\/\/all-car-news.com\/fr\/trouveur-de-voiture\/volkswagen\/volkswagen-id3\/\" \/>\n<meta property=\"og:site_name\" content=\"All cars news\" \/>\n<meta property=\"article:modified_time\" content=\"2022-03-08T09:36:47+00:00\" \/>\n<meta property=\"og:image\" content=\"https:\/\/all-car-news.com\/wp-content\/uploads\/2022\/03\/Volkswagen-ID.3-1.jpg\" \/>\n\t<meta property=\"og:image:width\" content=\"1279\" \/>\n\t<meta property=\"og:image:height\" content=\"925\" \/>\n\t<meta property=\"og:image:type\" content=\"image\/jpeg\" \/>\n<meta name=\"twitter:card\" content=\"summary_large_image\" \/>\n<meta name=\"twitter:label1\" content=\"Dur\u00e9e de lecture estim\u00e9e\" \/>\n\t<meta name=\"twitter:data1\" content=\"2 minutes\" \/>\n<script type=\"application\/ld+json\" class=\"yoast-schema-graph\">{\"@context\":\"https:\/\/schema.org\",\"@graph\":[{\"@type\":\"WebPage\",\"@id\":\"https:\/\/all-car-news.com\/fr\/trouveur-de-voiture\/volkswagen\/volkswagen-id3\/\",\"url\":\"https:\/\/all-car-news.com\/fr\/trouveur-de-voiture\/volkswagen\/volkswagen-id3\/\",\"name\":\"Volkswagen ID3 - All cars news\",\"isPartOf\":{\"@id\":\"https:\/\/all-car-news.com\/fr\/#website\"},\"datePublished\":\"2022-03-08T09:36:44+00:00\",\"dateModified\":\"2022-03-08T09:36:47+00:00\",\"breadcrumb\":{\"@id\":\"https:\/\/all-car-news.com\/fr\/trouveur-de-voiture\/volkswagen\/volkswagen-id3\/#breadcrumb\"},\"inLanguage\":\"fr-FR\",\"potentialAction\":[{\"@type\":\"ReadAction\",\"target\":[\"https:\/\/all-car-news.com\/fr\/trouveur-de-voiture\/volkswagen\/volkswagen-id3\/\"]}]},{\"@type\":\"BreadcrumbList\",\"@id\":\"https:\/\/all-car-news.com\/fr\/trouveur-de-voiture\/volkswagen\/volkswagen-id3\/#breadcrumb\",\"itemListElement\":[{\"@type\":\"ListItem\",\"position\":1,\"name\":\"Home\",\"item\":\"https:\/\/all-car-news.com\/fr\/\"},{\"@type\":\"ListItem\",\"position\":2,\"name\":\"trouveur de voiture\",\"item\":\"https:\/\/all-car-news.com\/fr\/trouveur-de-voiture\/\"},{\"@type\":\"ListItem\",\"position\":3,\"name\":\"Volkswagen\",\"item\":\"https:\/\/all-car-news.com\/fr\/trouveur-de-voiture\/volkswagen\/\"},{\"@type\":\"ListItem\",\"position\":4,\"name\":\"Volkswagen ID3\"}]},{\"@type\":\"WebSite\",\"@id\":\"https:\/\/all-car-news.com\/fr\/#website\",\"url\":\"https:\/\/all-car-news.com\/fr\/\",\"name\":\"All cars news\",\"description\":\"\",\"publisher\":{\"@id\":\"https:\/\/all-car-news.com\/fr\/#organization\"},\"potentialAction\":[{\"@type\":\"SearchAction\",\"target\":{\"@type\":\"EntryPoint\",\"urlTemplate\":\"https:\/\/all-car-news.com\/fr\/?s={search_term_string}\"},\"query-input\":\"required name=search_term_string\"}],\"inLanguage\":\"fr-FR\"},{\"@type\":\"Organization\",\"@id\":\"https:\/\/all-car-news.com\/fr\/#organization\",\"name\":\"All cars news\",\"url\":\"https:\/\/all-car-news.com\/fr\/\",\"logo\":{\"@type\":\"ImageObject\",\"inLanguage\":\"fr-FR\",\"@id\":\"https:\/\/all-car-news.com\/fr\/#\/schema\/logo\/image\/\",\"url\":\"https:\/\/all-car-news.com\/wp-content\/uploads\/2022\/02\/CMYK-AllCarNews_LANDSCAPE_300px-1.png\",\"contentUrl\":\"https:\/\/all-car-news.com\/wp-content\/uploads\/2022\/02\/CMYK-AllCarNews_LANDSCAPE_300px-1.png\",\"width\":300,\"height\":100,\"caption\":\"All cars news\"},\"image\":{\"@id\":\"https:\/\/all-car-news.com\/fr\/#\/schema\/logo\/image\/\"}}]}<\/script>\n<!-- \/ Yoast SEO plugin. -->","yoast_head_json":{"title":"Volkswagen ID3 - All cars news","robots":{"index":"index","follow":"follow","max-snippet":"max-snippet:-1","max-image-preview":"max-image-preview:large","max-video-preview":"max-video-preview:-1"},"canonical":"https:\/\/all-car-news.com\/fr\/trouveur-de-voiture\/volkswagen\/volkswagen-id3\/","og_locale":"fr_FR","og_type":"article","og_title":"Volkswagen ID3 - All cars news","og_description":"Volkswagen travaille s\u00e9rieusement sur des mod\u00e8les enti\u00e8rement \u00e9lectriques. Apr\u00e8s l&rsquo;apparition des e-Up et e-Golf plus t\u00f4t, la marque a m\u00eame [&hellip;]","og_url":"https:\/\/all-car-news.com\/fr\/trouveur-de-voiture\/volkswagen\/volkswagen-id3\/","og_site_name":"All cars news","article_modified_time":"2022-03-08T09:36:47+00:00","og_image":[{"width":1279,"height":925,"url":"https:\/\/all-car-news.com\/wp-content\/uploads\/2022\/03\/Volkswagen-ID.3-1.jpg","type":"image\/jpeg"}],"twitter_card":"summary_large_image","twitter_misc":{"Dur\u00e9e de lecture estim\u00e9e":"2 minutes"},"schema":{"@context":"https:\/\/schema.org","@graph":[{"@type":"WebPage","@id":"https:\/\/all-car-news.com\/fr\/trouveur-de-voiture\/volkswagen\/volkswagen-id3\/","url":"https:\/\/all-car-news.com\/fr\/trouveur-de-voiture\/volkswagen\/volkswagen-id3\/","name":"Volkswagen ID3 - All cars news","isPartOf":{"@id":"https:\/\/all-car-news.com\/fr\/#website"},"datePublished":"2022-03-08T09:36:44+00:00","dateModified":"2022-03-08T09:36:47+00:00","breadcrumb":{"@id":"https:\/\/all-car-news.com\/fr\/trouveur-de-voiture\/volkswagen\/volkswagen-id3\/#breadcrumb"},"inLanguage":"fr-FR","potentialAction":[{"@type":"ReadAction","target":["https:\/\/all-car-news.com\/fr\/trouveur-de-voiture\/volkswagen\/volkswagen-id3\/"]}]},{"@type":"BreadcrumbList","@id":"https:\/\/all-car-news.com\/fr\/trouveur-de-voiture\/volkswagen\/volkswagen-id3\/#breadcrumb","itemListElement":[{"@type":"ListItem","position":1,"name":"Home","item":"https:\/\/all-car-news.com\/fr\/"},{"@type":"ListItem","position":2,"name":"trouveur de voiture","item":"https:\/\/all-car-news.com\/fr\/trouveur-de-voiture\/"},{"@type":"ListItem","position":3,"name":"Volkswagen","item":"https:\/\/all-car-news.com\/fr\/trouveur-de-voiture\/volkswagen\/"},{"@type":"ListItem","position":4,"name":"Volkswagen ID3"}]},{"@type":"WebSite","@id":"https:\/\/all-car-news.com\/fr\/#website","url":"https:\/\/all-car-news.com\/fr\/","name":"All cars news","description":"","publisher":{"@id":"https:\/\/all-car-news.com\/fr\/#organization"},"potentialAction":[{"@type":"SearchAction","target":{"@type":"EntryPoint","urlTemplate":"https:\/\/all-car-news.com\/fr\/?s={search_term_string}"},"query-input":"required name=search_term_string"}],"inLanguage":"fr-FR"},{"@type":"Organization","@id":"https:\/\/all-car-news.com\/fr\/#organization","name":"All cars news","url":"https:\/\/all-car-news.com\/fr\/","logo":{"@type":"ImageObject","inLanguage":"fr-FR","@id":"https:\/\/all-car-news.com\/fr\/#\/schema\/logo\/image\/","url":"https:\/\/all-car-news.com\/wp-content\/uploads\/2022\/02\/CMYK-AllCarNews_LANDSCAPE_300px-1.png","contentUrl":"https:\/\/all-car-news.com\/wp-content\/uploads\/2022\/02\/CMYK-AllCarNews_LANDSCAPE_300px-1.png","width":300,"height":100,"caption":"All cars news"},"image":{"@id":"https:\/\/all-car-news.com\/fr\/#\/schema\/logo\/image\/"}}]}},"_links":{"self":[{"href":"https:\/\/all-car-news.com\/fr\/wp-json\/wp\/v2\/pages\/117723","targetHints":{"allow":["GET"]}}],"collection":[{"href":"https:\/\/all-car-news.com\/fr\/wp-json\/wp\/v2\/pages"}],"about":[{"href":"https:\/\/all-car-news.com\/fr\/wp-json\/wp\/v2\/types\/page"}],"author":[{"embeddable":true,"href":"https:\/\/all-car-news.com\/fr\/wp-json\/wp\/v2\/users\/4"}],"replies":[{"embeddable":true,"href":"https:\/\/all-car-news.com\/fr\/wp-json\/wp\/v2\/comments?post=117723"}],"version-history":[{"count":0,"href":"https:\/\/all-car-news.com\/fr\/wp-json\/wp\/v2\/pages\/117723\/revisions"}],"up":[{"embeddable":true,"href":"https:\/\/all-car-news.com\/fr\/wp-json\/wp\/v2\/pages\/117698"}],"wp:featuredmedia":[{"embeddable":true,"href":"https:\/\/all-car-news.com\/fr\/wp-json\/wp\/v2\/media\/117718"}],"wp:attachment":[{"href":"https:\/\/all-car-news.com\/fr\/wp-json\/wp\/v2\/media?parent=117723"}],"curies":[{"name":"wp","href":"https:\/\/api.w.org\/{rel}","templated":true}]}}