{"id":117698,"date":"2022-03-08T09:23:52","date_gmt":"2022-03-08T09:23:52","guid":{"rendered":"https:\/\/all-car-news.com\/volkswagen\/"},"modified":"2022-03-08T09:24:03","modified_gmt":"2022-03-08T09:24:03","slug":"volkswagen","status":"publish","type":"page","link":"https:\/\/all-car-news.com\/fr\/trouveur-de-voiture\/volkswagen\/","title":{"rendered":"Volkswagen"},"content":{"rendered":"\n<h2 class=\"wp-block-heading\">Histoire Volkswagen<\/h2>\n\n<p>La Volkswagen Beetle est un projet de voiture pour le peuple, une histoire aux nombreux c\u00f4t\u00e9s sombres que nous ne soulignons pas ici. En 1947, l&rsquo;usine re\u00e7oit une commande du N\u00e9erlandais Ben Pon pour 56 Coccinelles. Depuis lors, Pon est l&rsquo;importateur n\u00e9erlandais de Volkswagen. En 1950, Pon dessine un petit v\u00e9hicule utilitaire. C&rsquo;est devenu le Transporter, le proverbial bus Volkswagen. Donc deux voitures embl\u00e9matiques.<\/p>\n\n<p>Jusqu&rsquo;en 1970, Volkswagen avait une gamme tr\u00e8s incompl\u00e8te et les mod\u00e8les apparus jusqu&rsquo;alors \u00e9taient tous des variantes de la Coccinelle, avec un ch\u00e2ssis \u00e0 l&rsquo;ancienne et avec le moteur \u00e0 l&rsquo;arri\u00e8re. Ce n&rsquo;est qu&rsquo;avec l&rsquo;arriv\u00e9e de la K70, un enfant orphelin de NSU d\u00e9c\u00e9d\u00e9, que Volkswagen a produit une voiture de tourisme moderne. En 1972, la 15 07 034e Beetle est sortie de la cha\u00eene de production, battant le record de la Volkswagen Model T. La Volkswagen Golf est apparue en 1974, la Coccinelle est rest\u00e9e en production en Europe jusqu&rsquo;en 1978.<\/p>\n\n<p>Volkswagen a repris Auto Union en 1964. Depuis la crise des ann\u00e9es 1930, il s&rsquo;agissait de DKW, Wanderer, Horch et Audi, mais Volkswagen n&rsquo;utilisait que le nom Audi. En 1969, Volkswagen a \u00e9galement repris NSU et Audi et NSU ont \u00e9t\u00e9 regroup\u00e9s dans une division distincte. De plus, Porsche, SEAT, Skoda, Bentley, Lamborghini et Bugatti appartiennent au groupe Volkswagen.<\/p>\n","protected":false},"excerpt":{"rendered":"<p>Histoire Volkswagen La Volkswagen Beetle est un projet de voiture pour le peuple, une histoire aux nombreux c\u00f4t\u00e9s sombres que [&hellip;]<\/p>\n","protected":false},"author":4,"featured_media":0,"parent":116567,"menu_order":0,"comment_status":"closed","ping_status":"closed","template":"","meta":{"footnotes":""},"class_list":["post-117698","page","type-page","status-publish","hentry"],"acf":[],"yoast_head":"<!-- This site is optimized with the Yoast SEO plugin v21.2 - https:\/\/yoast.com\/wordpress\/plugins\/seo\/ -->\n<title>Volkswagen - All cars news<\/title>\n<meta name=\"robots\" content=\"index, follow, max-snippet:-1, max-image-preview:large, max-video-preview:-1\" \/>\n<link rel=\"canonical\" href=\"https:\/\/all-car-news.com\/fr\/trouveur-de-voiture\/volkswagen\/\" \/>\n<meta property=\"og:locale\" content=\"fr_FR\" \/>\n<meta property=\"og:type\" content=\"article\" \/>\n<meta property=\"og:title\" content=\"Volkswagen - All cars news\" \/>\n<meta property=\"og:description\" content=\"Histoire Volkswagen La Volkswagen Beetle est un projet de voiture pour le peuple, une histoire aux nombreux c\u00f4t\u00e9s sombres que [&hellip;]\" \/>\n<meta property=\"og:url\" content=\"https:\/\/all-car-news.com\/fr\/trouveur-de-voiture\/volkswagen\/\" \/>\n<meta property=\"og:site_name\" content=\"All cars news\" \/>\n<meta property=\"article:modified_time\" content=\"2022-03-08T09:24:03+00:00\" \/>\n<meta name=\"twitter:card\" content=\"summary_large_image\" \/>\n<meta name=\"twitter:label1\" content=\"Dur\u00e9e de lecture estim\u00e9e\" \/>\n\t<meta name=\"twitter:data1\" content=\"1 minute\" \/>\n<script type=\"application\/ld+json\" class=\"yoast-schema-graph\">{\"@context\":\"https:\/\/schema.org\",\"@graph\":[{\"@type\":\"WebPage\",\"@id\":\"https:\/\/all-car-news.com\/fr\/trouveur-de-voiture\/volkswagen\/\",\"url\":\"https:\/\/all-car-news.com\/fr\/trouveur-de-voiture\/volkswagen\/\",\"name\":\"Volkswagen - All cars news\",\"isPartOf\":{\"@id\":\"https:\/\/all-car-news.com\/fr\/#website\"},\"datePublished\":\"2022-03-08T09:23:52+00:00\",\"dateModified\":\"2022-03-08T09:24:03+00:00\",\"breadcrumb\":{\"@id\":\"https:\/\/all-car-news.com\/fr\/trouveur-de-voiture\/volkswagen\/#breadcrumb\"},\"inLanguage\":\"fr-FR\",\"potentialAction\":[{\"@type\":\"ReadAction\",\"target\":[\"https:\/\/all-car-news.com\/fr\/trouveur-de-voiture\/volkswagen\/\"]}]},{\"@type\":\"BreadcrumbList\",\"@id\":\"https:\/\/all-car-news.com\/fr\/trouveur-de-voiture\/volkswagen\/#breadcrumb\",\"itemListElement\":[{\"@type\":\"ListItem\",\"position\":1,\"name\":\"Home\",\"item\":\"https:\/\/all-car-news.com\/fr\/\"},{\"@type\":\"ListItem\",\"position\":2,\"name\":\"trouveur de voiture\",\"item\":\"https:\/\/all-car-news.com\/fr\/trouveur-de-voiture\/\"},{\"@type\":\"ListItem\",\"position\":3,\"name\":\"Volkswagen\"}]},{\"@type\":\"WebSite\",\"@id\":\"https:\/\/all-car-news.com\/fr\/#website\",\"url\":\"https:\/\/all-car-news.com\/fr\/\",\"name\":\"All cars news\",\"description\":\"\",\"publisher\":{\"@id\":\"https:\/\/all-car-news.com\/fr\/#organization\"},\"potentialAction\":[{\"@type\":\"SearchAction\",\"target\":{\"@type\":\"EntryPoint\",\"urlTemplate\":\"https:\/\/all-car-news.com\/fr\/?s={search_term_string}\"},\"query-input\":\"required name=search_term_string\"}],\"inLanguage\":\"fr-FR\"},{\"@type\":\"Organization\",\"@id\":\"https:\/\/all-car-news.com\/fr\/#organization\",\"name\":\"All cars news\",\"url\":\"https:\/\/all-car-news.com\/fr\/\",\"logo\":{\"@type\":\"ImageObject\",\"inLanguage\":\"fr-FR\",\"@id\":\"https:\/\/all-car-news.com\/fr\/#\/schema\/logo\/image\/\",\"url\":\"https:\/\/all-car-news.com\/wp-content\/uploads\/2022\/02\/CMYK-AllCarNews_LANDSCAPE_300px-1.png\",\"contentUrl\":\"https:\/\/all-car-news.com\/wp-content\/uploads\/2022\/02\/CMYK-AllCarNews_LANDSCAPE_300px-1.png\",\"width\":300,\"height\":100,\"caption\":\"All cars news\"},\"image\":{\"@id\":\"https:\/\/all-car-news.com\/fr\/#\/schema\/logo\/image\/\"}}]}<\/script>\n<!-- \/ Yoast SEO plugin. -->","yoast_head_json":{"title":"Volkswagen - All cars news","robots":{"index":"index","follow":"follow","max-snippet":"max-snippet:-1","max-image-preview":"max-image-preview:large","max-video-preview":"max-video-preview:-1"},"canonical":"https:\/\/all-car-news.com\/fr\/trouveur-de-voiture\/volkswagen\/","og_locale":"fr_FR","og_type":"article","og_title":"Volkswagen - All cars news","og_description":"Histoire Volkswagen La Volkswagen Beetle est un projet de voiture pour le peuple, une histoire aux nombreux c\u00f4t\u00e9s sombres que [&hellip;]","og_url":"https:\/\/all-car-news.com\/fr\/trouveur-de-voiture\/volkswagen\/","og_site_name":"All cars news","article_modified_time":"2022-03-08T09:24:03+00:00","twitter_card":"summary_large_image","twitter_misc":{"Dur\u00e9e de lecture estim\u00e9e":"1 minute"},"schema":{"@context":"https:\/\/schema.org","@graph":[{"@type":"WebPage","@id":"https:\/\/all-car-news.com\/fr\/trouveur-de-voiture\/volkswagen\/","url":"https:\/\/all-car-news.com\/fr\/trouveur-de-voiture\/volkswagen\/","name":"Volkswagen - All cars news","isPartOf":{"@id":"https:\/\/all-car-news.com\/fr\/#website"},"datePublished":"2022-03-08T09:23:52+00:00","dateModified":"2022-03-08T09:24:03+00:00","breadcrumb":{"@id":"https:\/\/all-car-news.com\/fr\/trouveur-de-voiture\/volkswagen\/#breadcrumb"},"inLanguage":"fr-FR","potentialAction":[{"@type":"ReadAction","target":["https:\/\/all-car-news.com\/fr\/trouveur-de-voiture\/volkswagen\/"]}]},{"@type":"BreadcrumbList","@id":"https:\/\/all-car-news.com\/fr\/trouveur-de-voiture\/volkswagen\/#breadcrumb","itemListElement":[{"@type":"ListItem","position":1,"name":"Home","item":"https:\/\/all-car-news.com\/fr\/"},{"@type":"ListItem","position":2,"name":"trouveur de voiture","item":"https:\/\/all-car-news.com\/fr\/trouveur-de-voiture\/"},{"@type":"ListItem","position":3,"name":"Volkswagen"}]},{"@type":"WebSite","@id":"https:\/\/all-car-news.com\/fr\/#website","url":"https:\/\/all-car-news.com\/fr\/","name":"All cars news","description":"","publisher":{"@id":"https:\/\/all-car-news.com\/fr\/#organization"},"potentialAction":[{"@type":"SearchAction","target":{"@type":"EntryPoint","urlTemplate":"https:\/\/all-car-news.com\/fr\/?s={search_term_string}"},"query-input":"required name=search_term_string"}],"inLanguage":"fr-FR"},{"@type":"Organization","@id":"https:\/\/all-car-news.com\/fr\/#organization","name":"All cars news","url":"https:\/\/all-car-news.com\/fr\/","logo":{"@type":"ImageObject","inLanguage":"fr-FR","@id":"https:\/\/all-car-news.com\/fr\/#\/schema\/logo\/image\/","url":"https:\/\/all-car-news.com\/wp-content\/uploads\/2022\/02\/CMYK-AllCarNews_LANDSCAPE_300px-1.png","contentUrl":"https:\/\/all-car-news.com\/wp-content\/uploads\/2022\/02\/CMYK-AllCarNews_LANDSCAPE_300px-1.png","width":300,"height":100,"caption":"All cars news"},"image":{"@id":"https:\/\/all-car-news.com\/fr\/#\/schema\/logo\/image\/"}}]}},"_links":{"self":[{"href":"https:\/\/all-car-news.com\/fr\/wp-json\/wp\/v2\/pages\/117698","targetHints":{"allow":["GET"]}}],"collection":[{"href":"https:\/\/all-car-news.com\/fr\/wp-json\/wp\/v2\/pages"}],"about":[{"href":"https:\/\/all-car-news.com\/fr\/wp-json\/wp\/v2\/types\/page"}],"author":[{"embeddable":true,"href":"https:\/\/all-car-news.com\/fr\/wp-json\/wp\/v2\/users\/4"}],"replies":[{"embeddable":true,"href":"https:\/\/all-car-news.com\/fr\/wp-json\/wp\/v2\/comments?post=117698"}],"version-history":[{"count":0,"href":"https:\/\/all-car-news.com\/fr\/wp-json\/wp\/v2\/pages\/117698\/revisions"}],"up":[{"embeddable":true,"href":"https:\/\/all-car-news.com\/fr\/wp-json\/wp\/v2\/pages\/116567"}],"wp:attachment":[{"href":"https:\/\/all-car-news.com\/fr\/wp-json\/wp\/v2\/media?parent=117698"}],"curies":[{"name":"wp","href":"https:\/\/api.w.org\/{rel}","templated":true}]}}