{"id":117548,"date":"2022-03-08T08:32:39","date_gmt":"2022-03-08T08:32:39","guid":{"rendered":"https:\/\/all-car-news.com\/bmw-serie-6-grand-tourisme\/"},"modified":"2022-03-08T08:32:42","modified_gmt":"2022-03-08T08:32:42","slug":"bmw-serie-6-grand-tourisme","status":"publish","type":"page","link":"https:\/\/all-car-news.com\/fr\/bmw-serie-6-grand-tourisme\/","title":{"rendered":"BMW s\u00e9rie 6 grand tourisme"},"content":{"rendered":"\n<p>En 2009, BMW a pr\u00e9sent\u00e9 la 5 GT, une sorte de version coup\u00e9 cinq portes l\u00e9g\u00e8rement sur\u00e9lev\u00e9e de la S\u00e9rie 5. En 2017, place \u00e0 la deuxi\u00e8me et actuelle g\u00e9n\u00e9ration, que BMW positionnera d\u00e9sormais sous la S\u00e9rie 6. Depuis que les mod\u00e8les existants de la s\u00e9rie 6 sont pass\u00e9s \u00e0 la s\u00e9rie 8, la 6 GT est devenue un mod\u00e8le autonome.<\/p>\n\n<p>En 2009, BMW a pr\u00e9sent\u00e9 la 5 GT, une sorte de version coup\u00e9 cinq portes l\u00e9g\u00e8rement sur\u00e9lev\u00e9e de la S\u00e9rie 5. En 2017, place \u00e0 la deuxi\u00e8me et actuelle g\u00e9n\u00e9ration, que BMW positionnera d\u00e9sormais sous la S\u00e9rie 6. Depuis que les mod\u00e8les existants de la s\u00e9rie 6 sont pass\u00e9s \u00e0 la s\u00e9rie 8, la 6 GT est devenue un mod\u00e8le autonome.<\/p>\n\n<p><\/p>\n\n<h2 class=\"wp-block-heading\"><strong>sous-cutan\u00e9<\/strong><br\/><\/h2>\n\n<p>Par rapport \u00e0 son pr\u00e9d\u00e9cesseur, la 6 GT a l\u00e9g\u00e8rement grandi, mais est \u00e9galement devenue l\u00e9g\u00e8rement plus l\u00e9g\u00e8re en m\u00eame temps. Sous la peau, la 6 GT est toujours fortement li\u00e9e aux mod\u00e8les sortants de la S\u00e9rie 6. Une transmission automatique \u00e0 huit rapports est de s\u00e9rie sur toutes les versions, la gamme de moteurs se compose de moteurs \u00e0 quatre et six cylindres pour l&rsquo;essence et le diesel.<\/p>\n\n<p><\/p>\n\n<h2 class=\"wp-block-heading\"><strong>sans mains<\/strong><br\/><\/h2>\n\n<p>Bien s\u00fbr, la 6 GT est richement \u00e9quip\u00e9e de toutes sortes de syst\u00e8mes de s\u00e9curit\u00e9 et de luxe. Un \u00e9l\u00e9ment notable est le contr\u00f4le gestuel de certaines fonctions d&rsquo;infodivertissement. Par exemple, vous pouvez changer la station de radio ou le volume de la musique sans toucher un bouton. De plus, la voiture est \u00e9quip\u00e9e de s\u00e9rie d&rsquo;une suspension auto-ajustable, qui place la voiture d&rsquo;environ un centim\u00e8tre plus bas sur les roues au-dessus de 120 km\/h.<\/p>\n\n<h2 class=\"wp-block-heading\">Technique<\/h2>\n\n<figure class=\"wp-block-table is-style-stripes\"><table class=\"has-fixed-layout\"><tbody><tr><td>Type de moteur<\/td><td>essence, ligne 4 cylindres<\/td><\/tr><tr><td>D\u00e9placement<\/td><td>1 998 cm\u00b3<\/td><\/tr><tr><td>max. les atouts<\/td><td>190 kW (258 ch)<\/td><\/tr><tr><td>abeille<\/td><td>5 000 tr\/min<\/td><\/tr><tr><td>max. coupler<\/td><td>400 Nm<\/td><\/tr><tr><td>abeille<\/td><td>1\u00a0550 tr\/min<\/td><\/tr><tr><td>Conduire<\/td><td>roues arri\u00e8res<\/td><\/tr><tr><td>Freins de\/a<\/td><td>\u00e9tant donn\u00e9 dames<\/td><\/tr><tr><td>Cercle de braquage<\/td><td>12,3 m<\/td><\/tr><tr><td>Plage de puissance<\/td><td>140 \u00e0 250kW<\/td><\/tr><\/tbody><\/table><figcaption><br\/><\/figcaption><\/figure>\n\n<h2 class=\"wp-block-heading\">G\u00e9n\u00e9ral<\/h2>\n\n<figure class=\"wp-block-table is-style-stripes\"><table class=\"has-fixed-layout\"><tbody><tr><td>Transmission<\/td><td>8AT<\/td><\/tr><tr><td>Type de corps<\/td><td>5-dr. remont\u00e9e<\/td><\/tr><tr><td>EuroNCAP<\/td><td>5 \u00e9toiles<\/td><\/tr><tr><td>Lancement sur le march\u00e9<\/td><td>Septembre 2017<\/td><\/tr><tr><td>Dernier lifting<\/td><td>juillet 2020<\/td><\/tr><tr><td>Garantie<\/td><td>3 ann\u00e9es<\/td><\/tr><tr><td>A partir du prix<\/td><td>75 366 \u20ac<\/td><\/tr><tr><td>Les particularit\u00e9s<\/td><td>La S\u00e9rie 6 GT succ\u00e8de \u00e0 la S\u00e9rie 5 GT.<\/td><\/tr><\/tbody><\/table><\/figure>\n\n<h2 class=\"wp-block-heading\">Dimensions\/poids<\/h2>\n\n<figure class=\"wp-block-table is-style-stripes\"><table class=\"has-fixed-layout\"><tbody><tr><td>La taille des pneus<\/td><td>225\/60R17<\/td><\/tr><tr><td>L xlxh<\/td><td>5 091 \u00d7 1 902 \u00d7 1 538 mm<\/td><\/tr><tr><td>Empattement<\/td><td>3 070 millim\u00e8tres<\/td><\/tr><tr><td>Masse vide<\/td><td>1 760 kilogrammes<\/td><\/tr><tr><td>max. selon poids<\/td><td>2 100 kilogrammes<\/td><\/tr><tr><td>suite sac. salle.<\/td><td>600 litres<\/td><\/tr><tr><td>Capacit\u00e9 du r\u00e9servoir<\/td><td>68 litres<\/td><\/tr><\/tbody><\/table><\/figure>\n\n<h2 class=\"wp-block-heading\">Consommation<\/h2>\n\n<figure class=\"wp-block-table is-style-stripes\"><table class=\"has-fixed-layout\"><tbody><tr><td>Connecticut. combin\u00e9<\/td><td>5,9 l\/100 km<\/td><\/tr><tr><td>\u00c9missions de CO\u2082<\/td><td>156g\/km<\/td><\/tr><tr><td>Etiquette \u00e9nerg\u00e9tique<\/td><td>une<\/td><\/tr><\/tbody><\/table><\/figure>\n\n<h2 class=\"wp-block-heading\">Performance<\/h2>\n\n<figure class=\"wp-block-table is-style-stripes\"><table class=\"has-fixed-layout\"><tbody><tr><td>Acc. 0-100km\/h<\/td><td>6,5 s<\/td><\/tr><tr><td>vitesse de pointe<\/td><td>250 km\/h<\/td><\/tr><\/tbody><\/table><\/figure>\n","protected":false},"excerpt":{"rendered":"<p>En 2009, BMW a pr\u00e9sent\u00e9 la 5 GT, une sorte de version coup\u00e9 cinq portes l\u00e9g\u00e8rement sur\u00e9lev\u00e9e de la S\u00e9rie [&hellip;]<\/p>\n","protected":false},"author":4,"featured_media":0,"parent":0,"menu_order":0,"comment_status":"closed","ping_status":"closed","template":"","meta":{"footnotes":""},"class_list":["post-117548","page","type-page","status-publish","hentry"],"acf":[],"yoast_head":"<!-- This site is optimized with the Yoast SEO plugin v21.2 - https:\/\/yoast.com\/wordpress\/plugins\/seo\/ -->\n<title>BMW s\u00e9rie 6 grand tourisme - All cars news<\/title>\n<meta name=\"robots\" content=\"index, follow, max-snippet:-1, max-image-preview:large, max-video-preview:-1\" \/>\n<link rel=\"canonical\" href=\"https:\/\/all-car-news.com\/fr\/bmw-serie-6-grand-tourisme\/\" \/>\n<meta property=\"og:locale\" content=\"fr_FR\" \/>\n<meta property=\"og:type\" content=\"article\" \/>\n<meta property=\"og:title\" content=\"BMW s\u00e9rie 6 grand tourisme - All cars news\" \/>\n<meta property=\"og:description\" content=\"En 2009, BMW a pr\u00e9sent\u00e9 la 5 GT, une sorte de version coup\u00e9 cinq portes l\u00e9g\u00e8rement sur\u00e9lev\u00e9e de la S\u00e9rie [&hellip;]\" \/>\n<meta property=\"og:url\" content=\"https:\/\/all-car-news.com\/fr\/bmw-serie-6-grand-tourisme\/\" \/>\n<meta property=\"og:site_name\" content=\"All cars news\" \/>\n<meta property=\"article:modified_time\" content=\"2022-03-08T08:32:42+00:00\" \/>\n<meta name=\"twitter:card\" content=\"summary_large_image\" \/>\n<meta name=\"twitter:label1\" content=\"Dur\u00e9e de lecture estim\u00e9e\" \/>\n\t<meta name=\"twitter:data1\" content=\"2 minutes\" \/>\n<script type=\"application\/ld+json\" class=\"yoast-schema-graph\">{\"@context\":\"https:\/\/schema.org\",\"@graph\":[{\"@type\":\"WebPage\",\"@id\":\"https:\/\/all-car-news.com\/fr\/bmw-serie-6-grand-tourisme\/\",\"url\":\"https:\/\/all-car-news.com\/fr\/bmw-serie-6-grand-tourisme\/\",\"name\":\"BMW s\u00e9rie 6 grand tourisme - All cars news\",\"isPartOf\":{\"@id\":\"https:\/\/all-car-news.com\/fr\/#website\"},\"datePublished\":\"2022-03-08T08:32:39+00:00\",\"dateModified\":\"2022-03-08T08:32:42+00:00\",\"breadcrumb\":{\"@id\":\"https:\/\/all-car-news.com\/fr\/bmw-serie-6-grand-tourisme\/#breadcrumb\"},\"inLanguage\":\"fr-FR\",\"potentialAction\":[{\"@type\":\"ReadAction\",\"target\":[\"https:\/\/all-car-news.com\/fr\/bmw-serie-6-grand-tourisme\/\"]}]},{\"@type\":\"BreadcrumbList\",\"@id\":\"https:\/\/all-car-news.com\/fr\/bmw-serie-6-grand-tourisme\/#breadcrumb\",\"itemListElement\":[{\"@type\":\"ListItem\",\"position\":1,\"name\":\"Home\",\"item\":\"https:\/\/all-car-news.com\/fr\/\"},{\"@type\":\"ListItem\",\"position\":2,\"name\":\"BMW s\u00e9rie 6 grand tourisme\"}]},{\"@type\":\"WebSite\",\"@id\":\"https:\/\/all-car-news.com\/fr\/#website\",\"url\":\"https:\/\/all-car-news.com\/fr\/\",\"name\":\"All cars news\",\"description\":\"\",\"publisher\":{\"@id\":\"https:\/\/all-car-news.com\/fr\/#organization\"},\"potentialAction\":[{\"@type\":\"SearchAction\",\"target\":{\"@type\":\"EntryPoint\",\"urlTemplate\":\"https:\/\/all-car-news.com\/fr\/?s={search_term_string}\"},\"query-input\":\"required name=search_term_string\"}],\"inLanguage\":\"fr-FR\"},{\"@type\":\"Organization\",\"@id\":\"https:\/\/all-car-news.com\/fr\/#organization\",\"name\":\"All cars news\",\"url\":\"https:\/\/all-car-news.com\/fr\/\",\"logo\":{\"@type\":\"ImageObject\",\"inLanguage\":\"fr-FR\",\"@id\":\"https:\/\/all-car-news.com\/fr\/#\/schema\/logo\/image\/\",\"url\":\"https:\/\/all-car-news.com\/wp-content\/uploads\/2022\/02\/CMYK-AllCarNews_LANDSCAPE_300px-1.png\",\"contentUrl\":\"https:\/\/all-car-news.com\/wp-content\/uploads\/2022\/02\/CMYK-AllCarNews_LANDSCAPE_300px-1.png\",\"width\":300,\"height\":100,\"caption\":\"All cars news\"},\"image\":{\"@id\":\"https:\/\/all-car-news.com\/fr\/#\/schema\/logo\/image\/\"}}]}<\/script>\n<!-- \/ Yoast SEO plugin. -->","yoast_head_json":{"title":"BMW s\u00e9rie 6 grand tourisme - All cars news","robots":{"index":"index","follow":"follow","max-snippet":"max-snippet:-1","max-image-preview":"max-image-preview:large","max-video-preview":"max-video-preview:-1"},"canonical":"https:\/\/all-car-news.com\/fr\/bmw-serie-6-grand-tourisme\/","og_locale":"fr_FR","og_type":"article","og_title":"BMW s\u00e9rie 6 grand tourisme - All cars news","og_description":"En 2009, BMW a pr\u00e9sent\u00e9 la 5 GT, une sorte de version coup\u00e9 cinq portes l\u00e9g\u00e8rement sur\u00e9lev\u00e9e de la S\u00e9rie [&hellip;]","og_url":"https:\/\/all-car-news.com\/fr\/bmw-serie-6-grand-tourisme\/","og_site_name":"All cars news","article_modified_time":"2022-03-08T08:32:42+00:00","twitter_card":"summary_large_image","twitter_misc":{"Dur\u00e9e de lecture estim\u00e9e":"2 minutes"},"schema":{"@context":"https:\/\/schema.org","@graph":[{"@type":"WebPage","@id":"https:\/\/all-car-news.com\/fr\/bmw-serie-6-grand-tourisme\/","url":"https:\/\/all-car-news.com\/fr\/bmw-serie-6-grand-tourisme\/","name":"BMW s\u00e9rie 6 grand tourisme - All cars news","isPartOf":{"@id":"https:\/\/all-car-news.com\/fr\/#website"},"datePublished":"2022-03-08T08:32:39+00:00","dateModified":"2022-03-08T08:32:42+00:00","breadcrumb":{"@id":"https:\/\/all-car-news.com\/fr\/bmw-serie-6-grand-tourisme\/#breadcrumb"},"inLanguage":"fr-FR","potentialAction":[{"@type":"ReadAction","target":["https:\/\/all-car-news.com\/fr\/bmw-serie-6-grand-tourisme\/"]}]},{"@type":"BreadcrumbList","@id":"https:\/\/all-car-news.com\/fr\/bmw-serie-6-grand-tourisme\/#breadcrumb","itemListElement":[{"@type":"ListItem","position":1,"name":"Home","item":"https:\/\/all-car-news.com\/fr\/"},{"@type":"ListItem","position":2,"name":"BMW s\u00e9rie 6 grand tourisme"}]},{"@type":"WebSite","@id":"https:\/\/all-car-news.com\/fr\/#website","url":"https:\/\/all-car-news.com\/fr\/","name":"All cars news","description":"","publisher":{"@id":"https:\/\/all-car-news.com\/fr\/#organization"},"potentialAction":[{"@type":"SearchAction","target":{"@type":"EntryPoint","urlTemplate":"https:\/\/all-car-news.com\/fr\/?s={search_term_string}"},"query-input":"required name=search_term_string"}],"inLanguage":"fr-FR"},{"@type":"Organization","@id":"https:\/\/all-car-news.com\/fr\/#organization","name":"All cars news","url":"https:\/\/all-car-news.com\/fr\/","logo":{"@type":"ImageObject","inLanguage":"fr-FR","@id":"https:\/\/all-car-news.com\/fr\/#\/schema\/logo\/image\/","url":"https:\/\/all-car-news.com\/wp-content\/uploads\/2022\/02\/CMYK-AllCarNews_LANDSCAPE_300px-1.png","contentUrl":"https:\/\/all-car-news.com\/wp-content\/uploads\/2022\/02\/CMYK-AllCarNews_LANDSCAPE_300px-1.png","width":300,"height":100,"caption":"All cars news"},"image":{"@id":"https:\/\/all-car-news.com\/fr\/#\/schema\/logo\/image\/"}}]}},"_links":{"self":[{"href":"https:\/\/all-car-news.com\/fr\/wp-json\/wp\/v2\/pages\/117548","targetHints":{"allow":["GET"]}}],"collection":[{"href":"https:\/\/all-car-news.com\/fr\/wp-json\/wp\/v2\/pages"}],"about":[{"href":"https:\/\/all-car-news.com\/fr\/wp-json\/wp\/v2\/types\/page"}],"author":[{"embeddable":true,"href":"https:\/\/all-car-news.com\/fr\/wp-json\/wp\/v2\/users\/4"}],"replies":[{"embeddable":true,"href":"https:\/\/all-car-news.com\/fr\/wp-json\/wp\/v2\/comments?post=117548"}],"version-history":[{"count":0,"href":"https:\/\/all-car-news.com\/fr\/wp-json\/wp\/v2\/pages\/117548\/revisions"}],"wp:attachment":[{"href":"https:\/\/all-car-news.com\/fr\/wp-json\/wp\/v2\/media?parent=117548"}],"curies":[{"name":"wp","href":"https:\/\/api.w.org\/{rel}","templated":true}]}}