{"id":117287,"date":"2022-03-03T10:49:38","date_gmt":"2022-03-03T10:49:38","guid":{"rendered":"https:\/\/all-car-news.com\/trouveur-de-voiture\/bmw\/bmw-z4\/"},"modified":"2022-03-08T08:33:59","modified_gmt":"2022-03-08T08:33:59","slug":"bmw-z4","status":"publish","type":"page","link":"https:\/\/all-car-news.com\/fr\/trouveur-de-voiture\/bmw\/bmw-z4\/","title":{"rendered":"BMW Z4"},"content":{"rendered":"\n<p>L&rsquo;histoire des mod\u00e8les Z de BMW commence en 1989, avec l&rsquo;introduction de l&rsquo;excentrique Z1. Le roadster se d\u00e9marque non seulement par son style, mais aussi par les portes qui s&rsquo;enfoncent dans les seuils au lieu de s&rsquo;ouvrir de fa\u00e7on conventionnelle. La t\u00f4le pourrait \u00e9galement \u00eatre \u00e9chang\u00e9e avec relativement peu d&rsquo;effort si vous pr\u00e9f\u00e9riez la voiture dans une couleur diff\u00e9rente.<\/p>\n\n<p>L&rsquo;histoire des mod\u00e8les Z de BMW commence en 1989, avec l&rsquo;introduction de l&rsquo;excentrique Z1. Le roadster se d\u00e9marque non seulement par son style, mais aussi par les portes qui s&rsquo;enfoncent dans les seuils au lieu de s&rsquo;ouvrir de fa\u00e7on conventionnelle. La t\u00f4le pourrait \u00e9galement \u00eatre \u00e9chang\u00e9e avec relativement peu d&rsquo;effort si vous pr\u00e9f\u00e9riez la voiture dans une couleur diff\u00e9rente.<\/p>\n\n<p><\/p>\n\n<h2 class=\"wp-block-heading\"><strong>De Z \u00e0 Z<\/strong><br\/><\/h2>\n\n<p>Le Z1 reste en production jusqu&rsquo;en 1991, apr\u00e8s quoi il est silencieux pendant quelques ann\u00e9es jusqu&rsquo;\u00e0 ce que le Z3 apparaisse sur la sc\u00e8ne en 1995. Le premier roadster de s\u00e9rie de cette marque a \u00e9t\u00e9 tr\u00e8s appr\u00e9ci\u00e9 du grand public et a dur\u00e9 jusqu&rsquo;en 2002, date \u00e0 laquelle la voiture a \u00e9t\u00e9 remplac\u00e9e par la premi\u00e8re Z4. Entre les deux, la BMW Z8 exclusive \u00e9tait \u00e9galement au programme de livraison de 2000 \u00e0 2003.<\/p>\n\n<p><\/p>\n\n<h2 class=\"wp-block-heading\"><strong>Partage de voiture<\/strong><br\/><\/h2>\n\n<p>Le Z4 est maintenant arriv\u00e9 \u00e0 la troisi\u00e8me g\u00e9n\u00e9ration en 2018. Il s&rsquo;agit d&rsquo;un tout nouveau mod\u00e8le, d\u00e9velopp\u00e9 en collaboration avec Toyota, qui arrive avec une nouvelle Supra. Une particularit\u00e9 est que le nouveau Z4 peut non seulement \u00eatre ouvert avec la cl\u00e9 \u00ab\u00e0 l&rsquo;ancienne\u00bb, mais aussi avec un smartphone. Pratique si vous souhaitez partager la voiture avec des amis.<\/p>\n\n<h2 class=\"wp-block-heading\">Technique<\/h2>\n\n<figure class=\"wp-block-table is-style-stripes\"><table class=\"has-fixed-layout\"><tbody><tr><td>Type de moteur<\/td><td>essence, ligne 4 cylindres<\/td><\/tr><tr><td>D\u00e9placement<\/td><td>1 998 cm\u00b3<\/td><\/tr><tr><td>max. les atouts<\/td><td>145 kW (197 ch)<\/td><\/tr><tr><td>abeille<\/td><td>4 500 tr\/min<\/td><\/tr><tr><td>max. coupler<\/td><td>320 Nm<\/td><\/tr><tr><td>abeille<\/td><td>1 450 tr\/min<\/td><\/tr><tr><td>Conduire<\/td><td>roues arri\u00e8res<\/td><\/tr><tr><td>Freins de\/a<\/td><td>\u00e9tant donn\u00e9 dames<\/td><\/tr><tr><td>Cercle de braquage<\/td><td>10,2 m<\/td><\/tr><tr><td>Plage de puissance<\/td><td>145 \u00e0 250kW<\/td><\/tr><\/tbody><\/table><\/figure>\n\n<h2 class=\"wp-block-heading\">G\u00e9n\u00e9ral<\/h2>\n\n<figure class=\"wp-block-table is-style-stripes\"><table class=\"has-fixed-layout\"><tbody><tr><td>Transmission<\/td><td>8AT<\/td><\/tr><tr><td>Type de corps<\/td><td>2 p. convertible<\/td><\/tr><tr><td>EuroNCAP<\/td><td>5 \u00e9toiles<\/td><\/tr><tr><td>Lancement sur le march\u00e9<\/td><td>Mars 2019<\/td><\/tr><tr><td>Dernier lifting<\/td><td>N \/ A<\/td><\/tr><tr><td>Garantie<\/td><td>3 ann\u00e9es<\/td><\/tr><tr><td>A partir du prix<\/td><td>52 345 \u20ac<\/td><\/tr><tr><td>Les particularit\u00e9s<\/td><td>La nouvelle BMW Z4 est uniquement disponible avec une transmission automatique.<\/td><\/tr><\/tbody><\/table><\/figure>\n\n<h2 class=\"wp-block-heading\">Dimensions\/poids<\/h2>\n\n<figure class=\"wp-block-table is-style-stripes\"><table class=\"has-fixed-layout\"><tbody><tr><td>La taille des pneus<\/td><td>225\/50 R17 \/ 255\/45 R17<\/td><\/tr><tr><td>L xlxh<\/td><td>4 324 x 1 864 x 1 304 mm<\/td><\/tr><tr><td>Empattement<\/td><td>2 470 mm<\/td><\/tr><tr><td>Masse vide<\/td><td>1 405 kilogrammes<\/td><\/tr><tr><td>suite sac. salle.<\/td><td>281 litres<\/td><\/tr><tr><td>Capacit\u00e9 du r\u00e9servoir<\/td><td>52 litres<\/td><\/tr><\/tbody><\/table><\/figure>\n\n<h2 class=\"wp-block-heading\">Consommation<\/h2>\n\n<figure class=\"wp-block-table is-style-stripes\"><table class=\"has-fixed-layout\"><tbody><tr><td>Connecticut. combin\u00e9<\/td><td>6,1 l\/100 km<\/td><\/tr><tr><td>\u00c9missions de CO\u2082<\/td><td>139g\/km<\/td><\/tr><tr><td>Etiquette \u00e9nerg\u00e9tique<\/td><td>r\u00e9<\/td><\/tr><\/tbody><\/table><\/figure>\n\n<h2 class=\"wp-block-heading\">Performance<\/h2>\n\n<figure class=\"wp-block-table is-style-stripes\"><table class=\"has-fixed-layout\"><tbody><tr><td>Acc. 0-100km\/h<\/td><td>6,6 s<\/td><\/tr><tr><td>vitesse de pointe<\/td><td>240 km\/h<\/td><\/tr><\/tbody><\/table><\/figure>\n","protected":false},"excerpt":{"rendered":"<p>L&rsquo;histoire des mod\u00e8les Z de BMW commence en 1989, avec l&rsquo;introduction de l&rsquo;excentrique Z1. Le roadster se d\u00e9marque non seulement [&hellip;]<\/p>\n","protected":false},"author":4,"featured_media":117282,"parent":116517,"menu_order":0,"comment_status":"closed","ping_status":"closed","template":"","meta":{"footnotes":""},"class_list":["post-117287","page","type-page","status-publish","has-post-thumbnail","hentry"],"acf":[],"yoast_head":"<!-- This site is optimized with the Yoast SEO plugin v21.2 - https:\/\/yoast.com\/wordpress\/plugins\/seo\/ -->\n<title>BMW Z4 - All cars news<\/title>\n<meta name=\"robots\" content=\"index, follow, max-snippet:-1, max-image-preview:large, max-video-preview:-1\" \/>\n<link rel=\"canonical\" href=\"https:\/\/all-car-news.com\/fr\/trouveur-de-voiture\/bmw\/bmw-z4\/\" \/>\n<meta property=\"og:locale\" content=\"fr_FR\" \/>\n<meta property=\"og:type\" content=\"article\" \/>\n<meta property=\"og:title\" content=\"BMW Z4 - All cars news\" \/>\n<meta property=\"og:description\" content=\"L&rsquo;histoire des mod\u00e8les Z de BMW commence en 1989, avec l&rsquo;introduction de l&rsquo;excentrique Z1. Le roadster se d\u00e9marque non seulement [&hellip;]\" \/>\n<meta property=\"og:url\" content=\"https:\/\/all-car-news.com\/fr\/trouveur-de-voiture\/bmw\/bmw-z4\/\" \/>\n<meta property=\"og:site_name\" content=\"All cars news\" \/>\n<meta property=\"article:modified_time\" content=\"2022-03-08T08:33:59+00:00\" \/>\n<meta property=\"og:image\" content=\"https:\/\/all-car-news.com\/wp-content\/uploads\/2022\/03\/ED005417-2D81-4A64-A115-F9E15C0468EF.jpeg\" \/>\n\t<meta property=\"og:image:width\" content=\"480\" \/>\n\t<meta property=\"og:image:height\" content=\"360\" \/>\n\t<meta property=\"og:image:type\" content=\"image\/jpeg\" \/>\n<meta name=\"twitter:card\" content=\"summary_large_image\" \/>\n<meta name=\"twitter:label1\" content=\"Dur\u00e9e de lecture estim\u00e9e\" \/>\n\t<meta name=\"twitter:data1\" content=\"2 minutes\" \/>\n<script type=\"application\/ld+json\" class=\"yoast-schema-graph\">{\"@context\":\"https:\/\/schema.org\",\"@graph\":[{\"@type\":\"WebPage\",\"@id\":\"https:\/\/all-car-news.com\/fr\/trouveur-de-voiture\/bmw\/bmw-z4\/\",\"url\":\"https:\/\/all-car-news.com\/fr\/trouveur-de-voiture\/bmw\/bmw-z4\/\",\"name\":\"BMW Z4 - All cars news\",\"isPartOf\":{\"@id\":\"https:\/\/all-car-news.com\/fr\/#website\"},\"datePublished\":\"2022-03-03T10:49:38+00:00\",\"dateModified\":\"2022-03-08T08:33:59+00:00\",\"breadcrumb\":{\"@id\":\"https:\/\/all-car-news.com\/fr\/trouveur-de-voiture\/bmw\/bmw-z4\/#breadcrumb\"},\"inLanguage\":\"fr-FR\",\"potentialAction\":[{\"@type\":\"ReadAction\",\"target\":[\"https:\/\/all-car-news.com\/fr\/trouveur-de-voiture\/bmw\/bmw-z4\/\"]}]},{\"@type\":\"BreadcrumbList\",\"@id\":\"https:\/\/all-car-news.com\/fr\/trouveur-de-voiture\/bmw\/bmw-z4\/#breadcrumb\",\"itemListElement\":[{\"@type\":\"ListItem\",\"position\":1,\"name\":\"Home\",\"item\":\"https:\/\/all-car-news.com\/fr\/\"},{\"@type\":\"ListItem\",\"position\":2,\"name\":\"trouveur de voiture\",\"item\":\"https:\/\/all-car-news.com\/fr\/trouveur-de-voiture\/\"},{\"@type\":\"ListItem\",\"position\":3,\"name\":\"BMW\",\"item\":\"https:\/\/all-car-news.com\/fr\/trouveur-de-voiture\/bmw\/\"},{\"@type\":\"ListItem\",\"position\":4,\"name\":\"BMW Z4\"}]},{\"@type\":\"WebSite\",\"@id\":\"https:\/\/all-car-news.com\/fr\/#website\",\"url\":\"https:\/\/all-car-news.com\/fr\/\",\"name\":\"All cars news\",\"description\":\"\",\"publisher\":{\"@id\":\"https:\/\/all-car-news.com\/fr\/#organization\"},\"potentialAction\":[{\"@type\":\"SearchAction\",\"target\":{\"@type\":\"EntryPoint\",\"urlTemplate\":\"https:\/\/all-car-news.com\/fr\/?s={search_term_string}\"},\"query-input\":\"required name=search_term_string\"}],\"inLanguage\":\"fr-FR\"},{\"@type\":\"Organization\",\"@id\":\"https:\/\/all-car-news.com\/fr\/#organization\",\"name\":\"All cars news\",\"url\":\"https:\/\/all-car-news.com\/fr\/\",\"logo\":{\"@type\":\"ImageObject\",\"inLanguage\":\"fr-FR\",\"@id\":\"https:\/\/all-car-news.com\/fr\/#\/schema\/logo\/image\/\",\"url\":\"https:\/\/all-car-news.com\/wp-content\/uploads\/2022\/02\/CMYK-AllCarNews_LANDSCAPE_300px-1.png\",\"contentUrl\":\"https:\/\/all-car-news.com\/wp-content\/uploads\/2022\/02\/CMYK-AllCarNews_LANDSCAPE_300px-1.png\",\"width\":300,\"height\":100,\"caption\":\"All cars news\"},\"image\":{\"@id\":\"https:\/\/all-car-news.com\/fr\/#\/schema\/logo\/image\/\"}}]}<\/script>\n<!-- \/ Yoast SEO plugin. -->","yoast_head_json":{"title":"BMW Z4 - All cars news","robots":{"index":"index","follow":"follow","max-snippet":"max-snippet:-1","max-image-preview":"max-image-preview:large","max-video-preview":"max-video-preview:-1"},"canonical":"https:\/\/all-car-news.com\/fr\/trouveur-de-voiture\/bmw\/bmw-z4\/","og_locale":"fr_FR","og_type":"article","og_title":"BMW Z4 - All cars news","og_description":"L&rsquo;histoire des mod\u00e8les Z de BMW commence en 1989, avec l&rsquo;introduction de l&rsquo;excentrique Z1. Le roadster se d\u00e9marque non seulement [&hellip;]","og_url":"https:\/\/all-car-news.com\/fr\/trouveur-de-voiture\/bmw\/bmw-z4\/","og_site_name":"All cars news","article_modified_time":"2022-03-08T08:33:59+00:00","og_image":[{"width":480,"height":360,"url":"https:\/\/all-car-news.com\/wp-content\/uploads\/2022\/03\/ED005417-2D81-4A64-A115-F9E15C0468EF.jpeg","type":"image\/jpeg"}],"twitter_card":"summary_large_image","twitter_misc":{"Dur\u00e9e de lecture estim\u00e9e":"2 minutes"},"schema":{"@context":"https:\/\/schema.org","@graph":[{"@type":"WebPage","@id":"https:\/\/all-car-news.com\/fr\/trouveur-de-voiture\/bmw\/bmw-z4\/","url":"https:\/\/all-car-news.com\/fr\/trouveur-de-voiture\/bmw\/bmw-z4\/","name":"BMW Z4 - All cars news","isPartOf":{"@id":"https:\/\/all-car-news.com\/fr\/#website"},"datePublished":"2022-03-03T10:49:38+00:00","dateModified":"2022-03-08T08:33:59+00:00","breadcrumb":{"@id":"https:\/\/all-car-news.com\/fr\/trouveur-de-voiture\/bmw\/bmw-z4\/#breadcrumb"},"inLanguage":"fr-FR","potentialAction":[{"@type":"ReadAction","target":["https:\/\/all-car-news.com\/fr\/trouveur-de-voiture\/bmw\/bmw-z4\/"]}]},{"@type":"BreadcrumbList","@id":"https:\/\/all-car-news.com\/fr\/trouveur-de-voiture\/bmw\/bmw-z4\/#breadcrumb","itemListElement":[{"@type":"ListItem","position":1,"name":"Home","item":"https:\/\/all-car-news.com\/fr\/"},{"@type":"ListItem","position":2,"name":"trouveur de voiture","item":"https:\/\/all-car-news.com\/fr\/trouveur-de-voiture\/"},{"@type":"ListItem","position":3,"name":"BMW","item":"https:\/\/all-car-news.com\/fr\/trouveur-de-voiture\/bmw\/"},{"@type":"ListItem","position":4,"name":"BMW Z4"}]},{"@type":"WebSite","@id":"https:\/\/all-car-news.com\/fr\/#website","url":"https:\/\/all-car-news.com\/fr\/","name":"All cars news","description":"","publisher":{"@id":"https:\/\/all-car-news.com\/fr\/#organization"},"potentialAction":[{"@type":"SearchAction","target":{"@type":"EntryPoint","urlTemplate":"https:\/\/all-car-news.com\/fr\/?s={search_term_string}"},"query-input":"required name=search_term_string"}],"inLanguage":"fr-FR"},{"@type":"Organization","@id":"https:\/\/all-car-news.com\/fr\/#organization","name":"All cars news","url":"https:\/\/all-car-news.com\/fr\/","logo":{"@type":"ImageObject","inLanguage":"fr-FR","@id":"https:\/\/all-car-news.com\/fr\/#\/schema\/logo\/image\/","url":"https:\/\/all-car-news.com\/wp-content\/uploads\/2022\/02\/CMYK-AllCarNews_LANDSCAPE_300px-1.png","contentUrl":"https:\/\/all-car-news.com\/wp-content\/uploads\/2022\/02\/CMYK-AllCarNews_LANDSCAPE_300px-1.png","width":300,"height":100,"caption":"All cars news"},"image":{"@id":"https:\/\/all-car-news.com\/fr\/#\/schema\/logo\/image\/"}}]}},"_links":{"self":[{"href":"https:\/\/all-car-news.com\/fr\/wp-json\/wp\/v2\/pages\/117287","targetHints":{"allow":["GET"]}}],"collection":[{"href":"https:\/\/all-car-news.com\/fr\/wp-json\/wp\/v2\/pages"}],"about":[{"href":"https:\/\/all-car-news.com\/fr\/wp-json\/wp\/v2\/types\/page"}],"author":[{"embeddable":true,"href":"https:\/\/all-car-news.com\/fr\/wp-json\/wp\/v2\/users\/4"}],"replies":[{"embeddable":true,"href":"https:\/\/all-car-news.com\/fr\/wp-json\/wp\/v2\/comments?post=117287"}],"version-history":[{"count":0,"href":"https:\/\/all-car-news.com\/fr\/wp-json\/wp\/v2\/pages\/117287\/revisions"}],"up":[{"embeddable":true,"href":"https:\/\/all-car-news.com\/fr\/wp-json\/wp\/v2\/pages\/116517"}],"wp:featuredmedia":[{"embeddable":true,"href":"https:\/\/all-car-news.com\/fr\/wp-json\/wp\/v2\/media\/117282"}],"wp:attachment":[{"href":"https:\/\/all-car-news.com\/fr\/wp-json\/wp\/v2\/media?parent=117287"}],"curies":[{"name":"wp","href":"https:\/\/api.w.org\/{rel}","templated":true}]}}