{"id":117137,"date":"2022-03-02T13:53:14","date_gmt":"2022-03-02T13:53:14","guid":{"rendered":"https:\/\/all-car-news.com\/trouveur-de-voiture\/bmw\/bmw-x1\/"},"modified":"2022-03-08T08:42:49","modified_gmt":"2022-03-08T08:42:49","slug":"bmw-x1","status":"publish","type":"page","link":"https:\/\/all-car-news.com\/fr\/trouveur-de-voiture\/bmw\/bmw-x1\/","title":{"rendered":"BMW X1"},"content":{"rendered":"\n<p>En 2009, BMW \u00e9largit la gamme de mod\u00e8les avec le X1, un SUV compact qui \u00e9tait le mod\u00e8le d&rsquo;entr\u00e9e de gamme de la marque dans les mod\u00e8les SUV. Malgr\u00e9 le num\u00e9ro dans la d\u00e9signation du type, la voiture n&rsquo;\u00e9tait pas bas\u00e9e sur la S\u00e9rie 1, mais partageait sa base avec la S\u00e9rie 3. <br\/><\/p>\n\n<p>En 2009, BMW \u00e9largit la gamme de mod\u00e8les avec le X1, un SUV compact qui \u00e9tait le mod\u00e8le d&rsquo;entr\u00e9e de gamme de la marque dans les mod\u00e8les SUV. Malgr\u00e9 le num\u00e9ro dans la d\u00e9signation du type, la voiture n&rsquo;\u00e9tait pas bas\u00e9e sur la S\u00e9rie 1, mais partageait sa base avec la S\u00e9rie 3.<br\/><br\/><\/p>\n\n<h2 class=\"wp-block-heading\"><strong>Traction avant<\/strong><br\/><\/h2>\n\n<p>En 2015, c&rsquo;est l&rsquo;heure de la succession et la deuxi\u00e8me g\u00e9n\u00e9ration fait son apparition sur le march\u00e9. Cette fois, la voiture partageait sa plate-forme avec les derni\u00e8res Mini Countryman et BMW X2. Cela signifie que le X1 est d\u00e9sormais en principe \u00e0 traction avant, mais la transmission int\u00e9grale est bien s\u00fbr \u00e9galement disponible. Les nouvelles versions sont une version allong\u00e9e et hybride, mais les deux restent r\u00e9serv\u00e9es au march\u00e9 chinois.<br\/><br\/><\/p>\n\n<h2 class=\"wp-block-heading\"><strong>voiture hollandaise<\/strong><br\/><\/h2>\n\n<p>Depuis l&rsquo;ann\u00e9e derni\u00e8re, le X1 est \u00e9galement produit aux Pays-Bas, chez Nedcar \u00e0 Born. Pour c\u00e9l\u00e9brer que le X1 est devenu \u00ab\u00a0n\u00e9erlandais\u00a0\u00bb, BMW Pays-Bas a pr\u00e9sent\u00e9 une \u00e9dition orange pour la voiture. En plus de la d\u00e9coration suppl\u00e9mentaire qui appartient \u00e0 l&rsquo;\u00e9dition orange dans tous les cas, ce mod\u00e8le peut \u00e9galement \u00eatre command\u00e9 avec une couleur de peinture orange (fonc\u00e9).<\/p>\n\n<h2 class=\"wp-block-heading\">Technique<\/h2>\n\n<figure class=\"wp-block-table is-style-stripes\"><table class=\"has-fixed-layout\"><tbody><tr><td>Type de moteur<\/td><td>essence, ligne 3 cylindres<\/td><\/tr><tr><td>D\u00e9placement<\/td><td>1 499 cm<\/td><\/tr><tr><td>max. les atouts<\/td><td>103 kW (140 ch)<\/td><\/tr><tr><td>abeille<\/td><td>4 600 tr\/min<\/td><\/tr><tr><td>max. coupler<\/td><td>220 Nm<\/td><\/tr><tr><td>abeille<\/td><td>1 480 tr\/min<\/td><\/tr><tr><td>Conduire<\/td><td>roues avant<\/td><\/tr><tr><td>Freins de\/a<\/td><td>\u00e9tant donn\u00e9 dames<\/td><\/tr><tr><td>Cercle de braquage<\/td><td>11,4 m<\/td><\/tr><tr><td>Plage de puissance<\/td><td>85 \u00e0 170kW<\/td><\/tr><\/tbody><\/table><\/figure>\n\n<h2 class=\"wp-block-heading\">Dimensions\/poids<\/h2>\n\n<figure class=\"wp-block-table is-style-stripes\"><table class=\"has-fixed-layout\"><tbody><tr><td>La taille des pneus<\/td><td>225\/55R17<\/td><\/tr><tr><td>L xlxh<\/td><td>4 447 x 1 821 x 1 598 mm<\/td><\/tr><tr><td>Empattement<\/td><td>2 670 mm<\/td><\/tr><tr><td>Masse vide<\/td><td>1.375 kg<\/td><\/tr><tr><td>max. selon poids<\/td><td>1 700 kilogrammes<\/td><\/tr><tr><td>suite sac. salle.<\/td><td>505 litres<\/td><\/tr><tr><td>Capacit\u00e9 du r\u00e9servoir<\/td><td>51 litres<\/td><\/tr><\/tbody><\/table><\/figure>\n\n<h2 class=\"wp-block-heading\">Consommation<\/h2>\n\n<figure class=\"wp-block-table is-style-stripes\"><table class=\"has-fixed-layout\"><tbody><tr><td>Connecticut. combin\u00e9<\/td><td>5,5 l\/100 km<\/td><\/tr><tr><td>\u00c9missions de CO\u2082<\/td><td>125g\/km<\/td><\/tr><tr><td>Etiquette \u00e9nerg\u00e9tique<\/td><td>C<\/td><\/tr><\/tbody><\/table><\/figure>\n\n<h2 class=\"wp-block-heading\">Performance<\/h2>\n\n<figure class=\"wp-block-table is-style-stripes\"><table class=\"has-fixed-layout\"><tbody><tr><td>Acc. 0-100km\/h<\/td><td>9,7 s<\/td><\/tr><tr><td>vitesse de pointe<\/td><td>205 km\/h<\/td><\/tr><\/tbody><\/table><\/figure>\n","protected":false},"excerpt":{"rendered":"<p>En 2009, BMW \u00e9largit la gamme de mod\u00e8les avec le X1, un SUV compact qui \u00e9tait le mod\u00e8le d&rsquo;entr\u00e9e de [&hellip;]<\/p>\n","protected":false},"author":4,"featured_media":117131,"parent":116517,"menu_order":0,"comment_status":"closed","ping_status":"closed","template":"","meta":{"footnotes":""},"class_list":["post-117137","page","type-page","status-publish","has-post-thumbnail","hentry"],"acf":[],"yoast_head":"<!-- This site is optimized with the Yoast SEO plugin v21.2 - https:\/\/yoast.com\/wordpress\/plugins\/seo\/ -->\n<title>BMW X1 - All cars news<\/title>\n<meta name=\"robots\" content=\"index, follow, max-snippet:-1, max-image-preview:large, max-video-preview:-1\" \/>\n<link rel=\"canonical\" href=\"https:\/\/all-car-news.com\/fr\/trouveur-de-voiture\/bmw\/bmw-x1\/\" \/>\n<meta property=\"og:locale\" content=\"fr_FR\" \/>\n<meta property=\"og:type\" content=\"article\" \/>\n<meta property=\"og:title\" content=\"BMW X1 - All cars news\" \/>\n<meta property=\"og:description\" content=\"En 2009, BMW \u00e9largit la gamme de mod\u00e8les avec le X1, un SUV compact qui \u00e9tait le mod\u00e8le d&rsquo;entr\u00e9e de [&hellip;]\" \/>\n<meta property=\"og:url\" content=\"https:\/\/all-car-news.com\/fr\/trouveur-de-voiture\/bmw\/bmw-x1\/\" \/>\n<meta property=\"og:site_name\" content=\"All cars news\" \/>\n<meta property=\"article:modified_time\" content=\"2022-03-08T08:42:49+00:00\" \/>\n<meta property=\"og:image\" content=\"https:\/\/all-car-news.com\/wp-content\/uploads\/2022\/03\/F1615F94-CB49-4433-B504-F3C38BEE1B39.jpeg\" \/>\n\t<meta property=\"og:image:width\" content=\"480\" \/>\n\t<meta property=\"og:image:height\" content=\"360\" \/>\n\t<meta property=\"og:image:type\" content=\"image\/jpeg\" \/>\n<meta name=\"twitter:card\" content=\"summary_large_image\" \/>\n<meta name=\"twitter:label1\" content=\"Dur\u00e9e de lecture estim\u00e9e\" \/>\n\t<meta name=\"twitter:data1\" content=\"2 minutes\" \/>\n<script type=\"application\/ld+json\" class=\"yoast-schema-graph\">{\"@context\":\"https:\/\/schema.org\",\"@graph\":[{\"@type\":\"WebPage\",\"@id\":\"https:\/\/all-car-news.com\/fr\/trouveur-de-voiture\/bmw\/bmw-x1\/\",\"url\":\"https:\/\/all-car-news.com\/fr\/trouveur-de-voiture\/bmw\/bmw-x1\/\",\"name\":\"BMW X1 - All cars news\",\"isPartOf\":{\"@id\":\"https:\/\/all-car-news.com\/fr\/#website\"},\"datePublished\":\"2022-03-02T13:53:14+00:00\",\"dateModified\":\"2022-03-08T08:42:49+00:00\",\"breadcrumb\":{\"@id\":\"https:\/\/all-car-news.com\/fr\/trouveur-de-voiture\/bmw\/bmw-x1\/#breadcrumb\"},\"inLanguage\":\"fr-FR\",\"potentialAction\":[{\"@type\":\"ReadAction\",\"target\":[\"https:\/\/all-car-news.com\/fr\/trouveur-de-voiture\/bmw\/bmw-x1\/\"]}]},{\"@type\":\"BreadcrumbList\",\"@id\":\"https:\/\/all-car-news.com\/fr\/trouveur-de-voiture\/bmw\/bmw-x1\/#breadcrumb\",\"itemListElement\":[{\"@type\":\"ListItem\",\"position\":1,\"name\":\"Home\",\"item\":\"https:\/\/all-car-news.com\/fr\/\"},{\"@type\":\"ListItem\",\"position\":2,\"name\":\"trouveur de voiture\",\"item\":\"https:\/\/all-car-news.com\/fr\/trouveur-de-voiture\/\"},{\"@type\":\"ListItem\",\"position\":3,\"name\":\"BMW\",\"item\":\"https:\/\/all-car-news.com\/fr\/trouveur-de-voiture\/bmw\/\"},{\"@type\":\"ListItem\",\"position\":4,\"name\":\"BMW X1\"}]},{\"@type\":\"WebSite\",\"@id\":\"https:\/\/all-car-news.com\/fr\/#website\",\"url\":\"https:\/\/all-car-news.com\/fr\/\",\"name\":\"All cars news\",\"description\":\"\",\"publisher\":{\"@id\":\"https:\/\/all-car-news.com\/fr\/#organization\"},\"potentialAction\":[{\"@type\":\"SearchAction\",\"target\":{\"@type\":\"EntryPoint\",\"urlTemplate\":\"https:\/\/all-car-news.com\/fr\/?s={search_term_string}\"},\"query-input\":\"required name=search_term_string\"}],\"inLanguage\":\"fr-FR\"},{\"@type\":\"Organization\",\"@id\":\"https:\/\/all-car-news.com\/fr\/#organization\",\"name\":\"All cars news\",\"url\":\"https:\/\/all-car-news.com\/fr\/\",\"logo\":{\"@type\":\"ImageObject\",\"inLanguage\":\"fr-FR\",\"@id\":\"https:\/\/all-car-news.com\/fr\/#\/schema\/logo\/image\/\",\"url\":\"https:\/\/all-car-news.com\/wp-content\/uploads\/2022\/02\/CMYK-AllCarNews_LANDSCAPE_300px-1.png\",\"contentUrl\":\"https:\/\/all-car-news.com\/wp-content\/uploads\/2022\/02\/CMYK-AllCarNews_LANDSCAPE_300px-1.png\",\"width\":300,\"height\":100,\"caption\":\"All cars news\"},\"image\":{\"@id\":\"https:\/\/all-car-news.com\/fr\/#\/schema\/logo\/image\/\"}}]}<\/script>\n<!-- \/ Yoast SEO plugin. -->","yoast_head_json":{"title":"BMW X1 - All cars news","robots":{"index":"index","follow":"follow","max-snippet":"max-snippet:-1","max-image-preview":"max-image-preview:large","max-video-preview":"max-video-preview:-1"},"canonical":"https:\/\/all-car-news.com\/fr\/trouveur-de-voiture\/bmw\/bmw-x1\/","og_locale":"fr_FR","og_type":"article","og_title":"BMW X1 - All cars news","og_description":"En 2009, BMW \u00e9largit la gamme de mod\u00e8les avec le X1, un SUV compact qui \u00e9tait le mod\u00e8le d&rsquo;entr\u00e9e de [&hellip;]","og_url":"https:\/\/all-car-news.com\/fr\/trouveur-de-voiture\/bmw\/bmw-x1\/","og_site_name":"All cars news","article_modified_time":"2022-03-08T08:42:49+00:00","og_image":[{"width":480,"height":360,"url":"https:\/\/all-car-news.com\/wp-content\/uploads\/2022\/03\/F1615F94-CB49-4433-B504-F3C38BEE1B39.jpeg","type":"image\/jpeg"}],"twitter_card":"summary_large_image","twitter_misc":{"Dur\u00e9e de lecture estim\u00e9e":"2 minutes"},"schema":{"@context":"https:\/\/schema.org","@graph":[{"@type":"WebPage","@id":"https:\/\/all-car-news.com\/fr\/trouveur-de-voiture\/bmw\/bmw-x1\/","url":"https:\/\/all-car-news.com\/fr\/trouveur-de-voiture\/bmw\/bmw-x1\/","name":"BMW X1 - All cars news","isPartOf":{"@id":"https:\/\/all-car-news.com\/fr\/#website"},"datePublished":"2022-03-02T13:53:14+00:00","dateModified":"2022-03-08T08:42:49+00:00","breadcrumb":{"@id":"https:\/\/all-car-news.com\/fr\/trouveur-de-voiture\/bmw\/bmw-x1\/#breadcrumb"},"inLanguage":"fr-FR","potentialAction":[{"@type":"ReadAction","target":["https:\/\/all-car-news.com\/fr\/trouveur-de-voiture\/bmw\/bmw-x1\/"]}]},{"@type":"BreadcrumbList","@id":"https:\/\/all-car-news.com\/fr\/trouveur-de-voiture\/bmw\/bmw-x1\/#breadcrumb","itemListElement":[{"@type":"ListItem","position":1,"name":"Home","item":"https:\/\/all-car-news.com\/fr\/"},{"@type":"ListItem","position":2,"name":"trouveur de voiture","item":"https:\/\/all-car-news.com\/fr\/trouveur-de-voiture\/"},{"@type":"ListItem","position":3,"name":"BMW","item":"https:\/\/all-car-news.com\/fr\/trouveur-de-voiture\/bmw\/"},{"@type":"ListItem","position":4,"name":"BMW X1"}]},{"@type":"WebSite","@id":"https:\/\/all-car-news.com\/fr\/#website","url":"https:\/\/all-car-news.com\/fr\/","name":"All cars news","description":"","publisher":{"@id":"https:\/\/all-car-news.com\/fr\/#organization"},"potentialAction":[{"@type":"SearchAction","target":{"@type":"EntryPoint","urlTemplate":"https:\/\/all-car-news.com\/fr\/?s={search_term_string}"},"query-input":"required name=search_term_string"}],"inLanguage":"fr-FR"},{"@type":"Organization","@id":"https:\/\/all-car-news.com\/fr\/#organization","name":"All cars news","url":"https:\/\/all-car-news.com\/fr\/","logo":{"@type":"ImageObject","inLanguage":"fr-FR","@id":"https:\/\/all-car-news.com\/fr\/#\/schema\/logo\/image\/","url":"https:\/\/all-car-news.com\/wp-content\/uploads\/2022\/02\/CMYK-AllCarNews_LANDSCAPE_300px-1.png","contentUrl":"https:\/\/all-car-news.com\/wp-content\/uploads\/2022\/02\/CMYK-AllCarNews_LANDSCAPE_300px-1.png","width":300,"height":100,"caption":"All cars news"},"image":{"@id":"https:\/\/all-car-news.com\/fr\/#\/schema\/logo\/image\/"}}]}},"_links":{"self":[{"href":"https:\/\/all-car-news.com\/fr\/wp-json\/wp\/v2\/pages\/117137","targetHints":{"allow":["GET"]}}],"collection":[{"href":"https:\/\/all-car-news.com\/fr\/wp-json\/wp\/v2\/pages"}],"about":[{"href":"https:\/\/all-car-news.com\/fr\/wp-json\/wp\/v2\/types\/page"}],"author":[{"embeddable":true,"href":"https:\/\/all-car-news.com\/fr\/wp-json\/wp\/v2\/users\/4"}],"replies":[{"embeddable":true,"href":"https:\/\/all-car-news.com\/fr\/wp-json\/wp\/v2\/comments?post=117137"}],"version-history":[{"count":0,"href":"https:\/\/all-car-news.com\/fr\/wp-json\/wp\/v2\/pages\/117137\/revisions"}],"up":[{"embeddable":true,"href":"https:\/\/all-car-news.com\/fr\/wp-json\/wp\/v2\/pages\/116517"}],"wp:featuredmedia":[{"embeddable":true,"href":"https:\/\/all-car-news.com\/fr\/wp-json\/wp\/v2\/media\/117131"}],"wp:attachment":[{"href":"https:\/\/all-car-news.com\/fr\/wp-json\/wp\/v2\/media?parent=117137"}],"curies":[{"name":"wp","href":"https:\/\/api.w.org\/{rel}","templated":true}]}}