{"id":117122,"date":"2022-03-02T13:47:33","date_gmt":"2022-03-02T13:47:33","guid":{"rendered":"https:\/\/all-car-news.com\/trouveur-de-voiture\/bmw\/bmw-serie-8-grand-coupe\/"},"modified":"2022-03-08T08:46:59","modified_gmt":"2022-03-08T08:46:59","slug":"bmw-serie-8-grand-coupe","status":"publish","type":"page","link":"https:\/\/all-car-news.com\/fr\/trouveur-de-voiture\/bmw\/bmw-serie-8-grand-coupe\/","title":{"rendered":"BMW s\u00e9rie 8 grand coup\u00e9"},"content":{"rendered":"\n<p>Lorsque la BMW S\u00e9rie 6 est sortie de la production en 1989, la BMW S\u00e9rie 8 est apparue l&rsquo;ann\u00e9e suivante, qui est devenue plus connue sous ses noms de type 840 et 850. Cependant, la s\u00e9rie 8 n&rsquo;\u00e9tait pas un successeur direct de la 6, car elle \u00e9tait positionn\u00e9e plus haut sur le march\u00e9 avec un prix plus \u00e9lev\u00e9 et offrait \u00e9galement de meilleures performances. Ce mod\u00e8le a dur\u00e9 jusqu&rsquo;en 1999 et n&rsquo;a re\u00e7u aucun successeur.<\/p>\n\n<p>Lorsque la BMW S\u00e9rie 6 est sortie de la production en 1989, la BMW S\u00e9rie 8 est apparue l&rsquo;ann\u00e9e suivante, qui est devenue plus connue sous ses noms de type 840 et 850. Cependant, la s\u00e9rie 8 n&rsquo;\u00e9tait pas un successeur direct de la 6, car elle \u00e9tait positionn\u00e9e plus haut sur le march\u00e9 avec un prix plus \u00e9lev\u00e9 et offrait \u00e9galement de meilleures performances. Ce mod\u00e8le a dur\u00e9 jusqu&rsquo;en 1999 et n&rsquo;a re\u00e7u aucun successeur.<\/p>\n\n<p><\/p>\n\n<h2 class=\"wp-block-heading\"><strong>De nouveau<\/strong><br\/><\/h2>\n\n<p>En 2018, l&rsquo;histoire se r\u00e9p\u00e8te. La s\u00e9rie 6 est sortie de la production et est remplac\u00e9e par la s\u00e9rie 8 r\u00e9introduite. Cette fois, cependant, il s&rsquo;agit d&rsquo;un successeur direct, car il s&rsquo;agit pour BMW de rendre la S\u00e9rie 6 encore plus luxueuse et de la placer plus haut dans la gamme de mod\u00e8les. La voiture est d\u00e9sormais en fait la version coup\u00e9 de la S\u00e9rie 7, c&rsquo;est pourquoi la voiture porte d\u00e9sormais le nom de S\u00e9rie 8.<\/p>\n\n<p><\/p>\n\n<h2 class=\"wp-block-heading\"><strong>Richement \u00e9quip\u00e9<\/strong><br\/><\/h2>\n\n<p>La S\u00e9rie 8 a \u00e9t\u00e9 pr\u00e9sent\u00e9e sur la base de la BMW Concept S\u00e9rie 8 en 2017, un concept-car qui a \u00e9galement imm\u00e9diatement pr\u00e9sent\u00e9 le nouveau langage de conception de la marque. On le voit d\u00e9j\u00e0 sur plusieurs mod\u00e8les BMW. Comme la s\u00e9rie 7, la s\u00e9rie 8 est \u00e9galement dot\u00e9e des derni\u00e8res technologies, y compris l&rsquo;int\u00e9gration pour Skype et Microsoft Office. Encore une fois, la S\u00e9rie 8 est disponible dans les versions 840 et 850, l&rsquo;histoire se r\u00e9p\u00e8te une fois de plus.<\/p>\n\n<p><\/p>\n\n<h2 class=\"wp-block-heading\"><strong>Agrandissement de la famille<\/strong><br\/><\/h2>\n\n<p>En plus du Coup\u00e9 et du Cabrio, la gamme de la S\u00e9rie 8 a \u00e9galement \u00e9t\u00e9 \u00e9largie avec une variante Gran Coup\u00e9, comme c&rsquo;\u00e9tait \u00e9galement le cas avec le pr\u00e9d\u00e9cesseur de la S\u00e9rie 6. Une version M8 \u00e0 part enti\u00e8re est certainement encore en projet.<\/p>\n\n<h2 class=\"wp-block-heading\">Technique<\/h2>\n\n<figure class=\"wp-block-table is-style-stripes\"><table class=\"has-fixed-layout\"><tbody><tr><td>Type de moteur<\/td><td>essence, ligne 6 cylindres<\/td><\/tr><tr><td>D\u00e9placement<\/td><td>2 998 cm\u00b3<\/td><\/tr><tr><td>max. les atouts<\/td><td>250 kW (340 ch)<\/td><\/tr><tr><td>abeille<\/td><td>5 000 tr\/min<\/td><\/tr><tr><td>max. coupler<\/td><td>500 Nm<\/td><\/tr><tr><td>abeille<\/td><td>1\u00a0600 tr\/min<\/td><\/tr><tr><td>Conduire<\/td><td>roues arri\u00e8re (option 4WD)<\/td><\/tr><tr><td>Freins de\/a<\/td><td>\u00e9tant donn\u00e9 dames<\/td><\/tr><tr><td>Cercle de braquage<\/td><td>12,6 m<\/td><\/tr><tr><td>Plage de puissance<\/td><td>235 \u00e0 460 kW<\/td><\/tr><\/tbody><\/table><\/figure>\n\n<h2 class=\"wp-block-heading\">G\u00e9n\u00e9ral<\/h2>\n\n<figure class=\"wp-block-table is-style-stripes\"><table class=\"has-fixed-layout\"><tbody><tr><td>Transmission<\/td><td>8AT<\/td><\/tr><tr><td>Type de corps<\/td><td>4 portes compartiment<\/td><\/tr><tr><td>EuroNCAP<\/td><td>pas test\u00e9<\/td><\/tr><tr><td>Lancement sur le march\u00e9<\/td><td>juillet 2019<\/td><\/tr><tr><td>Dernier lifting<\/td><td>N \/ A<\/td><\/tr><tr><td>Garantie<\/td><td>3 ann\u00e9es<\/td><\/tr><tr><td>A partir du prix<\/td><td>115 152 \u20ac<\/td><\/tr><tr><td>Les particularit\u00e9s<\/td><td>Comme son pr\u00e9d\u00e9cesseur la S\u00e9rie 6, la S\u00e9rie 8 est \u00e9galement disponible en version Gran Coup\u00e9 \u00e0 quatre portes.<\/td><\/tr><\/tbody><\/table><\/figure>\n\n<h2 class=\"wp-block-heading\">Dimensions\/poids<\/h2>\n\n<figure class=\"wp-block-table is-style-stripes\"><table class=\"has-fixed-layout\"><tbody><tr><td>La taille des pneus<\/td><td>245\/35 R20 \/ 275\/30 R20<\/td><\/tr><tr><td>L xlxh<\/td><td>5 082 \u00d7 1 932 \u00d7 1 407 mm<\/td><\/tr><tr><td>Empattement<\/td><td>3 023 millim\u00e8tres<\/td><\/tr><tr><td>Masse vide<\/td><td>1 790 kilogrammes<\/td><\/tr><tr><td>max. selon poids<\/td><td>s\/o kg<\/td><\/tr><tr><td>suite sac. salle.<\/td><td>440 litres<\/td><\/tr><tr><td>Capacit\u00e9 du r\u00e9servoir<\/td><td>68 litres<\/td><\/tr><\/tbody><\/table><\/figure>\n\n<h2 class=\"wp-block-heading\">Consommation<\/h2>\n\n<figure class=\"wp-block-table is-style-stripes\"><table class=\"has-fixed-layout\"><tbody><tr><td>Connecticut. combin\u00e9<\/td><td>8,2 l\/100 km<\/td><\/tr><tr><td>\u00c9missions de CO\u2082<\/td><td>186g\/km<\/td><\/tr><tr><td>Etiquette \u00e9nerg\u00e9tique<\/td><td>C<\/td><\/tr><\/tbody><\/table><\/figure>\n\n<h2 class=\"wp-block-heading\">Performance<\/h2>\n\n<figure class=\"wp-block-table is-style-stripes\"><table class=\"has-fixed-layout\"><tbody><tr><td>Acc. 0-100km\/h<\/td><td>5,4 s<\/td><\/tr><tr><td>vitesse de pointe<\/td><td>250 km\/h<\/td><\/tr><\/tbody><\/table><\/figure>\n","protected":false},"excerpt":{"rendered":"<p>Lorsque la BMW S\u00e9rie 6 est sortie de la production en 1989, la BMW S\u00e9rie 8 est apparue l&rsquo;ann\u00e9e suivante, [&hellip;]<\/p>\n","protected":false},"author":4,"featured_media":117116,"parent":116517,"menu_order":0,"comment_status":"closed","ping_status":"closed","template":"","meta":{"footnotes":""},"class_list":["post-117122","page","type-page","status-publish","has-post-thumbnail","hentry"],"acf":[],"yoast_head":"<!-- This site is optimized with the Yoast SEO plugin v21.2 - https:\/\/yoast.com\/wordpress\/plugins\/seo\/ -->\n<title>BMW s\u00e9rie 8 grand coup\u00e9 - All cars news<\/title>\n<meta name=\"robots\" content=\"index, follow, max-snippet:-1, max-image-preview:large, max-video-preview:-1\" \/>\n<link rel=\"canonical\" href=\"https:\/\/all-car-news.com\/fr\/trouveur-de-voiture\/bmw\/bmw-serie-8-grand-coupe\/\" \/>\n<meta property=\"og:locale\" content=\"fr_FR\" \/>\n<meta property=\"og:type\" content=\"article\" \/>\n<meta property=\"og:title\" content=\"BMW s\u00e9rie 8 grand coup\u00e9 - All cars news\" \/>\n<meta property=\"og:description\" content=\"Lorsque la BMW S\u00e9rie 6 est sortie de la production en 1989, la BMW S\u00e9rie 8 est apparue l&rsquo;ann\u00e9e suivante, [&hellip;]\" \/>\n<meta property=\"og:url\" content=\"https:\/\/all-car-news.com\/fr\/trouveur-de-voiture\/bmw\/bmw-serie-8-grand-coupe\/\" \/>\n<meta property=\"og:site_name\" content=\"All cars news\" \/>\n<meta property=\"article:modified_time\" content=\"2022-03-08T08:46:59+00:00\" \/>\n<meta property=\"og:image\" content=\"https:\/\/all-car-news.com\/wp-content\/uploads\/2022\/03\/8CB56F65-D22B-417F-837F-5115CA7C0DB7.jpeg\" \/>\n\t<meta property=\"og:image:width\" content=\"480\" \/>\n\t<meta property=\"og:image:height\" content=\"360\" \/>\n\t<meta property=\"og:image:type\" content=\"image\/jpeg\" \/>\n<meta name=\"twitter:card\" content=\"summary_large_image\" \/>\n<meta name=\"twitter:label1\" content=\"Dur\u00e9e de lecture estim\u00e9e\" \/>\n\t<meta name=\"twitter:data1\" content=\"3 minutes\" \/>\n<script type=\"application\/ld+json\" class=\"yoast-schema-graph\">{\"@context\":\"https:\/\/schema.org\",\"@graph\":[{\"@type\":\"WebPage\",\"@id\":\"https:\/\/all-car-news.com\/fr\/trouveur-de-voiture\/bmw\/bmw-serie-8-grand-coupe\/\",\"url\":\"https:\/\/all-car-news.com\/fr\/trouveur-de-voiture\/bmw\/bmw-serie-8-grand-coupe\/\",\"name\":\"BMW s\u00e9rie 8 grand coup\u00e9 - All cars news\",\"isPartOf\":{\"@id\":\"https:\/\/all-car-news.com\/fr\/#website\"},\"datePublished\":\"2022-03-02T13:47:33+00:00\",\"dateModified\":\"2022-03-08T08:46:59+00:00\",\"breadcrumb\":{\"@id\":\"https:\/\/all-car-news.com\/fr\/trouveur-de-voiture\/bmw\/bmw-serie-8-grand-coupe\/#breadcrumb\"},\"inLanguage\":\"fr-FR\",\"potentialAction\":[{\"@type\":\"ReadAction\",\"target\":[\"https:\/\/all-car-news.com\/fr\/trouveur-de-voiture\/bmw\/bmw-serie-8-grand-coupe\/\"]}]},{\"@type\":\"BreadcrumbList\",\"@id\":\"https:\/\/all-car-news.com\/fr\/trouveur-de-voiture\/bmw\/bmw-serie-8-grand-coupe\/#breadcrumb\",\"itemListElement\":[{\"@type\":\"ListItem\",\"position\":1,\"name\":\"Home\",\"item\":\"https:\/\/all-car-news.com\/fr\/\"},{\"@type\":\"ListItem\",\"position\":2,\"name\":\"trouveur de voiture\",\"item\":\"https:\/\/all-car-news.com\/fr\/trouveur-de-voiture\/\"},{\"@type\":\"ListItem\",\"position\":3,\"name\":\"BMW\",\"item\":\"https:\/\/all-car-news.com\/fr\/trouveur-de-voiture\/bmw\/\"},{\"@type\":\"ListItem\",\"position\":4,\"name\":\"BMW s\u00e9rie 8 grand coup\u00e9\"}]},{\"@type\":\"WebSite\",\"@id\":\"https:\/\/all-car-news.com\/fr\/#website\",\"url\":\"https:\/\/all-car-news.com\/fr\/\",\"name\":\"All cars news\",\"description\":\"\",\"publisher\":{\"@id\":\"https:\/\/all-car-news.com\/fr\/#organization\"},\"potentialAction\":[{\"@type\":\"SearchAction\",\"target\":{\"@type\":\"EntryPoint\",\"urlTemplate\":\"https:\/\/all-car-news.com\/fr\/?s={search_term_string}\"},\"query-input\":\"required name=search_term_string\"}],\"inLanguage\":\"fr-FR\"},{\"@type\":\"Organization\",\"@id\":\"https:\/\/all-car-news.com\/fr\/#organization\",\"name\":\"All cars news\",\"url\":\"https:\/\/all-car-news.com\/fr\/\",\"logo\":{\"@type\":\"ImageObject\",\"inLanguage\":\"fr-FR\",\"@id\":\"https:\/\/all-car-news.com\/fr\/#\/schema\/logo\/image\/\",\"url\":\"https:\/\/all-car-news.com\/wp-content\/uploads\/2022\/02\/CMYK-AllCarNews_LANDSCAPE_300px-1.png\",\"contentUrl\":\"https:\/\/all-car-news.com\/wp-content\/uploads\/2022\/02\/CMYK-AllCarNews_LANDSCAPE_300px-1.png\",\"width\":300,\"height\":100,\"caption\":\"All cars news\"},\"image\":{\"@id\":\"https:\/\/all-car-news.com\/fr\/#\/schema\/logo\/image\/\"}}]}<\/script>\n<!-- \/ Yoast SEO plugin. -->","yoast_head_json":{"title":"BMW s\u00e9rie 8 grand coup\u00e9 - All cars news","robots":{"index":"index","follow":"follow","max-snippet":"max-snippet:-1","max-image-preview":"max-image-preview:large","max-video-preview":"max-video-preview:-1"},"canonical":"https:\/\/all-car-news.com\/fr\/trouveur-de-voiture\/bmw\/bmw-serie-8-grand-coupe\/","og_locale":"fr_FR","og_type":"article","og_title":"BMW s\u00e9rie 8 grand coup\u00e9 - All cars news","og_description":"Lorsque la BMW S\u00e9rie 6 est sortie de la production en 1989, la BMW S\u00e9rie 8 est apparue l&rsquo;ann\u00e9e suivante, [&hellip;]","og_url":"https:\/\/all-car-news.com\/fr\/trouveur-de-voiture\/bmw\/bmw-serie-8-grand-coupe\/","og_site_name":"All cars news","article_modified_time":"2022-03-08T08:46:59+00:00","og_image":[{"width":480,"height":360,"url":"https:\/\/all-car-news.com\/wp-content\/uploads\/2022\/03\/8CB56F65-D22B-417F-837F-5115CA7C0DB7.jpeg","type":"image\/jpeg"}],"twitter_card":"summary_large_image","twitter_misc":{"Dur\u00e9e de lecture estim\u00e9e":"3 minutes"},"schema":{"@context":"https:\/\/schema.org","@graph":[{"@type":"WebPage","@id":"https:\/\/all-car-news.com\/fr\/trouveur-de-voiture\/bmw\/bmw-serie-8-grand-coupe\/","url":"https:\/\/all-car-news.com\/fr\/trouveur-de-voiture\/bmw\/bmw-serie-8-grand-coupe\/","name":"BMW s\u00e9rie 8 grand coup\u00e9 - All cars news","isPartOf":{"@id":"https:\/\/all-car-news.com\/fr\/#website"},"datePublished":"2022-03-02T13:47:33+00:00","dateModified":"2022-03-08T08:46:59+00:00","breadcrumb":{"@id":"https:\/\/all-car-news.com\/fr\/trouveur-de-voiture\/bmw\/bmw-serie-8-grand-coupe\/#breadcrumb"},"inLanguage":"fr-FR","potentialAction":[{"@type":"ReadAction","target":["https:\/\/all-car-news.com\/fr\/trouveur-de-voiture\/bmw\/bmw-serie-8-grand-coupe\/"]}]},{"@type":"BreadcrumbList","@id":"https:\/\/all-car-news.com\/fr\/trouveur-de-voiture\/bmw\/bmw-serie-8-grand-coupe\/#breadcrumb","itemListElement":[{"@type":"ListItem","position":1,"name":"Home","item":"https:\/\/all-car-news.com\/fr\/"},{"@type":"ListItem","position":2,"name":"trouveur de voiture","item":"https:\/\/all-car-news.com\/fr\/trouveur-de-voiture\/"},{"@type":"ListItem","position":3,"name":"BMW","item":"https:\/\/all-car-news.com\/fr\/trouveur-de-voiture\/bmw\/"},{"@type":"ListItem","position":4,"name":"BMW s\u00e9rie 8 grand coup\u00e9"}]},{"@type":"WebSite","@id":"https:\/\/all-car-news.com\/fr\/#website","url":"https:\/\/all-car-news.com\/fr\/","name":"All cars news","description":"","publisher":{"@id":"https:\/\/all-car-news.com\/fr\/#organization"},"potentialAction":[{"@type":"SearchAction","target":{"@type":"EntryPoint","urlTemplate":"https:\/\/all-car-news.com\/fr\/?s={search_term_string}"},"query-input":"required name=search_term_string"}],"inLanguage":"fr-FR"},{"@type":"Organization","@id":"https:\/\/all-car-news.com\/fr\/#organization","name":"All cars news","url":"https:\/\/all-car-news.com\/fr\/","logo":{"@type":"ImageObject","inLanguage":"fr-FR","@id":"https:\/\/all-car-news.com\/fr\/#\/schema\/logo\/image\/","url":"https:\/\/all-car-news.com\/wp-content\/uploads\/2022\/02\/CMYK-AllCarNews_LANDSCAPE_300px-1.png","contentUrl":"https:\/\/all-car-news.com\/wp-content\/uploads\/2022\/02\/CMYK-AllCarNews_LANDSCAPE_300px-1.png","width":300,"height":100,"caption":"All cars news"},"image":{"@id":"https:\/\/all-car-news.com\/fr\/#\/schema\/logo\/image\/"}}]}},"_links":{"self":[{"href":"https:\/\/all-car-news.com\/fr\/wp-json\/wp\/v2\/pages\/117122","targetHints":{"allow":["GET"]}}],"collection":[{"href":"https:\/\/all-car-news.com\/fr\/wp-json\/wp\/v2\/pages"}],"about":[{"href":"https:\/\/all-car-news.com\/fr\/wp-json\/wp\/v2\/types\/page"}],"author":[{"embeddable":true,"href":"https:\/\/all-car-news.com\/fr\/wp-json\/wp\/v2\/users\/4"}],"replies":[{"embeddable":true,"href":"https:\/\/all-car-news.com\/fr\/wp-json\/wp\/v2\/comments?post=117122"}],"version-history":[{"count":0,"href":"https:\/\/all-car-news.com\/fr\/wp-json\/wp\/v2\/pages\/117122\/revisions"}],"up":[{"embeddable":true,"href":"https:\/\/all-car-news.com\/fr\/wp-json\/wp\/v2\/pages\/116517"}],"wp:featuredmedia":[{"embeddable":true,"href":"https:\/\/all-car-news.com\/fr\/wp-json\/wp\/v2\/media\/117116"}],"wp:attachment":[{"href":"https:\/\/all-car-news.com\/fr\/wp-json\/wp\/v2\/media?parent=117122"}],"curies":[{"name":"wp","href":"https:\/\/api.w.org\/{rel}","templated":true}]}}