{"id":117074,"date":"2022-03-02T12:14:08","date_gmt":"2022-03-02T12:14:08","guid":{"rendered":"https:\/\/all-car-news.com\/trouveur-de-voiture\/bmw\/bmw-serie-7\/"},"modified":"2022-03-08T08:51:49","modified_gmt":"2022-03-08T08:51:49","slug":"bmw-serie-7","status":"publish","type":"page","link":"https:\/\/all-car-news.com\/fr\/trouveur-de-voiture\/bmw\/bmw-serie-7\/","title":{"rendered":"BMW s\u00e9rie 7"},"content":{"rendered":"\n<p>Avec les s\u00e9ries 3 et 5, la s\u00e9rie 7 est l&rsquo;un des plus anciens mod\u00e8les de BMW en termes de nom de type. La premi\u00e8re S\u00e9rie 7 date de 1977. Avance rapide dans le temps et nous arriverons en 2015, l&rsquo;ann\u00e9e o\u00f9 BMW lancera la sixi\u00e8me g\u00e9n\u00e9ration. Comme pour les mod\u00e8les pr\u00e9c\u00e9dents, la voiture est dot\u00e9e des derni\u00e8res technologies que la marque peut offrir.<\/p>\n\n<p>Avec les s\u00e9ries 3 et 5, la s\u00e9rie 7 est l&rsquo;un des plus anciens mod\u00e8les de BMW en termes de nom de type. La premi\u00e8re S\u00e9rie 7 date de 1977. Avance rapide dans le temps et nous arriverons en 2015, l&rsquo;ann\u00e9e o\u00f9 BMW lancera la sixi\u00e8me g\u00e9n\u00e9ration. Comme pour les mod\u00e8les pr\u00e9c\u00e9dents, la voiture est dot\u00e9e des derni\u00e8res technologies que la marque peut offrir.<\/p>\n\n<p><\/p>\n\n<h2 class=\"wp-block-heading\"><strong>La technologie<\/strong><br\/><\/h2>\n\n<p>La S\u00e9rie 7, par exemple, roule de mani\u00e8re raisonnablement autonome. Cela permet \u00e0 la voiture de se garer et de se garer en toute autonomie. Le r\u00e9gulateur de vitesse a \u00e9t\u00e9 \u00e9tendu de mani\u00e8re \u00e0 pouvoir ajuster lui-m\u00eame la vitesse si la limite de vitesse locale change. De plus, la S\u00e9rie 7 peut se maintenir dans une voie et avertir contre les collisions arri\u00e8re ou lat\u00e9rales.<\/p>\n\n<p><\/p>\n\n<h2 class=\"wp-block-heading\"><strong>BMW je<\/strong><br\/><\/h2>\n\n<p>Un autre \u00e9quipement notable est le contr\u00f4le gestuel pour l&rsquo;infodivertissement. La technologie des mod\u00e8les i de BMW est \u00e9galement partiellement utilis\u00e9e. Pas pour le groupe motopropulseur, mais pour l&rsquo;utilisation de fibre de carbone dans le ch\u00e2ssis. N\u00e9anmoins, il existe une S\u00e9rie 7 en partie \u00e9lectrique, la version hybride rechargeable.<\/p>\n\n<h2 class=\"wp-block-heading\">Technique<\/h2>\n\n<figure class=\"wp-block-table is-style-stripes\"><table class=\"has-fixed-layout\"><tbody><tr><td>Type de moteur<\/td><td>diesel, 6 cylindres en ligne<\/td><\/tr><tr><td>D\u00e9placement<\/td><td>2 993 cm\u00b3<\/td><\/tr><tr><td>max. les atouts<\/td><td>195 kW (256 ch)<\/td><\/tr><tr><td>abeille<\/td><td>4 000 tr\/min<\/td><\/tr><tr><td>max. coupler<\/td><td>620 Nm<\/td><\/tr><tr><td>abeille<\/td><td>2 000 tr\/min<\/td><\/tr><tr><td>Conduire<\/td><td>roues arri\u00e8re (option 4WD)<\/td><\/tr><tr><td>Freins de\/a<\/td><td>\u00e9tant donn\u00e9 dames<\/td><\/tr><tr><td>Cercle de braquage<\/td><td>12,5 m\u00e8tres<\/td><\/tr><tr><td>Plage de puissance<\/td><td>195 \u00e0 430 kW<\/td><\/tr><\/tbody><\/table><\/figure>\n\n<h2 class=\"wp-block-heading\">G\u00e9n\u00e9ral<\/h2>\n\n<figure class=\"wp-block-table is-style-stripes\"><table class=\"has-fixed-layout\"><tbody><tr><td>Transmission<\/td><td>8AT<\/td><\/tr><tr><td>Type de corps<\/td><td>4 portes sedan<\/td><\/tr><tr><td>EuroNCAP<\/td><td>pas test\u00e9<\/td><\/tr><tr><td>Lancement sur le march\u00e9<\/td><td>juillet 2015<\/td><\/tr><tr><td>Dernier lifting<\/td><td>F\u00e9vrier 2019<\/td><\/tr><tr><td>Garantie<\/td><td>3 ann\u00e9es<\/td><\/tr><tr><td>A partir du prix<\/td><td>115 049 \u20ac<\/td><\/tr><\/tbody><\/table><\/figure>\n\n<h2 class=\"wp-block-heading\">Dimensions\/poids<\/h2>\n\n<figure class=\"wp-block-table is-style-stripes\"><table class=\"has-fixed-layout\"><tbody><tr><td>La taille des pneus<\/td><td>225\/60R17<\/td><\/tr><tr><td>L xlxh<\/td><td>5 098 x 1 902 x 1 467 mm<\/td><\/tr><tr><td>Empattement<\/td><td>3 070 millim\u00e8tres<\/td><\/tr><tr><td>Masse vide<\/td><td>1 900 kilogrammes<\/td><\/tr><tr><td>max. selon poids<\/td><td>2 100 kilogrammes<\/td><\/tr><tr><td>suite sac. salle.<\/td><td>515 litres<\/td><\/tr><tr><td>Capacit\u00e9 du r\u00e9servoir<\/td><td>78 litres<\/td><\/tr><\/tbody><\/table><\/figure>\n\n<h2 class=\"wp-block-heading\">Consommation<\/h2>\n\n<figure class=\"wp-block-table is-style-stripes\"><table class=\"has-fixed-layout\"><tbody><tr><td>Connecticut. combin\u00e9<\/td><td>5,3 l\/100 km<\/td><\/tr><tr><td>\u00c9missions de CO\u2082<\/td><td>138g\/km<\/td><\/tr><tr><td>Etiquette \u00e9nerg\u00e9tique<\/td><td>r\u00e9<\/td><\/tr><\/tbody><\/table><\/figure>\n\n<h2 class=\"wp-block-heading\">Performance<\/h2>\n\n<figure class=\"wp-block-table is-style-stripes\"><table class=\"has-fixed-layout\"><tbody><tr><td>Acc. 0-100km\/h<\/td><td>6,1 s<\/td><\/tr><tr><td>vitesse de pointe<\/td><td>250 km\/h<\/td><\/tr><\/tbody><\/table><\/figure>\n","protected":false},"excerpt":{"rendered":"<p>Avec les s\u00e9ries 3 et 5, la s\u00e9rie 7 est l&rsquo;un des plus anciens mod\u00e8les de BMW en termes de [&hellip;]<\/p>\n","protected":false},"author":4,"featured_media":117069,"parent":116517,"menu_order":0,"comment_status":"closed","ping_status":"closed","template":"","meta":{"footnotes":""},"class_list":["post-117074","page","type-page","status-publish","has-post-thumbnail","hentry"],"acf":[],"yoast_head":"<!-- This site is optimized with the Yoast SEO plugin v21.2 - https:\/\/yoast.com\/wordpress\/plugins\/seo\/ -->\n<title>BMW s\u00e9rie 7 - All cars news<\/title>\n<meta name=\"robots\" content=\"index, follow, max-snippet:-1, max-image-preview:large, max-video-preview:-1\" \/>\n<link rel=\"canonical\" href=\"https:\/\/all-car-news.com\/fr\/trouveur-de-voiture\/bmw\/bmw-serie-7\/\" \/>\n<meta property=\"og:locale\" content=\"fr_FR\" \/>\n<meta property=\"og:type\" content=\"article\" \/>\n<meta property=\"og:title\" content=\"BMW s\u00e9rie 7 - All cars news\" \/>\n<meta property=\"og:description\" content=\"Avec les s\u00e9ries 3 et 5, la s\u00e9rie 7 est l&rsquo;un des plus anciens mod\u00e8les de BMW en termes de [&hellip;]\" \/>\n<meta property=\"og:url\" content=\"https:\/\/all-car-news.com\/fr\/trouveur-de-voiture\/bmw\/bmw-serie-7\/\" \/>\n<meta property=\"og:site_name\" content=\"All cars news\" \/>\n<meta property=\"article:modified_time\" content=\"2022-03-08T08:51:49+00:00\" \/>\n<meta property=\"og:image\" content=\"https:\/\/all-car-news.com\/wp-content\/uploads\/2022\/03\/579B85E6-69A4-451E-B871-39F614990CE3.jpeg\" \/>\n\t<meta property=\"og:image:width\" content=\"480\" \/>\n\t<meta property=\"og:image:height\" content=\"360\" \/>\n\t<meta property=\"og:image:type\" content=\"image\/jpeg\" \/>\n<meta name=\"twitter:card\" content=\"summary_large_image\" \/>\n<meta name=\"twitter:label1\" content=\"Dur\u00e9e de lecture estim\u00e9e\" \/>\n\t<meta name=\"twitter:data1\" content=\"2 minutes\" \/>\n<script type=\"application\/ld+json\" class=\"yoast-schema-graph\">{\"@context\":\"https:\/\/schema.org\",\"@graph\":[{\"@type\":\"WebPage\",\"@id\":\"https:\/\/all-car-news.com\/fr\/trouveur-de-voiture\/bmw\/bmw-serie-7\/\",\"url\":\"https:\/\/all-car-news.com\/fr\/trouveur-de-voiture\/bmw\/bmw-serie-7\/\",\"name\":\"BMW s\u00e9rie 7 - All cars news\",\"isPartOf\":{\"@id\":\"https:\/\/all-car-news.com\/fr\/#website\"},\"datePublished\":\"2022-03-02T12:14:08+00:00\",\"dateModified\":\"2022-03-08T08:51:49+00:00\",\"breadcrumb\":{\"@id\":\"https:\/\/all-car-news.com\/fr\/trouveur-de-voiture\/bmw\/bmw-serie-7\/#breadcrumb\"},\"inLanguage\":\"fr-FR\",\"potentialAction\":[{\"@type\":\"ReadAction\",\"target\":[\"https:\/\/all-car-news.com\/fr\/trouveur-de-voiture\/bmw\/bmw-serie-7\/\"]}]},{\"@type\":\"BreadcrumbList\",\"@id\":\"https:\/\/all-car-news.com\/fr\/trouveur-de-voiture\/bmw\/bmw-serie-7\/#breadcrumb\",\"itemListElement\":[{\"@type\":\"ListItem\",\"position\":1,\"name\":\"Home\",\"item\":\"https:\/\/all-car-news.com\/fr\/\"},{\"@type\":\"ListItem\",\"position\":2,\"name\":\"trouveur de voiture\",\"item\":\"https:\/\/all-car-news.com\/fr\/trouveur-de-voiture\/\"},{\"@type\":\"ListItem\",\"position\":3,\"name\":\"BMW\",\"item\":\"https:\/\/all-car-news.com\/fr\/trouveur-de-voiture\/bmw\/\"},{\"@type\":\"ListItem\",\"position\":4,\"name\":\"BMW s\u00e9rie 7\"}]},{\"@type\":\"WebSite\",\"@id\":\"https:\/\/all-car-news.com\/fr\/#website\",\"url\":\"https:\/\/all-car-news.com\/fr\/\",\"name\":\"All cars news\",\"description\":\"\",\"publisher\":{\"@id\":\"https:\/\/all-car-news.com\/fr\/#organization\"},\"potentialAction\":[{\"@type\":\"SearchAction\",\"target\":{\"@type\":\"EntryPoint\",\"urlTemplate\":\"https:\/\/all-car-news.com\/fr\/?s={search_term_string}\"},\"query-input\":\"required name=search_term_string\"}],\"inLanguage\":\"fr-FR\"},{\"@type\":\"Organization\",\"@id\":\"https:\/\/all-car-news.com\/fr\/#organization\",\"name\":\"All cars news\",\"url\":\"https:\/\/all-car-news.com\/fr\/\",\"logo\":{\"@type\":\"ImageObject\",\"inLanguage\":\"fr-FR\",\"@id\":\"https:\/\/all-car-news.com\/fr\/#\/schema\/logo\/image\/\",\"url\":\"https:\/\/all-car-news.com\/wp-content\/uploads\/2022\/02\/CMYK-AllCarNews_LANDSCAPE_300px-1.png\",\"contentUrl\":\"https:\/\/all-car-news.com\/wp-content\/uploads\/2022\/02\/CMYK-AllCarNews_LANDSCAPE_300px-1.png\",\"width\":300,\"height\":100,\"caption\":\"All cars news\"},\"image\":{\"@id\":\"https:\/\/all-car-news.com\/fr\/#\/schema\/logo\/image\/\"}}]}<\/script>\n<!-- \/ Yoast SEO plugin. -->","yoast_head_json":{"title":"BMW s\u00e9rie 7 - All cars news","robots":{"index":"index","follow":"follow","max-snippet":"max-snippet:-1","max-image-preview":"max-image-preview:large","max-video-preview":"max-video-preview:-1"},"canonical":"https:\/\/all-car-news.com\/fr\/trouveur-de-voiture\/bmw\/bmw-serie-7\/","og_locale":"fr_FR","og_type":"article","og_title":"BMW s\u00e9rie 7 - All cars news","og_description":"Avec les s\u00e9ries 3 et 5, la s\u00e9rie 7 est l&rsquo;un des plus anciens mod\u00e8les de BMW en termes de [&hellip;]","og_url":"https:\/\/all-car-news.com\/fr\/trouveur-de-voiture\/bmw\/bmw-serie-7\/","og_site_name":"All cars news","article_modified_time":"2022-03-08T08:51:49+00:00","og_image":[{"width":480,"height":360,"url":"https:\/\/all-car-news.com\/wp-content\/uploads\/2022\/03\/579B85E6-69A4-451E-B871-39F614990CE3.jpeg","type":"image\/jpeg"}],"twitter_card":"summary_large_image","twitter_misc":{"Dur\u00e9e de lecture estim\u00e9e":"2 minutes"},"schema":{"@context":"https:\/\/schema.org","@graph":[{"@type":"WebPage","@id":"https:\/\/all-car-news.com\/fr\/trouveur-de-voiture\/bmw\/bmw-serie-7\/","url":"https:\/\/all-car-news.com\/fr\/trouveur-de-voiture\/bmw\/bmw-serie-7\/","name":"BMW s\u00e9rie 7 - All cars news","isPartOf":{"@id":"https:\/\/all-car-news.com\/fr\/#website"},"datePublished":"2022-03-02T12:14:08+00:00","dateModified":"2022-03-08T08:51:49+00:00","breadcrumb":{"@id":"https:\/\/all-car-news.com\/fr\/trouveur-de-voiture\/bmw\/bmw-serie-7\/#breadcrumb"},"inLanguage":"fr-FR","potentialAction":[{"@type":"ReadAction","target":["https:\/\/all-car-news.com\/fr\/trouveur-de-voiture\/bmw\/bmw-serie-7\/"]}]},{"@type":"BreadcrumbList","@id":"https:\/\/all-car-news.com\/fr\/trouveur-de-voiture\/bmw\/bmw-serie-7\/#breadcrumb","itemListElement":[{"@type":"ListItem","position":1,"name":"Home","item":"https:\/\/all-car-news.com\/fr\/"},{"@type":"ListItem","position":2,"name":"trouveur de voiture","item":"https:\/\/all-car-news.com\/fr\/trouveur-de-voiture\/"},{"@type":"ListItem","position":3,"name":"BMW","item":"https:\/\/all-car-news.com\/fr\/trouveur-de-voiture\/bmw\/"},{"@type":"ListItem","position":4,"name":"BMW s\u00e9rie 7"}]},{"@type":"WebSite","@id":"https:\/\/all-car-news.com\/fr\/#website","url":"https:\/\/all-car-news.com\/fr\/","name":"All cars news","description":"","publisher":{"@id":"https:\/\/all-car-news.com\/fr\/#organization"},"potentialAction":[{"@type":"SearchAction","target":{"@type":"EntryPoint","urlTemplate":"https:\/\/all-car-news.com\/fr\/?s={search_term_string}"},"query-input":"required name=search_term_string"}],"inLanguage":"fr-FR"},{"@type":"Organization","@id":"https:\/\/all-car-news.com\/fr\/#organization","name":"All cars news","url":"https:\/\/all-car-news.com\/fr\/","logo":{"@type":"ImageObject","inLanguage":"fr-FR","@id":"https:\/\/all-car-news.com\/fr\/#\/schema\/logo\/image\/","url":"https:\/\/all-car-news.com\/wp-content\/uploads\/2022\/02\/CMYK-AllCarNews_LANDSCAPE_300px-1.png","contentUrl":"https:\/\/all-car-news.com\/wp-content\/uploads\/2022\/02\/CMYK-AllCarNews_LANDSCAPE_300px-1.png","width":300,"height":100,"caption":"All cars news"},"image":{"@id":"https:\/\/all-car-news.com\/fr\/#\/schema\/logo\/image\/"}}]}},"_links":{"self":[{"href":"https:\/\/all-car-news.com\/fr\/wp-json\/wp\/v2\/pages\/117074","targetHints":{"allow":["GET"]}}],"collection":[{"href":"https:\/\/all-car-news.com\/fr\/wp-json\/wp\/v2\/pages"}],"about":[{"href":"https:\/\/all-car-news.com\/fr\/wp-json\/wp\/v2\/types\/page"}],"author":[{"embeddable":true,"href":"https:\/\/all-car-news.com\/fr\/wp-json\/wp\/v2\/users\/4"}],"replies":[{"embeddable":true,"href":"https:\/\/all-car-news.com\/fr\/wp-json\/wp\/v2\/comments?post=117074"}],"version-history":[{"count":0,"href":"https:\/\/all-car-news.com\/fr\/wp-json\/wp\/v2\/pages\/117074\/revisions"}],"up":[{"embeddable":true,"href":"https:\/\/all-car-news.com\/fr\/wp-json\/wp\/v2\/pages\/116517"}],"wp:featuredmedia":[{"embeddable":true,"href":"https:\/\/all-car-news.com\/fr\/wp-json\/wp\/v2\/media\/117069"}],"wp:attachment":[{"href":"https:\/\/all-car-news.com\/fr\/wp-json\/wp\/v2\/media?parent=117074"}],"curies":[{"name":"wp","href":"https:\/\/api.w.org\/{rel}","templated":true}]}}