{"id":116985,"date":"2022-03-02T11:27:05","date_gmt":"2022-03-02T11:27:05","guid":{"rendered":"https:\/\/all-car-news.com\/trouveur-de-voiture\/bmw\/bmw-serie-6-cabriolet\/"},"modified":"2022-03-08T08:55:59","modified_gmt":"2022-03-08T08:55:59","slug":"bmw-serie-6-cabriolet","status":"publish","type":"page","link":"https:\/\/all-car-news.com\/fr\/trouveur-de-voiture\/bmw\/bmw-serie-6-cabriolet\/","title":{"rendered":"BMW s\u00e9rie 6 cabriolet"},"content":{"rendered":"\n<p>La BMW S\u00e9rie 6 de premi\u00e8re g\u00e9n\u00e9ration a vu le jour en 1976. La voiture \u00e9tait le successeur du Coup\u00e9 E9 et, comme son pr\u00e9d\u00e9cesseur, n&rsquo;\u00e9tait disponible qu&rsquo;en version coup\u00e9. La S\u00e9rie 6 \u00e9tait techniquement li\u00e9e \u00e0 la S\u00e9rie 7 phare et \u00e9tait plus ou moins la version coup\u00e9 de cette voiture. En plus des performances sportives, la S\u00e9rie 6 offrait \u00e9galement beaucoup de luxe. La production de la S\u00e9rie 6 s&rsquo;est arr\u00eat\u00e9e en 1989, lorsque la voiture a \u00e9t\u00e9 remplac\u00e9e par la S\u00e9rie 8 l\u00e9g\u00e8rement plus grande et plus ch\u00e8re. <br\/><\/p>\n\n<p>La BMW S\u00e9rie 6 de premi\u00e8re g\u00e9n\u00e9ration a vu le jour en 1976. La voiture \u00e9tait le successeur du Coup\u00e9 E9 et, comme son pr\u00e9d\u00e9cesseur, n&rsquo;\u00e9tait disponible qu&rsquo;en version coup\u00e9. La S\u00e9rie 6 \u00e9tait techniquement li\u00e9e \u00e0 la S\u00e9rie 7 phare et \u00e9tait plus ou moins la version coup\u00e9 de cette voiture. En plus des performances sportives, la S\u00e9rie 6 offrait \u00e9galement beaucoup de luxe. La production de la S\u00e9rie 6 s&rsquo;est arr\u00eat\u00e9e en 1989, lorsque la voiture a \u00e9t\u00e9 remplac\u00e9e par la S\u00e9rie 8 l\u00e9g\u00e8rement plus grande et plus ch\u00e8re.<br\/><br\/><\/p>\n\n<h2 class=\"wp-block-heading\"><strong>R\u00e9introduction<\/strong><br\/><\/h2>\n\n<p>Apr\u00e8s que la S\u00e9rie 8 ait dur\u00e9 jusqu&rsquo;en 1999, BMW n&rsquo;a plus propos\u00e9 de grand coup\u00e9 pendant un certain temps. Jusqu&rsquo;en 2003, date \u00e0 laquelle elle a r\u00e9introduit une S\u00e9rie 6. En fait, le mod\u00e8le a continu\u00e9 l\u00e0 o\u00f9 la premi\u00e8re g\u00e9n\u00e9ration s&rsquo;\u00e9tait arr\u00eat\u00e9e : le luxe sportif. Cependant, la voiture \u00e9tait d\u00e9sormais bas\u00e9e sur la technologie de la S\u00e9rie 5. Pour la premi\u00e8re fois, la S\u00e9rie 6 \u00e9tait \u00e9galement disponible en cabriolet. En 2011, un changement de garde a suivi avec la troisi\u00e8me g\u00e9n\u00e9ration de la S\u00e9rie 6, \u00e9galement disponible en version Gran Coup\u00e9 \u00e0 quatre portes \u00e0 partir de 2012.<br\/><br\/><\/p>\n\n<h2 class=\"wp-block-heading\"><strong>d\u00e9plac\u00e9<\/strong><br\/><\/h2>\n\n<p>En 2018, l&rsquo;histoire s&rsquo;est r\u00e9p\u00e9t\u00e9e. La S\u00e9rie 6 a \u00e9t\u00e9 suivie par la S\u00e9rie 8 l\u00e9g\u00e8rement plus grande et plus luxueuse, bien que la S\u00e9rie 8 soit cette fois une \u00e9volution plus directe de la S\u00e9rie 6. En d&rsquo;autres termes : la S\u00e9rie 6 s&rsquo;appelle d\u00e9sormais S\u00e9rie 8, maintenant que le mod\u00e8le se positionne plus clairement comme une alternative de coup\u00e9 \u00e0 la S\u00e9rie 7. Pourtant, il y a toujours une S\u00e9rie 6 dans les salles d&rsquo;exposition, car le successeur de la S\u00e9rie 5 Gran Turismo a vu le jour \u00e0 partir de 2017 sous le nom de S\u00e9rie 6 Gran Turismo. Ce mod\u00e8le a \u00e9galement franchi une \u00e9tape dans la gamme de mod\u00e8les.<\/p>\n\n<h2 class=\"wp-block-heading\">Technique<\/h2>\n\n<figure class=\"wp-block-table is-style-stripes\"><table class=\"has-fixed-layout\"><tbody><tr><td>Type de moteur<\/td><td>diesel, 6 cylindres en ligne<\/td><\/tr><tr><td>D\u00e9placement<\/td><td>2 993 cm\u00b3<\/td><\/tr><tr><td>max. les atouts<\/td><td>230 kW (313 ch)<\/td><\/tr><tr><td>abeille<\/td><td>4 400 tr\/min<\/td><\/tr><tr><td>max. coupler<\/td><td>630 Nm<\/td><\/tr><tr><td>abeille<\/td><td>1\u00a0500 tr\/min<\/td><\/tr><tr><td>Conduire<\/td><td>roues arri\u00e8res<\/td><\/tr><tr><td>Freins de\/a<\/td><td>\u00e9tant donn\u00e9 dames<\/td><\/tr><tr><td>Cercle de braquage<\/td><td>11,7 m<\/td><\/tr><tr><td>Plage de puissance<\/td><td>230 \u00e0 412 kW<\/td><\/tr><\/tbody><\/table><\/figure>\n\n<h2 class=\"wp-block-heading\">G\u00e9n\u00e9ral<\/h2>\n\n<figure class=\"wp-block-table is-style-stripes\"><table class=\"has-fixed-layout\"><tbody><tr><td>Transmission<\/td><td>8AT<\/td><\/tr><tr><td>Type de corps<\/td><td>2 p. convertible<\/td><\/tr><tr><td>EuroNCAP<\/td><td>pas test\u00e9<\/td><\/tr><tr><td>Lancement sur le march\u00e9<\/td><td>Mai 2011<\/td><\/tr><tr><td>Dernier lifting<\/td><td>mars 2015<\/td><\/tr><tr><td>Garantie<\/td><td>2 ans<\/td><\/tr><tr><td>A partir du prix<\/td><td>118 600 \u20ac<\/td><\/tr><tr><td>Les particularit\u00e9s<\/td><td>Le 640d est le seul diesel de la S\u00e9rie 6 Cabriolet, avec 4 roues motrices ou propulsion.<\/td><\/tr><\/tbody><\/table><\/figure>\n\n<h2 class=\"wp-block-heading\">Dimensions\/poids<\/h2>\n\n<figure class=\"wp-block-table is-style-stripes\"><table class=\"has-fixed-layout\"><tbody><tr><td>La taille des pneus<\/td><td>225\/55R17<\/td><\/tr><tr><td>L xlxh<\/td><td>4 894 x 1 898 x 1 365 mm<\/td><\/tr><tr><td>Empattement<\/td><td>2 851 mm<\/td><\/tr><tr><td>Masse vide<\/td><td>2 005 kilogrammes<\/td><\/tr><tr><td>max. selon poids<\/td><td>s\/o kg<\/td><\/tr><tr><td>suite sac. salle.<\/td><td>300 litres<\/td><\/tr><tr><td>Capacit\u00e9 du r\u00e9servoir<\/td><td>70 litres<\/td><\/tr><\/tbody><\/table><figcaption>Mais <\/figcaption><\/figure>\n\n<h2 class=\"wp-block-heading\">Consommation<\/h2>\n\n<figure class=\"wp-block-table is-style-stripes\"><table><tbody><tr><td>Connecticut. combin\u00e9<\/td><td>5,6 l\/100 km<\/td><\/tr><tr><td>\u00c9missions de CO\u2082<\/td><td>194g\/km<\/td><\/tr><tr><td>Etiquette \u00e9nerg\u00e9tique<\/td><td>E<\/td><\/tr><\/tbody><\/table><\/figure>\n\n<h2 class=\"wp-block-heading\">Performance<\/h2>\n\n<figure class=\"wp-block-table is-style-stripes\"><table class=\"has-fixed-layout\"><tbody><tr><td>Acc. 0-100km\/h<\/td><td>5,3 s<\/td><\/tr><tr><td>vitesse de pointe<\/td><td>250 km\/h<\/td><\/tr><\/tbody><\/table><\/figure>\n","protected":false},"excerpt":{"rendered":"<p>La BMW S\u00e9rie 6 de premi\u00e8re g\u00e9n\u00e9ration a vu le jour en 1976. La voiture \u00e9tait le successeur du Coup\u00e9 [&hellip;]<\/p>\n","protected":false},"author":4,"featured_media":116980,"parent":116517,"menu_order":0,"comment_status":"closed","ping_status":"closed","template":"","meta":{"footnotes":""},"class_list":["post-116985","page","type-page","status-publish","has-post-thumbnail","hentry"],"acf":[],"yoast_head":"<!-- This site is optimized with the Yoast SEO plugin v21.2 - https:\/\/yoast.com\/wordpress\/plugins\/seo\/ -->\n<title>BMW s\u00e9rie 6 cabriolet - All cars news<\/title>\n<meta name=\"robots\" content=\"index, follow, max-snippet:-1, max-image-preview:large, max-video-preview:-1\" \/>\n<link rel=\"canonical\" href=\"https:\/\/all-car-news.com\/fr\/trouveur-de-voiture\/bmw\/bmw-serie-6-cabriolet\/\" \/>\n<meta property=\"og:locale\" content=\"fr_FR\" \/>\n<meta property=\"og:type\" content=\"article\" \/>\n<meta property=\"og:title\" content=\"BMW s\u00e9rie 6 cabriolet - All cars news\" \/>\n<meta property=\"og:description\" content=\"La BMW S\u00e9rie 6 de premi\u00e8re g\u00e9n\u00e9ration a vu le jour en 1976. La voiture \u00e9tait le successeur du Coup\u00e9 [&hellip;]\" \/>\n<meta property=\"og:url\" content=\"https:\/\/all-car-news.com\/fr\/trouveur-de-voiture\/bmw\/bmw-serie-6-cabriolet\/\" \/>\n<meta property=\"og:site_name\" content=\"All cars news\" \/>\n<meta property=\"article:modified_time\" content=\"2022-03-08T08:55:59+00:00\" \/>\n<meta property=\"og:image\" content=\"https:\/\/all-car-news.com\/wp-content\/uploads\/2022\/03\/E8CCC95E-F338-453D-AA67-351F382A215C.jpeg\" \/>\n\t<meta property=\"og:image:width\" content=\"480\" \/>\n\t<meta property=\"og:image:height\" content=\"360\" \/>\n\t<meta property=\"og:image:type\" content=\"image\/jpeg\" \/>\n<meta name=\"twitter:card\" content=\"summary_large_image\" \/>\n<meta name=\"twitter:label1\" content=\"Dur\u00e9e de lecture estim\u00e9e\" \/>\n\t<meta name=\"twitter:data1\" content=\"3 minutes\" \/>\n<script type=\"application\/ld+json\" class=\"yoast-schema-graph\">{\"@context\":\"https:\/\/schema.org\",\"@graph\":[{\"@type\":\"WebPage\",\"@id\":\"https:\/\/all-car-news.com\/fr\/trouveur-de-voiture\/bmw\/bmw-serie-6-cabriolet\/\",\"url\":\"https:\/\/all-car-news.com\/fr\/trouveur-de-voiture\/bmw\/bmw-serie-6-cabriolet\/\",\"name\":\"BMW s\u00e9rie 6 cabriolet - All cars news\",\"isPartOf\":{\"@id\":\"https:\/\/all-car-news.com\/fr\/#website\"},\"datePublished\":\"2022-03-02T11:27:05+00:00\",\"dateModified\":\"2022-03-08T08:55:59+00:00\",\"breadcrumb\":{\"@id\":\"https:\/\/all-car-news.com\/fr\/trouveur-de-voiture\/bmw\/bmw-serie-6-cabriolet\/#breadcrumb\"},\"inLanguage\":\"fr-FR\",\"potentialAction\":[{\"@type\":\"ReadAction\",\"target\":[\"https:\/\/all-car-news.com\/fr\/trouveur-de-voiture\/bmw\/bmw-serie-6-cabriolet\/\"]}]},{\"@type\":\"BreadcrumbList\",\"@id\":\"https:\/\/all-car-news.com\/fr\/trouveur-de-voiture\/bmw\/bmw-serie-6-cabriolet\/#breadcrumb\",\"itemListElement\":[{\"@type\":\"ListItem\",\"position\":1,\"name\":\"Home\",\"item\":\"https:\/\/all-car-news.com\/fr\/\"},{\"@type\":\"ListItem\",\"position\":2,\"name\":\"trouveur de voiture\",\"item\":\"https:\/\/all-car-news.com\/fr\/trouveur-de-voiture\/\"},{\"@type\":\"ListItem\",\"position\":3,\"name\":\"BMW\",\"item\":\"https:\/\/all-car-news.com\/fr\/trouveur-de-voiture\/bmw\/\"},{\"@type\":\"ListItem\",\"position\":4,\"name\":\"BMW s\u00e9rie 6 cabriolet\"}]},{\"@type\":\"WebSite\",\"@id\":\"https:\/\/all-car-news.com\/fr\/#website\",\"url\":\"https:\/\/all-car-news.com\/fr\/\",\"name\":\"All cars news\",\"description\":\"\",\"publisher\":{\"@id\":\"https:\/\/all-car-news.com\/fr\/#organization\"},\"potentialAction\":[{\"@type\":\"SearchAction\",\"target\":{\"@type\":\"EntryPoint\",\"urlTemplate\":\"https:\/\/all-car-news.com\/fr\/?s={search_term_string}\"},\"query-input\":\"required name=search_term_string\"}],\"inLanguage\":\"fr-FR\"},{\"@type\":\"Organization\",\"@id\":\"https:\/\/all-car-news.com\/fr\/#organization\",\"name\":\"All cars news\",\"url\":\"https:\/\/all-car-news.com\/fr\/\",\"logo\":{\"@type\":\"ImageObject\",\"inLanguage\":\"fr-FR\",\"@id\":\"https:\/\/all-car-news.com\/fr\/#\/schema\/logo\/image\/\",\"url\":\"https:\/\/all-car-news.com\/wp-content\/uploads\/2022\/02\/CMYK-AllCarNews_LANDSCAPE_300px-1.png\",\"contentUrl\":\"https:\/\/all-car-news.com\/wp-content\/uploads\/2022\/02\/CMYK-AllCarNews_LANDSCAPE_300px-1.png\",\"width\":300,\"height\":100,\"caption\":\"All cars news\"},\"image\":{\"@id\":\"https:\/\/all-car-news.com\/fr\/#\/schema\/logo\/image\/\"}}]}<\/script>\n<!-- \/ Yoast SEO plugin. -->","yoast_head_json":{"title":"BMW s\u00e9rie 6 cabriolet - All cars news","robots":{"index":"index","follow":"follow","max-snippet":"max-snippet:-1","max-image-preview":"max-image-preview:large","max-video-preview":"max-video-preview:-1"},"canonical":"https:\/\/all-car-news.com\/fr\/trouveur-de-voiture\/bmw\/bmw-serie-6-cabriolet\/","og_locale":"fr_FR","og_type":"article","og_title":"BMW s\u00e9rie 6 cabriolet - All cars news","og_description":"La BMW S\u00e9rie 6 de premi\u00e8re g\u00e9n\u00e9ration a vu le jour en 1976. La voiture \u00e9tait le successeur du Coup\u00e9 [&hellip;]","og_url":"https:\/\/all-car-news.com\/fr\/trouveur-de-voiture\/bmw\/bmw-serie-6-cabriolet\/","og_site_name":"All cars news","article_modified_time":"2022-03-08T08:55:59+00:00","og_image":[{"width":480,"height":360,"url":"https:\/\/all-car-news.com\/wp-content\/uploads\/2022\/03\/E8CCC95E-F338-453D-AA67-351F382A215C.jpeg","type":"image\/jpeg"}],"twitter_card":"summary_large_image","twitter_misc":{"Dur\u00e9e de lecture estim\u00e9e":"3 minutes"},"schema":{"@context":"https:\/\/schema.org","@graph":[{"@type":"WebPage","@id":"https:\/\/all-car-news.com\/fr\/trouveur-de-voiture\/bmw\/bmw-serie-6-cabriolet\/","url":"https:\/\/all-car-news.com\/fr\/trouveur-de-voiture\/bmw\/bmw-serie-6-cabriolet\/","name":"BMW s\u00e9rie 6 cabriolet - All cars news","isPartOf":{"@id":"https:\/\/all-car-news.com\/fr\/#website"},"datePublished":"2022-03-02T11:27:05+00:00","dateModified":"2022-03-08T08:55:59+00:00","breadcrumb":{"@id":"https:\/\/all-car-news.com\/fr\/trouveur-de-voiture\/bmw\/bmw-serie-6-cabriolet\/#breadcrumb"},"inLanguage":"fr-FR","potentialAction":[{"@type":"ReadAction","target":["https:\/\/all-car-news.com\/fr\/trouveur-de-voiture\/bmw\/bmw-serie-6-cabriolet\/"]}]},{"@type":"BreadcrumbList","@id":"https:\/\/all-car-news.com\/fr\/trouveur-de-voiture\/bmw\/bmw-serie-6-cabriolet\/#breadcrumb","itemListElement":[{"@type":"ListItem","position":1,"name":"Home","item":"https:\/\/all-car-news.com\/fr\/"},{"@type":"ListItem","position":2,"name":"trouveur de voiture","item":"https:\/\/all-car-news.com\/fr\/trouveur-de-voiture\/"},{"@type":"ListItem","position":3,"name":"BMW","item":"https:\/\/all-car-news.com\/fr\/trouveur-de-voiture\/bmw\/"},{"@type":"ListItem","position":4,"name":"BMW s\u00e9rie 6 cabriolet"}]},{"@type":"WebSite","@id":"https:\/\/all-car-news.com\/fr\/#website","url":"https:\/\/all-car-news.com\/fr\/","name":"All cars news","description":"","publisher":{"@id":"https:\/\/all-car-news.com\/fr\/#organization"},"potentialAction":[{"@type":"SearchAction","target":{"@type":"EntryPoint","urlTemplate":"https:\/\/all-car-news.com\/fr\/?s={search_term_string}"},"query-input":"required name=search_term_string"}],"inLanguage":"fr-FR"},{"@type":"Organization","@id":"https:\/\/all-car-news.com\/fr\/#organization","name":"All cars news","url":"https:\/\/all-car-news.com\/fr\/","logo":{"@type":"ImageObject","inLanguage":"fr-FR","@id":"https:\/\/all-car-news.com\/fr\/#\/schema\/logo\/image\/","url":"https:\/\/all-car-news.com\/wp-content\/uploads\/2022\/02\/CMYK-AllCarNews_LANDSCAPE_300px-1.png","contentUrl":"https:\/\/all-car-news.com\/wp-content\/uploads\/2022\/02\/CMYK-AllCarNews_LANDSCAPE_300px-1.png","width":300,"height":100,"caption":"All cars news"},"image":{"@id":"https:\/\/all-car-news.com\/fr\/#\/schema\/logo\/image\/"}}]}},"_links":{"self":[{"href":"https:\/\/all-car-news.com\/fr\/wp-json\/wp\/v2\/pages\/116985","targetHints":{"allow":["GET"]}}],"collection":[{"href":"https:\/\/all-car-news.com\/fr\/wp-json\/wp\/v2\/pages"}],"about":[{"href":"https:\/\/all-car-news.com\/fr\/wp-json\/wp\/v2\/types\/page"}],"author":[{"embeddable":true,"href":"https:\/\/all-car-news.com\/fr\/wp-json\/wp\/v2\/users\/4"}],"replies":[{"embeddable":true,"href":"https:\/\/all-car-news.com\/fr\/wp-json\/wp\/v2\/comments?post=116985"}],"version-history":[{"count":0,"href":"https:\/\/all-car-news.com\/fr\/wp-json\/wp\/v2\/pages\/116985\/revisions"}],"up":[{"embeddable":true,"href":"https:\/\/all-car-news.com\/fr\/wp-json\/wp\/v2\/pages\/116517"}],"wp:featuredmedia":[{"embeddable":true,"href":"https:\/\/all-car-news.com\/fr\/wp-json\/wp\/v2\/media\/116980"}],"wp:attachment":[{"href":"https:\/\/all-car-news.com\/fr\/wp-json\/wp\/v2\/media?parent=116985"}],"curies":[{"name":"wp","href":"https:\/\/api.w.org\/{rel}","templated":true}]}}