{"id":116950,"date":"2022-03-02T10:42:37","date_gmt":"2022-03-02T10:42:37","guid":{"rendered":"https:\/\/all-car-news.com\/bmw-serie-5-gt\/"},"modified":"2022-03-08T08:58:17","modified_gmt":"2022-03-08T08:58:17","slug":"bmw-serie-5-gt","status":"publish","type":"page","link":"https:\/\/all-car-news.com\/fr\/trouveur-de-voiture\/bmw\/bmw-serie-5-gt\/","title":{"rendered":"BMW s\u00e9rie 5 gt"},"content":{"rendered":"\n<p>La S\u00e9rie 5 est le mod\u00e8le le plus ancien de la gamme BMW. La ligne de mod\u00e8les date de 1972, lorsque la premi\u00e8re g\u00e9n\u00e9ration (E12) a succ\u00e9d\u00e9 aux mod\u00e8les Neue Klasse. La S\u00e9rie 5 a \u00e9galement \u00e9t\u00e9 le premier mod\u00e8le \u00e0 recevoir une d\u00e9signation de s\u00e9rie, la version suppl\u00e9mentaire (moteur) \u00e9tant indiqu\u00e9e par trois chiffres. \u00c0 partir de la deuxi\u00e8me g\u00e9n\u00e9ration, la voiture est \u00e9galement disponible en tant que M5 sportive et \u00e0 partir de la troisi\u00e8me g\u00e9n\u00e9ration, la voiture peut \u00e9galement \u00eatre command\u00e9e en tant que break (Touring). Apr\u00e8s la S\u00e9rie 3, la S\u00e9rie 5 est le mod\u00e8le le plus abouti de BMW.<\/p>\n\n<p>La S\u00e9rie 5 est le mod\u00e8le le plus ancien de la gamme BMW. La ligne de mod\u00e8les date de 1972, lorsque la premi\u00e8re g\u00e9n\u00e9ration (E12) a succ\u00e9d\u00e9 aux mod\u00e8les Neue Klasse. La S\u00e9rie 5 a \u00e9galement \u00e9t\u00e9 le premier mod\u00e8le \u00e0 recevoir une d\u00e9signation de s\u00e9rie, la version suppl\u00e9mentaire (moteur) \u00e9tant indiqu\u00e9e par trois chiffres. \u00c0 partir de la deuxi\u00e8me g\u00e9n\u00e9ration, la voiture est \u00e9galement disponible en tant que M5 sportive et \u00e0 partir de la troisi\u00e8me g\u00e9n\u00e9ration, la voiture peut \u00e9galement \u00eatre command\u00e9e en tant que break (Touring). Apr\u00e8s la S\u00e9rie 3, la S\u00e9rie 5 est le mod\u00e8le le plus abouti de BMW.<\/p>\n\n<p><\/p>\n\n<h2 class=\"wp-block-heading\"><strong>changements<\/strong><br\/><\/h2>\n\n<p>En 2009, la gamme S\u00e9rie 5 s&rsquo;\u00e9toffe d&rsquo;une autre carrosserie : la 5 GT, en full Gran Turismo. Cependant, pour le mod\u00e8le actuel pr\u00e9sent\u00e9 en 2017, la version GT a \u00e9t\u00e9 d\u00e9plac\u00e9e vers la S\u00e9rie 6. Les mod\u00e8les qui relevaient auparavant de la S\u00e9rie 6 sont \u00e0 leur tour d\u00e9plac\u00e9s vers la nouvelle S\u00e9rie 8.<\/p>\n\n<p><\/p>\n\n<h2 class=\"wp-block-heading\"><strong>Geste pratique<\/strong><br\/><\/h2>\n\n<p>Nous arrivons maintenant \u00e0 la g\u00e9n\u00e9ration actuelle introduite en 2017, qui n&rsquo;est donc disponible qu&rsquo;en version berline et Touring, comme par le pass\u00e9. Une M5 est \u00e9galement pr\u00e9sente, produisant cette fois pas moins de 600 ch. La nouvelle S\u00e9rie 5 regorge \u00e9galement de toutes sortes de nouvelles technologies. Le plus notable d&rsquo;entre eux est peut-\u00eatre qu&rsquo;un certain nombre de fonctions multim\u00e9dias peuvent \u00eatre command\u00e9es au moyen de gestes. Aucun bouton ne doit \u00eatre touch\u00e9.<\/p>\n\n<h2 class=\"wp-block-heading\">Technique<\/h2>\n\n<figure class=\"wp-block-table is-style-stripes\"><table class=\"has-fixed-layout\"><tbody><tr><td>Type de moteur<\/td><td>essence, V8<\/td><\/tr><tr><td>D\u00e9placement<\/td><td>4 395 cm\u00b3<\/td><\/tr><tr><td>max. les atouts<\/td><td>330 kW (450 ch)<\/td><\/tr><tr><td>abeille<\/td><td>5 500 tr\/min<\/td><\/tr><tr><td>max. coupler<\/td><td>650 Nm<\/td><\/tr><tr><td>abeille<\/td><td>2 000 tr\/min<\/td><\/tr><tr><td>Conduire<\/td><td>roues arri\u00e8res<\/td><\/tr><tr><td>Freins de\/a<\/td><td>\u00e9tant donn\u00e9 dames<\/td><\/tr><tr><td>Cercle de braquage<\/td><td>12,8 m<\/td><\/tr><tr><td>Plage de puissance<\/td><td>190 \u00e0 330 kW<\/td><\/tr><\/tbody><\/table><\/figure>\n\n<h2 class=\"wp-block-heading\">G\u00e9n\u00e9ral<\/h2>\n\n<figure class=\"wp-block-table is-style-stripes\"><table class=\"has-fixed-layout\"><tbody><tr><td>Transmission<\/td><td>8AT<\/td><\/tr><tr><td>Type de corps<\/td><td>5-dr. remont\u00e9e<\/td><\/tr><tr><td>EuroNCAP<\/td><td>5 \u00e9toiles<\/td><\/tr><tr><td>Lancement sur le march\u00e9<\/td><td>juillet 2009<\/td><\/tr><tr><td>Dernier lifting<\/td><td>juillet 2013<\/td><\/tr><tr><td>Garantie<\/td><td>2 ans<\/td><\/tr><tr><td>Les particularit\u00e9s<\/td><td>La base est la m\u00eame, mais par rapport \u00e0 la berline de la s\u00e9rie 5, la GT a une position assise nettement plus \u00e9lev\u00e9e.<\/td><\/tr><\/tbody><\/table><\/figure>\n\n<h2 class=\"wp-block-heading\">Dimensions\/poids<\/h2>\n\n<figure class=\"wp-block-table is-style-stripes\"><table class=\"has-fixed-layout\"><tbody><tr><td>La taille des pneus<\/td><td>245\/50R18<\/td><\/tr><tr><td>L xlxh<\/td><td>4 998 x 1 901 x 1 559 mm<\/td><\/tr><tr><td>Empattement<\/td><td>3 070 millim\u00e8tres<\/td><\/tr><tr><td>Masse vide<\/td><td>2 045 kilogrammes<\/td><\/tr><tr><td>max. selon poids<\/td><td>2 100 kilogrammes<\/td><\/tr><tr><td>suite sac. salle.<\/td><td>590 litres<\/td><\/tr><tr><td>Capacit\u00e9 du r\u00e9servoir<\/td><td>70 litres<\/td><\/tr><\/tbody><\/table><\/figure>\n\n<h2 class=\"wp-block-heading\">Consommation<\/h2>\n\n<figure class=\"wp-block-table is-style-stripes\"><table class=\"has-fixed-layout\"><tbody><tr><td>Connecticut. combin\u00e9<\/td><td>9,2 l\/100 km<\/td><\/tr><tr><td>\u00c9missions de CO\u2082<\/td><td>214g\/km<\/td><\/tr><tr><td>Etiquette \u00e9nerg\u00e9tique<\/td><td>F<\/td><\/tr><\/tbody><\/table><\/figure>\n\n<h2 class=\"wp-block-heading\">Performance<\/h2>\n\n<figure class=\"wp-block-table is-style-stripes\"><table class=\"has-fixed-layout\"><tbody><tr><td>Acc. 0-100km\/h<\/td><td>5,0 s<\/td><\/tr><tr><td>vitesse de pointe<\/td><td>250 km\/h<\/td><\/tr><\/tbody><\/table><\/figure>\n","protected":false},"excerpt":{"rendered":"<p>La S\u00e9rie 5 est le mod\u00e8le le plus ancien de la gamme BMW. La ligne de mod\u00e8les date de 1972, [&hellip;]<\/p>\n","protected":false},"author":4,"featured_media":116959,"parent":116517,"menu_order":0,"comment_status":"closed","ping_status":"closed","template":"","meta":{"footnotes":""},"class_list":["post-116950","page","type-page","status-publish","has-post-thumbnail","hentry"],"acf":[],"yoast_head":"<!-- This site is optimized with the Yoast SEO plugin v21.2 - https:\/\/yoast.com\/wordpress\/plugins\/seo\/ -->\n<title>BMW s\u00e9rie 5 gt - All cars news<\/title>\n<meta name=\"robots\" content=\"index, follow, max-snippet:-1, max-image-preview:large, max-video-preview:-1\" \/>\n<link rel=\"canonical\" href=\"https:\/\/all-car-news.com\/fr\/trouveur-de-voiture\/bmw\/bmw-serie-5-gt\/\" \/>\n<meta property=\"og:locale\" content=\"fr_FR\" \/>\n<meta property=\"og:type\" content=\"article\" \/>\n<meta property=\"og:title\" content=\"BMW s\u00e9rie 5 gt - All cars news\" \/>\n<meta property=\"og:description\" content=\"La S\u00e9rie 5 est le mod\u00e8le le plus ancien de la gamme BMW. La ligne de mod\u00e8les date de 1972, [&hellip;]\" \/>\n<meta property=\"og:url\" content=\"https:\/\/all-car-news.com\/fr\/trouveur-de-voiture\/bmw\/bmw-serie-5-gt\/\" \/>\n<meta property=\"og:site_name\" content=\"All cars news\" \/>\n<meta property=\"article:modified_time\" content=\"2022-03-08T08:58:17+00:00\" \/>\n<meta property=\"og:image\" content=\"https:\/\/all-car-news.com\/wp-content\/uploads\/2022\/03\/FB434DC5-E80E-4D6F-AA40-A660860F16AF.jpeg\" \/>\n\t<meta property=\"og:image:width\" content=\"480\" \/>\n\t<meta property=\"og:image:height\" content=\"360\" \/>\n\t<meta property=\"og:image:type\" content=\"image\/jpeg\" \/>\n<meta name=\"twitter:card\" content=\"summary_large_image\" \/>\n<meta name=\"twitter:label1\" content=\"Dur\u00e9e de lecture estim\u00e9e\" \/>\n\t<meta name=\"twitter:data1\" content=\"3 minutes\" \/>\n<script type=\"application\/ld+json\" class=\"yoast-schema-graph\">{\"@context\":\"https:\/\/schema.org\",\"@graph\":[{\"@type\":\"WebPage\",\"@id\":\"https:\/\/all-car-news.com\/fr\/trouveur-de-voiture\/bmw\/bmw-serie-5-gt\/\",\"url\":\"https:\/\/all-car-news.com\/fr\/trouveur-de-voiture\/bmw\/bmw-serie-5-gt\/\",\"name\":\"BMW s\u00e9rie 5 gt - All cars news\",\"isPartOf\":{\"@id\":\"https:\/\/all-car-news.com\/fr\/#website\"},\"datePublished\":\"2022-03-02T10:42:37+00:00\",\"dateModified\":\"2022-03-08T08:58:17+00:00\",\"breadcrumb\":{\"@id\":\"https:\/\/all-car-news.com\/fr\/trouveur-de-voiture\/bmw\/bmw-serie-5-gt\/#breadcrumb\"},\"inLanguage\":\"fr-FR\",\"potentialAction\":[{\"@type\":\"ReadAction\",\"target\":[\"https:\/\/all-car-news.com\/fr\/trouveur-de-voiture\/bmw\/bmw-serie-5-gt\/\"]}]},{\"@type\":\"BreadcrumbList\",\"@id\":\"https:\/\/all-car-news.com\/fr\/trouveur-de-voiture\/bmw\/bmw-serie-5-gt\/#breadcrumb\",\"itemListElement\":[{\"@type\":\"ListItem\",\"position\":1,\"name\":\"Home\",\"item\":\"https:\/\/all-car-news.com\/fr\/\"},{\"@type\":\"ListItem\",\"position\":2,\"name\":\"trouveur de voiture\",\"item\":\"https:\/\/all-car-news.com\/fr\/trouveur-de-voiture\/\"},{\"@type\":\"ListItem\",\"position\":3,\"name\":\"BMW\",\"item\":\"https:\/\/all-car-news.com\/fr\/trouveur-de-voiture\/bmw\/\"},{\"@type\":\"ListItem\",\"position\":4,\"name\":\"BMW s\u00e9rie 5 gt\"}]},{\"@type\":\"WebSite\",\"@id\":\"https:\/\/all-car-news.com\/fr\/#website\",\"url\":\"https:\/\/all-car-news.com\/fr\/\",\"name\":\"All cars news\",\"description\":\"\",\"publisher\":{\"@id\":\"https:\/\/all-car-news.com\/fr\/#organization\"},\"potentialAction\":[{\"@type\":\"SearchAction\",\"target\":{\"@type\":\"EntryPoint\",\"urlTemplate\":\"https:\/\/all-car-news.com\/fr\/?s={search_term_string}\"},\"query-input\":\"required name=search_term_string\"}],\"inLanguage\":\"fr-FR\"},{\"@type\":\"Organization\",\"@id\":\"https:\/\/all-car-news.com\/fr\/#organization\",\"name\":\"All cars news\",\"url\":\"https:\/\/all-car-news.com\/fr\/\",\"logo\":{\"@type\":\"ImageObject\",\"inLanguage\":\"fr-FR\",\"@id\":\"https:\/\/all-car-news.com\/fr\/#\/schema\/logo\/image\/\",\"url\":\"https:\/\/all-car-news.com\/wp-content\/uploads\/2022\/02\/CMYK-AllCarNews_LANDSCAPE_300px-1.png\",\"contentUrl\":\"https:\/\/all-car-news.com\/wp-content\/uploads\/2022\/02\/CMYK-AllCarNews_LANDSCAPE_300px-1.png\",\"width\":300,\"height\":100,\"caption\":\"All cars news\"},\"image\":{\"@id\":\"https:\/\/all-car-news.com\/fr\/#\/schema\/logo\/image\/\"}}]}<\/script>\n<!-- \/ Yoast SEO plugin. -->","yoast_head_json":{"title":"BMW s\u00e9rie 5 gt - All cars news","robots":{"index":"index","follow":"follow","max-snippet":"max-snippet:-1","max-image-preview":"max-image-preview:large","max-video-preview":"max-video-preview:-1"},"canonical":"https:\/\/all-car-news.com\/fr\/trouveur-de-voiture\/bmw\/bmw-serie-5-gt\/","og_locale":"fr_FR","og_type":"article","og_title":"BMW s\u00e9rie 5 gt - All cars news","og_description":"La S\u00e9rie 5 est le mod\u00e8le le plus ancien de la gamme BMW. La ligne de mod\u00e8les date de 1972, [&hellip;]","og_url":"https:\/\/all-car-news.com\/fr\/trouveur-de-voiture\/bmw\/bmw-serie-5-gt\/","og_site_name":"All cars news","article_modified_time":"2022-03-08T08:58:17+00:00","og_image":[{"width":480,"height":360,"url":"https:\/\/all-car-news.com\/wp-content\/uploads\/2022\/03\/FB434DC5-E80E-4D6F-AA40-A660860F16AF.jpeg","type":"image\/jpeg"}],"twitter_card":"summary_large_image","twitter_misc":{"Dur\u00e9e de lecture estim\u00e9e":"3 minutes"},"schema":{"@context":"https:\/\/schema.org","@graph":[{"@type":"WebPage","@id":"https:\/\/all-car-news.com\/fr\/trouveur-de-voiture\/bmw\/bmw-serie-5-gt\/","url":"https:\/\/all-car-news.com\/fr\/trouveur-de-voiture\/bmw\/bmw-serie-5-gt\/","name":"BMW s\u00e9rie 5 gt - All cars news","isPartOf":{"@id":"https:\/\/all-car-news.com\/fr\/#website"},"datePublished":"2022-03-02T10:42:37+00:00","dateModified":"2022-03-08T08:58:17+00:00","breadcrumb":{"@id":"https:\/\/all-car-news.com\/fr\/trouveur-de-voiture\/bmw\/bmw-serie-5-gt\/#breadcrumb"},"inLanguage":"fr-FR","potentialAction":[{"@type":"ReadAction","target":["https:\/\/all-car-news.com\/fr\/trouveur-de-voiture\/bmw\/bmw-serie-5-gt\/"]}]},{"@type":"BreadcrumbList","@id":"https:\/\/all-car-news.com\/fr\/trouveur-de-voiture\/bmw\/bmw-serie-5-gt\/#breadcrumb","itemListElement":[{"@type":"ListItem","position":1,"name":"Home","item":"https:\/\/all-car-news.com\/fr\/"},{"@type":"ListItem","position":2,"name":"trouveur de voiture","item":"https:\/\/all-car-news.com\/fr\/trouveur-de-voiture\/"},{"@type":"ListItem","position":3,"name":"BMW","item":"https:\/\/all-car-news.com\/fr\/trouveur-de-voiture\/bmw\/"},{"@type":"ListItem","position":4,"name":"BMW s\u00e9rie 5 gt"}]},{"@type":"WebSite","@id":"https:\/\/all-car-news.com\/fr\/#website","url":"https:\/\/all-car-news.com\/fr\/","name":"All cars news","description":"","publisher":{"@id":"https:\/\/all-car-news.com\/fr\/#organization"},"potentialAction":[{"@type":"SearchAction","target":{"@type":"EntryPoint","urlTemplate":"https:\/\/all-car-news.com\/fr\/?s={search_term_string}"},"query-input":"required name=search_term_string"}],"inLanguage":"fr-FR"},{"@type":"Organization","@id":"https:\/\/all-car-news.com\/fr\/#organization","name":"All cars news","url":"https:\/\/all-car-news.com\/fr\/","logo":{"@type":"ImageObject","inLanguage":"fr-FR","@id":"https:\/\/all-car-news.com\/fr\/#\/schema\/logo\/image\/","url":"https:\/\/all-car-news.com\/wp-content\/uploads\/2022\/02\/CMYK-AllCarNews_LANDSCAPE_300px-1.png","contentUrl":"https:\/\/all-car-news.com\/wp-content\/uploads\/2022\/02\/CMYK-AllCarNews_LANDSCAPE_300px-1.png","width":300,"height":100,"caption":"All cars news"},"image":{"@id":"https:\/\/all-car-news.com\/fr\/#\/schema\/logo\/image\/"}}]}},"_links":{"self":[{"href":"https:\/\/all-car-news.com\/fr\/wp-json\/wp\/v2\/pages\/116950","targetHints":{"allow":["GET"]}}],"collection":[{"href":"https:\/\/all-car-news.com\/fr\/wp-json\/wp\/v2\/pages"}],"about":[{"href":"https:\/\/all-car-news.com\/fr\/wp-json\/wp\/v2\/types\/page"}],"author":[{"embeddable":true,"href":"https:\/\/all-car-news.com\/fr\/wp-json\/wp\/v2\/users\/4"}],"replies":[{"embeddable":true,"href":"https:\/\/all-car-news.com\/fr\/wp-json\/wp\/v2\/comments?post=116950"}],"version-history":[{"count":0,"href":"https:\/\/all-car-news.com\/fr\/wp-json\/wp\/v2\/pages\/116950\/revisions"}],"up":[{"embeddable":true,"href":"https:\/\/all-car-news.com\/fr\/wp-json\/wp\/v2\/pages\/116517"}],"wp:featuredmedia":[{"embeddable":true,"href":"https:\/\/all-car-news.com\/fr\/wp-json\/wp\/v2\/media\/116959"}],"wp:attachment":[{"href":"https:\/\/all-car-news.com\/fr\/wp-json\/wp\/v2\/media?parent=116950"}],"curies":[{"name":"wp","href":"https:\/\/api.w.org\/{rel}","templated":true}]}}