{"id":116889,"date":"2022-03-01T11:39:06","date_gmt":"2022-03-01T11:39:06","guid":{"rendered":"https:\/\/all-car-news.com\/bmw-serie-3-gt\/"},"modified":"2022-03-08T09:06:41","modified_gmt":"2022-03-08T09:06:41","slug":"bmw-serie-3-gt-2","status":"publish","type":"page","link":"https:\/\/all-car-news.com\/fr\/trouveur-de-voiture\/bmw\/bmw-serie-3-gt-2\/","title":{"rendered":"BMW S\u00e9rie 3 GT"},"content":{"rendered":"\n<p>La BMW S\u00e9rie 3 est une formule \u00e0 succ\u00e8s n\u00e9e en 1975, voire 1966 si l&rsquo;on inclut la s\u00e9rie 02. La voiture est rapidement pass\u00e9e d&rsquo;un coup\u00e9 \u00e0 deux portes \u00e0 une berline (ou GT ou break, la Touring) dans laquelle un homme d&rsquo;affaires et un conducteur sportif peuvent se retrouver. Les versions Coup\u00e9 et Cabrio sont s\u00e9par\u00e9es dans la BMW S\u00e9rie 4 depuis la sixi\u00e8me g\u00e9n\u00e9ration.<\/p>\n\n<p>La BMW S\u00e9rie 3 est une formule \u00e0 succ\u00e8s n\u00e9e en 1975, voire 1966 si l&rsquo;on inclut la s\u00e9rie 02. La voiture est rapidement pass\u00e9e d&rsquo;un coup\u00e9 \u00e0 deux portes \u00e0 une berline (ou GT ou break, la Touring) dans laquelle un homme d&rsquo;affaires et un conducteur sportif peuvent se retrouver. Les versions Coup\u00e9 et Cabrio sont s\u00e9par\u00e9es dans la BMW S\u00e9rie 4 depuis la sixi\u00e8me g\u00e9n\u00e9ration.<br\/><br\/><br\/><br\/><\/p>\n\n<h2 class=\"wp-block-heading\"><strong>De nombreuses variantes<\/strong><\/h2>\n\n<p><\/p>\n\n<p><br\/>La S\u00e9rie 3 actuelle a \u00e9t\u00e9 pr\u00e9sent\u00e9e fin 2018 et, comme sa devanci\u00e8re, sera \u00e0 nouveau en vente dans de nombreuses versions. Des versions sp\u00e9cifiquement destin\u00e9es au conducteur professionnel \u00e0 la sportive M3.<br\/><br\/><\/p>\n\n<h2 class=\"wp-block-heading\"><strong>Concurrence<\/strong><br\/><\/h2>\n\n<p>La BMW S\u00e9rie 3 fait partie du segment D tr\u00e8s disput\u00e9, o\u00f9 elle doit rivaliser avec des voitures comme l&rsquo;Audi A4 et la Mercedes-Benz Classe C. En chiffres de vente, la S\u00e9rie 3 a r\u00e9ussi \u00e0 la garder derri\u00e8re et il deviendra clair si la nouvelle S\u00e9rie 3 de septi\u00e8me g\u00e9n\u00e9ration r\u00e9ussira \u00e9galement.<\/p>\n\n<h2 class=\"wp-block-heading\">Technique<\/h2>\n\n<figure class=\"wp-block-table\"><table><tbody><tr><td>Type de moteur<\/td><td>essence, ligne 4 cylindres<\/td><\/tr><tr><td>D\u00e9placement<\/td><td>1 998 cm\u00b3<\/td><\/tr><tr><td>max. les atouts<\/td><td>135 kW (184 ch)<\/td><\/tr><tr><td>abeille<\/td><td>5 000 tr\/min<\/td><\/tr><tr><td>max. coupler<\/td><td>270 Nm<\/td><\/tr><tr><td>abeille<\/td><td>1\u00a0350 tr\/min<\/td><\/tr><tr><td>Conduire<\/td><td>roues arri\u00e8res<\/td><\/tr><tr><td>Freins de\/a<\/td><td>\u00e9tant donn\u00e9 disques\/disques<\/td><\/tr><tr><td>Cercle de braquage<\/td><td>11,8 m<\/td><\/tr><tr><td>Plage de puissance<\/td><td>110 \u00e0 240kW<\/td><\/tr><\/tbody><\/table><\/figure>\n\n<h2 class=\"wp-block-heading\">G\u00e9n\u00e9ral<\/h2>\n\n<figure class=\"wp-block-table\"><table><tbody><tr><td>Transmission<\/td><td>8AT<\/td><\/tr><tr><td>Type de corps<\/td><td>5-dr. remont\u00e9e<\/td><\/tr><tr><td>EuroNCAP<\/td><td>5 \u00e9toiles<\/td><\/tr><tr><td>Lancement sur le march\u00e9<\/td><td>juillet 2013<\/td><\/tr><tr><td>Dernier lifting<\/td><td>juillet 2016<\/td><\/tr><tr><td>Garantie<\/td><td>3 ann\u00e9es<\/td><\/tr><tr><td>A partir du prix<\/td><td>50 557 \u20ac<\/td><\/tr><tr><td>Les particularit\u00e9s<\/td><td>La S\u00e9rie 3 Gran Turismo est plus longue de 19 cm que la S\u00e9rie 3 Berline.<\/td><\/tr><\/tbody><\/table><\/figure>\n\n<h2 class=\"wp-block-heading\">Dimensions\/poids<\/h2>\n\n<figure class=\"wp-block-table\"><table><tbody><tr><td>La taille des pneus<\/td><td>225\/55R17<\/td><\/tr><tr><td>L xlxh<\/td><td>4 824 x 1 828 x 1 508 mm<\/td><\/tr><tr><td>Empattement<\/td><td>2 920 mm<\/td><\/tr><tr><td>Masse vide<\/td><td>1 655 kilogrammes<\/td><\/tr><tr><td>max. selon poids<\/td><td>1 400 kilogrammes<\/td><\/tr><tr><td>suite sac. salle.<\/td><td>520 litres<\/td><\/tr><tr><td>Capacit\u00e9 du r\u00e9servoir<\/td><td>60 litres<\/td><\/tr><\/tbody><\/table><\/figure>\n\n<h2 class=\"wp-block-heading\">Consommation<\/h2>\n\n<figure class=\"wp-block-table\"><table><tbody><tr><td>Connecticut. combin\u00e9<\/td><td>6,1 l\/100 km<\/td><\/tr><tr><td>\u00c9missions de CO\u2082<\/td><td>139g\/km<\/td><\/tr><tr><td>Etiquette \u00e9nerg\u00e9tique<\/td><td>C<\/td><\/tr><\/tbody><\/table><\/figure>\n\n<h2 class=\"wp-block-heading\">Performance<\/h2>\n\n<figure class=\"wp-block-table\"><table><tbody><tr><td>Acc. 0-100km\/h<\/td><td>8,0 s<\/td><\/tr><tr><td>vitesse de pointe<\/td><td>230 km\/h<\/td><\/tr><\/tbody><\/table><\/figure>\n","protected":false},"excerpt":{"rendered":"<p>La BMW S\u00e9rie 3 est une formule \u00e0 succ\u00e8s n\u00e9e en 1975, voire 1966 si l&rsquo;on inclut la s\u00e9rie 02. [&hellip;]<\/p>\n","protected":false},"author":4,"featured_media":116899,"parent":116517,"menu_order":0,"comment_status":"closed","ping_status":"closed","template":"","meta":{"footnotes":""},"class_list":["post-116889","page","type-page","status-publish","has-post-thumbnail","hentry"],"acf":[],"yoast_head":"<!-- This site is optimized with the Yoast SEO plugin v21.2 - https:\/\/yoast.com\/wordpress\/plugins\/seo\/ -->\n<title>BMW S\u00e9rie 3 GT - All cars news<\/title>\n<meta name=\"robots\" content=\"index, follow, max-snippet:-1, max-image-preview:large, max-video-preview:-1\" \/>\n<link rel=\"canonical\" href=\"https:\/\/all-car-news.com\/fr\/trouveur-de-voiture\/bmw\/bmw-serie-3-gt-2\/\" \/>\n<meta property=\"og:locale\" content=\"fr_FR\" \/>\n<meta property=\"og:type\" content=\"article\" \/>\n<meta property=\"og:title\" content=\"BMW S\u00e9rie 3 GT - All cars news\" \/>\n<meta property=\"og:description\" content=\"La BMW S\u00e9rie 3 est une formule \u00e0 succ\u00e8s n\u00e9e en 1975, voire 1966 si l&rsquo;on inclut la s\u00e9rie 02. [&hellip;]\" \/>\n<meta property=\"og:url\" content=\"https:\/\/all-car-news.com\/fr\/trouveur-de-voiture\/bmw\/bmw-serie-3-gt-2\/\" \/>\n<meta property=\"og:site_name\" content=\"All cars news\" \/>\n<meta property=\"article:modified_time\" content=\"2022-03-08T09:06:41+00:00\" \/>\n<meta property=\"og:image\" content=\"https:\/\/all-car-news.com\/wp-content\/uploads\/2022\/03\/26FE0838-6597-4CC5-88DC-C2477E7A79A2.jpeg\" \/>\n\t<meta property=\"og:image:width\" content=\"480\" \/>\n\t<meta property=\"og:image:height\" content=\"360\" \/>\n\t<meta property=\"og:image:type\" content=\"image\/jpeg\" \/>\n<meta name=\"twitter:card\" content=\"summary_large_image\" \/>\n<meta name=\"twitter:label1\" content=\"Dur\u00e9e de lecture estim\u00e9e\" \/>\n\t<meta name=\"twitter:data1\" content=\"2 minutes\" \/>\n<script type=\"application\/ld+json\" class=\"yoast-schema-graph\">{\"@context\":\"https:\/\/schema.org\",\"@graph\":[{\"@type\":\"WebPage\",\"@id\":\"https:\/\/all-car-news.com\/fr\/trouveur-de-voiture\/bmw\/bmw-serie-3-gt-2\/\",\"url\":\"https:\/\/all-car-news.com\/fr\/trouveur-de-voiture\/bmw\/bmw-serie-3-gt-2\/\",\"name\":\"BMW S\u00e9rie 3 GT - All cars news\",\"isPartOf\":{\"@id\":\"https:\/\/all-car-news.com\/fr\/#website\"},\"datePublished\":\"2022-03-01T11:39:06+00:00\",\"dateModified\":\"2022-03-08T09:06:41+00:00\",\"breadcrumb\":{\"@id\":\"https:\/\/all-car-news.com\/fr\/trouveur-de-voiture\/bmw\/bmw-serie-3-gt-2\/#breadcrumb\"},\"inLanguage\":\"fr-FR\",\"potentialAction\":[{\"@type\":\"ReadAction\",\"target\":[\"https:\/\/all-car-news.com\/fr\/trouveur-de-voiture\/bmw\/bmw-serie-3-gt-2\/\"]}]},{\"@type\":\"BreadcrumbList\",\"@id\":\"https:\/\/all-car-news.com\/fr\/trouveur-de-voiture\/bmw\/bmw-serie-3-gt-2\/#breadcrumb\",\"itemListElement\":[{\"@type\":\"ListItem\",\"position\":1,\"name\":\"Home\",\"item\":\"https:\/\/all-car-news.com\/fr\/\"},{\"@type\":\"ListItem\",\"position\":2,\"name\":\"trouveur de voiture\",\"item\":\"https:\/\/all-car-news.com\/fr\/trouveur-de-voiture\/\"},{\"@type\":\"ListItem\",\"position\":3,\"name\":\"BMW\",\"item\":\"https:\/\/all-car-news.com\/fr\/trouveur-de-voiture\/bmw\/\"},{\"@type\":\"ListItem\",\"position\":4,\"name\":\"BMW S\u00e9rie 3 GT\"}]},{\"@type\":\"WebSite\",\"@id\":\"https:\/\/all-car-news.com\/fr\/#website\",\"url\":\"https:\/\/all-car-news.com\/fr\/\",\"name\":\"All cars news\",\"description\":\"\",\"publisher\":{\"@id\":\"https:\/\/all-car-news.com\/fr\/#organization\"},\"potentialAction\":[{\"@type\":\"SearchAction\",\"target\":{\"@type\":\"EntryPoint\",\"urlTemplate\":\"https:\/\/all-car-news.com\/fr\/?s={search_term_string}\"},\"query-input\":\"required name=search_term_string\"}],\"inLanguage\":\"fr-FR\"},{\"@type\":\"Organization\",\"@id\":\"https:\/\/all-car-news.com\/fr\/#organization\",\"name\":\"All cars news\",\"url\":\"https:\/\/all-car-news.com\/fr\/\",\"logo\":{\"@type\":\"ImageObject\",\"inLanguage\":\"fr-FR\",\"@id\":\"https:\/\/all-car-news.com\/fr\/#\/schema\/logo\/image\/\",\"url\":\"https:\/\/all-car-news.com\/wp-content\/uploads\/2022\/02\/CMYK-AllCarNews_LANDSCAPE_300px-1.png\",\"contentUrl\":\"https:\/\/all-car-news.com\/wp-content\/uploads\/2022\/02\/CMYK-AllCarNews_LANDSCAPE_300px-1.png\",\"width\":300,\"height\":100,\"caption\":\"All cars news\"},\"image\":{\"@id\":\"https:\/\/all-car-news.com\/fr\/#\/schema\/logo\/image\/\"}}]}<\/script>\n<!-- \/ Yoast SEO plugin. -->","yoast_head_json":{"title":"BMW S\u00e9rie 3 GT - All cars news","robots":{"index":"index","follow":"follow","max-snippet":"max-snippet:-1","max-image-preview":"max-image-preview:large","max-video-preview":"max-video-preview:-1"},"canonical":"https:\/\/all-car-news.com\/fr\/trouveur-de-voiture\/bmw\/bmw-serie-3-gt-2\/","og_locale":"fr_FR","og_type":"article","og_title":"BMW S\u00e9rie 3 GT - All cars news","og_description":"La BMW S\u00e9rie 3 est une formule \u00e0 succ\u00e8s n\u00e9e en 1975, voire 1966 si l&rsquo;on inclut la s\u00e9rie 02. [&hellip;]","og_url":"https:\/\/all-car-news.com\/fr\/trouveur-de-voiture\/bmw\/bmw-serie-3-gt-2\/","og_site_name":"All cars news","article_modified_time":"2022-03-08T09:06:41+00:00","og_image":[{"width":480,"height":360,"url":"https:\/\/all-car-news.com\/wp-content\/uploads\/2022\/03\/26FE0838-6597-4CC5-88DC-C2477E7A79A2.jpeg","type":"image\/jpeg"}],"twitter_card":"summary_large_image","twitter_misc":{"Dur\u00e9e de lecture estim\u00e9e":"2 minutes"},"schema":{"@context":"https:\/\/schema.org","@graph":[{"@type":"WebPage","@id":"https:\/\/all-car-news.com\/fr\/trouveur-de-voiture\/bmw\/bmw-serie-3-gt-2\/","url":"https:\/\/all-car-news.com\/fr\/trouveur-de-voiture\/bmw\/bmw-serie-3-gt-2\/","name":"BMW S\u00e9rie 3 GT - All cars news","isPartOf":{"@id":"https:\/\/all-car-news.com\/fr\/#website"},"datePublished":"2022-03-01T11:39:06+00:00","dateModified":"2022-03-08T09:06:41+00:00","breadcrumb":{"@id":"https:\/\/all-car-news.com\/fr\/trouveur-de-voiture\/bmw\/bmw-serie-3-gt-2\/#breadcrumb"},"inLanguage":"fr-FR","potentialAction":[{"@type":"ReadAction","target":["https:\/\/all-car-news.com\/fr\/trouveur-de-voiture\/bmw\/bmw-serie-3-gt-2\/"]}]},{"@type":"BreadcrumbList","@id":"https:\/\/all-car-news.com\/fr\/trouveur-de-voiture\/bmw\/bmw-serie-3-gt-2\/#breadcrumb","itemListElement":[{"@type":"ListItem","position":1,"name":"Home","item":"https:\/\/all-car-news.com\/fr\/"},{"@type":"ListItem","position":2,"name":"trouveur de voiture","item":"https:\/\/all-car-news.com\/fr\/trouveur-de-voiture\/"},{"@type":"ListItem","position":3,"name":"BMW","item":"https:\/\/all-car-news.com\/fr\/trouveur-de-voiture\/bmw\/"},{"@type":"ListItem","position":4,"name":"BMW S\u00e9rie 3 GT"}]},{"@type":"WebSite","@id":"https:\/\/all-car-news.com\/fr\/#website","url":"https:\/\/all-car-news.com\/fr\/","name":"All cars news","description":"","publisher":{"@id":"https:\/\/all-car-news.com\/fr\/#organization"},"potentialAction":[{"@type":"SearchAction","target":{"@type":"EntryPoint","urlTemplate":"https:\/\/all-car-news.com\/fr\/?s={search_term_string}"},"query-input":"required name=search_term_string"}],"inLanguage":"fr-FR"},{"@type":"Organization","@id":"https:\/\/all-car-news.com\/fr\/#organization","name":"All cars news","url":"https:\/\/all-car-news.com\/fr\/","logo":{"@type":"ImageObject","inLanguage":"fr-FR","@id":"https:\/\/all-car-news.com\/fr\/#\/schema\/logo\/image\/","url":"https:\/\/all-car-news.com\/wp-content\/uploads\/2022\/02\/CMYK-AllCarNews_LANDSCAPE_300px-1.png","contentUrl":"https:\/\/all-car-news.com\/wp-content\/uploads\/2022\/02\/CMYK-AllCarNews_LANDSCAPE_300px-1.png","width":300,"height":100,"caption":"All cars news"},"image":{"@id":"https:\/\/all-car-news.com\/fr\/#\/schema\/logo\/image\/"}}]}},"_links":{"self":[{"href":"https:\/\/all-car-news.com\/fr\/wp-json\/wp\/v2\/pages\/116889","targetHints":{"allow":["GET"]}}],"collection":[{"href":"https:\/\/all-car-news.com\/fr\/wp-json\/wp\/v2\/pages"}],"about":[{"href":"https:\/\/all-car-news.com\/fr\/wp-json\/wp\/v2\/types\/page"}],"author":[{"embeddable":true,"href":"https:\/\/all-car-news.com\/fr\/wp-json\/wp\/v2\/users\/4"}],"replies":[{"embeddable":true,"href":"https:\/\/all-car-news.com\/fr\/wp-json\/wp\/v2\/comments?post=116889"}],"version-history":[{"count":0,"href":"https:\/\/all-car-news.com\/fr\/wp-json\/wp\/v2\/pages\/116889\/revisions"}],"up":[{"embeddable":true,"href":"https:\/\/all-car-news.com\/fr\/wp-json\/wp\/v2\/pages\/116517"}],"wp:featuredmedia":[{"embeddable":true,"href":"https:\/\/all-car-news.com\/fr\/wp-json\/wp\/v2\/media\/116899"}],"wp:attachment":[{"href":"https:\/\/all-car-news.com\/fr\/wp-json\/wp\/v2\/media?parent=116889"}],"curies":[{"name":"wp","href":"https:\/\/api.w.org\/{rel}","templated":true}]}}