{"id":116761,"date":"2022-02-23T09:03:23","date_gmt":"2022-02-23T09:03:23","guid":{"rendered":"https:\/\/all-car-news.com\/trouveur-de-voiture\/bmw\/bmw-serie-2-coupe\/"},"modified":"2022-02-23T09:03:31","modified_gmt":"2022-02-23T09:03:31","slug":"bmw-serie-2-coupe","status":"publish","type":"page","link":"https:\/\/all-car-news.com\/fr\/trouveur-de-voiture\/bmw\/bmw-serie-2-coupe\/","title":{"rendered":"BMW s\u00e9rie 2 coup\u00e9"},"content":{"rendered":"\n<p>\u00c0 la suite d&rsquo;une nouvelle politique de mod\u00e8les selon laquelle les versions coup\u00e9 et cabriolet sont consid\u00e9r\u00e9es comme une classe sup\u00e9rieure au mod\u00e8le sur lequel elles sont bas\u00e9es, la BMW S\u00e9rie 1 Coup\u00e9 et Cabriolet a continu\u00e9 sa vie en tant que S\u00e9rie 2 \u00e0 partir du nouveau mod\u00e8le en 2013.<\/p>\n\n<p>\u00c0 la suite d&rsquo;une nouvelle politique de mod\u00e8les selon laquelle les versions coup\u00e9 et cabriolet sont consid\u00e9r\u00e9es comme une classe sup\u00e9rieure au mod\u00e8le sur lequel elles sont bas\u00e9es, la BMW S\u00e9rie 1 Coup\u00e9 et Cabriolet a continu\u00e9 sa vie en tant que S\u00e9rie 2 \u00e0 partir du nouveau mod\u00e8le en 2013.<br\/><br\/><\/p>\n\n<h2 class=\"wp-block-heading\" id=\"van-driecilinder-tot-m2\"><strong>Du trois cylindres au M2<\/strong><\/h2>\n\n<p><\/p>\n\n<p><br\/>La gamme de moteurs a commenc\u00e9 avec un moteur trois cylindres de 1,5 litre de 136 ch, disponible uniquement pour l&rsquo;essence. Ensuite, la gamme de moteurs s&rsquo;\u00e9largit avec des moteurs \u00e0 quatre et six cylindres \u00e0 essence et diesel. Le moteur le plus puissant est actuellement le six cylindres en ligne de 374 ch du M240i xDrive. Seul le Coup\u00e9 est disponible en mod\u00e8le M.<br\/><br\/><\/p>\n\n<h2 class=\"wp-block-heading\" id=\"m2-competition\"><strong>Concours M2<\/strong><br\/><\/h2>\n\n<p><\/p>\n\n<p>Le M2 a \u00e9t\u00e9 remplac\u00e9 en 2018 par la version M2 Competition, en quelque sorte une version mise \u00e0 jour du M2. La puissance du six en ligne passe \u00e0 411 ch. Le sprint 0-100 est maintenant boucl\u00e9 un dixi\u00e8me plus vite, en 4,4 \u00e0 4,2 secondes selon la transmission. La S\u00e9rie 2 de deuxi\u00e8me g\u00e9n\u00e9ration est arriv\u00e9e sur le march\u00e9 en 2021. Ce n&rsquo;est pas encore disponible en cabriolet, une version M \u00ab\u00a0pur-sang\u00a0\u00bb suivra sans aucun doute plus tard. <strong>Grand Coup\u00e9<\/strong><br\/>En 2019, la gamme de mod\u00e8les de la S\u00e9rie 2 a encore \u00e9t\u00e9 \u00e9largie. En plus du Coup\u00e9 r\u00e9gulier, le Gran Coup\u00e9 est \u00e9galement apparu. Comme pour la s\u00e9rie sup\u00e9rieure, il s&rsquo;agit d&rsquo;un coup\u00e9 \u00e0 quatre portes. Ou une berline avec une ligne de toit de type coup\u00e9, peu importe comment vous l&rsquo;appelez. Incidemment, la S\u00e9rie 2 Gran Coup\u00e9 est \u00e9troitement li\u00e9e \u00e0 la nouvelle berline de la S\u00e9rie 1, o\u00f9 les Coup\u00e9 et Cabrio de la S\u00e9rie 2 r\u00e9guliers (pour le moment) sont toujours bas\u00e9s sur la S\u00e9rie 1 pr\u00e9c\u00e9dente et ont \u00e9galement une apparence compl\u00e8tement individuelle.plus Bmw 2 Coup\u00e9 de s\u00e9rie.<\/p>\n\n<h2 class=\"wp-block-heading\" id=\"technisch\">Technique<\/h2>\n\n<figure class=\"wp-block-table is-style-stripes\"><table class=\"has-fixed-layout\"><tbody><tr><td>Type de moteur<\/td><td>essence, ligne 4 cylindres<\/td><\/tr><tr><td>D\u00e9placement<\/td><td>1 998 cm\u00b3<\/td><\/tr><tr><td>max. les atouts<\/td><td>135 kW (184 ch)<\/td><\/tr><tr><td>abeille<\/td><td>5 000 tr\/min<\/td><\/tr><tr><td>max. coupler<\/td><td>300 Nm<\/td><\/tr><tr><td>abeille<\/td><td>1\u00a0350 tr\/min<\/td><\/tr><tr><td>Conduire<\/td><td>roues arri\u00e8res<\/td><\/tr><tr><td>Freins de\/a<\/td><td>\u00e9tant donn\u00e9 dames<\/td><\/tr><tr><td>Cercle de braquage<\/td><td>11,1 m<\/td><\/tr><tr><td>Plage de puissance<\/td><td>135 \u00e0 275 kW<\/td><\/tr><\/tbody><\/table><\/figure>\n\n<h2 class=\"wp-block-heading\" id=\"algemeen\">G\u00e9n\u00e9ral<\/h2>\n\n<figure class=\"wp-block-table is-style-stripes\"><table class=\"has-fixed-layout\"><tbody><tr><td>Transmission<\/td><td>8AT<\/td><\/tr><tr><td>Type de corps<\/td><td>2 p. compartiment<\/td><\/tr><tr><td>EuroNCAP<\/td><td>pas test\u00e9<\/td><\/tr><tr><td>Lancement sur le march\u00e9<\/td><td>Ao\u00fbt 2021<\/td><\/tr><tr><td>Dernier lifting<\/td><td>N \/ A<\/td><\/tr><tr><td>Garantie<\/td><td>3 ann\u00e9es<\/td><\/tr><tr><td>A partir du prix<\/td><td>47 645 \u20ac<\/td><\/tr><\/tbody><\/table><\/figure>\n\n<h2 class=\"wp-block-heading\" id=\"afmetingen-gewichten\">Dimensions\/poids<\/h2>\n\n<figure class=\"wp-block-table is-style-stripes\"><table class=\"has-fixed-layout\"><tbody><tr><td>La taille des pneus<\/td><td>225\/50R17<\/td><\/tr><tr><td>L xlxh<\/td><td>4 537 x 1 838 x 1 390 mm<\/td><\/tr><tr><td>Empattement<\/td><td>2 741 mm<\/td><\/tr><tr><td>Masse vide<\/td><td>1 465 kilogrammes<\/td><\/tr><tr><td>max. selon poids<\/td><td>1 600 kilogrammes<\/td><\/tr><tr><td>suite sac. salle.<\/td><td>390 litres<\/td><\/tr><tr><td>Capacit\u00e9 du r\u00e9servoir<\/td><td>52 litres<\/td><\/tr><\/tbody><\/table><\/figure>\n\n<h2 class=\"wp-block-heading\" id=\"verbruik\">Consommation<\/h2>\n\n<figure class=\"wp-block-table is-style-stripes\"><table class=\"has-fixed-layout\"><tbody><tr><td>Connecticut. combin\u00e9<\/td><td>6,3 l\/100 km<\/td><\/tr><tr><td>\u00c9missions de CO\u2082<\/td><td>143g\/km<\/td><\/tr><tr><td>Etiquette \u00e9nerg\u00e9tique<\/td><td>B<\/td><\/tr><\/tbody><\/table><\/figure>\n\n<h2 class=\"wp-block-heading\" id=\"prestaties\">Performance<\/h2>\n\n<figure class=\"wp-block-table is-style-stripes\"><table class=\"has-fixed-layout\"><tbody><tr><td>Acc. 0-100km\/h<\/td><td>7,5 s<\/td><\/tr><tr><td>vitesse de pointe<\/td><td>236 km\/h<\/td><\/tr><\/tbody><\/table><\/figure>\n","protected":false},"excerpt":{"rendered":"<p>\u00c0 la suite d&rsquo;une nouvelle politique de mod\u00e8les selon laquelle les versions coup\u00e9 et cabriolet sont consid\u00e9r\u00e9es comme une classe [&hellip;]<\/p>\n","protected":false},"author":4,"featured_media":116717,"parent":116517,"menu_order":0,"comment_status":"closed","ping_status":"closed","template":"","meta":{"footnotes":""},"class_list":["post-116761","page","type-page","status-publish","has-post-thumbnail","hentry"],"acf":[],"yoast_head":"<!-- This site is optimized with the Yoast SEO plugin v21.2 - https:\/\/yoast.com\/wordpress\/plugins\/seo\/ -->\n<title>BMW s\u00e9rie 2 coup\u00e9 - All cars news<\/title>\n<meta name=\"robots\" content=\"index, follow, max-snippet:-1, max-image-preview:large, max-video-preview:-1\" \/>\n<link rel=\"canonical\" href=\"https:\/\/all-car-news.com\/fr\/trouveur-de-voiture\/bmw\/bmw-serie-2-coupe\/\" \/>\n<meta property=\"og:locale\" content=\"fr_FR\" \/>\n<meta property=\"og:type\" content=\"article\" \/>\n<meta property=\"og:title\" content=\"BMW s\u00e9rie 2 coup\u00e9 - All cars news\" \/>\n<meta property=\"og:description\" content=\"\u00c0 la suite d&rsquo;une nouvelle politique de mod\u00e8les selon laquelle les versions coup\u00e9 et cabriolet sont consid\u00e9r\u00e9es comme une classe [&hellip;]\" \/>\n<meta property=\"og:url\" content=\"https:\/\/all-car-news.com\/fr\/trouveur-de-voiture\/bmw\/bmw-serie-2-coupe\/\" \/>\n<meta property=\"og:site_name\" content=\"All cars news\" \/>\n<meta property=\"article:modified_time\" content=\"2022-02-23T09:03:31+00:00\" \/>\n<meta property=\"og:image\" content=\"https:\/\/all-car-news.com\/wp-content\/uploads\/2022\/02\/BMW-2-Serie-Coupe-1.jpg\" \/>\n\t<meta property=\"og:image:width\" content=\"1600\" \/>\n\t<meta property=\"og:image:height\" content=\"1162\" \/>\n\t<meta property=\"og:image:type\" content=\"image\/jpeg\" \/>\n<meta name=\"twitter:card\" content=\"summary_large_image\" \/>\n<meta name=\"twitter:label1\" content=\"Dur\u00e9e de lecture estim\u00e9e\" \/>\n\t<meta name=\"twitter:data1\" content=\"2 minutes\" \/>\n<script type=\"application\/ld+json\" class=\"yoast-schema-graph\">{\"@context\":\"https:\/\/schema.org\",\"@graph\":[{\"@type\":\"WebPage\",\"@id\":\"https:\/\/all-car-news.com\/fr\/trouveur-de-voiture\/bmw\/bmw-serie-2-coupe\/\",\"url\":\"https:\/\/all-car-news.com\/fr\/trouveur-de-voiture\/bmw\/bmw-serie-2-coupe\/\",\"name\":\"BMW s\u00e9rie 2 coup\u00e9 - All cars news\",\"isPartOf\":{\"@id\":\"https:\/\/all-car-news.com\/fr\/#website\"},\"datePublished\":\"2022-02-23T09:03:23+00:00\",\"dateModified\":\"2022-02-23T09:03:31+00:00\",\"breadcrumb\":{\"@id\":\"https:\/\/all-car-news.com\/fr\/trouveur-de-voiture\/bmw\/bmw-serie-2-coupe\/#breadcrumb\"},\"inLanguage\":\"fr-FR\",\"potentialAction\":[{\"@type\":\"ReadAction\",\"target\":[\"https:\/\/all-car-news.com\/fr\/trouveur-de-voiture\/bmw\/bmw-serie-2-coupe\/\"]}]},{\"@type\":\"BreadcrumbList\",\"@id\":\"https:\/\/all-car-news.com\/fr\/trouveur-de-voiture\/bmw\/bmw-serie-2-coupe\/#breadcrumb\",\"itemListElement\":[{\"@type\":\"ListItem\",\"position\":1,\"name\":\"Home\",\"item\":\"https:\/\/all-car-news.com\/fr\/\"},{\"@type\":\"ListItem\",\"position\":2,\"name\":\"trouveur de voiture\",\"item\":\"https:\/\/all-car-news.com\/fr\/trouveur-de-voiture\/\"},{\"@type\":\"ListItem\",\"position\":3,\"name\":\"BMW\",\"item\":\"https:\/\/all-car-news.com\/fr\/trouveur-de-voiture\/bmw\/\"},{\"@type\":\"ListItem\",\"position\":4,\"name\":\"BMW s\u00e9rie 2 coup\u00e9\"}]},{\"@type\":\"WebSite\",\"@id\":\"https:\/\/all-car-news.com\/fr\/#website\",\"url\":\"https:\/\/all-car-news.com\/fr\/\",\"name\":\"All cars news\",\"description\":\"\",\"publisher\":{\"@id\":\"https:\/\/all-car-news.com\/fr\/#organization\"},\"potentialAction\":[{\"@type\":\"SearchAction\",\"target\":{\"@type\":\"EntryPoint\",\"urlTemplate\":\"https:\/\/all-car-news.com\/fr\/?s={search_term_string}\"},\"query-input\":\"required name=search_term_string\"}],\"inLanguage\":\"fr-FR\"},{\"@type\":\"Organization\",\"@id\":\"https:\/\/all-car-news.com\/fr\/#organization\",\"name\":\"All cars news\",\"url\":\"https:\/\/all-car-news.com\/fr\/\",\"logo\":{\"@type\":\"ImageObject\",\"inLanguage\":\"fr-FR\",\"@id\":\"https:\/\/all-car-news.com\/fr\/#\/schema\/logo\/image\/\",\"url\":\"https:\/\/all-car-news.com\/wp-content\/uploads\/2022\/02\/CMYK-AllCarNews_LANDSCAPE_300px-1.png\",\"contentUrl\":\"https:\/\/all-car-news.com\/wp-content\/uploads\/2022\/02\/CMYK-AllCarNews_LANDSCAPE_300px-1.png\",\"width\":300,\"height\":100,\"caption\":\"All cars news\"},\"image\":{\"@id\":\"https:\/\/all-car-news.com\/fr\/#\/schema\/logo\/image\/\"}}]}<\/script>\n<!-- \/ Yoast SEO plugin. -->","yoast_head_json":{"title":"BMW s\u00e9rie 2 coup\u00e9 - All cars news","robots":{"index":"index","follow":"follow","max-snippet":"max-snippet:-1","max-image-preview":"max-image-preview:large","max-video-preview":"max-video-preview:-1"},"canonical":"https:\/\/all-car-news.com\/fr\/trouveur-de-voiture\/bmw\/bmw-serie-2-coupe\/","og_locale":"fr_FR","og_type":"article","og_title":"BMW s\u00e9rie 2 coup\u00e9 - All cars news","og_description":"\u00c0 la suite d&rsquo;une nouvelle politique de mod\u00e8les selon laquelle les versions coup\u00e9 et cabriolet sont consid\u00e9r\u00e9es comme une classe [&hellip;]","og_url":"https:\/\/all-car-news.com\/fr\/trouveur-de-voiture\/bmw\/bmw-serie-2-coupe\/","og_site_name":"All cars news","article_modified_time":"2022-02-23T09:03:31+00:00","og_image":[{"width":1600,"height":1162,"url":"https:\/\/all-car-news.com\/wp-content\/uploads\/2022\/02\/BMW-2-Serie-Coupe-1.jpg","type":"image\/jpeg"}],"twitter_card":"summary_large_image","twitter_misc":{"Dur\u00e9e de lecture estim\u00e9e":"2 minutes"},"schema":{"@context":"https:\/\/schema.org","@graph":[{"@type":"WebPage","@id":"https:\/\/all-car-news.com\/fr\/trouveur-de-voiture\/bmw\/bmw-serie-2-coupe\/","url":"https:\/\/all-car-news.com\/fr\/trouveur-de-voiture\/bmw\/bmw-serie-2-coupe\/","name":"BMW s\u00e9rie 2 coup\u00e9 - All cars news","isPartOf":{"@id":"https:\/\/all-car-news.com\/fr\/#website"},"datePublished":"2022-02-23T09:03:23+00:00","dateModified":"2022-02-23T09:03:31+00:00","breadcrumb":{"@id":"https:\/\/all-car-news.com\/fr\/trouveur-de-voiture\/bmw\/bmw-serie-2-coupe\/#breadcrumb"},"inLanguage":"fr-FR","potentialAction":[{"@type":"ReadAction","target":["https:\/\/all-car-news.com\/fr\/trouveur-de-voiture\/bmw\/bmw-serie-2-coupe\/"]}]},{"@type":"BreadcrumbList","@id":"https:\/\/all-car-news.com\/fr\/trouveur-de-voiture\/bmw\/bmw-serie-2-coupe\/#breadcrumb","itemListElement":[{"@type":"ListItem","position":1,"name":"Home","item":"https:\/\/all-car-news.com\/fr\/"},{"@type":"ListItem","position":2,"name":"trouveur de voiture","item":"https:\/\/all-car-news.com\/fr\/trouveur-de-voiture\/"},{"@type":"ListItem","position":3,"name":"BMW","item":"https:\/\/all-car-news.com\/fr\/trouveur-de-voiture\/bmw\/"},{"@type":"ListItem","position":4,"name":"BMW s\u00e9rie 2 coup\u00e9"}]},{"@type":"WebSite","@id":"https:\/\/all-car-news.com\/fr\/#website","url":"https:\/\/all-car-news.com\/fr\/","name":"All cars news","description":"","publisher":{"@id":"https:\/\/all-car-news.com\/fr\/#organization"},"potentialAction":[{"@type":"SearchAction","target":{"@type":"EntryPoint","urlTemplate":"https:\/\/all-car-news.com\/fr\/?s={search_term_string}"},"query-input":"required name=search_term_string"}],"inLanguage":"fr-FR"},{"@type":"Organization","@id":"https:\/\/all-car-news.com\/fr\/#organization","name":"All cars news","url":"https:\/\/all-car-news.com\/fr\/","logo":{"@type":"ImageObject","inLanguage":"fr-FR","@id":"https:\/\/all-car-news.com\/fr\/#\/schema\/logo\/image\/","url":"https:\/\/all-car-news.com\/wp-content\/uploads\/2022\/02\/CMYK-AllCarNews_LANDSCAPE_300px-1.png","contentUrl":"https:\/\/all-car-news.com\/wp-content\/uploads\/2022\/02\/CMYK-AllCarNews_LANDSCAPE_300px-1.png","width":300,"height":100,"caption":"All cars news"},"image":{"@id":"https:\/\/all-car-news.com\/fr\/#\/schema\/logo\/image\/"}}]}},"_links":{"self":[{"href":"https:\/\/all-car-news.com\/fr\/wp-json\/wp\/v2\/pages\/116761","targetHints":{"allow":["GET"]}}],"collection":[{"href":"https:\/\/all-car-news.com\/fr\/wp-json\/wp\/v2\/pages"}],"about":[{"href":"https:\/\/all-car-news.com\/fr\/wp-json\/wp\/v2\/types\/page"}],"author":[{"embeddable":true,"href":"https:\/\/all-car-news.com\/fr\/wp-json\/wp\/v2\/users\/4"}],"replies":[{"embeddable":true,"href":"https:\/\/all-car-news.com\/fr\/wp-json\/wp\/v2\/comments?post=116761"}],"version-history":[{"count":0,"href":"https:\/\/all-car-news.com\/fr\/wp-json\/wp\/v2\/pages\/116761\/revisions"}],"up":[{"embeddable":true,"href":"https:\/\/all-car-news.com\/fr\/wp-json\/wp\/v2\/pages\/116517"}],"wp:featuredmedia":[{"embeddable":true,"href":"https:\/\/all-car-news.com\/fr\/wp-json\/wp\/v2\/media\/116717"}],"wp:attachment":[{"href":"https:\/\/all-car-news.com\/fr\/wp-json\/wp\/v2\/media?parent=116761"}],"curies":[{"name":"wp","href":"https:\/\/api.w.org\/{rel}","templated":true}]}}