{"id":116628,"date":"2022-02-22T12:28:48","date_gmt":"2022-02-22T12:28:48","guid":{"rendered":"https:\/\/all-car-news.com\/trouveur-de-voiture\/bmw\/cabriolet-bmw-serie-2\/"},"modified":"2022-02-23T09:03:25","modified_gmt":"2022-02-23T09:03:25","slug":"cabriolet-bmw-serie-2","status":"publish","type":"page","link":"https:\/\/all-car-news.com\/fr\/trouveur-de-voiture\/bmw\/cabriolet-bmw-serie-2\/","title":{"rendered":"cabriolet BMW s\u00e9rie 2"},"content":{"rendered":"\n<p>\u00c0 la suite d&rsquo;une nouvelle politique de mod\u00e8les selon laquelle les versions coup\u00e9 et cabriolet sont consid\u00e9r\u00e9es comme une classe sup\u00e9rieure au mod\u00e8le sur lequel elles sont bas\u00e9es, la BMW S\u00e9rie 1 Coup\u00e9 et Cabriolet a continu\u00e9 sa vie en tant que S\u00e9rie 2 \u00e0 partir du nouveau mod\u00e8le en 2013.<\/p>\n\n<p>\u00c0 la suite d&rsquo;une nouvelle politique de mod\u00e8les selon laquelle les versions coup\u00e9 et cabriolet sont consid\u00e9r\u00e9es comme une classe sup\u00e9rieure au mod\u00e8le sur lequel elles sont bas\u00e9es, la BMW S\u00e9rie 1 Coup\u00e9 et Cabriolet a continu\u00e9 sa vie en tant que S\u00e9rie 2 \u00e0 partir du nouveau mod\u00e8le en 2013.<\/p>\n\n<h2 class=\"wp-block-heading\" id=\"van-driecilinder-tot-m2\"><br\/><strong>Du trois cylindres au M2<\/strong><\/h2>\n\n<p>La gamme de moteurs a commenc\u00e9 avec un moteur trois cylindres de 1,5 litre de 136 ch, disponible uniquement pour l&rsquo;essence. Ensuite, la gamme de moteurs s&rsquo;\u00e9largit avec des moteurs \u00e0 quatre et six cylindres \u00e0 essence et diesel. Le moteur le plus puissant est actuellement le six cylindres en ligne de 374 ch du M240i xDrive. Seul le Coup\u00e9 est disponible en mod\u00e8le M.<br\/><\/p>\n\n<h2 class=\"wp-block-heading\" id=\"bmw-m2-competition\"><strong>Comp\u00e9tition BMW M2<\/strong><\/h2>\n\n<p>Le M2 a \u00e9t\u00e9 remplac\u00e9 en 2018 par la version M2 Competition, en quelque sorte une version mise \u00e0 jour du M2. La puissance du six en ligne passe \u00e0 411 ch. Le sprint 0-100 est maintenant boucl\u00e9 un dixi\u00e8me plus vite, en 4,4 \u00e0 4,2 secondes selon la transmission. La S\u00e9rie 2 de deuxi\u00e8me g\u00e9n\u00e9ration est arriv\u00e9e sur le march\u00e9 en 2021. Ce n&rsquo;est pas encore disponible en cabriolet, une version M \u00ab\u00a0pur-sang\u00a0\u00bb suivra sans aucun doute plus tard. <strong>Grand Coup\u00e9<\/strong><br\/>En 2019, la gamme de mod\u00e8les de la S\u00e9rie 2 a encore \u00e9t\u00e9 \u00e9largie. En plus du Coup\u00e9 r\u00e9gulier, le Gran Coup\u00e9 est \u00e9galement apparu. Comme pour la s\u00e9rie sup\u00e9rieure, il s&rsquo;agit d&rsquo;un coup\u00e9 \u00e0 quatre portes. Ou une berline avec une ligne de toit de type coup\u00e9, peu importe comment vous l&rsquo;appelez. Incidemment, la S\u00e9rie 2 Gran Coup\u00e9 est \u00e9troitement li\u00e9e \u00e0 la nouvelle berline de la S\u00e9rie 1, o\u00f9 les Coup\u00e9 et Cabrio de la S\u00e9rie 2 r\u00e9guliers (pour le moment) sont toujours bas\u00e9s sur la S\u00e9rie 1 pr\u00e9c\u00e9dente et ont \u00e9galement une apparence compl\u00e8tement individuelle.plus Bmw 2 Cabriolet de s\u00e9rie.<\/p>\n\n<h2 class=\"wp-block-heading\" id=\"technisch\">Technique<\/h2>\n\n<figure class=\"wp-block-table is-style-stripes\"><table class=\"has-fixed-layout\"><tbody><tr><td>Type de moteur<\/td><td>diesel, ligne 4 cylindres<\/td><\/tr><tr><td>D\u00e9placement<\/td><td>1 995 cm\u00b3<\/td><\/tr><tr><td>max. les atouts<\/td><td>110 kW (150 ch)<\/td><\/tr><tr><td>abeille<\/td><td>4 000 tr\/min<\/td><\/tr><tr><td>max. coupler<\/td><td>320 Nm<\/td><\/tr><tr><td>abeille<\/td><td>1\u00a0500 tr\/min<\/td><\/tr><tr><td>Conduire<\/td><td>roues arri\u00e8res<\/td><\/tr><tr><td>Freins de\/a<\/td><td>\u00e9tant donn\u00e9 disques\/disques<\/td><\/tr><tr><td>Cercle de braquage<\/td><td>10,9 m<\/td><\/tr><tr><td>Plage de puissance<\/td><td>100 \u00e0 250kW<\/td><\/tr><\/tbody><\/table><\/figure>\n\n<h2 class=\"wp-block-heading\" id=\"algemeen\">G\u00e9n\u00e9ral<\/h2>\n\n<figure class=\"wp-block-table is-style-stripes\"><table class=\"has-fixed-layout\"><tbody><tr><td>Transmission<\/td><td>6MT (option 8AT)<\/td><\/tr><tr><td>Type de corps<\/td><td>2 p. convertible<\/td><\/tr><tr><td>EuroNCAP<\/td><td>pas test\u00e9<\/td><\/tr><tr><td>Lancement sur le march\u00e9<\/td><td>F\u00e9vrier 2015<\/td><\/tr><tr><td>Dernier lifting<\/td><td>N \/ A<\/td><\/tr><tr><td>Garantie<\/td><td>3 ann\u00e9es<\/td><\/tr><tr><td>A partir du prix<\/td><td>50 186 \u20ac<\/td><\/tr><tr><td>Les particularit\u00e9s<\/td><td>La version avec Steptronic est l\u00e9g\u00e8rement moins ch\u00e8re que la version avec transmission manuelle en raison des \u00e9missions r\u00e9duites.<\/td><\/tr><\/tbody><\/table><\/figure>\n\n<h2 class=\"wp-block-heading\" id=\"afmetingen-gewichten\">Dimensions\/poids<\/h2>\n\n<figure class=\"wp-block-table is-style-stripes\"><table class=\"has-fixed-layout\"><tbody><tr><td>La taille des pneus<\/td><td>205\/55R16<\/td><\/tr><tr><td>L xlxh<\/td><td>4 432 \u00d7 1 774 \u00d7 1 413 mm<\/td><\/tr><tr><td>Empattement<\/td><td>2 690 mm<\/td><\/tr><tr><td>Masse vide<\/td><td>1 600 kilogrammes<\/td><\/tr><tr><td>max. selon poids<\/td><td>1 500 kilogrammes<\/td><\/tr><tr><td>suite sac. salle.<\/td><td>280 litres<\/td><\/tr><tr><td>Capacit\u00e9 du r\u00e9servoir<\/td><td>52 litres<\/td><\/tr><\/tbody><\/table><\/figure>\n\n<h2 class=\"wp-block-heading\" id=\"verbruik\">Consommation<\/h2>\n\n<figure class=\"wp-block-table is-style-stripes\"><table class=\"has-fixed-layout\"><tbody><tr><td>Connecticut. combin\u00e9<\/td><td>4,3 l\/100 km<\/td><\/tr><tr><td>\u00c9missions de CO\u2082<\/td><td>114g\/km<\/td><\/tr><tr><td>Etiquette \u00e9nerg\u00e9tique<\/td><td>F<\/td><\/tr><\/tbody><\/table><\/figure>\n\n<h2 class=\"wp-block-heading\" id=\"prestaties\">Performance<\/h2>\n\n<figure class=\"wp-block-table is-style-stripes\"><table class=\"has-fixed-layout\"><tbody><tr><td>Acc. 0-100km\/h<\/td><td>8,9 s<\/td><\/tr><tr><td>vitesse de pointe<\/td><td>208 km\/h<\/td><\/tr><\/tbody><\/table><\/figure>\n","protected":false},"excerpt":{"rendered":"<p>\u00c0 la suite d&rsquo;une nouvelle politique de mod\u00e8les selon laquelle les versions coup\u00e9 et cabriolet sont consid\u00e9r\u00e9es comme une classe [&hellip;]<\/p>\n","protected":false},"author":4,"featured_media":116621,"parent":116517,"menu_order":0,"comment_status":"closed","ping_status":"closed","template":"","meta":{"footnotes":""},"class_list":["post-116628","page","type-page","status-publish","has-post-thumbnail","hentry"],"acf":[],"yoast_head":"<!-- This site is optimized with the Yoast SEO plugin v21.2 - https:\/\/yoast.com\/wordpress\/plugins\/seo\/ -->\n<title>cabriolet BMW s\u00e9rie 2 - All cars news<\/title>\n<meta name=\"robots\" content=\"index, follow, max-snippet:-1, max-image-preview:large, max-video-preview:-1\" \/>\n<link rel=\"canonical\" href=\"https:\/\/all-car-news.com\/fr\/trouveur-de-voiture\/bmw\/cabriolet-bmw-serie-2\/\" \/>\n<meta property=\"og:locale\" content=\"fr_FR\" \/>\n<meta property=\"og:type\" content=\"article\" \/>\n<meta property=\"og:title\" content=\"cabriolet BMW s\u00e9rie 2 - All cars news\" \/>\n<meta property=\"og:description\" content=\"\u00c0 la suite d&rsquo;une nouvelle politique de mod\u00e8les selon laquelle les versions coup\u00e9 et cabriolet sont consid\u00e9r\u00e9es comme une classe [&hellip;]\" \/>\n<meta property=\"og:url\" content=\"https:\/\/all-car-news.com\/fr\/trouveur-de-voiture\/bmw\/cabriolet-bmw-serie-2\/\" \/>\n<meta property=\"og:site_name\" content=\"All cars news\" \/>\n<meta property=\"article:modified_time\" content=\"2022-02-23T09:03:25+00:00\" \/>\n<meta property=\"og:image\" content=\"https:\/\/all-car-news.com\/wp-content\/uploads\/2022\/02\/BMW-2-Series-Convertible-1-2.jpg\" \/>\n\t<meta property=\"og:image:width\" content=\"1280\" \/>\n\t<meta property=\"og:image:height\" content=\"926\" \/>\n\t<meta property=\"og:image:type\" content=\"image\/jpeg\" \/>\n<meta name=\"twitter:card\" content=\"summary_large_image\" \/>\n<meta name=\"twitter:label1\" content=\"Dur\u00e9e de lecture estim\u00e9e\" \/>\n\t<meta name=\"twitter:data1\" content=\"3 minutes\" \/>\n<script type=\"application\/ld+json\" class=\"yoast-schema-graph\">{\"@context\":\"https:\/\/schema.org\",\"@graph\":[{\"@type\":\"WebPage\",\"@id\":\"https:\/\/all-car-news.com\/fr\/trouveur-de-voiture\/bmw\/cabriolet-bmw-serie-2\/\",\"url\":\"https:\/\/all-car-news.com\/fr\/trouveur-de-voiture\/bmw\/cabriolet-bmw-serie-2\/\",\"name\":\"cabriolet BMW s\u00e9rie 2 - All cars news\",\"isPartOf\":{\"@id\":\"https:\/\/all-car-news.com\/fr\/#website\"},\"datePublished\":\"2022-02-22T12:28:48+00:00\",\"dateModified\":\"2022-02-23T09:03:25+00:00\",\"breadcrumb\":{\"@id\":\"https:\/\/all-car-news.com\/fr\/trouveur-de-voiture\/bmw\/cabriolet-bmw-serie-2\/#breadcrumb\"},\"inLanguage\":\"fr-FR\",\"potentialAction\":[{\"@type\":\"ReadAction\",\"target\":[\"https:\/\/all-car-news.com\/fr\/trouveur-de-voiture\/bmw\/cabriolet-bmw-serie-2\/\"]}]},{\"@type\":\"BreadcrumbList\",\"@id\":\"https:\/\/all-car-news.com\/fr\/trouveur-de-voiture\/bmw\/cabriolet-bmw-serie-2\/#breadcrumb\",\"itemListElement\":[{\"@type\":\"ListItem\",\"position\":1,\"name\":\"Home\",\"item\":\"https:\/\/all-car-news.com\/fr\/\"},{\"@type\":\"ListItem\",\"position\":2,\"name\":\"trouveur de voiture\",\"item\":\"https:\/\/all-car-news.com\/fr\/trouveur-de-voiture\/\"},{\"@type\":\"ListItem\",\"position\":3,\"name\":\"BMW\",\"item\":\"https:\/\/all-car-news.com\/fr\/trouveur-de-voiture\/bmw\/\"},{\"@type\":\"ListItem\",\"position\":4,\"name\":\"cabriolet BMW s\u00e9rie 2\"}]},{\"@type\":\"WebSite\",\"@id\":\"https:\/\/all-car-news.com\/fr\/#website\",\"url\":\"https:\/\/all-car-news.com\/fr\/\",\"name\":\"All cars news\",\"description\":\"\",\"publisher\":{\"@id\":\"https:\/\/all-car-news.com\/fr\/#organization\"},\"potentialAction\":[{\"@type\":\"SearchAction\",\"target\":{\"@type\":\"EntryPoint\",\"urlTemplate\":\"https:\/\/all-car-news.com\/fr\/?s={search_term_string}\"},\"query-input\":\"required name=search_term_string\"}],\"inLanguage\":\"fr-FR\"},{\"@type\":\"Organization\",\"@id\":\"https:\/\/all-car-news.com\/fr\/#organization\",\"name\":\"All cars news\",\"url\":\"https:\/\/all-car-news.com\/fr\/\",\"logo\":{\"@type\":\"ImageObject\",\"inLanguage\":\"fr-FR\",\"@id\":\"https:\/\/all-car-news.com\/fr\/#\/schema\/logo\/image\/\",\"url\":\"https:\/\/all-car-news.com\/wp-content\/uploads\/2022\/02\/CMYK-AllCarNews_LANDSCAPE_300px-1.png\",\"contentUrl\":\"https:\/\/all-car-news.com\/wp-content\/uploads\/2022\/02\/CMYK-AllCarNews_LANDSCAPE_300px-1.png\",\"width\":300,\"height\":100,\"caption\":\"All cars news\"},\"image\":{\"@id\":\"https:\/\/all-car-news.com\/fr\/#\/schema\/logo\/image\/\"}}]}<\/script>\n<!-- \/ Yoast SEO plugin. -->","yoast_head_json":{"title":"cabriolet BMW s\u00e9rie 2 - All cars news","robots":{"index":"index","follow":"follow","max-snippet":"max-snippet:-1","max-image-preview":"max-image-preview:large","max-video-preview":"max-video-preview:-1"},"canonical":"https:\/\/all-car-news.com\/fr\/trouveur-de-voiture\/bmw\/cabriolet-bmw-serie-2\/","og_locale":"fr_FR","og_type":"article","og_title":"cabriolet BMW s\u00e9rie 2 - All cars news","og_description":"\u00c0 la suite d&rsquo;une nouvelle politique de mod\u00e8les selon laquelle les versions coup\u00e9 et cabriolet sont consid\u00e9r\u00e9es comme une classe [&hellip;]","og_url":"https:\/\/all-car-news.com\/fr\/trouveur-de-voiture\/bmw\/cabriolet-bmw-serie-2\/","og_site_name":"All cars news","article_modified_time":"2022-02-23T09:03:25+00:00","og_image":[{"width":1280,"height":926,"url":"https:\/\/all-car-news.com\/wp-content\/uploads\/2022\/02\/BMW-2-Series-Convertible-1-2.jpg","type":"image\/jpeg"}],"twitter_card":"summary_large_image","twitter_misc":{"Dur\u00e9e de lecture estim\u00e9e":"3 minutes"},"schema":{"@context":"https:\/\/schema.org","@graph":[{"@type":"WebPage","@id":"https:\/\/all-car-news.com\/fr\/trouveur-de-voiture\/bmw\/cabriolet-bmw-serie-2\/","url":"https:\/\/all-car-news.com\/fr\/trouveur-de-voiture\/bmw\/cabriolet-bmw-serie-2\/","name":"cabriolet BMW s\u00e9rie 2 - All cars news","isPartOf":{"@id":"https:\/\/all-car-news.com\/fr\/#website"},"datePublished":"2022-02-22T12:28:48+00:00","dateModified":"2022-02-23T09:03:25+00:00","breadcrumb":{"@id":"https:\/\/all-car-news.com\/fr\/trouveur-de-voiture\/bmw\/cabriolet-bmw-serie-2\/#breadcrumb"},"inLanguage":"fr-FR","potentialAction":[{"@type":"ReadAction","target":["https:\/\/all-car-news.com\/fr\/trouveur-de-voiture\/bmw\/cabriolet-bmw-serie-2\/"]}]},{"@type":"BreadcrumbList","@id":"https:\/\/all-car-news.com\/fr\/trouveur-de-voiture\/bmw\/cabriolet-bmw-serie-2\/#breadcrumb","itemListElement":[{"@type":"ListItem","position":1,"name":"Home","item":"https:\/\/all-car-news.com\/fr\/"},{"@type":"ListItem","position":2,"name":"trouveur de voiture","item":"https:\/\/all-car-news.com\/fr\/trouveur-de-voiture\/"},{"@type":"ListItem","position":3,"name":"BMW","item":"https:\/\/all-car-news.com\/fr\/trouveur-de-voiture\/bmw\/"},{"@type":"ListItem","position":4,"name":"cabriolet BMW s\u00e9rie 2"}]},{"@type":"WebSite","@id":"https:\/\/all-car-news.com\/fr\/#website","url":"https:\/\/all-car-news.com\/fr\/","name":"All cars news","description":"","publisher":{"@id":"https:\/\/all-car-news.com\/fr\/#organization"},"potentialAction":[{"@type":"SearchAction","target":{"@type":"EntryPoint","urlTemplate":"https:\/\/all-car-news.com\/fr\/?s={search_term_string}"},"query-input":"required name=search_term_string"}],"inLanguage":"fr-FR"},{"@type":"Organization","@id":"https:\/\/all-car-news.com\/fr\/#organization","name":"All cars news","url":"https:\/\/all-car-news.com\/fr\/","logo":{"@type":"ImageObject","inLanguage":"fr-FR","@id":"https:\/\/all-car-news.com\/fr\/#\/schema\/logo\/image\/","url":"https:\/\/all-car-news.com\/wp-content\/uploads\/2022\/02\/CMYK-AllCarNews_LANDSCAPE_300px-1.png","contentUrl":"https:\/\/all-car-news.com\/wp-content\/uploads\/2022\/02\/CMYK-AllCarNews_LANDSCAPE_300px-1.png","width":300,"height":100,"caption":"All cars news"},"image":{"@id":"https:\/\/all-car-news.com\/fr\/#\/schema\/logo\/image\/"}}]}},"_links":{"self":[{"href":"https:\/\/all-car-news.com\/fr\/wp-json\/wp\/v2\/pages\/116628","targetHints":{"allow":["GET"]}}],"collection":[{"href":"https:\/\/all-car-news.com\/fr\/wp-json\/wp\/v2\/pages"}],"about":[{"href":"https:\/\/all-car-news.com\/fr\/wp-json\/wp\/v2\/types\/page"}],"author":[{"embeddable":true,"href":"https:\/\/all-car-news.com\/fr\/wp-json\/wp\/v2\/users\/4"}],"replies":[{"embeddable":true,"href":"https:\/\/all-car-news.com\/fr\/wp-json\/wp\/v2\/comments?post=116628"}],"version-history":[{"count":0,"href":"https:\/\/all-car-news.com\/fr\/wp-json\/wp\/v2\/pages\/116628\/revisions"}],"up":[{"embeddable":true,"href":"https:\/\/all-car-news.com\/fr\/wp-json\/wp\/v2\/pages\/116517"}],"wp:featuredmedia":[{"embeddable":true,"href":"https:\/\/all-car-news.com\/fr\/wp-json\/wp\/v2\/media\/116621"}],"wp:attachment":[{"href":"https:\/\/all-car-news.com\/fr\/wp-json\/wp\/v2\/media?parent=116628"}],"curies":[{"name":"wp","href":"https:\/\/api.w.org\/{rel}","templated":true}]}}