{"id":116576,"date":"2022-02-22T10:23:44","date_gmt":"2022-02-22T10:23:44","guid":{"rendered":"https:\/\/all-car-news.com\/bmw-serie-2\/"},"modified":"2022-03-08T09:12:24","modified_gmt":"2022-03-08T09:12:24","slug":"bmw-serie-2","status":"publish","type":"page","link":"https:\/\/all-car-news.com\/fr\/trouveur-de-voiture\/bmw\/bmw-serie-2\/","title":{"rendered":"BMW s\u00e9rie 2"},"content":{"rendered":"\n<p id=\"de-komst-van-bmw-2-serie-active-tourer-zorgde-in-2014-voor-een-kleine-cultuurschok-een-rijdersmerk-als-bmw-komt-met-een-mpv-en-het-model-was-ook-nog-eens-voorwiel-aangedreven-dat-is-voor-het-eerst-in-de-geschiedenis-van-het-merk-inmiddels-zijn-we-echter-alweer-jaren-verder-en-heeft-de-auto-zich-bewezen-als-een-fijn-rijdende-gezinswagen-die-zijn-plek-naast-de-concurrentie-heeft-weten-in-te-nemen-vijf-of-zevenzitter\"><strong>L&rsquo;arriv\u00e9e de la BMW S\u00e9rie 2 Active Tourer en 2014 a provoqu\u00e9 un petit choc culturel. Une marque de conducteur comme BMW est livr\u00e9e avec un monospace et le mod\u00e8le \u00e9tait \u00e9galement \u00e0 traction avant\u2026 C&rsquo;est la premi\u00e8re fois dans l&rsquo;histoire de la marque. Cependant, nous sommes maintenant des ann\u00e9es plus loin et la voiture s&rsquo;est av\u00e9r\u00e9e \u00eatre une voiture familiale agr\u00e9able \u00e0 conduire qui a r\u00e9ussi \u00e0 prendre sa place \u00e0 c\u00f4t\u00e9 de la concurrence.<\/strong><\/p>\n\n<h2 class=\"wp-block-heading\" id=\"de-komst-van-bmw-2-serie-active-tourer-zorgde-in-2014-voor-een-kleine-cultuurschok-een-rijdersmerk-als-bmw-komt-met-een-mpv-en-het-model-was-ook-nog-eens-voorwiel-aangedreven-dat-is-voor-het-eerst-in-de-geschiedenis-van-het-merk-inmiddels-zijn-we-echter-alweer-jaren-verder-en-heeft-de-auto-zich-bewezen-als-een-fijn-rijdende-gezinswagen-die-zijn-plek-naast-de-concurrentie-heeft-weten-in-te-nemen-vijf-of-zevenzitter\"><br\/>BMW cinq places ou sept places<\/h2>\n\n<p id=\"de-komst-van-bmw-2-serie-active-tourer-zorgde-in-2014-voor-een-kleine-cultuurschok-een-rijdersmerk-als-bmw-komt-met-een-mpv-en-het-model-was-ook-nog-eens-voorwiel-aangedreven-dat-is-voor-het-eerst-in-de-geschiedenis-van-het-merk-inmiddels-zijn-we-echter-alweer-jaren-verder-en-heeft-de-auto-zich-bewezen-als-een-fijn-rijdende-gezinswagen-die-zijn-plek-naast-de-concurrentie-heeft-weten-in-te-nemen-vijf-of-zevenzitter\"><br\/><strong>L&rsquo;Active Tourer \u00e0 cinq places a \u00e9t\u00e9 renforc\u00e9 en 2015 par le Gran Tourer. Une version l\u00e9g\u00e8rement rallong\u00e9e, qui offre donc de la place pour sept passagers. Sur l&rsquo;Active et le Gran Tourer, les moteurs sont mont\u00e9s transversalement, alors qu&rsquo;ils sont mont\u00e9s longitudinalement sur presque tous les autres mod\u00e8les BMW.<\/strong><\/p>\n\n<p><\/p>\n\n<h2 class=\"wp-block-heading\" id=\"de-komst-van-bmw-2-serie-active-tourer-zorgde-in-2014-voor-een-kleine-cultuurschok-een-rijdersmerk-als-bmw-komt-met-een-mpv-en-het-model-was-ook-nog-eens-voorwiel-aangedreven-dat-is-voor-het-eerst-in-de-geschiedenis-van-het-merk-inmiddels-zijn-we-echter-alweer-jaren-verder-en-heeft-de-auto-zich-bewezen-als-een-fijn-rijdende-gezinswagen-die-zijn-plek-naast-de-concurrentie-heeft-weten-in-te-nemen-vijf-of-zevenzitterde-vijfzits-active-tourer-kreeg-in-2015-versterking-van-de-gran-tourer-een-iets-verlengde-versie-die-daardoor-plaats-biedt-aan-zeven-inzittenden-bij-de-active-en-gran-tourer-zijn-de-motoren-dwarsgeplaatst-waar-deze-bij-bijna-alle-andere-bmw-modellen-in-de-lengterichting-zijn-gemonteerd-tweede-generatieondanks-de-in-het-algemeen-teruglopende-vraag-naar-mpv-s-kwam-bmw-eind-2021-begin-2022-gewoon-met-een-tweede-generatie-2-serie-active-tourer-een-nieuwe-zevenzits-grand-tourer-is-op-moment-van-schrijven-nog-niet-onthuld-en-de-komst-daarvan-is-ook-wat-onzeker-zeker-voor-een-zevenzitter-heeft-de-klant-tegenwoordig-namelijk-liever-een-suv-model-meer-bmw-2-serie-active-tourer\">deuxi\u00e8me g\u00e9n\u00e9ration<br\/><\/h2>\n\n<p id=\"de-komst-van-bmw-2-serie-active-tourer-zorgde-in-2014-voor-een-kleine-cultuurschok-een-rijdersmerk-als-bmw-komt-met-een-mpv-en-het-model-was-ook-nog-eens-voorwiel-aangedreven-dat-is-voor-het-eerst-in-de-geschiedenis-van-het-merk-inmiddels-zijn-we-echter-alweer-jaren-verder-en-heeft-de-auto-zich-bewezen-als-een-fijn-rijdende-gezinswagen-die-zijn-plek-naast-de-concurrentie-heeft-weten-in-te-nemen-vijf-of-zevenzitterde-vijfzits-active-tourer-kreeg-in-2015-versterking-van-de-gran-tourer-een-iets-verlengde-versie-die-daardoor-plaats-biedt-aan-zeven-inzittenden-bij-de-active-en-gran-tourer-zijn-de-motoren-dwarsgeplaatst-waar-deze-bij-bijna-alle-andere-bmw-modellen-in-de-lengterichting-zijn-gemonteerd-tweede-generatieondanks-de-in-het-algemeen-teruglopende-vraag-naar-mpv-s-kwam-bmw-eind-2021-begin-2022-gewoon-met-een-tweede-generatie-2-serie-active-tourer-een-nieuwe-zevenzits-grand-tourer-is-op-moment-van-schrijven-nog-niet-onthuld-en-de-komst-daarvan-is-ook-wat-onzeker-zeker-voor-een-zevenzitter-heeft-de-klant-tegenwoordig-namelijk-liever-een-suv-model-meer-bmw-2-serie-active-tourer\"><strong>Malgr\u00e9 la baisse g\u00e9n\u00e9rale de la demande de monospaces, BMW a simplement introduit une S\u00e9rie 2 Active Tourer de deuxi\u00e8me g\u00e9n\u00e9ration fin 2021\/d\u00e9but 2022. Un nouveau Grand Tourer \u00e0 sept places n&rsquo;a pas encore \u00e9t\u00e9 r\u00e9v\u00e9l\u00e9 au moment de la r\u00e9daction et son arriv\u00e9e est \u00e9galement quelque peu incertaine. Surtout pour un sept places, le client pr\u00e9f\u00e8re aujourd&rsquo;hui un mod\u00e8le SUV. plus Bmw s\u00e9rie 2 active tourer <a href=\"https:\/\/autorai.nl\/autozoeker\/bmw\/2-serie-active-tourer\/#modellen\">.<\/a><\/strong><\/p>\n\n<p><\/p>\n\n<h2 class=\"wp-block-heading\" id=\"technisch\">Technique<\/h2>\n\n<figure class=\"wp-block-table is-style-stripes\"><table class=\"has-fixed-layout\"><tbody><tr><td>Type de moteur<\/td><td>essence, ligne 3 cylindres<\/td><\/tr><tr><td>D\u00e9placement<\/td><td>1 499 cm<\/td><\/tr><tr><td>max. les atouts<\/td><td>100 kW (136 ch)<\/td><\/tr><tr><td>abeille<\/td><td>4 400 tr\/min<\/td><\/tr><tr><td>max. coupler<\/td><td>230 Nm<\/td><\/tr><tr><td>abeille<\/td><td>1\u00a0500 tr\/min<\/td><\/tr><tr><td>Conduire<\/td><td>roues avant<\/td><\/tr><tr><td>Freins de\/a<\/td><td>\u00e9tant donn\u00e9 disques\/disques<\/td><\/tr><tr><td>Cercle de braquage<\/td><td>11,4 m<\/td><\/tr><tr><td>Plage de puissance<\/td><td>100 \u00e0 150kW<\/td><\/tr><\/tbody><\/table><\/figure>\n\n<h2 class=\"wp-block-heading\" id=\"algemeen\">G\u00e9n\u00e9ral<\/h2>\n\n<figure class=\"wp-block-table is-style-stripes\"><table class=\"has-fixed-layout\"><tbody><tr><td>Transmission<\/td><td>7AT<\/td><\/tr><tr><td>Type de corps<\/td><td>5-dr. Monospace<\/td><\/tr><tr><td>EuroNCAP<\/td><td>pas test\u00e9<\/td><\/tr><tr><td>Lancement sur le march\u00e9<\/td><td>janvier 2022<\/td><\/tr><tr><td>Dernier lifting<\/td><td>N \/ A<\/td><\/tr><tr><td>Garantie<\/td><td>3 ann\u00e9es<\/td><\/tr><tr><td>A partir du prix<\/td><td>41 558 \u20ac<\/td><\/tr><\/tbody><\/table><\/figure>\n\n<h2 class=\"wp-block-heading\" id=\"afmetingen-gewichten\">Dimensions\/poids<\/h2>\n\n<figure class=\"wp-block-table is-style-stripes\"><table class=\"has-fixed-layout\"><tbody><tr><td>La taille des pneus<\/td><td>205\/65R16<\/td><\/tr><tr><td>L xlxh<\/td><td>4 386 x 1 824 x 1 576 mm<\/td><\/tr><tr><td>Empattement<\/td><td>2 670 mm<\/td><\/tr><tr><td>Masse vide<\/td><td>1 445 kilogrammes<\/td><\/tr><tr><td>max. selon poids<\/td><td>1 300 kilogrammes<\/td><\/tr><tr><td>suite sac. salle.<\/td><td>470 litres<\/td><\/tr><tr><td>Capacit\u00e9 du r\u00e9servoir<\/td><td>45 litres<\/td><\/tr><\/tbody><\/table><\/figure>\n\n<h2 class=\"wp-block-heading\" id=\"verbruik\">Consommation<\/h2>\n\n<figure class=\"wp-block-table is-style-stripes\"><table class=\"has-fixed-layout\"><tbody><tr><td>Connecticut. combin\u00e9<\/td><td>6,2 l\/100 km<\/td><\/tr><tr><td>\u00c9missions de CO\u2082<\/td><td>141g\/km<\/td><\/tr><tr><td>Etiquette \u00e9nerg\u00e9tique<\/td><td>C<\/td><\/tr><\/tbody><\/table><\/figure>\n\n<h2 class=\"wp-block-heading\" id=\"prestaties\">Performance<\/h2>\n\n<figure class=\"wp-block-table is-style-stripes\"><table class=\"has-fixed-layout\"><tbody><tr><td>Acc. 0-100km\/h<\/td><td>9,0 s<\/td><\/tr><tr><td>vitesse de pointe<\/td><td>214 km\/h<\/td><\/tr><\/tbody><\/table><\/figure>\n","protected":false},"excerpt":{"rendered":"<p>L&rsquo;arriv\u00e9e de la BMW S\u00e9rie 2 Active Tourer en 2014 a provoqu\u00e9 un petit choc culturel. Une marque de conducteur [&hellip;]<\/p>\n","protected":false},"author":4,"featured_media":116662,"parent":116517,"menu_order":0,"comment_status":"closed","ping_status":"closed","template":"","meta":{"footnotes":""},"class_list":["post-116576","page","type-page","status-publish","has-post-thumbnail","hentry"],"acf":[],"yoast_head":"<!-- This site is optimized with the Yoast SEO plugin v21.2 - https:\/\/yoast.com\/wordpress\/plugins\/seo\/ -->\n<title>BMW s\u00e9rie 2 - All cars news<\/title>\n<meta name=\"robots\" content=\"index, follow, max-snippet:-1, max-image-preview:large, max-video-preview:-1\" \/>\n<link rel=\"canonical\" href=\"https:\/\/all-car-news.com\/fr\/trouveur-de-voiture\/bmw\/bmw-serie-2\/\" \/>\n<meta property=\"og:locale\" content=\"fr_FR\" \/>\n<meta property=\"og:type\" content=\"article\" \/>\n<meta property=\"og:title\" content=\"BMW s\u00e9rie 2 - All cars news\" \/>\n<meta property=\"og:description\" content=\"L&rsquo;arriv\u00e9e de la BMW S\u00e9rie 2 Active Tourer en 2014 a provoqu\u00e9 un petit choc culturel. Une marque de conducteur [&hellip;]\" \/>\n<meta property=\"og:url\" content=\"https:\/\/all-car-news.com\/fr\/trouveur-de-voiture\/bmw\/bmw-serie-2\/\" \/>\n<meta property=\"og:site_name\" content=\"All cars news\" \/>\n<meta property=\"article:modified_time\" content=\"2022-03-08T09:12:24+00:00\" \/>\n<meta property=\"og:image\" content=\"https:\/\/all-car-news.com\/wp-content\/uploads\/2022\/02\/BMW-2-Series-Convertible-1-2-1.jpg\" \/>\n\t<meta property=\"og:image:width\" content=\"1280\" \/>\n\t<meta property=\"og:image:height\" content=\"926\" \/>\n\t<meta property=\"og:image:type\" content=\"image\/jpeg\" \/>\n<meta name=\"twitter:card\" content=\"summary_large_image\" \/>\n<meta name=\"twitter:label1\" content=\"Dur\u00e9e de lecture estim\u00e9e\" \/>\n\t<meta name=\"twitter:data1\" content=\"2 minutes\" \/>\n<script type=\"application\/ld+json\" class=\"yoast-schema-graph\">{\"@context\":\"https:\/\/schema.org\",\"@graph\":[{\"@type\":\"WebPage\",\"@id\":\"https:\/\/all-car-news.com\/fr\/trouveur-de-voiture\/bmw\/bmw-serie-2\/\",\"url\":\"https:\/\/all-car-news.com\/fr\/trouveur-de-voiture\/bmw\/bmw-serie-2\/\",\"name\":\"BMW s\u00e9rie 2 - All cars news\",\"isPartOf\":{\"@id\":\"https:\/\/all-car-news.com\/fr\/#website\"},\"datePublished\":\"2022-02-22T10:23:44+00:00\",\"dateModified\":\"2022-03-08T09:12:24+00:00\",\"breadcrumb\":{\"@id\":\"https:\/\/all-car-news.com\/fr\/trouveur-de-voiture\/bmw\/bmw-serie-2\/#breadcrumb\"},\"inLanguage\":\"fr-FR\",\"potentialAction\":[{\"@type\":\"ReadAction\",\"target\":[\"https:\/\/all-car-news.com\/fr\/trouveur-de-voiture\/bmw\/bmw-serie-2\/\"]}]},{\"@type\":\"BreadcrumbList\",\"@id\":\"https:\/\/all-car-news.com\/fr\/trouveur-de-voiture\/bmw\/bmw-serie-2\/#breadcrumb\",\"itemListElement\":[{\"@type\":\"ListItem\",\"position\":1,\"name\":\"Home\",\"item\":\"https:\/\/all-car-news.com\/fr\/\"},{\"@type\":\"ListItem\",\"position\":2,\"name\":\"trouveur de voiture\",\"item\":\"https:\/\/all-car-news.com\/fr\/trouveur-de-voiture\/\"},{\"@type\":\"ListItem\",\"position\":3,\"name\":\"BMW\",\"item\":\"https:\/\/all-car-news.com\/fr\/trouveur-de-voiture\/bmw\/\"},{\"@type\":\"ListItem\",\"position\":4,\"name\":\"BMW s\u00e9rie 2\"}]},{\"@type\":\"WebSite\",\"@id\":\"https:\/\/all-car-news.com\/fr\/#website\",\"url\":\"https:\/\/all-car-news.com\/fr\/\",\"name\":\"All cars news\",\"description\":\"\",\"publisher\":{\"@id\":\"https:\/\/all-car-news.com\/fr\/#organization\"},\"potentialAction\":[{\"@type\":\"SearchAction\",\"target\":{\"@type\":\"EntryPoint\",\"urlTemplate\":\"https:\/\/all-car-news.com\/fr\/?s={search_term_string}\"},\"query-input\":\"required name=search_term_string\"}],\"inLanguage\":\"fr-FR\"},{\"@type\":\"Organization\",\"@id\":\"https:\/\/all-car-news.com\/fr\/#organization\",\"name\":\"All cars news\",\"url\":\"https:\/\/all-car-news.com\/fr\/\",\"logo\":{\"@type\":\"ImageObject\",\"inLanguage\":\"fr-FR\",\"@id\":\"https:\/\/all-car-news.com\/fr\/#\/schema\/logo\/image\/\",\"url\":\"https:\/\/all-car-news.com\/wp-content\/uploads\/2022\/02\/CMYK-AllCarNews_LANDSCAPE_300px-1.png\",\"contentUrl\":\"https:\/\/all-car-news.com\/wp-content\/uploads\/2022\/02\/CMYK-AllCarNews_LANDSCAPE_300px-1.png\",\"width\":300,\"height\":100,\"caption\":\"All cars news\"},\"image\":{\"@id\":\"https:\/\/all-car-news.com\/fr\/#\/schema\/logo\/image\/\"}}]}<\/script>\n<!-- \/ Yoast SEO plugin. -->","yoast_head_json":{"title":"BMW s\u00e9rie 2 - All cars news","robots":{"index":"index","follow":"follow","max-snippet":"max-snippet:-1","max-image-preview":"max-image-preview:large","max-video-preview":"max-video-preview:-1"},"canonical":"https:\/\/all-car-news.com\/fr\/trouveur-de-voiture\/bmw\/bmw-serie-2\/","og_locale":"fr_FR","og_type":"article","og_title":"BMW s\u00e9rie 2 - All cars news","og_description":"L&rsquo;arriv\u00e9e de la BMW S\u00e9rie 2 Active Tourer en 2014 a provoqu\u00e9 un petit choc culturel. Une marque de conducteur [&hellip;]","og_url":"https:\/\/all-car-news.com\/fr\/trouveur-de-voiture\/bmw\/bmw-serie-2\/","og_site_name":"All cars news","article_modified_time":"2022-03-08T09:12:24+00:00","og_image":[{"width":1280,"height":926,"url":"https:\/\/all-car-news.com\/wp-content\/uploads\/2022\/02\/BMW-2-Series-Convertible-1-2-1.jpg","type":"image\/jpeg"}],"twitter_card":"summary_large_image","twitter_misc":{"Dur\u00e9e de lecture estim\u00e9e":"2 minutes"},"schema":{"@context":"https:\/\/schema.org","@graph":[{"@type":"WebPage","@id":"https:\/\/all-car-news.com\/fr\/trouveur-de-voiture\/bmw\/bmw-serie-2\/","url":"https:\/\/all-car-news.com\/fr\/trouveur-de-voiture\/bmw\/bmw-serie-2\/","name":"BMW s\u00e9rie 2 - All cars news","isPartOf":{"@id":"https:\/\/all-car-news.com\/fr\/#website"},"datePublished":"2022-02-22T10:23:44+00:00","dateModified":"2022-03-08T09:12:24+00:00","breadcrumb":{"@id":"https:\/\/all-car-news.com\/fr\/trouveur-de-voiture\/bmw\/bmw-serie-2\/#breadcrumb"},"inLanguage":"fr-FR","potentialAction":[{"@type":"ReadAction","target":["https:\/\/all-car-news.com\/fr\/trouveur-de-voiture\/bmw\/bmw-serie-2\/"]}]},{"@type":"BreadcrumbList","@id":"https:\/\/all-car-news.com\/fr\/trouveur-de-voiture\/bmw\/bmw-serie-2\/#breadcrumb","itemListElement":[{"@type":"ListItem","position":1,"name":"Home","item":"https:\/\/all-car-news.com\/fr\/"},{"@type":"ListItem","position":2,"name":"trouveur de voiture","item":"https:\/\/all-car-news.com\/fr\/trouveur-de-voiture\/"},{"@type":"ListItem","position":3,"name":"BMW","item":"https:\/\/all-car-news.com\/fr\/trouveur-de-voiture\/bmw\/"},{"@type":"ListItem","position":4,"name":"BMW s\u00e9rie 2"}]},{"@type":"WebSite","@id":"https:\/\/all-car-news.com\/fr\/#website","url":"https:\/\/all-car-news.com\/fr\/","name":"All cars news","description":"","publisher":{"@id":"https:\/\/all-car-news.com\/fr\/#organization"},"potentialAction":[{"@type":"SearchAction","target":{"@type":"EntryPoint","urlTemplate":"https:\/\/all-car-news.com\/fr\/?s={search_term_string}"},"query-input":"required name=search_term_string"}],"inLanguage":"fr-FR"},{"@type":"Organization","@id":"https:\/\/all-car-news.com\/fr\/#organization","name":"All cars news","url":"https:\/\/all-car-news.com\/fr\/","logo":{"@type":"ImageObject","inLanguage":"fr-FR","@id":"https:\/\/all-car-news.com\/fr\/#\/schema\/logo\/image\/","url":"https:\/\/all-car-news.com\/wp-content\/uploads\/2022\/02\/CMYK-AllCarNews_LANDSCAPE_300px-1.png","contentUrl":"https:\/\/all-car-news.com\/wp-content\/uploads\/2022\/02\/CMYK-AllCarNews_LANDSCAPE_300px-1.png","width":300,"height":100,"caption":"All cars news"},"image":{"@id":"https:\/\/all-car-news.com\/fr\/#\/schema\/logo\/image\/"}}]}},"_links":{"self":[{"href":"https:\/\/all-car-news.com\/fr\/wp-json\/wp\/v2\/pages\/116576","targetHints":{"allow":["GET"]}}],"collection":[{"href":"https:\/\/all-car-news.com\/fr\/wp-json\/wp\/v2\/pages"}],"about":[{"href":"https:\/\/all-car-news.com\/fr\/wp-json\/wp\/v2\/types\/page"}],"author":[{"embeddable":true,"href":"https:\/\/all-car-news.com\/fr\/wp-json\/wp\/v2\/users\/4"}],"replies":[{"embeddable":true,"href":"https:\/\/all-car-news.com\/fr\/wp-json\/wp\/v2\/comments?post=116576"}],"version-history":[{"count":0,"href":"https:\/\/all-car-news.com\/fr\/wp-json\/wp\/v2\/pages\/116576\/revisions"}],"up":[{"embeddable":true,"href":"https:\/\/all-car-news.com\/fr\/wp-json\/wp\/v2\/pages\/116517"}],"wp:featuredmedia":[{"embeddable":true,"href":"https:\/\/all-car-news.com\/fr\/wp-json\/wp\/v2\/media\/116662"}],"wp:attachment":[{"href":"https:\/\/all-car-news.com\/fr\/wp-json\/wp\/v2\/media?parent=116576"}],"curies":[{"name":"wp","href":"https:\/\/api.w.org\/{rel}","templated":true}]}}