{"id":116517,"date":"2022-02-22T09:31:12","date_gmt":"2022-02-22T09:31:12","guid":{"rendered":"https:\/\/all-car-news.com\/bmw\/"},"modified":"2022-02-22T09:49:16","modified_gmt":"2022-02-22T09:49:16","slug":"bmw","status":"publish","type":"page","link":"https:\/\/all-car-news.com\/fr\/trouveur-de-voiture\/bmw\/","title":{"rendered":"BMW"},"content":{"rendered":"\n<h2 class=\"wp-block-heading\" id=\"bmw-geschiedenis\">L&rsquo;histoire de BMW<\/h2>\n\n<p>En 2016, BMW a c\u00e9l\u00e9br\u00e9 son 100e anniversaire. BMW (Bayerische Motoren Werke) consid\u00e8re la date de fondation de son pr\u00e9d\u00e9cesseur l\u00e9gal, Bayerische Flugzeug Werke (7 mars 1916) comme date de d\u00e9part.<\/p>\n\n<p>Avec le rachat du constructeur automobile Eisenach en 1928, BMW est \u00e9galement devenu un constructeur automobile. La premi\u00e8re BMW \u00e9tait la Dixi, d\u00e9riv\u00e9e de l&rsquo;Austin Seven de l&rsquo;\u00e9poque. \u00c0 partir de 1933, BMW construit ses propres mod\u00e8les avec un moteur six cylindres sportif. Surtout avec les 327 et 328, BMW a acquis une image sportive.<\/p>\n\n<p>Apr\u00e8s la guerre, BMW en tant que constructeur automobile a produit une grande berline et une voiture de sport, toutes deux \u00e9quip\u00e9es d&rsquo;un moteur V8. Pas un mat\u00e9riau avec lequel le constructeur automobile a prosp\u00e9r\u00e9 dans les ann\u00e9es d&rsquo;apr\u00e8s-guerre. La licence de l&rsquo;ISO italienne pour construire une sorte de scooter, le BMW-Isetta, a permis \u00e0 BMW de continuer. Au d\u00e9but des ann\u00e9es 1960, le tournant s&rsquo;est produit avec la \u00ab Neue Klasse \u00bb 1500 et les berlines sportives d\u00e9riv\u00e9es \u00e0 propulsion arri\u00e8re.<\/p>\n\n<p>En 1994, BMW a repris le Rover toujours malade. De cette acquisition, elle n&rsquo;a conserv\u00e9 que la marque Mini. Le rachat de Rolls-Royce et Bentley a \u00e9galement \u00e9chou\u00e9 dans un sens et BMW n&rsquo;a finalement obtenu que les droits de marque du constructeur automobile Rolls-Royce. En 2011, BMW a lanc\u00e9 le label BMW i, avec la citadine enti\u00e8rement \u00e9lectrique i3 et la voiture de sport enti\u00e8rement \u00e9lectrique i8.<\/p>\n\n<h2 class=\"wp-block-heading\" id=\"bmw-logo\">Sigle BMW<\/h2>\n\n<p>BMW explique son logo, une h\u00e9lice stylis\u00e9e, de ses origines de constructeur a\u00e9ronautique, mais les couleurs bleu et blanc font \u00e9galement r\u00e9f\u00e9rence aux couleurs de l&rsquo;\u00e9tat allemand de Bavi\u00e8re, o\u00f9 BMW est bas\u00e9e.<\/p>\n","protected":false},"excerpt":{"rendered":"<p>L&rsquo;histoire de BMW En 2016, BMW a c\u00e9l\u00e9br\u00e9 son 100e anniversaire. BMW (Bayerische Motoren Werke) consid\u00e8re la date de fondation [&hellip;]<\/p>\n","protected":false},"author":2,"featured_media":116561,"parent":116567,"menu_order":0,"comment_status":"closed","ping_status":"closed","template":"","meta":{"footnotes":""},"class_list":["post-116517","page","type-page","status-publish","has-post-thumbnail","hentry"],"acf":[],"yoast_head":"<!-- This site is optimized with the Yoast SEO plugin v21.2 - https:\/\/yoast.com\/wordpress\/plugins\/seo\/ -->\n<title>BMW - All cars news<\/title>\n<meta name=\"robots\" content=\"index, follow, max-snippet:-1, max-image-preview:large, max-video-preview:-1\" \/>\n<link rel=\"canonical\" href=\"https:\/\/all-car-news.com\/fr\/trouveur-de-voiture\/bmw\/\" \/>\n<meta property=\"og:locale\" content=\"fr_FR\" \/>\n<meta property=\"og:type\" content=\"article\" \/>\n<meta property=\"og:title\" content=\"BMW - All cars news\" \/>\n<meta property=\"og:description\" content=\"L&rsquo;histoire de BMW En 2016, BMW a c\u00e9l\u00e9br\u00e9 son 100e anniversaire. BMW (Bayerische Motoren Werke) consid\u00e8re la date de fondation [&hellip;]\" \/>\n<meta property=\"og:url\" content=\"https:\/\/all-car-news.com\/fr\/trouveur-de-voiture\/bmw\/\" \/>\n<meta property=\"og:site_name\" content=\"All cars news\" \/>\n<meta property=\"article:modified_time\" content=\"2022-02-22T09:49:16+00:00\" \/>\n<meta property=\"og:image\" content=\"https:\/\/all-car-news.com\/wp-content\/uploads\/2022\/02\/BMW-8-Series_Coupe-2019-1600-07-1600x500-1.jpeg\" \/>\n\t<meta property=\"og:image:width\" content=\"1600\" \/>\n\t<meta property=\"og:image:height\" content=\"500\" \/>\n\t<meta property=\"og:image:type\" content=\"image\/jpeg\" \/>\n<meta name=\"twitter:card\" content=\"summary_large_image\" \/>\n<meta name=\"twitter:label1\" content=\"Dur\u00e9e de lecture estim\u00e9e\" \/>\n\t<meta name=\"twitter:data1\" content=\"1 minute\" \/>\n<script type=\"application\/ld+json\" class=\"yoast-schema-graph\">{\"@context\":\"https:\/\/schema.org\",\"@graph\":[{\"@type\":\"WebPage\",\"@id\":\"https:\/\/all-car-news.com\/fr\/trouveur-de-voiture\/bmw\/\",\"url\":\"https:\/\/all-car-news.com\/fr\/trouveur-de-voiture\/bmw\/\",\"name\":\"BMW - All cars news\",\"isPartOf\":{\"@id\":\"https:\/\/all-car-news.com\/fr\/#website\"},\"datePublished\":\"2022-02-22T09:31:12+00:00\",\"dateModified\":\"2022-02-22T09:49:16+00:00\",\"breadcrumb\":{\"@id\":\"https:\/\/all-car-news.com\/fr\/trouveur-de-voiture\/bmw\/#breadcrumb\"},\"inLanguage\":\"fr-FR\",\"potentialAction\":[{\"@type\":\"ReadAction\",\"target\":[\"https:\/\/all-car-news.com\/fr\/trouveur-de-voiture\/bmw\/\"]}]},{\"@type\":\"BreadcrumbList\",\"@id\":\"https:\/\/all-car-news.com\/fr\/trouveur-de-voiture\/bmw\/#breadcrumb\",\"itemListElement\":[{\"@type\":\"ListItem\",\"position\":1,\"name\":\"Home\",\"item\":\"https:\/\/all-car-news.com\/fr\/\"},{\"@type\":\"ListItem\",\"position\":2,\"name\":\"trouveur de voiture\",\"item\":\"https:\/\/all-car-news.com\/fr\/trouveur-de-voiture\/\"},{\"@type\":\"ListItem\",\"position\":3,\"name\":\"BMW\"}]},{\"@type\":\"WebSite\",\"@id\":\"https:\/\/all-car-news.com\/fr\/#website\",\"url\":\"https:\/\/all-car-news.com\/fr\/\",\"name\":\"All cars news\",\"description\":\"\",\"publisher\":{\"@id\":\"https:\/\/all-car-news.com\/fr\/#organization\"},\"potentialAction\":[{\"@type\":\"SearchAction\",\"target\":{\"@type\":\"EntryPoint\",\"urlTemplate\":\"https:\/\/all-car-news.com\/fr\/?s={search_term_string}\"},\"query-input\":\"required name=search_term_string\"}],\"inLanguage\":\"fr-FR\"},{\"@type\":\"Organization\",\"@id\":\"https:\/\/all-car-news.com\/fr\/#organization\",\"name\":\"All cars news\",\"url\":\"https:\/\/all-car-news.com\/fr\/\",\"logo\":{\"@type\":\"ImageObject\",\"inLanguage\":\"fr-FR\",\"@id\":\"https:\/\/all-car-news.com\/fr\/#\/schema\/logo\/image\/\",\"url\":\"https:\/\/all-car-news.com\/wp-content\/uploads\/2022\/02\/CMYK-AllCarNews_LANDSCAPE_300px-1.png\",\"contentUrl\":\"https:\/\/all-car-news.com\/wp-content\/uploads\/2022\/02\/CMYK-AllCarNews_LANDSCAPE_300px-1.png\",\"width\":300,\"height\":100,\"caption\":\"All cars news\"},\"image\":{\"@id\":\"https:\/\/all-car-news.com\/fr\/#\/schema\/logo\/image\/\"}}]}<\/script>\n<!-- \/ Yoast SEO plugin. -->","yoast_head_json":{"title":"BMW - All cars news","robots":{"index":"index","follow":"follow","max-snippet":"max-snippet:-1","max-image-preview":"max-image-preview:large","max-video-preview":"max-video-preview:-1"},"canonical":"https:\/\/all-car-news.com\/fr\/trouveur-de-voiture\/bmw\/","og_locale":"fr_FR","og_type":"article","og_title":"BMW - All cars news","og_description":"L&rsquo;histoire de BMW En 2016, BMW a c\u00e9l\u00e9br\u00e9 son 100e anniversaire. BMW (Bayerische Motoren Werke) consid\u00e8re la date de fondation [&hellip;]","og_url":"https:\/\/all-car-news.com\/fr\/trouveur-de-voiture\/bmw\/","og_site_name":"All cars news","article_modified_time":"2022-02-22T09:49:16+00:00","og_image":[{"width":1600,"height":500,"url":"https:\/\/all-car-news.com\/wp-content\/uploads\/2022\/02\/BMW-8-Series_Coupe-2019-1600-07-1600x500-1.jpeg","type":"image\/jpeg"}],"twitter_card":"summary_large_image","twitter_misc":{"Dur\u00e9e de lecture estim\u00e9e":"1 minute"},"schema":{"@context":"https:\/\/schema.org","@graph":[{"@type":"WebPage","@id":"https:\/\/all-car-news.com\/fr\/trouveur-de-voiture\/bmw\/","url":"https:\/\/all-car-news.com\/fr\/trouveur-de-voiture\/bmw\/","name":"BMW - All cars news","isPartOf":{"@id":"https:\/\/all-car-news.com\/fr\/#website"},"datePublished":"2022-02-22T09:31:12+00:00","dateModified":"2022-02-22T09:49:16+00:00","breadcrumb":{"@id":"https:\/\/all-car-news.com\/fr\/trouveur-de-voiture\/bmw\/#breadcrumb"},"inLanguage":"fr-FR","potentialAction":[{"@type":"ReadAction","target":["https:\/\/all-car-news.com\/fr\/trouveur-de-voiture\/bmw\/"]}]},{"@type":"BreadcrumbList","@id":"https:\/\/all-car-news.com\/fr\/trouveur-de-voiture\/bmw\/#breadcrumb","itemListElement":[{"@type":"ListItem","position":1,"name":"Home","item":"https:\/\/all-car-news.com\/fr\/"},{"@type":"ListItem","position":2,"name":"trouveur de voiture","item":"https:\/\/all-car-news.com\/fr\/trouveur-de-voiture\/"},{"@type":"ListItem","position":3,"name":"BMW"}]},{"@type":"WebSite","@id":"https:\/\/all-car-news.com\/fr\/#website","url":"https:\/\/all-car-news.com\/fr\/","name":"All cars news","description":"","publisher":{"@id":"https:\/\/all-car-news.com\/fr\/#organization"},"potentialAction":[{"@type":"SearchAction","target":{"@type":"EntryPoint","urlTemplate":"https:\/\/all-car-news.com\/fr\/?s={search_term_string}"},"query-input":"required name=search_term_string"}],"inLanguage":"fr-FR"},{"@type":"Organization","@id":"https:\/\/all-car-news.com\/fr\/#organization","name":"All cars news","url":"https:\/\/all-car-news.com\/fr\/","logo":{"@type":"ImageObject","inLanguage":"fr-FR","@id":"https:\/\/all-car-news.com\/fr\/#\/schema\/logo\/image\/","url":"https:\/\/all-car-news.com\/wp-content\/uploads\/2022\/02\/CMYK-AllCarNews_LANDSCAPE_300px-1.png","contentUrl":"https:\/\/all-car-news.com\/wp-content\/uploads\/2022\/02\/CMYK-AllCarNews_LANDSCAPE_300px-1.png","width":300,"height":100,"caption":"All cars news"},"image":{"@id":"https:\/\/all-car-news.com\/fr\/#\/schema\/logo\/image\/"}}]}},"_links":{"self":[{"href":"https:\/\/all-car-news.com\/fr\/wp-json\/wp\/v2\/pages\/116517","targetHints":{"allow":["GET"]}}],"collection":[{"href":"https:\/\/all-car-news.com\/fr\/wp-json\/wp\/v2\/pages"}],"about":[{"href":"https:\/\/all-car-news.com\/fr\/wp-json\/wp\/v2\/types\/page"}],"author":[{"embeddable":true,"href":"https:\/\/all-car-news.com\/fr\/wp-json\/wp\/v2\/users\/2"}],"replies":[{"embeddable":true,"href":"https:\/\/all-car-news.com\/fr\/wp-json\/wp\/v2\/comments?post=116517"}],"version-history":[{"count":0,"href":"https:\/\/all-car-news.com\/fr\/wp-json\/wp\/v2\/pages\/116517\/revisions"}],"up":[{"embeddable":true,"href":"https:\/\/all-car-news.com\/fr\/wp-json\/wp\/v2\/pages\/116567"}],"wp:featuredmedia":[{"embeddable":true,"href":"https:\/\/all-car-news.com\/fr\/wp-json\/wp\/v2\/media\/116561"}],"wp:attachment":[{"href":"https:\/\/all-car-news.com\/fr\/wp-json\/wp\/v2\/media?parent=116517"}],"curies":[{"name":"wp","href":"https:\/\/api.w.org\/{rel}","templated":true}]}}