{"id":116301,"date":"2022-02-18T13:16:52","date_gmt":"2022-02-18T13:16:52","guid":{"rendered":"https:\/\/all-car-news.com\/page-dexemple\/"},"modified":"2022-02-18T13:16:52","modified_gmt":"2022-02-18T13:16:52","slug":"page-dexemple","status":"publish","type":"page","link":"https:\/\/all-car-news.com\/fr\/page-dexemple\/","title":{"rendered":"Page d&rsquo;exemple"},"content":{"rendered":"\n<p>Ceci est une page d&rsquo;exemple. C&rsquo;est diff\u00e9rent d&rsquo;un article de blog car il restera au m\u00eame endroit et appara\u00eetra dans la navigation de votre site (dans la plupart des th\u00e8mes). La plupart des gens commencent par une page \u00c0 propos qui les pr\u00e9sente aux visiteurs potentiels du site. Il pourrait dire quelque chose comme ceci :<\/p>\n\n<blockquote class=\"wp-block-quote is-layout-flow wp-block-quote-is-layout-flow\"><p>Salut! Je suis messager \u00e0 v\u00e9lo le jour, acteur en herbe la nuit, et voici mon site Web. J&rsquo;habite \u00e0 Los Angeles, j&rsquo;ai un super chien qui s&rsquo;appelle Jack et j&rsquo;aime les pi\u00f1a coladas. (Et se faire prendre sous la pluie.)<\/p><\/blockquote>\n\n<p>&#8230;ou quelque chose comme \u00e7a:<\/p>\n\n<blockquote class=\"wp-block-quote is-layout-flow wp-block-quote-is-layout-flow\"><p>La soci\u00e9t\u00e9 XYZ Doohickey a \u00e9t\u00e9 fond\u00e9e en 1971 et fournit depuis des doohickeys de qualit\u00e9 au public. Situ\u00e9 \u00e0 Gotham City, XYZ emploie plus de 2 000 personnes et fait toutes sortes de choses formidables pour la communaut\u00e9 de Gotham.<\/p><\/blockquote>\n\n<p>En tant que nouvel utilisateur de WordPress, vous devez vous rendre sur <a href=\"http:\/\/all-car-news.acc1.n11.nl\/wp-admin\/\">votre tableau de bord<\/a> pour supprimer cette page et cr\u00e9er de nouvelles pages pour votre contenu. S&rsquo;amuser!<\/p>\n","protected":false},"excerpt":{"rendered":"<p>Ceci est une page d&rsquo;exemple. C&rsquo;est diff\u00e9rent d&rsquo;un article de blog car il restera au m\u00eame endroit et appara\u00eetra dans [&hellip;]<\/p>\n","protected":false},"author":2,"featured_media":0,"parent":0,"menu_order":0,"comment_status":"closed","ping_status":"open","template":"","meta":{"footnotes":""},"class_list":["post-116301","page","type-page","status-publish","hentry"],"acf":[],"yoast_head":"<!-- This site is optimized with the Yoast SEO plugin v21.2 - https:\/\/yoast.com\/wordpress\/plugins\/seo\/ -->\n<title>Page d&#039;exemple - All cars news<\/title>\n<meta name=\"robots\" content=\"index, follow, max-snippet:-1, max-image-preview:large, max-video-preview:-1\" \/>\n<link rel=\"canonical\" href=\"https:\/\/all-car-news.com\/fr\/page-dexemple\/\" \/>\n<meta property=\"og:locale\" content=\"fr_FR\" \/>\n<meta property=\"og:type\" content=\"article\" \/>\n<meta property=\"og:title\" content=\"Page d&#039;exemple - All cars news\" \/>\n<meta property=\"og:description\" content=\"Ceci est une page d&rsquo;exemple. C&rsquo;est diff\u00e9rent d&rsquo;un article de blog car il restera au m\u00eame endroit et appara\u00eetra dans [&hellip;]\" \/>\n<meta property=\"og:url\" content=\"https:\/\/all-car-news.com\/fr\/page-dexemple\/\" \/>\n<meta property=\"og:site_name\" content=\"All cars news\" \/>\n<meta name=\"twitter:card\" content=\"summary_large_image\" \/>\n<meta name=\"twitter:label1\" content=\"Dur\u00e9e de lecture estim\u00e9e\" \/>\n\t<meta name=\"twitter:data1\" content=\"1 minute\" \/>\n<script type=\"application\/ld+json\" class=\"yoast-schema-graph\">{\"@context\":\"https:\/\/schema.org\",\"@graph\":[{\"@type\":\"WebPage\",\"@id\":\"https:\/\/all-car-news.com\/fr\/page-dexemple\/\",\"url\":\"https:\/\/all-car-news.com\/fr\/page-dexemple\/\",\"name\":\"Page d'exemple - All cars news\",\"isPartOf\":{\"@id\":\"https:\/\/all-car-news.com\/fr\/#website\"},\"datePublished\":\"2022-02-18T13:16:52+00:00\",\"dateModified\":\"2022-02-18T13:16:52+00:00\",\"breadcrumb\":{\"@id\":\"https:\/\/all-car-news.com\/fr\/page-dexemple\/#breadcrumb\"},\"inLanguage\":\"fr-FR\",\"potentialAction\":[{\"@type\":\"ReadAction\",\"target\":[\"https:\/\/all-car-news.com\/fr\/page-dexemple\/\"]}]},{\"@type\":\"BreadcrumbList\",\"@id\":\"https:\/\/all-car-news.com\/fr\/page-dexemple\/#breadcrumb\",\"itemListElement\":[{\"@type\":\"ListItem\",\"position\":1,\"name\":\"Home\",\"item\":\"https:\/\/all-car-news.com\/fr\/\"},{\"@type\":\"ListItem\",\"position\":2,\"name\":\"Page d&rsquo;exemple\"}]},{\"@type\":\"WebSite\",\"@id\":\"https:\/\/all-car-news.com\/fr\/#website\",\"url\":\"https:\/\/all-car-news.com\/fr\/\",\"name\":\"All cars news\",\"description\":\"\",\"publisher\":{\"@id\":\"https:\/\/all-car-news.com\/fr\/#organization\"},\"potentialAction\":[{\"@type\":\"SearchAction\",\"target\":{\"@type\":\"EntryPoint\",\"urlTemplate\":\"https:\/\/all-car-news.com\/fr\/?s={search_term_string}\"},\"query-input\":\"required name=search_term_string\"}],\"inLanguage\":\"fr-FR\"},{\"@type\":\"Organization\",\"@id\":\"https:\/\/all-car-news.com\/fr\/#organization\",\"name\":\"All cars news\",\"url\":\"https:\/\/all-car-news.com\/fr\/\",\"logo\":{\"@type\":\"ImageObject\",\"inLanguage\":\"fr-FR\",\"@id\":\"https:\/\/all-car-news.com\/fr\/#\/schema\/logo\/image\/\",\"url\":\"https:\/\/all-car-news.com\/wp-content\/uploads\/2022\/02\/CMYK-AllCarNews_LANDSCAPE_300px-1.png\",\"contentUrl\":\"https:\/\/all-car-news.com\/wp-content\/uploads\/2022\/02\/CMYK-AllCarNews_LANDSCAPE_300px-1.png\",\"width\":300,\"height\":100,\"caption\":\"All cars news\"},\"image\":{\"@id\":\"https:\/\/all-car-news.com\/fr\/#\/schema\/logo\/image\/\"}}]}<\/script>\n<!-- \/ Yoast SEO plugin. -->","yoast_head_json":{"title":"Page d'exemple - All cars news","robots":{"index":"index","follow":"follow","max-snippet":"max-snippet:-1","max-image-preview":"max-image-preview:large","max-video-preview":"max-video-preview:-1"},"canonical":"https:\/\/all-car-news.com\/fr\/page-dexemple\/","og_locale":"fr_FR","og_type":"article","og_title":"Page d'exemple - All cars news","og_description":"Ceci est une page d&rsquo;exemple. C&rsquo;est diff\u00e9rent d&rsquo;un article de blog car il restera au m\u00eame endroit et appara\u00eetra dans [&hellip;]","og_url":"https:\/\/all-car-news.com\/fr\/page-dexemple\/","og_site_name":"All cars news","twitter_card":"summary_large_image","twitter_misc":{"Dur\u00e9e de lecture estim\u00e9e":"1 minute"},"schema":{"@context":"https:\/\/schema.org","@graph":[{"@type":"WebPage","@id":"https:\/\/all-car-news.com\/fr\/page-dexemple\/","url":"https:\/\/all-car-news.com\/fr\/page-dexemple\/","name":"Page d'exemple - All cars news","isPartOf":{"@id":"https:\/\/all-car-news.com\/fr\/#website"},"datePublished":"2022-02-18T13:16:52+00:00","dateModified":"2022-02-18T13:16:52+00:00","breadcrumb":{"@id":"https:\/\/all-car-news.com\/fr\/page-dexemple\/#breadcrumb"},"inLanguage":"fr-FR","potentialAction":[{"@type":"ReadAction","target":["https:\/\/all-car-news.com\/fr\/page-dexemple\/"]}]},{"@type":"BreadcrumbList","@id":"https:\/\/all-car-news.com\/fr\/page-dexemple\/#breadcrumb","itemListElement":[{"@type":"ListItem","position":1,"name":"Home","item":"https:\/\/all-car-news.com\/fr\/"},{"@type":"ListItem","position":2,"name":"Page d&rsquo;exemple"}]},{"@type":"WebSite","@id":"https:\/\/all-car-news.com\/fr\/#website","url":"https:\/\/all-car-news.com\/fr\/","name":"All cars news","description":"","publisher":{"@id":"https:\/\/all-car-news.com\/fr\/#organization"},"potentialAction":[{"@type":"SearchAction","target":{"@type":"EntryPoint","urlTemplate":"https:\/\/all-car-news.com\/fr\/?s={search_term_string}"},"query-input":"required name=search_term_string"}],"inLanguage":"fr-FR"},{"@type":"Organization","@id":"https:\/\/all-car-news.com\/fr\/#organization","name":"All cars news","url":"https:\/\/all-car-news.com\/fr\/","logo":{"@type":"ImageObject","inLanguage":"fr-FR","@id":"https:\/\/all-car-news.com\/fr\/#\/schema\/logo\/image\/","url":"https:\/\/all-car-news.com\/wp-content\/uploads\/2022\/02\/CMYK-AllCarNews_LANDSCAPE_300px-1.png","contentUrl":"https:\/\/all-car-news.com\/wp-content\/uploads\/2022\/02\/CMYK-AllCarNews_LANDSCAPE_300px-1.png","width":300,"height":100,"caption":"All cars news"},"image":{"@id":"https:\/\/all-car-news.com\/fr\/#\/schema\/logo\/image\/"}}]}},"_links":{"self":[{"href":"https:\/\/all-car-news.com\/fr\/wp-json\/wp\/v2\/pages\/116301","targetHints":{"allow":["GET"]}}],"collection":[{"href":"https:\/\/all-car-news.com\/fr\/wp-json\/wp\/v2\/pages"}],"about":[{"href":"https:\/\/all-car-news.com\/fr\/wp-json\/wp\/v2\/types\/page"}],"author":[{"embeddable":true,"href":"https:\/\/all-car-news.com\/fr\/wp-json\/wp\/v2\/users\/2"}],"replies":[{"embeddable":true,"href":"https:\/\/all-car-news.com\/fr\/wp-json\/wp\/v2\/comments?post=116301"}],"version-history":[{"count":0,"href":"https:\/\/all-car-news.com\/fr\/wp-json\/wp\/v2\/pages\/116301\/revisions"}],"wp:attachment":[{"href":"https:\/\/all-car-news.com\/fr\/wp-json\/wp\/v2\/media?parent=116301"}],"curies":[{"name":"wp","href":"https:\/\/api.w.org\/{rel}","templated":true}]}}