{"id":118235,"date":"2022-03-09T09:06:59","date_gmt":"2022-03-09T09:06:59","guid":{"rendered":"https:\/\/all-car-news.com\/buscador-de-coches\/volkswagen\/volkswagen-sharan\/"},"modified":"2022-03-09T09:07:12","modified_gmt":"2022-03-09T09:07:12","slug":"volkswagen-sharan","status":"publish","type":"page","link":"https:\/\/all-car-news.com\/es\/buscador-de-coches\/volkswagen\/volkswagen-sharan\/","title":{"rendered":"volkswagen sharan"},"content":{"rendered":"\n<p>En 1995, el monovolumen grande sigue siendo muy popular. Es un segmento muy disputado con coches como el Renault Espace, Citro\u00ebn Evasion y Peugeot 806. Es hora de que Volkswagen responda a esto. El grupo Volkswagen est\u00e1 haciendo esto en colaboraci\u00f3n con Ford. El coche se comercializ\u00f3 como Ford Galaxy, Volkswagen Sharan y en 1996 tambi\u00e9n como SEAT Alhambra. Inicialmente, los logotipos y la parrilla eran pr\u00e1cticamente la \u00fanica diferencia entre los tres autos, pero un lavado de cara interino en 2000 trajo m\u00e1s diversidad. El nombre Sharan se deriva de una palabra persa que significa \u00abportador de reyes\u00bb.<\/p>\n\n<p>En 1995, el monovolumen grande sigue siendo muy popular. Es un segmento muy disputado con coches como el Renault Espace, Citro\u00ebn Evasion y Peugeot 806. Es hora de que Volkswagen responda a esto. El grupo Volkswagen est\u00e1 haciendo esto en colaboraci\u00f3n con Ford. El coche se comercializ\u00f3 como Ford Galaxy, Volkswagen Sharan y en 1996 tambi\u00e9n como SEAT Alhambra. Inicialmente, los logotipos y la parrilla eran pr\u00e1cticamente la \u00fanica diferencia entre los tres autos, pero un lavado de cara interino en 2000 trajo m\u00e1s diversidad. El nombre Sharan se deriva de una palabra persa que significa \u00abportador de reyes\u00bb.<\/p>\n\n<h2 class=\"wp-block-heading\"><strong>Aumentar<\/strong><br\/><\/h2>\n\n<p>Reci\u00e9n en 2010 apareci\u00f3 la segunda y actual generaci\u00f3n. Mientras tanto, Ford ten\u00eda un nuevo Galaxy propio, por lo que los trillizos MPV ahora eran gemelos. El nuevo Sharan\/Alhambra no solo era m\u00e1s grande que el primer modelo, sino tambi\u00e9n mucho m\u00e1s lujoso. Las puertas traseras correderas eran nuevas, mientras que la primera generaci\u00f3n todav\u00eda ten\u00eda puertas convencionales.<\/p>\n\n<h2 class=\"wp-block-heading\"><strong>Fin (no) a la vista<\/strong><br\/><\/h2>\n\n<p>Despu\u00e9s de un sutil lavado de cara provisional, este Alhambra algo envejecido todav\u00eda est\u00e1 en las salas de exhibici\u00f3n, aunque el modelo desapareci\u00f3 del mercado holand\u00e9s en 2019. El mercado de autom\u00f3viles ahora se ve muy diferente y hay relativamente poca demanda de monovol\u00famenes tan grandes. A\u00fan as\u00ed, no ha habido una palabra sobre una posible parada de producci\u00f3n del modelo. Si se llega a eso, entonces un sucesor no es obvio. Volkswagen ahora tambi\u00e9n ofrece suficientes alternativas para aquellos que tienen que salir con mucha gente.<\/p>\n\n<h2 class=\"wp-block-heading\">T\u00e9cnico<\/h2>\n\n<figure class=\"wp-block-table is-style-stripes\"><table class=\"has-fixed-layout\"><tbody><tr><td>Tipo de motor<\/td><td>gasolina, l\u00ednea de 4 cilindros<\/td><\/tr><tr><td>Desplazamiento<\/td><td>1.395 cm\u00b3<\/td><\/tr><tr><td>m\u00e1x. activos<\/td><td>110 kW (150 CV)<\/td><\/tr><tr><td>abeja<\/td><td>5.000 rpm<\/td><\/tr><tr><td>m\u00e1x. Pareja<\/td><td>250 nm<\/td><\/tr><tr><td>abeja<\/td><td>1.500 rpm<\/td><\/tr><tr><td>Conducir<\/td><td>ruedas frontales<\/td><\/tr><tr><td>Frenos de\/a<\/td><td>dado discos\/discos<\/td><\/tr><tr><td>Radio de giro<\/td><td>11,9 metros<\/td><\/tr><tr><td>Rango de poder<\/td><td>solo 110 kw<\/td><\/tr><\/tbody><\/table><\/figure>\n\n<h2 class=\"wp-block-heading\">General<\/h2>\n\n<figure class=\"wp-block-table is-style-stripes\"><table><tbody><tr><td>Transmisi\u00f3n<\/td><td>6MT (opci\u00f3n 6AT)<\/td><\/tr><tr><td>Tipo de cuerpo<\/td><td>5 hab. monovolumen<\/td><\/tr><tr><td>EuroNCAP<\/td><td>5 estrellas<\/td><\/tr><tr><td>Lanzamiento al mercado<\/td><td>junio de 2010<\/td><\/tr><tr><td>\u00daltimo lavado de cara<\/td><td>junio 2015<\/td><\/tr><tr><td>Garant\u00eda<\/td><td>2 a\u00f1os<\/td><\/tr><tr><td>Desde precio<\/td><td>49.730\u20ac<\/td><\/tr><tr><td>Particularidades<\/td><td>El Volkswagen Sharan tiene capacidad para siete personas y tiene puertas corredizas.<\/td><\/tr><\/tbody><\/table><\/figure>\n\n<h2 class=\"wp-block-heading\">Dimensiones\/pesos<\/h2>\n\n<figure class=\"wp-block-table is-style-stripes\"><table class=\"has-fixed-layout\"><tbody><tr><td>Tama\u00f1o de llanta<\/td><td>205\/60 R16<\/td><\/tr><tr><td>L x An x Al<\/td><td>4.854 x 1.904 x 1.720 mm<\/td><\/tr><tr><td>distancia entre ejes<\/td><td>2919 mm<\/td><\/tr><tr><td>Masa vac\u00eda<\/td><td>1.655 kg<\/td><\/tr><tr><td>m\u00e1x. seg\u00fan peso<\/td><td>1.800 kg<\/td><\/tr><tr><td>continuaci\u00f3n bolsa. habitaci\u00f3n.<\/td><td>809 litros<\/td><\/tr><tr><td>Capacidad del tanque<\/td><td>70l<\/td><\/tr><\/tbody><\/table><\/figure>\n\n<h2 class=\"wp-block-heading\">Consumo<\/h2>\n\n<figure class=\"wp-block-table is-style-stripes\"><table class=\"has-fixed-layout\"><tbody><tr><td>con. conjunto<\/td><td>6,5 l\/100 km<\/td><\/tr><tr><td>emisiones de CO\u2082<\/td><td>150g\/km<\/td><\/tr><tr><td>Etiqueta energ\u00e9tica<\/td><td>C<\/td><\/tr><\/tbody><\/table><\/figure>\n\n<h2 class=\"wp-block-heading\">Rendimiento<\/h2>\n\n<figure class=\"wp-block-table is-style-stripes\"><table class=\"has-fixed-layout\"><tbody><tr><td>Cuenta 0-100 km\/h<\/td><td>9.9 seg<\/td><\/tr><tr><td>velocidad m\u00e1xima<\/td><td>200 km\/h<\/td><\/tr><\/tbody><\/table><\/figure>\n","protected":false},"excerpt":{"rendered":"<p>En 1995, el monovolumen grande sigue siendo muy popular. Es un segmento muy disputado con coches como el Renault Espace, [&hellip;]<\/p>\n","protected":false},"author":4,"featured_media":118087,"parent":117701,"menu_order":0,"comment_status":"closed","ping_status":"closed","template":"","meta":{"footnotes":""},"class_list":["post-118235","page","type-page","status-publish","has-post-thumbnail","hentry"],"acf":[],"yoast_head":"<!-- This site is optimized with the Yoast SEO plugin v21.2 - https:\/\/yoast.com\/wordpress\/plugins\/seo\/ -->\n<title>volkswagen sharan - All cars news<\/title>\n<meta name=\"robots\" content=\"index, follow, max-snippet:-1, max-image-preview:large, max-video-preview:-1\" \/>\n<link rel=\"canonical\" href=\"https:\/\/all-car-news.com\/es\/buscador-de-coches\/volkswagen\/volkswagen-sharan\/\" \/>\n<meta property=\"og:locale\" content=\"es_ES\" \/>\n<meta property=\"og:type\" content=\"article\" \/>\n<meta property=\"og:title\" content=\"volkswagen sharan - All cars news\" \/>\n<meta property=\"og:description\" content=\"En 1995, el monovolumen grande sigue siendo muy popular. Es un segmento muy disputado con coches como el Renault Espace, [&hellip;]\" \/>\n<meta property=\"og:url\" content=\"https:\/\/all-car-news.com\/es\/buscador-de-coches\/volkswagen\/volkswagen-sharan\/\" \/>\n<meta property=\"og:site_name\" content=\"All cars news\" \/>\n<meta property=\"article:modified_time\" content=\"2022-03-09T09:07:12+00:00\" \/>\n<meta property=\"og:image\" content=\"https:\/\/all-car-news.com\/wp-content\/uploads\/2022\/03\/Volkswagen-Sharan.jpg\" \/>\n\t<meta property=\"og:image:width\" content=\"1279\" \/>\n\t<meta property=\"og:image:height\" content=\"925\" \/>\n\t<meta property=\"og:image:type\" content=\"image\/jpeg\" \/>\n<meta name=\"twitter:card\" content=\"summary_large_image\" \/>\n<meta name=\"twitter:label1\" content=\"Tiempo de lectura\" \/>\n\t<meta name=\"twitter:data1\" content=\"2 minutos\" \/>\n<script type=\"application\/ld+json\" class=\"yoast-schema-graph\">{\"@context\":\"https:\/\/schema.org\",\"@graph\":[{\"@type\":\"WebPage\",\"@id\":\"https:\/\/all-car-news.com\/es\/buscador-de-coches\/volkswagen\/volkswagen-sharan\/\",\"url\":\"https:\/\/all-car-news.com\/es\/buscador-de-coches\/volkswagen\/volkswagen-sharan\/\",\"name\":\"volkswagen sharan - All cars news\",\"isPartOf\":{\"@id\":\"https:\/\/all-car-news.com\/es\/#website\"},\"datePublished\":\"2022-03-09T09:06:59+00:00\",\"dateModified\":\"2022-03-09T09:07:12+00:00\",\"breadcrumb\":{\"@id\":\"https:\/\/all-car-news.com\/es\/buscador-de-coches\/volkswagen\/volkswagen-sharan\/#breadcrumb\"},\"inLanguage\":\"es\",\"potentialAction\":[{\"@type\":\"ReadAction\",\"target\":[\"https:\/\/all-car-news.com\/es\/buscador-de-coches\/volkswagen\/volkswagen-sharan\/\"]}]},{\"@type\":\"BreadcrumbList\",\"@id\":\"https:\/\/all-car-news.com\/es\/buscador-de-coches\/volkswagen\/volkswagen-sharan\/#breadcrumb\",\"itemListElement\":[{\"@type\":\"ListItem\",\"position\":1,\"name\":\"Home\",\"item\":\"https:\/\/all-car-news.com\/es\/\"},{\"@type\":\"ListItem\",\"position\":2,\"name\":\"buscador de coches\",\"item\":\"https:\/\/all-car-news.com\/es\/buscador-de-coches\/\"},{\"@type\":\"ListItem\",\"position\":3,\"name\":\"volkswagen\",\"item\":\"https:\/\/all-car-news.com\/es\/buscador-de-coches\/volkswagen\/\"},{\"@type\":\"ListItem\",\"position\":4,\"name\":\"volkswagen sharan\"}]},{\"@type\":\"WebSite\",\"@id\":\"https:\/\/all-car-news.com\/es\/#website\",\"url\":\"https:\/\/all-car-news.com\/es\/\",\"name\":\"All cars news\",\"description\":\"\",\"publisher\":{\"@id\":\"https:\/\/all-car-news.com\/es\/#organization\"},\"potentialAction\":[{\"@type\":\"SearchAction\",\"target\":{\"@type\":\"EntryPoint\",\"urlTemplate\":\"https:\/\/all-car-news.com\/es\/?s={search_term_string}\"},\"query-input\":\"required name=search_term_string\"}],\"inLanguage\":\"es\"},{\"@type\":\"Organization\",\"@id\":\"https:\/\/all-car-news.com\/es\/#organization\",\"name\":\"All cars news\",\"url\":\"https:\/\/all-car-news.com\/es\/\",\"logo\":{\"@type\":\"ImageObject\",\"inLanguage\":\"es\",\"@id\":\"https:\/\/all-car-news.com\/es\/#\/schema\/logo\/image\/\",\"url\":\"https:\/\/all-car-news.com\/wp-content\/uploads\/2022\/02\/CMYK-AllCarNews_LANDSCAPE_300px-1.png\",\"contentUrl\":\"https:\/\/all-car-news.com\/wp-content\/uploads\/2022\/02\/CMYK-AllCarNews_LANDSCAPE_300px-1.png\",\"width\":300,\"height\":100,\"caption\":\"All cars news\"},\"image\":{\"@id\":\"https:\/\/all-car-news.com\/es\/#\/schema\/logo\/image\/\"}}]}<\/script>\n<!-- \/ Yoast SEO plugin. -->","yoast_head_json":{"title":"volkswagen sharan - All cars news","robots":{"index":"index","follow":"follow","max-snippet":"max-snippet:-1","max-image-preview":"max-image-preview:large","max-video-preview":"max-video-preview:-1"},"canonical":"https:\/\/all-car-news.com\/es\/buscador-de-coches\/volkswagen\/volkswagen-sharan\/","og_locale":"es_ES","og_type":"article","og_title":"volkswagen sharan - All cars news","og_description":"En 1995, el monovolumen grande sigue siendo muy popular. Es un segmento muy disputado con coches como el Renault Espace, [&hellip;]","og_url":"https:\/\/all-car-news.com\/es\/buscador-de-coches\/volkswagen\/volkswagen-sharan\/","og_site_name":"All cars news","article_modified_time":"2022-03-09T09:07:12+00:00","og_image":[{"width":1279,"height":925,"url":"https:\/\/all-car-news.com\/wp-content\/uploads\/2022\/03\/Volkswagen-Sharan.jpg","type":"image\/jpeg"}],"twitter_card":"summary_large_image","twitter_misc":{"Tiempo de lectura":"2 minutos"},"schema":{"@context":"https:\/\/schema.org","@graph":[{"@type":"WebPage","@id":"https:\/\/all-car-news.com\/es\/buscador-de-coches\/volkswagen\/volkswagen-sharan\/","url":"https:\/\/all-car-news.com\/es\/buscador-de-coches\/volkswagen\/volkswagen-sharan\/","name":"volkswagen sharan - All cars news","isPartOf":{"@id":"https:\/\/all-car-news.com\/es\/#website"},"datePublished":"2022-03-09T09:06:59+00:00","dateModified":"2022-03-09T09:07:12+00:00","breadcrumb":{"@id":"https:\/\/all-car-news.com\/es\/buscador-de-coches\/volkswagen\/volkswagen-sharan\/#breadcrumb"},"inLanguage":"es","potentialAction":[{"@type":"ReadAction","target":["https:\/\/all-car-news.com\/es\/buscador-de-coches\/volkswagen\/volkswagen-sharan\/"]}]},{"@type":"BreadcrumbList","@id":"https:\/\/all-car-news.com\/es\/buscador-de-coches\/volkswagen\/volkswagen-sharan\/#breadcrumb","itemListElement":[{"@type":"ListItem","position":1,"name":"Home","item":"https:\/\/all-car-news.com\/es\/"},{"@type":"ListItem","position":2,"name":"buscador de coches","item":"https:\/\/all-car-news.com\/es\/buscador-de-coches\/"},{"@type":"ListItem","position":3,"name":"volkswagen","item":"https:\/\/all-car-news.com\/es\/buscador-de-coches\/volkswagen\/"},{"@type":"ListItem","position":4,"name":"volkswagen sharan"}]},{"@type":"WebSite","@id":"https:\/\/all-car-news.com\/es\/#website","url":"https:\/\/all-car-news.com\/es\/","name":"All cars news","description":"","publisher":{"@id":"https:\/\/all-car-news.com\/es\/#organization"},"potentialAction":[{"@type":"SearchAction","target":{"@type":"EntryPoint","urlTemplate":"https:\/\/all-car-news.com\/es\/?s={search_term_string}"},"query-input":"required name=search_term_string"}],"inLanguage":"es"},{"@type":"Organization","@id":"https:\/\/all-car-news.com\/es\/#organization","name":"All cars news","url":"https:\/\/all-car-news.com\/es\/","logo":{"@type":"ImageObject","inLanguage":"es","@id":"https:\/\/all-car-news.com\/es\/#\/schema\/logo\/image\/","url":"https:\/\/all-car-news.com\/wp-content\/uploads\/2022\/02\/CMYK-AllCarNews_LANDSCAPE_300px-1.png","contentUrl":"https:\/\/all-car-news.com\/wp-content\/uploads\/2022\/02\/CMYK-AllCarNews_LANDSCAPE_300px-1.png","width":300,"height":100,"caption":"All cars news"},"image":{"@id":"https:\/\/all-car-news.com\/es\/#\/schema\/logo\/image\/"}}]}},"_links":{"self":[{"href":"https:\/\/all-car-news.com\/es\/wp-json\/wp\/v2\/pages\/118235","targetHints":{"allow":["GET"]}}],"collection":[{"href":"https:\/\/all-car-news.com\/es\/wp-json\/wp\/v2\/pages"}],"about":[{"href":"https:\/\/all-car-news.com\/es\/wp-json\/wp\/v2\/types\/page"}],"author":[{"embeddable":true,"href":"https:\/\/all-car-news.com\/es\/wp-json\/wp\/v2\/users\/4"}],"replies":[{"embeddable":true,"href":"https:\/\/all-car-news.com\/es\/wp-json\/wp\/v2\/comments?post=118235"}],"version-history":[{"count":0,"href":"https:\/\/all-car-news.com\/es\/wp-json\/wp\/v2\/pages\/118235\/revisions"}],"up":[{"embeddable":true,"href":"https:\/\/all-car-news.com\/es\/wp-json\/wp\/v2\/pages\/117701"}],"wp:featuredmedia":[{"embeddable":true,"href":"https:\/\/all-car-news.com\/es\/wp-json\/wp\/v2\/media\/118087"}],"wp:attachment":[{"href":"https:\/\/all-car-news.com\/es\/wp-json\/wp\/v2\/media?parent=118235"}],"curies":[{"name":"wp","href":"https:\/\/api.w.org\/{rel}","templated":true}]}}