{"id":118233,"date":"2022-03-09T09:06:59","date_gmt":"2022-03-09T09:06:59","guid":{"rendered":"https:\/\/all-car-news.com\/buscador-de-coches\/volkswagen\/kia-xceed\/"},"modified":"2022-03-09T09:07:12","modified_gmt":"2022-03-09T09:07:12","slug":"kia-xceed","status":"publish","type":"page","link":"https:\/\/all-car-news.com\/es\/buscador-de-coches\/volkswagen\/kia-xceed\/","title":{"rendered":"kia xceed"},"content":{"rendered":"\n<p>En 2019, Kia agreg\u00f3 otro crossover a su gama de modelos: el Xceed. Como implica el nombre del tipo, el autom\u00f3vil es parte de la l\u00ednea de modelos Ceed. Adem\u00e1s del hatchback regular, la camioneta regular y la camioneta estilo coup\u00e9, ahora tambi\u00e9n existe este hatchback alto, que tambi\u00e9n tiene una l\u00ednea de techo similar a un coup\u00e9. En t\u00e9rminos de dimensiones y t\u00e9cnicamente, el Xceed es el m\u00e1s cercano al hatchback Ceed regular.<\/p>\n\n<p>En 2019, Kia agreg\u00f3 otro crossover a su gama de modelos: el Xceed. Como implica el nombre del tipo, el autom\u00f3vil es parte de la l\u00ednea de modelos Ceed. Adem\u00e1s del hatchback regular, la camioneta regular y la camioneta estilo coup\u00e9, ahora tambi\u00e9n existe este hatchback alto, que tambi\u00e9n tiene una l\u00ednea de techo similar a un coup\u00e9. En t\u00e9rminos de dimensiones y t\u00e9cnicamente, el Xceed es el m\u00e1s cercano al hatchback Ceed regular.<\/p>\n\n<h2 class=\"wp-block-heading\"><strong>H\u00edbrido enchufable<\/strong><br\/><\/h2>\n\n<p>Sin embargo, en t\u00e9rminos de posicionamiento, el Xceed es principalmente la alternativa m\u00e1s deportiva y m\u00e1s orientada a la emoci\u00f3n al Niro. El Xceed tambi\u00e9n viene con un sistema de propulsi\u00f3n h\u00edbrido enchufable opcional. Adem\u00e1s, un di\u00e9sel con tecnolog\u00eda mild hybrid y el resto de la gama de motores se compone de motores de gasolina regulares.<\/p>\n\n<h2 class=\"wp-block-heading\"><strong>Equipo<\/strong><br\/><\/h2>\n\n<p>Kia llama al Xceed uno de los autos mejor equipados de su clase. Eso bien puede ser correcto, porque hay suficiente en la lista de equipos y opciones. Destaca especialmente el nuevo UVO Connect. Ese es un nuevo sistema de informaci\u00f3n y entretenimiento con una tarjeta SIM incorporada. El sistema dispone de todo tipo de informaci\u00f3n \u00fatil en tiempo real para, por ejemplo, la navegaci\u00f3n y el aparcamiento.<\/p>\n\n<h2 class=\"wp-block-heading\">T\u00e9cnico<\/h2>\n\n<figure class=\"wp-block-table is-style-stripes\"><table class=\"has-fixed-layout\"><tbody><tr><td>Tipo de motor<\/td><td>gasolina, l\u00ednea de 3 cilindros<\/td><\/tr><tr><td>Desplazamiento<\/td><td>998cm<\/td><\/tr><tr><td>m\u00e1x. activos<\/td><td>88 kW (120 CV)<\/td><\/tr><tr><td>abeja<\/td><td>6.000 rpm<\/td><\/tr><tr><td>m\u00e1x. Pareja<\/td><td>172 nm<\/td><\/tr><tr><td>abeja<\/td><td>1.500 rpm<\/td><\/tr><tr><td>Conducir<\/td><td>ruedas frontales<\/td><\/tr><tr><td>Frenos de\/a<\/td><td>dado discos\/discos<\/td><\/tr><tr><td>Rango de poder<\/td><td>88 a 150 kilovatios<\/td><\/tr><\/tbody><\/table><\/figure>\n\n<h2 class=\"wp-block-heading\">General<\/h2>\n\n<figure class=\"wp-block-table is-style-stripes\"><table class=\"has-fixed-layout\"><tbody><tr><td>Transmisi\u00f3n<\/td><td>6MT<\/td><\/tr><tr><td>Tipo de cuerpo<\/td><td>5 hab. hatchback<\/td><\/tr><tr><td>EuroNCAP<\/td><td>no probado<\/td><\/tr><tr><td>Lanzamiento al mercado<\/td><td>octubre 2019<\/td><\/tr><tr><td>\u00daltimo lavado de cara<\/td><td>N \/ A<\/td><\/tr><tr><td>Garant\u00eda<\/td><td>7 a\u00f1os<\/td><\/tr><tr><td>Desde precio<\/td><td>29.995\u20ac<\/td><\/tr><tr><td>Particularidades<\/td><td>El Xceed es un crossover completamente nuevo basado en el Ceed de cinco puertas.<\/td><\/tr><\/tbody><\/table><\/figure>\n\n<h2 class=\"wp-block-heading\">Dimensiones\/pesos<\/h2>\n\n<figure class=\"wp-block-table is-style-stripes\"><table class=\"has-fixed-layout\"><tbody><tr><td>Tama\u00f1o de llanta<\/td><td>225\/40 R18<\/td><\/tr><tr><td>L x An x Al<\/td><td>4395 x 1826 x 1495 mm<\/td><\/tr><tr><td>distancia entre ejes<\/td><td>2650mm<\/td><\/tr><tr><td>Masa vac\u00eda<\/td><td>1.232 kg<\/td><\/tr><tr><td>m\u00e1x. seg\u00fan peso<\/td><td>1.200 kg<\/td><\/tr><tr><td>continuaci\u00f3n bolsa. habitaci\u00f3n.<\/td><td>426 litros<\/td><\/tr><tr><td>Capacidad del tanque<\/td><td>50l<\/td><\/tr><\/tbody><\/table><\/figure>\n\n<h2 class=\"wp-block-heading\">Consumo<\/h2>\n\n<figure class=\"wp-block-table is-style-stripes\"><table class=\"has-fixed-layout\"><tbody><tr><td>con. conjunto<\/td><td>5,6 l\/100 km<\/td><\/tr><tr><td>emisiones de CO\u2082<\/td><td>129g\/km<\/td><\/tr><tr><td>Etiqueta energ\u00e9tica<\/td><td>C<\/td><\/tr><\/tbody><\/table><\/figure>\n\n<h2 class=\"wp-block-heading\">Rendimiento<\/h2>\n\n<figure class=\"wp-block-table is-style-stripes\"><table class=\"has-fixed-layout\"><tbody><tr><td>Cuenta 0-100 km\/h<\/td><td>11.3 seg<\/td><\/tr><tr><td>velocidad m\u00e1xima<\/td><td>186 km\/h<\/td><\/tr><\/tbody><\/table><\/figure>\n","protected":false},"excerpt":{"rendered":"<p>En 2019, Kia agreg\u00f3 otro crossover a su gama de modelos: el Xceed. Como implica el nombre del tipo, el [&hellip;]<\/p>\n","protected":false},"author":4,"featured_media":118159,"parent":117701,"menu_order":0,"comment_status":"closed","ping_status":"closed","template":"","meta":{"footnotes":""},"class_list":["post-118233","page","type-page","status-publish","has-post-thumbnail","hentry"],"acf":[],"yoast_head":"<!-- This site is optimized with the Yoast SEO plugin v21.2 - https:\/\/yoast.com\/wordpress\/plugins\/seo\/ -->\n<title>kia xceed - All cars news<\/title>\n<meta name=\"robots\" content=\"index, follow, max-snippet:-1, max-image-preview:large, max-video-preview:-1\" \/>\n<link rel=\"canonical\" href=\"https:\/\/all-car-news.com\/es\/buscador-de-coches\/volkswagen\/kia-xceed\/\" \/>\n<meta property=\"og:locale\" content=\"es_ES\" \/>\n<meta property=\"og:type\" content=\"article\" \/>\n<meta property=\"og:title\" content=\"kia xceed - All cars news\" \/>\n<meta property=\"og:description\" content=\"En 2019, Kia agreg\u00f3 otro crossover a su gama de modelos: el Xceed. Como implica el nombre del tipo, el [&hellip;]\" \/>\n<meta property=\"og:url\" content=\"https:\/\/all-car-news.com\/es\/buscador-de-coches\/volkswagen\/kia-xceed\/\" \/>\n<meta property=\"og:site_name\" content=\"All cars news\" \/>\n<meta property=\"article:modified_time\" content=\"2022-03-09T09:07:12+00:00\" \/>\n<meta property=\"og:image\" content=\"https:\/\/all-car-news.com\/wp-content\/uploads\/2022\/03\/2019-Kia-XCeed-1.jpg\" \/>\n\t<meta property=\"og:image:width\" content=\"1600\" \/>\n\t<meta property=\"og:image:height\" content=\"1048\" \/>\n\t<meta property=\"og:image:type\" content=\"image\/jpeg\" \/>\n<meta name=\"twitter:card\" content=\"summary_large_image\" \/>\n<meta name=\"twitter:label1\" content=\"Tiempo de lectura\" \/>\n\t<meta name=\"twitter:data1\" content=\"2 minutos\" \/>\n<script type=\"application\/ld+json\" class=\"yoast-schema-graph\">{\"@context\":\"https:\/\/schema.org\",\"@graph\":[{\"@type\":\"WebPage\",\"@id\":\"https:\/\/all-car-news.com\/es\/buscador-de-coches\/volkswagen\/kia-xceed\/\",\"url\":\"https:\/\/all-car-news.com\/es\/buscador-de-coches\/volkswagen\/kia-xceed\/\",\"name\":\"kia xceed - All cars news\",\"isPartOf\":{\"@id\":\"https:\/\/all-car-news.com\/es\/#website\"},\"datePublished\":\"2022-03-09T09:06:59+00:00\",\"dateModified\":\"2022-03-09T09:07:12+00:00\",\"breadcrumb\":{\"@id\":\"https:\/\/all-car-news.com\/es\/buscador-de-coches\/volkswagen\/kia-xceed\/#breadcrumb\"},\"inLanguage\":\"es\",\"potentialAction\":[{\"@type\":\"ReadAction\",\"target\":[\"https:\/\/all-car-news.com\/es\/buscador-de-coches\/volkswagen\/kia-xceed\/\"]}]},{\"@type\":\"BreadcrumbList\",\"@id\":\"https:\/\/all-car-news.com\/es\/buscador-de-coches\/volkswagen\/kia-xceed\/#breadcrumb\",\"itemListElement\":[{\"@type\":\"ListItem\",\"position\":1,\"name\":\"Home\",\"item\":\"https:\/\/all-car-news.com\/es\/\"},{\"@type\":\"ListItem\",\"position\":2,\"name\":\"buscador de coches\",\"item\":\"https:\/\/all-car-news.com\/es\/buscador-de-coches\/\"},{\"@type\":\"ListItem\",\"position\":3,\"name\":\"volkswagen\",\"item\":\"https:\/\/all-car-news.com\/es\/buscador-de-coches\/volkswagen\/\"},{\"@type\":\"ListItem\",\"position\":4,\"name\":\"kia xceed\"}]},{\"@type\":\"WebSite\",\"@id\":\"https:\/\/all-car-news.com\/es\/#website\",\"url\":\"https:\/\/all-car-news.com\/es\/\",\"name\":\"All cars news\",\"description\":\"\",\"publisher\":{\"@id\":\"https:\/\/all-car-news.com\/es\/#organization\"},\"potentialAction\":[{\"@type\":\"SearchAction\",\"target\":{\"@type\":\"EntryPoint\",\"urlTemplate\":\"https:\/\/all-car-news.com\/es\/?s={search_term_string}\"},\"query-input\":\"required name=search_term_string\"}],\"inLanguage\":\"es\"},{\"@type\":\"Organization\",\"@id\":\"https:\/\/all-car-news.com\/es\/#organization\",\"name\":\"All cars news\",\"url\":\"https:\/\/all-car-news.com\/es\/\",\"logo\":{\"@type\":\"ImageObject\",\"inLanguage\":\"es\",\"@id\":\"https:\/\/all-car-news.com\/es\/#\/schema\/logo\/image\/\",\"url\":\"https:\/\/all-car-news.com\/wp-content\/uploads\/2022\/02\/CMYK-AllCarNews_LANDSCAPE_300px-1.png\",\"contentUrl\":\"https:\/\/all-car-news.com\/wp-content\/uploads\/2022\/02\/CMYK-AllCarNews_LANDSCAPE_300px-1.png\",\"width\":300,\"height\":100,\"caption\":\"All cars news\"},\"image\":{\"@id\":\"https:\/\/all-car-news.com\/es\/#\/schema\/logo\/image\/\"}}]}<\/script>\n<!-- \/ Yoast SEO plugin. -->","yoast_head_json":{"title":"kia xceed - All cars news","robots":{"index":"index","follow":"follow","max-snippet":"max-snippet:-1","max-image-preview":"max-image-preview:large","max-video-preview":"max-video-preview:-1"},"canonical":"https:\/\/all-car-news.com\/es\/buscador-de-coches\/volkswagen\/kia-xceed\/","og_locale":"es_ES","og_type":"article","og_title":"kia xceed - All cars news","og_description":"En 2019, Kia agreg\u00f3 otro crossover a su gama de modelos: el Xceed. Como implica el nombre del tipo, el [&hellip;]","og_url":"https:\/\/all-car-news.com\/es\/buscador-de-coches\/volkswagen\/kia-xceed\/","og_site_name":"All cars news","article_modified_time":"2022-03-09T09:07:12+00:00","og_image":[{"width":1600,"height":1048,"url":"https:\/\/all-car-news.com\/wp-content\/uploads\/2022\/03\/2019-Kia-XCeed-1.jpg","type":"image\/jpeg"}],"twitter_card":"summary_large_image","twitter_misc":{"Tiempo de lectura":"2 minutos"},"schema":{"@context":"https:\/\/schema.org","@graph":[{"@type":"WebPage","@id":"https:\/\/all-car-news.com\/es\/buscador-de-coches\/volkswagen\/kia-xceed\/","url":"https:\/\/all-car-news.com\/es\/buscador-de-coches\/volkswagen\/kia-xceed\/","name":"kia xceed - All cars news","isPartOf":{"@id":"https:\/\/all-car-news.com\/es\/#website"},"datePublished":"2022-03-09T09:06:59+00:00","dateModified":"2022-03-09T09:07:12+00:00","breadcrumb":{"@id":"https:\/\/all-car-news.com\/es\/buscador-de-coches\/volkswagen\/kia-xceed\/#breadcrumb"},"inLanguage":"es","potentialAction":[{"@type":"ReadAction","target":["https:\/\/all-car-news.com\/es\/buscador-de-coches\/volkswagen\/kia-xceed\/"]}]},{"@type":"BreadcrumbList","@id":"https:\/\/all-car-news.com\/es\/buscador-de-coches\/volkswagen\/kia-xceed\/#breadcrumb","itemListElement":[{"@type":"ListItem","position":1,"name":"Home","item":"https:\/\/all-car-news.com\/es\/"},{"@type":"ListItem","position":2,"name":"buscador de coches","item":"https:\/\/all-car-news.com\/es\/buscador-de-coches\/"},{"@type":"ListItem","position":3,"name":"volkswagen","item":"https:\/\/all-car-news.com\/es\/buscador-de-coches\/volkswagen\/"},{"@type":"ListItem","position":4,"name":"kia xceed"}]},{"@type":"WebSite","@id":"https:\/\/all-car-news.com\/es\/#website","url":"https:\/\/all-car-news.com\/es\/","name":"All cars news","description":"","publisher":{"@id":"https:\/\/all-car-news.com\/es\/#organization"},"potentialAction":[{"@type":"SearchAction","target":{"@type":"EntryPoint","urlTemplate":"https:\/\/all-car-news.com\/es\/?s={search_term_string}"},"query-input":"required name=search_term_string"}],"inLanguage":"es"},{"@type":"Organization","@id":"https:\/\/all-car-news.com\/es\/#organization","name":"All cars news","url":"https:\/\/all-car-news.com\/es\/","logo":{"@type":"ImageObject","inLanguage":"es","@id":"https:\/\/all-car-news.com\/es\/#\/schema\/logo\/image\/","url":"https:\/\/all-car-news.com\/wp-content\/uploads\/2022\/02\/CMYK-AllCarNews_LANDSCAPE_300px-1.png","contentUrl":"https:\/\/all-car-news.com\/wp-content\/uploads\/2022\/02\/CMYK-AllCarNews_LANDSCAPE_300px-1.png","width":300,"height":100,"caption":"All cars news"},"image":{"@id":"https:\/\/all-car-news.com\/es\/#\/schema\/logo\/image\/"}}]}},"_links":{"self":[{"href":"https:\/\/all-car-news.com\/es\/wp-json\/wp\/v2\/pages\/118233","targetHints":{"allow":["GET"]}}],"collection":[{"href":"https:\/\/all-car-news.com\/es\/wp-json\/wp\/v2\/pages"}],"about":[{"href":"https:\/\/all-car-news.com\/es\/wp-json\/wp\/v2\/types\/page"}],"author":[{"embeddable":true,"href":"https:\/\/all-car-news.com\/es\/wp-json\/wp\/v2\/users\/4"}],"replies":[{"embeddable":true,"href":"https:\/\/all-car-news.com\/es\/wp-json\/wp\/v2\/comments?post=118233"}],"version-history":[{"count":0,"href":"https:\/\/all-car-news.com\/es\/wp-json\/wp\/v2\/pages\/118233\/revisions"}],"up":[{"embeddable":true,"href":"https:\/\/all-car-news.com\/es\/wp-json\/wp\/v2\/pages\/117701"}],"wp:featuredmedia":[{"embeddable":true,"href":"https:\/\/all-car-news.com\/es\/wp-json\/wp\/v2\/media\/118159"}],"wp:attachment":[{"href":"https:\/\/all-car-news.com\/es\/wp-json\/wp\/v2\/media?parent=118233"}],"curies":[{"name":"wp","href":"https:\/\/api.w.org\/{rel}","templated":true}]}}