{"id":118211,"date":"2022-03-09T09:06:51","date_gmt":"2022-03-09T09:06:51","guid":{"rendered":"https:\/\/all-car-news.com\/buscador-de-coches\/volkswagen\/volkswagen-multivan\/"},"modified":"2022-03-09T09:07:10","modified_gmt":"2022-03-09T09:07:10","slug":"volkswagen-multivan","status":"publish","type":"page","link":"https:\/\/all-car-news.com\/es\/buscador-de-coches\/volkswagen\/volkswagen-multivan\/","title":{"rendered":"volkswagen multivan"},"content":{"rendered":"\n<p>El primer Volkswagen Multivan sali\u00f3 al mercado en 1990 y estaba basado en el Volkswagen Transporter (T4) de cuarta generaci\u00f3n. En los EE. UU., el nombre Multivan ya se usaba tambi\u00e9n para una versi\u00f3n espec\u00edfica del Transporter T3. En comparaci\u00f3n con la versi\u00f3n regular de pasajeros del Transporter, el Multivan ofrec\u00eda m\u00e1s lujo y una mejor decoraci\u00f3n del interior. En ese sentido, el Multivan se posicion\u00f3 m\u00e1s como un monovolumen grande que como una furgoneta de pasajeros. Desde el lavado de cara, algunos de los asientos incluso se pueden girar, de modo que el interior se puede organizar de manera diferente seg\u00fan se desee.<\/p>\n\n<p>El primer Volkswagen Multivan sali\u00f3 al mercado en 1990 y estaba basado en el Volkswagen Transporter (T4) de cuarta generaci\u00f3n. En los EE. UU., el nombre Multivan ya se usaba tambi\u00e9n para una versi\u00f3n espec\u00edfica del Transporter T3. En comparaci\u00f3n con la versi\u00f3n regular de pasajeros del Transporter, el Multivan ofrec\u00eda m\u00e1s lujo y una mejor decoraci\u00f3n del interior. En ese sentido, el Multivan se posicion\u00f3 m\u00e1s como un monovolumen grande que como una furgoneta de pasajeros. Desde el lavado de cara, algunos de los asientos incluso se pueden girar, de modo que el interior se puede organizar de manera diferente seg\u00fan se desee.<\/p>\n\n<h2 class=\"wp-block-heading\"><strong>top model permanente<\/strong><br\/><\/h2>\n\n<p>El Multivan de segunda generaci\u00f3n, basado en el Transporter T5, es nuevamente el modelo superior de la gama Transporter y nuevamente (hasta cierto punto) se comercializa como un modelo por derecho propio. Ofrece espacio para seis o siete personas. Los asientos traseros ahora no solo son giratorios, sino que tambi\u00e9n se colocan sobre rieles, de modo que el interior se puede organizar a\u00fan m\u00e1s como se desee. Tambi\u00e9n son posibles accesorios como mesas y una nevera, lo que significa que el Multivan a menudo se toma como modelo base para las versiones (simples) de autocaravanas del mercado de accesorios.<\/p>\n\n<h2 class=\"wp-block-heading\"><strong>Multivan se convierte en un modelo en s\u00ed mismo<\/strong><br\/><\/h2>\n\n<p>A fines de 2021, Volkswagen present\u00f3 una Multivan de generaci\u00f3n completamente nueva. M\u00e1s que nunca, el coche se parece m\u00e1s a un monovolumen grande que a una furgoneta de pasajeros. De hecho, el nuevo modelo ya ni siquiera comparte su base con el Transporter, sino que es realmente un modelo en s\u00ed mismo. El nuevo Multivan se fabricar\u00e1 sobre la plataforma de turismos de Volkswagen. Volkswagen lo llama \u00abun transbordador de negocios, un monovolumen familiar y un autom\u00f3vil de ocio en uno\u00bb. Si habr\u00e1 un nuevo Transporter basado en el Multivan en un momento posterior, ahora al rev\u00e9s, a\u00fan no se sabe en el momento de escribir este art\u00edculo.<\/p>\n\n<h2 class=\"wp-block-heading\">T\u00e9cnico<\/h2>\n\n<figure class=\"wp-block-table is-style-stripes\"><table class=\"has-fixed-layout\"><tbody><tr><td>Tipo de motor<\/td><td>gasolina-el\u00e9ctrico, 4 cilindros en l\u00ednea<\/td><\/tr><tr><td>Desplazamiento<\/td><td>1.395 cm\u00b3<\/td><\/tr><tr><td>abeja<\/td><td>5.000 rpm<\/td><\/tr><tr><td>abeja<\/td><td>1.550 rpm<\/td><\/tr><tr><td>Bater\u00eda<\/td><td>iones de litio<\/td><\/tr><tr><td>Conducir<\/td><td>ruedas frontales<\/td><\/tr><tr><td>Frenos de\/a<\/td><td>dado discos\/discos<\/td><\/tr><tr><td>Radio de giro<\/td><td>12,1 metros<\/td><\/tr><tr><td>Rango de poder<\/td><td>solo 160 kw<\/td><\/tr><\/tbody><\/table><\/figure>\n\n<h2 class=\"wp-block-heading\">Rendimiento<\/h2>\n\n<figure class=\"wp-block-table is-style-stripes\"><table class=\"has-fixed-layout\"><tbody><tr><td>Energ\u00eda del sistema<\/td><td>160 kW (218 caballos de fuerza)<\/td><\/tr><tr><td>Par de sistemas<\/td><td>350 nm<\/td><\/tr><tr><td>Cuenta 0-100 km\/h<\/td><td>11,6 seg<\/td><\/tr><tr><td>velocidad m\u00e1xima<\/td><td>190 km\/h<\/td><\/tr><\/tbody><\/table><\/figure>\n\n<h2 class=\"wp-block-heading\">General<\/h2>\n\n<figure class=\"wp-block-table is-style-stripes\"><table class=\"has-fixed-layout\"><tbody><tr><td>Transmisi\u00f3n<\/td><td>6AT<\/td><\/tr><tr><td>Tipo de cuerpo<\/td><td>5 hab. monovolumen<\/td><\/tr><tr><td>EuroNCAP<\/td><td>no probado<\/td><\/tr><tr><td>Lanzamiento al mercado<\/td><td>noviembre 2021<\/td><\/tr><tr><td>\u00daltimo lavado de cara<\/td><td>N \/ A<\/td><\/tr><tr><td>Garant\u00eda<\/td><td>4 a\u00f1os<\/td><\/tr><tr><td>Desde precio<\/td><td>54.400\u20ac<\/td><\/tr><\/tbody><\/table><\/figure>\n\n<h2 class=\"wp-block-heading\">Dimensiones\/pesos<\/h2>\n\n<figure class=\"wp-block-table is-style-stripes\"><table class=\"has-fixed-layout\"><tbody><tr><td>Tama\u00f1o de llanta<\/td><td>235\/55 R17<\/td><\/tr><tr><td>L x An x Al<\/td><td>4.973 x 1.941 x 1.907 mm<\/td><\/tr><tr><td>distancia entre ejes<\/td><td>3124 mm<\/td><\/tr><tr><td>Masa vac\u00eda<\/td><td>2.122kg<\/td><\/tr><tr><td>m\u00e1x. seg\u00fan peso<\/td><td>1.600 kg<\/td><\/tr><tr><td>Capacidad del tanque<\/td><td>70l<\/td><\/tr><\/tbody><\/table><\/figure>\n\n<h2 class=\"wp-block-heading\">Consumo<\/h2>\n\n<figure class=\"wp-block-table is-style-stripes\"><table class=\"has-fixed-layout\"><tbody><tr><td>con. conjunto<\/td><td>1,7 l\/100 km<\/td><\/tr><tr><td>emisiones de CO\u2082<\/td><td>39 gramos por kil\u00f3metro<\/td><\/tr><tr><td>Etiqueta energ\u00e9tica<\/td><td>a<\/td><\/tr><\/tbody><\/table><\/figure>\n","protected":false},"excerpt":{"rendered":"<p>El primer Volkswagen Multivan sali\u00f3 al mercado en 1990 y estaba basado en el Volkswagen Transporter (T4) de cuarta generaci\u00f3n. [&hellip;]<\/p>\n","protected":false},"author":4,"featured_media":118094,"parent":117701,"menu_order":0,"comment_status":"closed","ping_status":"closed","template":"","meta":{"footnotes":""},"class_list":["post-118211","page","type-page","status-publish","has-post-thumbnail","hentry"],"acf":[],"yoast_head":"<!-- This site is optimized with the Yoast SEO plugin v21.2 - https:\/\/yoast.com\/wordpress\/plugins\/seo\/ -->\n<title>volkswagen multivan - All cars news<\/title>\n<meta name=\"robots\" content=\"index, follow, max-snippet:-1, max-image-preview:large, max-video-preview:-1\" \/>\n<link rel=\"canonical\" href=\"https:\/\/all-car-news.com\/es\/buscador-de-coches\/volkswagen\/volkswagen-multivan\/\" \/>\n<meta property=\"og:locale\" content=\"es_ES\" \/>\n<meta property=\"og:type\" content=\"article\" \/>\n<meta property=\"og:title\" content=\"volkswagen multivan - All cars news\" \/>\n<meta property=\"og:description\" content=\"El primer Volkswagen Multivan sali\u00f3 al mercado en 1990 y estaba basado en el Volkswagen Transporter (T4) de cuarta generaci\u00f3n. [&hellip;]\" \/>\n<meta property=\"og:url\" content=\"https:\/\/all-car-news.com\/es\/buscador-de-coches\/volkswagen\/volkswagen-multivan\/\" \/>\n<meta property=\"og:site_name\" content=\"All cars news\" \/>\n<meta property=\"article:modified_time\" content=\"2022-03-09T09:07:10+00:00\" \/>\n<meta property=\"og:image\" content=\"https:\/\/all-car-news.com\/wp-content\/uploads\/2022\/03\/Volkswagen-Multivan-1.jpg\" \/>\n\t<meta property=\"og:image:width\" content=\"1597\" \/>\n\t<meta property=\"og:image:height\" content=\"1162\" \/>\n\t<meta property=\"og:image:type\" content=\"image\/jpeg\" \/>\n<meta name=\"twitter:card\" content=\"summary_large_image\" \/>\n<meta name=\"twitter:label1\" content=\"Tiempo de lectura\" \/>\n\t<meta name=\"twitter:data1\" content=\"3 minutos\" \/>\n<script type=\"application\/ld+json\" class=\"yoast-schema-graph\">{\"@context\":\"https:\/\/schema.org\",\"@graph\":[{\"@type\":\"WebPage\",\"@id\":\"https:\/\/all-car-news.com\/es\/buscador-de-coches\/volkswagen\/volkswagen-multivan\/\",\"url\":\"https:\/\/all-car-news.com\/es\/buscador-de-coches\/volkswagen\/volkswagen-multivan\/\",\"name\":\"volkswagen multivan - All cars news\",\"isPartOf\":{\"@id\":\"https:\/\/all-car-news.com\/es\/#website\"},\"datePublished\":\"2022-03-09T09:06:51+00:00\",\"dateModified\":\"2022-03-09T09:07:10+00:00\",\"breadcrumb\":{\"@id\":\"https:\/\/all-car-news.com\/es\/buscador-de-coches\/volkswagen\/volkswagen-multivan\/#breadcrumb\"},\"inLanguage\":\"es\",\"potentialAction\":[{\"@type\":\"ReadAction\",\"target\":[\"https:\/\/all-car-news.com\/es\/buscador-de-coches\/volkswagen\/volkswagen-multivan\/\"]}]},{\"@type\":\"BreadcrumbList\",\"@id\":\"https:\/\/all-car-news.com\/es\/buscador-de-coches\/volkswagen\/volkswagen-multivan\/#breadcrumb\",\"itemListElement\":[{\"@type\":\"ListItem\",\"position\":1,\"name\":\"Home\",\"item\":\"https:\/\/all-car-news.com\/es\/\"},{\"@type\":\"ListItem\",\"position\":2,\"name\":\"buscador de coches\",\"item\":\"https:\/\/all-car-news.com\/es\/buscador-de-coches\/\"},{\"@type\":\"ListItem\",\"position\":3,\"name\":\"volkswagen\",\"item\":\"https:\/\/all-car-news.com\/es\/buscador-de-coches\/volkswagen\/\"},{\"@type\":\"ListItem\",\"position\":4,\"name\":\"volkswagen multivan\"}]},{\"@type\":\"WebSite\",\"@id\":\"https:\/\/all-car-news.com\/es\/#website\",\"url\":\"https:\/\/all-car-news.com\/es\/\",\"name\":\"All cars news\",\"description\":\"\",\"publisher\":{\"@id\":\"https:\/\/all-car-news.com\/es\/#organization\"},\"potentialAction\":[{\"@type\":\"SearchAction\",\"target\":{\"@type\":\"EntryPoint\",\"urlTemplate\":\"https:\/\/all-car-news.com\/es\/?s={search_term_string}\"},\"query-input\":\"required name=search_term_string\"}],\"inLanguage\":\"es\"},{\"@type\":\"Organization\",\"@id\":\"https:\/\/all-car-news.com\/es\/#organization\",\"name\":\"All cars news\",\"url\":\"https:\/\/all-car-news.com\/es\/\",\"logo\":{\"@type\":\"ImageObject\",\"inLanguage\":\"es\",\"@id\":\"https:\/\/all-car-news.com\/es\/#\/schema\/logo\/image\/\",\"url\":\"https:\/\/all-car-news.com\/wp-content\/uploads\/2022\/02\/CMYK-AllCarNews_LANDSCAPE_300px-1.png\",\"contentUrl\":\"https:\/\/all-car-news.com\/wp-content\/uploads\/2022\/02\/CMYK-AllCarNews_LANDSCAPE_300px-1.png\",\"width\":300,\"height\":100,\"caption\":\"All cars news\"},\"image\":{\"@id\":\"https:\/\/all-car-news.com\/es\/#\/schema\/logo\/image\/\"}}]}<\/script>\n<!-- \/ Yoast SEO plugin. -->","yoast_head_json":{"title":"volkswagen multivan - All cars news","robots":{"index":"index","follow":"follow","max-snippet":"max-snippet:-1","max-image-preview":"max-image-preview:large","max-video-preview":"max-video-preview:-1"},"canonical":"https:\/\/all-car-news.com\/es\/buscador-de-coches\/volkswagen\/volkswagen-multivan\/","og_locale":"es_ES","og_type":"article","og_title":"volkswagen multivan - All cars news","og_description":"El primer Volkswagen Multivan sali\u00f3 al mercado en 1990 y estaba basado en el Volkswagen Transporter (T4) de cuarta generaci\u00f3n. [&hellip;]","og_url":"https:\/\/all-car-news.com\/es\/buscador-de-coches\/volkswagen\/volkswagen-multivan\/","og_site_name":"All cars news","article_modified_time":"2022-03-09T09:07:10+00:00","og_image":[{"width":1597,"height":1162,"url":"https:\/\/all-car-news.com\/wp-content\/uploads\/2022\/03\/Volkswagen-Multivan-1.jpg","type":"image\/jpeg"}],"twitter_card":"summary_large_image","twitter_misc":{"Tiempo de lectura":"3 minutos"},"schema":{"@context":"https:\/\/schema.org","@graph":[{"@type":"WebPage","@id":"https:\/\/all-car-news.com\/es\/buscador-de-coches\/volkswagen\/volkswagen-multivan\/","url":"https:\/\/all-car-news.com\/es\/buscador-de-coches\/volkswagen\/volkswagen-multivan\/","name":"volkswagen multivan - All cars news","isPartOf":{"@id":"https:\/\/all-car-news.com\/es\/#website"},"datePublished":"2022-03-09T09:06:51+00:00","dateModified":"2022-03-09T09:07:10+00:00","breadcrumb":{"@id":"https:\/\/all-car-news.com\/es\/buscador-de-coches\/volkswagen\/volkswagen-multivan\/#breadcrumb"},"inLanguage":"es","potentialAction":[{"@type":"ReadAction","target":["https:\/\/all-car-news.com\/es\/buscador-de-coches\/volkswagen\/volkswagen-multivan\/"]}]},{"@type":"BreadcrumbList","@id":"https:\/\/all-car-news.com\/es\/buscador-de-coches\/volkswagen\/volkswagen-multivan\/#breadcrumb","itemListElement":[{"@type":"ListItem","position":1,"name":"Home","item":"https:\/\/all-car-news.com\/es\/"},{"@type":"ListItem","position":2,"name":"buscador de coches","item":"https:\/\/all-car-news.com\/es\/buscador-de-coches\/"},{"@type":"ListItem","position":3,"name":"volkswagen","item":"https:\/\/all-car-news.com\/es\/buscador-de-coches\/volkswagen\/"},{"@type":"ListItem","position":4,"name":"volkswagen multivan"}]},{"@type":"WebSite","@id":"https:\/\/all-car-news.com\/es\/#website","url":"https:\/\/all-car-news.com\/es\/","name":"All cars news","description":"","publisher":{"@id":"https:\/\/all-car-news.com\/es\/#organization"},"potentialAction":[{"@type":"SearchAction","target":{"@type":"EntryPoint","urlTemplate":"https:\/\/all-car-news.com\/es\/?s={search_term_string}"},"query-input":"required name=search_term_string"}],"inLanguage":"es"},{"@type":"Organization","@id":"https:\/\/all-car-news.com\/es\/#organization","name":"All cars news","url":"https:\/\/all-car-news.com\/es\/","logo":{"@type":"ImageObject","inLanguage":"es","@id":"https:\/\/all-car-news.com\/es\/#\/schema\/logo\/image\/","url":"https:\/\/all-car-news.com\/wp-content\/uploads\/2022\/02\/CMYK-AllCarNews_LANDSCAPE_300px-1.png","contentUrl":"https:\/\/all-car-news.com\/wp-content\/uploads\/2022\/02\/CMYK-AllCarNews_LANDSCAPE_300px-1.png","width":300,"height":100,"caption":"All cars news"},"image":{"@id":"https:\/\/all-car-news.com\/es\/#\/schema\/logo\/image\/"}}]}},"_links":{"self":[{"href":"https:\/\/all-car-news.com\/es\/wp-json\/wp\/v2\/pages\/118211","targetHints":{"allow":["GET"]}}],"collection":[{"href":"https:\/\/all-car-news.com\/es\/wp-json\/wp\/v2\/pages"}],"about":[{"href":"https:\/\/all-car-news.com\/es\/wp-json\/wp\/v2\/types\/page"}],"author":[{"embeddable":true,"href":"https:\/\/all-car-news.com\/es\/wp-json\/wp\/v2\/users\/4"}],"replies":[{"embeddable":true,"href":"https:\/\/all-car-news.com\/es\/wp-json\/wp\/v2\/comments?post=118211"}],"version-history":[{"count":0,"href":"https:\/\/all-car-news.com\/es\/wp-json\/wp\/v2\/pages\/118211\/revisions"}],"up":[{"embeddable":true,"href":"https:\/\/all-car-news.com\/es\/wp-json\/wp\/v2\/pages\/117701"}],"wp:featuredmedia":[{"embeddable":true,"href":"https:\/\/all-car-news.com\/es\/wp-json\/wp\/v2\/media\/118094"}],"wp:attachment":[{"href":"https:\/\/all-car-news.com\/es\/wp-json\/wp\/v2\/media?parent=118211"}],"curies":[{"name":"wp","href":"https:\/\/api.w.org\/{rel}","templated":true}]}}