{"id":118199,"date":"2022-03-09T09:06:47","date_gmt":"2022-03-09T09:06:47","guid":{"rendered":"https:\/\/all-car-news.com\/buscador-de-coches\/volkswagen\/kia-ceed-2\/"},"modified":"2022-03-09T09:07:10","modified_gmt":"2022-03-09T09:07:10","slug":"kia-ceed-2","status":"publish","type":"page","link":"https:\/\/all-car-news.com\/es\/buscador-de-coches\/volkswagen\/kia-ceed-2\/","title":{"rendered":"kia ceed"},"content":{"rendered":"\n<p>En 2006 apareci\u00f3 el sucesor de Kia para el Cerato. Fue el primer coche de la marca desarrollado \u00edntegramente en Europa y el modelo tambi\u00e9n se comercializa \u00fanicamente en nuestro continente. El coche ten\u00eda el nombre distintivo Cee&#8217;d. \u00bfC\u00f3mo surgi\u00f3 ese nombre? Kia nombr\u00f3 al autom\u00f3vil por su mercado: la Comunidad Econ\u00f3mica Europea, tambi\u00e9n conocida como EEC o CEE. A esto se sum\u00f3 el Dise\u00f1o Europeo, dando como resultado el CEEED. Debido a que eran muchas E, Kia reemplaz\u00f3 una de ellas con un ap\u00f3strofe. Entonces. La variante de tres puertas pas\u00f3 por la vida como Pro_Cee&#8217;d y la camioneta &#8216;solo&#8217; como Cee&#8217;d SW.<\/p>\n\n<p>En 2006 apareci\u00f3 el sucesor de Kia para el Cerato. Fue el primer coche de la marca desarrollado \u00edntegramente en Europa y el modelo tambi\u00e9n se comercializa \u00fanicamente en nuestro continente. El coche ten\u00eda el nombre distintivo Cee&#8217;d. \u00bfC\u00f3mo surgi\u00f3 ese nombre? Kia nombr\u00f3 al autom\u00f3vil por su mercado: la Comunidad Econ\u00f3mica Europea, tambi\u00e9n conocida como EEC o CEE. A esto se sum\u00f3 el Dise\u00f1o Europeo, dando como resultado el CEEED. Debido a que eran muchas E, Kia reemplaz\u00f3 una de ellas con un ap\u00f3strofe. Entonces. La variante de tres puertas pas\u00f3 por la vida como Pro_Cee&#8217;d y la camioneta &#8216;solo&#8217; como Cee&#8217;d SW.<\/p>\n\n<h2 class=\"wp-block-heading\"><strong>arriba<\/strong><br\/><\/h2>\n\n<p>Con la segunda generaci\u00f3n de 2012, Kia posicion\u00f3 el Cee&#8217;d un poco m\u00e1s alto. Por el precio m\u00e1s alto vino un equipo algo m\u00e1s rico y caracter\u00edsticas de manejo mejoradas. Una nueva versi\u00f3n fue el GT para el Pro_Cee&#8217;d de tres puertas, con el que Kia esperaba competir en el segmento de los hatchback deportivos.<\/p>\n\n<h2 class=\"wp-block-heading\"><strong>cambio de nombre<\/strong><br\/><\/h2>\n\n<p>En 2018 nos presentaron el modelo actual. En la mayor\u00eda de los aspectos continuaron por el mismo camino, pero varias cosas han cambiado. El nombre del coche, por ejemplo, o al menos su ortograf\u00eda. El ap\u00f3strofo ahora se ha eliminado del nombre y Pro_Cee&#8217;d se escribir\u00e1 simplemente como Proceder. De todos los modelos, el Proceed es el m\u00e1s modificado, porque ya no es un hatchback de tres puertas. A partir de ahora, el Proceed tambi\u00e9n es una variante familiar, pero a diferencia del SW regular, el Proceed tiene una l\u00ednea de techo tipo cup\u00e9 al estilo del Mercedes-Benz CLA Shooting Brake.<\/p>\n\n<h2 class=\"wp-block-heading\">T\u00e9cnico<\/h2>\n\n<figure class=\"wp-block-table is-style-stripes\"><table class=\"has-fixed-layout\"><tbody><tr><td>Tipo de motor<\/td><td>gasolina, l\u00ednea de 3 cilindros<\/td><\/tr><tr><td>Desplazamiento<\/td><td>998cm<\/td><\/tr><tr><td>m\u00e1x. activos<\/td><td>88 kW (120 CV)<\/td><\/tr><tr><td>abeja<\/td><td>6.000 rpm<\/td><\/tr><tr><td>m\u00e1x. Pareja<\/td><td>172 nm<\/td><\/tr><tr><td>abeja<\/td><td>1.500 rpm<\/td><\/tr><tr><td>Conducir<\/td><td>ruedas frontales<\/td><\/tr><tr><td>Frenos de\/a<\/td><td>dado discos\/discos<\/td><\/tr><tr><td>Radio de giro<\/td><td>10,6 metros<\/td><\/tr><tr><td>Rango de poder<\/td><td>88 a 150 kilovatios<\/td><\/tr><\/tbody><\/table><\/figure>\n\n<h2 class=\"wp-block-heading\">General<\/h2>\n\n<figure class=\"wp-block-table is-style-stripes\"><table class=\"has-fixed-layout\"><tbody><tr><td>Transmisi\u00f3n<\/td><td>6MT (opci\u00f3n: 7AT)<\/td><\/tr><tr><td>Tipo de cuerpo<\/td><td>5 hab. hatchback<\/td><\/tr><tr><td>EuroNCAP<\/td><td>5 estrellas<\/td><\/tr><tr><td>Lanzamiento al mercado<\/td><td>julio 2018<\/td><\/tr><tr><td>\u00daltimo lavado de cara<\/td><td>octubre 2021<\/td><\/tr><tr><td>Garant\u00eda<\/td><td>7 a\u00f1os<\/td><\/tr><tr><td>Desde precio<\/td><td>24.095\u20ac<\/td><\/tr><tr><td>Particularidades<\/td><td>El ap\u00f3strofe ha desaparecido del nombre de tipo del Kia Ceed.<\/td><\/tr><\/tbody><\/table><\/figure>\n\n<h2 class=\"wp-block-heading\">Dimensiones\/pesos<\/h2>\n\n<figure class=\"wp-block-table is-style-stripes\"><table class=\"has-fixed-layout\"><tbody><tr><td>Tama\u00f1o de llanta<\/td><td>205\/55 R16<\/td><\/tr><tr><td>L x An x Al<\/td><td>4315 x 1800 x 1447 mm<\/td><\/tr><tr><td>distancia entre ejes<\/td><td>2650mm<\/td><\/tr><tr><td>Masa vac\u00eda<\/td><td>1.198 kg<\/td><\/tr><tr><td>m\u00e1x. seg\u00fan peso<\/td><td>1.000 kg<\/td><\/tr><tr><td>continuaci\u00f3n bolsa. habitaci\u00f3n.<\/td><td>395 litros<\/td><\/tr><tr><td>Capacidad del tanque<\/td><td>50l<\/td><\/tr><\/tbody><\/table><\/figure>\n\n<h2 class=\"wp-block-heading\">Consumo<\/h2>\n\n<figure class=\"wp-block-table is-style-stripes\"><table class=\"has-fixed-layout\"><tbody><tr><td>con. conjunto<\/td><td>5,3 l\/100 km<\/td><\/tr><tr><td>emisiones de CO\u2082<\/td><td>120g\/km<\/td><\/tr><tr><td>Etiqueta energ\u00e9tica<\/td><td>a<\/td><\/tr><\/tbody><\/table><\/figure>\n\n<h2 class=\"wp-block-heading\">Rendimiento<\/h2>\n\n<figure class=\"wp-block-table is-style-stripes\"><table class=\"has-fixed-layout\"><tbody><tr><td>Cuenta 0-100 km\/h<\/td><td>11,2 seg<\/td><\/tr><tr><td>velocidad m\u00e1xima<\/td><td>190 km\/h<\/td><\/tr><\/tbody><\/table><\/figure>\n","protected":false},"excerpt":{"rendered":"<p>En 2006 apareci\u00f3 el sucesor de Kia para el Cerato. Fue el primer coche de la marca desarrollado \u00edntegramente en [&hellip;]<\/p>\n","protected":false},"author":4,"featured_media":118137,"parent":117701,"menu_order":0,"comment_status":"closed","ping_status":"closed","template":"","meta":{"footnotes":""},"class_list":["post-118199","page","type-page","status-publish","has-post-thumbnail","hentry"],"acf":[],"yoast_head":"<!-- This site is optimized with the Yoast SEO plugin v21.2 - https:\/\/yoast.com\/wordpress\/plugins\/seo\/ -->\n<title>kia ceed - All cars news<\/title>\n<meta name=\"robots\" content=\"index, follow, max-snippet:-1, max-image-preview:large, max-video-preview:-1\" \/>\n<link rel=\"canonical\" href=\"https:\/\/all-car-news.com\/es\/buscador-de-coches\/volkswagen\/kia-ceed-2\/\" \/>\n<meta property=\"og:locale\" content=\"es_ES\" \/>\n<meta property=\"og:type\" content=\"article\" \/>\n<meta property=\"og:title\" content=\"kia ceed - All cars news\" \/>\n<meta property=\"og:description\" content=\"En 2006 apareci\u00f3 el sucesor de Kia para el Cerato. Fue el primer coche de la marca desarrollado \u00edntegramente en [&hellip;]\" \/>\n<meta property=\"og:url\" content=\"https:\/\/all-car-news.com\/es\/buscador-de-coches\/volkswagen\/kia-ceed-2\/\" \/>\n<meta property=\"og:site_name\" content=\"All cars news\" \/>\n<meta property=\"article:modified_time\" content=\"2022-03-09T09:07:10+00:00\" \/>\n<meta property=\"og:image\" content=\"https:\/\/all-car-news.com\/wp-content\/uploads\/2022\/03\/Kia-Ceed-1.jpg\" \/>\n\t<meta property=\"og:image:width\" content=\"1599\" \/>\n\t<meta property=\"og:image:height\" content=\"1164\" \/>\n\t<meta property=\"og:image:type\" content=\"image\/jpeg\" \/>\n<meta name=\"twitter:card\" content=\"summary_large_image\" \/>\n<meta name=\"twitter:label1\" content=\"Tiempo de lectura\" \/>\n\t<meta name=\"twitter:data1\" content=\"3 minutos\" \/>\n<script type=\"application\/ld+json\" class=\"yoast-schema-graph\">{\"@context\":\"https:\/\/schema.org\",\"@graph\":[{\"@type\":\"WebPage\",\"@id\":\"https:\/\/all-car-news.com\/es\/buscador-de-coches\/volkswagen\/kia-ceed-2\/\",\"url\":\"https:\/\/all-car-news.com\/es\/buscador-de-coches\/volkswagen\/kia-ceed-2\/\",\"name\":\"kia ceed - All cars news\",\"isPartOf\":{\"@id\":\"https:\/\/all-car-news.com\/es\/#website\"},\"datePublished\":\"2022-03-09T09:06:47+00:00\",\"dateModified\":\"2022-03-09T09:07:10+00:00\",\"breadcrumb\":{\"@id\":\"https:\/\/all-car-news.com\/es\/buscador-de-coches\/volkswagen\/kia-ceed-2\/#breadcrumb\"},\"inLanguage\":\"es\",\"potentialAction\":[{\"@type\":\"ReadAction\",\"target\":[\"https:\/\/all-car-news.com\/es\/buscador-de-coches\/volkswagen\/kia-ceed-2\/\"]}]},{\"@type\":\"BreadcrumbList\",\"@id\":\"https:\/\/all-car-news.com\/es\/buscador-de-coches\/volkswagen\/kia-ceed-2\/#breadcrumb\",\"itemListElement\":[{\"@type\":\"ListItem\",\"position\":1,\"name\":\"Home\",\"item\":\"https:\/\/all-car-news.com\/es\/\"},{\"@type\":\"ListItem\",\"position\":2,\"name\":\"buscador de coches\",\"item\":\"https:\/\/all-car-news.com\/es\/buscador-de-coches\/\"},{\"@type\":\"ListItem\",\"position\":3,\"name\":\"volkswagen\",\"item\":\"https:\/\/all-car-news.com\/es\/buscador-de-coches\/volkswagen\/\"},{\"@type\":\"ListItem\",\"position\":4,\"name\":\"kia ceed\"}]},{\"@type\":\"WebSite\",\"@id\":\"https:\/\/all-car-news.com\/es\/#website\",\"url\":\"https:\/\/all-car-news.com\/es\/\",\"name\":\"All cars news\",\"description\":\"\",\"publisher\":{\"@id\":\"https:\/\/all-car-news.com\/es\/#organization\"},\"potentialAction\":[{\"@type\":\"SearchAction\",\"target\":{\"@type\":\"EntryPoint\",\"urlTemplate\":\"https:\/\/all-car-news.com\/es\/?s={search_term_string}\"},\"query-input\":\"required name=search_term_string\"}],\"inLanguage\":\"es\"},{\"@type\":\"Organization\",\"@id\":\"https:\/\/all-car-news.com\/es\/#organization\",\"name\":\"All cars news\",\"url\":\"https:\/\/all-car-news.com\/es\/\",\"logo\":{\"@type\":\"ImageObject\",\"inLanguage\":\"es\",\"@id\":\"https:\/\/all-car-news.com\/es\/#\/schema\/logo\/image\/\",\"url\":\"https:\/\/all-car-news.com\/wp-content\/uploads\/2022\/02\/CMYK-AllCarNews_LANDSCAPE_300px-1.png\",\"contentUrl\":\"https:\/\/all-car-news.com\/wp-content\/uploads\/2022\/02\/CMYK-AllCarNews_LANDSCAPE_300px-1.png\",\"width\":300,\"height\":100,\"caption\":\"All cars news\"},\"image\":{\"@id\":\"https:\/\/all-car-news.com\/es\/#\/schema\/logo\/image\/\"}}]}<\/script>\n<!-- \/ Yoast SEO plugin. -->","yoast_head_json":{"title":"kia ceed - All cars news","robots":{"index":"index","follow":"follow","max-snippet":"max-snippet:-1","max-image-preview":"max-image-preview:large","max-video-preview":"max-video-preview:-1"},"canonical":"https:\/\/all-car-news.com\/es\/buscador-de-coches\/volkswagen\/kia-ceed-2\/","og_locale":"es_ES","og_type":"article","og_title":"kia ceed - All cars news","og_description":"En 2006 apareci\u00f3 el sucesor de Kia para el Cerato. Fue el primer coche de la marca desarrollado \u00edntegramente en [&hellip;]","og_url":"https:\/\/all-car-news.com\/es\/buscador-de-coches\/volkswagen\/kia-ceed-2\/","og_site_name":"All cars news","article_modified_time":"2022-03-09T09:07:10+00:00","og_image":[{"width":1599,"height":1164,"url":"https:\/\/all-car-news.com\/wp-content\/uploads\/2022\/03\/Kia-Ceed-1.jpg","type":"image\/jpeg"}],"twitter_card":"summary_large_image","twitter_misc":{"Tiempo de lectura":"3 minutos"},"schema":{"@context":"https:\/\/schema.org","@graph":[{"@type":"WebPage","@id":"https:\/\/all-car-news.com\/es\/buscador-de-coches\/volkswagen\/kia-ceed-2\/","url":"https:\/\/all-car-news.com\/es\/buscador-de-coches\/volkswagen\/kia-ceed-2\/","name":"kia ceed - All cars news","isPartOf":{"@id":"https:\/\/all-car-news.com\/es\/#website"},"datePublished":"2022-03-09T09:06:47+00:00","dateModified":"2022-03-09T09:07:10+00:00","breadcrumb":{"@id":"https:\/\/all-car-news.com\/es\/buscador-de-coches\/volkswagen\/kia-ceed-2\/#breadcrumb"},"inLanguage":"es","potentialAction":[{"@type":"ReadAction","target":["https:\/\/all-car-news.com\/es\/buscador-de-coches\/volkswagen\/kia-ceed-2\/"]}]},{"@type":"BreadcrumbList","@id":"https:\/\/all-car-news.com\/es\/buscador-de-coches\/volkswagen\/kia-ceed-2\/#breadcrumb","itemListElement":[{"@type":"ListItem","position":1,"name":"Home","item":"https:\/\/all-car-news.com\/es\/"},{"@type":"ListItem","position":2,"name":"buscador de coches","item":"https:\/\/all-car-news.com\/es\/buscador-de-coches\/"},{"@type":"ListItem","position":3,"name":"volkswagen","item":"https:\/\/all-car-news.com\/es\/buscador-de-coches\/volkswagen\/"},{"@type":"ListItem","position":4,"name":"kia ceed"}]},{"@type":"WebSite","@id":"https:\/\/all-car-news.com\/es\/#website","url":"https:\/\/all-car-news.com\/es\/","name":"All cars news","description":"","publisher":{"@id":"https:\/\/all-car-news.com\/es\/#organization"},"potentialAction":[{"@type":"SearchAction","target":{"@type":"EntryPoint","urlTemplate":"https:\/\/all-car-news.com\/es\/?s={search_term_string}"},"query-input":"required name=search_term_string"}],"inLanguage":"es"},{"@type":"Organization","@id":"https:\/\/all-car-news.com\/es\/#organization","name":"All cars news","url":"https:\/\/all-car-news.com\/es\/","logo":{"@type":"ImageObject","inLanguage":"es","@id":"https:\/\/all-car-news.com\/es\/#\/schema\/logo\/image\/","url":"https:\/\/all-car-news.com\/wp-content\/uploads\/2022\/02\/CMYK-AllCarNews_LANDSCAPE_300px-1.png","contentUrl":"https:\/\/all-car-news.com\/wp-content\/uploads\/2022\/02\/CMYK-AllCarNews_LANDSCAPE_300px-1.png","width":300,"height":100,"caption":"All cars news"},"image":{"@id":"https:\/\/all-car-news.com\/es\/#\/schema\/logo\/image\/"}}]}},"_links":{"self":[{"href":"https:\/\/all-car-news.com\/es\/wp-json\/wp\/v2\/pages\/118199","targetHints":{"allow":["GET"]}}],"collection":[{"href":"https:\/\/all-car-news.com\/es\/wp-json\/wp\/v2\/pages"}],"about":[{"href":"https:\/\/all-car-news.com\/es\/wp-json\/wp\/v2\/types\/page"}],"author":[{"embeddable":true,"href":"https:\/\/all-car-news.com\/es\/wp-json\/wp\/v2\/users\/4"}],"replies":[{"embeddable":true,"href":"https:\/\/all-car-news.com\/es\/wp-json\/wp\/v2\/comments?post=118199"}],"version-history":[{"count":0,"href":"https:\/\/all-car-news.com\/es\/wp-json\/wp\/v2\/pages\/118199\/revisions"}],"up":[{"embeddable":true,"href":"https:\/\/all-car-news.com\/es\/wp-json\/wp\/v2\/pages\/117701"}],"wp:featuredmedia":[{"embeddable":true,"href":"https:\/\/all-car-news.com\/es\/wp-json\/wp\/v2\/media\/118137"}],"wp:attachment":[{"href":"https:\/\/all-car-news.com\/es\/wp-json\/wp\/v2\/media?parent=118199"}],"curies":[{"name":"wp","href":"https:\/\/api.w.org\/{rel}","templated":true}]}}