{"id":118170,"date":"2022-03-09T09:06:40","date_gmt":"2022-03-09T09:06:40","guid":{"rendered":"https:\/\/all-car-news.com\/buscador-de-coches\/volkswagen\/kia-picanto\/"},"modified":"2022-03-09T09:07:12","modified_gmt":"2022-03-09T09:07:12","slug":"kia-picanto","status":"publish","type":"page","link":"https:\/\/all-car-news.com\/es\/buscador-de-coches\/volkswagen\/kia-picanto\/","title":{"rendered":"Kia Picanto"},"content":{"rendered":"\n<p>En 2004, Kia ingres\u00f3 al mercado europeo de autom\u00f3viles compactos con el Picanto. El autom\u00f3vil se construy\u00f3 sobre una versi\u00f3n abreviada de la plataforma Hyundai Getz y tambi\u00e9n comparti\u00f3 muchas partes con el Hyundai Atos. Para el mercado europeo, el Picanto ten\u00eda una decoraci\u00f3n adicional de serie en comparaci\u00f3n con la versi\u00f3n asi\u00e1tica del autom\u00f3vil. El autom\u00f3vil result\u00f3 ser un carrito urbano popular, que se mejor\u00f3 a\u00fan m\u00e1s con la segunda generaci\u00f3n presentada en 2011.<\/p>\n\n<p>En 2004, Kia ingres\u00f3 al mercado europeo de autom\u00f3viles compactos con el Picanto. El autom\u00f3vil se construy\u00f3 sobre una versi\u00f3n abreviada de la plataforma Hyundai Getz y tambi\u00e9n comparti\u00f3 muchas partes con el Hyundai Atos. Para el mercado europeo, el Picanto ten\u00eda una decoraci\u00f3n adicional de serie en comparaci\u00f3n con la versi\u00f3n asi\u00e1tica del autom\u00f3vil. El autom\u00f3vil result\u00f3 ser un carrito urbano popular, que se mejor\u00f3 a\u00fan m\u00e1s con la segunda generaci\u00f3n presentada en 2011.<\/p>\n\n<h2 class=\"wp-block-heading\"><strong>La corriente<\/strong><br\/><\/h2>\n\n<p>El modelo actual ha estado en la sala de exposici\u00f3n desde 2017. Aunque el concepto b\u00e1sico se ha mantenido igual, el coche ha vuelto a dar algunos pasos adelante y se ha sacudido por completo (casi) las bromas de los bares. El coche es bien recibido. Nuevo es el GT-Line, una versi\u00f3n con decoraci\u00f3n deportiva.<\/p>\n\n<h2 class=\"wp-block-heading\"><strong>Exclusivo R-Sport<\/strong><br\/><\/h2>\n\n<p>Eso puede evocar recuerdos del R-Sport. Esa fue una versi\u00f3n especial, que se present\u00f3 en 2010 como modelo de despedida de la primera generaci\u00f3n del Picanto. Como sugiere el nombre, el autom\u00f3vil recibi\u00f3 decoraciones deportivas, pero eso no es lo m\u00e1s especial del modelo. El R-Sport se vendi\u00f3 exclusivamente a trav\u00e9s de Internet, a trav\u00e9s de eCollectionbyKia. A\u00fan m\u00e1s especial es la edici\u00f3n del modelo: solo 130 piezas. Esto hace que el Picanto R-Sport sea m\u00e1s exclusivo que la mayor\u00eda de los superdeportivos&#8230;<\/p>\n\n<h2 class=\"wp-block-heading\">T\u00e9cnico<\/h2>\n\n<figure class=\"wp-block-table is-style-stripes\"><table class=\"has-fixed-layout\"><tbody><tr><td>Tipo de motor<\/td><td>gasolina, l\u00ednea de 3 cilindros<\/td><\/tr><tr><td>Desplazamiento<\/td><td>998cm<\/td><\/tr><tr><td>m\u00e1x. activos<\/td><td>49 kW (67 CV)<\/td><\/tr><tr><td>abeja<\/td><td>5.500 rpm<\/td><\/tr><tr><td>m\u00e1x. Pareja<\/td><td>96 nm<\/td><\/tr><tr><td>abeja<\/td><td>3.500 rpm<\/td><\/tr><tr><td>Conducir<\/td><td>ruedas frontales<\/td><\/tr><tr><td>Frenos de\/a<\/td><td>dado discos\/tambores<\/td><\/tr><tr><td>Radio de giro<\/td><td>9,2 metros<\/td><\/tr><tr><td>Rango de poder<\/td><td>49 a 74 kilovatios<\/td><\/tr><\/tbody><\/table><\/figure>\n\n<h2 class=\"wp-block-heading\">General<\/h2>\n\n<figure class=\"wp-block-table is-style-stripes\"><table class=\"has-fixed-layout\"><tbody><tr><td>Transmisi\u00f3n<\/td><td>5MT<\/td><\/tr><tr><td>Tipo de cuerpo<\/td><td>5 hab. hatchback<\/td><\/tr><tr><td>EuroNCAP<\/td><td>3 estrellas<\/td><\/tr><tr><td>Lanzamiento al mercado<\/td><td>abril 2017<\/td><\/tr><tr><td>\u00daltimo lavado de cara<\/td><td>N \/ A<\/td><\/tr><tr><td>Garant\u00eda<\/td><td>7 a\u00f1os<\/td><\/tr><tr><td>Desde precio<\/td><td>13.495\u20ac<\/td><\/tr><tr><td>Particularidades<\/td><td>El Picanto se encuentra invariablemente entre los 5 autos m\u00e1s vendidos en los Pa\u00edses Bajos.<\/td><\/tr><\/tbody><\/table><\/figure>\n\n<h2 class=\"wp-block-heading\">Dimensiones\/pesos<\/h2>\n\n<figure class=\"wp-block-table is-style-stripes\"><table class=\"has-fixed-layout\"><tbody><tr><td>Tama\u00f1o de llanta<\/td><td>175\/65 R14<\/td><\/tr><tr><td>L x An x Al<\/td><td>3595 x 1595 x 1485 mm<\/td><\/tr><tr><td>distancia entre ejes<\/td><td>2400 mm<\/td><\/tr><tr><td>Masa vac\u00eda<\/td><td>830 kg<\/td><\/tr><tr><td>m\u00e1x. seg\u00fan peso<\/td><td>n\/d kg<\/td><\/tr><tr><td>continuaci\u00f3n bolsa. habitaci\u00f3n.<\/td><td>255 litros<\/td><\/tr><tr><td>Capacidad del tanque<\/td><td>35l<\/td><\/tr><\/tbody><\/table><\/figure>\n\n<h2 class=\"wp-block-heading\">Consumo<\/h2>\n\n<figure class=\"wp-block-table is-style-stripes\"><table class=\"has-fixed-layout\"><tbody><tr><td>con. conjunto<\/td><td>4,4 l\/100 km<\/td><\/tr><tr><td>emisiones de CO\u2082<\/td><td>101 gramos por kil\u00f3metro<\/td><\/tr><tr><td>Etiqueta energ\u00e9tica<\/td><td>C<\/td><\/tr><\/tbody><\/table><\/figure>\n\n<h2 class=\"wp-block-heading\">Rendimiento<\/h2>\n\n<figure class=\"wp-block-table is-style-stripes\"><table class=\"has-fixed-layout\"><tbody><tr><td>Cuenta 0-100 km\/h<\/td><td>14,5 s<\/td><\/tr><tr><td>velocidad m\u00e1xima<\/td><td>158 km\/h<\/td><\/tr><\/tbody><\/table><\/figure>\n","protected":false},"excerpt":{"rendered":"<p>En 2004, Kia ingres\u00f3 al mercado europeo de autom\u00f3viles compactos con el Picanto. El autom\u00f3vil se construy\u00f3 sobre una versi\u00f3n [&hellip;]<\/p>\n","protected":false},"author":4,"featured_media":118109,"parent":117701,"menu_order":0,"comment_status":"closed","ping_status":"closed","template":"","meta":{"footnotes":""},"class_list":["post-118170","page","type-page","status-publish","has-post-thumbnail","hentry"],"acf":[],"yoast_head":"<!-- This site is optimized with the Yoast SEO plugin v21.2 - https:\/\/yoast.com\/wordpress\/plugins\/seo\/ -->\n<title>Kia Picanto - All cars news<\/title>\n<meta name=\"robots\" content=\"index, follow, max-snippet:-1, max-image-preview:large, max-video-preview:-1\" \/>\n<link rel=\"canonical\" href=\"https:\/\/all-car-news.com\/es\/buscador-de-coches\/volkswagen\/kia-picanto\/\" \/>\n<meta property=\"og:locale\" content=\"es_ES\" \/>\n<meta property=\"og:type\" content=\"article\" \/>\n<meta property=\"og:title\" content=\"Kia Picanto - All cars news\" \/>\n<meta property=\"og:description\" content=\"En 2004, Kia ingres\u00f3 al mercado europeo de autom\u00f3viles compactos con el Picanto. El autom\u00f3vil se construy\u00f3 sobre una versi\u00f3n [&hellip;]\" \/>\n<meta property=\"og:url\" content=\"https:\/\/all-car-news.com\/es\/buscador-de-coches\/volkswagen\/kia-picanto\/\" \/>\n<meta property=\"og:site_name\" content=\"All cars news\" \/>\n<meta property=\"article:modified_time\" content=\"2022-03-09T09:07:12+00:00\" \/>\n<meta property=\"og:image\" content=\"https:\/\/all-car-news.com\/wp-content\/uploads\/2022\/03\/Kia-Picanto-1.jpg\" \/>\n\t<meta property=\"og:image:width\" content=\"1280\" \/>\n\t<meta property=\"og:image:height\" content=\"924\" \/>\n\t<meta property=\"og:image:type\" content=\"image\/jpeg\" \/>\n<meta name=\"twitter:card\" content=\"summary_large_image\" \/>\n<meta name=\"twitter:label1\" content=\"Tiempo de lectura\" \/>\n\t<meta name=\"twitter:data1\" content=\"2 minutos\" \/>\n<script type=\"application\/ld+json\" class=\"yoast-schema-graph\">{\"@context\":\"https:\/\/schema.org\",\"@graph\":[{\"@type\":\"WebPage\",\"@id\":\"https:\/\/all-car-news.com\/es\/buscador-de-coches\/volkswagen\/kia-picanto\/\",\"url\":\"https:\/\/all-car-news.com\/es\/buscador-de-coches\/volkswagen\/kia-picanto\/\",\"name\":\"Kia Picanto - All cars news\",\"isPartOf\":{\"@id\":\"https:\/\/all-car-news.com\/es\/#website\"},\"datePublished\":\"2022-03-09T09:06:40+00:00\",\"dateModified\":\"2022-03-09T09:07:12+00:00\",\"breadcrumb\":{\"@id\":\"https:\/\/all-car-news.com\/es\/buscador-de-coches\/volkswagen\/kia-picanto\/#breadcrumb\"},\"inLanguage\":\"es\",\"potentialAction\":[{\"@type\":\"ReadAction\",\"target\":[\"https:\/\/all-car-news.com\/es\/buscador-de-coches\/volkswagen\/kia-picanto\/\"]}]},{\"@type\":\"BreadcrumbList\",\"@id\":\"https:\/\/all-car-news.com\/es\/buscador-de-coches\/volkswagen\/kia-picanto\/#breadcrumb\",\"itemListElement\":[{\"@type\":\"ListItem\",\"position\":1,\"name\":\"Home\",\"item\":\"https:\/\/all-car-news.com\/es\/\"},{\"@type\":\"ListItem\",\"position\":2,\"name\":\"buscador de coches\",\"item\":\"https:\/\/all-car-news.com\/es\/buscador-de-coches\/\"},{\"@type\":\"ListItem\",\"position\":3,\"name\":\"volkswagen\",\"item\":\"https:\/\/all-car-news.com\/es\/buscador-de-coches\/volkswagen\/\"},{\"@type\":\"ListItem\",\"position\":4,\"name\":\"Kia Picanto\"}]},{\"@type\":\"WebSite\",\"@id\":\"https:\/\/all-car-news.com\/es\/#website\",\"url\":\"https:\/\/all-car-news.com\/es\/\",\"name\":\"All cars news\",\"description\":\"\",\"publisher\":{\"@id\":\"https:\/\/all-car-news.com\/es\/#organization\"},\"potentialAction\":[{\"@type\":\"SearchAction\",\"target\":{\"@type\":\"EntryPoint\",\"urlTemplate\":\"https:\/\/all-car-news.com\/es\/?s={search_term_string}\"},\"query-input\":\"required name=search_term_string\"}],\"inLanguage\":\"es\"},{\"@type\":\"Organization\",\"@id\":\"https:\/\/all-car-news.com\/es\/#organization\",\"name\":\"All cars news\",\"url\":\"https:\/\/all-car-news.com\/es\/\",\"logo\":{\"@type\":\"ImageObject\",\"inLanguage\":\"es\",\"@id\":\"https:\/\/all-car-news.com\/es\/#\/schema\/logo\/image\/\",\"url\":\"https:\/\/all-car-news.com\/wp-content\/uploads\/2022\/02\/CMYK-AllCarNews_LANDSCAPE_300px-1.png\",\"contentUrl\":\"https:\/\/all-car-news.com\/wp-content\/uploads\/2022\/02\/CMYK-AllCarNews_LANDSCAPE_300px-1.png\",\"width\":300,\"height\":100,\"caption\":\"All cars news\"},\"image\":{\"@id\":\"https:\/\/all-car-news.com\/es\/#\/schema\/logo\/image\/\"}}]}<\/script>\n<!-- \/ Yoast SEO plugin. -->","yoast_head_json":{"title":"Kia Picanto - All cars news","robots":{"index":"index","follow":"follow","max-snippet":"max-snippet:-1","max-image-preview":"max-image-preview:large","max-video-preview":"max-video-preview:-1"},"canonical":"https:\/\/all-car-news.com\/es\/buscador-de-coches\/volkswagen\/kia-picanto\/","og_locale":"es_ES","og_type":"article","og_title":"Kia Picanto - All cars news","og_description":"En 2004, Kia ingres\u00f3 al mercado europeo de autom\u00f3viles compactos con el Picanto. El autom\u00f3vil se construy\u00f3 sobre una versi\u00f3n [&hellip;]","og_url":"https:\/\/all-car-news.com\/es\/buscador-de-coches\/volkswagen\/kia-picanto\/","og_site_name":"All cars news","article_modified_time":"2022-03-09T09:07:12+00:00","og_image":[{"width":1280,"height":924,"url":"https:\/\/all-car-news.com\/wp-content\/uploads\/2022\/03\/Kia-Picanto-1.jpg","type":"image\/jpeg"}],"twitter_card":"summary_large_image","twitter_misc":{"Tiempo de lectura":"2 minutos"},"schema":{"@context":"https:\/\/schema.org","@graph":[{"@type":"WebPage","@id":"https:\/\/all-car-news.com\/es\/buscador-de-coches\/volkswagen\/kia-picanto\/","url":"https:\/\/all-car-news.com\/es\/buscador-de-coches\/volkswagen\/kia-picanto\/","name":"Kia Picanto - All cars news","isPartOf":{"@id":"https:\/\/all-car-news.com\/es\/#website"},"datePublished":"2022-03-09T09:06:40+00:00","dateModified":"2022-03-09T09:07:12+00:00","breadcrumb":{"@id":"https:\/\/all-car-news.com\/es\/buscador-de-coches\/volkswagen\/kia-picanto\/#breadcrumb"},"inLanguage":"es","potentialAction":[{"@type":"ReadAction","target":["https:\/\/all-car-news.com\/es\/buscador-de-coches\/volkswagen\/kia-picanto\/"]}]},{"@type":"BreadcrumbList","@id":"https:\/\/all-car-news.com\/es\/buscador-de-coches\/volkswagen\/kia-picanto\/#breadcrumb","itemListElement":[{"@type":"ListItem","position":1,"name":"Home","item":"https:\/\/all-car-news.com\/es\/"},{"@type":"ListItem","position":2,"name":"buscador de coches","item":"https:\/\/all-car-news.com\/es\/buscador-de-coches\/"},{"@type":"ListItem","position":3,"name":"volkswagen","item":"https:\/\/all-car-news.com\/es\/buscador-de-coches\/volkswagen\/"},{"@type":"ListItem","position":4,"name":"Kia Picanto"}]},{"@type":"WebSite","@id":"https:\/\/all-car-news.com\/es\/#website","url":"https:\/\/all-car-news.com\/es\/","name":"All cars news","description":"","publisher":{"@id":"https:\/\/all-car-news.com\/es\/#organization"},"potentialAction":[{"@type":"SearchAction","target":{"@type":"EntryPoint","urlTemplate":"https:\/\/all-car-news.com\/es\/?s={search_term_string}"},"query-input":"required name=search_term_string"}],"inLanguage":"es"},{"@type":"Organization","@id":"https:\/\/all-car-news.com\/es\/#organization","name":"All cars news","url":"https:\/\/all-car-news.com\/es\/","logo":{"@type":"ImageObject","inLanguage":"es","@id":"https:\/\/all-car-news.com\/es\/#\/schema\/logo\/image\/","url":"https:\/\/all-car-news.com\/wp-content\/uploads\/2022\/02\/CMYK-AllCarNews_LANDSCAPE_300px-1.png","contentUrl":"https:\/\/all-car-news.com\/wp-content\/uploads\/2022\/02\/CMYK-AllCarNews_LANDSCAPE_300px-1.png","width":300,"height":100,"caption":"All cars news"},"image":{"@id":"https:\/\/all-car-news.com\/es\/#\/schema\/logo\/image\/"}}]}},"_links":{"self":[{"href":"https:\/\/all-car-news.com\/es\/wp-json\/wp\/v2\/pages\/118170","targetHints":{"allow":["GET"]}}],"collection":[{"href":"https:\/\/all-car-news.com\/es\/wp-json\/wp\/v2\/pages"}],"about":[{"href":"https:\/\/all-car-news.com\/es\/wp-json\/wp\/v2\/types\/page"}],"author":[{"embeddable":true,"href":"https:\/\/all-car-news.com\/es\/wp-json\/wp\/v2\/users\/4"}],"replies":[{"embeddable":true,"href":"https:\/\/all-car-news.com\/es\/wp-json\/wp\/v2\/comments?post=118170"}],"version-history":[{"count":0,"href":"https:\/\/all-car-news.com\/es\/wp-json\/wp\/v2\/pages\/118170\/revisions"}],"up":[{"embeddable":true,"href":"https:\/\/all-car-news.com\/es\/wp-json\/wp\/v2\/pages\/117701"}],"wp:featuredmedia":[{"embeddable":true,"href":"https:\/\/all-car-news.com\/es\/wp-json\/wp\/v2\/media\/118109"}],"wp:attachment":[{"href":"https:\/\/all-car-news.com\/es\/wp-json\/wp\/v2\/media?parent=118170"}],"curies":[{"name":"wp","href":"https:\/\/api.w.org\/{rel}","templated":true}]}}