{"id":118050,"date":"2022-03-08T12:47:44","date_gmt":"2022-03-08T12:47:44","guid":{"rendered":"https:\/\/all-car-news.com\/buscador-de-coches\/volkswagen\/volkswagen-tuareg\/"},"modified":"2022-03-08T12:47:48","modified_gmt":"2022-03-08T12:47:48","slug":"volkswagen-tuareg","status":"publish","type":"page","link":"https:\/\/all-car-news.com\/es\/buscador-de-coches\/volkswagen\/volkswagen-tuareg\/","title":{"rendered":"volkswagen tuareg"},"content":{"rendered":"\n<p>El proyecto que deriv\u00f3 en el primer Porsche Cayenne fue una colaboraci\u00f3n entre las marcas Porsche, Volkswagen y Audi. El objetivo era fabricar un veh\u00edculo todo terreno que ofreciera las caracter\u00edsticas de conducci\u00f3n de un deportivo sobre asfalto. En 2003 se complet\u00f3 el proyecto de urbanizaci\u00f3n. Porsche present\u00f3 el Cayenne, Volkswagen el Touareg. En 2005 Audi ten\u00eda listo su Q7. El Touareg lleva el nombre de una tribu n\u00f3mada del Sahara.<\/p>\n\n<p>El proyecto que deriv\u00f3 en el primer Porsche Cayenne fue una colaboraci\u00f3n entre las marcas Porsche, Volkswagen y Audi. El objetivo era fabricar un veh\u00edculo todo terreno que ofreciera las caracter\u00edsticas de conducci\u00f3n de un deportivo sobre asfalto. En 2003 se complet\u00f3 el proyecto de urbanizaci\u00f3n. Porsche present\u00f3 el Cayenne, Volkswagen el Touareg. En 2005 Audi ten\u00eda listo su Q7. El Touareg lleva el nombre de una tribu n\u00f3mada del Sahara.<\/p>\n\n<h2 class=\"wp-block-heading\"><strong>elecci\u00f3n<\/strong><br\/><\/h2>\n\n<p>El Touareg estaba disponible con una gama de motores notablemente variada. Desde un cinco cilindros en l\u00ednea, pasando por V6 y VR6 hasta un V8, V10 o incluso un V12. Este \u00faltimo logr\u00f3 toser una potencia de 450 hp. En 2007 tambi\u00e9n se present\u00f3 una versi\u00f3n deportiva real: el R50 basado en el modelo V10. El Touareg result\u00f3 un \u00e9xito para la marca, raz\u00f3n suficiente para presentar una segunda generaci\u00f3n en 2010.<\/p>\n\n<h2 class=\"wp-block-heading\"><strong>tercera generaci\u00f3n<\/strong><br\/><\/h2>\n\n<p>Ahora estamos listos para la tercera generaci\u00f3n, que sali\u00f3 al mercado a finales de 2018. A pesar de las mayores dimensiones y el lujo, el autom\u00f3vil se ha vuelto m\u00e1s liviano y econ\u00f3mico que las dos primeras generaciones. Debajo de la piel, el autom\u00f3vil todav\u00eda est\u00e1 estrechamente relacionado con el Audi Q7 y el Volkswagen Touareg, pero se han agregado parientes con el Audi Q8, Bentley Bentayga y Lamborghini Urus.<\/p>\n\n<h2 class=\"wp-block-heading\"><strong>&#8216;desaparecido&#8217;<\/strong><br\/><\/h2>\n\n<p>A finales de 2020, el Touareg desapareci\u00f3 silenciosamente del mercado holand\u00e9s. Sin duda, nuestro sistema fiscal ha hecho que el coche sea demasiado caro.<\/p>\n\n<h2 class=\"wp-block-heading\">T\u00e9cnico<\/h2>\n\n<figure class=\"wp-block-table is-style-stripes\"><table class=\"has-fixed-layout\"><tbody><tr><td>Tipo de motor<\/td><td>gasolina, V6<\/td><\/tr><tr><td>Desplazamiento<\/td><td>2.995 cm\u00b3<\/td><\/tr><tr><td>m\u00e1x. activos<\/td><td>250 kW (340 CV)<\/td><\/tr><tr><td>m\u00e1x. Pareja<\/td><td>450 nm<\/td><\/tr><tr><td>abeja<\/td><td>1.340 rpm<\/td><\/tr><tr><td>Conducir<\/td><td>4&#215;4<\/td><\/tr><tr><td>Frenos de\/a<\/td><td>dado discos\/discos<\/td><\/tr><tr><td>Radio de giro<\/td><td>12,2 metros<\/td><\/tr><tr><td>Rango de poder<\/td><td>170 a 310 kilovatios<\/td><\/tr><\/tbody><\/table><\/figure>\n\n<h2 class=\"wp-block-heading\">General<\/h2>\n\n<figure class=\"wp-block-table is-style-stripes\"><table class=\"has-fixed-layout\"><tbody><tr><td>Transmisi\u00f3n<\/td><td>8AT<\/td><\/tr><tr><td>Tipo de cuerpo<\/td><td>5 hab. todoterreno<\/td><\/tr><tr><td>EuroNCAP<\/td><td>5 estrellas<\/td><\/tr><tr><td>Lanzamiento al mercado<\/td><td>junio 2018<\/td><\/tr><tr><td>\u00daltimo lavado de cara<\/td><td>N \/ A<\/td><\/tr><tr><td>Garant\u00eda<\/td><td>2 a\u00f1os<\/td><\/tr><tr><td>Desde precio<\/td><td>98.895 \u20ac<\/td><\/tr><tr><td>Particularidades<\/td><td>En 2019, la gama de motores se ampli\u00f3 con un V8 de 4.0 litros, que solo estuvo disponible durante unos meses.<\/td><\/tr><\/tbody><\/table><\/figure>\n\n<h2 class=\"wp-block-heading\">Dimensiones\/pesos<\/h2>\n\n<figure class=\"wp-block-table is-style-stripes\"><table class=\"has-fixed-layout\"><tbody><tr><td>L x An x Al<\/td><td>4.878 x 1.984 x 1.717 mm<\/td><\/tr><tr><td>distancia entre ejes<\/td><td>2904 mm<\/td><\/tr><tr><td>Masa vac\u00eda<\/td><td>2.020 kg<\/td><\/tr><tr><td>m\u00e1x. seg\u00fan peso<\/td><td>3.500 kg<\/td><\/tr><tr><td>continuaci\u00f3n bolsa. habitaci\u00f3n.<\/td><td>810 litros<\/td><\/tr><tr><td>Capacidad del tanque<\/td><td>75 litros<\/td><\/tr><\/tbody><\/table><\/figure>\n\n<h2 class=\"wp-block-heading\">Consumo<\/h2>\n\n<figure class=\"wp-block-table is-style-stripes\"><table class=\"has-fixed-layout\"><tbody><tr><td>con. conjunto<\/td><td>8,9 l\/100 km<\/td><\/tr><tr><td>emisiones de CO\u2082<\/td><td>203g\/km<\/td><\/tr><tr><td>Etiqueta energ\u00e9tica<\/td><td>mi<\/td><\/tr><\/tbody><\/table><\/figure>\n\n<h2 class=\"wp-block-heading\">Rendimiento<\/h2>\n\n<figure class=\"wp-block-table is-style-stripes\"><table class=\"has-fixed-layout\"><tbody><tr><td>Cuenta 0-100 km\/h<\/td><td>5.9 seg<\/td><\/tr><tr><td>velocidad m\u00e1xima<\/td><td>250 km\/h<\/td><\/tr><\/tbody><\/table><\/figure>\n","protected":false},"excerpt":{"rendered":"<p>El proyecto que deriv\u00f3 en el primer Porsche Cayenne fue una colaboraci\u00f3n entre las marcas Porsche, Volkswagen y Audi. El [&hellip;]<\/p>\n","protected":false},"author":4,"featured_media":117938,"parent":117701,"menu_order":0,"comment_status":"closed","ping_status":"closed","template":"","meta":{"footnotes":""},"class_list":["post-118050","page","type-page","status-publish","has-post-thumbnail","hentry"],"acf":[],"yoast_head":"<!-- This site is optimized with the Yoast SEO plugin v21.2 - https:\/\/yoast.com\/wordpress\/plugins\/seo\/ -->\n<title>volkswagen tuareg - All cars news<\/title>\n<meta name=\"robots\" content=\"index, follow, max-snippet:-1, max-image-preview:large, max-video-preview:-1\" \/>\n<link rel=\"canonical\" href=\"https:\/\/all-car-news.com\/es\/buscador-de-coches\/volkswagen\/volkswagen-tuareg\/\" \/>\n<meta property=\"og:locale\" content=\"es_ES\" \/>\n<meta property=\"og:type\" content=\"article\" \/>\n<meta property=\"og:title\" content=\"volkswagen tuareg - All cars news\" \/>\n<meta property=\"og:description\" content=\"El proyecto que deriv\u00f3 en el primer Porsche Cayenne fue una colaboraci\u00f3n entre las marcas Porsche, Volkswagen y Audi. El [&hellip;]\" \/>\n<meta property=\"og:url\" content=\"https:\/\/all-car-news.com\/es\/buscador-de-coches\/volkswagen\/volkswagen-tuareg\/\" \/>\n<meta property=\"og:site_name\" content=\"All cars news\" \/>\n<meta property=\"article:modified_time\" content=\"2022-03-08T12:47:48+00:00\" \/>\n<meta property=\"og:image\" content=\"https:\/\/all-car-news.com\/wp-content\/uploads\/2022\/03\/Volkswagen-Touareg-1.jpg\" \/>\n\t<meta property=\"og:image:width\" content=\"1280\" \/>\n\t<meta property=\"og:image:height\" content=\"925\" \/>\n\t<meta property=\"og:image:type\" content=\"image\/jpeg\" \/>\n<meta name=\"twitter:card\" content=\"summary_large_image\" \/>\n<meta name=\"twitter:label1\" content=\"Tiempo de lectura\" \/>\n\t<meta name=\"twitter:data1\" content=\"2 minutos\" \/>\n<script type=\"application\/ld+json\" class=\"yoast-schema-graph\">{\"@context\":\"https:\/\/schema.org\",\"@graph\":[{\"@type\":\"WebPage\",\"@id\":\"https:\/\/all-car-news.com\/es\/buscador-de-coches\/volkswagen\/volkswagen-tuareg\/\",\"url\":\"https:\/\/all-car-news.com\/es\/buscador-de-coches\/volkswagen\/volkswagen-tuareg\/\",\"name\":\"volkswagen tuareg - All cars news\",\"isPartOf\":{\"@id\":\"https:\/\/all-car-news.com\/es\/#website\"},\"datePublished\":\"2022-03-08T12:47:44+00:00\",\"dateModified\":\"2022-03-08T12:47:48+00:00\",\"breadcrumb\":{\"@id\":\"https:\/\/all-car-news.com\/es\/buscador-de-coches\/volkswagen\/volkswagen-tuareg\/#breadcrumb\"},\"inLanguage\":\"es\",\"potentialAction\":[{\"@type\":\"ReadAction\",\"target\":[\"https:\/\/all-car-news.com\/es\/buscador-de-coches\/volkswagen\/volkswagen-tuareg\/\"]}]},{\"@type\":\"BreadcrumbList\",\"@id\":\"https:\/\/all-car-news.com\/es\/buscador-de-coches\/volkswagen\/volkswagen-tuareg\/#breadcrumb\",\"itemListElement\":[{\"@type\":\"ListItem\",\"position\":1,\"name\":\"Home\",\"item\":\"https:\/\/all-car-news.com\/es\/\"},{\"@type\":\"ListItem\",\"position\":2,\"name\":\"buscador de coches\",\"item\":\"https:\/\/all-car-news.com\/es\/buscador-de-coches\/\"},{\"@type\":\"ListItem\",\"position\":3,\"name\":\"volkswagen\",\"item\":\"https:\/\/all-car-news.com\/es\/buscador-de-coches\/volkswagen\/\"},{\"@type\":\"ListItem\",\"position\":4,\"name\":\"volkswagen tuareg\"}]},{\"@type\":\"WebSite\",\"@id\":\"https:\/\/all-car-news.com\/es\/#website\",\"url\":\"https:\/\/all-car-news.com\/es\/\",\"name\":\"All cars news\",\"description\":\"\",\"publisher\":{\"@id\":\"https:\/\/all-car-news.com\/es\/#organization\"},\"potentialAction\":[{\"@type\":\"SearchAction\",\"target\":{\"@type\":\"EntryPoint\",\"urlTemplate\":\"https:\/\/all-car-news.com\/es\/?s={search_term_string}\"},\"query-input\":\"required name=search_term_string\"}],\"inLanguage\":\"es\"},{\"@type\":\"Organization\",\"@id\":\"https:\/\/all-car-news.com\/es\/#organization\",\"name\":\"All cars news\",\"url\":\"https:\/\/all-car-news.com\/es\/\",\"logo\":{\"@type\":\"ImageObject\",\"inLanguage\":\"es\",\"@id\":\"https:\/\/all-car-news.com\/es\/#\/schema\/logo\/image\/\",\"url\":\"https:\/\/all-car-news.com\/wp-content\/uploads\/2022\/02\/CMYK-AllCarNews_LANDSCAPE_300px-1.png\",\"contentUrl\":\"https:\/\/all-car-news.com\/wp-content\/uploads\/2022\/02\/CMYK-AllCarNews_LANDSCAPE_300px-1.png\",\"width\":300,\"height\":100,\"caption\":\"All cars news\"},\"image\":{\"@id\":\"https:\/\/all-car-news.com\/es\/#\/schema\/logo\/image\/\"}}]}<\/script>\n<!-- \/ Yoast SEO plugin. -->","yoast_head_json":{"title":"volkswagen tuareg - All cars news","robots":{"index":"index","follow":"follow","max-snippet":"max-snippet:-1","max-image-preview":"max-image-preview:large","max-video-preview":"max-video-preview:-1"},"canonical":"https:\/\/all-car-news.com\/es\/buscador-de-coches\/volkswagen\/volkswagen-tuareg\/","og_locale":"es_ES","og_type":"article","og_title":"volkswagen tuareg - All cars news","og_description":"El proyecto que deriv\u00f3 en el primer Porsche Cayenne fue una colaboraci\u00f3n entre las marcas Porsche, Volkswagen y Audi. El [&hellip;]","og_url":"https:\/\/all-car-news.com\/es\/buscador-de-coches\/volkswagen\/volkswagen-tuareg\/","og_site_name":"All cars news","article_modified_time":"2022-03-08T12:47:48+00:00","og_image":[{"width":1280,"height":925,"url":"https:\/\/all-car-news.com\/wp-content\/uploads\/2022\/03\/Volkswagen-Touareg-1.jpg","type":"image\/jpeg"}],"twitter_card":"summary_large_image","twitter_misc":{"Tiempo de lectura":"2 minutos"},"schema":{"@context":"https:\/\/schema.org","@graph":[{"@type":"WebPage","@id":"https:\/\/all-car-news.com\/es\/buscador-de-coches\/volkswagen\/volkswagen-tuareg\/","url":"https:\/\/all-car-news.com\/es\/buscador-de-coches\/volkswagen\/volkswagen-tuareg\/","name":"volkswagen tuareg - All cars news","isPartOf":{"@id":"https:\/\/all-car-news.com\/es\/#website"},"datePublished":"2022-03-08T12:47:44+00:00","dateModified":"2022-03-08T12:47:48+00:00","breadcrumb":{"@id":"https:\/\/all-car-news.com\/es\/buscador-de-coches\/volkswagen\/volkswagen-tuareg\/#breadcrumb"},"inLanguage":"es","potentialAction":[{"@type":"ReadAction","target":["https:\/\/all-car-news.com\/es\/buscador-de-coches\/volkswagen\/volkswagen-tuareg\/"]}]},{"@type":"BreadcrumbList","@id":"https:\/\/all-car-news.com\/es\/buscador-de-coches\/volkswagen\/volkswagen-tuareg\/#breadcrumb","itemListElement":[{"@type":"ListItem","position":1,"name":"Home","item":"https:\/\/all-car-news.com\/es\/"},{"@type":"ListItem","position":2,"name":"buscador de coches","item":"https:\/\/all-car-news.com\/es\/buscador-de-coches\/"},{"@type":"ListItem","position":3,"name":"volkswagen","item":"https:\/\/all-car-news.com\/es\/buscador-de-coches\/volkswagen\/"},{"@type":"ListItem","position":4,"name":"volkswagen tuareg"}]},{"@type":"WebSite","@id":"https:\/\/all-car-news.com\/es\/#website","url":"https:\/\/all-car-news.com\/es\/","name":"All cars news","description":"","publisher":{"@id":"https:\/\/all-car-news.com\/es\/#organization"},"potentialAction":[{"@type":"SearchAction","target":{"@type":"EntryPoint","urlTemplate":"https:\/\/all-car-news.com\/es\/?s={search_term_string}"},"query-input":"required name=search_term_string"}],"inLanguage":"es"},{"@type":"Organization","@id":"https:\/\/all-car-news.com\/es\/#organization","name":"All cars news","url":"https:\/\/all-car-news.com\/es\/","logo":{"@type":"ImageObject","inLanguage":"es","@id":"https:\/\/all-car-news.com\/es\/#\/schema\/logo\/image\/","url":"https:\/\/all-car-news.com\/wp-content\/uploads\/2022\/02\/CMYK-AllCarNews_LANDSCAPE_300px-1.png","contentUrl":"https:\/\/all-car-news.com\/wp-content\/uploads\/2022\/02\/CMYK-AllCarNews_LANDSCAPE_300px-1.png","width":300,"height":100,"caption":"All cars news"},"image":{"@id":"https:\/\/all-car-news.com\/es\/#\/schema\/logo\/image\/"}}]}},"_links":{"self":[{"href":"https:\/\/all-car-news.com\/es\/wp-json\/wp\/v2\/pages\/118050","targetHints":{"allow":["GET"]}}],"collection":[{"href":"https:\/\/all-car-news.com\/es\/wp-json\/wp\/v2\/pages"}],"about":[{"href":"https:\/\/all-car-news.com\/es\/wp-json\/wp\/v2\/types\/page"}],"author":[{"embeddable":true,"href":"https:\/\/all-car-news.com\/es\/wp-json\/wp\/v2\/users\/4"}],"replies":[{"embeddable":true,"href":"https:\/\/all-car-news.com\/es\/wp-json\/wp\/v2\/comments?post=118050"}],"version-history":[{"count":0,"href":"https:\/\/all-car-news.com\/es\/wp-json\/wp\/v2\/pages\/118050\/revisions"}],"up":[{"embeddable":true,"href":"https:\/\/all-car-news.com\/es\/wp-json\/wp\/v2\/pages\/117701"}],"wp:featuredmedia":[{"embeddable":true,"href":"https:\/\/all-car-news.com\/es\/wp-json\/wp\/v2\/media\/117938"}],"wp:attachment":[{"href":"https:\/\/all-car-news.com\/es\/wp-json\/wp\/v2\/media?parent=118050"}],"curies":[{"name":"wp","href":"https:\/\/api.w.org\/{rel}","templated":true}]}}