{"id":118044,"date":"2022-03-08T12:47:37","date_gmt":"2022-03-08T12:47:37","guid":{"rendered":"https:\/\/all-car-news.com\/buscador-de-coches\/volkswagen\/furgoneta-deportiva-volkswagen-golf\/"},"modified":"2022-03-08T12:47:42","modified_gmt":"2022-03-08T12:47:42","slug":"furgoneta-deportiva-volkswagen-golf","status":"publish","type":"page","link":"https:\/\/all-car-news.com\/es\/buscador-de-coches\/volkswagen\/furgoneta-deportiva-volkswagen-golf\/","title":{"rendered":"furgoneta deportiva volkswagen golf"},"content":{"rendered":"\n<p>El Volkswagen Golf ha estado disponible en muchos estilos de carrocer\u00eda en su carrera de d\u00e9cadas. Adem\u00e1s de las variantes normales de hatchback, tambi\u00e9n hab\u00eda descapotables y sed\u00e1n, y la variante familiar todav\u00eda se puede encontrar en las salas de exposici\u00f3n. En 2004 se a\u00f1adi\u00f3 una nueva versi\u00f3n: el Golf Plus.<\/p>\n\n<p>El Volkswagen Golf ha estado disponible en muchos estilos de carrocer\u00eda en su carrera de d\u00e9cadas. Adem\u00e1s de las variantes normales de hatchback, tambi\u00e9n hab\u00eda descapotables y sed\u00e1n, y la variante familiar todav\u00eda se puede encontrar en las salas de exposici\u00f3n. En 2004 se a\u00f1adi\u00f3 una nueva versi\u00f3n: el Golf Plus.<\/p>\n\n<h2 class=\"wp-block-heading\"><strong>la altura en<\/strong><br\/><\/h2>\n\n<p>Sin embargo, el Plus no era tanto un estilo de carrocer\u00eda directo del Golf normal. El Plus era, de hecho, una versi\u00f3n alargada del Golf y, por lo tanto, tambi\u00e9n ten\u00eda su propia carrocer\u00eda. En cierto sentido, el Golf Plus era el monovolumen m\u00e1s peque\u00f1o de la marca. El CrossGolf, un Golf Plus con ropa todoterreno genial, tambi\u00e9n apareci\u00f3 en 2006.<\/p>\n\n<h2 class=\"wp-block-heading\"><strong>m\u00e1s moderno<\/strong><br\/><\/h2>\n\n<p>Tras un nuevo Golf, unos a\u00f1os m\u00e1s tarde, en 2013, lleg\u00f3 tambi\u00e9n el momento de un nuevo Golf Plus. Sin embargo, el autom\u00f3vil ten\u00eda que ser un poco m\u00e1s moderno que el primer modelo, por lo que adem\u00e1s de una apariencia m\u00e1s elegante y suave, el nombre tambi\u00e9n cambi\u00f3. A partir de entonces el modelo pas\u00f3 a llamarse Golf Sportsvan. En apariencia, el autom\u00f3vil ahora es m\u00e1s un Touran peque\u00f1o y, por lo tanto, se parece un poco m\u00e1s a un MPV. En 2018, el modelo se someti\u00f3 a un lavado de cara final.<\/p>\n\n<h2 class=\"wp-block-heading\">T\u00e9cnico<\/h2>\n\n<figure class=\"wp-block-table is-style-stripes\"><table class=\"has-fixed-layout\"><tbody><tr><td>Tipo de motor<\/td><td>gasolina, l\u00ednea de 4 cilindros<\/td><\/tr><tr><td>Desplazamiento<\/td><td>1.197 cm\u00b3<\/td><\/tr><tr><td>m\u00e1x. activos<\/td><td>63 kW (85 CV)<\/td><\/tr><tr><td>abeja<\/td><td>4.300 rpm<\/td><\/tr><tr><td>m\u00e1x. Pareja<\/td><td>160 nm<\/td><\/tr><tr><td>abeja<\/td><td>1.400 rpm<\/td><\/tr><tr><td>Conducir<\/td><td>ruedas frontales<\/td><\/tr><tr><td>Frenos de\/a<\/td><td>dado discos\/discos<\/td><\/tr><tr><td>Radio de giro<\/td><td>11,1 metros<\/td><\/tr><tr><td>Rango de poder<\/td><td>63 a 110 kilovatios<\/td><\/tr><\/tbody><\/table><\/figure>\n\n<h2 class=\"wp-block-heading\">General<\/h2>\n\n<figure class=\"wp-block-table is-style-stripes\"><table class=\"has-fixed-layout\"><tbody><tr><td>Transmisi\u00f3n<\/td><td>5MT<\/td><\/tr><tr><td>Tipo de cuerpo<\/td><td>5 hab. hatchback<\/td><\/tr><tr><td>EuroNCAP<\/td><td>5 estrellas<\/td><\/tr><tr><td>Lanzamiento al mercado<\/td><td>junio de 2014<\/td><\/tr><tr><td>\u00daltimo lavado de cara<\/td><td>noviembre de 2017<\/td><\/tr><tr><td>Garant\u00eda<\/td><td>2 a\u00f1os<\/td><\/tr><tr><td>Desde precio<\/td><td>25.190\u20ac<\/td><\/tr><tr><td>Particularidades<\/td><td>El Golf Sportsvan es el sucesor del Golf Plus.<\/td><\/tr><\/tbody><\/table><\/figure>\n\n<h2 class=\"wp-block-heading\">Dimensiones\/pesos<\/h2>\n\n<figure class=\"wp-block-table is-style-stripes\"><table class=\"has-fixed-layout\"><tbody><tr><td>Tama\u00f1o de llanta<\/td><td>195\/65 R15<\/td><\/tr><tr><td>L x An x Al<\/td><td>4338 x 1807 x 1578 mm<\/td><\/tr><tr><td>distancia entre ejes<\/td><td>2685mm<\/td><\/tr><tr><td>Masa vac\u00eda<\/td><td>1.220 kg<\/td><\/tr><tr><td>m\u00e1x. seg\u00fan peso<\/td><td>1.100 kg<\/td><\/tr><tr><td>continuaci\u00f3n bolsa. habitaci\u00f3n.<\/td><td>500l<\/td><\/tr><tr><td>Capacidad del tanque<\/td><td>50l<\/td><\/tr><\/tbody><\/table><\/figure>\n\n<h2 class=\"wp-block-heading\">Consumo<\/h2>\n\n<figure class=\"wp-block-table is-style-stripes\"><table class=\"has-fixed-layout\"><tbody><tr><td>con. conjunto<\/td><td>5,0 l\/100 km<\/td><\/tr><tr><td>emisiones de CO\u2082<\/td><td>116 gramos por kil\u00f3metro<\/td><\/tr><tr><td>Etiqueta energ\u00e9tica<\/td><td>B<\/td><\/tr><\/tbody><\/table><\/figure>\n\n<h2 class=\"wp-block-heading\">Rendimiento<\/h2>\n\n<figure class=\"wp-block-table is-style-stripes\"><table class=\"has-fixed-layout\"><tbody><tr><td>Cuenta 0-100 km\/h<\/td><td>13,2 seg<\/td><\/tr><tr><td>velocidad m\u00e1xima<\/td><td>177 km\/h<\/td><\/tr><\/tbody><\/table><\/figure>\n","protected":false},"excerpt":{"rendered":"<p>El Volkswagen Golf ha estado disponible en muchos estilos de carrocer\u00eda en su carrera de d\u00e9cadas. Adem\u00e1s de las variantes [&hellip;]<\/p>\n","protected":false},"author":4,"featured_media":117944,"parent":117701,"menu_order":0,"comment_status":"closed","ping_status":"closed","template":"","meta":{"footnotes":""},"class_list":["post-118044","page","type-page","status-publish","has-post-thumbnail","hentry"],"acf":[],"yoast_head":"<!-- This site is optimized with the Yoast SEO plugin v21.2 - https:\/\/yoast.com\/wordpress\/plugins\/seo\/ -->\n<title>furgoneta deportiva volkswagen golf - All cars news<\/title>\n<meta name=\"robots\" content=\"index, follow, max-snippet:-1, max-image-preview:large, max-video-preview:-1\" \/>\n<link rel=\"canonical\" href=\"https:\/\/all-car-news.com\/es\/buscador-de-coches\/volkswagen\/furgoneta-deportiva-volkswagen-golf\/\" \/>\n<meta property=\"og:locale\" content=\"es_ES\" \/>\n<meta property=\"og:type\" content=\"article\" \/>\n<meta property=\"og:title\" content=\"furgoneta deportiva volkswagen golf - All cars news\" \/>\n<meta property=\"og:description\" content=\"El Volkswagen Golf ha estado disponible en muchos estilos de carrocer\u00eda en su carrera de d\u00e9cadas. Adem\u00e1s de las variantes [&hellip;]\" \/>\n<meta property=\"og:url\" content=\"https:\/\/all-car-news.com\/es\/buscador-de-coches\/volkswagen\/furgoneta-deportiva-volkswagen-golf\/\" \/>\n<meta property=\"og:site_name\" content=\"All cars news\" \/>\n<meta property=\"article:modified_time\" content=\"2022-03-08T12:47:42+00:00\" \/>\n<meta property=\"og:image\" content=\"https:\/\/all-car-news.com\/wp-content\/uploads\/2022\/03\/Volkswagen-Golf-Sportsvan-1.jpg\" \/>\n\t<meta property=\"og:image:width\" content=\"1280\" \/>\n\t<meta property=\"og:image:height\" content=\"922\" \/>\n\t<meta property=\"og:image:type\" content=\"image\/jpeg\" \/>\n<meta name=\"twitter:card\" content=\"summary_large_image\" \/>\n<meta name=\"twitter:label1\" content=\"Tiempo de lectura\" \/>\n\t<meta name=\"twitter:data1\" content=\"2 minutos\" \/>\n<script type=\"application\/ld+json\" class=\"yoast-schema-graph\">{\"@context\":\"https:\/\/schema.org\",\"@graph\":[{\"@type\":\"WebPage\",\"@id\":\"https:\/\/all-car-news.com\/es\/buscador-de-coches\/volkswagen\/furgoneta-deportiva-volkswagen-golf\/\",\"url\":\"https:\/\/all-car-news.com\/es\/buscador-de-coches\/volkswagen\/furgoneta-deportiva-volkswagen-golf\/\",\"name\":\"furgoneta deportiva volkswagen golf - All cars news\",\"isPartOf\":{\"@id\":\"https:\/\/all-car-news.com\/es\/#website\"},\"datePublished\":\"2022-03-08T12:47:37+00:00\",\"dateModified\":\"2022-03-08T12:47:42+00:00\",\"breadcrumb\":{\"@id\":\"https:\/\/all-car-news.com\/es\/buscador-de-coches\/volkswagen\/furgoneta-deportiva-volkswagen-golf\/#breadcrumb\"},\"inLanguage\":\"es\",\"potentialAction\":[{\"@type\":\"ReadAction\",\"target\":[\"https:\/\/all-car-news.com\/es\/buscador-de-coches\/volkswagen\/furgoneta-deportiva-volkswagen-golf\/\"]}]},{\"@type\":\"BreadcrumbList\",\"@id\":\"https:\/\/all-car-news.com\/es\/buscador-de-coches\/volkswagen\/furgoneta-deportiva-volkswagen-golf\/#breadcrumb\",\"itemListElement\":[{\"@type\":\"ListItem\",\"position\":1,\"name\":\"Home\",\"item\":\"https:\/\/all-car-news.com\/es\/\"},{\"@type\":\"ListItem\",\"position\":2,\"name\":\"buscador de coches\",\"item\":\"https:\/\/all-car-news.com\/es\/buscador-de-coches\/\"},{\"@type\":\"ListItem\",\"position\":3,\"name\":\"volkswagen\",\"item\":\"https:\/\/all-car-news.com\/es\/buscador-de-coches\/volkswagen\/\"},{\"@type\":\"ListItem\",\"position\":4,\"name\":\"furgoneta deportiva volkswagen golf\"}]},{\"@type\":\"WebSite\",\"@id\":\"https:\/\/all-car-news.com\/es\/#website\",\"url\":\"https:\/\/all-car-news.com\/es\/\",\"name\":\"All cars news\",\"description\":\"\",\"publisher\":{\"@id\":\"https:\/\/all-car-news.com\/es\/#organization\"},\"potentialAction\":[{\"@type\":\"SearchAction\",\"target\":{\"@type\":\"EntryPoint\",\"urlTemplate\":\"https:\/\/all-car-news.com\/es\/?s={search_term_string}\"},\"query-input\":\"required name=search_term_string\"}],\"inLanguage\":\"es\"},{\"@type\":\"Organization\",\"@id\":\"https:\/\/all-car-news.com\/es\/#organization\",\"name\":\"All cars news\",\"url\":\"https:\/\/all-car-news.com\/es\/\",\"logo\":{\"@type\":\"ImageObject\",\"inLanguage\":\"es\",\"@id\":\"https:\/\/all-car-news.com\/es\/#\/schema\/logo\/image\/\",\"url\":\"https:\/\/all-car-news.com\/wp-content\/uploads\/2022\/02\/CMYK-AllCarNews_LANDSCAPE_300px-1.png\",\"contentUrl\":\"https:\/\/all-car-news.com\/wp-content\/uploads\/2022\/02\/CMYK-AllCarNews_LANDSCAPE_300px-1.png\",\"width\":300,\"height\":100,\"caption\":\"All cars news\"},\"image\":{\"@id\":\"https:\/\/all-car-news.com\/es\/#\/schema\/logo\/image\/\"}}]}<\/script>\n<!-- \/ Yoast SEO plugin. -->","yoast_head_json":{"title":"furgoneta deportiva volkswagen golf - All cars news","robots":{"index":"index","follow":"follow","max-snippet":"max-snippet:-1","max-image-preview":"max-image-preview:large","max-video-preview":"max-video-preview:-1"},"canonical":"https:\/\/all-car-news.com\/es\/buscador-de-coches\/volkswagen\/furgoneta-deportiva-volkswagen-golf\/","og_locale":"es_ES","og_type":"article","og_title":"furgoneta deportiva volkswagen golf - All cars news","og_description":"El Volkswagen Golf ha estado disponible en muchos estilos de carrocer\u00eda en su carrera de d\u00e9cadas. Adem\u00e1s de las variantes [&hellip;]","og_url":"https:\/\/all-car-news.com\/es\/buscador-de-coches\/volkswagen\/furgoneta-deportiva-volkswagen-golf\/","og_site_name":"All cars news","article_modified_time":"2022-03-08T12:47:42+00:00","og_image":[{"width":1280,"height":922,"url":"https:\/\/all-car-news.com\/wp-content\/uploads\/2022\/03\/Volkswagen-Golf-Sportsvan-1.jpg","type":"image\/jpeg"}],"twitter_card":"summary_large_image","twitter_misc":{"Tiempo de lectura":"2 minutos"},"schema":{"@context":"https:\/\/schema.org","@graph":[{"@type":"WebPage","@id":"https:\/\/all-car-news.com\/es\/buscador-de-coches\/volkswagen\/furgoneta-deportiva-volkswagen-golf\/","url":"https:\/\/all-car-news.com\/es\/buscador-de-coches\/volkswagen\/furgoneta-deportiva-volkswagen-golf\/","name":"furgoneta deportiva volkswagen golf - All cars news","isPartOf":{"@id":"https:\/\/all-car-news.com\/es\/#website"},"datePublished":"2022-03-08T12:47:37+00:00","dateModified":"2022-03-08T12:47:42+00:00","breadcrumb":{"@id":"https:\/\/all-car-news.com\/es\/buscador-de-coches\/volkswagen\/furgoneta-deportiva-volkswagen-golf\/#breadcrumb"},"inLanguage":"es","potentialAction":[{"@type":"ReadAction","target":["https:\/\/all-car-news.com\/es\/buscador-de-coches\/volkswagen\/furgoneta-deportiva-volkswagen-golf\/"]}]},{"@type":"BreadcrumbList","@id":"https:\/\/all-car-news.com\/es\/buscador-de-coches\/volkswagen\/furgoneta-deportiva-volkswagen-golf\/#breadcrumb","itemListElement":[{"@type":"ListItem","position":1,"name":"Home","item":"https:\/\/all-car-news.com\/es\/"},{"@type":"ListItem","position":2,"name":"buscador de coches","item":"https:\/\/all-car-news.com\/es\/buscador-de-coches\/"},{"@type":"ListItem","position":3,"name":"volkswagen","item":"https:\/\/all-car-news.com\/es\/buscador-de-coches\/volkswagen\/"},{"@type":"ListItem","position":4,"name":"furgoneta deportiva volkswagen golf"}]},{"@type":"WebSite","@id":"https:\/\/all-car-news.com\/es\/#website","url":"https:\/\/all-car-news.com\/es\/","name":"All cars news","description":"","publisher":{"@id":"https:\/\/all-car-news.com\/es\/#organization"},"potentialAction":[{"@type":"SearchAction","target":{"@type":"EntryPoint","urlTemplate":"https:\/\/all-car-news.com\/es\/?s={search_term_string}"},"query-input":"required name=search_term_string"}],"inLanguage":"es"},{"@type":"Organization","@id":"https:\/\/all-car-news.com\/es\/#organization","name":"All cars news","url":"https:\/\/all-car-news.com\/es\/","logo":{"@type":"ImageObject","inLanguage":"es","@id":"https:\/\/all-car-news.com\/es\/#\/schema\/logo\/image\/","url":"https:\/\/all-car-news.com\/wp-content\/uploads\/2022\/02\/CMYK-AllCarNews_LANDSCAPE_300px-1.png","contentUrl":"https:\/\/all-car-news.com\/wp-content\/uploads\/2022\/02\/CMYK-AllCarNews_LANDSCAPE_300px-1.png","width":300,"height":100,"caption":"All cars news"},"image":{"@id":"https:\/\/all-car-news.com\/es\/#\/schema\/logo\/image\/"}}]}},"_links":{"self":[{"href":"https:\/\/all-car-news.com\/es\/wp-json\/wp\/v2\/pages\/118044","targetHints":{"allow":["GET"]}}],"collection":[{"href":"https:\/\/all-car-news.com\/es\/wp-json\/wp\/v2\/pages"}],"about":[{"href":"https:\/\/all-car-news.com\/es\/wp-json\/wp\/v2\/types\/page"}],"author":[{"embeddable":true,"href":"https:\/\/all-car-news.com\/es\/wp-json\/wp\/v2\/users\/4"}],"replies":[{"embeddable":true,"href":"https:\/\/all-car-news.com\/es\/wp-json\/wp\/v2\/comments?post=118044"}],"version-history":[{"count":0,"href":"https:\/\/all-car-news.com\/es\/wp-json\/wp\/v2\/pages\/118044\/revisions"}],"up":[{"embeddable":true,"href":"https:\/\/all-car-news.com\/es\/wp-json\/wp\/v2\/pages\/117701"}],"wp:featuredmedia":[{"embeddable":true,"href":"https:\/\/all-car-news.com\/es\/wp-json\/wp\/v2\/media\/117944"}],"wp:attachment":[{"href":"https:\/\/all-car-news.com\/es\/wp-json\/wp\/v2\/media?parent=118044"}],"curies":[{"name":"wp","href":"https:\/\/api.w.org\/{rel}","templated":true}]}}