{"id":117826,"date":"2022-03-08T10:51:48","date_gmt":"2022-03-08T10:51:48","guid":{"rendered":"https:\/\/all-car-news.com\/buscador-de-coches\/volkswagen\/volkswagen-passat-variante\/"},"modified":"2022-03-08T10:52:00","modified_gmt":"2022-03-08T10:52:00","slug":"volkswagen-passat-variante","status":"publish","type":"page","link":"https:\/\/all-car-news.com\/es\/buscador-de-coches\/volkswagen\/volkswagen-passat-variante\/","title":{"rendered":"Volkswagen Passat variante"},"content":{"rendered":"\n<p>El Passat es un modelo que forma parte de la gama de modelos Volkswagen desde hace mucho tiempo. La primera generaci\u00f3n sali\u00f3 al mercado en 1972 y, por lo tanto, el nombre del modelo es m\u00e1s antiguo que el Golf. El primer modelo estaba disponible en muchos estilos de carrocer\u00eda. Un hatchback de tres o cinco puertas, un fastback de dos o cuatro puertas y una camioneta de cinco puertas. El Passat sucedi\u00f3 al Tipo 3, Tipo 4 y K70 y, por lo tanto, ofreci\u00f3 a Volkswagen por primera vez en mucho tiempo un autom\u00f3vil familiar realmente nuevo.<\/p>\n\n<p>El Passat es un modelo que forma parte de la gama de modelos Volkswagen desde hace mucho tiempo. La primera generaci\u00f3n sali\u00f3 al mercado en 1972 y, por lo tanto, el nombre del modelo es m\u00e1s antiguo que el Golf. El primer modelo estaba disponible en muchos estilos de carrocer\u00eda. Un hatchback de tres o cinco puertas, un fastback de dos o cuatro puertas y una camioneta de cinco puertas. El Passat sucedi\u00f3 al Tipo 3, Tipo 4 y K70 y, por lo tanto, ofreci\u00f3 a Volkswagen por primera vez en mucho tiempo un autom\u00f3vil familiar realmente nuevo.<\/p>\n\n<h2 class=\"wp-block-heading\"><strong>variantes<\/strong><br\/><\/h2>\n\n<p>Dividido en ocho generaciones de modelos oficiales (algunos lavados de cara importantes se consideraron oficialmente como una nueva generaci\u00f3n), el Passat ha evolucionado desde un autom\u00f3vil familiar hasta convertirse cada vez m\u00e1s en un sed\u00e1n comercial o camioneta. El n\u00famero de estilos de carrocer\u00eda tambi\u00e9n cambi\u00f3. Con la generaci\u00f3n B2, se agreg\u00f3 una versi\u00f3n sed\u00e1n tradicional. Con la llegada de la generaci\u00f3n B3 en 1988, se descontinu\u00f3 la variante liftback, despu\u00e9s de lo cual solo quedaron el sed\u00e1n y la camioneta durante mucho tiempo. Esto cambi\u00f3 en 2008, cuando sali\u00f3 al mercado el Passat CC, estrechamente relacionado.<\/p>\n\n<h2 class=\"wp-block-heading\"><strong>\u00bfPrima?<\/strong><br\/><\/h2>\n\n<p>La generaci\u00f3n actual apareci\u00f3 en 2015. Ahora que el CC se posicion\u00f3 como un modelo en s\u00ed mismo (y desde entonces ha sido reemplazado por el Arteon), el Passat nuevamente solo est\u00e1 disponible como sed\u00e1n y camioneta. Con el modelo actual, el Passat cambia m\u00e1s que nunca de un autom\u00f3vil familiar a un autom\u00f3vil comercial, pero seg\u00fan Volkswagen, el Passat es \u00abun autom\u00f3vil premium sin un precio premium\u00bb. En 2019, el Passat se someti\u00f3 a un lavado de cara y ese es el modelo que ahora est\u00e1 en las salas de exhibici\u00f3n.<\/p>\n\n<h2 class=\"wp-block-heading\"><strong>Passat NMS<\/strong><br\/><\/h2>\n\n<p>El Passat tambi\u00e9n se ha entregado en los EE. UU. desde la primera generaci\u00f3n. En 2011, esto cambi\u00f3 hasta cierto punto. En Am\u00e9rica del Norte (y China, en aras de la exhaustividad), Volkswagen ahora suministr\u00f3 su propio modelo espec\u00edfico del mercado, denominado internamente Passat NMS (Nuevo sed\u00e1n mediano). Este Passat solo est\u00e1 disponible como sed\u00e1n y es m\u00e1s grande que el modelo europeo &#8216;mundial&#8217;. Debajo de la piel, el &#8216;Passat NMS&#8217; comparte tecnolog\u00eda con el modelo europeo, pero por lo dem\u00e1s el autom\u00f3vil es un desarrollo independiente.<\/p>\n\n<h2 class=\"wp-block-heading\">T\u00e9cnico<\/h2>\n\n<figure class=\"wp-block-table is-style-stripes\"><table class=\"has-fixed-layout\"><tbody><tr><td>Tipo de motor<\/td><td>gasolina, l\u00ednea de 4 cilindros<\/td><\/tr><tr><td>Desplazamiento<\/td><td>1.395 cm\u00b3<\/td><\/tr><tr><td>m\u00e1x. activos<\/td><td>92 kW (125 CV)<\/td><\/tr><tr><td>abeja<\/td><td>5.000 rpm<\/td><\/tr><tr><td>m\u00e1x. Pareja<\/td><td>200 nm<\/td><\/tr><tr><td>abeja<\/td><td>1.400 rpm<\/td><\/tr><tr><td>Conducir<\/td><td>ruedas frontales<\/td><\/tr><tr><td>Frenos de\/a<\/td><td>dado discos\/discos<\/td><\/tr><tr><td>Radio de giro<\/td><td>11,7 metros<\/td><\/tr><tr><td>Rango de poder<\/td><td>88 a 200 kilovatios<\/td><\/tr><\/tbody><\/table><\/figure>\n\n<h2 class=\"wp-block-heading\">General<\/h2>\n\n<figure class=\"wp-block-table is-style-stripes\"><table class=\"has-fixed-layout\"><tbody><tr><td>Transmisi\u00f3n<\/td><td>6MT (opci\u00f3n 7AT)<\/td><\/tr><tr><td>Tipo de cuerpo<\/td><td>4 hab. camioneta<\/td><\/tr><tr><td>EuroNCAP<\/td><td>5 estrellas<\/td><\/tr><tr><td>Lanzamiento al mercado<\/td><td>diciembre de 2014<\/td><\/tr><tr><td>\u00daltimo lavado de cara<\/td><td>julio 2019<\/td><\/tr><tr><td>Interrumpido<\/td><td>desde julio de 2019<\/td><\/tr><tr><td>Garant\u00eda<\/td><td>2 a\u00f1os<\/td><\/tr><tr><td>Desde precio<\/td><td>35.290\u20ac<\/td><\/tr><tr><td>Particularidades<\/td><td>El Passat Limousine y Variant tambi\u00e9n est\u00e1n disponibles como h\u00edbrido enchufable GTE<\/td><\/tr><\/tbody><\/table><\/figure>\n\n<h2 class=\"wp-block-heading\">Dimensiones\/pesos<\/h2>\n\n<figure class=\"wp-block-table is-style-stripes\"><table class=\"has-fixed-layout\"><tbody><tr><td>Tama\u00f1o de llanta<\/td><td>215\/55 R17<\/td><\/tr><tr><td>L x An x Al<\/td><td>4.767 x 1.832 x 1.477 mm<\/td><\/tr><tr><td>distancia entre ejes<\/td><td>2791 mm<\/td><\/tr><tr><td>Masa vac\u00eda<\/td><td>1.294 kg<\/td><\/tr><tr><td>m\u00e1x. seg\u00fan peso<\/td><td>1.500 kg<\/td><\/tr><tr><td>continuaci\u00f3n bolsa. habitaci\u00f3n.<\/td><td>650 litros<\/td><\/tr><tr><td>Capacidad del tanque<\/td><td>66 litros<\/td><\/tr><\/tbody><\/table><\/figure>\n\n<h2 class=\"wp-block-heading\">Consumo<\/h2>\n\n<figure class=\"wp-block-table is-style-stripes\"><table class=\"has-fixed-layout\"><tbody><tr><td>con. conjunto<\/td><td>5,3 l\/100 km<\/td><\/tr><tr><td>emisiones de CO\u2082<\/td><td>123g\/km<\/td><\/tr><tr><td>Etiqueta energ\u00e9tica<\/td><td>B<\/td><\/tr><\/tbody><\/table><\/figure>\n\n<h2 class=\"wp-block-heading\">Rendimiento<\/h2>\n\n<figure class=\"wp-block-table is-style-stripes\"><table class=\"has-fixed-layout\"><tbody><tr><td>Cuenta 0-100 km\/h<\/td><td>9.9 seg<\/td><\/tr><tr><td>velocidad m\u00e1xima<\/td><td>206 km\/h<\/td><\/tr><\/tbody><\/table><\/figure>\n","protected":false},"excerpt":{"rendered":"<p>El Passat es un modelo que forma parte de la gama de modelos Volkswagen desde hace mucho tiempo. La primera [&hellip;]<\/p>\n","protected":false},"author":4,"featured_media":117780,"parent":117701,"menu_order":0,"comment_status":"closed","ping_status":"closed","template":"","meta":{"footnotes":""},"class_list":["post-117826","page","type-page","status-publish","has-post-thumbnail","hentry"],"acf":[],"yoast_head":"<!-- This site is optimized with the Yoast SEO plugin v21.2 - https:\/\/yoast.com\/wordpress\/plugins\/seo\/ -->\n<title>Volkswagen Passat variante - All cars news<\/title>\n<meta name=\"robots\" content=\"index, follow, max-snippet:-1, max-image-preview:large, max-video-preview:-1\" \/>\n<link rel=\"canonical\" href=\"https:\/\/all-car-news.com\/es\/buscador-de-coches\/volkswagen\/volkswagen-passat-variante\/\" \/>\n<meta property=\"og:locale\" content=\"es_ES\" \/>\n<meta property=\"og:type\" content=\"article\" \/>\n<meta property=\"og:title\" content=\"Volkswagen Passat variante - All cars news\" \/>\n<meta property=\"og:description\" content=\"El Passat es un modelo que forma parte de la gama de modelos Volkswagen desde hace mucho tiempo. La primera [&hellip;]\" \/>\n<meta property=\"og:url\" content=\"https:\/\/all-car-news.com\/es\/buscador-de-coches\/volkswagen\/volkswagen-passat-variante\/\" \/>\n<meta property=\"og:site_name\" content=\"All cars news\" \/>\n<meta property=\"article:modified_time\" content=\"2022-03-08T10:52:00+00:00\" \/>\n<meta property=\"og:image\" content=\"https:\/\/all-car-news.com\/wp-content\/uploads\/2022\/03\/Volkswagen-Passat-Variant-4.jpg\" \/>\n\t<meta property=\"og:image:width\" content=\"1280\" \/>\n\t<meta property=\"og:image:height\" content=\"923\" \/>\n\t<meta property=\"og:image:type\" content=\"image\/jpeg\" \/>\n<meta name=\"twitter:card\" content=\"summary_large_image\" \/>\n<meta name=\"twitter:label1\" content=\"Tiempo de lectura\" \/>\n\t<meta name=\"twitter:data1\" content=\"3 minutos\" \/>\n<script type=\"application\/ld+json\" class=\"yoast-schema-graph\">{\"@context\":\"https:\/\/schema.org\",\"@graph\":[{\"@type\":\"WebPage\",\"@id\":\"https:\/\/all-car-news.com\/es\/buscador-de-coches\/volkswagen\/volkswagen-passat-variante\/\",\"url\":\"https:\/\/all-car-news.com\/es\/buscador-de-coches\/volkswagen\/volkswagen-passat-variante\/\",\"name\":\"Volkswagen Passat variante - All cars news\",\"isPartOf\":{\"@id\":\"https:\/\/all-car-news.com\/es\/#website\"},\"datePublished\":\"2022-03-08T10:51:48+00:00\",\"dateModified\":\"2022-03-08T10:52:00+00:00\",\"breadcrumb\":{\"@id\":\"https:\/\/all-car-news.com\/es\/buscador-de-coches\/volkswagen\/volkswagen-passat-variante\/#breadcrumb\"},\"inLanguage\":\"es\",\"potentialAction\":[{\"@type\":\"ReadAction\",\"target\":[\"https:\/\/all-car-news.com\/es\/buscador-de-coches\/volkswagen\/volkswagen-passat-variante\/\"]}]},{\"@type\":\"BreadcrumbList\",\"@id\":\"https:\/\/all-car-news.com\/es\/buscador-de-coches\/volkswagen\/volkswagen-passat-variante\/#breadcrumb\",\"itemListElement\":[{\"@type\":\"ListItem\",\"position\":1,\"name\":\"Home\",\"item\":\"https:\/\/all-car-news.com\/es\/\"},{\"@type\":\"ListItem\",\"position\":2,\"name\":\"buscador de coches\",\"item\":\"https:\/\/all-car-news.com\/es\/buscador-de-coches\/\"},{\"@type\":\"ListItem\",\"position\":3,\"name\":\"volkswagen\",\"item\":\"https:\/\/all-car-news.com\/es\/buscador-de-coches\/volkswagen\/\"},{\"@type\":\"ListItem\",\"position\":4,\"name\":\"Volkswagen Passat variante\"}]},{\"@type\":\"WebSite\",\"@id\":\"https:\/\/all-car-news.com\/es\/#website\",\"url\":\"https:\/\/all-car-news.com\/es\/\",\"name\":\"All cars news\",\"description\":\"\",\"publisher\":{\"@id\":\"https:\/\/all-car-news.com\/es\/#organization\"},\"potentialAction\":[{\"@type\":\"SearchAction\",\"target\":{\"@type\":\"EntryPoint\",\"urlTemplate\":\"https:\/\/all-car-news.com\/es\/?s={search_term_string}\"},\"query-input\":\"required name=search_term_string\"}],\"inLanguage\":\"es\"},{\"@type\":\"Organization\",\"@id\":\"https:\/\/all-car-news.com\/es\/#organization\",\"name\":\"All cars news\",\"url\":\"https:\/\/all-car-news.com\/es\/\",\"logo\":{\"@type\":\"ImageObject\",\"inLanguage\":\"es\",\"@id\":\"https:\/\/all-car-news.com\/es\/#\/schema\/logo\/image\/\",\"url\":\"https:\/\/all-car-news.com\/wp-content\/uploads\/2022\/02\/CMYK-AllCarNews_LANDSCAPE_300px-1.png\",\"contentUrl\":\"https:\/\/all-car-news.com\/wp-content\/uploads\/2022\/02\/CMYK-AllCarNews_LANDSCAPE_300px-1.png\",\"width\":300,\"height\":100,\"caption\":\"All cars news\"},\"image\":{\"@id\":\"https:\/\/all-car-news.com\/es\/#\/schema\/logo\/image\/\"}}]}<\/script>\n<!-- \/ Yoast SEO plugin. -->","yoast_head_json":{"title":"Volkswagen Passat variante - All cars news","robots":{"index":"index","follow":"follow","max-snippet":"max-snippet:-1","max-image-preview":"max-image-preview:large","max-video-preview":"max-video-preview:-1"},"canonical":"https:\/\/all-car-news.com\/es\/buscador-de-coches\/volkswagen\/volkswagen-passat-variante\/","og_locale":"es_ES","og_type":"article","og_title":"Volkswagen Passat variante - All cars news","og_description":"El Passat es un modelo que forma parte de la gama de modelos Volkswagen desde hace mucho tiempo. La primera [&hellip;]","og_url":"https:\/\/all-car-news.com\/es\/buscador-de-coches\/volkswagen\/volkswagen-passat-variante\/","og_site_name":"All cars news","article_modified_time":"2022-03-08T10:52:00+00:00","og_image":[{"width":1280,"height":923,"url":"https:\/\/all-car-news.com\/wp-content\/uploads\/2022\/03\/Volkswagen-Passat-Variant-4.jpg","type":"image\/jpeg"}],"twitter_card":"summary_large_image","twitter_misc":{"Tiempo de lectura":"3 minutos"},"schema":{"@context":"https:\/\/schema.org","@graph":[{"@type":"WebPage","@id":"https:\/\/all-car-news.com\/es\/buscador-de-coches\/volkswagen\/volkswagen-passat-variante\/","url":"https:\/\/all-car-news.com\/es\/buscador-de-coches\/volkswagen\/volkswagen-passat-variante\/","name":"Volkswagen Passat variante - All cars news","isPartOf":{"@id":"https:\/\/all-car-news.com\/es\/#website"},"datePublished":"2022-03-08T10:51:48+00:00","dateModified":"2022-03-08T10:52:00+00:00","breadcrumb":{"@id":"https:\/\/all-car-news.com\/es\/buscador-de-coches\/volkswagen\/volkswagen-passat-variante\/#breadcrumb"},"inLanguage":"es","potentialAction":[{"@type":"ReadAction","target":["https:\/\/all-car-news.com\/es\/buscador-de-coches\/volkswagen\/volkswagen-passat-variante\/"]}]},{"@type":"BreadcrumbList","@id":"https:\/\/all-car-news.com\/es\/buscador-de-coches\/volkswagen\/volkswagen-passat-variante\/#breadcrumb","itemListElement":[{"@type":"ListItem","position":1,"name":"Home","item":"https:\/\/all-car-news.com\/es\/"},{"@type":"ListItem","position":2,"name":"buscador de coches","item":"https:\/\/all-car-news.com\/es\/buscador-de-coches\/"},{"@type":"ListItem","position":3,"name":"volkswagen","item":"https:\/\/all-car-news.com\/es\/buscador-de-coches\/volkswagen\/"},{"@type":"ListItem","position":4,"name":"Volkswagen Passat variante"}]},{"@type":"WebSite","@id":"https:\/\/all-car-news.com\/es\/#website","url":"https:\/\/all-car-news.com\/es\/","name":"All cars news","description":"","publisher":{"@id":"https:\/\/all-car-news.com\/es\/#organization"},"potentialAction":[{"@type":"SearchAction","target":{"@type":"EntryPoint","urlTemplate":"https:\/\/all-car-news.com\/es\/?s={search_term_string}"},"query-input":"required name=search_term_string"}],"inLanguage":"es"},{"@type":"Organization","@id":"https:\/\/all-car-news.com\/es\/#organization","name":"All cars news","url":"https:\/\/all-car-news.com\/es\/","logo":{"@type":"ImageObject","inLanguage":"es","@id":"https:\/\/all-car-news.com\/es\/#\/schema\/logo\/image\/","url":"https:\/\/all-car-news.com\/wp-content\/uploads\/2022\/02\/CMYK-AllCarNews_LANDSCAPE_300px-1.png","contentUrl":"https:\/\/all-car-news.com\/wp-content\/uploads\/2022\/02\/CMYK-AllCarNews_LANDSCAPE_300px-1.png","width":300,"height":100,"caption":"All cars news"},"image":{"@id":"https:\/\/all-car-news.com\/es\/#\/schema\/logo\/image\/"}}]}},"_links":{"self":[{"href":"https:\/\/all-car-news.com\/es\/wp-json\/wp\/v2\/pages\/117826","targetHints":{"allow":["GET"]}}],"collection":[{"href":"https:\/\/all-car-news.com\/es\/wp-json\/wp\/v2\/pages"}],"about":[{"href":"https:\/\/all-car-news.com\/es\/wp-json\/wp\/v2\/types\/page"}],"author":[{"embeddable":true,"href":"https:\/\/all-car-news.com\/es\/wp-json\/wp\/v2\/users\/4"}],"replies":[{"embeddable":true,"href":"https:\/\/all-car-news.com\/es\/wp-json\/wp\/v2\/comments?post=117826"}],"version-history":[{"count":0,"href":"https:\/\/all-car-news.com\/es\/wp-json\/wp\/v2\/pages\/117826\/revisions"}],"up":[{"embeddable":true,"href":"https:\/\/all-car-news.com\/es\/wp-json\/wp\/v2\/pages\/117701"}],"wp:featuredmedia":[{"embeddable":true,"href":"https:\/\/all-car-news.com\/es\/wp-json\/wp\/v2\/media\/117780"}],"wp:attachment":[{"href":"https:\/\/all-car-news.com\/es\/wp-json\/wp\/v2\/media?parent=117826"}],"curies":[{"name":"wp","href":"https:\/\/api.w.org\/{rel}","templated":true}]}}