{"id":117806,"date":"2022-03-08T10:51:32","date_gmt":"2022-03-08T10:51:32","guid":{"rendered":"https:\/\/all-car-news.com\/buscador-de-coches\/volkswagen\/volkswagen-t-cruz\/"},"modified":"2022-03-08T10:51:36","modified_gmt":"2022-03-08T10:51:36","slug":"volkswagen-t-cruz","status":"publish","type":"page","link":"https:\/\/all-car-news.com\/es\/buscador-de-coches\/volkswagen\/volkswagen-t-cruz\/","title":{"rendered":"volkswagen t cruz"},"content":{"rendered":"\n<p>Los SUV compactos son cada vez m\u00e1s populares, por lo que diferentes fabricantes est\u00e1n respondiendo a esta demanda. Se ofrece una alternativa tipo SUV para cada modelo &#8216;normal&#8217;, como es el caso de Volkswagen. Todav\u00eda no hab\u00eda un SUV tipo basado en el Polo, hasta ahora. En 2018, nos presentaron el T-Cross, el SUV similar a un SUV m\u00e1s peque\u00f1o en la gama de modelos de Volkswagen. El modelo estar\u00e1 disponible en los concesionarios a lo largo de 2019.<\/p>\n\n<p>Los SUV compactos son cada vez m\u00e1s populares, por lo que diferentes fabricantes est\u00e1n respondiendo a esta demanda. Se ofrece una alternativa tipo SUV para cada modelo &#8216;normal&#8217;, como es el caso de Volkswagen. Todav\u00eda no hab\u00eda un SUV tipo basado en el Polo, hasta ahora. En 2018, nos presentaron el T-Cross, el SUV similar a un SUV m\u00e1s peque\u00f1o en la gama de modelos de Volkswagen. El modelo estar\u00e1 disponible en los concesionarios a lo largo de 2019.<\/p>\n\n<h2 class=\"wp-block-heading\"><strong>Versi\u00f3n preliminar<\/strong><br\/><\/h2>\n\n<p>Despu\u00e9s de que el autom\u00f3vil se present\u00f3 por primera vez en 2016 como un crossover convertible, se sec\u00f3 a una versi\u00f3n de producci\u00f3n en 2018 como un autom\u00f3vil cerrado de cinco puertas. Una caracter\u00edstica llamativa del dise\u00f1o son las luces traseras, que est\u00e1n conectadas por un gran haz que se extiende por todo el ancho. Como se mencion\u00f3, el T-Cross comparte su base t\u00e9cnica con el Polo, lo que significa que tambi\u00e9n est\u00e1 estrechamente relacionado con el SEAT Arona comparable.<\/p>\n\n<h2 class=\"wp-block-heading\"><strong>Pr\u00e1ctico y personal<\/strong><br\/><\/h2>\n\n<p>Volkswagen promete mucha facilidad de uso para el T-Cross. Gracias a la distancia entre ejes relativamente larga, el autom\u00f3vil deber\u00eda ofrecer el espacio para equipaje m\u00e1s grande de su clase. Tambi\u00e9n de acuerdo con las \u00faltimas tendencias: el T-Cross tambi\u00e9n se puede adaptar al gusto personal en una medida bastante amplia.<\/p>\n\n<h2 class=\"wp-block-heading\">T\u00e9cnico<\/h2>\n\n<figure class=\"wp-block-table is-style-stripes\"><table class=\"has-fixed-layout\"><tbody><tr><td>Tipo de motor<\/td><td>gasolina, l\u00ednea de 3 cilindros<\/td><\/tr><tr><td>Desplazamiento<\/td><td>999 cm\u00b3<\/td><\/tr><tr><td>m\u00e1x. activos<\/td><td>70 kW (95 CV)<\/td><\/tr><tr><td>abeja<\/td><td>5.000 rpm<\/td><\/tr><tr><td>m\u00e1x. Pareja<\/td><td>175 nm<\/td><\/tr><tr><td>abeja<\/td><td>2000 rpm<\/td><\/tr><tr><td>Conducir<\/td><td>ruedas frontales<\/td><\/tr><tr><td>Frenos de\/a<\/td><td>dado discos\/discos<\/td><\/tr><tr><td>Radio de giro<\/td><td>10,6 metros<\/td><\/tr><tr><td>Rango de poder<\/td><td>70 a 85 kilovatios<\/td><\/tr><\/tbody><\/table><\/figure>\n\n<h2 class=\"wp-block-heading\">General<\/h2>\n\n<figure class=\"wp-block-table is-style-stripes\"><table class=\"has-fixed-layout\"><tbody><tr><td>Transmisi\u00f3n<\/td><td>5MT<\/td><\/tr><tr><td>Tipo de cuerpo<\/td><td>5 hab. todoterreno<\/td><\/tr><tr><td>EuroNCAP<\/td><td>5 estrellas<\/td><\/tr><tr><td>Lanzamiento al mercado<\/td><td>abril 2019<\/td><\/tr><tr><td>\u00daltimo lavado de cara<\/td><td>N \/ A<\/td><\/tr><tr><td>Garant\u00eda<\/td><td>4 a\u00f1os<\/td><\/tr><tr><td>Desde precio<\/td><td>22.620 \u20ac<\/td><\/tr><tr><td>Particularidades<\/td><td>El T-Cross basado en el Polo complementa la gama SUV\/crossover de Volkswagen en la parte inferior.<\/td><\/tr><\/tbody><\/table><\/figure>\n\n<h2 class=\"wp-block-heading\">Dimensiones\/pesos<\/h2>\n\n<figure class=\"wp-block-table is-style-stripes\"><table class=\"has-fixed-layout\"><tbody><tr><td>Tama\u00f1o de llanta<\/td><td>205\/60 R16<\/td><\/tr><tr><td>L x An x Al<\/td><td>4108 x 1760 x 1584 mm<\/td><\/tr><tr><td>distancia entre ejes<\/td><td>2551 mm<\/td><\/tr><tr><td>Masa vac\u00eda<\/td><td>1.245 kg<\/td><\/tr><tr><td>m\u00e1x. seg\u00fan peso<\/td><td>1.000 kg<\/td><\/tr><tr><td>continuaci\u00f3n bolsa. habitaci\u00f3n.<\/td><td>455 litros<\/td><\/tr><tr><td>Capacidad del tanque<\/td><td>40l<\/td><\/tr><\/tbody><\/table><\/figure>\n\n<h2 class=\"wp-block-heading\">Consumo<\/h2>\n\n<figure class=\"wp-block-table is-style-stripes\"><table class=\"has-fixed-layout\"><tbody><tr><td>con. conjunto<\/td><td>4,9 l\/100 km<\/td><\/tr><tr><td>emisiones de CO\u2082<\/td><td>112g\/km<\/td><\/tr><tr><td>Etiqueta energ\u00e9tica<\/td><td>C<\/td><\/tr><\/tbody><\/table><\/figure>\n\n<h2 class=\"wp-block-heading\">Rendimiento<\/h2>\n\n<figure class=\"wp-block-table is-style-stripes\"><table class=\"has-fixed-layout\"><tbody><tr><td>Cuenta 0-100 km\/h<\/td><td>11,5 s<\/td><\/tr><tr><td>velocidad m\u00e1xima<\/td><td>180 km\/h<\/td><\/tr><\/tbody><\/table><\/figure>\n","protected":false},"excerpt":{"rendered":"<p>Los SUV compactos son cada vez m\u00e1s populares, por lo que diferentes fabricantes est\u00e1n respondiendo a esta demanda. Se ofrece [&hellip;]<\/p>\n","protected":false},"author":4,"featured_media":117802,"parent":117701,"menu_order":0,"comment_status":"closed","ping_status":"closed","template":"","meta":{"footnotes":""},"class_list":["post-117806","page","type-page","status-publish","has-post-thumbnail","hentry"],"acf":[],"yoast_head":"<!-- This site is optimized with the Yoast SEO plugin v21.2 - https:\/\/yoast.com\/wordpress\/plugins\/seo\/ -->\n<title>volkswagen t cruz - All cars news<\/title>\n<meta name=\"robots\" content=\"index, follow, max-snippet:-1, max-image-preview:large, max-video-preview:-1\" \/>\n<link rel=\"canonical\" href=\"https:\/\/all-car-news.com\/es\/buscador-de-coches\/volkswagen\/volkswagen-t-cruz\/\" \/>\n<meta property=\"og:locale\" content=\"es_ES\" \/>\n<meta property=\"og:type\" content=\"article\" \/>\n<meta property=\"og:title\" content=\"volkswagen t cruz - All cars news\" \/>\n<meta property=\"og:description\" content=\"Los SUV compactos son cada vez m\u00e1s populares, por lo que diferentes fabricantes est\u00e1n respondiendo a esta demanda. Se ofrece [&hellip;]\" \/>\n<meta property=\"og:url\" content=\"https:\/\/all-car-news.com\/es\/buscador-de-coches\/volkswagen\/volkswagen-t-cruz\/\" \/>\n<meta property=\"og:site_name\" content=\"All cars news\" \/>\n<meta property=\"article:modified_time\" content=\"2022-03-08T10:51:36+00:00\" \/>\n<meta property=\"og:image\" content=\"https:\/\/all-car-news.com\/wp-content\/uploads\/2022\/03\/Volkswagen-T-Cross-1.jpg\" \/>\n\t<meta property=\"og:image:width\" content=\"1279\" \/>\n\t<meta property=\"og:image:height\" content=\"924\" \/>\n\t<meta property=\"og:image:type\" content=\"image\/jpeg\" \/>\n<meta name=\"twitter:card\" content=\"summary_large_image\" \/>\n<meta name=\"twitter:label1\" content=\"Tiempo de lectura\" \/>\n\t<meta name=\"twitter:data1\" content=\"2 minutos\" \/>\n<script type=\"application\/ld+json\" class=\"yoast-schema-graph\">{\"@context\":\"https:\/\/schema.org\",\"@graph\":[{\"@type\":\"WebPage\",\"@id\":\"https:\/\/all-car-news.com\/es\/buscador-de-coches\/volkswagen\/volkswagen-t-cruz\/\",\"url\":\"https:\/\/all-car-news.com\/es\/buscador-de-coches\/volkswagen\/volkswagen-t-cruz\/\",\"name\":\"volkswagen t cruz - All cars news\",\"isPartOf\":{\"@id\":\"https:\/\/all-car-news.com\/es\/#website\"},\"datePublished\":\"2022-03-08T10:51:32+00:00\",\"dateModified\":\"2022-03-08T10:51:36+00:00\",\"breadcrumb\":{\"@id\":\"https:\/\/all-car-news.com\/es\/buscador-de-coches\/volkswagen\/volkswagen-t-cruz\/#breadcrumb\"},\"inLanguage\":\"es\",\"potentialAction\":[{\"@type\":\"ReadAction\",\"target\":[\"https:\/\/all-car-news.com\/es\/buscador-de-coches\/volkswagen\/volkswagen-t-cruz\/\"]}]},{\"@type\":\"BreadcrumbList\",\"@id\":\"https:\/\/all-car-news.com\/es\/buscador-de-coches\/volkswagen\/volkswagen-t-cruz\/#breadcrumb\",\"itemListElement\":[{\"@type\":\"ListItem\",\"position\":1,\"name\":\"Home\",\"item\":\"https:\/\/all-car-news.com\/es\/\"},{\"@type\":\"ListItem\",\"position\":2,\"name\":\"buscador de coches\",\"item\":\"https:\/\/all-car-news.com\/es\/buscador-de-coches\/\"},{\"@type\":\"ListItem\",\"position\":3,\"name\":\"volkswagen\",\"item\":\"https:\/\/all-car-news.com\/es\/buscador-de-coches\/volkswagen\/\"},{\"@type\":\"ListItem\",\"position\":4,\"name\":\"volkswagen t cruz\"}]},{\"@type\":\"WebSite\",\"@id\":\"https:\/\/all-car-news.com\/es\/#website\",\"url\":\"https:\/\/all-car-news.com\/es\/\",\"name\":\"All cars news\",\"description\":\"\",\"publisher\":{\"@id\":\"https:\/\/all-car-news.com\/es\/#organization\"},\"potentialAction\":[{\"@type\":\"SearchAction\",\"target\":{\"@type\":\"EntryPoint\",\"urlTemplate\":\"https:\/\/all-car-news.com\/es\/?s={search_term_string}\"},\"query-input\":\"required name=search_term_string\"}],\"inLanguage\":\"es\"},{\"@type\":\"Organization\",\"@id\":\"https:\/\/all-car-news.com\/es\/#organization\",\"name\":\"All cars news\",\"url\":\"https:\/\/all-car-news.com\/es\/\",\"logo\":{\"@type\":\"ImageObject\",\"inLanguage\":\"es\",\"@id\":\"https:\/\/all-car-news.com\/es\/#\/schema\/logo\/image\/\",\"url\":\"https:\/\/all-car-news.com\/wp-content\/uploads\/2022\/02\/CMYK-AllCarNews_LANDSCAPE_300px-1.png\",\"contentUrl\":\"https:\/\/all-car-news.com\/wp-content\/uploads\/2022\/02\/CMYK-AllCarNews_LANDSCAPE_300px-1.png\",\"width\":300,\"height\":100,\"caption\":\"All cars news\"},\"image\":{\"@id\":\"https:\/\/all-car-news.com\/es\/#\/schema\/logo\/image\/\"}}]}<\/script>\n<!-- \/ Yoast SEO plugin. -->","yoast_head_json":{"title":"volkswagen t cruz - All cars news","robots":{"index":"index","follow":"follow","max-snippet":"max-snippet:-1","max-image-preview":"max-image-preview:large","max-video-preview":"max-video-preview:-1"},"canonical":"https:\/\/all-car-news.com\/es\/buscador-de-coches\/volkswagen\/volkswagen-t-cruz\/","og_locale":"es_ES","og_type":"article","og_title":"volkswagen t cruz - All cars news","og_description":"Los SUV compactos son cada vez m\u00e1s populares, por lo que diferentes fabricantes est\u00e1n respondiendo a esta demanda. Se ofrece [&hellip;]","og_url":"https:\/\/all-car-news.com\/es\/buscador-de-coches\/volkswagen\/volkswagen-t-cruz\/","og_site_name":"All cars news","article_modified_time":"2022-03-08T10:51:36+00:00","og_image":[{"width":1279,"height":924,"url":"https:\/\/all-car-news.com\/wp-content\/uploads\/2022\/03\/Volkswagen-T-Cross-1.jpg","type":"image\/jpeg"}],"twitter_card":"summary_large_image","twitter_misc":{"Tiempo de lectura":"2 minutos"},"schema":{"@context":"https:\/\/schema.org","@graph":[{"@type":"WebPage","@id":"https:\/\/all-car-news.com\/es\/buscador-de-coches\/volkswagen\/volkswagen-t-cruz\/","url":"https:\/\/all-car-news.com\/es\/buscador-de-coches\/volkswagen\/volkswagen-t-cruz\/","name":"volkswagen t cruz - All cars news","isPartOf":{"@id":"https:\/\/all-car-news.com\/es\/#website"},"datePublished":"2022-03-08T10:51:32+00:00","dateModified":"2022-03-08T10:51:36+00:00","breadcrumb":{"@id":"https:\/\/all-car-news.com\/es\/buscador-de-coches\/volkswagen\/volkswagen-t-cruz\/#breadcrumb"},"inLanguage":"es","potentialAction":[{"@type":"ReadAction","target":["https:\/\/all-car-news.com\/es\/buscador-de-coches\/volkswagen\/volkswagen-t-cruz\/"]}]},{"@type":"BreadcrumbList","@id":"https:\/\/all-car-news.com\/es\/buscador-de-coches\/volkswagen\/volkswagen-t-cruz\/#breadcrumb","itemListElement":[{"@type":"ListItem","position":1,"name":"Home","item":"https:\/\/all-car-news.com\/es\/"},{"@type":"ListItem","position":2,"name":"buscador de coches","item":"https:\/\/all-car-news.com\/es\/buscador-de-coches\/"},{"@type":"ListItem","position":3,"name":"volkswagen","item":"https:\/\/all-car-news.com\/es\/buscador-de-coches\/volkswagen\/"},{"@type":"ListItem","position":4,"name":"volkswagen t cruz"}]},{"@type":"WebSite","@id":"https:\/\/all-car-news.com\/es\/#website","url":"https:\/\/all-car-news.com\/es\/","name":"All cars news","description":"","publisher":{"@id":"https:\/\/all-car-news.com\/es\/#organization"},"potentialAction":[{"@type":"SearchAction","target":{"@type":"EntryPoint","urlTemplate":"https:\/\/all-car-news.com\/es\/?s={search_term_string}"},"query-input":"required name=search_term_string"}],"inLanguage":"es"},{"@type":"Organization","@id":"https:\/\/all-car-news.com\/es\/#organization","name":"All cars news","url":"https:\/\/all-car-news.com\/es\/","logo":{"@type":"ImageObject","inLanguage":"es","@id":"https:\/\/all-car-news.com\/es\/#\/schema\/logo\/image\/","url":"https:\/\/all-car-news.com\/wp-content\/uploads\/2022\/02\/CMYK-AllCarNews_LANDSCAPE_300px-1.png","contentUrl":"https:\/\/all-car-news.com\/wp-content\/uploads\/2022\/02\/CMYK-AllCarNews_LANDSCAPE_300px-1.png","width":300,"height":100,"caption":"All cars news"},"image":{"@id":"https:\/\/all-car-news.com\/es\/#\/schema\/logo\/image\/"}}]}},"_links":{"self":[{"href":"https:\/\/all-car-news.com\/es\/wp-json\/wp\/v2\/pages\/117806","targetHints":{"allow":["GET"]}}],"collection":[{"href":"https:\/\/all-car-news.com\/es\/wp-json\/wp\/v2\/pages"}],"about":[{"href":"https:\/\/all-car-news.com\/es\/wp-json\/wp\/v2\/types\/page"}],"author":[{"embeddable":true,"href":"https:\/\/all-car-news.com\/es\/wp-json\/wp\/v2\/users\/4"}],"replies":[{"embeddable":true,"href":"https:\/\/all-car-news.com\/es\/wp-json\/wp\/v2\/comments?post=117806"}],"version-history":[{"count":0,"href":"https:\/\/all-car-news.com\/es\/wp-json\/wp\/v2\/pages\/117806\/revisions"}],"up":[{"embeddable":true,"href":"https:\/\/all-car-news.com\/es\/wp-json\/wp\/v2\/pages\/117701"}],"wp:featuredmedia":[{"embeddable":true,"href":"https:\/\/all-car-news.com\/es\/wp-json\/wp\/v2\/media\/117802"}],"wp:attachment":[{"href":"https:\/\/all-car-news.com\/es\/wp-json\/wp\/v2\/media?parent=117806"}],"curies":[{"name":"wp","href":"https:\/\/api.w.org\/{rel}","templated":true}]}}