{"id":117743,"date":"2022-03-08T09:40:53","date_gmt":"2022-03-08T09:40:53","guid":{"rendered":"https:\/\/all-car-news.com\/buscador-de-coches\/volkswagen\/volkswagen-escarabajo\/"},"modified":"2022-03-08T09:40:56","modified_gmt":"2022-03-08T09:40:56","slug":"volkswagen-escarabajo","status":"publish","type":"page","link":"https:\/\/all-car-news.com\/es\/buscador-de-coches\/volkswagen\/volkswagen-escarabajo\/","title":{"rendered":"Volkswagen escarabajo"},"content":{"rendered":"\n<p>A fines de la d\u00e9cada de 1990, cuando se acercaba el cambio de siglo, lo retro era un tema popular. Varios fabricantes de autom\u00f3viles est\u00e1n respondiendo a esto con modelos retro. Piense en el Chrysler PT Cruiser, el Ford Thunderbird y el regreso de Mini. Volkswagen tambi\u00e9n particip\u00f3 en la tendencia y present\u00f3 el New Beetle. La reencarnaci\u00f3n moderna del cl\u00e1sico Volkswagen Beetle se construy\u00f3 sobre la plataforma del Golf y tambi\u00e9n apareci\u00f3 como Convertible.<\/p>\n\n<p>A fines de la d\u00e9cada de 1990, cuando se acercaba el cambio de siglo, lo retro era un tema popular. Varios fabricantes de autom\u00f3viles est\u00e1n respondiendo a esto con modelos retro. Piense en el Chrysler PT Cruiser, el Ford Thunderbird y el regreso de Mini. Volkswagen tambi\u00e9n particip\u00f3 en la tendencia y present\u00f3 el New Beetle. La reencarnaci\u00f3n moderna del cl\u00e1sico Volkswagen Beetle se construy\u00f3 sobre la plataforma del Golf y tambi\u00e9n apareci\u00f3 como Convertible.<br\/><br\/><strong>m\u00e1s duro<\/strong><br\/>Despu\u00e9s de un lavado de cara provisional en 2005 y muchas ediciones especiales, el New Beetle se mantuvo en producci\u00f3n hasta 2011. Ese a\u00f1o apareci\u00f3 la segunda generaci\u00f3n, pero antes de eso, Volkswagen hizo varias cosas de manera diferente. Por ejemplo, el nombre se cambi\u00f3 a solo &#8216;Beetle&#8217; y el autom\u00f3vil obtuvo un estilo algo m\u00e1s duro con una l\u00ednea de techo ligeramente m\u00e1s baja. Por ejemplo, Volkswagen esperaba lograr m\u00e1s \u00e9xito con el Beetle que con el New Beetle, que en realidad solo hab\u00eda tenido \u00e9xito en los EE. UU.<br\/><br\/><strong>El final de una era<\/strong><br\/>De hecho, el Beetle fue mejor valorado que el New Beetle, pero el \u00e9xito a\u00fan no cumpli\u00f3 con las expectativas. La introducci\u00f3n de versiones especiales y la resistente versi\u00f3n Dune con &#8216;ropa todoterreno&#8217; cambi\u00f3 poco. En 2018, el importador holand\u00e9s ya decidi\u00f3 dejar de suministrar el modelo y en 2019 el Beetle tambi\u00e9n dej\u00f3 de fabricarse a nivel mundial. En cierto sentido, esto pone fin a una era, porque por primera vez, Volkswagen ya no ofrece un &#8216;modelo Beetle&#8217;.<\/p>\n\n<h2 class=\"wp-block-heading\">T\u00e9cnico<\/h2>\n\n<figure class=\"wp-block-table is-style-stripes\"><table class=\"has-fixed-layout\"><tbody><tr><td>Tipo de motor<\/td><td>gasolina, l\u00ednea de 4 cilindros<\/td><\/tr><tr><td>Desplazamiento<\/td><td>1.197 cm\u00b3<\/td><\/tr><tr><td>m\u00e1x. activos<\/td><td>77 kW (105 CV)<\/td><\/tr><tr><td>abeja<\/td><td>4.500 rpm<\/td><\/tr><tr><td>m\u00e1x. Pareja<\/td><td>175 nm<\/td><\/tr><tr><td>abeja<\/td><td>1.400 rpm<\/td><\/tr><tr><td>Conducir<\/td><td>ruedas frontales<\/td><\/tr><tr><td>Frenos de\/a<\/td><td>dado discos\/discos<\/td><\/tr><tr><td>Radio de giro<\/td><td>10,8 metros<\/td><\/tr><tr><td>Rango de poder<\/td><td>77 a 162 kilovatios<\/td><\/tr><\/tbody><\/table><\/figure>\n\n<h2 class=\"wp-block-heading\">General<\/h2>\n\n<figure class=\"wp-block-table is-style-stripes\"><table class=\"has-fixed-layout\"><tbody><tr><td>Transmisi\u00f3n<\/td><td>6MT<\/td><\/tr><tr><td>Tipo de cuerpo<\/td><td>3 hab. hatchback<\/td><\/tr><tr><td>EuroNCAP<\/td><td>5 estrellas<\/td><\/tr><tr><td>Lanzamiento al mercado<\/td><td>noviembre de 2011<\/td><\/tr><tr><td>\u00daltimo lavado de cara<\/td><td>julio de 2016<\/td><\/tr><tr><td>Garant\u00eda<\/td><td>2 a\u00f1os<\/td><\/tr><tr><td>Desde precio<\/td><td>27.650\u20ac<\/td><\/tr><tr><td>Particularidades<\/td><td>El Beetle Coup\u00e9 y Convertible ya no est\u00e1n disponibles con motor di\u00e9sel.<\/td><\/tr><\/tbody><\/table><\/figure>\n\n<h2 class=\"wp-block-heading\">Dimensiones\/pesos<\/h2>\n\n<figure class=\"wp-block-table is-style-stripes\"><table class=\"has-fixed-layout\"><tbody><tr><td>Tama\u00f1o de llanta<\/td><td>215\/60 R16<\/td><\/tr><tr><td>L x An x Al<\/td><td>4288 x 1825 x 1488 mm<\/td><\/tr><tr><td>distancia entre ejes<\/td><td>2524 mm<\/td><\/tr><tr><td>Masa vac\u00eda<\/td><td>1.214 kg<\/td><\/tr><tr><td>m\u00e1x. seg\u00fan peso<\/td><td>n\/d kg<\/td><\/tr><tr><td>continuaci\u00f3n bolsa. habitaci\u00f3n.<\/td><td>310 litros<\/td><\/tr><tr><td>Capacidad del tanque<\/td><td>55 litros<\/td><\/tr><\/tbody><\/table><\/figure>\n\n<h2 class=\"wp-block-heading\">Consumo<\/h2>\n\n<figure class=\"wp-block-table is-style-stripes\"><table class=\"has-fixed-layout\"><tbody><tr><td>con. conjunto<\/td><td>5,4 l\/100 km<\/td><\/tr><tr><td>emisiones de CO\u2082<\/td><td>126g\/km<\/td><\/tr><tr><td>Etiqueta energ\u00e9tica<\/td><td>C<\/td><\/tr><\/tbody><\/table><\/figure>\n\n<h2 class=\"wp-block-heading\">Rendimiento<\/h2>\n\n<figure class=\"wp-block-table is-style-stripes\"><table class=\"has-fixed-layout\"><tbody><tr><td>Cuenta 0-100 km\/h<\/td><td>10,9 seg<\/td><\/tr><tr><td>velocidad m\u00e1xima<\/td><td>180 km\/h<\/td><\/tr><\/tbody><\/table><\/figure>\n","protected":false},"excerpt":{"rendered":"<p>A fines de la d\u00e9cada de 1990, cuando se acercaba el cambio de siglo, lo retro era un tema popular. [&hellip;]<\/p>\n","protected":false},"author":4,"featured_media":117735,"parent":117701,"menu_order":0,"comment_status":"closed","ping_status":"closed","template":"","meta":{"footnotes":""},"class_list":["post-117743","page","type-page","status-publish","has-post-thumbnail","hentry"],"acf":[],"yoast_head":"<!-- This site is optimized with the Yoast SEO plugin v21.2 - https:\/\/yoast.com\/wordpress\/plugins\/seo\/ -->\n<title>Volkswagen escarabajo - All cars news<\/title>\n<meta name=\"robots\" content=\"index, follow, max-snippet:-1, max-image-preview:large, max-video-preview:-1\" \/>\n<link rel=\"canonical\" href=\"https:\/\/all-car-news.com\/es\/buscador-de-coches\/volkswagen\/volkswagen-escarabajo\/\" \/>\n<meta property=\"og:locale\" content=\"es_ES\" \/>\n<meta property=\"og:type\" content=\"article\" \/>\n<meta property=\"og:title\" content=\"Volkswagen escarabajo - All cars news\" \/>\n<meta property=\"og:description\" content=\"A fines de la d\u00e9cada de 1990, cuando se acercaba el cambio de siglo, lo retro era un tema popular. [&hellip;]\" \/>\n<meta property=\"og:url\" content=\"https:\/\/all-car-news.com\/es\/buscador-de-coches\/volkswagen\/volkswagen-escarabajo\/\" \/>\n<meta property=\"og:site_name\" content=\"All cars news\" \/>\n<meta property=\"article:modified_time\" content=\"2022-03-08T09:40:56+00:00\" \/>\n<meta property=\"og:image\" content=\"https:\/\/all-car-news.com\/wp-content\/uploads\/2022\/03\/Volkswagen-Beetle-1.jpg\" \/>\n\t<meta property=\"og:image:width\" content=\"1280\" \/>\n\t<meta property=\"og:image:height\" content=\"927\" \/>\n\t<meta property=\"og:image:type\" content=\"image\/jpeg\" \/>\n<meta name=\"twitter:card\" content=\"summary_large_image\" \/>\n<meta name=\"twitter:label1\" content=\"Tiempo de lectura\" \/>\n\t<meta name=\"twitter:data1\" content=\"2 minutos\" \/>\n<script type=\"application\/ld+json\" class=\"yoast-schema-graph\">{\"@context\":\"https:\/\/schema.org\",\"@graph\":[{\"@type\":\"WebPage\",\"@id\":\"https:\/\/all-car-news.com\/es\/buscador-de-coches\/volkswagen\/volkswagen-escarabajo\/\",\"url\":\"https:\/\/all-car-news.com\/es\/buscador-de-coches\/volkswagen\/volkswagen-escarabajo\/\",\"name\":\"Volkswagen escarabajo - All cars news\",\"isPartOf\":{\"@id\":\"https:\/\/all-car-news.com\/es\/#website\"},\"datePublished\":\"2022-03-08T09:40:53+00:00\",\"dateModified\":\"2022-03-08T09:40:56+00:00\",\"breadcrumb\":{\"@id\":\"https:\/\/all-car-news.com\/es\/buscador-de-coches\/volkswagen\/volkswagen-escarabajo\/#breadcrumb\"},\"inLanguage\":\"es\",\"potentialAction\":[{\"@type\":\"ReadAction\",\"target\":[\"https:\/\/all-car-news.com\/es\/buscador-de-coches\/volkswagen\/volkswagen-escarabajo\/\"]}]},{\"@type\":\"BreadcrumbList\",\"@id\":\"https:\/\/all-car-news.com\/es\/buscador-de-coches\/volkswagen\/volkswagen-escarabajo\/#breadcrumb\",\"itemListElement\":[{\"@type\":\"ListItem\",\"position\":1,\"name\":\"Home\",\"item\":\"https:\/\/all-car-news.com\/es\/\"},{\"@type\":\"ListItem\",\"position\":2,\"name\":\"buscador de coches\",\"item\":\"https:\/\/all-car-news.com\/es\/buscador-de-coches\/\"},{\"@type\":\"ListItem\",\"position\":3,\"name\":\"volkswagen\",\"item\":\"https:\/\/all-car-news.com\/es\/buscador-de-coches\/volkswagen\/\"},{\"@type\":\"ListItem\",\"position\":4,\"name\":\"Volkswagen escarabajo\"}]},{\"@type\":\"WebSite\",\"@id\":\"https:\/\/all-car-news.com\/es\/#website\",\"url\":\"https:\/\/all-car-news.com\/es\/\",\"name\":\"All cars news\",\"description\":\"\",\"publisher\":{\"@id\":\"https:\/\/all-car-news.com\/es\/#organization\"},\"potentialAction\":[{\"@type\":\"SearchAction\",\"target\":{\"@type\":\"EntryPoint\",\"urlTemplate\":\"https:\/\/all-car-news.com\/es\/?s={search_term_string}\"},\"query-input\":\"required name=search_term_string\"}],\"inLanguage\":\"es\"},{\"@type\":\"Organization\",\"@id\":\"https:\/\/all-car-news.com\/es\/#organization\",\"name\":\"All cars news\",\"url\":\"https:\/\/all-car-news.com\/es\/\",\"logo\":{\"@type\":\"ImageObject\",\"inLanguage\":\"es\",\"@id\":\"https:\/\/all-car-news.com\/es\/#\/schema\/logo\/image\/\",\"url\":\"https:\/\/all-car-news.com\/wp-content\/uploads\/2022\/02\/CMYK-AllCarNews_LANDSCAPE_300px-1.png\",\"contentUrl\":\"https:\/\/all-car-news.com\/wp-content\/uploads\/2022\/02\/CMYK-AllCarNews_LANDSCAPE_300px-1.png\",\"width\":300,\"height\":100,\"caption\":\"All cars news\"},\"image\":{\"@id\":\"https:\/\/all-car-news.com\/es\/#\/schema\/logo\/image\/\"}}]}<\/script>\n<!-- \/ Yoast SEO plugin. -->","yoast_head_json":{"title":"Volkswagen escarabajo - All cars news","robots":{"index":"index","follow":"follow","max-snippet":"max-snippet:-1","max-image-preview":"max-image-preview:large","max-video-preview":"max-video-preview:-1"},"canonical":"https:\/\/all-car-news.com\/es\/buscador-de-coches\/volkswagen\/volkswagen-escarabajo\/","og_locale":"es_ES","og_type":"article","og_title":"Volkswagen escarabajo - All cars news","og_description":"A fines de la d\u00e9cada de 1990, cuando se acercaba el cambio de siglo, lo retro era un tema popular. [&hellip;]","og_url":"https:\/\/all-car-news.com\/es\/buscador-de-coches\/volkswagen\/volkswagen-escarabajo\/","og_site_name":"All cars news","article_modified_time":"2022-03-08T09:40:56+00:00","og_image":[{"width":1280,"height":927,"url":"https:\/\/all-car-news.com\/wp-content\/uploads\/2022\/03\/Volkswagen-Beetle-1.jpg","type":"image\/jpeg"}],"twitter_card":"summary_large_image","twitter_misc":{"Tiempo de lectura":"2 minutos"},"schema":{"@context":"https:\/\/schema.org","@graph":[{"@type":"WebPage","@id":"https:\/\/all-car-news.com\/es\/buscador-de-coches\/volkswagen\/volkswagen-escarabajo\/","url":"https:\/\/all-car-news.com\/es\/buscador-de-coches\/volkswagen\/volkswagen-escarabajo\/","name":"Volkswagen escarabajo - All cars news","isPartOf":{"@id":"https:\/\/all-car-news.com\/es\/#website"},"datePublished":"2022-03-08T09:40:53+00:00","dateModified":"2022-03-08T09:40:56+00:00","breadcrumb":{"@id":"https:\/\/all-car-news.com\/es\/buscador-de-coches\/volkswagen\/volkswagen-escarabajo\/#breadcrumb"},"inLanguage":"es","potentialAction":[{"@type":"ReadAction","target":["https:\/\/all-car-news.com\/es\/buscador-de-coches\/volkswagen\/volkswagen-escarabajo\/"]}]},{"@type":"BreadcrumbList","@id":"https:\/\/all-car-news.com\/es\/buscador-de-coches\/volkswagen\/volkswagen-escarabajo\/#breadcrumb","itemListElement":[{"@type":"ListItem","position":1,"name":"Home","item":"https:\/\/all-car-news.com\/es\/"},{"@type":"ListItem","position":2,"name":"buscador de coches","item":"https:\/\/all-car-news.com\/es\/buscador-de-coches\/"},{"@type":"ListItem","position":3,"name":"volkswagen","item":"https:\/\/all-car-news.com\/es\/buscador-de-coches\/volkswagen\/"},{"@type":"ListItem","position":4,"name":"Volkswagen escarabajo"}]},{"@type":"WebSite","@id":"https:\/\/all-car-news.com\/es\/#website","url":"https:\/\/all-car-news.com\/es\/","name":"All cars news","description":"","publisher":{"@id":"https:\/\/all-car-news.com\/es\/#organization"},"potentialAction":[{"@type":"SearchAction","target":{"@type":"EntryPoint","urlTemplate":"https:\/\/all-car-news.com\/es\/?s={search_term_string}"},"query-input":"required name=search_term_string"}],"inLanguage":"es"},{"@type":"Organization","@id":"https:\/\/all-car-news.com\/es\/#organization","name":"All cars news","url":"https:\/\/all-car-news.com\/es\/","logo":{"@type":"ImageObject","inLanguage":"es","@id":"https:\/\/all-car-news.com\/es\/#\/schema\/logo\/image\/","url":"https:\/\/all-car-news.com\/wp-content\/uploads\/2022\/02\/CMYK-AllCarNews_LANDSCAPE_300px-1.png","contentUrl":"https:\/\/all-car-news.com\/wp-content\/uploads\/2022\/02\/CMYK-AllCarNews_LANDSCAPE_300px-1.png","width":300,"height":100,"caption":"All cars news"},"image":{"@id":"https:\/\/all-car-news.com\/es\/#\/schema\/logo\/image\/"}}]}},"_links":{"self":[{"href":"https:\/\/all-car-news.com\/es\/wp-json\/wp\/v2\/pages\/117743","targetHints":{"allow":["GET"]}}],"collection":[{"href":"https:\/\/all-car-news.com\/es\/wp-json\/wp\/v2\/pages"}],"about":[{"href":"https:\/\/all-car-news.com\/es\/wp-json\/wp\/v2\/types\/page"}],"author":[{"embeddable":true,"href":"https:\/\/all-car-news.com\/es\/wp-json\/wp\/v2\/users\/4"}],"replies":[{"embeddable":true,"href":"https:\/\/all-car-news.com\/es\/wp-json\/wp\/v2\/comments?post=117743"}],"version-history":[{"count":0,"href":"https:\/\/all-car-news.com\/es\/wp-json\/wp\/v2\/pages\/117743\/revisions"}],"up":[{"embeddable":true,"href":"https:\/\/all-car-news.com\/es\/wp-json\/wp\/v2\/pages\/117701"}],"wp:featuredmedia":[{"embeddable":true,"href":"https:\/\/all-car-news.com\/es\/wp-json\/wp\/v2\/media\/117735"}],"wp:attachment":[{"href":"https:\/\/all-car-news.com\/es\/wp-json\/wp\/v2\/media?parent=117743"}],"curies":[{"name":"wp","href":"https:\/\/api.w.org\/{rel}","templated":true}]}}