{"id":117291,"date":"2022-03-03T10:49:42","date_gmt":"2022-03-03T10:49:42","guid":{"rendered":"https:\/\/all-car-news.com\/buscador-de-coches\/bmw\/bmw-z4\/"},"modified":"2022-03-08T08:34:02","modified_gmt":"2022-03-08T08:34:02","slug":"bmw-z4","status":"publish","type":"page","link":"https:\/\/all-car-news.com\/es\/buscador-de-coches\/bmw\/bmw-z4\/","title":{"rendered":"bmw z4"},"content":{"rendered":"\n<p>La historia de los modelos Z de BMW comienza en 1989, con la introducci\u00f3n del peculiar Z1. El roadster se destac\u00f3 no solo por su estilo, sino tambi\u00e9n por las puertas que se hund\u00edan en los umbrales en lugar de abrirse de manera convencional. La chapa tambi\u00e9n podr\u00eda cambiarse con relativamente poco esfuerzo si prefiere el autom\u00f3vil en un color diferente.<\/p>\n\n<p>La historia de los modelos Z de BMW comienza en 1989, con la introducci\u00f3n del peculiar Z1. El roadster se destac\u00f3 no solo por su estilo, sino tambi\u00e9n por las puertas que se hund\u00edan en los umbrales en lugar de abrirse de manera convencional. La chapa tambi\u00e9n podr\u00eda cambiarse con relativamente poco esfuerzo si prefiere el autom\u00f3vil en un color diferente.<\/p>\n\n<p><\/p>\n\n<h2 class=\"wp-block-heading\"><strong>De Z a Z<\/strong><br\/><\/h2>\n\n<p>El Z1 permanece en producci\u00f3n hasta 1991, despu\u00e9s de lo cual est\u00e1 en silencio durante unos a\u00f1os hasta que el Z3 aparece en escena en 1995. El primer roadster de producci\u00f3n en masa de esta marca fue muy querido por el p\u00fablico en general y dur\u00f3 hasta 2002, cuando el autom\u00f3vil fue sucedido por el primer Z4. En el medio, el exclusivo BMW Z8 tambi\u00e9n estuvo en el programa de entrega de 2000 a 2003.<\/p>\n\n<p><\/p>\n\n<h2 class=\"wp-block-heading\"><strong>Auto compartido<\/strong><br\/><\/h2>\n\n<p>El Z4 ya ha llegado a la tercera generaci\u00f3n en 2018. Ese es un modelo completamente nuevo, desarrollado en colaboraci\u00f3n con Toyota, que viene con un nuevo Supra. Una caracter\u00edstica especial es que el nuevo Z4 no solo se puede abrir con la llave &#8216;anticuada&#8217;, sino tambi\u00e9n con un tel\u00e9fono inteligente. \u00datil si quieres compartir el coche con amigos.<\/p>\n\n<h2 class=\"wp-block-heading\">T\u00e9cnico<\/h2>\n\n<figure class=\"wp-block-table is-style-stripes\"><table class=\"has-fixed-layout\"><tbody><tr><td>Tipo de motor<\/td><td>gasolina, l\u00ednea de 4 cilindros<\/td><\/tr><tr><td>Desplazamiento<\/td><td>1.998 cm\u00b3<\/td><\/tr><tr><td>m\u00e1x. activos<\/td><td>145 kW (197 caballos de fuerza)<\/td><\/tr><tr><td>abeja<\/td><td>4.500 rpm<\/td><\/tr><tr><td>m\u00e1x. Pareja<\/td><td>320 nm<\/td><\/tr><tr><td>abeja<\/td><td>1.450 rpm<\/td><\/tr><tr><td>Conducir<\/td><td>ruedas traseras<\/td><\/tr><tr><td>Frenos de\/a<\/td><td>dado juego de damas<\/td><\/tr><tr><td>Radio de giro<\/td><td>10,2 metros<\/td><\/tr><tr><td>Rango de poder<\/td><td>145 a 250 kilovatios<\/td><\/tr><\/tbody><\/table><\/figure>\n\n<h2 class=\"wp-block-heading\">General<\/h2>\n\n<figure class=\"wp-block-table is-style-stripes\"><table class=\"has-fixed-layout\"><tbody><tr><td>Transmisi\u00f3n<\/td><td>8AT<\/td><\/tr><tr><td>Tipo de cuerpo<\/td><td>2 hab. convertible<\/td><\/tr><tr><td>EuroNCAP<\/td><td>5 estrellas<\/td><\/tr><tr><td>Lanzamiento al mercado<\/td><td>marzo 2019<\/td><\/tr><tr><td>\u00daltimo lavado de cara<\/td><td>N \/ A<\/td><\/tr><tr><td>Garant\u00eda<\/td><td>3 a\u00f1os<\/td><\/tr><tr><td>Desde precio<\/td><td>52.345 \u20ac<\/td><\/tr><tr><td>Particularidades<\/td><td>El nuevo BMW Z4 solo est\u00e1 disponible con transmisi\u00f3n autom\u00e1tica.<\/td><\/tr><\/tbody><\/table><\/figure>\n\n<h2 class=\"wp-block-heading\">Dimensiones\/pesos<\/h2>\n\n<figure class=\"wp-block-table is-style-stripes\"><table class=\"has-fixed-layout\"><tbody><tr><td>Tama\u00f1o de llanta<\/td><td>225\/50 R17 \/ 255\/45 R17<\/td><\/tr><tr><td>L x An x Al<\/td><td>4324 x 1864 x 1304 mm<\/td><\/tr><tr><td>distancia entre ejes<\/td><td>2470 mm<\/td><\/tr><tr><td>Masa vac\u00eda<\/td><td>1.405 kg<\/td><\/tr><tr><td>continuaci\u00f3n bolsa. habitaci\u00f3n.<\/td><td>281 litros<\/td><\/tr><tr><td>Capacidad del tanque<\/td><td>52l<\/td><\/tr><\/tbody><\/table><\/figure>\n\n<h2 class=\"wp-block-heading\">Consumo<\/h2>\n\n<figure class=\"wp-block-table is-style-stripes\"><table class=\"has-fixed-layout\"><tbody><tr><td>con. conjunto<\/td><td>6,1 l\/100 km<\/td><\/tr><tr><td>emisiones de CO\u2082<\/td><td>139g\/km<\/td><\/tr><tr><td>Etiqueta energ\u00e9tica<\/td><td>D<\/td><\/tr><\/tbody><\/table><\/figure>\n\n<h2 class=\"wp-block-heading\">Rendimiento<\/h2>\n\n<figure class=\"wp-block-table is-style-stripes\"><table class=\"has-fixed-layout\"><tbody><tr><td>Cuenta 0-100 km\/h<\/td><td>6.6 seg<\/td><\/tr><tr><td>velocidad m\u00e1xima<\/td><td>240 km\/h<\/td><\/tr><\/tbody><\/table><\/figure>\n","protected":false},"excerpt":{"rendered":"<p>La historia de los modelos Z de BMW comienza en 1989, con la introducci\u00f3n del peculiar Z1. El roadster se [&hellip;]<\/p>\n","protected":false},"author":4,"featured_media":117284,"parent":116516,"menu_order":0,"comment_status":"closed","ping_status":"closed","template":"","meta":{"footnotes":""},"class_list":["post-117291","page","type-page","status-publish","has-post-thumbnail","hentry"],"acf":[],"yoast_head":"<!-- This site is optimized with the Yoast SEO plugin v21.2 - https:\/\/yoast.com\/wordpress\/plugins\/seo\/ -->\n<title>bmw z4 - All cars news<\/title>\n<meta name=\"robots\" content=\"index, follow, max-snippet:-1, max-image-preview:large, max-video-preview:-1\" \/>\n<link rel=\"canonical\" href=\"https:\/\/all-car-news.com\/es\/buscador-de-coches\/bmw\/bmw-z4\/\" \/>\n<meta property=\"og:locale\" content=\"es_ES\" \/>\n<meta property=\"og:type\" content=\"article\" \/>\n<meta property=\"og:title\" content=\"bmw z4 - All cars news\" \/>\n<meta property=\"og:description\" content=\"La historia de los modelos Z de BMW comienza en 1989, con la introducci\u00f3n del peculiar Z1. El roadster se [&hellip;]\" \/>\n<meta property=\"og:url\" content=\"https:\/\/all-car-news.com\/es\/buscador-de-coches\/bmw\/bmw-z4\/\" \/>\n<meta property=\"og:site_name\" content=\"All cars news\" \/>\n<meta property=\"article:modified_time\" content=\"2022-03-08T08:34:02+00:00\" \/>\n<meta property=\"og:image\" content=\"https:\/\/all-car-news.com\/wp-content\/uploads\/2022\/03\/ED005417-2D81-4A64-A115-F9E15C0468EF.jpeg\" \/>\n\t<meta property=\"og:image:width\" content=\"480\" \/>\n\t<meta property=\"og:image:height\" content=\"360\" \/>\n\t<meta property=\"og:image:type\" content=\"image\/jpeg\" \/>\n<meta name=\"twitter:card\" content=\"summary_large_image\" \/>\n<meta name=\"twitter:label1\" content=\"Tiempo de lectura\" \/>\n\t<meta name=\"twitter:data1\" content=\"2 minutos\" \/>\n<script type=\"application\/ld+json\" class=\"yoast-schema-graph\">{\"@context\":\"https:\/\/schema.org\",\"@graph\":[{\"@type\":\"WebPage\",\"@id\":\"https:\/\/all-car-news.com\/es\/buscador-de-coches\/bmw\/bmw-z4\/\",\"url\":\"https:\/\/all-car-news.com\/es\/buscador-de-coches\/bmw\/bmw-z4\/\",\"name\":\"bmw z4 - All cars news\",\"isPartOf\":{\"@id\":\"https:\/\/all-car-news.com\/es\/#website\"},\"datePublished\":\"2022-03-03T10:49:42+00:00\",\"dateModified\":\"2022-03-08T08:34:02+00:00\",\"breadcrumb\":{\"@id\":\"https:\/\/all-car-news.com\/es\/buscador-de-coches\/bmw\/bmw-z4\/#breadcrumb\"},\"inLanguage\":\"es\",\"potentialAction\":[{\"@type\":\"ReadAction\",\"target\":[\"https:\/\/all-car-news.com\/es\/buscador-de-coches\/bmw\/bmw-z4\/\"]}]},{\"@type\":\"BreadcrumbList\",\"@id\":\"https:\/\/all-car-news.com\/es\/buscador-de-coches\/bmw\/bmw-z4\/#breadcrumb\",\"itemListElement\":[{\"@type\":\"ListItem\",\"position\":1,\"name\":\"Home\",\"item\":\"https:\/\/all-car-news.com\/es\/\"},{\"@type\":\"ListItem\",\"position\":2,\"name\":\"buscador de coches\",\"item\":\"https:\/\/all-car-news.com\/es\/buscador-de-coches\/\"},{\"@type\":\"ListItem\",\"position\":3,\"name\":\"BMW\",\"item\":\"https:\/\/all-car-news.com\/es\/buscador-de-coches\/bmw\/\"},{\"@type\":\"ListItem\",\"position\":4,\"name\":\"bmw z4\"}]},{\"@type\":\"WebSite\",\"@id\":\"https:\/\/all-car-news.com\/es\/#website\",\"url\":\"https:\/\/all-car-news.com\/es\/\",\"name\":\"All cars news\",\"description\":\"\",\"publisher\":{\"@id\":\"https:\/\/all-car-news.com\/es\/#organization\"},\"potentialAction\":[{\"@type\":\"SearchAction\",\"target\":{\"@type\":\"EntryPoint\",\"urlTemplate\":\"https:\/\/all-car-news.com\/es\/?s={search_term_string}\"},\"query-input\":\"required name=search_term_string\"}],\"inLanguage\":\"es\"},{\"@type\":\"Organization\",\"@id\":\"https:\/\/all-car-news.com\/es\/#organization\",\"name\":\"All cars news\",\"url\":\"https:\/\/all-car-news.com\/es\/\",\"logo\":{\"@type\":\"ImageObject\",\"inLanguage\":\"es\",\"@id\":\"https:\/\/all-car-news.com\/es\/#\/schema\/logo\/image\/\",\"url\":\"https:\/\/all-car-news.com\/wp-content\/uploads\/2022\/02\/CMYK-AllCarNews_LANDSCAPE_300px-1.png\",\"contentUrl\":\"https:\/\/all-car-news.com\/wp-content\/uploads\/2022\/02\/CMYK-AllCarNews_LANDSCAPE_300px-1.png\",\"width\":300,\"height\":100,\"caption\":\"All cars news\"},\"image\":{\"@id\":\"https:\/\/all-car-news.com\/es\/#\/schema\/logo\/image\/\"}}]}<\/script>\n<!-- \/ Yoast SEO plugin. -->","yoast_head_json":{"title":"bmw z4 - All cars news","robots":{"index":"index","follow":"follow","max-snippet":"max-snippet:-1","max-image-preview":"max-image-preview:large","max-video-preview":"max-video-preview:-1"},"canonical":"https:\/\/all-car-news.com\/es\/buscador-de-coches\/bmw\/bmw-z4\/","og_locale":"es_ES","og_type":"article","og_title":"bmw z4 - All cars news","og_description":"La historia de los modelos Z de BMW comienza en 1989, con la introducci\u00f3n del peculiar Z1. El roadster se [&hellip;]","og_url":"https:\/\/all-car-news.com\/es\/buscador-de-coches\/bmw\/bmw-z4\/","og_site_name":"All cars news","article_modified_time":"2022-03-08T08:34:02+00:00","og_image":[{"width":480,"height":360,"url":"https:\/\/all-car-news.com\/wp-content\/uploads\/2022\/03\/ED005417-2D81-4A64-A115-F9E15C0468EF.jpeg","type":"image\/jpeg"}],"twitter_card":"summary_large_image","twitter_misc":{"Tiempo de lectura":"2 minutos"},"schema":{"@context":"https:\/\/schema.org","@graph":[{"@type":"WebPage","@id":"https:\/\/all-car-news.com\/es\/buscador-de-coches\/bmw\/bmw-z4\/","url":"https:\/\/all-car-news.com\/es\/buscador-de-coches\/bmw\/bmw-z4\/","name":"bmw z4 - All cars news","isPartOf":{"@id":"https:\/\/all-car-news.com\/es\/#website"},"datePublished":"2022-03-03T10:49:42+00:00","dateModified":"2022-03-08T08:34:02+00:00","breadcrumb":{"@id":"https:\/\/all-car-news.com\/es\/buscador-de-coches\/bmw\/bmw-z4\/#breadcrumb"},"inLanguage":"es","potentialAction":[{"@type":"ReadAction","target":["https:\/\/all-car-news.com\/es\/buscador-de-coches\/bmw\/bmw-z4\/"]}]},{"@type":"BreadcrumbList","@id":"https:\/\/all-car-news.com\/es\/buscador-de-coches\/bmw\/bmw-z4\/#breadcrumb","itemListElement":[{"@type":"ListItem","position":1,"name":"Home","item":"https:\/\/all-car-news.com\/es\/"},{"@type":"ListItem","position":2,"name":"buscador de coches","item":"https:\/\/all-car-news.com\/es\/buscador-de-coches\/"},{"@type":"ListItem","position":3,"name":"BMW","item":"https:\/\/all-car-news.com\/es\/buscador-de-coches\/bmw\/"},{"@type":"ListItem","position":4,"name":"bmw z4"}]},{"@type":"WebSite","@id":"https:\/\/all-car-news.com\/es\/#website","url":"https:\/\/all-car-news.com\/es\/","name":"All cars news","description":"","publisher":{"@id":"https:\/\/all-car-news.com\/es\/#organization"},"potentialAction":[{"@type":"SearchAction","target":{"@type":"EntryPoint","urlTemplate":"https:\/\/all-car-news.com\/es\/?s={search_term_string}"},"query-input":"required name=search_term_string"}],"inLanguage":"es"},{"@type":"Organization","@id":"https:\/\/all-car-news.com\/es\/#organization","name":"All cars news","url":"https:\/\/all-car-news.com\/es\/","logo":{"@type":"ImageObject","inLanguage":"es","@id":"https:\/\/all-car-news.com\/es\/#\/schema\/logo\/image\/","url":"https:\/\/all-car-news.com\/wp-content\/uploads\/2022\/02\/CMYK-AllCarNews_LANDSCAPE_300px-1.png","contentUrl":"https:\/\/all-car-news.com\/wp-content\/uploads\/2022\/02\/CMYK-AllCarNews_LANDSCAPE_300px-1.png","width":300,"height":100,"caption":"All cars news"},"image":{"@id":"https:\/\/all-car-news.com\/es\/#\/schema\/logo\/image\/"}}]}},"_links":{"self":[{"href":"https:\/\/all-car-news.com\/es\/wp-json\/wp\/v2\/pages\/117291","targetHints":{"allow":["GET"]}}],"collection":[{"href":"https:\/\/all-car-news.com\/es\/wp-json\/wp\/v2\/pages"}],"about":[{"href":"https:\/\/all-car-news.com\/es\/wp-json\/wp\/v2\/types\/page"}],"author":[{"embeddable":true,"href":"https:\/\/all-car-news.com\/es\/wp-json\/wp\/v2\/users\/4"}],"replies":[{"embeddable":true,"href":"https:\/\/all-car-news.com\/es\/wp-json\/wp\/v2\/comments?post=117291"}],"version-history":[{"count":0,"href":"https:\/\/all-car-news.com\/es\/wp-json\/wp\/v2\/pages\/117291\/revisions"}],"up":[{"embeddable":true,"href":"https:\/\/all-car-news.com\/es\/wp-json\/wp\/v2\/pages\/116516"}],"wp:featuredmedia":[{"embeddable":true,"href":"https:\/\/all-car-news.com\/es\/wp-json\/wp\/v2\/media\/117284"}],"wp:attachment":[{"href":"https:\/\/all-car-news.com\/es\/wp-json\/wp\/v2\/media?parent=117291"}],"curies":[{"name":"wp","href":"https:\/\/api.w.org\/{rel}","templated":true}]}}