{"id":117246,"date":"2022-03-02T18:12:53","date_gmt":"2022-03-02T18:12:53","guid":{"rendered":"https:\/\/all-car-news.com\/buscador-de-coches\/bmw\/bmw-ix\/"},"modified":"2022-03-08T08:43:51","modified_gmt":"2022-03-08T08:43:51","slug":"bmw-ix","status":"publish","type":"page","link":"https:\/\/all-car-news.com\/es\/buscador-de-coches\/bmw\/bmw-ix\/","title":{"rendered":"BMW Ix"},"content":{"rendered":"\n<p>En 2021, la gama de modelos totalmente el\u00e9ctricos de BMW se ampli\u00f3 a\u00fan m\u00e1s con el iX. El autom\u00f3vil fue precedido en 2018 por el autom\u00f3vil conceptual Vision iNext. Como sugiere el nombre, el BMW iX es el buque insignia de BMW cuando se trata de tecnolog\u00edas para futuros modelos. Esto tambi\u00e9n incluye el tren motriz totalmente el\u00e9ctrico. En t\u00e9rminos de dimensiones, el BMW iX es comparable al BMW X5.<\/p>\n\n<p>En 2021, la gama de modelos totalmente el\u00e9ctricos de BMW se ampli\u00f3 a\u00fan m\u00e1s con el iX. El autom\u00f3vil fue precedido en 2018 por el autom\u00f3vil conceptual Vision iNext. Como sugiere el nombre, el BMW iX es el buque insignia de BMW cuando se trata de tecnolog\u00edas para futuros modelos. Esto tambi\u00e9n incluye el tren motriz totalmente el\u00e9ctrico. En t\u00e9rminos de dimensiones, el BMW iX es comparable al BMW X5.<\/p>\n\n<p><\/p>\n\n<h2 class=\"wp-block-heading\"><strong>Autonom\u00eda de 630 km<\/strong><br\/><\/h2>\n\n<p>Aunque el coche tiene unas dimensiones considerables, se ha prestado mucha atenci\u00f3n a la aerodin\u00e1mica, el ahorro de peso y la eficiencia del sistema de propulsi\u00f3n. El resultado es una impresionante autonom\u00eda de 630 kil\u00f3metros seg\u00fan el ciclo WLTP. Gracias a la carga r\u00e1pida de hasta 200 kW, es posible recargar m\u00e1s de 100 km de autonom\u00eda en diez minutos.<\/p>\n\n<p><\/p>\n\n<h2 class=\"wp-block-heading\"><strong>Pantalla curva<\/strong><br\/><\/h2>\n\n<p>Como buque insignia tecnol\u00f3gico, el BMW iX es uno de los primeros modelos de BMW en presentar el BMW Curved Display, una pantalla curva que ocupa gran parte del salpicadero. El BMW iX ofrece lo \u00faltimo en conectividad e informaci\u00f3n y entretenimiento. Para manejar todo esto, la computadora de a bordo tiene no menos de veinte veces m\u00e1s poder de c\u00f3mputo que los modelos anteriores de BMW.<\/p>\n\n<h2 class=\"wp-block-heading\">T\u00e9cnico<\/h2>\n\n<figure class=\"wp-block-table is-style-stripes\"><table class=\"has-fixed-layout\"><tbody><tr><td>Tipo de motor<\/td><td>el\u00e9ctrico<\/td><\/tr><tr><td>Bater\u00eda<\/td><td>iones de litio<\/td><\/tr><tr><td>Capacidad<\/td><td>76,6 kWh<\/td><\/tr><tr><td>Conducir<\/td><td>4&#215;4<\/td><\/tr><tr><td>Frenos de\/a<\/td><td>dado juego de damas<\/td><\/tr><tr><td>Radio de giro<\/td><td>12,8 metros<\/td><\/tr><tr><td>Rango<\/td><td>425<\/td><\/tr><tr><td>Tiempo de carga a 220V<\/td><td>7:40 a.m.<\/td><\/tr><tr><td>Rango de poder<\/td><td>240 a 385 kilovatios<\/td><\/tr><\/tbody><\/table><\/figure>\n\n<h2 class=\"wp-block-heading\">Rendimiento<\/h2>\n\n<figure class=\"wp-block-table is-style-stripes\"><table class=\"has-fixed-layout\"><tbody><tr><td>Energ\u00eda del sistema<\/td><td>240 kW (326 CV)<\/td><\/tr><tr><td>Par de sistemas<\/td><td>630 nm<\/td><\/tr><tr><td>Cuenta 0-100 km\/h<\/td><td>6.1 seg<\/td><\/tr><tr><td>velocidad m\u00e1xima<\/td><td>200 km\/h<\/td><\/tr><\/tbody><\/table><\/figure>\n\n<h2 class=\"wp-block-heading\">General<\/h2>\n\n<figure class=\"wp-block-table is-style-stripes\"><table class=\"has-fixed-layout\"><tbody><tr><td>Transmisi\u00f3n<\/td><td>pi\u00f1\u00f3n fijo<\/td><\/tr><tr><td>Tipo de cuerpo<\/td><td>5 hab. todoterreno<\/td><\/tr><tr><td>EuroNCAP<\/td><td>5 estrellas<\/td><\/tr><tr><td>Lanzamiento al mercado<\/td><td>julio 2021<\/td><\/tr><tr><td>\u00daltimo lavado de cara<\/td><td>N \/ A<\/td><\/tr><tr><td>Garant\u00eda<\/td><td>3 a\u00f1os<\/td><\/tr><tr><td>Desde precio<\/td><td>86.996\u20ac<\/td><\/tr><\/tbody><\/table><\/figure>\n\n<h2 class=\"wp-block-heading\">Dimensiones\/pesos<\/h2>\n\n<figure class=\"wp-block-table is-style-stripes\"><table class=\"has-fixed-layout\"><tbody><tr><td>Tama\u00f1o de llanta<\/td><td>235\/60 R20<\/td><\/tr><tr><td>L x An x Al<\/td><td>4953 x 1967 x 1695 mm<\/td><\/tr><tr><td>distancia entre ejes<\/td><td>3000 mm<\/td><\/tr><tr><td>Masa vac\u00eda<\/td><td>2.365 kg<\/td><\/tr><tr><td>m\u00e1x. seg\u00fan peso<\/td><td>2.500 kg<\/td><\/tr><tr><td>continuaci\u00f3n bolsa. habitaci\u00f3n.<\/td><td>500l<\/td><\/tr><\/tbody><\/table><\/figure>\n\n<h2 class=\"wp-block-heading\">Consumo<\/h2>\n\n<figure class=\"wp-block-table is-style-stripes\"><table class=\"has-fixed-layout\"><tbody><tr><td>Etiqueta energ\u00e9tica<\/td><td>a<\/td><\/tr><\/tbody><\/table><\/figure>\n","protected":false},"excerpt":{"rendered":"<p>En 2021, la gama de modelos totalmente el\u00e9ctricos de BMW se ampli\u00f3 a\u00fan m\u00e1s con el iX. El autom\u00f3vil fue [&hellip;]<\/p>\n","protected":false},"author":4,"featured_media":117239,"parent":116516,"menu_order":0,"comment_status":"closed","ping_status":"closed","template":"","meta":{"footnotes":""},"class_list":["post-117246","page","type-page","status-publish","has-post-thumbnail","hentry"],"acf":[],"yoast_head":"<!-- This site is optimized with the Yoast SEO plugin v21.2 - https:\/\/yoast.com\/wordpress\/plugins\/seo\/ -->\n<title>BMW Ix - All cars news<\/title>\n<meta name=\"robots\" content=\"index, follow, max-snippet:-1, max-image-preview:large, max-video-preview:-1\" \/>\n<link rel=\"canonical\" href=\"https:\/\/all-car-news.com\/es\/buscador-de-coches\/bmw\/bmw-ix\/\" \/>\n<meta property=\"og:locale\" content=\"es_ES\" \/>\n<meta property=\"og:type\" content=\"article\" \/>\n<meta property=\"og:title\" content=\"BMW Ix - All cars news\" \/>\n<meta property=\"og:description\" content=\"En 2021, la gama de modelos totalmente el\u00e9ctricos de BMW se ampli\u00f3 a\u00fan m\u00e1s con el iX. El autom\u00f3vil fue [&hellip;]\" \/>\n<meta property=\"og:url\" content=\"https:\/\/all-car-news.com\/es\/buscador-de-coches\/bmw\/bmw-ix\/\" \/>\n<meta property=\"og:site_name\" content=\"All cars news\" \/>\n<meta property=\"article:modified_time\" content=\"2022-03-08T08:43:51+00:00\" \/>\n<meta property=\"og:image\" content=\"https:\/\/all-car-news.com\/wp-content\/uploads\/2022\/03\/45CA1787-194D-45B1-87F9-595A4E56A80E.jpeg\" \/>\n\t<meta property=\"og:image:width\" content=\"480\" \/>\n\t<meta property=\"og:image:height\" content=\"360\" \/>\n\t<meta property=\"og:image:type\" content=\"image\/jpeg\" \/>\n<meta name=\"twitter:card\" content=\"summary_large_image\" \/>\n<meta name=\"twitter:label1\" content=\"Tiempo de lectura\" \/>\n\t<meta name=\"twitter:data1\" content=\"2 minutos\" \/>\n<script type=\"application\/ld+json\" class=\"yoast-schema-graph\">{\"@context\":\"https:\/\/schema.org\",\"@graph\":[{\"@type\":\"WebPage\",\"@id\":\"https:\/\/all-car-news.com\/es\/buscador-de-coches\/bmw\/bmw-ix\/\",\"url\":\"https:\/\/all-car-news.com\/es\/buscador-de-coches\/bmw\/bmw-ix\/\",\"name\":\"BMW Ix - All cars news\",\"isPartOf\":{\"@id\":\"https:\/\/all-car-news.com\/es\/#website\"},\"datePublished\":\"2022-03-02T18:12:53+00:00\",\"dateModified\":\"2022-03-08T08:43:51+00:00\",\"breadcrumb\":{\"@id\":\"https:\/\/all-car-news.com\/es\/buscador-de-coches\/bmw\/bmw-ix\/#breadcrumb\"},\"inLanguage\":\"es\",\"potentialAction\":[{\"@type\":\"ReadAction\",\"target\":[\"https:\/\/all-car-news.com\/es\/buscador-de-coches\/bmw\/bmw-ix\/\"]}]},{\"@type\":\"BreadcrumbList\",\"@id\":\"https:\/\/all-car-news.com\/es\/buscador-de-coches\/bmw\/bmw-ix\/#breadcrumb\",\"itemListElement\":[{\"@type\":\"ListItem\",\"position\":1,\"name\":\"Home\",\"item\":\"https:\/\/all-car-news.com\/es\/\"},{\"@type\":\"ListItem\",\"position\":2,\"name\":\"buscador de coches\",\"item\":\"https:\/\/all-car-news.com\/es\/buscador-de-coches\/\"},{\"@type\":\"ListItem\",\"position\":3,\"name\":\"BMW\",\"item\":\"https:\/\/all-car-news.com\/es\/buscador-de-coches\/bmw\/\"},{\"@type\":\"ListItem\",\"position\":4,\"name\":\"BMW Ix\"}]},{\"@type\":\"WebSite\",\"@id\":\"https:\/\/all-car-news.com\/es\/#website\",\"url\":\"https:\/\/all-car-news.com\/es\/\",\"name\":\"All cars news\",\"description\":\"\",\"publisher\":{\"@id\":\"https:\/\/all-car-news.com\/es\/#organization\"},\"potentialAction\":[{\"@type\":\"SearchAction\",\"target\":{\"@type\":\"EntryPoint\",\"urlTemplate\":\"https:\/\/all-car-news.com\/es\/?s={search_term_string}\"},\"query-input\":\"required name=search_term_string\"}],\"inLanguage\":\"es\"},{\"@type\":\"Organization\",\"@id\":\"https:\/\/all-car-news.com\/es\/#organization\",\"name\":\"All cars news\",\"url\":\"https:\/\/all-car-news.com\/es\/\",\"logo\":{\"@type\":\"ImageObject\",\"inLanguage\":\"es\",\"@id\":\"https:\/\/all-car-news.com\/es\/#\/schema\/logo\/image\/\",\"url\":\"https:\/\/all-car-news.com\/wp-content\/uploads\/2022\/02\/CMYK-AllCarNews_LANDSCAPE_300px-1.png\",\"contentUrl\":\"https:\/\/all-car-news.com\/wp-content\/uploads\/2022\/02\/CMYK-AllCarNews_LANDSCAPE_300px-1.png\",\"width\":300,\"height\":100,\"caption\":\"All cars news\"},\"image\":{\"@id\":\"https:\/\/all-car-news.com\/es\/#\/schema\/logo\/image\/\"}}]}<\/script>\n<!-- \/ Yoast SEO plugin. -->","yoast_head_json":{"title":"BMW Ix - All cars news","robots":{"index":"index","follow":"follow","max-snippet":"max-snippet:-1","max-image-preview":"max-image-preview:large","max-video-preview":"max-video-preview:-1"},"canonical":"https:\/\/all-car-news.com\/es\/buscador-de-coches\/bmw\/bmw-ix\/","og_locale":"es_ES","og_type":"article","og_title":"BMW Ix - All cars news","og_description":"En 2021, la gama de modelos totalmente el\u00e9ctricos de BMW se ampli\u00f3 a\u00fan m\u00e1s con el iX. El autom\u00f3vil fue [&hellip;]","og_url":"https:\/\/all-car-news.com\/es\/buscador-de-coches\/bmw\/bmw-ix\/","og_site_name":"All cars news","article_modified_time":"2022-03-08T08:43:51+00:00","og_image":[{"width":480,"height":360,"url":"https:\/\/all-car-news.com\/wp-content\/uploads\/2022\/03\/45CA1787-194D-45B1-87F9-595A4E56A80E.jpeg","type":"image\/jpeg"}],"twitter_card":"summary_large_image","twitter_misc":{"Tiempo de lectura":"2 minutos"},"schema":{"@context":"https:\/\/schema.org","@graph":[{"@type":"WebPage","@id":"https:\/\/all-car-news.com\/es\/buscador-de-coches\/bmw\/bmw-ix\/","url":"https:\/\/all-car-news.com\/es\/buscador-de-coches\/bmw\/bmw-ix\/","name":"BMW Ix - All cars news","isPartOf":{"@id":"https:\/\/all-car-news.com\/es\/#website"},"datePublished":"2022-03-02T18:12:53+00:00","dateModified":"2022-03-08T08:43:51+00:00","breadcrumb":{"@id":"https:\/\/all-car-news.com\/es\/buscador-de-coches\/bmw\/bmw-ix\/#breadcrumb"},"inLanguage":"es","potentialAction":[{"@type":"ReadAction","target":["https:\/\/all-car-news.com\/es\/buscador-de-coches\/bmw\/bmw-ix\/"]}]},{"@type":"BreadcrumbList","@id":"https:\/\/all-car-news.com\/es\/buscador-de-coches\/bmw\/bmw-ix\/#breadcrumb","itemListElement":[{"@type":"ListItem","position":1,"name":"Home","item":"https:\/\/all-car-news.com\/es\/"},{"@type":"ListItem","position":2,"name":"buscador de coches","item":"https:\/\/all-car-news.com\/es\/buscador-de-coches\/"},{"@type":"ListItem","position":3,"name":"BMW","item":"https:\/\/all-car-news.com\/es\/buscador-de-coches\/bmw\/"},{"@type":"ListItem","position":4,"name":"BMW Ix"}]},{"@type":"WebSite","@id":"https:\/\/all-car-news.com\/es\/#website","url":"https:\/\/all-car-news.com\/es\/","name":"All cars news","description":"","publisher":{"@id":"https:\/\/all-car-news.com\/es\/#organization"},"potentialAction":[{"@type":"SearchAction","target":{"@type":"EntryPoint","urlTemplate":"https:\/\/all-car-news.com\/es\/?s={search_term_string}"},"query-input":"required name=search_term_string"}],"inLanguage":"es"},{"@type":"Organization","@id":"https:\/\/all-car-news.com\/es\/#organization","name":"All cars news","url":"https:\/\/all-car-news.com\/es\/","logo":{"@type":"ImageObject","inLanguage":"es","@id":"https:\/\/all-car-news.com\/es\/#\/schema\/logo\/image\/","url":"https:\/\/all-car-news.com\/wp-content\/uploads\/2022\/02\/CMYK-AllCarNews_LANDSCAPE_300px-1.png","contentUrl":"https:\/\/all-car-news.com\/wp-content\/uploads\/2022\/02\/CMYK-AllCarNews_LANDSCAPE_300px-1.png","width":300,"height":100,"caption":"All cars news"},"image":{"@id":"https:\/\/all-car-news.com\/es\/#\/schema\/logo\/image\/"}}]}},"_links":{"self":[{"href":"https:\/\/all-car-news.com\/es\/wp-json\/wp\/v2\/pages\/117246","targetHints":{"allow":["GET"]}}],"collection":[{"href":"https:\/\/all-car-news.com\/es\/wp-json\/wp\/v2\/pages"}],"about":[{"href":"https:\/\/all-car-news.com\/es\/wp-json\/wp\/v2\/types\/page"}],"author":[{"embeddable":true,"href":"https:\/\/all-car-news.com\/es\/wp-json\/wp\/v2\/users\/4"}],"replies":[{"embeddable":true,"href":"https:\/\/all-car-news.com\/es\/wp-json\/wp\/v2\/comments?post=117246"}],"version-history":[{"count":0,"href":"https:\/\/all-car-news.com\/es\/wp-json\/wp\/v2\/pages\/117246\/revisions"}],"up":[{"embeddable":true,"href":"https:\/\/all-car-news.com\/es\/wp-json\/wp\/v2\/pages\/116516"}],"wp:featuredmedia":[{"embeddable":true,"href":"https:\/\/all-car-news.com\/es\/wp-json\/wp\/v2\/media\/117239"}],"wp:attachment":[{"href":"https:\/\/all-car-news.com\/es\/wp-json\/wp\/v2\/media?parent=117246"}],"curies":[{"name":"wp","href":"https:\/\/api.w.org\/{rel}","templated":true}]}}