{"id":117201,"date":"2022-03-02T14:07:52","date_gmt":"2022-03-02T14:07:52","guid":{"rendered":"https:\/\/all-car-news.com\/buscador-de-coches\/bmw\/bmw-ix3\/"},"modified":"2022-03-02T14:07:54","modified_gmt":"2022-03-02T14:07:54","slug":"bmw-ix3","status":"publish","type":"page","link":"https:\/\/all-car-news.com\/es\/buscador-de-coches\/bmw\/bmw-ix3\/","title":{"rendered":"bmw ix3"},"content":{"rendered":"\n<p>BMW ha estado suministrando una versi\u00f3n totalmente el\u00e9ctrica del BMW i3 desde hace alg\u00fan tiempo. Al igual que el BMW i8, el i3 se desarroll\u00f3 desde el principio como un autom\u00f3vil (parcialmente) propulsado por electricidad. En 2020, BMW present\u00f3 un nuevo modelo i totalmente el\u00e9ctrico: el iX3. Una diferencia con los modelos anteriores es que el iX3 es una versi\u00f3n completamente el\u00e9ctrica de un modelo de producci\u00f3n normal: el X3. <br\/><\/p>\n\n<p>BMW ha estado suministrando una versi\u00f3n totalmente el\u00e9ctrica del BMW i3 desde hace alg\u00fan tiempo. Al igual que el BMW i8, el i3 se desarroll\u00f3 desde el principio como un autom\u00f3vil (parcialmente) propulsado por electricidad. En 2020, BMW present\u00f3 un nuevo modelo i totalmente el\u00e9ctrico: el iX3. Una diferencia con los modelos anteriores es que el iX3 es una versi\u00f3n completamente el\u00e9ctrica de un modelo de producci\u00f3n normal: el X3.<br\/><br\/><strong>Rango grande<\/strong><br\/>El BMW iX3 es pr\u00e1cticamente igual que el X3 normal. La mayor diferencia es el tren motriz totalmente el\u00e9ctrico. Tiene una potencia de 286 CV y permite que el coche alcance los 100 km\/h en 6,8 segundos. M\u00e1s importante en la pr\u00e1ctica: la autonom\u00eda no es inferior a 460 kil\u00f3metros seg\u00fan el nuevo ciclo WLTP.<br\/><br\/><strong>ricamente equipado<\/strong><br\/>Otra diferencia con el BMW X3 normal es que el iX3 est\u00e1 equipado de forma extra rica como est\u00e1ndar. Casi todo el equipamiento disponible viene de serie con el iX3, realmente solo tienes que elegir las llantas y el color de la carrocer\u00eda. Adem\u00e1s, el maletero con una capacidad de 510 litros es apenas m\u00e1s peque\u00f1o que en el X3 normal, mientras que el paquete de bater\u00edas para un centro de gravedad m\u00e1s bajo del coche.<\/p>\n\n<h2 class=\"wp-block-heading\">T\u00e9cnico<\/h2>\n\n<figure class=\"wp-block-table is-style-stripes\"><table class=\"has-fixed-layout\"><tbody><tr><td>Tipo de motor<\/td><td>el\u00e9ctrico<\/td><\/tr><tr><td>Bater\u00eda<\/td><td>iones de litio<\/td><\/tr><tr><td>Capacidad<\/td><td>73,8 kWh<\/td><\/tr><tr><td>Conducir<\/td><td>ruedas traseras<\/td><\/tr><tr><td>Rango<\/td><td>459<\/td><\/tr><tr><td>Rango de poder<\/td><td>solo 210 kw<\/td><\/tr><\/tbody><\/table><figcaption>Pero <\/figcaption><\/figure>\n\n<h2 class=\"wp-block-heading\">Rendimiento<\/h2>\n\n<figure class=\"wp-block-table is-style-stripes\"><table class=\"has-fixed-layout\"><tbody><tr><td>Energ\u00eda del sistema<\/td><td>210 kW (286 CV)<\/td><\/tr><tr><td>Par de sistemas<\/td><td>400 nm<\/td><\/tr><tr><td>Cuenta 0-100 km\/h<\/td><td>6.8 seg<\/td><\/tr><tr><td>velocidad m\u00e1xima<\/td><td>180 km\/h<\/td><\/tr><\/tbody><\/table><\/figure>\n\n<h2 class=\"wp-block-heading\">General<\/h2>\n\n<figure class=\"wp-block-table is-style-stripes\"><table class=\"has-fixed-layout\"><tbody><tr><td>Transmisi\u00f3n<\/td><td>pi\u00f1\u00f3n fijo<\/td><\/tr><tr><td>Tipo de cuerpo<\/td><td>5 hab. todoterreno<\/td><\/tr><tr><td>EuroNCAP<\/td><td>no probado<\/td><\/tr><tr><td>Lanzamiento al mercado<\/td><td>finales de 2020<\/td><\/tr><tr><td>\u00daltimo lavado de cara<\/td><td>N \/ A<\/td><\/tr><tr><td>Garant\u00eda<\/td><td>3 a\u00f1os<\/td><\/tr><tr><td>Desde precio<\/td><td>71.000\u20ac<\/td><\/tr><\/tbody><\/table><\/figure>\n\n<h2 class=\"wp-block-heading\">Dimensiones\/pesos<\/h2>\n\n<figure class=\"wp-block-table is-style-stripes\"><table class=\"has-fixed-layout\"><tbody><tr><td>Tama\u00f1o de llanta<\/td><td>245\/50 R19<\/td><\/tr><tr><td>L x An x Al<\/td><td>4.734 x 1.891 x 1.668 mm<\/td><\/tr><tr><td>distancia entre ejes<\/td><td>2864 mm<\/td><\/tr><tr><td>Masa vac\u00eda<\/td><td>2.260 kg<\/td><\/tr><tr><td>m\u00e1x. seg\u00fan peso<\/td><td>750 kg<\/td><\/tr><tr><td>continuaci\u00f3n bolsa. habitaci\u00f3n.<\/td><td>510 litros<\/td><\/tr><\/tbody><\/table><\/figure>\n\n<h2 class=\"wp-block-heading\">Consumo<\/h2>\n\n<figure class=\"wp-block-table is-style-stripes\"><table class=\"has-fixed-layout\"><tbody><tr><td>Etiqueta energ\u00e9tica<\/td><td>a<\/td><\/tr><\/tbody><\/table><\/figure>\n","protected":false},"excerpt":{"rendered":"<p>BMW ha estado suministrando una versi\u00f3n totalmente el\u00e9ctrica del BMW i3 desde hace alg\u00fan tiempo. Al igual que el BMW [&hellip;]<\/p>\n","protected":false},"author":4,"featured_media":117194,"parent":116516,"menu_order":0,"comment_status":"closed","ping_status":"closed","template":"","meta":{"footnotes":""},"class_list":["post-117201","page","type-page","status-publish","has-post-thumbnail","hentry"],"acf":[],"yoast_head":"<!-- This site is optimized with the Yoast SEO plugin v21.2 - https:\/\/yoast.com\/wordpress\/plugins\/seo\/ -->\n<title>bmw ix3 - All cars news<\/title>\n<meta name=\"robots\" content=\"index, follow, max-snippet:-1, max-image-preview:large, max-video-preview:-1\" \/>\n<link rel=\"canonical\" href=\"https:\/\/all-car-news.com\/es\/buscador-de-coches\/bmw\/bmw-ix3\/\" \/>\n<meta property=\"og:locale\" content=\"es_ES\" \/>\n<meta property=\"og:type\" content=\"article\" \/>\n<meta property=\"og:title\" content=\"bmw ix3 - All cars news\" \/>\n<meta property=\"og:description\" content=\"BMW ha estado suministrando una versi\u00f3n totalmente el\u00e9ctrica del BMW i3 desde hace alg\u00fan tiempo. Al igual que el BMW [&hellip;]\" \/>\n<meta property=\"og:url\" content=\"https:\/\/all-car-news.com\/es\/buscador-de-coches\/bmw\/bmw-ix3\/\" \/>\n<meta property=\"og:site_name\" content=\"All cars news\" \/>\n<meta property=\"article:modified_time\" content=\"2022-03-02T14:07:54+00:00\" \/>\n<meta property=\"og:image\" content=\"https:\/\/all-car-news.com\/wp-content\/uploads\/2022\/03\/560D5F21-F58B-41FC-9230-A61A9251061E.jpeg\" \/>\n\t<meta property=\"og:image:width\" content=\"480\" \/>\n\t<meta property=\"og:image:height\" content=\"360\" \/>\n\t<meta property=\"og:image:type\" content=\"image\/jpeg\" \/>\n<meta name=\"twitter:card\" content=\"summary_large_image\" \/>\n<meta name=\"twitter:label1\" content=\"Tiempo de lectura\" \/>\n\t<meta name=\"twitter:data1\" content=\"2 minutos\" \/>\n<script type=\"application\/ld+json\" class=\"yoast-schema-graph\">{\"@context\":\"https:\/\/schema.org\",\"@graph\":[{\"@type\":\"WebPage\",\"@id\":\"https:\/\/all-car-news.com\/es\/buscador-de-coches\/bmw\/bmw-ix3\/\",\"url\":\"https:\/\/all-car-news.com\/es\/buscador-de-coches\/bmw\/bmw-ix3\/\",\"name\":\"bmw ix3 - All cars news\",\"isPartOf\":{\"@id\":\"https:\/\/all-car-news.com\/es\/#website\"},\"datePublished\":\"2022-03-02T14:07:52+00:00\",\"dateModified\":\"2022-03-02T14:07:54+00:00\",\"breadcrumb\":{\"@id\":\"https:\/\/all-car-news.com\/es\/buscador-de-coches\/bmw\/bmw-ix3\/#breadcrumb\"},\"inLanguage\":\"es\",\"potentialAction\":[{\"@type\":\"ReadAction\",\"target\":[\"https:\/\/all-car-news.com\/es\/buscador-de-coches\/bmw\/bmw-ix3\/\"]}]},{\"@type\":\"BreadcrumbList\",\"@id\":\"https:\/\/all-car-news.com\/es\/buscador-de-coches\/bmw\/bmw-ix3\/#breadcrumb\",\"itemListElement\":[{\"@type\":\"ListItem\",\"position\":1,\"name\":\"Home\",\"item\":\"https:\/\/all-car-news.com\/es\/\"},{\"@type\":\"ListItem\",\"position\":2,\"name\":\"buscador de coches\",\"item\":\"https:\/\/all-car-news.com\/es\/buscador-de-coches\/\"},{\"@type\":\"ListItem\",\"position\":3,\"name\":\"BMW\",\"item\":\"https:\/\/all-car-news.com\/es\/buscador-de-coches\/bmw\/\"},{\"@type\":\"ListItem\",\"position\":4,\"name\":\"bmw ix3\"}]},{\"@type\":\"WebSite\",\"@id\":\"https:\/\/all-car-news.com\/es\/#website\",\"url\":\"https:\/\/all-car-news.com\/es\/\",\"name\":\"All cars news\",\"description\":\"\",\"publisher\":{\"@id\":\"https:\/\/all-car-news.com\/es\/#organization\"},\"potentialAction\":[{\"@type\":\"SearchAction\",\"target\":{\"@type\":\"EntryPoint\",\"urlTemplate\":\"https:\/\/all-car-news.com\/es\/?s={search_term_string}\"},\"query-input\":\"required name=search_term_string\"}],\"inLanguage\":\"es\"},{\"@type\":\"Organization\",\"@id\":\"https:\/\/all-car-news.com\/es\/#organization\",\"name\":\"All cars news\",\"url\":\"https:\/\/all-car-news.com\/es\/\",\"logo\":{\"@type\":\"ImageObject\",\"inLanguage\":\"es\",\"@id\":\"https:\/\/all-car-news.com\/es\/#\/schema\/logo\/image\/\",\"url\":\"https:\/\/all-car-news.com\/wp-content\/uploads\/2022\/02\/CMYK-AllCarNews_LANDSCAPE_300px-1.png\",\"contentUrl\":\"https:\/\/all-car-news.com\/wp-content\/uploads\/2022\/02\/CMYK-AllCarNews_LANDSCAPE_300px-1.png\",\"width\":300,\"height\":100,\"caption\":\"All cars news\"},\"image\":{\"@id\":\"https:\/\/all-car-news.com\/es\/#\/schema\/logo\/image\/\"}}]}<\/script>\n<!-- \/ Yoast SEO plugin. -->","yoast_head_json":{"title":"bmw ix3 - All cars news","robots":{"index":"index","follow":"follow","max-snippet":"max-snippet:-1","max-image-preview":"max-image-preview:large","max-video-preview":"max-video-preview:-1"},"canonical":"https:\/\/all-car-news.com\/es\/buscador-de-coches\/bmw\/bmw-ix3\/","og_locale":"es_ES","og_type":"article","og_title":"bmw ix3 - All cars news","og_description":"BMW ha estado suministrando una versi\u00f3n totalmente el\u00e9ctrica del BMW i3 desde hace alg\u00fan tiempo. Al igual que el BMW [&hellip;]","og_url":"https:\/\/all-car-news.com\/es\/buscador-de-coches\/bmw\/bmw-ix3\/","og_site_name":"All cars news","article_modified_time":"2022-03-02T14:07:54+00:00","og_image":[{"width":480,"height":360,"url":"https:\/\/all-car-news.com\/wp-content\/uploads\/2022\/03\/560D5F21-F58B-41FC-9230-A61A9251061E.jpeg","type":"image\/jpeg"}],"twitter_card":"summary_large_image","twitter_misc":{"Tiempo de lectura":"2 minutos"},"schema":{"@context":"https:\/\/schema.org","@graph":[{"@type":"WebPage","@id":"https:\/\/all-car-news.com\/es\/buscador-de-coches\/bmw\/bmw-ix3\/","url":"https:\/\/all-car-news.com\/es\/buscador-de-coches\/bmw\/bmw-ix3\/","name":"bmw ix3 - All cars news","isPartOf":{"@id":"https:\/\/all-car-news.com\/es\/#website"},"datePublished":"2022-03-02T14:07:52+00:00","dateModified":"2022-03-02T14:07:54+00:00","breadcrumb":{"@id":"https:\/\/all-car-news.com\/es\/buscador-de-coches\/bmw\/bmw-ix3\/#breadcrumb"},"inLanguage":"es","potentialAction":[{"@type":"ReadAction","target":["https:\/\/all-car-news.com\/es\/buscador-de-coches\/bmw\/bmw-ix3\/"]}]},{"@type":"BreadcrumbList","@id":"https:\/\/all-car-news.com\/es\/buscador-de-coches\/bmw\/bmw-ix3\/#breadcrumb","itemListElement":[{"@type":"ListItem","position":1,"name":"Home","item":"https:\/\/all-car-news.com\/es\/"},{"@type":"ListItem","position":2,"name":"buscador de coches","item":"https:\/\/all-car-news.com\/es\/buscador-de-coches\/"},{"@type":"ListItem","position":3,"name":"BMW","item":"https:\/\/all-car-news.com\/es\/buscador-de-coches\/bmw\/"},{"@type":"ListItem","position":4,"name":"bmw ix3"}]},{"@type":"WebSite","@id":"https:\/\/all-car-news.com\/es\/#website","url":"https:\/\/all-car-news.com\/es\/","name":"All cars news","description":"","publisher":{"@id":"https:\/\/all-car-news.com\/es\/#organization"},"potentialAction":[{"@type":"SearchAction","target":{"@type":"EntryPoint","urlTemplate":"https:\/\/all-car-news.com\/es\/?s={search_term_string}"},"query-input":"required name=search_term_string"}],"inLanguage":"es"},{"@type":"Organization","@id":"https:\/\/all-car-news.com\/es\/#organization","name":"All cars news","url":"https:\/\/all-car-news.com\/es\/","logo":{"@type":"ImageObject","inLanguage":"es","@id":"https:\/\/all-car-news.com\/es\/#\/schema\/logo\/image\/","url":"https:\/\/all-car-news.com\/wp-content\/uploads\/2022\/02\/CMYK-AllCarNews_LANDSCAPE_300px-1.png","contentUrl":"https:\/\/all-car-news.com\/wp-content\/uploads\/2022\/02\/CMYK-AllCarNews_LANDSCAPE_300px-1.png","width":300,"height":100,"caption":"All cars news"},"image":{"@id":"https:\/\/all-car-news.com\/es\/#\/schema\/logo\/image\/"}}]}},"_links":{"self":[{"href":"https:\/\/all-car-news.com\/es\/wp-json\/wp\/v2\/pages\/117201","targetHints":{"allow":["GET"]}}],"collection":[{"href":"https:\/\/all-car-news.com\/es\/wp-json\/wp\/v2\/pages"}],"about":[{"href":"https:\/\/all-car-news.com\/es\/wp-json\/wp\/v2\/types\/page"}],"author":[{"embeddable":true,"href":"https:\/\/all-car-news.com\/es\/wp-json\/wp\/v2\/users\/4"}],"replies":[{"embeddable":true,"href":"https:\/\/all-car-news.com\/es\/wp-json\/wp\/v2\/comments?post=117201"}],"version-history":[{"count":0,"href":"https:\/\/all-car-news.com\/es\/wp-json\/wp\/v2\/pages\/117201\/revisions"}],"up":[{"embeddable":true,"href":"https:\/\/all-car-news.com\/es\/wp-json\/wp\/v2\/pages\/116516"}],"wp:featuredmedia":[{"embeddable":true,"href":"https:\/\/all-car-news.com\/es\/wp-json\/wp\/v2\/media\/117194"}],"wp:attachment":[{"href":"https:\/\/all-car-news.com\/es\/wp-json\/wp\/v2\/media?parent=117201"}],"curies":[{"name":"wp","href":"https:\/\/api.w.org\/{rel}","templated":true}]}}