{"id":117156,"date":"2022-03-02T13:57:22","date_gmt":"2022-03-02T13:57:22","guid":{"rendered":"https:\/\/all-car-news.com\/buscador-de-coches\/bmw\/bmw-x2\/"},"modified":"2022-03-08T08:41:47","modified_gmt":"2022-03-08T08:41:47","slug":"bmw-x2","status":"publish","type":"page","link":"https:\/\/all-car-news.com\/es\/buscador-de-coches\/bmw\/bmw-x2\/","title":{"rendered":"bmw x2"},"content":{"rendered":"\n<p>Llenar huecos en la gama de modelos es algo que puedes dejar en manos de las marcas alemanas. En 2016 nos presentaron el BMW Concept X2, un presagio de un SUV completamente nuevo entre el X1 y el X3. En 2017, el prototipo entr\u00f3 en producci\u00f3n casi sin cambios.<\/p>\n\n<p>Llenar huecos en la gama de modelos es algo que puedes dejar en manos de las marcas alemanas. En 2016 nos presentaron el BMW Concept X2, un presagio de un SUV completamente nuevo entre el X1 y el X3. En 2017, el prototipo entr\u00f3 en producci\u00f3n casi sin cambios.<\/p>\n\n<p><\/p>\n\n<h2 class=\"wp-block-heading\"><strong>dos, tres y cuatro<\/strong><br\/><\/h2>\n\n<p>El BMW X2 comparte su plataforma con el BMW X1 y el Mini Countryman, lo que significa que el autom\u00f3vil b\u00e1sicamente tiene tracci\u00f3n delantera y un motor de tres cilindros. Los motores de cuatro cilindros y la tracci\u00f3n en las cuatro ruedas est\u00e1n, por supuesto, en la lista de opciones.<\/p>\n\n<p><\/p>\n\n<h2 class=\"wp-block-heading\"><strong>motores<\/strong><br\/><\/h2>\n\n<p>El tres cilindros tiene una capacidad de 1,5 litros y produce 138 hp. El motor &#8216;normal&#8217; m\u00e1s potente es un cuatro cilindros de 2.0 litros con 228 CV tanto para gasolina como para di\u00e9sel. No hay una versi\u00f3n M pura sangre del X2, pero un M35i est\u00e1 en la lista de precios. Luego, el mismo motor de cuatro cilindros entrega repentinamente 302 hp.<\/p>\n\n<h2 class=\"wp-block-heading\">T\u00e9cnico<\/h2>\n\n<figure class=\"wp-block-table is-style-stripes\"><table class=\"has-fixed-layout\"><tbody><tr><td>Tipo de motor<\/td><td>gasolina, l\u00ednea de 3 cilindros<\/td><\/tr><tr><td>Desplazamiento<\/td><td>1.499cm<\/td><\/tr><tr><td>m\u00e1x. activos<\/td><td>103 kW (140 CV)<\/td><\/tr><tr><td>abeja<\/td><td>4.600 rpm<\/td><\/tr><tr><td>m\u00e1x. Pareja<\/td><td>220 nm<\/td><\/tr><tr><td>abeja<\/td><td>1.480 rpm<\/td><\/tr><tr><td>Conducir<\/td><td>ruedas frontales<\/td><\/tr><tr><td>Frenos de\/a<\/td><td>dado juego de damas<\/td><\/tr><tr><td>Radio de giro<\/td><td>11,3 metros<\/td><\/tr><tr><td>Rango de poder<\/td><td>85 a 225 kilovatios<\/td><\/tr><\/tbody><\/table><\/figure>\n\n<h2 class=\"wp-block-heading\">General<\/h2>\n\n<figure class=\"wp-block-table is-style-stripes\"><table class=\"has-fixed-layout\"><tbody><tr><td>Transmisi\u00f3n<\/td><td>6MT (opci\u00f3n: 7AT)<\/td><\/tr><tr><td>Tipo de cuerpo<\/td><td>5 hab. todoterreno<\/td><\/tr><tr><td>EuroNCAP<\/td><td>5 estrellas<\/td><\/tr><tr><td>Lanzamiento al mercado<\/td><td>marzo 2018<\/td><\/tr><tr><td>\u00daltimo lavado de cara<\/td><td>N \/ A<\/td><\/tr><tr><td>Garant\u00eda<\/td><td>3 a\u00f1os<\/td><\/tr><tr><td>Desde precio<\/td><td>46.098\u20ac<\/td><\/tr><tr><td>Particularidades<\/td><td>Las versiones sDrive tienen tracci\u00f3n delantera.<\/td><\/tr><\/tbody><\/table><\/figure>\n\n<h2 class=\"wp-block-heading\">Dimensiones\/pesos<\/h2>\n\n<figure class=\"wp-block-table is-style-stripes\"><table class=\"has-fixed-layout\"><tbody><tr><td>Tama\u00f1o de llanta<\/td><td>225\/55 R17<\/td><\/tr><tr><td>L x An x Al<\/td><td>4360 x 1824 x 1526 mm<\/td><\/tr><tr><td>distancia entre ejes<\/td><td>2.670 mm<\/td><\/tr><tr><td>Masa vac\u00eda<\/td><td>1.375kg<\/td><\/tr><tr><td>m\u00e1x. seg\u00fan peso<\/td><td>1.700 kg<\/td><\/tr><tr><td>continuaci\u00f3n bolsa. habitaci\u00f3n.<\/td><td>470 litros<\/td><\/tr><tr><td>Capacidad del tanque<\/td><td>51l<\/td><\/tr><\/tbody><\/table><\/figure>\n\n<h2 class=\"wp-block-heading\">Consumo<\/h2>\n\n<figure class=\"wp-block-table is-style-stripes\"><table class=\"has-fixed-layout\"><tbody><tr><td>con. conjunto<\/td><td>6,1 l\/100 km<\/td><\/tr><tr><td>emisiones de CO\u2082<\/td><td>139g\/km<\/td><\/tr><tr><td>Etiqueta energ\u00e9tica<\/td><td>C<\/td><\/tr><\/tbody><\/table><\/figure>\n\n<h2 class=\"wp-block-heading\">Rendimiento<\/h2>\n\n<figure class=\"wp-block-table is-style-stripes\"><table class=\"has-fixed-layout\"><tbody><tr><td>Cuenta 0-100 km\/h<\/td><td>9.6 seg<\/td><\/tr><tr><td>velocidad m\u00e1xima<\/td><td>205 km\/h<\/td><\/tr><\/tbody><\/table><\/figure>\n","protected":false},"excerpt":{"rendered":"<p>Llenar huecos en la gama de modelos es algo que puedes dejar en manos de las marcas alemanas. En 2016 [&hellip;]<\/p>\n","protected":false},"author":4,"featured_media":117148,"parent":116516,"menu_order":0,"comment_status":"closed","ping_status":"closed","template":"","meta":{"footnotes":""},"class_list":["post-117156","page","type-page","status-publish","has-post-thumbnail","hentry"],"acf":[],"yoast_head":"<!-- This site is optimized with the Yoast SEO plugin v21.2 - https:\/\/yoast.com\/wordpress\/plugins\/seo\/ -->\n<title>bmw x2 - All cars news<\/title>\n<meta name=\"robots\" content=\"index, follow, max-snippet:-1, max-image-preview:large, max-video-preview:-1\" \/>\n<link rel=\"canonical\" href=\"https:\/\/all-car-news.com\/es\/buscador-de-coches\/bmw\/bmw-x2\/\" \/>\n<meta property=\"og:locale\" content=\"es_ES\" \/>\n<meta property=\"og:type\" content=\"article\" \/>\n<meta property=\"og:title\" content=\"bmw x2 - All cars news\" \/>\n<meta property=\"og:description\" content=\"Llenar huecos en la gama de modelos es algo que puedes dejar en manos de las marcas alemanas. En 2016 [&hellip;]\" \/>\n<meta property=\"og:url\" content=\"https:\/\/all-car-news.com\/es\/buscador-de-coches\/bmw\/bmw-x2\/\" \/>\n<meta property=\"og:site_name\" content=\"All cars news\" \/>\n<meta property=\"article:modified_time\" content=\"2022-03-08T08:41:47+00:00\" \/>\n<meta property=\"og:image\" content=\"https:\/\/all-car-news.com\/wp-content\/uploads\/2022\/03\/93CF37A3-3723-4F73-9D4C-755FB5BD46FD.jpeg\" \/>\n\t<meta property=\"og:image:width\" content=\"480\" \/>\n\t<meta property=\"og:image:height\" content=\"360\" \/>\n\t<meta property=\"og:image:type\" content=\"image\/jpeg\" \/>\n<meta name=\"twitter:card\" content=\"summary_large_image\" \/>\n<meta name=\"twitter:label1\" content=\"Tiempo de lectura\" \/>\n\t<meta name=\"twitter:data1\" content=\"2 minutos\" \/>\n<script type=\"application\/ld+json\" class=\"yoast-schema-graph\">{\"@context\":\"https:\/\/schema.org\",\"@graph\":[{\"@type\":\"WebPage\",\"@id\":\"https:\/\/all-car-news.com\/es\/buscador-de-coches\/bmw\/bmw-x2\/\",\"url\":\"https:\/\/all-car-news.com\/es\/buscador-de-coches\/bmw\/bmw-x2\/\",\"name\":\"bmw x2 - All cars news\",\"isPartOf\":{\"@id\":\"https:\/\/all-car-news.com\/es\/#website\"},\"datePublished\":\"2022-03-02T13:57:22+00:00\",\"dateModified\":\"2022-03-08T08:41:47+00:00\",\"breadcrumb\":{\"@id\":\"https:\/\/all-car-news.com\/es\/buscador-de-coches\/bmw\/bmw-x2\/#breadcrumb\"},\"inLanguage\":\"es\",\"potentialAction\":[{\"@type\":\"ReadAction\",\"target\":[\"https:\/\/all-car-news.com\/es\/buscador-de-coches\/bmw\/bmw-x2\/\"]}]},{\"@type\":\"BreadcrumbList\",\"@id\":\"https:\/\/all-car-news.com\/es\/buscador-de-coches\/bmw\/bmw-x2\/#breadcrumb\",\"itemListElement\":[{\"@type\":\"ListItem\",\"position\":1,\"name\":\"Home\",\"item\":\"https:\/\/all-car-news.com\/es\/\"},{\"@type\":\"ListItem\",\"position\":2,\"name\":\"buscador de coches\",\"item\":\"https:\/\/all-car-news.com\/es\/buscador-de-coches\/\"},{\"@type\":\"ListItem\",\"position\":3,\"name\":\"BMW\",\"item\":\"https:\/\/all-car-news.com\/es\/buscador-de-coches\/bmw\/\"},{\"@type\":\"ListItem\",\"position\":4,\"name\":\"bmw x2\"}]},{\"@type\":\"WebSite\",\"@id\":\"https:\/\/all-car-news.com\/es\/#website\",\"url\":\"https:\/\/all-car-news.com\/es\/\",\"name\":\"All cars news\",\"description\":\"\",\"publisher\":{\"@id\":\"https:\/\/all-car-news.com\/es\/#organization\"},\"potentialAction\":[{\"@type\":\"SearchAction\",\"target\":{\"@type\":\"EntryPoint\",\"urlTemplate\":\"https:\/\/all-car-news.com\/es\/?s={search_term_string}\"},\"query-input\":\"required name=search_term_string\"}],\"inLanguage\":\"es\"},{\"@type\":\"Organization\",\"@id\":\"https:\/\/all-car-news.com\/es\/#organization\",\"name\":\"All cars news\",\"url\":\"https:\/\/all-car-news.com\/es\/\",\"logo\":{\"@type\":\"ImageObject\",\"inLanguage\":\"es\",\"@id\":\"https:\/\/all-car-news.com\/es\/#\/schema\/logo\/image\/\",\"url\":\"https:\/\/all-car-news.com\/wp-content\/uploads\/2022\/02\/CMYK-AllCarNews_LANDSCAPE_300px-1.png\",\"contentUrl\":\"https:\/\/all-car-news.com\/wp-content\/uploads\/2022\/02\/CMYK-AllCarNews_LANDSCAPE_300px-1.png\",\"width\":300,\"height\":100,\"caption\":\"All cars news\"},\"image\":{\"@id\":\"https:\/\/all-car-news.com\/es\/#\/schema\/logo\/image\/\"}}]}<\/script>\n<!-- \/ Yoast SEO plugin. -->","yoast_head_json":{"title":"bmw x2 - All cars news","robots":{"index":"index","follow":"follow","max-snippet":"max-snippet:-1","max-image-preview":"max-image-preview:large","max-video-preview":"max-video-preview:-1"},"canonical":"https:\/\/all-car-news.com\/es\/buscador-de-coches\/bmw\/bmw-x2\/","og_locale":"es_ES","og_type":"article","og_title":"bmw x2 - All cars news","og_description":"Llenar huecos en la gama de modelos es algo que puedes dejar en manos de las marcas alemanas. En 2016 [&hellip;]","og_url":"https:\/\/all-car-news.com\/es\/buscador-de-coches\/bmw\/bmw-x2\/","og_site_name":"All cars news","article_modified_time":"2022-03-08T08:41:47+00:00","og_image":[{"width":480,"height":360,"url":"https:\/\/all-car-news.com\/wp-content\/uploads\/2022\/03\/93CF37A3-3723-4F73-9D4C-755FB5BD46FD.jpeg","type":"image\/jpeg"}],"twitter_card":"summary_large_image","twitter_misc":{"Tiempo de lectura":"2 minutos"},"schema":{"@context":"https:\/\/schema.org","@graph":[{"@type":"WebPage","@id":"https:\/\/all-car-news.com\/es\/buscador-de-coches\/bmw\/bmw-x2\/","url":"https:\/\/all-car-news.com\/es\/buscador-de-coches\/bmw\/bmw-x2\/","name":"bmw x2 - All cars news","isPartOf":{"@id":"https:\/\/all-car-news.com\/es\/#website"},"datePublished":"2022-03-02T13:57:22+00:00","dateModified":"2022-03-08T08:41:47+00:00","breadcrumb":{"@id":"https:\/\/all-car-news.com\/es\/buscador-de-coches\/bmw\/bmw-x2\/#breadcrumb"},"inLanguage":"es","potentialAction":[{"@type":"ReadAction","target":["https:\/\/all-car-news.com\/es\/buscador-de-coches\/bmw\/bmw-x2\/"]}]},{"@type":"BreadcrumbList","@id":"https:\/\/all-car-news.com\/es\/buscador-de-coches\/bmw\/bmw-x2\/#breadcrumb","itemListElement":[{"@type":"ListItem","position":1,"name":"Home","item":"https:\/\/all-car-news.com\/es\/"},{"@type":"ListItem","position":2,"name":"buscador de coches","item":"https:\/\/all-car-news.com\/es\/buscador-de-coches\/"},{"@type":"ListItem","position":3,"name":"BMW","item":"https:\/\/all-car-news.com\/es\/buscador-de-coches\/bmw\/"},{"@type":"ListItem","position":4,"name":"bmw x2"}]},{"@type":"WebSite","@id":"https:\/\/all-car-news.com\/es\/#website","url":"https:\/\/all-car-news.com\/es\/","name":"All cars news","description":"","publisher":{"@id":"https:\/\/all-car-news.com\/es\/#organization"},"potentialAction":[{"@type":"SearchAction","target":{"@type":"EntryPoint","urlTemplate":"https:\/\/all-car-news.com\/es\/?s={search_term_string}"},"query-input":"required name=search_term_string"}],"inLanguage":"es"},{"@type":"Organization","@id":"https:\/\/all-car-news.com\/es\/#organization","name":"All cars news","url":"https:\/\/all-car-news.com\/es\/","logo":{"@type":"ImageObject","inLanguage":"es","@id":"https:\/\/all-car-news.com\/es\/#\/schema\/logo\/image\/","url":"https:\/\/all-car-news.com\/wp-content\/uploads\/2022\/02\/CMYK-AllCarNews_LANDSCAPE_300px-1.png","contentUrl":"https:\/\/all-car-news.com\/wp-content\/uploads\/2022\/02\/CMYK-AllCarNews_LANDSCAPE_300px-1.png","width":300,"height":100,"caption":"All cars news"},"image":{"@id":"https:\/\/all-car-news.com\/es\/#\/schema\/logo\/image\/"}}]}},"_links":{"self":[{"href":"https:\/\/all-car-news.com\/es\/wp-json\/wp\/v2\/pages\/117156","targetHints":{"allow":["GET"]}}],"collection":[{"href":"https:\/\/all-car-news.com\/es\/wp-json\/wp\/v2\/pages"}],"about":[{"href":"https:\/\/all-car-news.com\/es\/wp-json\/wp\/v2\/types\/page"}],"author":[{"embeddable":true,"href":"https:\/\/all-car-news.com\/es\/wp-json\/wp\/v2\/users\/4"}],"replies":[{"embeddable":true,"href":"https:\/\/all-car-news.com\/es\/wp-json\/wp\/v2\/comments?post=117156"}],"version-history":[{"count":0,"href":"https:\/\/all-car-news.com\/es\/wp-json\/wp\/v2\/pages\/117156\/revisions"}],"up":[{"embeddable":true,"href":"https:\/\/all-car-news.com\/es\/wp-json\/wp\/v2\/pages\/116516"}],"wp:featuredmedia":[{"embeddable":true,"href":"https:\/\/all-car-news.com\/es\/wp-json\/wp\/v2\/media\/117148"}],"wp:attachment":[{"href":"https:\/\/all-car-news.com\/es\/wp-json\/wp\/v2\/media?parent=117156"}],"curies":[{"name":"wp","href":"https:\/\/api.w.org\/{rel}","templated":true}]}}