{"id":117141,"date":"2022-03-02T13:53:18","date_gmt":"2022-03-02T13:53:18","guid":{"rendered":"https:\/\/all-car-news.com\/buscador-de-coches\/bmw\/bmw-x1\/"},"modified":"2022-03-08T08:42:53","modified_gmt":"2022-03-08T08:42:53","slug":"bmw-x1","status":"publish","type":"page","link":"https:\/\/all-car-news.com\/es\/buscador-de-coches\/bmw\/bmw-x1\/","title":{"rendered":"bmw x1"},"content":{"rendered":"\n<p>En 2009, BMW ampli\u00f3 la gama de modelos con el X1, un SUV compacto que fue el modelo de entrada de la marca en los modelos SUV. A pesar del n\u00famero en la designaci\u00f3n de tipo, el autom\u00f3vil no se bas\u00f3 en la Serie 1, sino que comparti\u00f3 su base con la Serie 3. <br\/><\/p>\n\n<p>En 2009, BMW ampli\u00f3 la gama de modelos con el X1, un SUV compacto que fue el modelo de entrada de la marca en los modelos SUV. A pesar del n\u00famero en la designaci\u00f3n de tipo, el autom\u00f3vil no se bas\u00f3 en la Serie 1, sino que comparti\u00f3 su base con la Serie 3.<br\/><br\/><\/p>\n\n<h2 class=\"wp-block-heading\"><strong>tracci\u00f3n delantera<\/strong><br\/><\/h2>\n\n<p>En 2015 lleg\u00f3 el momento de la sucesi\u00f3n y apareci\u00f3 en el mercado la segunda generaci\u00f3n. Esta vez, el autom\u00f3vil comparti\u00f3 su plataforma con el posterior Mini Countryman y el BMW X2. Esto significa que el X1 ahora es, en principio, tracci\u00f3n delantera, pero, por supuesto, tambi\u00e9n est\u00e1 disponible la tracci\u00f3n en las cuatro ruedas. Las nuevas versiones son una versi\u00f3n extendida e h\u00edbrida, pero ambas quedan reservadas para el mercado chino.<br\/><br\/><\/p>\n\n<h2 class=\"wp-block-heading\"><strong>coche holand\u00e9s<\/strong><br\/><\/h2>\n\n<p>Desde el a\u00f1o pasado, el X1 tambi\u00e9n se produce en los Pa\u00edses Bajos, en Nedcar en Born. Para celebrar que el X1 se ha vuelto &#8216;holand\u00e9s&#8217;, BMW Pa\u00edses Bajos present\u00f3 una edici\u00f3n naranja para el autom\u00f3vil. Adem\u00e1s de la decoraci\u00f3n adicional que pertenece a la Edici\u00f3n Naranja en cualquier caso, ese modelo tambi\u00e9n se puede pedir con un color de pintura naranja (oscuro).<\/p>\n\n<h2 class=\"wp-block-heading\">T\u00e9cnico<\/h2>\n\n<figure class=\"wp-block-table is-style-stripes\"><table class=\"has-fixed-layout\"><tbody><tr><td>Tipo de motor<\/td><td>gasolina, l\u00ednea de 3 cilindros<\/td><\/tr><tr><td>Desplazamiento<\/td><td>1.499cm<\/td><\/tr><tr><td>m\u00e1x. activos<\/td><td>103 kW (140 CV)<\/td><\/tr><tr><td>abeja<\/td><td>4.600 rpm<\/td><\/tr><tr><td>m\u00e1x. Pareja<\/td><td>220 nm<\/td><\/tr><tr><td>abeja<\/td><td>1.480 rpm<\/td><\/tr><tr><td>Conducir<\/td><td>ruedas frontales<\/td><\/tr><tr><td>Frenos de\/a<\/td><td>dado juego de damas<\/td><\/tr><tr><td>Radio de giro<\/td><td>11,4 metros<\/td><\/tr><tr><td>Rango de poder<\/td><td>85 a 170 kilovatios<\/td><\/tr><\/tbody><\/table><\/figure>\n\n<h2 class=\"wp-block-heading\">Dimensiones\/pesos<\/h2>\n\n<figure class=\"wp-block-table is-style-stripes\"><table class=\"has-fixed-layout\"><tbody><tr><td>Tama\u00f1o de llanta<\/td><td>225\/55 R17<\/td><\/tr><tr><td>L x An x Al<\/td><td>4447 x 1821 x 1598 mm<\/td><\/tr><tr><td>distancia entre ejes<\/td><td>2.670 mm<\/td><\/tr><tr><td>Masa vac\u00eda<\/td><td>1.375kg<\/td><\/tr><tr><td>m\u00e1x. seg\u00fan peso<\/td><td>1.700 kg<\/td><\/tr><tr><td>continuaci\u00f3n bolsa. habitaci\u00f3n.<\/td><td>505l<\/td><\/tr><tr><td>Capacidad del tanque<\/td><td>51l<\/td><\/tr><\/tbody><\/table><\/figure>\n\n<h2 class=\"wp-block-heading\">Consumo<\/h2>\n\n<figure class=\"wp-block-table is-style-stripes\"><table class=\"has-fixed-layout\"><tbody><tr><td>con. conjunto<\/td><td>5,5 l\/100 km<\/td><\/tr><tr><td>emisiones de CO\u2082<\/td><td>125g\/km<\/td><\/tr><tr><td>Etiqueta energ\u00e9tica<\/td><td>C<\/td><\/tr><\/tbody><\/table><\/figure>\n\n<h2 class=\"wp-block-heading\">Rendimiento<\/h2>\n\n<figure class=\"wp-block-table is-style-stripes\"><table class=\"has-fixed-layout\"><tbody><tr><td>Cuenta 0-100 km\/h<\/td><td>9.7 seg<\/td><\/tr><tr><td>velocidad m\u00e1xima<\/td><td>205 km\/h<\/td><\/tr><\/tbody><\/table><\/figure>\n","protected":false},"excerpt":{"rendered":"<p>En 2009, BMW ampli\u00f3 la gama de modelos con el X1, un SUV compacto que fue el modelo de entrada [&hellip;]<\/p>\n","protected":false},"author":4,"featured_media":117133,"parent":116516,"menu_order":0,"comment_status":"closed","ping_status":"closed","template":"","meta":{"footnotes":""},"class_list":["post-117141","page","type-page","status-publish","has-post-thumbnail","hentry"],"acf":[],"yoast_head":"<!-- This site is optimized with the Yoast SEO plugin v21.2 - https:\/\/yoast.com\/wordpress\/plugins\/seo\/ -->\n<title>bmw x1 - All cars news<\/title>\n<meta name=\"robots\" content=\"index, follow, max-snippet:-1, max-image-preview:large, max-video-preview:-1\" \/>\n<link rel=\"canonical\" href=\"https:\/\/all-car-news.com\/es\/buscador-de-coches\/bmw\/bmw-x1\/\" \/>\n<meta property=\"og:locale\" content=\"es_ES\" \/>\n<meta property=\"og:type\" content=\"article\" \/>\n<meta property=\"og:title\" content=\"bmw x1 - All cars news\" \/>\n<meta property=\"og:description\" content=\"En 2009, BMW ampli\u00f3 la gama de modelos con el X1, un SUV compacto que fue el modelo de entrada [&hellip;]\" \/>\n<meta property=\"og:url\" content=\"https:\/\/all-car-news.com\/es\/buscador-de-coches\/bmw\/bmw-x1\/\" \/>\n<meta property=\"og:site_name\" content=\"All cars news\" \/>\n<meta property=\"article:modified_time\" content=\"2022-03-08T08:42:53+00:00\" \/>\n<meta property=\"og:image\" content=\"https:\/\/all-car-news.com\/wp-content\/uploads\/2022\/03\/F1615F94-CB49-4433-B504-F3C38BEE1B39.jpeg\" \/>\n\t<meta property=\"og:image:width\" content=\"480\" \/>\n\t<meta property=\"og:image:height\" content=\"360\" \/>\n\t<meta property=\"og:image:type\" content=\"image\/jpeg\" \/>\n<meta name=\"twitter:card\" content=\"summary_large_image\" \/>\n<meta name=\"twitter:label1\" content=\"Tiempo de lectura\" \/>\n\t<meta name=\"twitter:data1\" content=\"2 minutos\" \/>\n<script type=\"application\/ld+json\" class=\"yoast-schema-graph\">{\"@context\":\"https:\/\/schema.org\",\"@graph\":[{\"@type\":\"WebPage\",\"@id\":\"https:\/\/all-car-news.com\/es\/buscador-de-coches\/bmw\/bmw-x1\/\",\"url\":\"https:\/\/all-car-news.com\/es\/buscador-de-coches\/bmw\/bmw-x1\/\",\"name\":\"bmw x1 - All cars news\",\"isPartOf\":{\"@id\":\"https:\/\/all-car-news.com\/es\/#website\"},\"datePublished\":\"2022-03-02T13:53:18+00:00\",\"dateModified\":\"2022-03-08T08:42:53+00:00\",\"breadcrumb\":{\"@id\":\"https:\/\/all-car-news.com\/es\/buscador-de-coches\/bmw\/bmw-x1\/#breadcrumb\"},\"inLanguage\":\"es\",\"potentialAction\":[{\"@type\":\"ReadAction\",\"target\":[\"https:\/\/all-car-news.com\/es\/buscador-de-coches\/bmw\/bmw-x1\/\"]}]},{\"@type\":\"BreadcrumbList\",\"@id\":\"https:\/\/all-car-news.com\/es\/buscador-de-coches\/bmw\/bmw-x1\/#breadcrumb\",\"itemListElement\":[{\"@type\":\"ListItem\",\"position\":1,\"name\":\"Home\",\"item\":\"https:\/\/all-car-news.com\/es\/\"},{\"@type\":\"ListItem\",\"position\":2,\"name\":\"buscador de coches\",\"item\":\"https:\/\/all-car-news.com\/es\/buscador-de-coches\/\"},{\"@type\":\"ListItem\",\"position\":3,\"name\":\"BMW\",\"item\":\"https:\/\/all-car-news.com\/es\/buscador-de-coches\/bmw\/\"},{\"@type\":\"ListItem\",\"position\":4,\"name\":\"bmw x1\"}]},{\"@type\":\"WebSite\",\"@id\":\"https:\/\/all-car-news.com\/es\/#website\",\"url\":\"https:\/\/all-car-news.com\/es\/\",\"name\":\"All cars news\",\"description\":\"\",\"publisher\":{\"@id\":\"https:\/\/all-car-news.com\/es\/#organization\"},\"potentialAction\":[{\"@type\":\"SearchAction\",\"target\":{\"@type\":\"EntryPoint\",\"urlTemplate\":\"https:\/\/all-car-news.com\/es\/?s={search_term_string}\"},\"query-input\":\"required name=search_term_string\"}],\"inLanguage\":\"es\"},{\"@type\":\"Organization\",\"@id\":\"https:\/\/all-car-news.com\/es\/#organization\",\"name\":\"All cars news\",\"url\":\"https:\/\/all-car-news.com\/es\/\",\"logo\":{\"@type\":\"ImageObject\",\"inLanguage\":\"es\",\"@id\":\"https:\/\/all-car-news.com\/es\/#\/schema\/logo\/image\/\",\"url\":\"https:\/\/all-car-news.com\/wp-content\/uploads\/2022\/02\/CMYK-AllCarNews_LANDSCAPE_300px-1.png\",\"contentUrl\":\"https:\/\/all-car-news.com\/wp-content\/uploads\/2022\/02\/CMYK-AllCarNews_LANDSCAPE_300px-1.png\",\"width\":300,\"height\":100,\"caption\":\"All cars news\"},\"image\":{\"@id\":\"https:\/\/all-car-news.com\/es\/#\/schema\/logo\/image\/\"}}]}<\/script>\n<!-- \/ Yoast SEO plugin. -->","yoast_head_json":{"title":"bmw x1 - All cars news","robots":{"index":"index","follow":"follow","max-snippet":"max-snippet:-1","max-image-preview":"max-image-preview:large","max-video-preview":"max-video-preview:-1"},"canonical":"https:\/\/all-car-news.com\/es\/buscador-de-coches\/bmw\/bmw-x1\/","og_locale":"es_ES","og_type":"article","og_title":"bmw x1 - All cars news","og_description":"En 2009, BMW ampli\u00f3 la gama de modelos con el X1, un SUV compacto que fue el modelo de entrada [&hellip;]","og_url":"https:\/\/all-car-news.com\/es\/buscador-de-coches\/bmw\/bmw-x1\/","og_site_name":"All cars news","article_modified_time":"2022-03-08T08:42:53+00:00","og_image":[{"width":480,"height":360,"url":"https:\/\/all-car-news.com\/wp-content\/uploads\/2022\/03\/F1615F94-CB49-4433-B504-F3C38BEE1B39.jpeg","type":"image\/jpeg"}],"twitter_card":"summary_large_image","twitter_misc":{"Tiempo de lectura":"2 minutos"},"schema":{"@context":"https:\/\/schema.org","@graph":[{"@type":"WebPage","@id":"https:\/\/all-car-news.com\/es\/buscador-de-coches\/bmw\/bmw-x1\/","url":"https:\/\/all-car-news.com\/es\/buscador-de-coches\/bmw\/bmw-x1\/","name":"bmw x1 - All cars news","isPartOf":{"@id":"https:\/\/all-car-news.com\/es\/#website"},"datePublished":"2022-03-02T13:53:18+00:00","dateModified":"2022-03-08T08:42:53+00:00","breadcrumb":{"@id":"https:\/\/all-car-news.com\/es\/buscador-de-coches\/bmw\/bmw-x1\/#breadcrumb"},"inLanguage":"es","potentialAction":[{"@type":"ReadAction","target":["https:\/\/all-car-news.com\/es\/buscador-de-coches\/bmw\/bmw-x1\/"]}]},{"@type":"BreadcrumbList","@id":"https:\/\/all-car-news.com\/es\/buscador-de-coches\/bmw\/bmw-x1\/#breadcrumb","itemListElement":[{"@type":"ListItem","position":1,"name":"Home","item":"https:\/\/all-car-news.com\/es\/"},{"@type":"ListItem","position":2,"name":"buscador de coches","item":"https:\/\/all-car-news.com\/es\/buscador-de-coches\/"},{"@type":"ListItem","position":3,"name":"BMW","item":"https:\/\/all-car-news.com\/es\/buscador-de-coches\/bmw\/"},{"@type":"ListItem","position":4,"name":"bmw x1"}]},{"@type":"WebSite","@id":"https:\/\/all-car-news.com\/es\/#website","url":"https:\/\/all-car-news.com\/es\/","name":"All cars news","description":"","publisher":{"@id":"https:\/\/all-car-news.com\/es\/#organization"},"potentialAction":[{"@type":"SearchAction","target":{"@type":"EntryPoint","urlTemplate":"https:\/\/all-car-news.com\/es\/?s={search_term_string}"},"query-input":"required name=search_term_string"}],"inLanguage":"es"},{"@type":"Organization","@id":"https:\/\/all-car-news.com\/es\/#organization","name":"All cars news","url":"https:\/\/all-car-news.com\/es\/","logo":{"@type":"ImageObject","inLanguage":"es","@id":"https:\/\/all-car-news.com\/es\/#\/schema\/logo\/image\/","url":"https:\/\/all-car-news.com\/wp-content\/uploads\/2022\/02\/CMYK-AllCarNews_LANDSCAPE_300px-1.png","contentUrl":"https:\/\/all-car-news.com\/wp-content\/uploads\/2022\/02\/CMYK-AllCarNews_LANDSCAPE_300px-1.png","width":300,"height":100,"caption":"All cars news"},"image":{"@id":"https:\/\/all-car-news.com\/es\/#\/schema\/logo\/image\/"}}]}},"_links":{"self":[{"href":"https:\/\/all-car-news.com\/es\/wp-json\/wp\/v2\/pages\/117141","targetHints":{"allow":["GET"]}}],"collection":[{"href":"https:\/\/all-car-news.com\/es\/wp-json\/wp\/v2\/pages"}],"about":[{"href":"https:\/\/all-car-news.com\/es\/wp-json\/wp\/v2\/types\/page"}],"author":[{"embeddable":true,"href":"https:\/\/all-car-news.com\/es\/wp-json\/wp\/v2\/users\/4"}],"replies":[{"embeddable":true,"href":"https:\/\/all-car-news.com\/es\/wp-json\/wp\/v2\/comments?post=117141"}],"version-history":[{"count":0,"href":"https:\/\/all-car-news.com\/es\/wp-json\/wp\/v2\/pages\/117141\/revisions"}],"up":[{"embeddable":true,"href":"https:\/\/all-car-news.com\/es\/wp-json\/wp\/v2\/pages\/116516"}],"wp:featuredmedia":[{"embeddable":true,"href":"https:\/\/all-car-news.com\/es\/wp-json\/wp\/v2\/media\/117133"}],"wp:attachment":[{"href":"https:\/\/all-car-news.com\/es\/wp-json\/wp\/v2\/media?parent=117141"}],"curies":[{"name":"wp","href":"https:\/\/api.w.org\/{rel}","templated":true}]}}