{"id":117126,"date":"2022-03-02T13:47:38","date_gmt":"2022-03-02T13:47:38","guid":{"rendered":"https:\/\/all-car-news.com\/buscador-de-coches\/bmw\/bmw-serie-8-gran-cupe\/"},"modified":"2022-03-08T08:46:59","modified_gmt":"2022-03-08T08:46:59","slug":"bmw-serie-8-gran-cupe","status":"publish","type":"page","link":"https:\/\/all-car-news.com\/es\/buscador-de-coches\/bmw\/bmw-serie-8-gran-cupe\/","title":{"rendered":"BMW serie 8 gran cup\u00e9"},"content":{"rendered":"\n<p>Cuando el BMW Serie 6 dej\u00f3 de fabricarse en 1989, apareci\u00f3 el BMW Serie 8 al a\u00f1o siguiente, que se hizo m\u00e1s conocido con los nombres de tipo 840 y 850. Sin embargo, la Serie 8 no fue sucesora directa de la 6, ya que se posicion\u00f3 m\u00e1s alto en el mercado con un precio m\u00e1s alto y tambi\u00e9n ofreci\u00f3 un mejor rendimiento. Este modelo dur\u00f3 hasta 1999 y no tuvo sucesor.<\/p>\n\n<p>Cuando el BMW Serie 6 dej\u00f3 de fabricarse en 1989, apareci\u00f3 el BMW Serie 8 al a\u00f1o siguiente, que se hizo m\u00e1s conocido con los nombres de tipo 840 y 850. Sin embargo, la Serie 8 no fue sucesora directa de la 6, ya que se posicion\u00f3 m\u00e1s alto en el mercado con un precio m\u00e1s alto y tambi\u00e9n ofreci\u00f3 un mejor rendimiento. Este modelo dur\u00f3 hasta 1999 y no tuvo sucesor.<\/p>\n\n<p><\/p>\n\n<h2 class=\"wp-block-heading\"><strong>Otra vez<\/strong><br\/><\/h2>\n\n<p>En 2018, la historia se repite. La Serie 6 dej\u00f3 de producirse y est\u00e1 siendo reemplazada por la Serie 8 reintroducida. Esta vez, sin embargo, es un sucesor directo, porque se trata de que BMW haga que la Serie 6 sea a\u00fan m\u00e1s lujosa y la coloque m\u00e1s arriba en la l\u00ednea de modelos. El autom\u00f3vil ahora es, de hecho, la versi\u00f3n coup\u00e9 de la Serie 7, raz\u00f3n por la cual el autom\u00f3vil ahora escucha el nombre de Serie 8.<\/p>\n\n<p><\/p>\n\n<h2 class=\"wp-block-heading\"><strong>ricamente equipado<\/strong><br\/><\/h2>\n\n<p>El Serie 8 se present\u00f3 sobre la base del BMW Concept Serie 8 en 2017, un concept car que tambi\u00e9n present\u00f3 de inmediato el nuevo lenguaje de dise\u00f1o de la marca. Ya vemos esto en varios modelos de BMW. Al igual que la Serie 7, la Serie 8 tambi\u00e9n incluye la \u00faltima tecnolog\u00eda, incluida la integraci\u00f3n para Skype y Microsoft Office. Una vez m\u00e1s, la Serie 8 est\u00e1 disponible en las versiones 840 y 850, la historia se repite una vez m\u00e1s.<\/p>\n\n<p><\/p>\n\n<h2 class=\"wp-block-heading\"><strong>Expansi\u00f3n familiar<\/strong><br\/><\/h2>\n\n<p>Adem\u00e1s del Coup\u00e9 y Cabrio, la gama de la Serie 8 tambi\u00e9n se ampli\u00f3 con una variante Gran Coup\u00e9, como tambi\u00e9n fue el caso del predecesor Serie 6. Sin duda, todav\u00eda se est\u00e1 planificando una versi\u00f3n M8 completa.<\/p>\n\n<h2 class=\"wp-block-heading\">T\u00e9cnico<\/h2>\n\n<figure class=\"wp-block-table is-style-stripes\"><table class=\"has-fixed-layout\"><tbody><tr><td>Tipo de motor<\/td><td>gasolina, l\u00ednea de 6 cilindros<\/td><\/tr><tr><td>Desplazamiento<\/td><td>2.998 cm\u00b3<\/td><\/tr><tr><td>m\u00e1x. activos<\/td><td>250 kW (340 CV)<\/td><\/tr><tr><td>abeja<\/td><td>5.000 rpm<\/td><\/tr><tr><td>m\u00e1x. Pareja<\/td><td>500 nm<\/td><\/tr><tr><td>abeja<\/td><td>1.600 rpm<\/td><\/tr><tr><td>Conducir<\/td><td>ruedas traseras (opci\u00f3n 4WD)<\/td><\/tr><tr><td>Frenos de\/a<\/td><td>dado juego de damas<\/td><\/tr><tr><td>Radio de giro<\/td><td>12,6 metros<\/td><\/tr><tr><td>Rango de poder<\/td><td>235 a 460 kilovatios<\/td><\/tr><\/tbody><\/table><\/figure>\n\n<h2 class=\"wp-block-heading\">General<\/h2>\n\n<figure class=\"wp-block-table is-style-stripes\"><table class=\"has-fixed-layout\"><tbody><tr><td>Transmisi\u00f3n<\/td><td>8AT<\/td><\/tr><tr><td>Tipo de cuerpo<\/td><td>4 hab. compartimiento<\/td><\/tr><tr><td>EuroNCAP<\/td><td>no probado<\/td><\/tr><tr><td>Lanzamiento al mercado<\/td><td>julio 2019<\/td><\/tr><tr><td>\u00daltimo lavado de cara<\/td><td>N \/ A<\/td><\/tr><tr><td>Garant\u00eda<\/td><td>3 a\u00f1os<\/td><\/tr><tr><td>Desde precio<\/td><td>115.152\u20ac<\/td><\/tr><tr><td>Particularidades<\/td><td>Al igual que el anterior Serie 6, el Serie 8 tambi\u00e9n est\u00e1 disponible como Gran Coup\u00e9 de cuatro puertas.<\/td><\/tr><\/tbody><\/table><\/figure>\n\n<h2 class=\"wp-block-heading\">Dimensiones\/pesos<\/h2>\n\n<figure class=\"wp-block-table is-style-stripes\"><table class=\"has-fixed-layout\"><tbody><tr><td>Tama\u00f1o de llanta<\/td><td>245\/35 R20 \/ 275\/30 R20<\/td><\/tr><tr><td>L x An x Al<\/td><td>5082 x 1932 x 1407 mm<\/td><\/tr><tr><td>distancia entre ejes<\/td><td>3.023 mm<\/td><\/tr><tr><td>Masa vac\u00eda<\/td><td>1.790 kg<\/td><\/tr><tr><td>m\u00e1x. seg\u00fan peso<\/td><td>n\/d kg<\/td><\/tr><tr><td>continuaci\u00f3n bolsa. habitaci\u00f3n.<\/td><td>440 litros<\/td><\/tr><tr><td>Capacidad del tanque<\/td><td>68l<\/td><\/tr><\/tbody><\/table><\/figure>\n\n<h2 class=\"wp-block-heading\">Consumo<\/h2>\n\n<figure class=\"wp-block-table is-style-stripes\"><table class=\"has-fixed-layout\"><tbody><tr><td>con. conjunto<\/td><td>8,2 l\/100 km<\/td><\/tr><tr><td>emisiones de CO\u2082<\/td><td>186g\/km<\/td><\/tr><tr><td>Etiqueta energ\u00e9tica<\/td><td>C<\/td><\/tr><\/tbody><\/table><\/figure>\n\n<h2 class=\"wp-block-heading\">Rendimiento<\/h2>\n\n<figure class=\"wp-block-table is-style-stripes\"><table class=\"has-fixed-layout\"><tbody><tr><td>Cuenta 0-100 km\/h<\/td><td>5.4 seg<\/td><\/tr><tr><td>velocidad m\u00e1xima<\/td><td>250 km\/h<\/td><\/tr><\/tbody><\/table><\/figure>\n","protected":false},"excerpt":{"rendered":"<p>Cuando el BMW Serie 6 dej\u00f3 de fabricarse en 1989, apareci\u00f3 el BMW Serie 8 al a\u00f1o siguiente, que se [&hellip;]<\/p>\n","protected":false},"author":4,"featured_media":117118,"parent":116516,"menu_order":0,"comment_status":"closed","ping_status":"closed","template":"","meta":{"footnotes":""},"class_list":["post-117126","page","type-page","status-publish","has-post-thumbnail","hentry"],"acf":[],"yoast_head":"<!-- This site is optimized with the Yoast SEO plugin v21.2 - https:\/\/yoast.com\/wordpress\/plugins\/seo\/ -->\n<title>BMW serie 8 gran cup\u00e9 - All cars news<\/title>\n<meta name=\"robots\" content=\"index, follow, max-snippet:-1, max-image-preview:large, max-video-preview:-1\" \/>\n<link rel=\"canonical\" href=\"https:\/\/all-car-news.com\/es\/buscador-de-coches\/bmw\/bmw-serie-8-gran-cupe\/\" \/>\n<meta property=\"og:locale\" content=\"es_ES\" \/>\n<meta property=\"og:type\" content=\"article\" \/>\n<meta property=\"og:title\" content=\"BMW serie 8 gran cup\u00e9 - All cars news\" \/>\n<meta property=\"og:description\" content=\"Cuando el BMW Serie 6 dej\u00f3 de fabricarse en 1989, apareci\u00f3 el BMW Serie 8 al a\u00f1o siguiente, que se [&hellip;]\" \/>\n<meta property=\"og:url\" content=\"https:\/\/all-car-news.com\/es\/buscador-de-coches\/bmw\/bmw-serie-8-gran-cupe\/\" \/>\n<meta property=\"og:site_name\" content=\"All cars news\" \/>\n<meta property=\"article:modified_time\" content=\"2022-03-08T08:46:59+00:00\" \/>\n<meta property=\"og:image\" content=\"https:\/\/all-car-news.com\/wp-content\/uploads\/2022\/03\/8CB56F65-D22B-417F-837F-5115CA7C0DB7.jpeg\" \/>\n\t<meta property=\"og:image:width\" content=\"480\" \/>\n\t<meta property=\"og:image:height\" content=\"360\" \/>\n\t<meta property=\"og:image:type\" content=\"image\/jpeg\" \/>\n<meta name=\"twitter:card\" content=\"summary_large_image\" \/>\n<meta name=\"twitter:label1\" content=\"Tiempo de lectura\" \/>\n\t<meta name=\"twitter:data1\" content=\"2 minutos\" \/>\n<script type=\"application\/ld+json\" class=\"yoast-schema-graph\">{\"@context\":\"https:\/\/schema.org\",\"@graph\":[{\"@type\":\"WebPage\",\"@id\":\"https:\/\/all-car-news.com\/es\/buscador-de-coches\/bmw\/bmw-serie-8-gran-cupe\/\",\"url\":\"https:\/\/all-car-news.com\/es\/buscador-de-coches\/bmw\/bmw-serie-8-gran-cupe\/\",\"name\":\"BMW serie 8 gran cup\u00e9 - All cars news\",\"isPartOf\":{\"@id\":\"https:\/\/all-car-news.com\/es\/#website\"},\"datePublished\":\"2022-03-02T13:47:38+00:00\",\"dateModified\":\"2022-03-08T08:46:59+00:00\",\"breadcrumb\":{\"@id\":\"https:\/\/all-car-news.com\/es\/buscador-de-coches\/bmw\/bmw-serie-8-gran-cupe\/#breadcrumb\"},\"inLanguage\":\"es\",\"potentialAction\":[{\"@type\":\"ReadAction\",\"target\":[\"https:\/\/all-car-news.com\/es\/buscador-de-coches\/bmw\/bmw-serie-8-gran-cupe\/\"]}]},{\"@type\":\"BreadcrumbList\",\"@id\":\"https:\/\/all-car-news.com\/es\/buscador-de-coches\/bmw\/bmw-serie-8-gran-cupe\/#breadcrumb\",\"itemListElement\":[{\"@type\":\"ListItem\",\"position\":1,\"name\":\"Home\",\"item\":\"https:\/\/all-car-news.com\/es\/\"},{\"@type\":\"ListItem\",\"position\":2,\"name\":\"buscador de coches\",\"item\":\"https:\/\/all-car-news.com\/es\/buscador-de-coches\/\"},{\"@type\":\"ListItem\",\"position\":3,\"name\":\"BMW\",\"item\":\"https:\/\/all-car-news.com\/es\/buscador-de-coches\/bmw\/\"},{\"@type\":\"ListItem\",\"position\":4,\"name\":\"BMW serie 8 gran cup\u00e9\"}]},{\"@type\":\"WebSite\",\"@id\":\"https:\/\/all-car-news.com\/es\/#website\",\"url\":\"https:\/\/all-car-news.com\/es\/\",\"name\":\"All cars news\",\"description\":\"\",\"publisher\":{\"@id\":\"https:\/\/all-car-news.com\/es\/#organization\"},\"potentialAction\":[{\"@type\":\"SearchAction\",\"target\":{\"@type\":\"EntryPoint\",\"urlTemplate\":\"https:\/\/all-car-news.com\/es\/?s={search_term_string}\"},\"query-input\":\"required name=search_term_string\"}],\"inLanguage\":\"es\"},{\"@type\":\"Organization\",\"@id\":\"https:\/\/all-car-news.com\/es\/#organization\",\"name\":\"All cars news\",\"url\":\"https:\/\/all-car-news.com\/es\/\",\"logo\":{\"@type\":\"ImageObject\",\"inLanguage\":\"es\",\"@id\":\"https:\/\/all-car-news.com\/es\/#\/schema\/logo\/image\/\",\"url\":\"https:\/\/all-car-news.com\/wp-content\/uploads\/2022\/02\/CMYK-AllCarNews_LANDSCAPE_300px-1.png\",\"contentUrl\":\"https:\/\/all-car-news.com\/wp-content\/uploads\/2022\/02\/CMYK-AllCarNews_LANDSCAPE_300px-1.png\",\"width\":300,\"height\":100,\"caption\":\"All cars news\"},\"image\":{\"@id\":\"https:\/\/all-car-news.com\/es\/#\/schema\/logo\/image\/\"}}]}<\/script>\n<!-- \/ Yoast SEO plugin. -->","yoast_head_json":{"title":"BMW serie 8 gran cup\u00e9 - All cars news","robots":{"index":"index","follow":"follow","max-snippet":"max-snippet:-1","max-image-preview":"max-image-preview:large","max-video-preview":"max-video-preview:-1"},"canonical":"https:\/\/all-car-news.com\/es\/buscador-de-coches\/bmw\/bmw-serie-8-gran-cupe\/","og_locale":"es_ES","og_type":"article","og_title":"BMW serie 8 gran cup\u00e9 - All cars news","og_description":"Cuando el BMW Serie 6 dej\u00f3 de fabricarse en 1989, apareci\u00f3 el BMW Serie 8 al a\u00f1o siguiente, que se [&hellip;]","og_url":"https:\/\/all-car-news.com\/es\/buscador-de-coches\/bmw\/bmw-serie-8-gran-cupe\/","og_site_name":"All cars news","article_modified_time":"2022-03-08T08:46:59+00:00","og_image":[{"width":480,"height":360,"url":"https:\/\/all-car-news.com\/wp-content\/uploads\/2022\/03\/8CB56F65-D22B-417F-837F-5115CA7C0DB7.jpeg","type":"image\/jpeg"}],"twitter_card":"summary_large_image","twitter_misc":{"Tiempo de lectura":"2 minutos"},"schema":{"@context":"https:\/\/schema.org","@graph":[{"@type":"WebPage","@id":"https:\/\/all-car-news.com\/es\/buscador-de-coches\/bmw\/bmw-serie-8-gran-cupe\/","url":"https:\/\/all-car-news.com\/es\/buscador-de-coches\/bmw\/bmw-serie-8-gran-cupe\/","name":"BMW serie 8 gran cup\u00e9 - All cars news","isPartOf":{"@id":"https:\/\/all-car-news.com\/es\/#website"},"datePublished":"2022-03-02T13:47:38+00:00","dateModified":"2022-03-08T08:46:59+00:00","breadcrumb":{"@id":"https:\/\/all-car-news.com\/es\/buscador-de-coches\/bmw\/bmw-serie-8-gran-cupe\/#breadcrumb"},"inLanguage":"es","potentialAction":[{"@type":"ReadAction","target":["https:\/\/all-car-news.com\/es\/buscador-de-coches\/bmw\/bmw-serie-8-gran-cupe\/"]}]},{"@type":"BreadcrumbList","@id":"https:\/\/all-car-news.com\/es\/buscador-de-coches\/bmw\/bmw-serie-8-gran-cupe\/#breadcrumb","itemListElement":[{"@type":"ListItem","position":1,"name":"Home","item":"https:\/\/all-car-news.com\/es\/"},{"@type":"ListItem","position":2,"name":"buscador de coches","item":"https:\/\/all-car-news.com\/es\/buscador-de-coches\/"},{"@type":"ListItem","position":3,"name":"BMW","item":"https:\/\/all-car-news.com\/es\/buscador-de-coches\/bmw\/"},{"@type":"ListItem","position":4,"name":"BMW serie 8 gran cup\u00e9"}]},{"@type":"WebSite","@id":"https:\/\/all-car-news.com\/es\/#website","url":"https:\/\/all-car-news.com\/es\/","name":"All cars news","description":"","publisher":{"@id":"https:\/\/all-car-news.com\/es\/#organization"},"potentialAction":[{"@type":"SearchAction","target":{"@type":"EntryPoint","urlTemplate":"https:\/\/all-car-news.com\/es\/?s={search_term_string}"},"query-input":"required name=search_term_string"}],"inLanguage":"es"},{"@type":"Organization","@id":"https:\/\/all-car-news.com\/es\/#organization","name":"All cars news","url":"https:\/\/all-car-news.com\/es\/","logo":{"@type":"ImageObject","inLanguage":"es","@id":"https:\/\/all-car-news.com\/es\/#\/schema\/logo\/image\/","url":"https:\/\/all-car-news.com\/wp-content\/uploads\/2022\/02\/CMYK-AllCarNews_LANDSCAPE_300px-1.png","contentUrl":"https:\/\/all-car-news.com\/wp-content\/uploads\/2022\/02\/CMYK-AllCarNews_LANDSCAPE_300px-1.png","width":300,"height":100,"caption":"All cars news"},"image":{"@id":"https:\/\/all-car-news.com\/es\/#\/schema\/logo\/image\/"}}]}},"_links":{"self":[{"href":"https:\/\/all-car-news.com\/es\/wp-json\/wp\/v2\/pages\/117126","targetHints":{"allow":["GET"]}}],"collection":[{"href":"https:\/\/all-car-news.com\/es\/wp-json\/wp\/v2\/pages"}],"about":[{"href":"https:\/\/all-car-news.com\/es\/wp-json\/wp\/v2\/types\/page"}],"author":[{"embeddable":true,"href":"https:\/\/all-car-news.com\/es\/wp-json\/wp\/v2\/users\/4"}],"replies":[{"embeddable":true,"href":"https:\/\/all-car-news.com\/es\/wp-json\/wp\/v2\/comments?post=117126"}],"version-history":[{"count":0,"href":"https:\/\/all-car-news.com\/es\/wp-json\/wp\/v2\/pages\/117126\/revisions"}],"up":[{"embeddable":true,"href":"https:\/\/all-car-news.com\/es\/wp-json\/wp\/v2\/pages\/116516"}],"wp:featuredmedia":[{"embeddable":true,"href":"https:\/\/all-car-news.com\/es\/wp-json\/wp\/v2\/media\/117118"}],"wp:attachment":[{"href":"https:\/\/all-car-news.com\/es\/wp-json\/wp\/v2\/media?parent=117126"}],"curies":[{"name":"wp","href":"https:\/\/api.w.org\/{rel}","templated":true}]}}