{"id":116987,"date":"2022-03-02T11:27:06","date_gmt":"2022-03-02T11:27:06","guid":{"rendered":"https:\/\/all-car-news.com\/buscador-de-coches\/bmw\/bmw-serie-6-descapotable\/"},"modified":"2022-03-08T08:56:05","modified_gmt":"2022-03-08T08:56:05","slug":"bmw-serie-6-descapotable","status":"publish","type":"page","link":"https:\/\/all-car-news.com\/es\/buscador-de-coches\/bmw\/bmw-serie-6-descapotable\/","title":{"rendered":"BMW serie 6 descapotable"},"content":{"rendered":"\n<p>La primera generaci\u00f3n de la Serie 6 de BMW vio la luz en 1976. El autom\u00f3vil fue el sucesor del E9 Coup\u00e9 y, al igual que su predecesor, solo estaba disponible como cup\u00e9. El Serie 6 estaba t\u00e9cnicamente relacionado con el buque insignia Serie 7 y era m\u00e1s o menos la versi\u00f3n coup\u00e9 de ese autom\u00f3vil. Adem\u00e1s del rendimiento deportivo, la Serie 6 tambi\u00e9n ofrec\u00eda mucho lujo. La producci\u00f3n de la Serie 6 se detuvo en 1989, cuando el autom\u00f3vil fue reemplazado por la Serie 8, un poco m\u00e1s grande y m\u00e1s cara. <br\/><\/p>\n\n<p>La primera generaci\u00f3n de la Serie 6 de BMW vio la luz en 1976. El autom\u00f3vil fue el sucesor del E9 Coup\u00e9 y, al igual que su predecesor, solo estaba disponible como cup\u00e9. El Serie 6 estaba t\u00e9cnicamente relacionado con el buque insignia Serie 7 y era m\u00e1s o menos la versi\u00f3n coup\u00e9 de ese autom\u00f3vil. Adem\u00e1s del rendimiento deportivo, la Serie 6 tambi\u00e9n ofrec\u00eda mucho lujo. La producci\u00f3n de la Serie 6 se detuvo en 1989, cuando el autom\u00f3vil fue reemplazado por la Serie 8, un poco m\u00e1s grande y m\u00e1s cara.<br\/><br\/><\/p>\n\n<h2 class=\"wp-block-heading\"><strong>reintroducci\u00f3n<\/strong><br\/><\/h2>\n\n<p>Despu\u00e9s de que la Serie 8 dur\u00f3 hasta 1999, BMW dej\u00f3 de ofrecer un cup\u00e9 grande por un tiempo. Hasta 2003, cuando reintrodujo una Serie 6. De hecho, el modelo continu\u00f3 donde lo dej\u00f3 la primera generaci\u00f3n: lujo deportivo. Sin embargo, el autom\u00f3vil ahora se basaba en la tecnolog\u00eda de la Serie 5. Por primera vez, la Serie 6 tambi\u00e9n estaba disponible como descapotable. En 2011, sigui\u00f3 un cambio de guardia con la tercera generaci\u00f3n de la Serie 6, que tambi\u00e9n estuvo disponible como Gran Coup\u00e9 de cuatro puertas a partir de 2012.<br\/><br\/><\/p>\n\n<h2 class=\"wp-block-heading\"><strong>movido<\/strong><br\/><\/h2>\n\n<p>En 2018, la historia se repiti\u00f3. La Serie 6 fue seguida por la Serie 8 un poco m\u00e1s grande y lujosa, aunque esta vez la Serie 8 es una evoluci\u00f3n m\u00e1s directa de la Serie 6. En otras palabras: el Serie 6 pasa a llamarse Serie 8, ahora que el modelo se posiciona con m\u00e1s \u00e9nfasis como una alternativa coup\u00e9 al Serie 7. Sin embargo, todav\u00eda hay una Serie 6 en las salas de exhibici\u00f3n, porque el sucesor de la Serie 5 Gran Turismo pas\u00f3 a la vida a partir de 2017 como la Serie 6 Gran Turismo. Ese modelo tambi\u00e9n subi\u00f3 un escal\u00f3n en la gama de modelos.<\/p>\n\n<h2 class=\"wp-block-heading\">T\u00e9cnico<\/h2>\n\n<figure class=\"wp-block-table is-style-stripes\"><table class=\"has-fixed-layout\"><tbody><tr><td>Tipo de motor<\/td><td>di\u00e9sel, 6 cilindros en l\u00ednea<\/td><\/tr><tr><td>Desplazamiento<\/td><td>2.993 cm\u00b3<\/td><\/tr><tr><td>m\u00e1x. activos<\/td><td>230 kW (313 caballos de fuerza)<\/td><\/tr><tr><td>abeja<\/td><td>4.400 rpm<\/td><\/tr><tr><td>m\u00e1x. Pareja<\/td><td>630 nm<\/td><\/tr><tr><td>abeja<\/td><td>1.500 rpm<\/td><\/tr><tr><td>Conducir<\/td><td>ruedas traseras<\/td><\/tr><tr><td>Frenos de\/a<\/td><td>dado juego de damas<\/td><\/tr><tr><td>Radio de giro<\/td><td>11,7 metros<\/td><\/tr><tr><td>Rango de poder<\/td><td>230 a 412 kilovatios<\/td><\/tr><\/tbody><\/table><\/figure>\n\n<h2 class=\"wp-block-heading\">General<\/h2>\n\n<figure class=\"wp-block-table is-style-stripes\"><table class=\"has-fixed-layout\"><tbody><tr><td>Transmisi\u00f3n<\/td><td>8AT<\/td><\/tr><tr><td>Tipo de cuerpo<\/td><td>2 hab. convertible<\/td><\/tr><tr><td>EuroNCAP<\/td><td>no probado<\/td><\/tr><tr><td>Lanzamiento al mercado<\/td><td>mayo de 2011<\/td><\/tr><tr><td>\u00daltimo lavado de cara<\/td><td>marzo 2015<\/td><\/tr><tr><td>Garant\u00eda<\/td><td>2 a\u00f1os<\/td><\/tr><tr><td>Desde precio<\/td><td>118.600\u20ac<\/td><\/tr><tr><td>Particularidades<\/td><td>El 640d es el \u00fanico diesel para el Serie 6 Convertible, con 4WD o tracci\u00f3n trasera.<\/td><\/tr><\/tbody><\/table><\/figure>\n\n<h2 class=\"wp-block-heading\">Dimensiones\/pesos<\/h2>\n\n<figure class=\"wp-block-table is-style-stripes\"><table class=\"has-fixed-layout\"><tbody><tr><td>Tama\u00f1o de llanta<\/td><td>225\/55 R17<\/td><\/tr><tr><td>L x An x Al<\/td><td>4.894 x 1.898 x 1.365 mm<\/td><\/tr><tr><td>distancia entre ejes<\/td><td>2851 mm<\/td><\/tr><tr><td>Masa vac\u00eda<\/td><td>2.005 kg<\/td><\/tr><tr><td>m\u00e1x. seg\u00fan peso<\/td><td>n\/d kg<\/td><\/tr><tr><td>continuaci\u00f3n bolsa. habitaci\u00f3n.<\/td><td>300l<\/td><\/tr><tr><td>Capacidad del tanque<\/td><td>70l<\/td><\/tr><\/tbody><\/table><figcaption>Pero <\/figcaption><\/figure>\n\n<h2 class=\"wp-block-heading\">Consumo<\/h2>\n\n<figure class=\"wp-block-table is-style-stripes\"><table><tbody><tr><td>con. conjunto<\/td><td>5,6 l\/100 km<\/td><\/tr><tr><td>emisiones de CO\u2082<\/td><td>194g\/km<\/td><\/tr><tr><td>Etiqueta energ\u00e9tica<\/td><td>mi<\/td><\/tr><\/tbody><\/table><\/figure>\n\n<h2 class=\"wp-block-heading\">Rendimiento<\/h2>\n\n<figure class=\"wp-block-table is-style-stripes\"><table class=\"has-fixed-layout\"><tbody><tr><td>Cuenta 0-100 km\/h<\/td><td>5.3 seg<\/td><\/tr><tr><td>velocidad m\u00e1xima<\/td><td>250 km\/h<\/td><\/tr><\/tbody><\/table><\/figure>\n","protected":false},"excerpt":{"rendered":"<p>La primera generaci\u00f3n de la Serie 6 de BMW vio la luz en 1976. El autom\u00f3vil fue el sucesor del [&hellip;]<\/p>\n","protected":false},"author":4,"featured_media":116982,"parent":116516,"menu_order":0,"comment_status":"closed","ping_status":"closed","template":"","meta":{"footnotes":""},"class_list":["post-116987","page","type-page","status-publish","has-post-thumbnail","hentry"],"acf":[],"yoast_head":"<!-- This site is optimized with the Yoast SEO plugin v21.2 - https:\/\/yoast.com\/wordpress\/plugins\/seo\/ -->\n<title>BMW serie 6 descapotable - All cars news<\/title>\n<meta name=\"robots\" content=\"index, follow, max-snippet:-1, max-image-preview:large, max-video-preview:-1\" \/>\n<link rel=\"canonical\" href=\"https:\/\/all-car-news.com\/es\/buscador-de-coches\/bmw\/bmw-serie-6-descapotable\/\" \/>\n<meta property=\"og:locale\" content=\"es_ES\" \/>\n<meta property=\"og:type\" content=\"article\" \/>\n<meta property=\"og:title\" content=\"BMW serie 6 descapotable - All cars news\" \/>\n<meta property=\"og:description\" content=\"La primera generaci\u00f3n de la Serie 6 de BMW vio la luz en 1976. El autom\u00f3vil fue el sucesor del [&hellip;]\" \/>\n<meta property=\"og:url\" content=\"https:\/\/all-car-news.com\/es\/buscador-de-coches\/bmw\/bmw-serie-6-descapotable\/\" \/>\n<meta property=\"og:site_name\" content=\"All cars news\" \/>\n<meta property=\"article:modified_time\" content=\"2022-03-08T08:56:05+00:00\" \/>\n<meta property=\"og:image\" content=\"https:\/\/all-car-news.com\/wp-content\/uploads\/2022\/03\/E8CCC95E-F338-453D-AA67-351F382A215C.jpeg\" \/>\n\t<meta property=\"og:image:width\" content=\"480\" \/>\n\t<meta property=\"og:image:height\" content=\"360\" \/>\n\t<meta property=\"og:image:type\" content=\"image\/jpeg\" \/>\n<meta name=\"twitter:card\" content=\"summary_large_image\" \/>\n<meta name=\"twitter:label1\" content=\"Tiempo de lectura\" \/>\n\t<meta name=\"twitter:data1\" content=\"3 minutos\" \/>\n<script type=\"application\/ld+json\" class=\"yoast-schema-graph\">{\"@context\":\"https:\/\/schema.org\",\"@graph\":[{\"@type\":\"WebPage\",\"@id\":\"https:\/\/all-car-news.com\/es\/buscador-de-coches\/bmw\/bmw-serie-6-descapotable\/\",\"url\":\"https:\/\/all-car-news.com\/es\/buscador-de-coches\/bmw\/bmw-serie-6-descapotable\/\",\"name\":\"BMW serie 6 descapotable - All cars news\",\"isPartOf\":{\"@id\":\"https:\/\/all-car-news.com\/es\/#website\"},\"datePublished\":\"2022-03-02T11:27:06+00:00\",\"dateModified\":\"2022-03-08T08:56:05+00:00\",\"breadcrumb\":{\"@id\":\"https:\/\/all-car-news.com\/es\/buscador-de-coches\/bmw\/bmw-serie-6-descapotable\/#breadcrumb\"},\"inLanguage\":\"es\",\"potentialAction\":[{\"@type\":\"ReadAction\",\"target\":[\"https:\/\/all-car-news.com\/es\/buscador-de-coches\/bmw\/bmw-serie-6-descapotable\/\"]}]},{\"@type\":\"BreadcrumbList\",\"@id\":\"https:\/\/all-car-news.com\/es\/buscador-de-coches\/bmw\/bmw-serie-6-descapotable\/#breadcrumb\",\"itemListElement\":[{\"@type\":\"ListItem\",\"position\":1,\"name\":\"Home\",\"item\":\"https:\/\/all-car-news.com\/es\/\"},{\"@type\":\"ListItem\",\"position\":2,\"name\":\"buscador de coches\",\"item\":\"https:\/\/all-car-news.com\/es\/buscador-de-coches\/\"},{\"@type\":\"ListItem\",\"position\":3,\"name\":\"BMW\",\"item\":\"https:\/\/all-car-news.com\/es\/buscador-de-coches\/bmw\/\"},{\"@type\":\"ListItem\",\"position\":4,\"name\":\"BMW serie 6 descapotable\"}]},{\"@type\":\"WebSite\",\"@id\":\"https:\/\/all-car-news.com\/es\/#website\",\"url\":\"https:\/\/all-car-news.com\/es\/\",\"name\":\"All cars news\",\"description\":\"\",\"publisher\":{\"@id\":\"https:\/\/all-car-news.com\/es\/#organization\"},\"potentialAction\":[{\"@type\":\"SearchAction\",\"target\":{\"@type\":\"EntryPoint\",\"urlTemplate\":\"https:\/\/all-car-news.com\/es\/?s={search_term_string}\"},\"query-input\":\"required name=search_term_string\"}],\"inLanguage\":\"es\"},{\"@type\":\"Organization\",\"@id\":\"https:\/\/all-car-news.com\/es\/#organization\",\"name\":\"All cars news\",\"url\":\"https:\/\/all-car-news.com\/es\/\",\"logo\":{\"@type\":\"ImageObject\",\"inLanguage\":\"es\",\"@id\":\"https:\/\/all-car-news.com\/es\/#\/schema\/logo\/image\/\",\"url\":\"https:\/\/all-car-news.com\/wp-content\/uploads\/2022\/02\/CMYK-AllCarNews_LANDSCAPE_300px-1.png\",\"contentUrl\":\"https:\/\/all-car-news.com\/wp-content\/uploads\/2022\/02\/CMYK-AllCarNews_LANDSCAPE_300px-1.png\",\"width\":300,\"height\":100,\"caption\":\"All cars news\"},\"image\":{\"@id\":\"https:\/\/all-car-news.com\/es\/#\/schema\/logo\/image\/\"}}]}<\/script>\n<!-- \/ Yoast SEO plugin. -->","yoast_head_json":{"title":"BMW serie 6 descapotable - All cars news","robots":{"index":"index","follow":"follow","max-snippet":"max-snippet:-1","max-image-preview":"max-image-preview:large","max-video-preview":"max-video-preview:-1"},"canonical":"https:\/\/all-car-news.com\/es\/buscador-de-coches\/bmw\/bmw-serie-6-descapotable\/","og_locale":"es_ES","og_type":"article","og_title":"BMW serie 6 descapotable - All cars news","og_description":"La primera generaci\u00f3n de la Serie 6 de BMW vio la luz en 1976. El autom\u00f3vil fue el sucesor del [&hellip;]","og_url":"https:\/\/all-car-news.com\/es\/buscador-de-coches\/bmw\/bmw-serie-6-descapotable\/","og_site_name":"All cars news","article_modified_time":"2022-03-08T08:56:05+00:00","og_image":[{"width":480,"height":360,"url":"https:\/\/all-car-news.com\/wp-content\/uploads\/2022\/03\/E8CCC95E-F338-453D-AA67-351F382A215C.jpeg","type":"image\/jpeg"}],"twitter_card":"summary_large_image","twitter_misc":{"Tiempo de lectura":"3 minutos"},"schema":{"@context":"https:\/\/schema.org","@graph":[{"@type":"WebPage","@id":"https:\/\/all-car-news.com\/es\/buscador-de-coches\/bmw\/bmw-serie-6-descapotable\/","url":"https:\/\/all-car-news.com\/es\/buscador-de-coches\/bmw\/bmw-serie-6-descapotable\/","name":"BMW serie 6 descapotable - All cars news","isPartOf":{"@id":"https:\/\/all-car-news.com\/es\/#website"},"datePublished":"2022-03-02T11:27:06+00:00","dateModified":"2022-03-08T08:56:05+00:00","breadcrumb":{"@id":"https:\/\/all-car-news.com\/es\/buscador-de-coches\/bmw\/bmw-serie-6-descapotable\/#breadcrumb"},"inLanguage":"es","potentialAction":[{"@type":"ReadAction","target":["https:\/\/all-car-news.com\/es\/buscador-de-coches\/bmw\/bmw-serie-6-descapotable\/"]}]},{"@type":"BreadcrumbList","@id":"https:\/\/all-car-news.com\/es\/buscador-de-coches\/bmw\/bmw-serie-6-descapotable\/#breadcrumb","itemListElement":[{"@type":"ListItem","position":1,"name":"Home","item":"https:\/\/all-car-news.com\/es\/"},{"@type":"ListItem","position":2,"name":"buscador de coches","item":"https:\/\/all-car-news.com\/es\/buscador-de-coches\/"},{"@type":"ListItem","position":3,"name":"BMW","item":"https:\/\/all-car-news.com\/es\/buscador-de-coches\/bmw\/"},{"@type":"ListItem","position":4,"name":"BMW serie 6 descapotable"}]},{"@type":"WebSite","@id":"https:\/\/all-car-news.com\/es\/#website","url":"https:\/\/all-car-news.com\/es\/","name":"All cars news","description":"","publisher":{"@id":"https:\/\/all-car-news.com\/es\/#organization"},"potentialAction":[{"@type":"SearchAction","target":{"@type":"EntryPoint","urlTemplate":"https:\/\/all-car-news.com\/es\/?s={search_term_string}"},"query-input":"required name=search_term_string"}],"inLanguage":"es"},{"@type":"Organization","@id":"https:\/\/all-car-news.com\/es\/#organization","name":"All cars news","url":"https:\/\/all-car-news.com\/es\/","logo":{"@type":"ImageObject","inLanguage":"es","@id":"https:\/\/all-car-news.com\/es\/#\/schema\/logo\/image\/","url":"https:\/\/all-car-news.com\/wp-content\/uploads\/2022\/02\/CMYK-AllCarNews_LANDSCAPE_300px-1.png","contentUrl":"https:\/\/all-car-news.com\/wp-content\/uploads\/2022\/02\/CMYK-AllCarNews_LANDSCAPE_300px-1.png","width":300,"height":100,"caption":"All cars news"},"image":{"@id":"https:\/\/all-car-news.com\/es\/#\/schema\/logo\/image\/"}}]}},"_links":{"self":[{"href":"https:\/\/all-car-news.com\/es\/wp-json\/wp\/v2\/pages\/116987","targetHints":{"allow":["GET"]}}],"collection":[{"href":"https:\/\/all-car-news.com\/es\/wp-json\/wp\/v2\/pages"}],"about":[{"href":"https:\/\/all-car-news.com\/es\/wp-json\/wp\/v2\/types\/page"}],"author":[{"embeddable":true,"href":"https:\/\/all-car-news.com\/es\/wp-json\/wp\/v2\/users\/4"}],"replies":[{"embeddable":true,"href":"https:\/\/all-car-news.com\/es\/wp-json\/wp\/v2\/comments?post=116987"}],"version-history":[{"count":0,"href":"https:\/\/all-car-news.com\/es\/wp-json\/wp\/v2\/pages\/116987\/revisions"}],"up":[{"embeddable":true,"href":"https:\/\/all-car-news.com\/es\/wp-json\/wp\/v2\/pages\/116516"}],"wp:featuredmedia":[{"embeddable":true,"href":"https:\/\/all-car-news.com\/es\/wp-json\/wp\/v2\/media\/116982"}],"wp:attachment":[{"href":"https:\/\/all-car-news.com\/es\/wp-json\/wp\/v2\/media?parent=116987"}],"curies":[{"name":"wp","href":"https:\/\/api.w.org\/{rel}","templated":true}]}}