{"id":116954,"date":"2022-03-02T10:42:42","date_gmt":"2022-03-02T10:42:42","guid":{"rendered":"https:\/\/all-car-news.com\/bmw-serie-5-gt\/"},"modified":"2022-03-08T08:58:21","modified_gmt":"2022-03-08T08:58:21","slug":"bmw-serie-5-gt","status":"publish","type":"page","link":"https:\/\/all-car-news.com\/es\/buscador-de-coches\/bmw\/bmw-serie-5-gt\/","title":{"rendered":"BMW serie 5 GT"},"content":{"rendered":"\n<p>La Serie 5 es el modelo de m\u00e1s larga duraci\u00f3n en la l\u00ednea de BMW. La l\u00ednea de modelos data de 1972, cuando la primera generaci\u00f3n (E12) sucedi\u00f3 a los modelos Neue Klasse. La Serie 5 tambi\u00e9n fue el primer modelo en recibir una designaci\u00f3n de Serie, y la versi\u00f3n adicional (motor) se indica con tres n\u00fameros. A partir de la segunda generaci\u00f3n, el autom\u00f3vil tambi\u00e9n est\u00e1 disponible como M5 deportivo y, a partir de la tercera generaci\u00f3n, el autom\u00f3vil tambi\u00e9n se puede pedir como camioneta (Touring). Despu\u00e9s de la Serie 3, la Serie 5 es el modelo m\u00e1s exitoso de BMW.<\/p>\n\n<p>La Serie 5 es el modelo de m\u00e1s larga duraci\u00f3n en la l\u00ednea de BMW. La l\u00ednea de modelos data de 1972, cuando la primera generaci\u00f3n (E12) sucedi\u00f3 a los modelos Neue Klasse. La Serie 5 tambi\u00e9n fue el primer modelo en recibir una designaci\u00f3n de Serie, y la versi\u00f3n adicional (motor) se indica con tres n\u00fameros. A partir de la segunda generaci\u00f3n, el autom\u00f3vil tambi\u00e9n est\u00e1 disponible como M5 deportivo y, a partir de la tercera generaci\u00f3n, el autom\u00f3vil tambi\u00e9n se puede pedir como camioneta (Touring). Despu\u00e9s de la Serie 3, la Serie 5 es el modelo m\u00e1s exitoso de BMW.<\/p>\n\n<p><\/p>\n\n<h2 class=\"wp-block-heading\"><strong>turnos<\/strong><br\/><\/h2>\n\n<p>En 2009, la gama Serie 5 se ampli\u00f3 con otro estilo de carrocer\u00eda: el 5 GT, en pleno Gran Turismo. Sin embargo, para el actual modelo presentado en 2017, la versi\u00f3n GT se ha trasladado al Serie 6. Los modelos que anteriormente ca\u00edan bajo la Serie 6, a su vez se trasladan a la nueva Serie 8.<\/p>\n\n<p><\/p>\n\n<h2 class=\"wp-block-heading\"><strong>Gesto \u00fatil<\/strong><br\/><\/h2>\n\n<p>Ahora hemos llegado a la generaci\u00f3n actual presentada en 2017, que por lo tanto solo est\u00e1 disponible como sed\u00e1n y Touring, como en el pasado. Tambi\u00e9n est\u00e1 presente un M5, esta vez produciendo nada menos que 600 hp. La nueva Serie 5 tambi\u00e9n est\u00e1 llena de todo tipo de nuevas tecnolog\u00edas. Quiz\u00e1s el m\u00e1s notable de ellos es que una serie de funciones multimedia se pueden operar por medio de gestos. No hay que tocar ning\u00fan bot\u00f3n.<\/p>\n\n<h2 class=\"wp-block-heading\">T\u00e9cnico<\/h2>\n\n<figure class=\"wp-block-table is-style-stripes\"><table class=\"has-fixed-layout\"><tbody><tr><td>Tipo de motor<\/td><td>gasolina, V8<\/td><\/tr><tr><td>Desplazamiento<\/td><td>4.395 cm\u00b3<\/td><\/tr><tr><td>m\u00e1x. activos<\/td><td>330 kW (450 CV)<\/td><\/tr><tr><td>abeja<\/td><td>5.500 rpm<\/td><\/tr><tr><td>m\u00e1x. Pareja<\/td><td>650 nm<\/td><\/tr><tr><td>abeja<\/td><td>2000 rpm<\/td><\/tr><tr><td>Conducir<\/td><td>ruedas traseras<\/td><\/tr><tr><td>Frenos de\/a<\/td><td>dado juego de damas<\/td><\/tr><tr><td>Radio de giro<\/td><td>12,8 metros<\/td><\/tr><tr><td>Rango de poder<\/td><td>190 a 330 kilovatios<\/td><\/tr><\/tbody><\/table><\/figure>\n\n<h2 class=\"wp-block-heading\">General<\/h2>\n\n<figure class=\"wp-block-table is-style-stripes\"><table class=\"has-fixed-layout\"><tbody><tr><td>Transmisi\u00f3n<\/td><td>8AT<\/td><\/tr><tr><td>Tipo de cuerpo<\/td><td>5 hab. Volver a levantar<\/td><\/tr><tr><td>EuroNCAP<\/td><td>5 estrellas<\/td><\/tr><tr><td>Lanzamiento al mercado<\/td><td>julio de 2009<\/td><\/tr><tr><td>\u00daltimo lavado de cara<\/td><td>julio 2013<\/td><\/tr><tr><td>Garant\u00eda<\/td><td>2 a\u00f1os<\/td><\/tr><tr><td>Particularidades<\/td><td>La base es la misma, pero en comparaci\u00f3n con el sed\u00e1n de la serie 5, el GT tiene una posici\u00f3n de asiento significativamente m\u00e1s alta.<\/td><\/tr><\/tbody><\/table><\/figure>\n\n<h2 class=\"wp-block-heading\">Dimensiones\/pesos<\/h2>\n\n<figure class=\"wp-block-table is-style-stripes\"><table class=\"has-fixed-layout\"><tbody><tr><td>Tama\u00f1o de llanta<\/td><td>245\/50 R18<\/td><\/tr><tr><td>L x An x Al<\/td><td>4998 x 1901 x 1559 mm<\/td><\/tr><tr><td>distancia entre ejes<\/td><td>3.070 mm<\/td><\/tr><tr><td>Masa vac\u00eda<\/td><td>2.045 kg<\/td><\/tr><tr><td>m\u00e1x. seg\u00fan peso<\/td><td>2.100 kg<\/td><\/tr><tr><td>continuaci\u00f3n bolsa. habitaci\u00f3n.<\/td><td>590 litros<\/td><\/tr><tr><td>Capacidad del tanque<\/td><td>70l<\/td><\/tr><\/tbody><\/table><\/figure>\n\n<h2 class=\"wp-block-heading\">Consumo<\/h2>\n\n<figure class=\"wp-block-table is-style-stripes\"><table class=\"has-fixed-layout\"><tbody><tr><td>con. conjunto<\/td><td>9,2 l\/100 km<\/td><\/tr><tr><td>emisiones de CO\u2082<\/td><td>214g\/km<\/td><\/tr><tr><td>Etiqueta energ\u00e9tica<\/td><td>F<\/td><\/tr><\/tbody><\/table><\/figure>\n\n<h2 class=\"wp-block-heading\">Rendimiento<\/h2>\n\n<figure class=\"wp-block-table is-style-stripes\"><table class=\"has-fixed-layout\"><tbody><tr><td>Cuenta 0-100 km\/h<\/td><td>5.0 seg<\/td><\/tr><tr><td>velocidad m\u00e1xima<\/td><td>250 km\/h<\/td><\/tr><\/tbody><\/table><\/figure>\n","protected":false},"excerpt":{"rendered":"<p>La Serie 5 es el modelo de m\u00e1s larga duraci\u00f3n en la l\u00ednea de BMW. La l\u00ednea de modelos data [&hellip;]<\/p>\n","protected":false},"author":4,"featured_media":116961,"parent":116516,"menu_order":0,"comment_status":"closed","ping_status":"closed","template":"","meta":{"footnotes":""},"class_list":["post-116954","page","type-page","status-publish","has-post-thumbnail","hentry"],"acf":[],"yoast_head":"<!-- This site is optimized with the Yoast SEO plugin v21.2 - https:\/\/yoast.com\/wordpress\/plugins\/seo\/ -->\n<title>BMW serie 5 GT - All cars news<\/title>\n<meta name=\"robots\" content=\"index, follow, max-snippet:-1, max-image-preview:large, max-video-preview:-1\" \/>\n<link rel=\"canonical\" href=\"https:\/\/all-car-news.com\/es\/buscador-de-coches\/bmw\/bmw-serie-5-gt\/\" \/>\n<meta property=\"og:locale\" content=\"es_ES\" \/>\n<meta property=\"og:type\" content=\"article\" \/>\n<meta property=\"og:title\" content=\"BMW serie 5 GT - All cars news\" \/>\n<meta property=\"og:description\" content=\"La Serie 5 es el modelo de m\u00e1s larga duraci\u00f3n en la l\u00ednea de BMW. La l\u00ednea de modelos data [&hellip;]\" \/>\n<meta property=\"og:url\" content=\"https:\/\/all-car-news.com\/es\/buscador-de-coches\/bmw\/bmw-serie-5-gt\/\" \/>\n<meta property=\"og:site_name\" content=\"All cars news\" \/>\n<meta property=\"article:modified_time\" content=\"2022-03-08T08:58:21+00:00\" \/>\n<meta property=\"og:image\" content=\"https:\/\/all-car-news.com\/wp-content\/uploads\/2022\/03\/FB434DC5-E80E-4D6F-AA40-A660860F16AF.jpeg\" \/>\n\t<meta property=\"og:image:width\" content=\"480\" \/>\n\t<meta property=\"og:image:height\" content=\"360\" \/>\n\t<meta property=\"og:image:type\" content=\"image\/jpeg\" \/>\n<meta name=\"twitter:card\" content=\"summary_large_image\" \/>\n<meta name=\"twitter:label1\" content=\"Tiempo de lectura\" \/>\n\t<meta name=\"twitter:data1\" content=\"3 minutos\" \/>\n<script type=\"application\/ld+json\" class=\"yoast-schema-graph\">{\"@context\":\"https:\/\/schema.org\",\"@graph\":[{\"@type\":\"WebPage\",\"@id\":\"https:\/\/all-car-news.com\/es\/buscador-de-coches\/bmw\/bmw-serie-5-gt\/\",\"url\":\"https:\/\/all-car-news.com\/es\/buscador-de-coches\/bmw\/bmw-serie-5-gt\/\",\"name\":\"BMW serie 5 GT - All cars news\",\"isPartOf\":{\"@id\":\"https:\/\/all-car-news.com\/es\/#website\"},\"datePublished\":\"2022-03-02T10:42:42+00:00\",\"dateModified\":\"2022-03-08T08:58:21+00:00\",\"breadcrumb\":{\"@id\":\"https:\/\/all-car-news.com\/es\/buscador-de-coches\/bmw\/bmw-serie-5-gt\/#breadcrumb\"},\"inLanguage\":\"es\",\"potentialAction\":[{\"@type\":\"ReadAction\",\"target\":[\"https:\/\/all-car-news.com\/es\/buscador-de-coches\/bmw\/bmw-serie-5-gt\/\"]}]},{\"@type\":\"BreadcrumbList\",\"@id\":\"https:\/\/all-car-news.com\/es\/buscador-de-coches\/bmw\/bmw-serie-5-gt\/#breadcrumb\",\"itemListElement\":[{\"@type\":\"ListItem\",\"position\":1,\"name\":\"Home\",\"item\":\"https:\/\/all-car-news.com\/es\/\"},{\"@type\":\"ListItem\",\"position\":2,\"name\":\"buscador de coches\",\"item\":\"https:\/\/all-car-news.com\/es\/buscador-de-coches\/\"},{\"@type\":\"ListItem\",\"position\":3,\"name\":\"BMW\",\"item\":\"https:\/\/all-car-news.com\/es\/buscador-de-coches\/bmw\/\"},{\"@type\":\"ListItem\",\"position\":4,\"name\":\"BMW serie 5 GT\"}]},{\"@type\":\"WebSite\",\"@id\":\"https:\/\/all-car-news.com\/es\/#website\",\"url\":\"https:\/\/all-car-news.com\/es\/\",\"name\":\"All cars news\",\"description\":\"\",\"publisher\":{\"@id\":\"https:\/\/all-car-news.com\/es\/#organization\"},\"potentialAction\":[{\"@type\":\"SearchAction\",\"target\":{\"@type\":\"EntryPoint\",\"urlTemplate\":\"https:\/\/all-car-news.com\/es\/?s={search_term_string}\"},\"query-input\":\"required name=search_term_string\"}],\"inLanguage\":\"es\"},{\"@type\":\"Organization\",\"@id\":\"https:\/\/all-car-news.com\/es\/#organization\",\"name\":\"All cars news\",\"url\":\"https:\/\/all-car-news.com\/es\/\",\"logo\":{\"@type\":\"ImageObject\",\"inLanguage\":\"es\",\"@id\":\"https:\/\/all-car-news.com\/es\/#\/schema\/logo\/image\/\",\"url\":\"https:\/\/all-car-news.com\/wp-content\/uploads\/2022\/02\/CMYK-AllCarNews_LANDSCAPE_300px-1.png\",\"contentUrl\":\"https:\/\/all-car-news.com\/wp-content\/uploads\/2022\/02\/CMYK-AllCarNews_LANDSCAPE_300px-1.png\",\"width\":300,\"height\":100,\"caption\":\"All cars news\"},\"image\":{\"@id\":\"https:\/\/all-car-news.com\/es\/#\/schema\/logo\/image\/\"}}]}<\/script>\n<!-- \/ Yoast SEO plugin. -->","yoast_head_json":{"title":"BMW serie 5 GT - All cars news","robots":{"index":"index","follow":"follow","max-snippet":"max-snippet:-1","max-image-preview":"max-image-preview:large","max-video-preview":"max-video-preview:-1"},"canonical":"https:\/\/all-car-news.com\/es\/buscador-de-coches\/bmw\/bmw-serie-5-gt\/","og_locale":"es_ES","og_type":"article","og_title":"BMW serie 5 GT - All cars news","og_description":"La Serie 5 es el modelo de m\u00e1s larga duraci\u00f3n en la l\u00ednea de BMW. La l\u00ednea de modelos data [&hellip;]","og_url":"https:\/\/all-car-news.com\/es\/buscador-de-coches\/bmw\/bmw-serie-5-gt\/","og_site_name":"All cars news","article_modified_time":"2022-03-08T08:58:21+00:00","og_image":[{"width":480,"height":360,"url":"https:\/\/all-car-news.com\/wp-content\/uploads\/2022\/03\/FB434DC5-E80E-4D6F-AA40-A660860F16AF.jpeg","type":"image\/jpeg"}],"twitter_card":"summary_large_image","twitter_misc":{"Tiempo de lectura":"3 minutos"},"schema":{"@context":"https:\/\/schema.org","@graph":[{"@type":"WebPage","@id":"https:\/\/all-car-news.com\/es\/buscador-de-coches\/bmw\/bmw-serie-5-gt\/","url":"https:\/\/all-car-news.com\/es\/buscador-de-coches\/bmw\/bmw-serie-5-gt\/","name":"BMW serie 5 GT - All cars news","isPartOf":{"@id":"https:\/\/all-car-news.com\/es\/#website"},"datePublished":"2022-03-02T10:42:42+00:00","dateModified":"2022-03-08T08:58:21+00:00","breadcrumb":{"@id":"https:\/\/all-car-news.com\/es\/buscador-de-coches\/bmw\/bmw-serie-5-gt\/#breadcrumb"},"inLanguage":"es","potentialAction":[{"@type":"ReadAction","target":["https:\/\/all-car-news.com\/es\/buscador-de-coches\/bmw\/bmw-serie-5-gt\/"]}]},{"@type":"BreadcrumbList","@id":"https:\/\/all-car-news.com\/es\/buscador-de-coches\/bmw\/bmw-serie-5-gt\/#breadcrumb","itemListElement":[{"@type":"ListItem","position":1,"name":"Home","item":"https:\/\/all-car-news.com\/es\/"},{"@type":"ListItem","position":2,"name":"buscador de coches","item":"https:\/\/all-car-news.com\/es\/buscador-de-coches\/"},{"@type":"ListItem","position":3,"name":"BMW","item":"https:\/\/all-car-news.com\/es\/buscador-de-coches\/bmw\/"},{"@type":"ListItem","position":4,"name":"BMW serie 5 GT"}]},{"@type":"WebSite","@id":"https:\/\/all-car-news.com\/es\/#website","url":"https:\/\/all-car-news.com\/es\/","name":"All cars news","description":"","publisher":{"@id":"https:\/\/all-car-news.com\/es\/#organization"},"potentialAction":[{"@type":"SearchAction","target":{"@type":"EntryPoint","urlTemplate":"https:\/\/all-car-news.com\/es\/?s={search_term_string}"},"query-input":"required name=search_term_string"}],"inLanguage":"es"},{"@type":"Organization","@id":"https:\/\/all-car-news.com\/es\/#organization","name":"All cars news","url":"https:\/\/all-car-news.com\/es\/","logo":{"@type":"ImageObject","inLanguage":"es","@id":"https:\/\/all-car-news.com\/es\/#\/schema\/logo\/image\/","url":"https:\/\/all-car-news.com\/wp-content\/uploads\/2022\/02\/CMYK-AllCarNews_LANDSCAPE_300px-1.png","contentUrl":"https:\/\/all-car-news.com\/wp-content\/uploads\/2022\/02\/CMYK-AllCarNews_LANDSCAPE_300px-1.png","width":300,"height":100,"caption":"All cars news"},"image":{"@id":"https:\/\/all-car-news.com\/es\/#\/schema\/logo\/image\/"}}]}},"_links":{"self":[{"href":"https:\/\/all-car-news.com\/es\/wp-json\/wp\/v2\/pages\/116954","targetHints":{"allow":["GET"]}}],"collection":[{"href":"https:\/\/all-car-news.com\/es\/wp-json\/wp\/v2\/pages"}],"about":[{"href":"https:\/\/all-car-news.com\/es\/wp-json\/wp\/v2\/types\/page"}],"author":[{"embeddable":true,"href":"https:\/\/all-car-news.com\/es\/wp-json\/wp\/v2\/users\/4"}],"replies":[{"embeddable":true,"href":"https:\/\/all-car-news.com\/es\/wp-json\/wp\/v2\/comments?post=116954"}],"version-history":[{"count":0,"href":"https:\/\/all-car-news.com\/es\/wp-json\/wp\/v2\/pages\/116954\/revisions"}],"up":[{"embeddable":true,"href":"https:\/\/all-car-news.com\/es\/wp-json\/wp\/v2\/pages\/116516"}],"wp:featuredmedia":[{"embeddable":true,"href":"https:\/\/all-car-news.com\/es\/wp-json\/wp\/v2\/media\/116961"}],"wp:attachment":[{"href":"https:\/\/all-car-news.com\/es\/wp-json\/wp\/v2\/media?parent=116954"}],"curies":[{"name":"wp","href":"https:\/\/api.w.org\/{rel}","templated":true}]}}