{"id":116893,"date":"2022-03-01T11:39:12","date_gmt":"2022-03-01T11:39:12","guid":{"rendered":"https:\/\/all-car-news.com\/bmw-serie-3-gt\/"},"modified":"2022-03-08T09:06:47","modified_gmt":"2022-03-08T09:06:47","slug":"bmw-serie-3-gt-2","status":"publish","type":"page","link":"https:\/\/all-car-news.com\/es\/buscador-de-coches\/bmw\/bmw-serie-3-gt-2\/","title":{"rendered":"BMW Serie 3 GT"},"content":{"rendered":"\n<p>El BMW Serie 3 es una f\u00f3rmula exitosa que se origin\u00f3 en 1975, o incluso en 1966 si se incluye la serie 02. El autom\u00f3vil ha pasado r\u00e1pidamente de ser un coup\u00e9 de dos puertas a un sed\u00e1n (o GT o familiar, el Touring) en el que pueden encontrarse tanto un hombre de negocios como un conductor deportivo. Las versiones Coup\u00e9 y Cabrio se han separado en la Serie 4 de BMW desde la sexta generaci\u00f3n.<\/p>\n\n<p>El BMW Serie 3 es una f\u00f3rmula exitosa que se origin\u00f3 en 1975, o incluso en 1966 si se incluye la serie 02. El autom\u00f3vil ha pasado r\u00e1pidamente de ser un coup\u00e9 de dos puertas a un sed\u00e1n (o GT o familiar, el Touring) en el que pueden encontrarse tanto un hombre de negocios como un conductor deportivo. Las versiones Coup\u00e9 y Cabrio se han separado en la Serie 4 de BMW desde la sexta generaci\u00f3n.<br\/><br\/><br\/><br\/><\/p>\n\n<h2 class=\"wp-block-heading\"><strong>Muchas variantes<\/strong><\/h2>\n\n<p><\/p>\n\n<p><br\/>El Serie 3 actual se present\u00f3 a finales de 2018 y, al igual que su antecesor, volver\u00e1 a estar a la venta en muchas versiones. Desde versiones espec\u00edficamente dirigidas al conductor de negocios hasta el deportivo M3.<br\/><br\/><\/p>\n\n<h2 class=\"wp-block-heading\"><strong>Competencia<\/strong><br\/><\/h2>\n\n<p>El BMW Serie 3 se encuentra en el re\u00f1ido segmento D, donde tiene que competir contra autos como el Audi A4 y el Mercedes-Benz Clase C. En n\u00fameros de ventas, la Serie 3 ha logrado quedarse atr\u00e1s y quedar\u00e1 claro si la nueva Serie 3 de s\u00e9ptima generaci\u00f3n tambi\u00e9n tendr\u00e1 \u00e9xito.<\/p>\n\n<h2 class=\"wp-block-heading\">T\u00e9cnico<\/h2>\n\n<figure class=\"wp-block-table\"><table><tbody><tr><td>Tipo de motor<\/td><td>gasolina, l\u00ednea de 4 cilindros<\/td><\/tr><tr><td>Desplazamiento<\/td><td>1.998 cm\u00b3<\/td><\/tr><tr><td>m\u00e1x. activos<\/td><td>135 kW (184 CV)<\/td><\/tr><tr><td>abeja<\/td><td>5.000 rpm<\/td><\/tr><tr><td>m\u00e1x. Pareja<\/td><td>270 nm<\/td><\/tr><tr><td>abeja<\/td><td>1.350 rpm<\/td><\/tr><tr><td>Conducir<\/td><td>ruedas traseras<\/td><\/tr><tr><td>Frenos de\/a<\/td><td>dado discos\/discos<\/td><\/tr><tr><td>Radio de giro<\/td><td>11,8 metros<\/td><\/tr><tr><td>Rango de poder<\/td><td>110 a 240 kilovatios<\/td><\/tr><\/tbody><\/table><\/figure>\n\n<h2 class=\"wp-block-heading\">General<\/h2>\n\n<figure class=\"wp-block-table\"><table><tbody><tr><td>Transmisi\u00f3n<\/td><td>8AT<\/td><\/tr><tr><td>Tipo de cuerpo<\/td><td>5 hab. Volver a levantar<\/td><\/tr><tr><td>EuroNCAP<\/td><td>5 estrellas<\/td><\/tr><tr><td>Lanzamiento al mercado<\/td><td>julio 2013<\/td><\/tr><tr><td>\u00daltimo lavado de cara<\/td><td>julio de 2016<\/td><\/tr><tr><td>Garant\u00eda<\/td><td>3 a\u00f1os<\/td><\/tr><tr><td>Desde precio<\/td><td>50.557\u20ac<\/td><\/tr><tr><td>Particularidades<\/td><td>El Serie 3 Gran Turismo es 19 cm m\u00e1s largo que el Serie 3 Sedan.<\/td><\/tr><\/tbody><\/table><\/figure>\n\n<h2 class=\"wp-block-heading\">Dimensiones\/pesos<\/h2>\n\n<figure class=\"wp-block-table\"><table><tbody><tr><td>Tama\u00f1o de llanta<\/td><td>225\/55 R17<\/td><\/tr><tr><td>L x An x Al<\/td><td>4.824 x 1.828 x 1.508 mm<\/td><\/tr><tr><td>distancia entre ejes<\/td><td>2920 mm<\/td><\/tr><tr><td>Masa vac\u00eda<\/td><td>1.655 kg<\/td><\/tr><tr><td>m\u00e1x. seg\u00fan peso<\/td><td>1.400 kg<\/td><\/tr><tr><td>continuaci\u00f3n bolsa. habitaci\u00f3n.<\/td><td>520 litros<\/td><\/tr><tr><td>Capacidad del tanque<\/td><td>60 litros<\/td><\/tr><\/tbody><\/table><\/figure>\n\n<h2 class=\"wp-block-heading\">Consumo<\/h2>\n\n<figure class=\"wp-block-table\"><table><tbody><tr><td>con. conjunto<\/td><td>6,1 l\/100 km<\/td><\/tr><tr><td>emisiones de CO\u2082<\/td><td>139g\/km<\/td><\/tr><tr><td>Etiqueta energ\u00e9tica<\/td><td>C<\/td><\/tr><\/tbody><\/table><\/figure>\n\n<h2 class=\"wp-block-heading\">Rendimiento<\/h2>\n\n<figure class=\"wp-block-table\"><table><tbody><tr><td>Cuenta 0-100 km\/h<\/td><td>8.0 seg<\/td><\/tr><tr><td>velocidad m\u00e1xima<\/td><td>230 km\/h<\/td><\/tr><\/tbody><\/table><\/figure>\n","protected":false},"excerpt":{"rendered":"<p>El BMW Serie 3 es una f\u00f3rmula exitosa que se origin\u00f3 en 1975, o incluso en 1966 si se incluye [&hellip;]<\/p>\n","protected":false},"author":4,"featured_media":116901,"parent":116516,"menu_order":0,"comment_status":"closed","ping_status":"closed","template":"","meta":{"footnotes":""},"class_list":["post-116893","page","type-page","status-publish","has-post-thumbnail","hentry"],"acf":[],"yoast_head":"<!-- This site is optimized with the Yoast SEO plugin v21.2 - https:\/\/yoast.com\/wordpress\/plugins\/seo\/ -->\n<title>BMW Serie 3 GT - All cars news<\/title>\n<meta name=\"robots\" content=\"index, follow, max-snippet:-1, max-image-preview:large, max-video-preview:-1\" \/>\n<link rel=\"canonical\" href=\"https:\/\/all-car-news.com\/es\/buscador-de-coches\/bmw\/bmw-serie-3-gt-2\/\" \/>\n<meta property=\"og:locale\" content=\"es_ES\" \/>\n<meta property=\"og:type\" content=\"article\" \/>\n<meta property=\"og:title\" content=\"BMW Serie 3 GT - All cars news\" \/>\n<meta property=\"og:description\" content=\"El BMW Serie 3 es una f\u00f3rmula exitosa que se origin\u00f3 en 1975, o incluso en 1966 si se incluye [&hellip;]\" \/>\n<meta property=\"og:url\" content=\"https:\/\/all-car-news.com\/es\/buscador-de-coches\/bmw\/bmw-serie-3-gt-2\/\" \/>\n<meta property=\"og:site_name\" content=\"All cars news\" \/>\n<meta property=\"article:modified_time\" content=\"2022-03-08T09:06:47+00:00\" \/>\n<meta property=\"og:image\" content=\"https:\/\/all-car-news.com\/wp-content\/uploads\/2022\/03\/26FE0838-6597-4CC5-88DC-C2477E7A79A2.jpeg\" \/>\n\t<meta property=\"og:image:width\" content=\"480\" \/>\n\t<meta property=\"og:image:height\" content=\"360\" \/>\n\t<meta property=\"og:image:type\" content=\"image\/jpeg\" \/>\n<meta name=\"twitter:card\" content=\"summary_large_image\" \/>\n<meta name=\"twitter:label1\" content=\"Tiempo de lectura\" \/>\n\t<meta name=\"twitter:data1\" content=\"2 minutos\" \/>\n<script type=\"application\/ld+json\" class=\"yoast-schema-graph\">{\"@context\":\"https:\/\/schema.org\",\"@graph\":[{\"@type\":\"WebPage\",\"@id\":\"https:\/\/all-car-news.com\/es\/buscador-de-coches\/bmw\/bmw-serie-3-gt-2\/\",\"url\":\"https:\/\/all-car-news.com\/es\/buscador-de-coches\/bmw\/bmw-serie-3-gt-2\/\",\"name\":\"BMW Serie 3 GT - All cars news\",\"isPartOf\":{\"@id\":\"https:\/\/all-car-news.com\/es\/#website\"},\"datePublished\":\"2022-03-01T11:39:12+00:00\",\"dateModified\":\"2022-03-08T09:06:47+00:00\",\"breadcrumb\":{\"@id\":\"https:\/\/all-car-news.com\/es\/buscador-de-coches\/bmw\/bmw-serie-3-gt-2\/#breadcrumb\"},\"inLanguage\":\"es\",\"potentialAction\":[{\"@type\":\"ReadAction\",\"target\":[\"https:\/\/all-car-news.com\/es\/buscador-de-coches\/bmw\/bmw-serie-3-gt-2\/\"]}]},{\"@type\":\"BreadcrumbList\",\"@id\":\"https:\/\/all-car-news.com\/es\/buscador-de-coches\/bmw\/bmw-serie-3-gt-2\/#breadcrumb\",\"itemListElement\":[{\"@type\":\"ListItem\",\"position\":1,\"name\":\"Home\",\"item\":\"https:\/\/all-car-news.com\/es\/\"},{\"@type\":\"ListItem\",\"position\":2,\"name\":\"buscador de coches\",\"item\":\"https:\/\/all-car-news.com\/es\/buscador-de-coches\/\"},{\"@type\":\"ListItem\",\"position\":3,\"name\":\"BMW\",\"item\":\"https:\/\/all-car-news.com\/es\/buscador-de-coches\/bmw\/\"},{\"@type\":\"ListItem\",\"position\":4,\"name\":\"BMW Serie 3 GT\"}]},{\"@type\":\"WebSite\",\"@id\":\"https:\/\/all-car-news.com\/es\/#website\",\"url\":\"https:\/\/all-car-news.com\/es\/\",\"name\":\"All cars news\",\"description\":\"\",\"publisher\":{\"@id\":\"https:\/\/all-car-news.com\/es\/#organization\"},\"potentialAction\":[{\"@type\":\"SearchAction\",\"target\":{\"@type\":\"EntryPoint\",\"urlTemplate\":\"https:\/\/all-car-news.com\/es\/?s={search_term_string}\"},\"query-input\":\"required name=search_term_string\"}],\"inLanguage\":\"es\"},{\"@type\":\"Organization\",\"@id\":\"https:\/\/all-car-news.com\/es\/#organization\",\"name\":\"All cars news\",\"url\":\"https:\/\/all-car-news.com\/es\/\",\"logo\":{\"@type\":\"ImageObject\",\"inLanguage\":\"es\",\"@id\":\"https:\/\/all-car-news.com\/es\/#\/schema\/logo\/image\/\",\"url\":\"https:\/\/all-car-news.com\/wp-content\/uploads\/2022\/02\/CMYK-AllCarNews_LANDSCAPE_300px-1.png\",\"contentUrl\":\"https:\/\/all-car-news.com\/wp-content\/uploads\/2022\/02\/CMYK-AllCarNews_LANDSCAPE_300px-1.png\",\"width\":300,\"height\":100,\"caption\":\"All cars news\"},\"image\":{\"@id\":\"https:\/\/all-car-news.com\/es\/#\/schema\/logo\/image\/\"}}]}<\/script>\n<!-- \/ Yoast SEO plugin. -->","yoast_head_json":{"title":"BMW Serie 3 GT - All cars news","robots":{"index":"index","follow":"follow","max-snippet":"max-snippet:-1","max-image-preview":"max-image-preview:large","max-video-preview":"max-video-preview:-1"},"canonical":"https:\/\/all-car-news.com\/es\/buscador-de-coches\/bmw\/bmw-serie-3-gt-2\/","og_locale":"es_ES","og_type":"article","og_title":"BMW Serie 3 GT - All cars news","og_description":"El BMW Serie 3 es una f\u00f3rmula exitosa que se origin\u00f3 en 1975, o incluso en 1966 si se incluye [&hellip;]","og_url":"https:\/\/all-car-news.com\/es\/buscador-de-coches\/bmw\/bmw-serie-3-gt-2\/","og_site_name":"All cars news","article_modified_time":"2022-03-08T09:06:47+00:00","og_image":[{"width":480,"height":360,"url":"https:\/\/all-car-news.com\/wp-content\/uploads\/2022\/03\/26FE0838-6597-4CC5-88DC-C2477E7A79A2.jpeg","type":"image\/jpeg"}],"twitter_card":"summary_large_image","twitter_misc":{"Tiempo de lectura":"2 minutos"},"schema":{"@context":"https:\/\/schema.org","@graph":[{"@type":"WebPage","@id":"https:\/\/all-car-news.com\/es\/buscador-de-coches\/bmw\/bmw-serie-3-gt-2\/","url":"https:\/\/all-car-news.com\/es\/buscador-de-coches\/bmw\/bmw-serie-3-gt-2\/","name":"BMW Serie 3 GT - All cars news","isPartOf":{"@id":"https:\/\/all-car-news.com\/es\/#website"},"datePublished":"2022-03-01T11:39:12+00:00","dateModified":"2022-03-08T09:06:47+00:00","breadcrumb":{"@id":"https:\/\/all-car-news.com\/es\/buscador-de-coches\/bmw\/bmw-serie-3-gt-2\/#breadcrumb"},"inLanguage":"es","potentialAction":[{"@type":"ReadAction","target":["https:\/\/all-car-news.com\/es\/buscador-de-coches\/bmw\/bmw-serie-3-gt-2\/"]}]},{"@type":"BreadcrumbList","@id":"https:\/\/all-car-news.com\/es\/buscador-de-coches\/bmw\/bmw-serie-3-gt-2\/#breadcrumb","itemListElement":[{"@type":"ListItem","position":1,"name":"Home","item":"https:\/\/all-car-news.com\/es\/"},{"@type":"ListItem","position":2,"name":"buscador de coches","item":"https:\/\/all-car-news.com\/es\/buscador-de-coches\/"},{"@type":"ListItem","position":3,"name":"BMW","item":"https:\/\/all-car-news.com\/es\/buscador-de-coches\/bmw\/"},{"@type":"ListItem","position":4,"name":"BMW Serie 3 GT"}]},{"@type":"WebSite","@id":"https:\/\/all-car-news.com\/es\/#website","url":"https:\/\/all-car-news.com\/es\/","name":"All cars news","description":"","publisher":{"@id":"https:\/\/all-car-news.com\/es\/#organization"},"potentialAction":[{"@type":"SearchAction","target":{"@type":"EntryPoint","urlTemplate":"https:\/\/all-car-news.com\/es\/?s={search_term_string}"},"query-input":"required name=search_term_string"}],"inLanguage":"es"},{"@type":"Organization","@id":"https:\/\/all-car-news.com\/es\/#organization","name":"All cars news","url":"https:\/\/all-car-news.com\/es\/","logo":{"@type":"ImageObject","inLanguage":"es","@id":"https:\/\/all-car-news.com\/es\/#\/schema\/logo\/image\/","url":"https:\/\/all-car-news.com\/wp-content\/uploads\/2022\/02\/CMYK-AllCarNews_LANDSCAPE_300px-1.png","contentUrl":"https:\/\/all-car-news.com\/wp-content\/uploads\/2022\/02\/CMYK-AllCarNews_LANDSCAPE_300px-1.png","width":300,"height":100,"caption":"All cars news"},"image":{"@id":"https:\/\/all-car-news.com\/es\/#\/schema\/logo\/image\/"}}]}},"_links":{"self":[{"href":"https:\/\/all-car-news.com\/es\/wp-json\/wp\/v2\/pages\/116893","targetHints":{"allow":["GET"]}}],"collection":[{"href":"https:\/\/all-car-news.com\/es\/wp-json\/wp\/v2\/pages"}],"about":[{"href":"https:\/\/all-car-news.com\/es\/wp-json\/wp\/v2\/types\/page"}],"author":[{"embeddable":true,"href":"https:\/\/all-car-news.com\/es\/wp-json\/wp\/v2\/users\/4"}],"replies":[{"embeddable":true,"href":"https:\/\/all-car-news.com\/es\/wp-json\/wp\/v2\/comments?post=116893"}],"version-history":[{"count":0,"href":"https:\/\/all-car-news.com\/es\/wp-json\/wp\/v2\/pages\/116893\/revisions"}],"up":[{"embeddable":true,"href":"https:\/\/all-car-news.com\/es\/wp-json\/wp\/v2\/pages\/116516"}],"wp:featuredmedia":[{"embeddable":true,"href":"https:\/\/all-car-news.com\/es\/wp-json\/wp\/v2\/media\/116901"}],"wp:attachment":[{"href":"https:\/\/all-car-news.com\/es\/wp-json\/wp\/v2\/media?parent=116893"}],"curies":[{"name":"wp","href":"https:\/\/api.w.org\/{rel}","templated":true}]}}