{"id":116736,"date":"2022-02-23T09:03:07","date_gmt":"2022-02-23T09:03:07","guid":{"rendered":"https:\/\/all-car-news.com\/buscador-de-coches\/bmw\/bmw-serie-2-cupe\/"},"modified":"2022-02-23T09:03:32","modified_gmt":"2022-02-23T09:03:32","slug":"bmw-serie-2-cupe","status":"publish","type":"page","link":"https:\/\/all-car-news.com\/es\/buscador-de-coches\/bmw\/bmw-serie-2-cupe\/","title":{"rendered":"BMW serie 2 cup\u00e9"},"content":{"rendered":"\n<p>Como resultado de una nueva pol\u00edtica de modelos en la que las versiones coup\u00e9 y convertible se consideran una clase superior al modelo en el que se basan, el BMW Serie 1 Coup\u00e9 y Convertible continu\u00f3 como una Serie 2 del nuevo modelo en 2013.<\/p>\n\n<p>Como resultado de una nueva pol\u00edtica de modelos en la que las versiones coup\u00e9 y convertible se consideran una clase superior al modelo en el que se basan, el BMW Serie 1 Coup\u00e9 y Convertible continu\u00f3 como una Serie 2 del nuevo modelo en 2013.<br\/><br\/><\/p>\n\n<h2 class=\"wp-block-heading\" id=\"van-driecilinder-tot-m2\"><strong>De tres cilindros a M2<\/strong><\/h2>\n\n<p><\/p>\n\n<p><br\/>La gama de motores comenz\u00f3 con un motor de tres cilindros y 1,5 litros de 136 CV, disponible solo para gasolina. Despu\u00e9s de eso, la gama de motores se ampl\u00eda con motores de cuatro y seis cilindros tanto para gasolina como para di\u00e9sel. El motor m\u00e1s potente actualmente es el seis en l\u00ednea de 374 hp del M240i xDrive. Solo el Coup\u00e9 est\u00e1 disponible como modelo M.<br\/><br\/><\/p>\n\n<h2 class=\"wp-block-heading\" id=\"m2-competition\"><strong>Competencia M2<\/strong><br\/><\/h2>\n\n<p><\/p>\n\n<p>El M2 fue reemplazado en 2018 por la versi\u00f3n M2 Competition, como si fuera una versi\u00f3n actualizada del M2. La potencia de los seis en l\u00ednea aument\u00f3 a 411 hp. El sprint de 0 a 100 ahora se completa una d\u00e9cima m\u00e1s r\u00e1pido, en 4,4 a 4,2 segundos dependiendo de la transmisi\u00f3n. La segunda generaci\u00f3n de la Serie 2 sali\u00f3 al mercado en 2021. Eso a\u00fan no est\u00e1 disponible como un Convertible, una versi\u00f3n M &#8216;pura sangre&#8217; sin duda lo seguir\u00e1 en un momento posterior. <strong>Gran Coup\u00e9<\/strong><br\/>En 2019, la gama de modelos de la Serie 2 se ampli\u00f3 a\u00fan m\u00e1s. Adem\u00e1s del Coup\u00e9 normal, tambi\u00e9n apareci\u00f3 el Gran Coup\u00e9. Como ocurre con las series superiores, se trata de un coup\u00e9 de cuatro puertas. O un sed\u00e1n con una l\u00ednea de techo tipo cup\u00e9, como quieras llamarlo. Por cierto, el Serie 2 Gran Coup\u00e9 est\u00e1 estrechamente relacionado con el nuevo hatchback Serie 1, donde el Serie 2 Coup\u00e9 y Cabrio (por el momento) regulares todav\u00eda se basan en el Serie 1 anterior y tambi\u00e9n tienen una apariencia completamente individual.m\u00e1s Bmw 2 Coup\u00e9 de serie.<\/p>\n\n<h2 class=\"wp-block-heading\" id=\"technisch\">T\u00e9cnico<\/h2>\n\n<figure class=\"wp-block-table is-style-stripes\"><table class=\"has-fixed-layout\"><tbody><tr><td>Tipo de motor<\/td><td>gasolina, l\u00ednea de 4 cilindros<\/td><\/tr><tr><td>Desplazamiento<\/td><td>1.998 cm\u00b3<\/td><\/tr><tr><td>m\u00e1x. activos<\/td><td>135 kW (184 CV)<\/td><\/tr><tr><td>abeja<\/td><td>5.000 rpm<\/td><\/tr><tr><td>m\u00e1x. Pareja<\/td><td>300 nm<\/td><\/tr><tr><td>abeja<\/td><td>1.350 rpm<\/td><\/tr><tr><td>Conducir<\/td><td>ruedas traseras<\/td><\/tr><tr><td>Frenos de\/a<\/td><td>dado juego de damas<\/td><\/tr><tr><td>Radio de giro<\/td><td>11,1 metros<\/td><\/tr><tr><td>Rango de poder<\/td><td>135 a 275 kilovatios<\/td><\/tr><\/tbody><\/table><\/figure>\n\n<h2 class=\"wp-block-heading\" id=\"algemeen\">General<\/h2>\n\n<figure class=\"wp-block-table is-style-stripes\"><table class=\"has-fixed-layout\"><tbody><tr><td>Transmisi\u00f3n<\/td><td>8AT<\/td><\/tr><tr><td>Tipo de cuerpo<\/td><td>2 hab. compartimiento<\/td><\/tr><tr><td>EuroNCAP<\/td><td>no probado<\/td><\/tr><tr><td>Lanzamiento al mercado<\/td><td>agosto 2021<\/td><\/tr><tr><td>\u00daltimo lavado de cara<\/td><td>N \/ A<\/td><\/tr><tr><td>Garant\u00eda<\/td><td>3 a\u00f1os<\/td><\/tr><tr><td>Desde precio<\/td><td>47.645 \u20ac<\/td><\/tr><\/tbody><\/table><\/figure>\n\n<h2 class=\"wp-block-heading\" id=\"afmetingen-gewichten\">Dimensiones\/pesos<\/h2>\n\n<figure class=\"wp-block-table is-style-stripes\"><table class=\"has-fixed-layout\"><tbody><tr><td>Tama\u00f1o de llanta<\/td><td>225\/50 R17<\/td><\/tr><tr><td>L x An x Al<\/td><td>4537 x 1838 x 1390 mm<\/td><\/tr><tr><td>distancia entre ejes<\/td><td>2.741 mm<\/td><\/tr><tr><td>Masa vac\u00eda<\/td><td>1.465 kg<\/td><\/tr><tr><td>m\u00e1x. seg\u00fan peso<\/td><td>1.600 kg<\/td><\/tr><tr><td>continuaci\u00f3n bolsa. habitaci\u00f3n.<\/td><td>390 litros<\/td><\/tr><tr><td>Capacidad del tanque<\/td><td>52l<\/td><\/tr><\/tbody><\/table><\/figure>\n\n<h2 class=\"wp-block-heading\" id=\"verbruik\">Consumo<\/h2>\n\n<figure class=\"wp-block-table is-style-stripes\"><table class=\"has-fixed-layout\"><tbody><tr><td>con. conjunto<\/td><td>6,3 l\/100 km<\/td><\/tr><tr><td>emisiones de CO\u2082<\/td><td>143g\/km<\/td><\/tr><tr><td>Etiqueta energ\u00e9tica<\/td><td>B<\/td><\/tr><\/tbody><\/table><\/figure>\n\n<h2 class=\"wp-block-heading\" id=\"prestaties\">Rendimiento<\/h2>\n\n<figure class=\"wp-block-table is-style-stripes\"><table class=\"has-fixed-layout\"><tbody><tr><td>Cuenta 0-100 km\/h<\/td><td>7,5 s<\/td><\/tr><tr><td>velocidad m\u00e1xima<\/td><td>236 km\/h<\/td><\/tr><\/tbody><\/table><\/figure>\n","protected":false},"excerpt":{"rendered":"<p>Como resultado de una nueva pol\u00edtica de modelos en la que las versiones coup\u00e9 y convertible se consideran una clase [&hellip;]<\/p>\n","protected":false},"author":4,"featured_media":116719,"parent":116516,"menu_order":0,"comment_status":"closed","ping_status":"closed","template":"","meta":{"footnotes":""},"class_list":["post-116736","page","type-page","status-publish","has-post-thumbnail","hentry"],"acf":[],"yoast_head":"<!-- This site is optimized with the Yoast SEO plugin v21.2 - https:\/\/yoast.com\/wordpress\/plugins\/seo\/ -->\n<title>BMW serie 2 cup\u00e9 - All cars news<\/title>\n<meta name=\"robots\" content=\"index, follow, max-snippet:-1, max-image-preview:large, max-video-preview:-1\" \/>\n<link rel=\"canonical\" href=\"https:\/\/all-car-news.com\/es\/buscador-de-coches\/bmw\/bmw-serie-2-cupe\/\" \/>\n<meta property=\"og:locale\" content=\"es_ES\" \/>\n<meta property=\"og:type\" content=\"article\" \/>\n<meta property=\"og:title\" content=\"BMW serie 2 cup\u00e9 - All cars news\" \/>\n<meta property=\"og:description\" content=\"Como resultado de una nueva pol\u00edtica de modelos en la que las versiones coup\u00e9 y convertible se consideran una clase [&hellip;]\" \/>\n<meta property=\"og:url\" content=\"https:\/\/all-car-news.com\/es\/buscador-de-coches\/bmw\/bmw-serie-2-cupe\/\" \/>\n<meta property=\"og:site_name\" content=\"All cars news\" \/>\n<meta property=\"article:modified_time\" content=\"2022-02-23T09:03:32+00:00\" \/>\n<meta property=\"og:image\" content=\"https:\/\/all-car-news.com\/wp-content\/uploads\/2022\/02\/BMW-2-Serie-Coupe-1.jpg\" \/>\n\t<meta property=\"og:image:width\" content=\"1600\" \/>\n\t<meta property=\"og:image:height\" content=\"1162\" \/>\n\t<meta property=\"og:image:type\" content=\"image\/jpeg\" \/>\n<meta name=\"twitter:card\" content=\"summary_large_image\" \/>\n<meta name=\"twitter:label1\" content=\"Tiempo de lectura\" \/>\n\t<meta name=\"twitter:data1\" content=\"2 minutos\" \/>\n<script type=\"application\/ld+json\" class=\"yoast-schema-graph\">{\"@context\":\"https:\/\/schema.org\",\"@graph\":[{\"@type\":\"WebPage\",\"@id\":\"https:\/\/all-car-news.com\/es\/buscador-de-coches\/bmw\/bmw-serie-2-cupe\/\",\"url\":\"https:\/\/all-car-news.com\/es\/buscador-de-coches\/bmw\/bmw-serie-2-cupe\/\",\"name\":\"BMW serie 2 cup\u00e9 - All cars news\",\"isPartOf\":{\"@id\":\"https:\/\/all-car-news.com\/es\/#website\"},\"datePublished\":\"2022-02-23T09:03:07+00:00\",\"dateModified\":\"2022-02-23T09:03:32+00:00\",\"breadcrumb\":{\"@id\":\"https:\/\/all-car-news.com\/es\/buscador-de-coches\/bmw\/bmw-serie-2-cupe\/#breadcrumb\"},\"inLanguage\":\"es\",\"potentialAction\":[{\"@type\":\"ReadAction\",\"target\":[\"https:\/\/all-car-news.com\/es\/buscador-de-coches\/bmw\/bmw-serie-2-cupe\/\"]}]},{\"@type\":\"BreadcrumbList\",\"@id\":\"https:\/\/all-car-news.com\/es\/buscador-de-coches\/bmw\/bmw-serie-2-cupe\/#breadcrumb\",\"itemListElement\":[{\"@type\":\"ListItem\",\"position\":1,\"name\":\"Home\",\"item\":\"https:\/\/all-car-news.com\/es\/\"},{\"@type\":\"ListItem\",\"position\":2,\"name\":\"buscador de coches\",\"item\":\"https:\/\/all-car-news.com\/es\/buscador-de-coches\/\"},{\"@type\":\"ListItem\",\"position\":3,\"name\":\"BMW\",\"item\":\"https:\/\/all-car-news.com\/es\/buscador-de-coches\/bmw\/\"},{\"@type\":\"ListItem\",\"position\":4,\"name\":\"BMW serie 2 cup\u00e9\"}]},{\"@type\":\"WebSite\",\"@id\":\"https:\/\/all-car-news.com\/es\/#website\",\"url\":\"https:\/\/all-car-news.com\/es\/\",\"name\":\"All cars news\",\"description\":\"\",\"publisher\":{\"@id\":\"https:\/\/all-car-news.com\/es\/#organization\"},\"potentialAction\":[{\"@type\":\"SearchAction\",\"target\":{\"@type\":\"EntryPoint\",\"urlTemplate\":\"https:\/\/all-car-news.com\/es\/?s={search_term_string}\"},\"query-input\":\"required name=search_term_string\"}],\"inLanguage\":\"es\"},{\"@type\":\"Organization\",\"@id\":\"https:\/\/all-car-news.com\/es\/#organization\",\"name\":\"All cars news\",\"url\":\"https:\/\/all-car-news.com\/es\/\",\"logo\":{\"@type\":\"ImageObject\",\"inLanguage\":\"es\",\"@id\":\"https:\/\/all-car-news.com\/es\/#\/schema\/logo\/image\/\",\"url\":\"https:\/\/all-car-news.com\/wp-content\/uploads\/2022\/02\/CMYK-AllCarNews_LANDSCAPE_300px-1.png\",\"contentUrl\":\"https:\/\/all-car-news.com\/wp-content\/uploads\/2022\/02\/CMYK-AllCarNews_LANDSCAPE_300px-1.png\",\"width\":300,\"height\":100,\"caption\":\"All cars news\"},\"image\":{\"@id\":\"https:\/\/all-car-news.com\/es\/#\/schema\/logo\/image\/\"}}]}<\/script>\n<!-- \/ Yoast SEO plugin. -->","yoast_head_json":{"title":"BMW serie 2 cup\u00e9 - All cars news","robots":{"index":"index","follow":"follow","max-snippet":"max-snippet:-1","max-image-preview":"max-image-preview:large","max-video-preview":"max-video-preview:-1"},"canonical":"https:\/\/all-car-news.com\/es\/buscador-de-coches\/bmw\/bmw-serie-2-cupe\/","og_locale":"es_ES","og_type":"article","og_title":"BMW serie 2 cup\u00e9 - All cars news","og_description":"Como resultado de una nueva pol\u00edtica de modelos en la que las versiones coup\u00e9 y convertible se consideran una clase [&hellip;]","og_url":"https:\/\/all-car-news.com\/es\/buscador-de-coches\/bmw\/bmw-serie-2-cupe\/","og_site_name":"All cars news","article_modified_time":"2022-02-23T09:03:32+00:00","og_image":[{"width":1600,"height":1162,"url":"https:\/\/all-car-news.com\/wp-content\/uploads\/2022\/02\/BMW-2-Serie-Coupe-1.jpg","type":"image\/jpeg"}],"twitter_card":"summary_large_image","twitter_misc":{"Tiempo de lectura":"2 minutos"},"schema":{"@context":"https:\/\/schema.org","@graph":[{"@type":"WebPage","@id":"https:\/\/all-car-news.com\/es\/buscador-de-coches\/bmw\/bmw-serie-2-cupe\/","url":"https:\/\/all-car-news.com\/es\/buscador-de-coches\/bmw\/bmw-serie-2-cupe\/","name":"BMW serie 2 cup\u00e9 - All cars news","isPartOf":{"@id":"https:\/\/all-car-news.com\/es\/#website"},"datePublished":"2022-02-23T09:03:07+00:00","dateModified":"2022-02-23T09:03:32+00:00","breadcrumb":{"@id":"https:\/\/all-car-news.com\/es\/buscador-de-coches\/bmw\/bmw-serie-2-cupe\/#breadcrumb"},"inLanguage":"es","potentialAction":[{"@type":"ReadAction","target":["https:\/\/all-car-news.com\/es\/buscador-de-coches\/bmw\/bmw-serie-2-cupe\/"]}]},{"@type":"BreadcrumbList","@id":"https:\/\/all-car-news.com\/es\/buscador-de-coches\/bmw\/bmw-serie-2-cupe\/#breadcrumb","itemListElement":[{"@type":"ListItem","position":1,"name":"Home","item":"https:\/\/all-car-news.com\/es\/"},{"@type":"ListItem","position":2,"name":"buscador de coches","item":"https:\/\/all-car-news.com\/es\/buscador-de-coches\/"},{"@type":"ListItem","position":3,"name":"BMW","item":"https:\/\/all-car-news.com\/es\/buscador-de-coches\/bmw\/"},{"@type":"ListItem","position":4,"name":"BMW serie 2 cup\u00e9"}]},{"@type":"WebSite","@id":"https:\/\/all-car-news.com\/es\/#website","url":"https:\/\/all-car-news.com\/es\/","name":"All cars news","description":"","publisher":{"@id":"https:\/\/all-car-news.com\/es\/#organization"},"potentialAction":[{"@type":"SearchAction","target":{"@type":"EntryPoint","urlTemplate":"https:\/\/all-car-news.com\/es\/?s={search_term_string}"},"query-input":"required name=search_term_string"}],"inLanguage":"es"},{"@type":"Organization","@id":"https:\/\/all-car-news.com\/es\/#organization","name":"All cars news","url":"https:\/\/all-car-news.com\/es\/","logo":{"@type":"ImageObject","inLanguage":"es","@id":"https:\/\/all-car-news.com\/es\/#\/schema\/logo\/image\/","url":"https:\/\/all-car-news.com\/wp-content\/uploads\/2022\/02\/CMYK-AllCarNews_LANDSCAPE_300px-1.png","contentUrl":"https:\/\/all-car-news.com\/wp-content\/uploads\/2022\/02\/CMYK-AllCarNews_LANDSCAPE_300px-1.png","width":300,"height":100,"caption":"All cars news"},"image":{"@id":"https:\/\/all-car-news.com\/es\/#\/schema\/logo\/image\/"}}]}},"_links":{"self":[{"href":"https:\/\/all-car-news.com\/es\/wp-json\/wp\/v2\/pages\/116736","targetHints":{"allow":["GET"]}}],"collection":[{"href":"https:\/\/all-car-news.com\/es\/wp-json\/wp\/v2\/pages"}],"about":[{"href":"https:\/\/all-car-news.com\/es\/wp-json\/wp\/v2\/types\/page"}],"author":[{"embeddable":true,"href":"https:\/\/all-car-news.com\/es\/wp-json\/wp\/v2\/users\/4"}],"replies":[{"embeddable":true,"href":"https:\/\/all-car-news.com\/es\/wp-json\/wp\/v2\/comments?post=116736"}],"version-history":[{"count":0,"href":"https:\/\/all-car-news.com\/es\/wp-json\/wp\/v2\/pages\/116736\/revisions"}],"up":[{"embeddable":true,"href":"https:\/\/all-car-news.com\/es\/wp-json\/wp\/v2\/pages\/116516"}],"wp:featuredmedia":[{"embeddable":true,"href":"https:\/\/all-car-news.com\/es\/wp-json\/wp\/v2\/media\/116719"}],"wp:attachment":[{"href":"https:\/\/all-car-news.com\/es\/wp-json\/wp\/v2\/media?parent=116736"}],"curies":[{"name":"wp","href":"https:\/\/api.w.org\/{rel}","templated":true}]}}