{"id":116580,"date":"2022-02-22T10:23:48","date_gmt":"2022-02-22T10:23:48","guid":{"rendered":"https:\/\/all-car-news.com\/bmw-serie-2\/"},"modified":"2022-03-08T09:12:27","modified_gmt":"2022-03-08T09:12:27","slug":"bmw-serie-2","status":"publish","type":"page","link":"https:\/\/all-car-news.com\/es\/buscador-de-coches\/bmw\/bmw-serie-2\/","title":{"rendered":"bmw serie 2"},"content":{"rendered":"\n<p id=\"de-komst-van-bmw-2-serie-active-tourer-zorgde-in-2014-voor-een-kleine-cultuurschok-een-rijdersmerk-als-bmw-komt-met-een-mpv-en-het-model-was-ook-nog-eens-voorwiel-aangedreven-dat-is-voor-het-eerst-in-de-geschiedenis-van-het-merk-inmiddels-zijn-we-echter-alweer-jaren-verder-en-heeft-de-auto-zich-bewezen-als-een-fijn-rijdende-gezinswagen-die-zijn-plek-naast-de-concurrentie-heeft-weten-in-te-nemen-vijf-of-zevenzitter\"><strong>La llegada del BMW Serie 2 Active Tourer en 2014 provoc\u00f3 un peque\u00f1o choque cultural. Una marca de conductores como BMW viene con un monovolumen y el modelo tambi\u00e9n era de tracci\u00f3n delantera\u2026 Esa es la primera vez en la historia de la marca. Sin embargo, ahora estamos a\u00f1os m\u00e1s lejos y el autom\u00f3vil ha demostrado ser un autom\u00f3vil familiar de conducci\u00f3n agradable que ha logrado ocupar su lugar junto a la competencia.<\/strong><\/p>\n\n<h2 class=\"wp-block-heading\" id=\"de-komst-van-bmw-2-serie-active-tourer-zorgde-in-2014-voor-een-kleine-cultuurschok-een-rijdersmerk-als-bmw-komt-met-een-mpv-en-het-model-was-ook-nog-eens-voorwiel-aangedreven-dat-is-voor-het-eerst-in-de-geschiedenis-van-het-merk-inmiddels-zijn-we-echter-alweer-jaren-verder-en-heeft-de-auto-zich-bewezen-als-een-fijn-rijdende-gezinswagen-die-zijn-plek-naast-de-concurrentie-heeft-weten-in-te-nemen-vijf-of-zevenzitter\"><br\/>BMW Cinco plazas o siete plazas<\/h2>\n\n<p id=\"de-komst-van-bmw-2-serie-active-tourer-zorgde-in-2014-voor-een-kleine-cultuurschok-een-rijdersmerk-als-bmw-komt-met-een-mpv-en-het-model-was-ook-nog-eens-voorwiel-aangedreven-dat-is-voor-het-eerst-in-de-geschiedenis-van-het-merk-inmiddels-zijn-we-echter-alweer-jaren-verder-en-heeft-de-auto-zich-bewezen-als-een-fijn-rijdende-gezinswagen-die-zijn-plek-naast-de-concurrentie-heeft-weten-in-te-nemen-vijf-of-zevenzitter\"><br\/><strong>El Active Tourer de cinco plazas se vio reforzado en 2015 por el Gran Tourer. Una versi\u00f3n ligeramente alargada, que por lo tanto ofrece espacio para siete pasajeros. En Active y Gran Tourer, los motores est\u00e1n montados transversalmente, mientras que est\u00e1n montados longitudinalmente en casi todos los dem\u00e1s modelos de BMW.<\/strong><\/p>\n\n<p><\/p>\n\n<h2 class=\"wp-block-heading\" id=\"de-komst-van-bmw-2-serie-active-tourer-zorgde-in-2014-voor-een-kleine-cultuurschok-een-rijdersmerk-als-bmw-komt-met-een-mpv-en-het-model-was-ook-nog-eens-voorwiel-aangedreven-dat-is-voor-het-eerst-in-de-geschiedenis-van-het-merk-inmiddels-zijn-we-echter-alweer-jaren-verder-en-heeft-de-auto-zich-bewezen-als-een-fijn-rijdende-gezinswagen-die-zijn-plek-naast-de-concurrentie-heeft-weten-in-te-nemen-vijf-of-zevenzitterde-vijfzits-active-tourer-kreeg-in-2015-versterking-van-de-gran-tourer-een-iets-verlengde-versie-die-daardoor-plaats-biedt-aan-zeven-inzittenden-bij-de-active-en-gran-tourer-zijn-de-motoren-dwarsgeplaatst-waar-deze-bij-bijna-alle-andere-bmw-modellen-in-de-lengterichting-zijn-gemonteerd-tweede-generatieondanks-de-in-het-algemeen-teruglopende-vraag-naar-mpv-s-kwam-bmw-eind-2021-begin-2022-gewoon-met-een-tweede-generatie-2-serie-active-tourer-een-nieuwe-zevenzits-grand-tourer-is-op-moment-van-schrijven-nog-niet-onthuld-en-de-komst-daarvan-is-ook-wat-onzeker-zeker-voor-een-zevenzitter-heeft-de-klant-tegenwoordig-namelijk-liever-een-suv-model-meer-bmw-2-serie-active-tourer\">segunda generaci\u00f3n<br\/><\/h2>\n\n<p id=\"de-komst-van-bmw-2-serie-active-tourer-zorgde-in-2014-voor-een-kleine-cultuurschok-een-rijdersmerk-als-bmw-komt-met-een-mpv-en-het-model-was-ook-nog-eens-voorwiel-aangedreven-dat-is-voor-het-eerst-in-de-geschiedenis-van-het-merk-inmiddels-zijn-we-echter-alweer-jaren-verder-en-heeft-de-auto-zich-bewezen-als-een-fijn-rijdende-gezinswagen-die-zijn-plek-naast-de-concurrentie-heeft-weten-in-te-nemen-vijf-of-zevenzitterde-vijfzits-active-tourer-kreeg-in-2015-versterking-van-de-gran-tourer-een-iets-verlengde-versie-die-daardoor-plaats-biedt-aan-zeven-inzittenden-bij-de-active-en-gran-tourer-zijn-de-motoren-dwarsgeplaatst-waar-deze-bij-bijna-alle-andere-bmw-modellen-in-de-lengterichting-zijn-gemonteerd-tweede-generatieondanks-de-in-het-algemeen-teruglopende-vraag-naar-mpv-s-kwam-bmw-eind-2021-begin-2022-gewoon-met-een-tweede-generatie-2-serie-active-tourer-een-nieuwe-zevenzits-grand-tourer-is-op-moment-van-schrijven-nog-niet-onthuld-en-de-komst-daarvan-is-ook-wat-onzeker-zeker-voor-een-zevenzitter-heeft-de-klant-tegenwoordig-namelijk-liever-een-suv-model-meer-bmw-2-serie-active-tourer\"><strong>A pesar de la disminuci\u00f3n general de la demanda de monovol\u00famenes, BMW simplemente present\u00f3 un Serie 2 Active Tourer de segunda generaci\u00f3n a fines de 2021 o principios de 2022. Un nuevo Grand Tourer de siete plazas a\u00fan no se ha revelado en el momento de escribir este art\u00edculo y su llegada tambi\u00e9n es algo incierta. Especialmente para un siete plazas, el cliente hoy en d\u00eda prefiere un modelo SUV. M\u00e1s Bmw serie 2 tourer activo <a href=\"https:\/\/autorai.nl\/autozoeker\/bmw\/2-serie-active-tourer\/#modellen\">.<\/a><\/strong><\/p>\n\n<p><\/p>\n\n<h2 class=\"wp-block-heading\" id=\"technisch\">T\u00e9cnico<\/h2>\n\n<figure class=\"wp-block-table is-style-stripes\"><table class=\"has-fixed-layout\"><tbody><tr><td>Tipo de motor<\/td><td>gasolina, l\u00ednea de 3 cilindros<\/td><\/tr><tr><td>Desplazamiento<\/td><td>1.499cm<\/td><\/tr><tr><td>m\u00e1x. activos<\/td><td>100 kW (136 CV)<\/td><\/tr><tr><td>abeja<\/td><td>4.400 rpm<\/td><\/tr><tr><td>m\u00e1x. Pareja<\/td><td>230 nm<\/td><\/tr><tr><td>abeja<\/td><td>1.500 rpm<\/td><\/tr><tr><td>Conducir<\/td><td>ruedas frontales<\/td><\/tr><tr><td>Frenos de\/a<\/td><td>dado discos\/discos<\/td><\/tr><tr><td>Radio de giro<\/td><td>11,4 metros<\/td><\/tr><tr><td>Rango de poder<\/td><td>100 a 150 kilovatios<\/td><\/tr><\/tbody><\/table><\/figure>\n\n<h2 class=\"wp-block-heading\" id=\"algemeen\">General<\/h2>\n\n<figure class=\"wp-block-table is-style-stripes\"><table class=\"has-fixed-layout\"><tbody><tr><td>Transmisi\u00f3n<\/td><td>7AT<\/td><\/tr><tr><td>Tipo de cuerpo<\/td><td>5 hab. monovolumen<\/td><\/tr><tr><td>EuroNCAP<\/td><td>no probado<\/td><\/tr><tr><td>Lanzamiento al mercado<\/td><td>enero 2022<\/td><\/tr><tr><td>\u00daltimo lavado de cara<\/td><td>N \/ A<\/td><\/tr><tr><td>Garant\u00eda<\/td><td>3 a\u00f1os<\/td><\/tr><tr><td>Desde precio<\/td><td>41.558 \u20ac<\/td><\/tr><\/tbody><\/table><\/figure>\n\n<h2 class=\"wp-block-heading\" id=\"afmetingen-gewichten\">Dimensiones\/pesos<\/h2>\n\n<figure class=\"wp-block-table is-style-stripes\"><table class=\"has-fixed-layout\"><tbody><tr><td>Tama\u00f1o de llanta<\/td><td>205\/65 R16<\/td><\/tr><tr><td>L x An x Al<\/td><td>4386 x 1824 x 1576 mm<\/td><\/tr><tr><td>distancia entre ejes<\/td><td>2.670 mm<\/td><\/tr><tr><td>Masa vac\u00eda<\/td><td>1.445 kg<\/td><\/tr><tr><td>m\u00e1x. seg\u00fan peso<\/td><td>1.300 kg<\/td><\/tr><tr><td>continuaci\u00f3n bolsa. habitaci\u00f3n.<\/td><td>470 litros<\/td><\/tr><tr><td>Capacidad del tanque<\/td><td>45l<\/td><\/tr><\/tbody><\/table><\/figure>\n\n<h2 class=\"wp-block-heading\" id=\"verbruik\">Consumo<\/h2>\n\n<figure class=\"wp-block-table is-style-stripes\"><table class=\"has-fixed-layout\"><tbody><tr><td>con. conjunto<\/td><td>6,2 l\/100 km<\/td><\/tr><tr><td>emisiones de CO\u2082<\/td><td>141 gramos por kil\u00f3metro<\/td><\/tr><tr><td>Etiqueta energ\u00e9tica<\/td><td>C<\/td><\/tr><\/tbody><\/table><\/figure>\n\n<h2 class=\"wp-block-heading\" id=\"prestaties\">Rendimiento<\/h2>\n\n<figure class=\"wp-block-table is-style-stripes\"><table class=\"has-fixed-layout\"><tbody><tr><td>Cuenta 0-100 km\/h<\/td><td>9.0 seg<\/td><\/tr><tr><td>velocidad m\u00e1xima<\/td><td>214 km\/h<\/td><\/tr><\/tbody><\/table><\/figure>\n","protected":false},"excerpt":{"rendered":"<p>La llegada del BMW Serie 2 Active Tourer en 2014 provoc\u00f3 un peque\u00f1o choque cultural. Una marca de conductores como [&hellip;]<\/p>\n","protected":false},"author":4,"featured_media":116664,"parent":116516,"menu_order":0,"comment_status":"closed","ping_status":"closed","template":"","meta":{"footnotes":""},"class_list":["post-116580","page","type-page","status-publish","has-post-thumbnail","hentry"],"acf":[],"yoast_head":"<!-- This site is optimized with the Yoast SEO plugin v21.2 - https:\/\/yoast.com\/wordpress\/plugins\/seo\/ -->\n<title>bmw serie 2 - All cars news<\/title>\n<meta name=\"robots\" content=\"index, follow, max-snippet:-1, max-image-preview:large, max-video-preview:-1\" \/>\n<link rel=\"canonical\" href=\"https:\/\/all-car-news.com\/es\/buscador-de-coches\/bmw\/bmw-serie-2\/\" \/>\n<meta property=\"og:locale\" content=\"es_ES\" \/>\n<meta property=\"og:type\" content=\"article\" \/>\n<meta property=\"og:title\" content=\"bmw serie 2 - All cars news\" \/>\n<meta property=\"og:description\" content=\"La llegada del BMW Serie 2 Active Tourer en 2014 provoc\u00f3 un peque\u00f1o choque cultural. Una marca de conductores como [&hellip;]\" \/>\n<meta property=\"og:url\" content=\"https:\/\/all-car-news.com\/es\/buscador-de-coches\/bmw\/bmw-serie-2\/\" \/>\n<meta property=\"og:site_name\" content=\"All cars news\" \/>\n<meta property=\"article:modified_time\" content=\"2022-03-08T09:12:27+00:00\" \/>\n<meta property=\"og:image\" content=\"https:\/\/all-car-news.com\/wp-content\/uploads\/2022\/02\/BMW-2-Series-Convertible-1-2-1.jpg\" \/>\n\t<meta property=\"og:image:width\" content=\"1280\" \/>\n\t<meta property=\"og:image:height\" content=\"926\" \/>\n\t<meta property=\"og:image:type\" content=\"image\/jpeg\" \/>\n<meta name=\"twitter:card\" content=\"summary_large_image\" \/>\n<meta name=\"twitter:label1\" content=\"Tiempo de lectura\" \/>\n\t<meta name=\"twitter:data1\" content=\"2 minutos\" \/>\n<script type=\"application\/ld+json\" class=\"yoast-schema-graph\">{\"@context\":\"https:\/\/schema.org\",\"@graph\":[{\"@type\":\"WebPage\",\"@id\":\"https:\/\/all-car-news.com\/es\/buscador-de-coches\/bmw\/bmw-serie-2\/\",\"url\":\"https:\/\/all-car-news.com\/es\/buscador-de-coches\/bmw\/bmw-serie-2\/\",\"name\":\"bmw serie 2 - All cars news\",\"isPartOf\":{\"@id\":\"https:\/\/all-car-news.com\/es\/#website\"},\"datePublished\":\"2022-02-22T10:23:48+00:00\",\"dateModified\":\"2022-03-08T09:12:27+00:00\",\"breadcrumb\":{\"@id\":\"https:\/\/all-car-news.com\/es\/buscador-de-coches\/bmw\/bmw-serie-2\/#breadcrumb\"},\"inLanguage\":\"es\",\"potentialAction\":[{\"@type\":\"ReadAction\",\"target\":[\"https:\/\/all-car-news.com\/es\/buscador-de-coches\/bmw\/bmw-serie-2\/\"]}]},{\"@type\":\"BreadcrumbList\",\"@id\":\"https:\/\/all-car-news.com\/es\/buscador-de-coches\/bmw\/bmw-serie-2\/#breadcrumb\",\"itemListElement\":[{\"@type\":\"ListItem\",\"position\":1,\"name\":\"Home\",\"item\":\"https:\/\/all-car-news.com\/es\/\"},{\"@type\":\"ListItem\",\"position\":2,\"name\":\"buscador de coches\",\"item\":\"https:\/\/all-car-news.com\/es\/buscador-de-coches\/\"},{\"@type\":\"ListItem\",\"position\":3,\"name\":\"BMW\",\"item\":\"https:\/\/all-car-news.com\/es\/buscador-de-coches\/bmw\/\"},{\"@type\":\"ListItem\",\"position\":4,\"name\":\"bmw serie 2\"}]},{\"@type\":\"WebSite\",\"@id\":\"https:\/\/all-car-news.com\/es\/#website\",\"url\":\"https:\/\/all-car-news.com\/es\/\",\"name\":\"All cars news\",\"description\":\"\",\"publisher\":{\"@id\":\"https:\/\/all-car-news.com\/es\/#organization\"},\"potentialAction\":[{\"@type\":\"SearchAction\",\"target\":{\"@type\":\"EntryPoint\",\"urlTemplate\":\"https:\/\/all-car-news.com\/es\/?s={search_term_string}\"},\"query-input\":\"required name=search_term_string\"}],\"inLanguage\":\"es\"},{\"@type\":\"Organization\",\"@id\":\"https:\/\/all-car-news.com\/es\/#organization\",\"name\":\"All cars news\",\"url\":\"https:\/\/all-car-news.com\/es\/\",\"logo\":{\"@type\":\"ImageObject\",\"inLanguage\":\"es\",\"@id\":\"https:\/\/all-car-news.com\/es\/#\/schema\/logo\/image\/\",\"url\":\"https:\/\/all-car-news.com\/wp-content\/uploads\/2022\/02\/CMYK-AllCarNews_LANDSCAPE_300px-1.png\",\"contentUrl\":\"https:\/\/all-car-news.com\/wp-content\/uploads\/2022\/02\/CMYK-AllCarNews_LANDSCAPE_300px-1.png\",\"width\":300,\"height\":100,\"caption\":\"All cars news\"},\"image\":{\"@id\":\"https:\/\/all-car-news.com\/es\/#\/schema\/logo\/image\/\"}}]}<\/script>\n<!-- \/ Yoast SEO plugin. -->","yoast_head_json":{"title":"bmw serie 2 - All cars news","robots":{"index":"index","follow":"follow","max-snippet":"max-snippet:-1","max-image-preview":"max-image-preview:large","max-video-preview":"max-video-preview:-1"},"canonical":"https:\/\/all-car-news.com\/es\/buscador-de-coches\/bmw\/bmw-serie-2\/","og_locale":"es_ES","og_type":"article","og_title":"bmw serie 2 - All cars news","og_description":"La llegada del BMW Serie 2 Active Tourer en 2014 provoc\u00f3 un peque\u00f1o choque cultural. Una marca de conductores como [&hellip;]","og_url":"https:\/\/all-car-news.com\/es\/buscador-de-coches\/bmw\/bmw-serie-2\/","og_site_name":"All cars news","article_modified_time":"2022-03-08T09:12:27+00:00","og_image":[{"width":1280,"height":926,"url":"https:\/\/all-car-news.com\/wp-content\/uploads\/2022\/02\/BMW-2-Series-Convertible-1-2-1.jpg","type":"image\/jpeg"}],"twitter_card":"summary_large_image","twitter_misc":{"Tiempo de lectura":"2 minutos"},"schema":{"@context":"https:\/\/schema.org","@graph":[{"@type":"WebPage","@id":"https:\/\/all-car-news.com\/es\/buscador-de-coches\/bmw\/bmw-serie-2\/","url":"https:\/\/all-car-news.com\/es\/buscador-de-coches\/bmw\/bmw-serie-2\/","name":"bmw serie 2 - All cars news","isPartOf":{"@id":"https:\/\/all-car-news.com\/es\/#website"},"datePublished":"2022-02-22T10:23:48+00:00","dateModified":"2022-03-08T09:12:27+00:00","breadcrumb":{"@id":"https:\/\/all-car-news.com\/es\/buscador-de-coches\/bmw\/bmw-serie-2\/#breadcrumb"},"inLanguage":"es","potentialAction":[{"@type":"ReadAction","target":["https:\/\/all-car-news.com\/es\/buscador-de-coches\/bmw\/bmw-serie-2\/"]}]},{"@type":"BreadcrumbList","@id":"https:\/\/all-car-news.com\/es\/buscador-de-coches\/bmw\/bmw-serie-2\/#breadcrumb","itemListElement":[{"@type":"ListItem","position":1,"name":"Home","item":"https:\/\/all-car-news.com\/es\/"},{"@type":"ListItem","position":2,"name":"buscador de coches","item":"https:\/\/all-car-news.com\/es\/buscador-de-coches\/"},{"@type":"ListItem","position":3,"name":"BMW","item":"https:\/\/all-car-news.com\/es\/buscador-de-coches\/bmw\/"},{"@type":"ListItem","position":4,"name":"bmw serie 2"}]},{"@type":"WebSite","@id":"https:\/\/all-car-news.com\/es\/#website","url":"https:\/\/all-car-news.com\/es\/","name":"All cars news","description":"","publisher":{"@id":"https:\/\/all-car-news.com\/es\/#organization"},"potentialAction":[{"@type":"SearchAction","target":{"@type":"EntryPoint","urlTemplate":"https:\/\/all-car-news.com\/es\/?s={search_term_string}"},"query-input":"required name=search_term_string"}],"inLanguage":"es"},{"@type":"Organization","@id":"https:\/\/all-car-news.com\/es\/#organization","name":"All cars news","url":"https:\/\/all-car-news.com\/es\/","logo":{"@type":"ImageObject","inLanguage":"es","@id":"https:\/\/all-car-news.com\/es\/#\/schema\/logo\/image\/","url":"https:\/\/all-car-news.com\/wp-content\/uploads\/2022\/02\/CMYK-AllCarNews_LANDSCAPE_300px-1.png","contentUrl":"https:\/\/all-car-news.com\/wp-content\/uploads\/2022\/02\/CMYK-AllCarNews_LANDSCAPE_300px-1.png","width":300,"height":100,"caption":"All cars news"},"image":{"@id":"https:\/\/all-car-news.com\/es\/#\/schema\/logo\/image\/"}}]}},"_links":{"self":[{"href":"https:\/\/all-car-news.com\/es\/wp-json\/wp\/v2\/pages\/116580","targetHints":{"allow":["GET"]}}],"collection":[{"href":"https:\/\/all-car-news.com\/es\/wp-json\/wp\/v2\/pages"}],"about":[{"href":"https:\/\/all-car-news.com\/es\/wp-json\/wp\/v2\/types\/page"}],"author":[{"embeddable":true,"href":"https:\/\/all-car-news.com\/es\/wp-json\/wp\/v2\/users\/4"}],"replies":[{"embeddable":true,"href":"https:\/\/all-car-news.com\/es\/wp-json\/wp\/v2\/comments?post=116580"}],"version-history":[{"count":0,"href":"https:\/\/all-car-news.com\/es\/wp-json\/wp\/v2\/pages\/116580\/revisions"}],"up":[{"embeddable":true,"href":"https:\/\/all-car-news.com\/es\/wp-json\/wp\/v2\/pages\/116516"}],"wp:featuredmedia":[{"embeddable":true,"href":"https:\/\/all-car-news.com\/es\/wp-json\/wp\/v2\/media\/116664"}],"wp:attachment":[{"href":"https:\/\/all-car-news.com\/es\/wp-json\/wp\/v2\/media?parent=116580"}],"curies":[{"name":"wp","href":"https:\/\/api.w.org\/{rel}","templated":true}]}}