{"id":116540,"date":"2022-02-22T09:35:27","date_gmt":"2022-02-22T09:35:27","guid":{"rendered":"https:\/\/all-car-news.com\/bmw-serie-1\/"},"modified":"2022-02-22T13:24:21","modified_gmt":"2022-02-22T13:24:21","slug":"bmw-serie-1","status":"publish","type":"page","link":"https:\/\/all-car-news.com\/es\/buscador-de-coches\/bmw\/bmw-serie-1\/","title":{"rendered":"bmw serie 1"},"content":{"rendered":"\n<p>El BMW Serie 1 apareci\u00f3 en 2004 como el nuevo modelo b\u00e1sico de la marca b\u00e1vara. BMW construy\u00f3 la Serie 1 con el mismo dise\u00f1o de tren motriz que los modelos m\u00e1s grandes, por lo que la Serie 1 tambi\u00e9n ten\u00eda motores longitudinales y tracci\u00f3n trasera. Muy inusual para un hatchback.<br\/><\/p>\n\n<h2 class=\"wp-block-heading\" id=\"bmw-1-serie-carrosserieen\">Carrocer\u00edas BMW serie 1<\/h2>\n\n<p>La Serie 1 estaba disponible inicialmente como un hatchback de tres y cinco puertas, pero luego sigui\u00f3 una versi\u00f3n Coup\u00e9 y Cabrio. La primera generaci\u00f3n permaneci\u00f3 en producci\u00f3n hasta 2013, despu\u00e9s de lo cual la segunda generaci\u00f3n tom\u00f3 el relevo. Despu\u00e9s de un lavado de cara en 2015, ese modelo a su vez dio paso a la tercera y actual generaci\u00f3n en 2019. Rompiendo la tradici\u00f3n: el BMW Serie 1 ahora es impulsado por las ruedas delanteras, aunque algunas versiones est\u00e1n equipadas con tracci\u00f3n en las cuatro ruedas.<\/p>\n\n<h2 class=\"wp-block-heading\" id=\"bmw-1-serie-sedan\"><br\/>\u00bfBMW <strong>Serie 1 sed\u00e1n?<\/strong><\/h2>\n\n<p>Para la segunda generaci\u00f3n de la Serie 1, el Coup\u00e9 y el Cabrio se descontinuaron nuevamente, el autom\u00f3vil solo estaba disponible como hatchback. Eso cambi\u00f3 en 2017, cuando tambi\u00e9n estuvo disponible una versi\u00f3n sed\u00e1n espec\u00edficamente para el mercado chino. Esta variante es muy similar al hatchback, pero todav\u00eda tiene su propia parte delantera y trasera y tambi\u00e9n est\u00e1 construida sobre la plataforma de tracci\u00f3n delantera de BMW. Con el BMW Serie 2 Gran Coup\u00e9, ahora tambi\u00e9n existe un modelo comparable para Europa, aunque este Gran Coup\u00e9 es un liftback y no una berlina.<\/p>\n\n<h2 class=\"wp-block-heading\" id=\"technisch\">T\u00e9cnico<\/h2>\n\n<figure class=\"wp-block-table is-style-stripes\"><table class=\"has-fixed-layout\"><tbody><tr><td>Tipo de motor<\/td><td>gasolina, l\u00ednea de 3 cilindros<\/td><\/tr><tr><td>Desplazamiento<\/td><td>1.499cm<\/td><\/tr><tr><td>m\u00e1x. activos<\/td><td>80 kW (109 CV)<\/td><\/tr><tr><td>abeja<\/td><td>4.300 rpm<\/td><\/tr><tr><td>m\u00e1x. Pareja<\/td><td>190 nm<\/td><\/tr><tr><td>abeja<\/td><td>1.380 rpm<\/td><\/tr><tr><td>Conducir<\/td><td>ruedas frontales<\/td><\/tr><tr><td>Frenos de\/a<\/td><td>dado juego de damas<\/td><\/tr><tr><td>Radio de giro<\/td><td>11,4 metros<\/td><\/tr><tr><td>Rango de poder<\/td><td>80 a 225 kilovatios<\/td><\/tr><\/tbody><\/table><\/figure>\n\n<h2 class=\"wp-block-heading\" id=\"algemeen\">General<\/h2>\n\n<figure class=\"wp-block-table is-style-stripes\"><table class=\"has-fixed-layout\"><tbody><tr><td>Transmisi\u00f3n<\/td><td>6MT (opci\u00f3n 7AT)<\/td><\/tr><tr><td>Tipo de cuerpo<\/td><td>5 hab. hatchback<\/td><\/tr><tr><td>EuroNCAP<\/td><td>5 estrellas<\/td><\/tr><tr><td>Lanzamiento al mercado<\/td><td>julio 2019<\/td><\/tr><tr><td>\u00daltimo lavado de cara<\/td><td>N \/ A<\/td><\/tr><tr><td>Garant\u00eda<\/td><td>3 a\u00f1os<\/td><\/tr><tr><td>Desde precio<\/td><td>32.020\u20ac<\/td><\/tr><tr><td>Particularidades<\/td><td>Este BMW Serie 1 de tercera generaci\u00f3n tiene tracci\u00f3n delantera y rompe as\u00ed con la tradici\u00f3n de tracci\u00f3n trasera de los BMW.<\/td><\/tr><\/tbody><\/table><\/figure>\n\n<h2 class=\"wp-block-heading\" id=\"afmetingen-gewichten\">Dimensiones\/pesos<\/h2>\n\n<figure class=\"wp-block-table is-style-stripes\"><table class=\"has-fixed-layout\"><tbody><tr><td>Tama\u00f1o de llanta<\/td><td>205\/55 R16<\/td><\/tr><tr><td>L x An x Al<\/td><td>4319 x 1799 x 1434 mm<\/td><\/tr><tr><td>distancia entre ejes<\/td><td>2.670 mm<\/td><\/tr><tr><td>Masa vac\u00eda<\/td><td>1.295 kg<\/td><\/tr><tr><td>m\u00e1x. seg\u00fan peso<\/td><td>1.100 kg<\/td><\/tr><tr><td>continuaci\u00f3n bolsa. habitaci\u00f3n.<\/td><td>380 litros<\/td><\/tr><tr><td>Capacidad del tanque<\/td><td>42l<\/td><\/tr><\/tbody><\/table><\/figure>\n\n<h2 class=\"wp-block-heading\" id=\"verbruik\">Consumo<\/h2>\n\n<figure class=\"wp-block-table is-style-stripes\"><table class=\"has-fixed-layout\"><tbody><tr><td>con. conjunto<\/td><td>5,7 l\/100 km<\/td><\/tr><tr><td>emisiones de CO\u2082<\/td><td>129g\/km<\/td><\/tr><tr><td>Etiqueta energ\u00e9tica<\/td><td>B<\/td><\/tr><\/tbody><\/table><\/figure>\n\n<h2 class=\"wp-block-heading\" id=\"prestaties\">Rendimiento<\/h2>\n\n<figure class=\"wp-block-table is-style-stripes\"><table class=\"has-fixed-layout\"><tbody><tr><td>Cuenta 0-100 km\/h<\/td><td>10,6 seg<\/td><\/tr><tr><td>velocidad m\u00e1xima<\/td><td>200 km\/h<\/td><\/tr><\/tbody><\/table><\/figure>\n","protected":false},"excerpt":{"rendered":"<p>El BMW Serie 1 apareci\u00f3 en 2004 como el nuevo modelo b\u00e1sico de la marca b\u00e1vara. BMW construy\u00f3 la Serie [&hellip;]<\/p>\n","protected":false},"author":2,"featured_media":116553,"parent":116516,"menu_order":0,"comment_status":"closed","ping_status":"closed","template":"","meta":{"footnotes":""},"class_list":["post-116540","page","type-page","status-publish","has-post-thumbnail","hentry"],"acf":[],"yoast_head":"<!-- This site is optimized with the Yoast SEO plugin v21.2 - https:\/\/yoast.com\/wordpress\/plugins\/seo\/ -->\n<title>bmw serie 1 - All cars news<\/title>\n<meta name=\"robots\" content=\"index, follow, max-snippet:-1, max-image-preview:large, max-video-preview:-1\" \/>\n<link rel=\"canonical\" href=\"https:\/\/all-car-news.com\/es\/buscador-de-coches\/bmw\/bmw-serie-1\/\" \/>\n<meta property=\"og:locale\" content=\"es_ES\" \/>\n<meta property=\"og:type\" content=\"article\" \/>\n<meta property=\"og:title\" content=\"bmw serie 1 - All cars news\" \/>\n<meta property=\"og:description\" content=\"El BMW Serie 1 apareci\u00f3 en 2004 como el nuevo modelo b\u00e1sico de la marca b\u00e1vara. BMW construy\u00f3 la Serie [&hellip;]\" \/>\n<meta property=\"og:url\" content=\"https:\/\/all-car-news.com\/es\/buscador-de-coches\/bmw\/bmw-serie-1\/\" \/>\n<meta property=\"og:site_name\" content=\"All cars news\" \/>\n<meta property=\"article:modified_time\" content=\"2022-02-22T13:24:21+00:00\" \/>\n<meta property=\"og:image\" content=\"https:\/\/all-car-news.com\/wp-content\/uploads\/2022\/02\/BMW-1-Serie-1.jpeg\" \/>\n\t<meta property=\"og:image:width\" content=\"1280\" \/>\n\t<meta property=\"og:image:height\" content=\"925\" \/>\n\t<meta property=\"og:image:type\" content=\"image\/jpeg\" \/>\n<meta name=\"twitter:card\" content=\"summary_large_image\" \/>\n<meta name=\"twitter:label1\" content=\"Tiempo de lectura\" \/>\n\t<meta name=\"twitter:data1\" content=\"2 minutos\" \/>\n<script type=\"application\/ld+json\" class=\"yoast-schema-graph\">{\"@context\":\"https:\/\/schema.org\",\"@graph\":[{\"@type\":\"WebPage\",\"@id\":\"https:\/\/all-car-news.com\/es\/buscador-de-coches\/bmw\/bmw-serie-1\/\",\"url\":\"https:\/\/all-car-news.com\/es\/buscador-de-coches\/bmw\/bmw-serie-1\/\",\"name\":\"bmw serie 1 - All cars news\",\"isPartOf\":{\"@id\":\"https:\/\/all-car-news.com\/es\/#website\"},\"datePublished\":\"2022-02-22T09:35:27+00:00\",\"dateModified\":\"2022-02-22T13:24:21+00:00\",\"breadcrumb\":{\"@id\":\"https:\/\/all-car-news.com\/es\/buscador-de-coches\/bmw\/bmw-serie-1\/#breadcrumb\"},\"inLanguage\":\"es\",\"potentialAction\":[{\"@type\":\"ReadAction\",\"target\":[\"https:\/\/all-car-news.com\/es\/buscador-de-coches\/bmw\/bmw-serie-1\/\"]}]},{\"@type\":\"BreadcrumbList\",\"@id\":\"https:\/\/all-car-news.com\/es\/buscador-de-coches\/bmw\/bmw-serie-1\/#breadcrumb\",\"itemListElement\":[{\"@type\":\"ListItem\",\"position\":1,\"name\":\"Home\",\"item\":\"https:\/\/all-car-news.com\/es\/\"},{\"@type\":\"ListItem\",\"position\":2,\"name\":\"buscador de coches\",\"item\":\"https:\/\/all-car-news.com\/es\/buscador-de-coches\/\"},{\"@type\":\"ListItem\",\"position\":3,\"name\":\"BMW\",\"item\":\"https:\/\/all-car-news.com\/es\/buscador-de-coches\/bmw\/\"},{\"@type\":\"ListItem\",\"position\":4,\"name\":\"bmw serie 1\"}]},{\"@type\":\"WebSite\",\"@id\":\"https:\/\/all-car-news.com\/es\/#website\",\"url\":\"https:\/\/all-car-news.com\/es\/\",\"name\":\"All cars news\",\"description\":\"\",\"publisher\":{\"@id\":\"https:\/\/all-car-news.com\/es\/#organization\"},\"potentialAction\":[{\"@type\":\"SearchAction\",\"target\":{\"@type\":\"EntryPoint\",\"urlTemplate\":\"https:\/\/all-car-news.com\/es\/?s={search_term_string}\"},\"query-input\":\"required name=search_term_string\"}],\"inLanguage\":\"es\"},{\"@type\":\"Organization\",\"@id\":\"https:\/\/all-car-news.com\/es\/#organization\",\"name\":\"All cars news\",\"url\":\"https:\/\/all-car-news.com\/es\/\",\"logo\":{\"@type\":\"ImageObject\",\"inLanguage\":\"es\",\"@id\":\"https:\/\/all-car-news.com\/es\/#\/schema\/logo\/image\/\",\"url\":\"https:\/\/all-car-news.com\/wp-content\/uploads\/2022\/02\/CMYK-AllCarNews_LANDSCAPE_300px-1.png\",\"contentUrl\":\"https:\/\/all-car-news.com\/wp-content\/uploads\/2022\/02\/CMYK-AllCarNews_LANDSCAPE_300px-1.png\",\"width\":300,\"height\":100,\"caption\":\"All cars news\"},\"image\":{\"@id\":\"https:\/\/all-car-news.com\/es\/#\/schema\/logo\/image\/\"}}]}<\/script>\n<!-- \/ Yoast SEO plugin. -->","yoast_head_json":{"title":"bmw serie 1 - All cars news","robots":{"index":"index","follow":"follow","max-snippet":"max-snippet:-1","max-image-preview":"max-image-preview:large","max-video-preview":"max-video-preview:-1"},"canonical":"https:\/\/all-car-news.com\/es\/buscador-de-coches\/bmw\/bmw-serie-1\/","og_locale":"es_ES","og_type":"article","og_title":"bmw serie 1 - All cars news","og_description":"El BMW Serie 1 apareci\u00f3 en 2004 como el nuevo modelo b\u00e1sico de la marca b\u00e1vara. BMW construy\u00f3 la Serie [&hellip;]","og_url":"https:\/\/all-car-news.com\/es\/buscador-de-coches\/bmw\/bmw-serie-1\/","og_site_name":"All cars news","article_modified_time":"2022-02-22T13:24:21+00:00","og_image":[{"width":1280,"height":925,"url":"https:\/\/all-car-news.com\/wp-content\/uploads\/2022\/02\/BMW-1-Serie-1.jpeg","type":"image\/jpeg"}],"twitter_card":"summary_large_image","twitter_misc":{"Tiempo de lectura":"2 minutos"},"schema":{"@context":"https:\/\/schema.org","@graph":[{"@type":"WebPage","@id":"https:\/\/all-car-news.com\/es\/buscador-de-coches\/bmw\/bmw-serie-1\/","url":"https:\/\/all-car-news.com\/es\/buscador-de-coches\/bmw\/bmw-serie-1\/","name":"bmw serie 1 - All cars news","isPartOf":{"@id":"https:\/\/all-car-news.com\/es\/#website"},"datePublished":"2022-02-22T09:35:27+00:00","dateModified":"2022-02-22T13:24:21+00:00","breadcrumb":{"@id":"https:\/\/all-car-news.com\/es\/buscador-de-coches\/bmw\/bmw-serie-1\/#breadcrumb"},"inLanguage":"es","potentialAction":[{"@type":"ReadAction","target":["https:\/\/all-car-news.com\/es\/buscador-de-coches\/bmw\/bmw-serie-1\/"]}]},{"@type":"BreadcrumbList","@id":"https:\/\/all-car-news.com\/es\/buscador-de-coches\/bmw\/bmw-serie-1\/#breadcrumb","itemListElement":[{"@type":"ListItem","position":1,"name":"Home","item":"https:\/\/all-car-news.com\/es\/"},{"@type":"ListItem","position":2,"name":"buscador de coches","item":"https:\/\/all-car-news.com\/es\/buscador-de-coches\/"},{"@type":"ListItem","position":3,"name":"BMW","item":"https:\/\/all-car-news.com\/es\/buscador-de-coches\/bmw\/"},{"@type":"ListItem","position":4,"name":"bmw serie 1"}]},{"@type":"WebSite","@id":"https:\/\/all-car-news.com\/es\/#website","url":"https:\/\/all-car-news.com\/es\/","name":"All cars news","description":"","publisher":{"@id":"https:\/\/all-car-news.com\/es\/#organization"},"potentialAction":[{"@type":"SearchAction","target":{"@type":"EntryPoint","urlTemplate":"https:\/\/all-car-news.com\/es\/?s={search_term_string}"},"query-input":"required name=search_term_string"}],"inLanguage":"es"},{"@type":"Organization","@id":"https:\/\/all-car-news.com\/es\/#organization","name":"All cars news","url":"https:\/\/all-car-news.com\/es\/","logo":{"@type":"ImageObject","inLanguage":"es","@id":"https:\/\/all-car-news.com\/es\/#\/schema\/logo\/image\/","url":"https:\/\/all-car-news.com\/wp-content\/uploads\/2022\/02\/CMYK-AllCarNews_LANDSCAPE_300px-1.png","contentUrl":"https:\/\/all-car-news.com\/wp-content\/uploads\/2022\/02\/CMYK-AllCarNews_LANDSCAPE_300px-1.png","width":300,"height":100,"caption":"All cars news"},"image":{"@id":"https:\/\/all-car-news.com\/es\/#\/schema\/logo\/image\/"}}]}},"_links":{"self":[{"href":"https:\/\/all-car-news.com\/es\/wp-json\/wp\/v2\/pages\/116540","targetHints":{"allow":["GET"]}}],"collection":[{"href":"https:\/\/all-car-news.com\/es\/wp-json\/wp\/v2\/pages"}],"about":[{"href":"https:\/\/all-car-news.com\/es\/wp-json\/wp\/v2\/types\/page"}],"author":[{"embeddable":true,"href":"https:\/\/all-car-news.com\/es\/wp-json\/wp\/v2\/users\/2"}],"replies":[{"embeddable":true,"href":"https:\/\/all-car-news.com\/es\/wp-json\/wp\/v2\/comments?post=116540"}],"version-history":[{"count":0,"href":"https:\/\/all-car-news.com\/es\/wp-json\/wp\/v2\/pages\/116540\/revisions"}],"up":[{"embeddable":true,"href":"https:\/\/all-car-news.com\/es\/wp-json\/wp\/v2\/pages\/116516"}],"wp:featuredmedia":[{"embeddable":true,"href":"https:\/\/all-car-news.com\/es\/wp-json\/wp\/v2\/media\/116553"}],"wp:attachment":[{"href":"https:\/\/all-car-news.com\/es\/wp-json\/wp\/v2\/media?parent=116540"}],"curies":[{"name":"wp","href":"https:\/\/api.w.org\/{rel}","templated":true}]}}