{"id":118253,"date":"2022-03-09T09:07:05","date_gmt":"2022-03-09T09:07:05","guid":{"rendered":"https:\/\/all-car-news.com\/autofinder\/volkswagen\/kia-picanto\/"},"modified":"2022-03-09T09:07:11","modified_gmt":"2022-03-09T09:07:11","slug":"kia-picanto","status":"publish","type":"page","link":"https:\/\/all-car-news.com\/de\/autofinder\/volkswagen\/kia-picanto\/","title":{"rendered":"Kia Picanto"},"content":{"rendered":"\n<p>2004 stieg Kia mit dem Picanto in den europ\u00e4ischen Kleinwagenmarkt ein. Das Auto wurde auf einer verk\u00fcrzten Version der Hyundai Getz-Plattform gebaut und teilte auch viele Teile mit dem Hyundai Atos. F\u00fcr den europ\u00e4ischen Markt wurde der Picanto im Vergleich zur asiatischen Version des Autos serienm\u00e4\u00dfig extra dekoriert. Das Auto bew\u00e4hrte sich als beliebtes City-Cart, was durch die 2011 vorgestellte zweite Generation weiter aufgewertet wurde.<\/p>\n\n<p>2004 stieg Kia mit dem Picanto in den europ\u00e4ischen Kleinwagenmarkt ein. Das Auto wurde auf einer verk\u00fcrzten Version der Hyundai Getz-Plattform gebaut und teilte auch viele Teile mit dem Hyundai Atos. F\u00fcr den europ\u00e4ischen Markt wurde der Picanto im Vergleich zur asiatischen Version des Autos serienm\u00e4\u00dfig extra dekoriert. Das Auto bew\u00e4hrte sich als beliebtes City-Cart, was durch die 2011 vorgestellte zweite Generation weiter aufgewertet wurde.<\/p>\n\n<h2 class=\"wp-block-heading\"><strong>Die jetzige<\/strong><br\/><\/h2>\n\n<p>Das aktuelle Modell steht seit 2017 im Showroom. Obwohl das Grundkonzept gleich geblieben ist, hat das Auto wieder einige Schritte nach vorne gemacht und die Imbisswitze (fast) komplett abgesch\u00fcttelt. Das Auto wird gut angenommen. Neu ist die GT-Line, eine Version mit sportlichem Dekor.<\/p>\n\n<h2 class=\"wp-block-heading\"><strong>Exklusiver R-Sport<\/strong><br\/><\/h2>\n\n<p>Das mag Erinnerungen an den R-Sport wecken. Das war eine Sonderversion, die 2010 als Abschiedsmodell f\u00fcr die erste Generation des Picanto vorgestellt wurde. Wie der Name schon sagt, erhielt das Auto sportliche Dekorationen, aber das ist nicht das Besondere an dem Modell. Der R-Sport wurde ausschlie\u00dflich \u00fcber das Internet \u00fcber die eCollectionbyKia verkauft. Noch spezieller ist die Auflage des Modells: nur 130 St\u00fcck. Damit ist der Picanto R-Sport exklusiver als die meisten Supersportwagen&#8230;<\/p>\n\n<h2 class=\"wp-block-heading\">Technisch<\/h2>\n\n<figure class=\"wp-block-table is-style-stripes\"><table class=\"has-fixed-layout\"><tbody><tr><td>Motortyp<\/td><td>Benzin, 3-Zylinder-Reihe<\/td><\/tr><tr><td>Verschiebung<\/td><td>998cm<\/td><\/tr><tr><td>max. Verm\u00f6genswerte<\/td><td>49 kW (67 PS)<\/td><\/tr><tr><td>Biene<\/td><td>5.500 U\/min<\/td><\/tr><tr><td>max. Paar<\/td><td>96 Nm<\/td><\/tr><tr><td>Biene<\/td><td>3.500 U\/min<\/td><\/tr><tr><td>Fahrt<\/td><td>Vorderreifen<\/td><\/tr><tr><td>Bremsen von\/a<\/td><td>gegeben Platten\/Schlagzeug<\/td><\/tr><tr><td>Wendekreis<\/td><td>9,2 m<\/td><\/tr><tr><td>Leistungsbereich<\/td><td>49 bis 74 kW<\/td><\/tr><\/tbody><\/table><\/figure>\n\n<h2 class=\"wp-block-heading\">Allgemein<\/h2>\n\n<figure class=\"wp-block-table is-style-stripes\"><table class=\"has-fixed-layout\"><tbody><tr><td>\u00dcbertragung<\/td><td>5MT<\/td><\/tr><tr><td>K\u00f6rpertyp<\/td><td>5-tlg. Schr\u00e4gheck<\/td><\/tr><tr><td>Euro NCAP<\/td><td>3 Sterne<\/td><\/tr><tr><td>Markteinf\u00fchrung<\/td><td>April 2017<\/td><\/tr><tr><td>Neustes Facelift<\/td><td>N \/ A<\/td><\/tr><tr><td>Garantie<\/td><td>7 Jahre<\/td><\/tr><tr><td>Vom Preis<\/td><td>13.495 \u20ac<\/td><\/tr><tr><td>Besonderheiten<\/td><td>Der Picanto geh\u00f6rt ausnahmslos zu den Top 5 der meistverkauften Autos in den Niederlanden.<\/td><\/tr><\/tbody><\/table><\/figure>\n\n<h2 class=\"wp-block-heading\">Ma\u00dfe\/Gewichte<\/h2>\n\n<figure class=\"wp-block-table is-style-stripes\"><table class=\"has-fixed-layout\"><tbody><tr><td>Reifengr\u00f6\u00dfe<\/td><td>175\/65 R14<\/td><\/tr><tr><td>L x B x H<\/td><td>3.595 x 1.595 x 1.485 mm<\/td><\/tr><tr><td>Radstand<\/td><td>2.400 mm<\/td><\/tr><tr><td>Masse leer<\/td><td>830 Kilo<\/td><\/tr><tr><td>max. gem. Gew.<\/td><td>n\/a kg<\/td><\/tr><tr><td>Forts. Tasche. Zimmer.<\/td><td>255 l<\/td><\/tr><tr><td>Tankinhalt<\/td><td>35 l<\/td><\/tr><\/tbody><\/table><\/figure>\n\n<h2 class=\"wp-block-heading\">Verbrauch<\/h2>\n\n<figure class=\"wp-block-table is-style-stripes\"><table class=\"has-fixed-layout\"><tbody><tr><td>Anschluss kombiniert<\/td><td>4,4l\/100km<\/td><\/tr><tr><td>CO\u2082-Emissionen<\/td><td>101g\/km<\/td><\/tr><tr><td>Energielabel<\/td><td>C<\/td><\/tr><\/tbody><\/table><\/figure>\n\n<h2 class=\"wp-block-heading\">Leistung<\/h2>\n\n<figure class=\"wp-block-table is-style-stripes\"><table class=\"has-fixed-layout\"><tbody><tr><td>gem. 0-100 km\/h<\/td><td>14,5 Sek<\/td><\/tr><tr><td>H\u00f6chstgeschwindigkeit<\/td><td>158 km\/h<\/td><\/tr><\/tbody><\/table><\/figure>\n","protected":false},"excerpt":{"rendered":"<p>2004 stieg Kia mit dem Picanto in den europ\u00e4ischen Kleinwagenmarkt ein. Das Auto wurde auf einer verk\u00fcrzten Version der Hyundai [&hellip;]<\/p>\n","protected":false},"author":4,"featured_media":118108,"parent":117700,"menu_order":0,"comment_status":"closed","ping_status":"closed","template":"","meta":{"footnotes":""},"class_list":["post-118253","page","type-page","status-publish","has-post-thumbnail","hentry"],"acf":[],"yoast_head":"<!-- This site is optimized with the Yoast SEO plugin v21.2 - https:\/\/yoast.com\/wordpress\/plugins\/seo\/ -->\n<title>Kia Picanto - All cars news<\/title>\n<meta name=\"robots\" content=\"index, follow, max-snippet:-1, max-image-preview:large, max-video-preview:-1\" \/>\n<link rel=\"canonical\" href=\"https:\/\/all-car-news.com\/de\/autofinder\/volkswagen\/kia-picanto\/\" \/>\n<meta property=\"og:locale\" content=\"de_DE\" \/>\n<meta property=\"og:type\" content=\"article\" \/>\n<meta property=\"og:title\" content=\"Kia Picanto - All cars news\" \/>\n<meta property=\"og:description\" content=\"2004 stieg Kia mit dem Picanto in den europ\u00e4ischen Kleinwagenmarkt ein. Das Auto wurde auf einer verk\u00fcrzten Version der Hyundai [&hellip;]\" \/>\n<meta property=\"og:url\" content=\"https:\/\/all-car-news.com\/de\/autofinder\/volkswagen\/kia-picanto\/\" \/>\n<meta property=\"og:site_name\" content=\"All cars news\" \/>\n<meta property=\"article:modified_time\" content=\"2022-03-09T09:07:11+00:00\" \/>\n<meta property=\"og:image\" content=\"https:\/\/all-car-news.com\/wp-content\/uploads\/2022\/03\/Kia-Picanto-1.jpg\" \/>\n\t<meta property=\"og:image:width\" content=\"1280\" \/>\n\t<meta property=\"og:image:height\" content=\"924\" \/>\n\t<meta property=\"og:image:type\" content=\"image\/jpeg\" \/>\n<meta name=\"twitter:card\" content=\"summary_large_image\" \/>\n<meta name=\"twitter:label1\" content=\"Gesch\u00e4tzte Lesezeit\" \/>\n\t<meta name=\"twitter:data1\" content=\"2\u00a0Minuten\" \/>\n<script type=\"application\/ld+json\" class=\"yoast-schema-graph\">{\"@context\":\"https:\/\/schema.org\",\"@graph\":[{\"@type\":\"WebPage\",\"@id\":\"https:\/\/all-car-news.com\/de\/autofinder\/volkswagen\/kia-picanto\/\",\"url\":\"https:\/\/all-car-news.com\/de\/autofinder\/volkswagen\/kia-picanto\/\",\"name\":\"Kia Picanto - All cars news\",\"isPartOf\":{\"@id\":\"https:\/\/all-car-news.com\/de\/#website\"},\"datePublished\":\"2022-03-09T09:07:05+00:00\",\"dateModified\":\"2022-03-09T09:07:11+00:00\",\"breadcrumb\":{\"@id\":\"https:\/\/all-car-news.com\/de\/autofinder\/volkswagen\/kia-picanto\/#breadcrumb\"},\"inLanguage\":\"de\",\"potentialAction\":[{\"@type\":\"ReadAction\",\"target\":[\"https:\/\/all-car-news.com\/de\/autofinder\/volkswagen\/kia-picanto\/\"]}]},{\"@type\":\"BreadcrumbList\",\"@id\":\"https:\/\/all-car-news.com\/de\/autofinder\/volkswagen\/kia-picanto\/#breadcrumb\",\"itemListElement\":[{\"@type\":\"ListItem\",\"position\":1,\"name\":\"Home\",\"item\":\"https:\/\/all-car-news.com\/de\/\"},{\"@type\":\"ListItem\",\"position\":2,\"name\":\"Autofinder\",\"item\":\"https:\/\/all-car-news.com\/de\/autofinder\/\"},{\"@type\":\"ListItem\",\"position\":3,\"name\":\"Volkswagen\",\"item\":\"https:\/\/all-car-news.com\/de\/autofinder\/volkswagen\/\"},{\"@type\":\"ListItem\",\"position\":4,\"name\":\"Kia Picanto\"}]},{\"@type\":\"WebSite\",\"@id\":\"https:\/\/all-car-news.com\/de\/#website\",\"url\":\"https:\/\/all-car-news.com\/de\/\",\"name\":\"All cars news\",\"description\":\"\",\"publisher\":{\"@id\":\"https:\/\/all-car-news.com\/de\/#organization\"},\"potentialAction\":[{\"@type\":\"SearchAction\",\"target\":{\"@type\":\"EntryPoint\",\"urlTemplate\":\"https:\/\/all-car-news.com\/de\/?s={search_term_string}\"},\"query-input\":\"required name=search_term_string\"}],\"inLanguage\":\"de\"},{\"@type\":\"Organization\",\"@id\":\"https:\/\/all-car-news.com\/de\/#organization\",\"name\":\"All cars news\",\"url\":\"https:\/\/all-car-news.com\/de\/\",\"logo\":{\"@type\":\"ImageObject\",\"inLanguage\":\"de\",\"@id\":\"https:\/\/all-car-news.com\/de\/#\/schema\/logo\/image\/\",\"url\":\"https:\/\/all-car-news.com\/wp-content\/uploads\/2022\/02\/CMYK-AllCarNews_LANDSCAPE_300px-1.png\",\"contentUrl\":\"https:\/\/all-car-news.com\/wp-content\/uploads\/2022\/02\/CMYK-AllCarNews_LANDSCAPE_300px-1.png\",\"width\":300,\"height\":100,\"caption\":\"All cars news\"},\"image\":{\"@id\":\"https:\/\/all-car-news.com\/de\/#\/schema\/logo\/image\/\"}}]}<\/script>\n<!-- \/ Yoast SEO plugin. -->","yoast_head_json":{"title":"Kia Picanto - All cars news","robots":{"index":"index","follow":"follow","max-snippet":"max-snippet:-1","max-image-preview":"max-image-preview:large","max-video-preview":"max-video-preview:-1"},"canonical":"https:\/\/all-car-news.com\/de\/autofinder\/volkswagen\/kia-picanto\/","og_locale":"de_DE","og_type":"article","og_title":"Kia Picanto - All cars news","og_description":"2004 stieg Kia mit dem Picanto in den europ\u00e4ischen Kleinwagenmarkt ein. Das Auto wurde auf einer verk\u00fcrzten Version der Hyundai [&hellip;]","og_url":"https:\/\/all-car-news.com\/de\/autofinder\/volkswagen\/kia-picanto\/","og_site_name":"All cars news","article_modified_time":"2022-03-09T09:07:11+00:00","og_image":[{"width":1280,"height":924,"url":"https:\/\/all-car-news.com\/wp-content\/uploads\/2022\/03\/Kia-Picanto-1.jpg","type":"image\/jpeg"}],"twitter_card":"summary_large_image","twitter_misc":{"Gesch\u00e4tzte Lesezeit":"2\u00a0Minuten"},"schema":{"@context":"https:\/\/schema.org","@graph":[{"@type":"WebPage","@id":"https:\/\/all-car-news.com\/de\/autofinder\/volkswagen\/kia-picanto\/","url":"https:\/\/all-car-news.com\/de\/autofinder\/volkswagen\/kia-picanto\/","name":"Kia Picanto - All cars news","isPartOf":{"@id":"https:\/\/all-car-news.com\/de\/#website"},"datePublished":"2022-03-09T09:07:05+00:00","dateModified":"2022-03-09T09:07:11+00:00","breadcrumb":{"@id":"https:\/\/all-car-news.com\/de\/autofinder\/volkswagen\/kia-picanto\/#breadcrumb"},"inLanguage":"de","potentialAction":[{"@type":"ReadAction","target":["https:\/\/all-car-news.com\/de\/autofinder\/volkswagen\/kia-picanto\/"]}]},{"@type":"BreadcrumbList","@id":"https:\/\/all-car-news.com\/de\/autofinder\/volkswagen\/kia-picanto\/#breadcrumb","itemListElement":[{"@type":"ListItem","position":1,"name":"Home","item":"https:\/\/all-car-news.com\/de\/"},{"@type":"ListItem","position":2,"name":"Autofinder","item":"https:\/\/all-car-news.com\/de\/autofinder\/"},{"@type":"ListItem","position":3,"name":"Volkswagen","item":"https:\/\/all-car-news.com\/de\/autofinder\/volkswagen\/"},{"@type":"ListItem","position":4,"name":"Kia Picanto"}]},{"@type":"WebSite","@id":"https:\/\/all-car-news.com\/de\/#website","url":"https:\/\/all-car-news.com\/de\/","name":"All cars news","description":"","publisher":{"@id":"https:\/\/all-car-news.com\/de\/#organization"},"potentialAction":[{"@type":"SearchAction","target":{"@type":"EntryPoint","urlTemplate":"https:\/\/all-car-news.com\/de\/?s={search_term_string}"},"query-input":"required name=search_term_string"}],"inLanguage":"de"},{"@type":"Organization","@id":"https:\/\/all-car-news.com\/de\/#organization","name":"All cars news","url":"https:\/\/all-car-news.com\/de\/","logo":{"@type":"ImageObject","inLanguage":"de","@id":"https:\/\/all-car-news.com\/de\/#\/schema\/logo\/image\/","url":"https:\/\/all-car-news.com\/wp-content\/uploads\/2022\/02\/CMYK-AllCarNews_LANDSCAPE_300px-1.png","contentUrl":"https:\/\/all-car-news.com\/wp-content\/uploads\/2022\/02\/CMYK-AllCarNews_LANDSCAPE_300px-1.png","width":300,"height":100,"caption":"All cars news"},"image":{"@id":"https:\/\/all-car-news.com\/de\/#\/schema\/logo\/image\/"}}]}},"_links":{"self":[{"href":"https:\/\/all-car-news.com\/de\/wp-json\/wp\/v2\/pages\/118253","targetHints":{"allow":["GET"]}}],"collection":[{"href":"https:\/\/all-car-news.com\/de\/wp-json\/wp\/v2\/pages"}],"about":[{"href":"https:\/\/all-car-news.com\/de\/wp-json\/wp\/v2\/types\/page"}],"author":[{"embeddable":true,"href":"https:\/\/all-car-news.com\/de\/wp-json\/wp\/v2\/users\/4"}],"replies":[{"embeddable":true,"href":"https:\/\/all-car-news.com\/de\/wp-json\/wp\/v2\/comments?post=118253"}],"version-history":[{"count":0,"href":"https:\/\/all-car-news.com\/de\/wp-json\/wp\/v2\/pages\/118253\/revisions"}],"up":[{"embeddable":true,"href":"https:\/\/all-car-news.com\/de\/wp-json\/wp\/v2\/pages\/117700"}],"wp:featuredmedia":[{"embeddable":true,"href":"https:\/\/all-car-news.com\/de\/wp-json\/wp\/v2\/media\/118108"}],"wp:attachment":[{"href":"https:\/\/all-car-news.com\/de\/wp-json\/wp\/v2\/media?parent=118253"}],"curies":[{"name":"wp","href":"https:\/\/api.w.org\/{rel}","templated":true}]}}