{"id":118239,"date":"2022-03-09T09:07:02","date_gmt":"2022-03-09T09:07:02","guid":{"rendered":"https:\/\/all-car-news.com\/autofinder\/volkswagen\/kia-pro_ceed\/"},"modified":"2022-03-09T09:07:13","modified_gmt":"2022-03-09T09:07:13","slug":"kia-pro_ceed","status":"publish","type":"page","link":"https:\/\/all-car-news.com\/de\/autofinder\/volkswagen\/kia-pro_ceed\/","title":{"rendered":"Kia Pro_ceed"},"content":{"rendered":"\n<p>2006 erschien Kias Nachfolger f\u00fcr den Cerato. Es war das erste voll entwickelte Auto der Marke in Europa und das Modell wird auch nur auf unserem Kontinent verkauft. Das Auto hatte den unverwechselbaren Namen Cee&#8217;d. Wie kam es zu diesem Namen? Kia benannte das Auto nach seinem Markt: der Europ\u00e4ischen Wirtschaftsgemeinschaft, auch als EWG oder CEE bezeichnet. Dazu kam European Design, woraus CEEED entstand. Weil das viele E&#8217;s waren, ersetzte Kia eines davon durch ein Apostroph. Damit. Der Dreit\u00fcrer ging als Pro_Cee\u2019d durchs Leben und der Kombi \u201enur\u201c als Cee\u2019d SW.<\/p>\n\n<p>2006 erschien Kias Nachfolger f\u00fcr den Cerato. Es war das erste voll entwickelte Auto der Marke in Europa und das Modell wird auch nur auf unserem Kontinent verkauft. Das Auto hatte den unverwechselbaren Namen Cee&#8217;d. Wie kam es zu diesem Namen? Kia benannte das Auto nach seinem Markt: der Europ\u00e4ischen Wirtschaftsgemeinschaft, auch als EWG oder CEE bezeichnet. Dazu kam European Design, woraus CEEED entstand. Weil das viele E&#8217;s waren, ersetzte Kia eines davon durch ein Apostroph. Damit. Der Dreit\u00fcrer ging als Pro_Cee\u2019d durchs Leben und der Kombi \u201enur\u201c als Cee\u2019d SW.<\/p>\n\n<h2 class=\"wp-block-heading\"><strong>hoch<\/strong><br\/><\/h2>\n\n<p>Mit der zweiten Generation ab 2012 positioniert Kia den Cee&#8217;d etwas h\u00f6her. F\u00fcr den h\u00f6heren Preis kamen eine etwas reichhaltigere Ausstattung und verbesserte Fahreigenschaften hinzu. Eine neue Version war der GT f\u00fcr den dreit\u00fcrigen Pro_Cee&#8217;d, mit dem Kia hoffte, im sportlichen Flie\u00dfhecksegment mithalten zu k\u00f6nnen.<\/p>\n\n<h2 class=\"wp-block-heading\"><strong>Namens\u00e4nderung<\/strong><br\/><\/h2>\n\n<p>2018 wurde uns das aktuelle Modell vorgestellt. In den meisten Punkten sind sie den gleichen Weg gegangen, aber einiges hat sich ge\u00e4ndert. Der Name des Autos zum Beispiel, oder zumindest seine Schreibweise. Der Apostroph wurde jetzt aus dem Namen entfernt und Pro_Cee&#8217;d wird einfach als Fortfahren geschrieben. Von allen Modellen ist der Proceed am st\u00e4rksten modifiziert, weil er kein Dreit\u00fcrer mehr ist. Fortan ist der Proceed auch eine Kombi-Variante, aber im Gegensatz zum regul\u00e4ren SW hat der Proceed eine coup\u00e9hafte Dachlinie \u00e0 la Mercedes-Benz CLA Shooting Brake.<\/p>\n\n<h2 class=\"wp-block-heading\">Technisch<\/h2>\n\n<figure class=\"wp-block-table is-style-stripes\"><table class=\"has-fixed-layout\"><tbody><tr><td>Motortyp<\/td><td>Benzin, 3-Zylinder-Reihe<\/td><\/tr><tr><td>Verschiebung<\/td><td>998cm<\/td><\/tr><tr><td>max. Verm\u00f6genswerte<\/td><td>88 kW (120 PS)<\/td><\/tr><tr><td>Biene<\/td><td>6.000 U\/min<\/td><\/tr><tr><td>max. Paar<\/td><td>172 Nm<\/td><\/tr><tr><td>Biene<\/td><td>1.500 U\/min<\/td><\/tr><tr><td>Fahrt<\/td><td>Vorderreifen<\/td><\/tr><tr><td>Bremsen von\/a<\/td><td>gegeben Datentr\u00e4ger\/Scheiben<\/td><\/tr><tr><td>Wendekreis<\/td><td>10,6 m<\/td><\/tr><tr><td>Leistungsbereich<\/td><td>88 bis 150 kW<\/td><\/tr><\/tbody><\/table><\/figure>\n\n<h2 class=\"wp-block-heading\">Allgemein<\/h2>\n\n<figure class=\"wp-block-table is-style-stripes\"><table class=\"has-fixed-layout\"><tbody><tr><td>\u00dcbertragung<\/td><td>6MT<\/td><\/tr><tr><td>K\u00f6rpertyp<\/td><td>5-tlg. Kombi<\/td><\/tr><tr><td>Euro NCAP<\/td><td>5 Sterne<\/td><\/tr><tr><td>Markteinf\u00fchrung<\/td><td>Januar 2019<\/td><\/tr><tr><td>Neustes Facelift<\/td><td>Oktober 2021<\/td><\/tr><tr><td>Garantie<\/td><td>7 Jahre<\/td><\/tr><tr><td>Vom Preis<\/td><td>32.095 \u20ac<\/td><\/tr><tr><td>Besonderheiten<\/td><td>Der ProCeed ist ein sogenannter Shooting Brake und in allem sportlicher als der Ceed SW.<\/td><\/tr><\/tbody><\/table><\/figure>\n\n<h2 class=\"wp-block-heading\">Ma\u00dfe\/Gewichte<\/h2>\n\n<figure class=\"wp-block-table is-style-stripes\"><table class=\"has-fixed-layout\"><tbody><tr><td>Reifengr\u00f6\u00dfe<\/td><td>225\/40 R18<\/td><\/tr><tr><td>L x B x H<\/td><td>4.615 x 1.800 x 1.442 mm<\/td><\/tr><tr><td>Radstand<\/td><td>2.650 mm<\/td><\/tr><tr><td>Masse leer<\/td><td>1.275 kg<\/td><\/tr><tr><td>max. gem. Gew.<\/td><td>1.000 kg<\/td><\/tr><tr><td>Forts. Tasche. Zimmer.<\/td><td>594 l<\/td><\/tr><tr><td>Tankinhalt<\/td><td>50 l<\/td><\/tr><\/tbody><\/table><\/figure>\n\n<h2 class=\"wp-block-heading\">Verbrauch<\/h2>\n\n<figure class=\"wp-block-table is-style-stripes\"><table class=\"has-fixed-layout\"><tbody><tr><td>Anschluss kombiniert<\/td><td>5,7l\/100km<\/td><\/tr><tr><td>CO\u2082-Emissionen<\/td><td>128g\/km<\/td><\/tr><tr><td>Energielabel<\/td><td>ein<\/td><\/tr><\/tbody><\/table><\/figure>\n\n<h2 class=\"wp-block-heading\">Leistung<\/h2>\n\n<figure class=\"wp-block-table is-style-stripes\"><table class=\"has-fixed-layout\"><tbody><tr><td>gem. 0-100 km\/h<\/td><td>11,4 Sek<\/td><\/tr><tr><td>H\u00f6chstgeschwindigkeit<\/td><td>190 km\/h<\/td><\/tr><\/tbody><\/table><\/figure>\n","protected":false},"excerpt":{"rendered":"<p>2006 erschien Kias Nachfolger f\u00fcr den Cerato. Es war das erste voll entwickelte Auto der Marke in Europa und das [&hellip;]<\/p>\n","protected":false},"author":4,"featured_media":118151,"parent":117700,"menu_order":0,"comment_status":"closed","ping_status":"closed","template":"","meta":{"footnotes":""},"class_list":["post-118239","page","type-page","status-publish","has-post-thumbnail","hentry"],"acf":[],"yoast_head":"<!-- This site is optimized with the Yoast SEO plugin v21.2 - https:\/\/yoast.com\/wordpress\/plugins\/seo\/ -->\n<title>Kia Pro_ceed - All cars news<\/title>\n<meta name=\"robots\" content=\"index, follow, max-snippet:-1, max-image-preview:large, max-video-preview:-1\" \/>\n<link rel=\"canonical\" href=\"https:\/\/all-car-news.com\/de\/autofinder\/volkswagen\/kia-pro_ceed\/\" \/>\n<meta property=\"og:locale\" content=\"de_DE\" \/>\n<meta property=\"og:type\" content=\"article\" \/>\n<meta property=\"og:title\" content=\"Kia Pro_ceed - All cars news\" \/>\n<meta property=\"og:description\" content=\"2006 erschien Kias Nachfolger f\u00fcr den Cerato. Es war das erste voll entwickelte Auto der Marke in Europa und das [&hellip;]\" \/>\n<meta property=\"og:url\" content=\"https:\/\/all-car-news.com\/de\/autofinder\/volkswagen\/kia-pro_ceed\/\" \/>\n<meta property=\"og:site_name\" content=\"All cars news\" \/>\n<meta property=\"article:modified_time\" content=\"2022-03-09T09:07:13+00:00\" \/>\n<meta property=\"og:image\" content=\"https:\/\/all-car-news.com\/wp-content\/uploads\/2022\/03\/Kia-ProCeed-GT-2.jpg\" \/>\n\t<meta property=\"og:image:width\" content=\"1600\" \/>\n\t<meta property=\"og:image:height\" content=\"1165\" \/>\n\t<meta property=\"og:image:type\" content=\"image\/jpeg\" \/>\n<meta name=\"twitter:card\" content=\"summary_large_image\" \/>\n<meta name=\"twitter:label1\" content=\"Gesch\u00e4tzte Lesezeit\" \/>\n\t<meta name=\"twitter:data1\" content=\"2\u00a0Minuten\" \/>\n<script type=\"application\/ld+json\" class=\"yoast-schema-graph\">{\"@context\":\"https:\/\/schema.org\",\"@graph\":[{\"@type\":\"WebPage\",\"@id\":\"https:\/\/all-car-news.com\/de\/autofinder\/volkswagen\/kia-pro_ceed\/\",\"url\":\"https:\/\/all-car-news.com\/de\/autofinder\/volkswagen\/kia-pro_ceed\/\",\"name\":\"Kia Pro_ceed - All cars news\",\"isPartOf\":{\"@id\":\"https:\/\/all-car-news.com\/de\/#website\"},\"datePublished\":\"2022-03-09T09:07:02+00:00\",\"dateModified\":\"2022-03-09T09:07:13+00:00\",\"breadcrumb\":{\"@id\":\"https:\/\/all-car-news.com\/de\/autofinder\/volkswagen\/kia-pro_ceed\/#breadcrumb\"},\"inLanguage\":\"de\",\"potentialAction\":[{\"@type\":\"ReadAction\",\"target\":[\"https:\/\/all-car-news.com\/de\/autofinder\/volkswagen\/kia-pro_ceed\/\"]}]},{\"@type\":\"BreadcrumbList\",\"@id\":\"https:\/\/all-car-news.com\/de\/autofinder\/volkswagen\/kia-pro_ceed\/#breadcrumb\",\"itemListElement\":[{\"@type\":\"ListItem\",\"position\":1,\"name\":\"Home\",\"item\":\"https:\/\/all-car-news.com\/de\/\"},{\"@type\":\"ListItem\",\"position\":2,\"name\":\"Autofinder\",\"item\":\"https:\/\/all-car-news.com\/de\/autofinder\/\"},{\"@type\":\"ListItem\",\"position\":3,\"name\":\"Volkswagen\",\"item\":\"https:\/\/all-car-news.com\/de\/autofinder\/volkswagen\/\"},{\"@type\":\"ListItem\",\"position\":4,\"name\":\"Kia Pro_ceed\"}]},{\"@type\":\"WebSite\",\"@id\":\"https:\/\/all-car-news.com\/de\/#website\",\"url\":\"https:\/\/all-car-news.com\/de\/\",\"name\":\"All cars news\",\"description\":\"\",\"publisher\":{\"@id\":\"https:\/\/all-car-news.com\/de\/#organization\"},\"potentialAction\":[{\"@type\":\"SearchAction\",\"target\":{\"@type\":\"EntryPoint\",\"urlTemplate\":\"https:\/\/all-car-news.com\/de\/?s={search_term_string}\"},\"query-input\":\"required name=search_term_string\"}],\"inLanguage\":\"de\"},{\"@type\":\"Organization\",\"@id\":\"https:\/\/all-car-news.com\/de\/#organization\",\"name\":\"All cars news\",\"url\":\"https:\/\/all-car-news.com\/de\/\",\"logo\":{\"@type\":\"ImageObject\",\"inLanguage\":\"de\",\"@id\":\"https:\/\/all-car-news.com\/de\/#\/schema\/logo\/image\/\",\"url\":\"https:\/\/all-car-news.com\/wp-content\/uploads\/2022\/02\/CMYK-AllCarNews_LANDSCAPE_300px-1.png\",\"contentUrl\":\"https:\/\/all-car-news.com\/wp-content\/uploads\/2022\/02\/CMYK-AllCarNews_LANDSCAPE_300px-1.png\",\"width\":300,\"height\":100,\"caption\":\"All cars news\"},\"image\":{\"@id\":\"https:\/\/all-car-news.com\/de\/#\/schema\/logo\/image\/\"}}]}<\/script>\n<!-- \/ Yoast SEO plugin. -->","yoast_head_json":{"title":"Kia Pro_ceed - All cars news","robots":{"index":"index","follow":"follow","max-snippet":"max-snippet:-1","max-image-preview":"max-image-preview:large","max-video-preview":"max-video-preview:-1"},"canonical":"https:\/\/all-car-news.com\/de\/autofinder\/volkswagen\/kia-pro_ceed\/","og_locale":"de_DE","og_type":"article","og_title":"Kia Pro_ceed - All cars news","og_description":"2006 erschien Kias Nachfolger f\u00fcr den Cerato. Es war das erste voll entwickelte Auto der Marke in Europa und das [&hellip;]","og_url":"https:\/\/all-car-news.com\/de\/autofinder\/volkswagen\/kia-pro_ceed\/","og_site_name":"All cars news","article_modified_time":"2022-03-09T09:07:13+00:00","og_image":[{"width":1600,"height":1165,"url":"https:\/\/all-car-news.com\/wp-content\/uploads\/2022\/03\/Kia-ProCeed-GT-2.jpg","type":"image\/jpeg"}],"twitter_card":"summary_large_image","twitter_misc":{"Gesch\u00e4tzte Lesezeit":"2\u00a0Minuten"},"schema":{"@context":"https:\/\/schema.org","@graph":[{"@type":"WebPage","@id":"https:\/\/all-car-news.com\/de\/autofinder\/volkswagen\/kia-pro_ceed\/","url":"https:\/\/all-car-news.com\/de\/autofinder\/volkswagen\/kia-pro_ceed\/","name":"Kia Pro_ceed - All cars news","isPartOf":{"@id":"https:\/\/all-car-news.com\/de\/#website"},"datePublished":"2022-03-09T09:07:02+00:00","dateModified":"2022-03-09T09:07:13+00:00","breadcrumb":{"@id":"https:\/\/all-car-news.com\/de\/autofinder\/volkswagen\/kia-pro_ceed\/#breadcrumb"},"inLanguage":"de","potentialAction":[{"@type":"ReadAction","target":["https:\/\/all-car-news.com\/de\/autofinder\/volkswagen\/kia-pro_ceed\/"]}]},{"@type":"BreadcrumbList","@id":"https:\/\/all-car-news.com\/de\/autofinder\/volkswagen\/kia-pro_ceed\/#breadcrumb","itemListElement":[{"@type":"ListItem","position":1,"name":"Home","item":"https:\/\/all-car-news.com\/de\/"},{"@type":"ListItem","position":2,"name":"Autofinder","item":"https:\/\/all-car-news.com\/de\/autofinder\/"},{"@type":"ListItem","position":3,"name":"Volkswagen","item":"https:\/\/all-car-news.com\/de\/autofinder\/volkswagen\/"},{"@type":"ListItem","position":4,"name":"Kia Pro_ceed"}]},{"@type":"WebSite","@id":"https:\/\/all-car-news.com\/de\/#website","url":"https:\/\/all-car-news.com\/de\/","name":"All cars news","description":"","publisher":{"@id":"https:\/\/all-car-news.com\/de\/#organization"},"potentialAction":[{"@type":"SearchAction","target":{"@type":"EntryPoint","urlTemplate":"https:\/\/all-car-news.com\/de\/?s={search_term_string}"},"query-input":"required name=search_term_string"}],"inLanguage":"de"},{"@type":"Organization","@id":"https:\/\/all-car-news.com\/de\/#organization","name":"All cars news","url":"https:\/\/all-car-news.com\/de\/","logo":{"@type":"ImageObject","inLanguage":"de","@id":"https:\/\/all-car-news.com\/de\/#\/schema\/logo\/image\/","url":"https:\/\/all-car-news.com\/wp-content\/uploads\/2022\/02\/CMYK-AllCarNews_LANDSCAPE_300px-1.png","contentUrl":"https:\/\/all-car-news.com\/wp-content\/uploads\/2022\/02\/CMYK-AllCarNews_LANDSCAPE_300px-1.png","width":300,"height":100,"caption":"All cars news"},"image":{"@id":"https:\/\/all-car-news.com\/de\/#\/schema\/logo\/image\/"}}]}},"_links":{"self":[{"href":"https:\/\/all-car-news.com\/de\/wp-json\/wp\/v2\/pages\/118239","targetHints":{"allow":["GET"]}}],"collection":[{"href":"https:\/\/all-car-news.com\/de\/wp-json\/wp\/v2\/pages"}],"about":[{"href":"https:\/\/all-car-news.com\/de\/wp-json\/wp\/v2\/types\/page"}],"author":[{"embeddable":true,"href":"https:\/\/all-car-news.com\/de\/wp-json\/wp\/v2\/users\/4"}],"replies":[{"embeddable":true,"href":"https:\/\/all-car-news.com\/de\/wp-json\/wp\/v2\/comments?post=118239"}],"version-history":[{"count":0,"href":"https:\/\/all-car-news.com\/de\/wp-json\/wp\/v2\/pages\/118239\/revisions"}],"up":[{"embeddable":true,"href":"https:\/\/all-car-news.com\/de\/wp-json\/wp\/v2\/pages\/117700"}],"wp:featuredmedia":[{"embeddable":true,"href":"https:\/\/all-car-news.com\/de\/wp-json\/wp\/v2\/media\/118151"}],"wp:attachment":[{"href":"https:\/\/all-car-news.com\/de\/wp-json\/wp\/v2\/media?parent=118239"}],"curies":[{"name":"wp","href":"https:\/\/api.w.org\/{rel}","templated":true}]}}