{"id":118217,"date":"2022-03-09T09:06:52","date_gmt":"2022-03-09T09:06:52","guid":{"rendered":"https:\/\/all-car-news.com\/autofinder\/volkswagen\/vw-sharan\/"},"modified":"2022-03-09T09:07:12","modified_gmt":"2022-03-09T09:07:12","slug":"vw-sharan","status":"publish","type":"page","link":"https:\/\/all-car-news.com\/de\/autofinder\/volkswagen\/vw-sharan\/","title":{"rendered":"VW Sharan"},"content":{"rendered":"\n<p>1995 ist der gro\u00dfe MPV immer noch sehr beliebt. Es ist ein hart umk\u00e4mpftes Segment mit Autos wie dem Renault Espace, Citro\u00ebn Evasion und Peugeot 806. Zeit f\u00fcr Volkswagen, darauf zu reagieren. Der Volkswagen Konzern tut dies in Zusammenarbeit mit Ford. Das Auto wurde als Ford Galaxy, Volkswagen Sharan und 1996 auch als SEAT Alhambra vermarktet. Anfangs waren Logos und K\u00fchlergrill so ziemlich der einzige Unterschied zwischen den drei Autos, aber ein zwischenzeitliches Facelift im Jahr 2000 brachte mehr Vielfalt. Der Name Sharan leitet sich von einem persischen Wort ab, das \u201eTr\u00e4ger der K\u00f6nige\u201c bedeutet.<\/p>\n\n<p>1995 ist der gro\u00dfe MPV immer noch sehr beliebt. Es ist ein hart umk\u00e4mpftes Segment mit Autos wie dem Renault Espace, Citro\u00ebn Evasion und Peugeot 806. Zeit f\u00fcr Volkswagen, darauf zu reagieren. Der Volkswagen Konzern tut dies in Zusammenarbeit mit Ford. Das Auto wurde als Ford Galaxy, Volkswagen Sharan und 1996 auch als SEAT Alhambra vermarktet. Anfangs waren Logos und K\u00fchlergrill so ziemlich der einzige Unterschied zwischen den drei Autos, aber ein zwischenzeitliches Facelift im Jahr 2000 brachte mehr Vielfalt. Der Name Sharan leitet sich von einem persischen Wort ab, das \u201eTr\u00e4ger der K\u00f6nige\u201c bedeutet.<\/p>\n\n<h2 class=\"wp-block-heading\"><strong>Steig auf<\/strong><br\/><\/h2>\n\n<p>Erst 2010 erschien die zweite und aktuelle Generation. In der Zwischenzeit hatte Ford einen eigenen neuen Galaxy, sodass die MPV-Drillinge jetzt Zwillinge waren. Der neue Sharan\/Alhambra war nicht nur gr\u00f6\u00dfer als das erste Modell, sondern auch deutlich luxuri\u00f6ser. Neu waren hintere Schiebet\u00fcren, bei denen die erste Generation noch konventionelle T\u00fcren hatte.<\/p>\n\n<h2 class=\"wp-block-heading\"><strong>Ende (nicht) in Sicht<\/strong><br\/><\/h2>\n\n<p>Nach einem dezenten Interims-Facelift steht dieser etwas in die Jahre gekommene Alhambra immer noch in den Ausstellungsr\u00e4umen, obwohl das Modell 2019 vom niederl\u00e4ndischen Markt verschwunden ist. Der Automarkt sieht jetzt ganz anders aus und es gibt relativ wenig Nachfrage nach so gro\u00dfen MPVs. \u00dcber einen m\u00f6glichen Produktionsstopp des Modells ist noch kein Wort verloren worden. Sollte es dazu kommen, ist ein Nachfolger nicht naheliegend. Auch f\u00fcr diejenigen, die mit vielen Menschen ausgehen m\u00fcssen, bietet Volkswagen mittlerweile gen\u00fcgend Alternativen.<\/p>\n\n<h2 class=\"wp-block-heading\">Technisch<\/h2>\n\n<figure class=\"wp-block-table is-style-stripes\"><table class=\"has-fixed-layout\"><tbody><tr><td>Motortyp<\/td><td>Benzin, 4-Zylinder-Reihe<\/td><\/tr><tr><td>Verschiebung<\/td><td>1.395 cm\u00b3<\/td><\/tr><tr><td>max. Verm\u00f6genswerte<\/td><td>110 kW (150 PS)<\/td><\/tr><tr><td>Biene<\/td><td>5.000 U\/min<\/td><\/tr><tr><td>max. Paar<\/td><td>250Nm<\/td><\/tr><tr><td>Biene<\/td><td>1.500 U\/min<\/td><\/tr><tr><td>Fahrt<\/td><td>Vorderreifen<\/td><\/tr><tr><td>Bremsen von\/a<\/td><td>gegeben Datentr\u00e4ger\/Scheiben<\/td><\/tr><tr><td>Wendekreis<\/td><td>11,9 m<\/td><\/tr><tr><td>Leistungsbereich<\/td><td>nur 110 kW<\/td><\/tr><\/tbody><\/table><\/figure>\n\n<h2 class=\"wp-block-heading\">Allgemein<\/h2>\n\n<figure class=\"wp-block-table is-style-stripes\"><table><tbody><tr><td>\u00dcbertragung<\/td><td>6MT (Option 6AT)<\/td><\/tr><tr><td>K\u00f6rpertyp<\/td><td>5-tlg. MPV<\/td><\/tr><tr><td>Euro NCAP<\/td><td>5 Sterne<\/td><\/tr><tr><td>Markteinf\u00fchrung<\/td><td>Juni 2010<\/td><\/tr><tr><td>Neustes Facelift<\/td><td>Juni 2015<\/td><\/tr><tr><td>Garantie<\/td><td>zwei Jahre<\/td><\/tr><tr><td>Vom Preis<\/td><td>49.730 \u20ac<\/td><\/tr><tr><td>Besonderheiten<\/td><td>Der Volkswagen Sharan bietet Platz f\u00fcr sieben Personen und hat Schiebet\u00fcren.<\/td><\/tr><\/tbody><\/table><\/figure>\n\n<h2 class=\"wp-block-heading\">Ma\u00dfe\/Gewichte<\/h2>\n\n<figure class=\"wp-block-table is-style-stripes\"><table class=\"has-fixed-layout\"><tbody><tr><td>Reifengr\u00f6\u00dfe<\/td><td>205\/60 R16<\/td><\/tr><tr><td>L x B x H<\/td><td>4.854 x 1.904 x 1.720 mm<\/td><\/tr><tr><td>Radstand<\/td><td>2.919 mm<\/td><\/tr><tr><td>Masse leer<\/td><td>1.655 kg<\/td><\/tr><tr><td>max. gem. Gew.<\/td><td>1.800 kg<\/td><\/tr><tr><td>Forts. Tasche. Zimmer.<\/td><td>809 l<\/td><\/tr><tr><td>Tankinhalt<\/td><td>70 l<\/td><\/tr><\/tbody><\/table><\/figure>\n\n<h2 class=\"wp-block-heading\">Verbrauch<\/h2>\n\n<figure class=\"wp-block-table is-style-stripes\"><table class=\"has-fixed-layout\"><tbody><tr><td>Anschluss kombiniert<\/td><td>6,5l\/100km<\/td><\/tr><tr><td>CO\u2082-Emissionen<\/td><td>150g\/km<\/td><\/tr><tr><td>Energielabel<\/td><td>C<\/td><\/tr><\/tbody><\/table><\/figure>\n\n<h2 class=\"wp-block-heading\">Leistung<\/h2>\n\n<figure class=\"wp-block-table is-style-stripes\"><table class=\"has-fixed-layout\"><tbody><tr><td>gem. 0-100 km\/h<\/td><td>9,9 Sek<\/td><\/tr><tr><td>H\u00f6chstgeschwindigkeit<\/td><td>200 km\/h<\/td><\/tr><\/tbody><\/table><\/figure>\n","protected":false},"excerpt":{"rendered":"<p>1995 ist der gro\u00dfe MPV immer noch sehr beliebt. Es ist ein hart umk\u00e4mpftes Segment mit Autos wie dem Renault [&hellip;]<\/p>\n","protected":false},"author":4,"featured_media":118086,"parent":117700,"menu_order":0,"comment_status":"closed","ping_status":"closed","template":"","meta":{"footnotes":""},"class_list":["post-118217","page","type-page","status-publish","has-post-thumbnail","hentry"],"acf":[],"yoast_head":"<!-- This site is optimized with the Yoast SEO plugin v21.2 - https:\/\/yoast.com\/wordpress\/plugins\/seo\/ -->\n<title>VW Sharan - All cars news<\/title>\n<meta name=\"robots\" content=\"index, follow, max-snippet:-1, max-image-preview:large, max-video-preview:-1\" \/>\n<link rel=\"canonical\" href=\"https:\/\/all-car-news.com\/de\/autofinder\/volkswagen\/vw-sharan\/\" \/>\n<meta property=\"og:locale\" content=\"de_DE\" \/>\n<meta property=\"og:type\" content=\"article\" \/>\n<meta property=\"og:title\" content=\"VW Sharan - All cars news\" \/>\n<meta property=\"og:description\" content=\"1995 ist der gro\u00dfe MPV immer noch sehr beliebt. Es ist ein hart umk\u00e4mpftes Segment mit Autos wie dem Renault [&hellip;]\" \/>\n<meta property=\"og:url\" content=\"https:\/\/all-car-news.com\/de\/autofinder\/volkswagen\/vw-sharan\/\" \/>\n<meta property=\"og:site_name\" content=\"All cars news\" \/>\n<meta property=\"article:modified_time\" content=\"2022-03-09T09:07:12+00:00\" \/>\n<meta property=\"og:image\" content=\"https:\/\/all-car-news.com\/wp-content\/uploads\/2022\/03\/Volkswagen-Sharan.jpg\" \/>\n\t<meta property=\"og:image:width\" content=\"1279\" \/>\n\t<meta property=\"og:image:height\" content=\"925\" \/>\n\t<meta property=\"og:image:type\" content=\"image\/jpeg\" \/>\n<meta name=\"twitter:card\" content=\"summary_large_image\" \/>\n<meta name=\"twitter:label1\" content=\"Gesch\u00e4tzte Lesezeit\" \/>\n\t<meta name=\"twitter:data1\" content=\"2\u00a0Minuten\" \/>\n<script type=\"application\/ld+json\" class=\"yoast-schema-graph\">{\"@context\":\"https:\/\/schema.org\",\"@graph\":[{\"@type\":\"WebPage\",\"@id\":\"https:\/\/all-car-news.com\/de\/autofinder\/volkswagen\/vw-sharan\/\",\"url\":\"https:\/\/all-car-news.com\/de\/autofinder\/volkswagen\/vw-sharan\/\",\"name\":\"VW Sharan - All cars news\",\"isPartOf\":{\"@id\":\"https:\/\/all-car-news.com\/de\/#website\"},\"datePublished\":\"2022-03-09T09:06:52+00:00\",\"dateModified\":\"2022-03-09T09:07:12+00:00\",\"breadcrumb\":{\"@id\":\"https:\/\/all-car-news.com\/de\/autofinder\/volkswagen\/vw-sharan\/#breadcrumb\"},\"inLanguage\":\"de\",\"potentialAction\":[{\"@type\":\"ReadAction\",\"target\":[\"https:\/\/all-car-news.com\/de\/autofinder\/volkswagen\/vw-sharan\/\"]}]},{\"@type\":\"BreadcrumbList\",\"@id\":\"https:\/\/all-car-news.com\/de\/autofinder\/volkswagen\/vw-sharan\/#breadcrumb\",\"itemListElement\":[{\"@type\":\"ListItem\",\"position\":1,\"name\":\"Home\",\"item\":\"https:\/\/all-car-news.com\/de\/\"},{\"@type\":\"ListItem\",\"position\":2,\"name\":\"Autofinder\",\"item\":\"https:\/\/all-car-news.com\/de\/autofinder\/\"},{\"@type\":\"ListItem\",\"position\":3,\"name\":\"Volkswagen\",\"item\":\"https:\/\/all-car-news.com\/de\/autofinder\/volkswagen\/\"},{\"@type\":\"ListItem\",\"position\":4,\"name\":\"VW Sharan\"}]},{\"@type\":\"WebSite\",\"@id\":\"https:\/\/all-car-news.com\/de\/#website\",\"url\":\"https:\/\/all-car-news.com\/de\/\",\"name\":\"All cars news\",\"description\":\"\",\"publisher\":{\"@id\":\"https:\/\/all-car-news.com\/de\/#organization\"},\"potentialAction\":[{\"@type\":\"SearchAction\",\"target\":{\"@type\":\"EntryPoint\",\"urlTemplate\":\"https:\/\/all-car-news.com\/de\/?s={search_term_string}\"},\"query-input\":\"required name=search_term_string\"}],\"inLanguage\":\"de\"},{\"@type\":\"Organization\",\"@id\":\"https:\/\/all-car-news.com\/de\/#organization\",\"name\":\"All cars news\",\"url\":\"https:\/\/all-car-news.com\/de\/\",\"logo\":{\"@type\":\"ImageObject\",\"inLanguage\":\"de\",\"@id\":\"https:\/\/all-car-news.com\/de\/#\/schema\/logo\/image\/\",\"url\":\"https:\/\/all-car-news.com\/wp-content\/uploads\/2022\/02\/CMYK-AllCarNews_LANDSCAPE_300px-1.png\",\"contentUrl\":\"https:\/\/all-car-news.com\/wp-content\/uploads\/2022\/02\/CMYK-AllCarNews_LANDSCAPE_300px-1.png\",\"width\":300,\"height\":100,\"caption\":\"All cars news\"},\"image\":{\"@id\":\"https:\/\/all-car-news.com\/de\/#\/schema\/logo\/image\/\"}}]}<\/script>\n<!-- \/ Yoast SEO plugin. -->","yoast_head_json":{"title":"VW Sharan - All cars news","robots":{"index":"index","follow":"follow","max-snippet":"max-snippet:-1","max-image-preview":"max-image-preview:large","max-video-preview":"max-video-preview:-1"},"canonical":"https:\/\/all-car-news.com\/de\/autofinder\/volkswagen\/vw-sharan\/","og_locale":"de_DE","og_type":"article","og_title":"VW Sharan - All cars news","og_description":"1995 ist der gro\u00dfe MPV immer noch sehr beliebt. Es ist ein hart umk\u00e4mpftes Segment mit Autos wie dem Renault [&hellip;]","og_url":"https:\/\/all-car-news.com\/de\/autofinder\/volkswagen\/vw-sharan\/","og_site_name":"All cars news","article_modified_time":"2022-03-09T09:07:12+00:00","og_image":[{"width":1279,"height":925,"url":"https:\/\/all-car-news.com\/wp-content\/uploads\/2022\/03\/Volkswagen-Sharan.jpg","type":"image\/jpeg"}],"twitter_card":"summary_large_image","twitter_misc":{"Gesch\u00e4tzte Lesezeit":"2\u00a0Minuten"},"schema":{"@context":"https:\/\/schema.org","@graph":[{"@type":"WebPage","@id":"https:\/\/all-car-news.com\/de\/autofinder\/volkswagen\/vw-sharan\/","url":"https:\/\/all-car-news.com\/de\/autofinder\/volkswagen\/vw-sharan\/","name":"VW Sharan - All cars news","isPartOf":{"@id":"https:\/\/all-car-news.com\/de\/#website"},"datePublished":"2022-03-09T09:06:52+00:00","dateModified":"2022-03-09T09:07:12+00:00","breadcrumb":{"@id":"https:\/\/all-car-news.com\/de\/autofinder\/volkswagen\/vw-sharan\/#breadcrumb"},"inLanguage":"de","potentialAction":[{"@type":"ReadAction","target":["https:\/\/all-car-news.com\/de\/autofinder\/volkswagen\/vw-sharan\/"]}]},{"@type":"BreadcrumbList","@id":"https:\/\/all-car-news.com\/de\/autofinder\/volkswagen\/vw-sharan\/#breadcrumb","itemListElement":[{"@type":"ListItem","position":1,"name":"Home","item":"https:\/\/all-car-news.com\/de\/"},{"@type":"ListItem","position":2,"name":"Autofinder","item":"https:\/\/all-car-news.com\/de\/autofinder\/"},{"@type":"ListItem","position":3,"name":"Volkswagen","item":"https:\/\/all-car-news.com\/de\/autofinder\/volkswagen\/"},{"@type":"ListItem","position":4,"name":"VW Sharan"}]},{"@type":"WebSite","@id":"https:\/\/all-car-news.com\/de\/#website","url":"https:\/\/all-car-news.com\/de\/","name":"All cars news","description":"","publisher":{"@id":"https:\/\/all-car-news.com\/de\/#organization"},"potentialAction":[{"@type":"SearchAction","target":{"@type":"EntryPoint","urlTemplate":"https:\/\/all-car-news.com\/de\/?s={search_term_string}"},"query-input":"required name=search_term_string"}],"inLanguage":"de"},{"@type":"Organization","@id":"https:\/\/all-car-news.com\/de\/#organization","name":"All cars news","url":"https:\/\/all-car-news.com\/de\/","logo":{"@type":"ImageObject","inLanguage":"de","@id":"https:\/\/all-car-news.com\/de\/#\/schema\/logo\/image\/","url":"https:\/\/all-car-news.com\/wp-content\/uploads\/2022\/02\/CMYK-AllCarNews_LANDSCAPE_300px-1.png","contentUrl":"https:\/\/all-car-news.com\/wp-content\/uploads\/2022\/02\/CMYK-AllCarNews_LANDSCAPE_300px-1.png","width":300,"height":100,"caption":"All cars news"},"image":{"@id":"https:\/\/all-car-news.com\/de\/#\/schema\/logo\/image\/"}}]}},"_links":{"self":[{"href":"https:\/\/all-car-news.com\/de\/wp-json\/wp\/v2\/pages\/118217","targetHints":{"allow":["GET"]}}],"collection":[{"href":"https:\/\/all-car-news.com\/de\/wp-json\/wp\/v2\/pages"}],"about":[{"href":"https:\/\/all-car-news.com\/de\/wp-json\/wp\/v2\/types\/page"}],"author":[{"embeddable":true,"href":"https:\/\/all-car-news.com\/de\/wp-json\/wp\/v2\/users\/4"}],"replies":[{"embeddable":true,"href":"https:\/\/all-car-news.com\/de\/wp-json\/wp\/v2\/comments?post=118217"}],"version-history":[{"count":0,"href":"https:\/\/all-car-news.com\/de\/wp-json\/wp\/v2\/pages\/118217\/revisions"}],"up":[{"embeddable":true,"href":"https:\/\/all-car-news.com\/de\/wp-json\/wp\/v2\/pages\/117700"}],"wp:featuredmedia":[{"embeddable":true,"href":"https:\/\/all-car-news.com\/de\/wp-json\/wp\/v2\/media\/118086"}],"wp:attachment":[{"href":"https:\/\/all-car-news.com\/de\/wp-json\/wp\/v2\/media?parent=118217"}],"curies":[{"name":"wp","href":"https:\/\/api.w.org\/{rel}","templated":true}]}}